{"id":7495,"date":"2024-10-10T08:50:30","date_gmt":"2024-10-10T08:50:30","guid":{"rendered":"https:\/\/bedfont.theprogressteam.com\/gemenskap\/"},"modified":"2024-11-18T09:35:49","modified_gmt":"2024-11-18T09:35:49","slug":"gemenskap","status":"publish","type":"page","link":"https:\/\/www.bedfont.com\/sv\/gemenskap\/","title":{"rendered":"Gemenskap"},"content":{"rendered":"<section class=\"subtle-bg careers-hero\" id=\"module-6726-hero-0\">\n\t<img decoding=\"async\" src=\"https:\/\/www.bedfont.com\/wp-content\/themes\/bedfont\/assets\/img\/subtle-bg.jpg\" class=\"subtle-bg\" alt=\"Image of subtle website background\"\/>\n\t<div class=\"container\">\n\t\t<div class=\"row\">\n\t\t\t<div class=\"col-12 col-md-6 pe-5 my-auto\">\n\t\t\t\t<h1 class=\"text-left mt-lg-0\">Gemenskap<\/h1>\n\t\t\t\t<p><\/p><p>P\u00e5 Bedfont <sup>\u00ae<\/sup> \u00e4r vi engagerade i att st\u00f6dja och g\u00f6ra en meningsfull inverkan i v\u00e5rt lokala samh\u00e4lle genom olika initiativ som fr\u00e4mjar v\u00e4lbefinnande, tillv\u00e4xt och anslutning.<\/p>\n<p>Oavsett om det g\u00e4ller att sponsra idrottslag, st\u00f6dja viktiga h\u00e4lso- och sjukv\u00e5rdstj\u00e4nster eller delta i insamlingsevenemang, \u00e4r v\u00e5rt m\u00e5l att g\u00f6ra en positiv skillnad i livet f\u00f6r dem omkring oss. V\u00e5rt engagemang g\u00e5r ut\u00f6ver ekonomiskt st\u00f6d, eftersom vi aktivt engagerar oss i m\u00e5nga av dessa initiativ och arbetar tillsammans med v\u00e5rt samh\u00e4lle f\u00f6r att skapa en best\u00e5ende effekt. <\/p>\n\n\t\t\t\t\n\t\t\t<\/div>\n\t\t\t<div class=\"col-12 col-md-6 mt-5 mt-lg-0\"><img width=\"1500\" height=\"950\" src=\"https:\/\/www.bedfont.com\/wp-content\/uploads\/2024\/10\/bedfont-office-logo.png\" class=\"img-fluid br-30\" alt=\"\" decoding=\"async\" loading=\"lazy\" srcset=\"https:\/\/www.bedfont.com\/wp-content\/uploads\/2024\/10\/bedfont-office-logo.png 1500w, https:\/\/www.bedfont.com\/wp-content\/uploads\/2024\/10\/bedfont-office-logo-300x190.png 300w, https:\/\/www.bedfont.com\/wp-content\/uploads\/2024\/10\/bedfont-office-logo-1024x649.png 1024w, https:\/\/www.bedfont.com\/wp-content\/uploads\/2024\/10\/bedfont-office-logo-768x486.png 768w\" sizes=\"auto, (max-width: 1500px) 100vw, 1500px\"\/><\/div>\n\t\t<\/div>\n\t<\/div>\n<\/section><section class=\"text-section text-center pb-0\" id=\"module-6726-text-1\">\n\t<div class=\"container\">\n\t<h2 class=\"text-center\">V\u00e5ra <span class=\"blue-text\">sponsringar<\/span><\/h2>\n\t\t\t\t\n\t<\/div>\n<\/section><section class=\"two-column-image-text style-1 community-section\" id=\"module-6726-two_column_image_text-2\">\n\t<div class=\"container\">\n\t\t<div class=\"row flex-row-reverse\">\n\t\t\t<div class=\"col-12 col-lg-6 ps-md-5 who-we-are-home my-auto text-col\">\n\t<div class=\"inner\">\n\n\t\t\t\t<h2 class=\"text-left\">Medway United <span class=\"blue-text\">under 11 \u00e5rs fotbollslag f\u00f6r flickor<\/span><\/h2>\n\t\t\t\t<p>Vi \u00e4r oerh\u00f6rt stolta \u00f6ver att sponsra Medway Uniteds fotbollslag f\u00f6r flickor under 11 \u00e5r. Tjejerna hade en fantastisk sommar 2024 vid 3 separata turneringar, slutade tv\u00e5a p\u00e5 Queen of the Town och vann Anchorians Cup och Medway Sheild. Deras h\u00e5rda arbete, beslutsamhet och k\u00e4rlek till spelet lyste igenom, vilket gjorde det till en riktigt framg\u00e5ngsrik sommar f\u00f6r laget.  <\/p>\n<p>V\u00e5r egen VD, Jason Smith, \u00e4r en av tre dedikerade tr\u00e4nare, som f\u00f6rst\u00e4rker v\u00e5rt engagemang genom sponsring och genom att aktivt hj\u00e4lpa laget att v\u00e4xa och lyckas. Vi kommer att forts\u00e4tta att st\u00f6dja laget n\u00e4r de uppn\u00e5r fantastiska saker p\u00e5 och utanf\u00f6r planen. <\/p>\n\n                <div class='button-box button-pink'><a class='btn ' href='https:\/\/medwayunitedfc.co.uk\/teams\/under-11-girls-west' target=\"_blank\">Club Website<i class='fa fa-arrow-right ms-1' aria-hidden='true'><\/i><\/a><\/div>\n\t\t\t<\/div>\n\t\t\t<\/div>\n\t\t\t<div class=\"col-12 col-lg-6\">\n\t\t\t<div class=\"image-box\">\n\t\t\t\t<img width=\"640\" height=\"480\" src=\"https:\/\/www.bedfont.com\/wp-content\/uploads\/2024\/10\/medway-utd-1024x768.png\" class=\"attachment-large size-large\" alt=\"\" decoding=\"async\" loading=\"lazy\" srcset=\"https:\/\/www.bedfont.com\/wp-content\/uploads\/2024\/10\/medway-utd-1024x768.png 1024w, https:\/\/www.bedfont.com\/wp-content\/uploads\/2024\/10\/medway-utd-300x225.png 300w, https:\/\/www.bedfont.com\/wp-content\/uploads\/2024\/10\/medway-utd-768x576.png 768w, https:\/\/www.bedfont.com\/wp-content\/uploads\/2024\/10\/medway-utd.png 1200w\" sizes=\"auto, (max-width: 640px) 100vw, 640px\"\/>\n\t\t\t<\/div>\n\t\t\t<\/div>\n\t\t<\/div>\n\t<\/div>\n<\/section><section class=\"two-column-image-text style-1 community-section\" id=\"module-6726-two_column_image_text-3\">\n\t<div class=\"container\">\n\t\t<div class=\"row \">\n\t\t\t<div class=\"col-12 col-lg-6 ps-md-5 who-we-are-home my-auto text-col\">\n\t<div class=\"inner\">\n\n\t\t\t\t<h2 class=\"text-left\">Stolta sponsorer av <span class=\"blue-text\">Heart of Kent Hospice<\/span><\/h2>\n\t\t\t\t<p>Heart of Kent Hospice \u00e4r en fantastisk v\u00e4lg\u00f6renhetsorganisation som ger livsn\u00f6dv\u00e4ndig v\u00e5rd f\u00f6r dem i slutet av sitt liv, s\u00e5v\u00e4l som deras familjer, och erbjuder st\u00f6d, v\u00e4rdighet och tr\u00f6st under n\u00e5gra av livets mest utmanande \u00f6gonblick.<\/p>\n<p>Under hela \u00e5ret anordnar Heart of Kent Hospice en m\u00e4ngd olika evenemang f\u00f6r att samla in viktiga medel, Bedfont\u00ae \u00e4r hedrad att b\u00e5de sponsra och delta i dessa evenemang. Tidigare i \u00e5r var vi stolta \u00f6ver att hj\u00e4lpa till att samla in \u00f6ver \u00a328 000 genom deras \u00e5rliga Bluebell Walk, v\u00e5rt team deltog och hj\u00e4lpte till att samla in extra pengar genom en utlottning. I somras sponsrade vi dessutom en Shaun the Sheep-skulptur i deras pulserande konststig, ett evenemang som f\u00f6rde samman samh\u00e4llet samtidigt som vi hyllade kreativitet och generositet.  <\/p>\n<p>Vid hospicets auktionskv\u00e4ll nyligen, d\u00e4r 60 Shaun the Sheep-skulpturer lades ut p\u00e5 auktion, budade Bedfont\u00ae framg\u00e5ngsrikt och vann en av de unika skulpturerna. Alla 60 f\u00e5ren s\u00e5ldes och auktionen inbringade anm\u00e4rkningsv\u00e4rda \u00a3267 250 totalt till v\u00e4lg\u00f6renhetsorganisationen. <\/p>\n<p>Att st\u00f6dja hospicet \u00e4r en sak som vi verkligen brinner f\u00f6r, och vi ser fram emot att forts\u00e4tta st\u00f6dja dem och se till att de kan forts\u00e4tta erbjuda sina ov\u00e4rderliga tj\u00e4nster. Se till att du f\u00f6ljer oss p\u00e5 sociala medier f\u00f6r att h\u00e5lla dig uppdaterad med alla Heart of Kent Hospice-insamlingar. <\/p>\n\n                <div class='button-box button-pink'><a class='btn ' href='https:\/\/www.hokh.org\/' target=\"_blank\">View Website<i class='fa fa-arrow-right ms-1' aria-hidden='true'><\/i><\/a><\/div>\n\t\t\t<\/div>\n\t\t\t<\/div>\n\t\t\t<div class=\"col-12 col-lg-6\">\n\t\t\t<div class=\"image-box\">\n\t\t\t\t<img width=\"640\" height=\"480\" src=\"https:\/\/www.bedfont.com\/wp-content\/uploads\/2024\/10\/hokh-sponsor.jpg\" class=\"attachment-large size-large\" alt=\"\" decoding=\"async\" loading=\"lazy\" srcset=\"https:\/\/www.bedfont.com\/wp-content\/uploads\/2024\/10\/hokh-sponsor.jpg 1024w, https:\/\/www.bedfont.com\/wp-content\/uploads\/2024\/10\/hokh-sponsor-300x225.jpg 300w, https:\/\/www.bedfont.com\/wp-content\/uploads\/2024\/10\/hokh-sponsor-768x576.jpg 768w\" sizes=\"auto, (max-width: 640px) 100vw, 640px\"\/>\n\t\t\t<\/div>\n\t\t\t<\/div>\n\t\t<\/div>\n\t<\/div>\n<\/section><section class=\"two-column-image-text style-1 community-section\" id=\"module-6726-two_column_image_text-4\">\n\t<div class=\"container\">\n\t\t<div class=\"row flex-row-reverse\">\n\t\t\t<div class=\"col-12 col-lg-6 ps-md-5 who-we-are-home my-auto text-col\">\n\t<div class=\"inner\">\n\n\t\t\t\t<h2 class=\"text-left\">St\u00f6dja <span class=\"blue-text\">Medway Asthma Self-Help (MASH)<\/span><\/h2>\n\t\t\t\t<p>V\u00e5r vision \u00e4r en v\u00e4rld d\u00e4r alla har tillg\u00e5ng till omedelbara, icke-invasiva, enkla andningstest f\u00f6r att hj\u00e4lpa till med medicinsk diagnos. Det \u00e4r d\u00e4rf\u00f6r vi stolt st\u00f6djer MASH, en v\u00e4lg\u00f6renhetsorganisation som har hj\u00e4lpt m\u00e4nniskorna i Medway sedan 1996 med information och st\u00f6d till personer med astma. <\/p>\n<p>Vi tillhandah\u00e5ller och underh\u00e5ller deras NObreath <sup>\u00ae<\/sup> Fractional Exhaled Nitric Oxide (FeNO) enhet som anv\u00e4nds i centret. NObreath <sup>\u00ae<\/sup> spelar en avg\u00f6rande roll f\u00f6r att hj\u00e4lpa till vid diagnos och hantering av astma, genom att m\u00e4ta luftv\u00e4gsinflammation, vilket \u00e4r avg\u00f6rande f\u00f6r effektiv behandling och kontroll. <\/p>\n<p>V\u00e5rt bidrag s\u00e4kerst\u00e4ller att MASH kan erbjuda denna v\u00e4rdefulla tj\u00e4nst till samh\u00e4llet, vilket ger individer m\u00f6jlighet att ta hand om sin andningsh\u00e4lsa.<\/p>\n<p>I samarbete med v\u00e5r Medical Advisory Board-medlem, Carol Stonham, har MASH nyligen hj\u00e4lpt oss att h\u00e5lla ett privat webbseminarium online, som erbjuder v\u00e4rdefull v\u00e4gledning om astmahantering hos barn f\u00f6r Medway Uniteds flickfotbollslag.<\/p>\n\n                <div class='button-box button-pink'><a class='btn ' href='https:\/\/www.medwayasthmaselfhelp.co.uk\/' target=\"_blank\">View Website<i class='fa fa-arrow-right ms-1' aria-hidden='true'><\/i><\/a><\/div>\n\t\t\t<\/div>\n\t\t\t<\/div>\n\t\t\t<div class=\"col-12 col-lg-6\">\n\t\t\t<div class=\"image-box\">\n\t\t\t\t<img width=\"640\" height=\"480\" src=\"https:\/\/www.bedfont.com\/wp-content\/uploads\/2024\/10\/mash-sponsor-1024x768.jpg\" class=\"attachment-large size-large\" alt=\"\" decoding=\"async\" loading=\"lazy\" srcset=\"https:\/\/www.bedfont.com\/wp-content\/uploads\/2024\/10\/mash-sponsor-1024x768.jpg 1024w, https:\/\/www.bedfont.com\/wp-content\/uploads\/2024\/10\/mash-sponsor-300x225.jpg 300w, https:\/\/www.bedfont.com\/wp-content\/uploads\/2024\/10\/mash-sponsor-768x576.jpg 768w, https:\/\/www.bedfont.com\/wp-content\/uploads\/2024\/10\/mash-sponsor.jpg 1200w\" sizes=\"auto, (max-width: 640px) 100vw, 640px\"\/>\n\t\t\t<\/div>\n\t\t\t<\/div>\n\t\t<\/div>\n\t<\/div>\n<\/section><section class=\"two-column-image-text style-1 community-section\" id=\"module-6726-two_column_image_text-5\">\n\t<div class=\"container\">\n\t\t<div class=\"row \">\n\t\t\t<div class=\"col-12 col-lg-6 ps-md-5 who-we-are-home my-auto text-col\">\n\t<div class=\"inner\">\n\n\t\t\t\t<h2 class=\"text-left\">Rymindr Rewards App: <span class=\"blue-text\">St\u00f6djer skolor \u00f6ver hela Storbritannien<\/span><\/h2>\n\t\t\t\t<p>Vi tror p\u00e5 att skapa en positiv och givande arbetsmilj\u00f6 f\u00f6r v\u00e5ra anst\u00e4llda h\u00e4r p\u00e5 Bedfont <sup>\u00ae<\/sup> , d\u00e4rf\u00f6r erbjuder vi tillg\u00e5ng till Rymindr-appen f\u00f6r anst\u00e4lldas bel\u00f6ningar. Appen ger v\u00e5r personal \u00f6ver 16 000 erbjudanden och rabatter, allt fr\u00e5n vardagsbesparingar till specialerbjudanden. <\/p>\n<p>Rymindr st\u00f6djer skolor \u00f6ver hela Storbritannien och tillhandah\u00e5ller avg\u00f6rande hj\u00e4lp som gratis skolm\u00e5ltider, klassrumsmaterial och viktig utrustning, vilket g\u00f6r anv\u00e4ndningen av denna app \u00e4nnu mer meningsfull. V\u00e5r personal gynnas inte bara personligen utan bidrar ocks\u00e5 till en sak som hj\u00e4lper till att se till att barn f\u00e5r det st\u00f6d de beh\u00f6ver i skolan. Detta \u00e4r i linje med v\u00e5ra v\u00e4rderingar att ge tillbaka till samh\u00e4llet.  <\/p>\n\n                <div class='button-box button-pink'><a class='btn ' href='https:\/\/rymindr.com\/' target=\"_blank\">View Website<i class='fa fa-arrow-right ms-1' aria-hidden='true'><\/i><\/a><\/div>\n\t\t\t<\/div>\n\t\t\t<\/div>\n\t\t\t<div class=\"col-12 col-lg-6\">\n\t\t\t<div class=\"image-box\">\n\t\t\t\t<img width=\"640\" height=\"480\" src=\"https:\/\/www.bedfont.com\/wp-content\/uploads\/2024\/10\/rymindr.jpg\" class=\"attachment-large size-large\" alt=\"\" decoding=\"async\" loading=\"lazy\" srcset=\"https:\/\/www.bedfont.com\/wp-content\/uploads\/2024\/10\/rymindr.jpg 900w, https:\/\/www.bedfont.com\/wp-content\/uploads\/2024\/10\/rymindr-300x225.jpg 300w, https:\/\/www.bedfont.com\/wp-content\/uploads\/2024\/10\/rymindr-768x576.jpg 768w\" sizes=\"auto, (max-width: 640px) 100vw, 640px\"\/>\n\t\t\t<\/div>\n\t\t\t<\/div>\n\t\t<\/div>\n\t<\/div>\n<\/section><section class=\"two-column-image-text style-1 community-section\" id=\"module-6726-two_column_image_text-6\">\n\t<div class=\"container\">\n\t\t<div class=\"row flex-row-reverse\">\n\t\t\t<div class=\"col-12 col-lg-6 ps-md-5 who-we-are-home my-auto text-col\">\n\t<div class=\"inner\">\n\n\t\t\t\t<h2 class=\"text-left\">Flower Box i <span class=\"blue-text\">Harrietsham<\/span><\/h2>\n\t\t\t\t<p>Sm\u00e5 insatser kan leda till stora f\u00f6rb\u00e4ttringar av v\u00e5rt samh\u00e4lles livskvalitet, vi sponsrar en blomsterl\u00e5da genom Harrietsham in Bloom som en del av v\u00e5rt engagemang f\u00f6r att f\u00f6rb\u00e4ttra den lokala milj\u00f6n. Medlen anv\u00e4nds f\u00f6r att underh\u00e5lla bloml\u00e5dan, f\u00f6r att s\u00e4kerst\u00e4lla att den f\u00f6rblir levande och v\u00e4lsk\u00f6tt. Detta hj\u00e4lper till att h\u00e5lla det lokala omr\u00e5det vackert och inbjudande.  <\/p>\n\n                \n\t\t\t<\/div>\n\t\t\t<\/div>\n\t\t\t<div class=\"col-12 col-lg-6\">\n\t\t\t<div class=\"image-box\">\n\t\t\t\t<img width=\"640\" height=\"480\" src=\"https:\/\/www.bedfont.com\/wp-content\/uploads\/2024\/10\/flower-box.jpg\" class=\"attachment-large size-large\" alt=\"\" decoding=\"async\" loading=\"lazy\" srcset=\"https:\/\/www.bedfont.com\/wp-content\/uploads\/2024\/10\/flower-box.jpg 800w, https:\/\/www.bedfont.com\/wp-content\/uploads\/2024\/10\/flower-box-300x225.jpg 300w, https:\/\/www.bedfont.com\/wp-content\/uploads\/2024\/10\/flower-box-768x576.jpg 768w\" sizes=\"auto, (max-width: 640px) 100vw, 640px\"\/>\n\t\t\t<\/div>\n\t\t\t<\/div>\n\t\t<\/div>\n\t<\/div>\n<\/section><section class=\"text-section text-center community-social\" id=\"module-6726-text-7\">\n\t<div class=\"container\">\n\t<h2 class=\"text-center\">F\u00f6lj v\u00e5ra <span class=\"blue-text\">sociala medier<\/span><\/h2>\n\t\t\t\t<p>F\u00f6lj oss p\u00e5 sociala medier f\u00f6r att se mer om v\u00e5rt engagemang f\u00f6r samh\u00e4llet.<br\/>\n<div class='socials d-inline-block mt-5'><a class='nav-social-icon' target='_blank' href='https:\/\/www.facebook.com\/Bedfontltd\/'><i class='fa fa-facebook-f' aria-hidden='true'><\/i><\/a><a class='nav-social-icon' target='_blank' href='https:\/\/twitter.com\/BedfontLtd'><i class='fa-brands fa-x-twitter' aria-hidden='true'><\/i><\/a><a class='nav-social-icon' target='_blank' href='https:\/\/www.instagram.com\/bedfontltd\/'><i class='fa fa-instagram' aria-hidden='true'><\/i><\/a><a class='nav-social-icon' target='_blank' href='https:\/\/www.linkedin.com\/company\/bedfont-scientific-ltd'><i class='fa fa-linkedin' aria-hidden='true'><\/i><\/a><a class='nav-social-icon' target='_blank' href='https:\/\/www.youtube.com\/user\/BedfontScientificLtd'><i class='fa fa-youtube' aria-hidden='true'><\/i><\/a><\/div><\/p>\n\n\t<\/div>\n<\/section>","protected":false},"excerpt":{"rendered":"<p>Gemenskap P\u00e5 Bedfont \u00ae \u00e4r vi engagerade i att st\u00f6dja och g\u00f6ra en meningsfull inverkan i v\u00e5rt lokala samh\u00e4lle genom olika initiativ som fr\u00e4mjar v\u00e4lbefinnande, tillv\u00e4xt och anslutning. Oavsett om det g\u00e4ller att sponsra idrottslag, st\u00f6dja viktiga h\u00e4lso- och sjukv\u00e5rdstj\u00e4nster eller delta i insamlingsevenemang, \u00e4r v\u00e5rt m\u00e5l att g\u00f6ra en positiv skillnad i livet f\u00f6r [&hellip;]<\/p>\n","protected":false},"author":6,"featured_media":0,"parent":0,"menu_order":0,"comment_status":"closed","ping_status":"closed","template":"templates\/page-modules.php","meta":{"_acf_changed":false,"footnotes":""},"class_list":["post-7495","page","type-page","status-publish","hentry"],"acf":[],"yoast_head":"<!-- This site is optimized with the Yoast SEO plugin v27.4 - https:\/\/yoast.com\/product\/yoast-seo-wordpress\/ -->\n<title>Gemenskap - Bedfont Scientific Ltd.<\/title>\n<meta name=\"robots\" content=\"index, follow, max-snippet:-1, max-image-preview:large, max-video-preview:-1\" \/>\n<link rel=\"canonical\" href=\"https:\/\/www.bedfont.com\/sv\/gemenskap\/\" \/>\n<meta property=\"og:locale\" content=\"sv_SE\" \/>\n<meta property=\"og:type\" content=\"article\" \/>\n<meta property=\"og:title\" content=\"Gemenskap - Bedfont Scientific Ltd.\" \/>\n<meta property=\"og:description\" content=\"Gemenskap P\u00e5 Bedfont \u00ae \u00e4r vi engagerade i att st\u00f6dja och g\u00f6ra en meningsfull inverkan i v\u00e5rt lokala samh\u00e4lle genom olika initiativ som fr\u00e4mjar v\u00e4lbefinnande, tillv\u00e4xt och anslutning. Oavsett om det g\u00e4ller att sponsra idrottslag, st\u00f6dja viktiga h\u00e4lso- och sjukv\u00e5rdstj\u00e4nster eller delta i insamlingsevenemang, \u00e4r v\u00e5rt m\u00e5l att g\u00f6ra en positiv skillnad i livet f\u00f6r [&hellip;]\" \/>\n<meta property=\"og:url\" content=\"https:\/\/www.bedfont.com\/sv\/gemenskap\/\" \/>\n<meta property=\"og:site_name\" content=\"Bedfont Scientific Ltd.\" \/>\n<meta property=\"article:publisher\" content=\"https:\/\/www.facebook.com\/Bedfontltd\/\" \/>\n<meta property=\"article:modified_time\" content=\"2024-11-18T09:35:49+00:00\" \/>\n<meta property=\"og:image\" content=\"https:\/\/www.bedfont.com\/wp-content\/themes\/bedfont\/assets\/img\/subtle-bg.jpg\" \/>\n<meta name=\"twitter:card\" content=\"summary_large_image\" \/>\n<meta name=\"twitter:site\" content=\"@BedfontLtd\" \/>\n<meta name=\"twitter:label1\" content=\"Ber\u00e4knad l\u00e4stid\" \/>\n\t<meta name=\"twitter:data1\" content=\"6 minuter\" \/>\n<script type=\"application\/ld+json\" class=\"yoast-schema-graph\">{\"@context\":\"https:\\\/\\\/schema.org\",\"@graph\":[{\"@type\":\"WebPage\",\"@id\":\"https:\\\/\\\/www.bedfont.com\\\/sv\\\/gemenskap\\\/\",\"url\":\"https:\\\/\\\/www.bedfont.com\\\/sv\\\/gemenskap\\\/\",\"name\":\"Gemenskap - Bedfont Scientific Ltd.\",\"isPartOf\":{\"@id\":\"https:\\\/\\\/www.bedfont.com\\\/sv\\\/#website\"},\"primaryImageOfPage\":{\"@id\":\"https:\\\/\\\/www.bedfont.com\\\/sv\\\/gemenskap\\\/#primaryimage\"},\"image\":{\"@id\":\"https:\\\/\\\/www.bedfont.com\\\/sv\\\/gemenskap\\\/#primaryimage\"},\"thumbnailUrl\":\"https:\\\/\\\/www.bedfont.com\\\/wp-content\\\/themes\\\/bedfont\\\/assets\\\/img\\\/subtle-bg.jpg\",\"datePublished\":\"2024-10-10T08:50:30+00:00\",\"dateModified\":\"2024-11-18T09:35:49+00:00\",\"breadcrumb\":{\"@id\":\"https:\\\/\\\/www.bedfont.com\\\/sv\\\/gemenskap\\\/#breadcrumb\"},\"inLanguage\":\"sv-SE\",\"potentialAction\":[{\"@type\":\"ReadAction\",\"target\":[\"https:\\\/\\\/www.bedfont.com\\\/sv\\\/gemenskap\\\/\"]}]},{\"@type\":\"ImageObject\",\"inLanguage\":\"sv-SE\",\"@id\":\"https:\\\/\\\/www.bedfont.com\\\/sv\\\/gemenskap\\\/#primaryimage\",\"url\":\"https:\\\/\\\/www.bedfont.com\\\/wp-content\\\/themes\\\/bedfont\\\/assets\\\/img\\\/subtle-bg.jpg\",\"contentUrl\":\"https:\\\/\\\/www.bedfont.com\\\/wp-content\\\/themes\\\/bedfont\\\/assets\\\/img\\\/subtle-bg.jpg\"},{\"@type\":\"BreadcrumbList\",\"@id\":\"https:\\\/\\\/www.bedfont.com\\\/sv\\\/gemenskap\\\/#breadcrumb\",\"itemListElement\":[{\"@type\":\"ListItem\",\"position\":1,\"name\":\"Home\",\"item\":\"https:\\\/\\\/www.bedfont.com\\\/sv\\\/\"},{\"@type\":\"ListItem\",\"position\":2,\"name\":\"Gemenskap\"}]},{\"@type\":\"WebSite\",\"@id\":\"https:\\\/\\\/www.bedfont.com\\\/sv\\\/#website\",\"url\":\"https:\\\/\\\/www.bedfont.com\\\/sv\\\/\",\"name\":\"Bedfont Scientific Ltd.\",\"description\":\"World leaders in breath analysis.\",\"publisher\":{\"@id\":\"https:\\\/\\\/www.bedfont.com\\\/sv\\\/#organization\"},\"potentialAction\":[{\"@type\":\"SearchAction\",\"target\":{\"@type\":\"EntryPoint\",\"urlTemplate\":\"https:\\\/\\\/www.bedfont.com\\\/sv\\\/?s={search_term_string}\"},\"query-input\":{\"@type\":\"PropertyValueSpecification\",\"valueRequired\":true,\"valueName\":\"search_term_string\"}}],\"inLanguage\":\"sv-SE\"},{\"@type\":\"Organization\",\"@id\":\"https:\\\/\\\/www.bedfont.com\\\/sv\\\/#organization\",\"name\":\"Bedfont Scientific Ltd.\",\"url\":\"https:\\\/\\\/www.bedfont.com\\\/sv\\\/\",\"logo\":{\"@type\":\"ImageObject\",\"inLanguage\":\"sv-SE\",\"@id\":\"https:\\\/\\\/www.bedfont.com\\\/sv\\\/#\\\/schema\\\/logo\\\/image\\\/\",\"url\":\"https:\\\/\\\/www.bedfont.com\\\/wp-content\\\/uploads\\\/2023\\\/06\\\/logo.png\",\"contentUrl\":\"https:\\\/\\\/www.bedfont.com\\\/wp-content\\\/uploads\\\/2023\\\/06\\\/logo.png\",\"width\":1600,\"height\":505,\"caption\":\"Bedfont Scientific Ltd.\"},\"image\":{\"@id\":\"https:\\\/\\\/www.bedfont.com\\\/sv\\\/#\\\/schema\\\/logo\\\/image\\\/\"},\"sameAs\":[\"https:\\\/\\\/www.facebook.com\\\/Bedfontltd\\\/\",\"https:\\\/\\\/x.com\\\/BedfontLtd\",\"https:\\\/\\\/www.instagram.com\\\/bedfontltd\\\/\",\"https:\\\/\\\/www.linkedin.com\\\/company\\\/bedfont-scientific-ltd\\\/\",\"https:\\\/\\\/www.youtube.com\\\/user\\\/BedfontScientificLtd\"]}]}<\/script>\n<!-- \/ Yoast SEO plugin. -->","yoast_head_json":{"title":"Gemenskap - Bedfont Scientific Ltd.","robots":{"index":"index","follow":"follow","max-snippet":"max-snippet:-1","max-image-preview":"max-image-preview:large","max-video-preview":"max-video-preview:-1"},"canonical":"https:\/\/www.bedfont.com\/sv\/gemenskap\/","og_locale":"sv_SE","og_type":"article","og_title":"Gemenskap - Bedfont Scientific Ltd.","og_description":"Gemenskap P\u00e5 Bedfont \u00ae \u00e4r vi engagerade i att st\u00f6dja och g\u00f6ra en meningsfull inverkan i v\u00e5rt lokala samh\u00e4lle genom olika initiativ som fr\u00e4mjar v\u00e4lbefinnande, tillv\u00e4xt och anslutning. Oavsett om det g\u00e4ller att sponsra idrottslag, st\u00f6dja viktiga h\u00e4lso- och sjukv\u00e5rdstj\u00e4nster eller delta i insamlingsevenemang, \u00e4r v\u00e5rt m\u00e5l att g\u00f6ra en positiv skillnad i livet f\u00f6r [&hellip;]","og_url":"https:\/\/www.bedfont.com\/sv\/gemenskap\/","og_site_name":"Bedfont Scientific Ltd.","article_publisher":"https:\/\/www.facebook.com\/Bedfontltd\/","article_modified_time":"2024-11-18T09:35:49+00:00","og_image":[{"url":"https:\/\/www.bedfont.com\/wp-content\/themes\/bedfont\/assets\/img\/subtle-bg.jpg","type":"","width":"","height":""}],"twitter_card":"summary_large_image","twitter_site":"@BedfontLtd","twitter_misc":{"Ber\u00e4knad l\u00e4stid":"6 minuter"},"schema":{"@context":"https:\/\/schema.org","@graph":[{"@type":"WebPage","@id":"https:\/\/www.bedfont.com\/sv\/gemenskap\/","url":"https:\/\/www.bedfont.com\/sv\/gemenskap\/","name":"Gemenskap - Bedfont Scientific Ltd.","isPartOf":{"@id":"https:\/\/www.bedfont.com\/sv\/#website"},"primaryImageOfPage":{"@id":"https:\/\/www.bedfont.com\/sv\/gemenskap\/#primaryimage"},"image":{"@id":"https:\/\/www.bedfont.com\/sv\/gemenskap\/#primaryimage"},"thumbnailUrl":"https:\/\/www.bedfont.com\/wp-content\/themes\/bedfont\/assets\/img\/subtle-bg.jpg","datePublished":"2024-10-10T08:50:30+00:00","dateModified":"2024-11-18T09:35:49+00:00","breadcrumb":{"@id":"https:\/\/www.bedfont.com\/sv\/gemenskap\/#breadcrumb"},"inLanguage":"sv-SE","potentialAction":[{"@type":"ReadAction","target":["https:\/\/www.bedfont.com\/sv\/gemenskap\/"]}]},{"@type":"ImageObject","inLanguage":"sv-SE","@id":"https:\/\/www.bedfont.com\/sv\/gemenskap\/#primaryimage","url":"https:\/\/www.bedfont.com\/wp-content\/themes\/bedfont\/assets\/img\/subtle-bg.jpg","contentUrl":"https:\/\/www.bedfont.com\/wp-content\/themes\/bedfont\/assets\/img\/subtle-bg.jpg"},{"@type":"BreadcrumbList","@id":"https:\/\/www.bedfont.com\/sv\/gemenskap\/#breadcrumb","itemListElement":[{"@type":"ListItem","position":1,"name":"Home","item":"https:\/\/www.bedfont.com\/sv\/"},{"@type":"ListItem","position":2,"name":"Gemenskap"}]},{"@type":"WebSite","@id":"https:\/\/www.bedfont.com\/sv\/#website","url":"https:\/\/www.bedfont.com\/sv\/","name":"Bedfont Scientific Ltd.","description":"World leaders in breath analysis.","publisher":{"@id":"https:\/\/www.bedfont.com\/sv\/#organization"},"potentialAction":[{"@type":"SearchAction","target":{"@type":"EntryPoint","urlTemplate":"https:\/\/www.bedfont.com\/sv\/?s={search_term_string}"},"query-input":{"@type":"PropertyValueSpecification","valueRequired":true,"valueName":"search_term_string"}}],"inLanguage":"sv-SE"},{"@type":"Organization","@id":"https:\/\/www.bedfont.com\/sv\/#organization","name":"Bedfont Scientific Ltd.","url":"https:\/\/www.bedfont.com\/sv\/","logo":{"@type":"ImageObject","inLanguage":"sv-SE","@id":"https:\/\/www.bedfont.com\/sv\/#\/schema\/logo\/image\/","url":"https:\/\/www.bedfont.com\/wp-content\/uploads\/2023\/06\/logo.png","contentUrl":"https:\/\/www.bedfont.com\/wp-content\/uploads\/2023\/06\/logo.png","width":1600,"height":505,"caption":"Bedfont Scientific Ltd."},"image":{"@id":"https:\/\/www.bedfont.com\/sv\/#\/schema\/logo\/image\/"},"sameAs":["https:\/\/www.facebook.com\/Bedfontltd\/","https:\/\/x.com\/BedfontLtd","https:\/\/www.instagram.com\/bedfontltd\/","https:\/\/www.linkedin.com\/company\/bedfont-scientific-ltd\/","https:\/\/www.youtube.com\/user\/BedfontScientificLtd"]}]}},"_links":{"self":[{"href":"https:\/\/www.bedfont.com\/sv\/wp-json\/wp\/v2\/pages\/7495","targetHints":{"allow":["GET"]}}],"collection":[{"href":"https:\/\/www.bedfont.com\/sv\/wp-json\/wp\/v2\/pages"}],"about":[{"href":"https:\/\/www.bedfont.com\/sv\/wp-json\/wp\/v2\/types\/page"}],"author":[{"embeddable":true,"href":"https:\/\/www.bedfont.com\/sv\/wp-json\/wp\/v2\/users\/6"}],"replies":[{"embeddable":true,"href":"https:\/\/www.bedfont.com\/sv\/wp-json\/wp\/v2\/comments?post=7495"}],"version-history":[{"count":1,"href":"https:\/\/www.bedfont.com\/sv\/wp-json\/wp\/v2\/pages\/7495\/revisions"}],"predecessor-version":[{"id":7497,"href":"https:\/\/www.bedfont.com\/sv\/wp-json\/wp\/v2\/pages\/7495\/revisions\/7497"}],"wp:attachment":[{"href":"https:\/\/www.bedfont.com\/sv\/wp-json\/wp\/v2\/media?parent=7495"}],"curies":[{"name":"wp","href":"https:\/\/api.w.org\/{rel}","templated":true}]}}