{"id":3738,"date":"2023-02-09T14:17:44","date_gmt":"2023-02-09T14:17:44","guid":{"rendered":"https:\/\/bedfont.theprogressteam.com\/hur-man-rengor-bedfont-andningsanalytiska-enheter\/"},"modified":"2024-10-18T04:33:24","modified_gmt":"2024-10-18T04:33:24","slug":"bli-distributor","status":"publish","type":"page","link":"https:\/\/www.bedfont.com\/sv\/bli-distributor\/","title":{"rendered":"Bli distribut\u00f6r"},"content":{"rendered":"<section class=\"subtle-bg mb-60px\" id=\"module-767-hero-0\">\n\t<img decoding=\"async\" src=\"https:\/\/www.bedfont.com\/wp-content\/themes\/bedfont\/assets\/img\/subtle-bg.jpg\" class=\"subtle-bg\" alt=\"Image of subtle website background\"\/>\n\t<div class=\"container\">\n\t\t<div class=\"row\">\n\t\t\t<div class=\"col-12 col-md-6 pe-5 my-auto\">\n\t\t\t\t<h1 class=\"text-left mt-lg-0\">Bli distribut\u00f6r<\/h1>\n\t\t\t\t<p><\/p><p>Bedfont<sup>\u00ae<\/sup> har \u00e5tagit sig att driva aff\u00e4rer genom noggrant utvalda distribut\u00f6rer som delar samma m\u00e5l att f\u00f6rb\u00e4ttra h\u00e4lso- och sjukv\u00e5rden \u00f6ver hela v\u00e4rlden. V\u00e5ra distribut\u00f6rer har en dokumenterad erfarenhet av f\u00f6retagsledarskap inom olika sektorer och vi arbetar n\u00e4ra f\u00f6r att uppr\u00e4tth\u00e5lla en l\u00e5ngvarig relation med dem. <\/p>\n<p>Vi letar alltid efter likasinnade som hj\u00e4lper till att distribuera v\u00e5ra produkter \u00f6ver hela v\u00e4rlden i v\u00e5rt uppdrag att tillhandah\u00e5lla avancerade medicinska produkter f\u00f6r andningsanalys.<\/p>\n<ul class=\"distributor-checklist\">\n<li><i class=\"fa-solid fa-check\" aria-hidden=\"true\"><\/i> Framg\u00e5ngsrikt kommersialiserade, v\u00e4rldsomsp\u00e4nnande produkter i \u00f6ver 40 \u00e5r<\/li>\n<li><i class=\"fa-solid fa-check\" aria-hidden=\"true\"><\/i> Our trademarks are recognised in over 70 countries<\/li>\n<li><i class=\"fa-solid fa-check\" aria-hidden=\"true\"><\/i> Marknadsledare inom r\u00f6kavv\u00e4njning, gastroenterologi och astmasektorer<\/li>\n<li><i class=\"fa-solid fa-check\" aria-hidden=\"true\"><\/i> H\u00f6gkvalitativa, innovativa produkter till konkurrenskraftiga priser<\/li>\n<li><i class=\"fa-solid fa-check\" aria-hidden=\"true\"><\/i> Snabb service och en m\u00e4ngd olika marknadsf\u00f6ringsverktyg f\u00f6r att st\u00f6dja dina aktiviteter<\/li>\n<li><i class=\"fa-solid fa-check\" aria-hidden=\"true\"><\/i> Partnerskapsf\u00f6rdelar<\/li>\n<\/ul>\n\n\t\t\t\t\n\t\t\t<\/div>\n\t\t\t<div class=\"col-12 col-md-6 mt-5 mt-lg-0\"><img width=\"500\" height=\"542\" src=\"https:\/\/www.bedfont.com\/wp-content\/uploads\/2024\/10\/distributor-image.png\" class=\"img-fluid br-30\" alt=\"\" decoding=\"async\" loading=\"lazy\" srcset=\"https:\/\/www.bedfont.com\/wp-content\/uploads\/2024\/10\/distributor-image.png 500w, https:\/\/www.bedfont.com\/wp-content\/uploads\/2024\/10\/distributor-image-277x300.png 277w\" sizes=\"auto, (max-width: 500px) 100vw, 500px\"\/><\/div>\n\t\t<\/div>\n\t<\/div>\n<\/section><section class=\"two-column-image-text style-3 accordion-module \" id=\"module-767-accordion-1\">\n\t<div class=\"container\">\n\t\t<div class=\"row \">\n\t\t\t<div class=\"col-12 col-lg-6 ps-md-5 who-we-are-home my-auto text-col\">\n\t<div class=\"inner\">\n\n\t\t\t\t<h2 class=\"text-center\">F\u00f6rdelar med att bli Bedfont-distribut\u00f6r<\/h2>\n    <div class=\"accordion\" id=\"accordionModule\"><div class=\"accordion-item\"><h2 class=\"accordion-header\" id=\"heading0\"> <button class=\"accordion-button \" type=\"button\" data-bs-toggle=\"collapse\" data-bs-target=\"#collapse0\" aria-expanded=\"true\" aria-controls=\"collapse0\"> Marknadsf\u00f6ring <\/button> <\/h2><div id=\"collapse0\" class=\"accordion-collapse collapse show\" aria-labelledby=\"heading0\" data-bs-parent=\"#accordionModule\">\n\t\t\t\t\t\t\t\t<div class=\"accordion-body\">\n\t\t\t\t\t\t\t\t\t<ul class=\"distributor-checklist\"><li><i class=\"fa-solid fa-check\" aria-hidden=\"true\"><\/i>Marknadsf\u00f6ringsmaterial<\/li><li><i class=\"fa-solid fa-check\" aria-hidden=\"true\"><\/i>F\u00f6rs\u00e4ljningssatser<\/li><li><i class=\"fa-solid fa-check\" aria-hidden=\"true\"><\/i>Lista p\u00e5 v\u00e5r hemsida<\/li><li><i class=\"fa-solid fa-check\" aria-hidden=\"true\"><\/i>Lokala kampanjer: regelbundna kampanjer och incitament skr\u00e4ddarsydda f\u00f6r din f\u00f6rs\u00e4ljningsregion<\/li><li><i class=\"fa-solid fa-check\" aria-hidden=\"true\"><\/i>Potential f\u00f6r bidrag till marknadsf\u00f6ringsinsatser<\/li><\/ul>\n\t\t\t\t\t\t\t\t<\/div>\n\t\t\t\t\t\t\t<\/div><\/div><div class=\"accordion-item\"><h2 class=\"accordion-header\" id=\"heading1\"> <button class=\"accordion-button collapsed\" type=\"button\" data-bs-toggle=\"collapse\" data-bs-target=\"#collapse1\" aria-expanded=\"false\" aria-controls=\"collapse1\"> S\u00e4ljst\u00f6d <\/button> <\/h2><div id=\"collapse1\" class=\"accordion-collapse collapse \" aria-labelledby=\"heading1\" data-bs-parent=\"#accordionModule\">\n\t\t\t\t\t\t\t\t<div class=\"accordion-body\">\n\t\t\t\t\t\t\t\t\t<ul class=\"distributor-checklist\"><li><i class=\"fa-solid fa-check\" aria-hidden=\"true\"><\/i>F\u00f6rb\u00e4ttrade f\u00f6rs\u00e4ljningsmarginaler<\/li><li><i class=\"fa-solid fa-check\" aria-hidden=\"true\"><\/i>Rabatterad demonstrationsutrustning som inte \u00e4r f\u00f6r \u00e5terf\u00f6rs\u00e4ljning (NFR).<\/li><li><i class=\"fa-solid fa-check\" aria-hidden=\"true\"><\/i>RRP prislista<\/li><li><i class=\"fa-solid fa-check\" aria-hidden=\"true\"><\/i>Dedikerad kontohantering och generering av leads<\/li><li><i class=\"fa-solid fa-check\" aria-hidden=\"true\"><\/i>Responsiv enda kontaktpunkt<\/li><li><i class=\"fa-solid fa-check\" aria-hidden=\"true\"><\/i>Gemensam f\u00f6rs\u00e4ljning och marknadsplanering<\/li><li><i class=\"fa-solid fa-check\" aria-hidden=\"true\"><\/i>Support f\u00f6r slutkundsbes\u00f6k<\/li><li><i class=\"fa-solid fa-check\" aria-hidden=\"true\"><\/i>Vidarebefordran av kundled<\/li><\/ul>\n\t\t\t\t\t\t\t\t<\/div>\n\t\t\t\t\t\t\t<\/div><\/div><div class=\"accordion-item\"><h2 class=\"accordion-header\" id=\"heading2\"> <button class=\"accordion-button collapsed\" type=\"button\" data-bs-toggle=\"collapse\" data-bs-target=\"#collapse2\" aria-expanded=\"false\" aria-controls=\"collapse2\"> Utbildning <\/button> <\/h2><div id=\"collapse2\" class=\"accordion-collapse collapse \" aria-labelledby=\"heading2\" data-bs-parent=\"#accordionModule\">\n\t\t\t\t\t\t\t\t<div class=\"accordion-body\">\n\t\t\t\t\t\t\t\t\t<ul class=\"distributor-checklist\"><li><i class=\"fa-solid fa-check\" aria-hidden=\"true\"><\/i>F\u00f6rs\u00e4ljning &#038; aff\u00e4rsutveckling<\/li><li><i class=\"fa-solid fa-check\" aria-hidden=\"true\"><\/i>Klassrum, webbseminarium och online handledning<\/li><li><i class=\"fa-solid fa-check\" aria-hidden=\"true\"><\/i>Produktvideor<\/li><\/ul>\n\t\t\t\t\t\t\t\t<\/div>\n\t\t\t\t\t\t\t<\/div><\/div><div class=\"accordion-item\"><h2 class=\"accordion-header\" id=\"heading3\"> <button class=\"accordion-button collapsed\" type=\"button\" data-bs-toggle=\"collapse\" data-bs-target=\"#collapse3\" aria-expanded=\"false\" aria-controls=\"collapse3\"> Dedikerad information <\/button> <\/h2><div id=\"collapse3\" class=\"accordion-collapse collapse \" aria-labelledby=\"heading3\" data-bs-parent=\"#accordionModule\">\n\t\t\t\t\t\t\t\t<div class=\"accordion-body\">\n\t\t\t\t\t\t\t\t\t<ul class=\"distributor-checklist\"><li><i class=\"fa-solid fa-check\" aria-hidden=\"true\"><\/i>Regelbundna nyhetsbrev<\/li><li><i class=\"fa-solid fa-check\" aria-hidden=\"true\"><\/i>Distribut\u00f6rens webbplats<\/li><li><i class=\"fa-solid fa-check\" aria-hidden=\"true\"><\/i>Tidiga produktintroduktioner och meddelanden om avveckling<\/li><li><i class=\"fa-solid fa-check\" aria-hidden=\"true\"><\/i>Tekniska specifikationer<\/li><\/ul>\n\t\t\t\t\t\t\t\t<\/div>\n\t\t\t\t\t\t\t<\/div><\/div><div class=\"accordion-item\"><h2 class=\"accordion-header\" id=\"heading4\"> <button class=\"accordion-button collapsed\" type=\"button\" data-bs-toggle=\"collapse\" data-bs-target=\"#collapse4\" aria-expanded=\"false\" aria-controls=\"collapse4\"> Teknisk support <\/button> <\/h2><div id=\"collapse4\" class=\"accordion-collapse collapse \" aria-labelledby=\"heading4\" data-bs-parent=\"#accordionModule\">\n\t\t\t\t\t\t\t\t<div class=\"accordion-body\">\n\t\t\t\t\t\t\t\t\t<ul class=\"distributor-checklist\"><li><i class=\"fa-solid fa-check\" aria-hidden=\"true\"><\/i>Online and telephone support<\/li><li><i class=\"fa-solid fa-check\" aria-hidden=\"true\"><\/i>Videokonferenser<\/li><li><i class=\"fa-solid fa-check\" aria-hidden=\"true\"><\/i>Lista p\u00e5 v\u00e5r hemsida<\/li><li><i class=\"fa-solid fa-check\" aria-hidden=\"true\"><\/i>Lista p\u00e5 v\u00e5r hemsida<\/li><li><i class=\"fa-solid fa-check\" aria-hidden=\"true\"><\/i>Garanti och ut\u00f6kad garanti<\/li><li><i class=\"fa-solid fa-check\" aria-hidden=\"true\"><\/i>Lokal support<\/li><\/ul>\n\t\t\t\t\t\t\t\t<\/div>\n\t\t\t\t\t\t\t<\/div><\/div><\/div>\n\t<div class=\"bottom-text mt-4 text-center\"><p>Vissa f\u00f6rm\u00e5ner beror p\u00e5 distribut\u00f6rskategori.<\/p>\n<\/div>\n\t\t\t<\/div>\n\t\t\t<\/div>\n\t\t\t<div class=\"col-12 col-lg-6\">\n\t\t\t<div class=\"image-box\">\n\t\t\t<img width=\"640\" height=\"482\" src=\"https:\/\/www.bedfont.com\/wp-content\/uploads\/2024\/10\/distributor-meeting-1024x771.jpg\" class=\"attachment-large size-large\" alt=\"\" decoding=\"async\" loading=\"lazy\" srcset=\"https:\/\/www.bedfont.com\/wp-content\/uploads\/2024\/10\/distributor-meeting-1024x771.jpg 1024w, https:\/\/www.bedfont.com\/wp-content\/uploads\/2024\/10\/distributor-meeting-300x226.jpg 300w, https:\/\/www.bedfont.com\/wp-content\/uploads\/2024\/10\/distributor-meeting-768x578.jpg 768w, https:\/\/www.bedfont.com\/wp-content\/uploads\/2024\/10\/distributor-meeting-1536x1157.jpg 1536w, https:\/\/www.bedfont.com\/wp-content\/uploads\/2024\/10\/distributor-meeting.jpg 2000w\" sizes=\"auto, (max-width: 640px) 100vw, 640px\"\/>\n\t\t\t<\/div>\n\t\t\t<\/div>\n\t\t<\/div>\n\t<\/div>\n<\/section><section class=\"two-column-image-text style-1 already-bedfont-distributor\" id=\"module-767-two_column_image_text-2\">\n\t<div class=\"container\">\n\t\t<div class=\"row flex-row-reverse\">\n\t\t\t<div class=\"col-12 col-lg-6 ps-md-5 who-we-are-home my-auto text-col\">\n\t<div class=\"inner\">\n\n\t\t\t\t<h2 class=\"text-left\">Redan en <span class=\"blue-text\">Bedfont-distribut\u00f6r<\/span> ?<\/h2>\n\t\t\t\t<p>Om du redan \u00e4r en Bedfont-distribut\u00f6r och vill komma \u00e5t v\u00e5r dedikerade distribut\u00f6rswebbplats kan du komma \u00e5t den med din inloggning fr\u00e5n l\u00e4nken nedan. H\u00e4r hittar du nyheter, information och resurser om Bedfont Scientific Ltd och v\u00e5ra produkter. <\/p>\n\n                <div class='button-box button-pink'><a class='btn ' href='https:\/\/www.bedfont-distributor.com\/' target=\"_self\">Bes\u00f6k h\u00e4r<i class='fa fa-arrow-right ms-1' aria-hidden='true'><\/i><\/a><\/div>\n\t\t\t<\/div>\n\t\t\t<\/div>\n\t\t\t<div class=\"col-12 col-lg-6\">\n\t\t\t<div class=\"image-box\">\n\t\t\t\t<img width=\"500\" height=\"542\" src=\"https:\/\/www.bedfont.com\/wp-content\/uploads\/2024\/10\/distributor-image.png\" class=\"attachment-large size-large\" alt=\"\" decoding=\"async\" loading=\"lazy\" srcset=\"https:\/\/www.bedfont.com\/wp-content\/uploads\/2024\/10\/distributor-image.png 500w, https:\/\/www.bedfont.com\/wp-content\/uploads\/2024\/10\/distributor-image-277x300.png 277w\" sizes=\"auto, (max-width: 500px) 100vw, 500px\"\/>\n\t\t\t<\/div>\n\t\t\t<\/div>\n\t\t<\/div>\n\t<\/div>\n<\/section><section class=\"form text-center style-1 become-distributor-form\" id=\"module-767-form-3\"><div class=\"container\"><h2 class=\"text-center\">Bli distribut\u00f6r <span class=\"blue-text\">idag<\/span> !<\/h2><p>Missa inte denna m\u00f6jlighet att g\u00e5 med i en blomstrande och v\u00e4xande bransch. Bli Bedfont-distribut\u00f6r idag och ta kontroll \u00f6ver din ekonomiska framtid. Fyll i formul\u00e4ret nedan f\u00f6r att komma ig\u00e5ng!  <\/p>\n<script charset=\"utf-8\" type=\"text\/javascript\" src=\"\/\/js.hsforms.net\/forms\/embed\/v2.js\"><\/script>\n\t\t\t\t\t<script>\n\t\t\t\t\t  hbspt.forms.create({\n\t\t\t\t\t\tregion: \"na1\",\n\t\t\t\t\t\tportalId: \"6295439\",\n\t\t\t\t\t\tformId: \"306e0c18-ece3-46dc-93e9-31eca2c8c19a\"\n\t\t\t\t\t  });\n\t\t\t\t\t<\/script><\/div><\/section>","protected":false},"excerpt":{"rendered":"<p>Bli distribut\u00f6r Bedfont\u00ae har \u00e5tagit sig att driva aff\u00e4rer genom noggrant utvalda distribut\u00f6rer som delar samma m\u00e5l att f\u00f6rb\u00e4ttra h\u00e4lso- och sjukv\u00e5rden \u00f6ver hela v\u00e4rlden. V\u00e5ra distribut\u00f6rer har en dokumenterad erfarenhet av f\u00f6retagsledarskap inom olika sektorer och vi arbetar n\u00e4ra f\u00f6r att uppr\u00e4tth\u00e5lla en l\u00e5ngvarig relation med dem. Vi letar alltid efter likasinnade som hj\u00e4lper [&hellip;]<\/p>\n","protected":false},"author":6,"featured_media":0,"parent":0,"menu_order":0,"comment_status":"closed","ping_status":"closed","template":"templates\/page-modules.php","meta":{"_acf_changed":false,"footnotes":""},"class_list":["post-3738","page","type-page","status-publish","hentry"],"acf":[],"yoast_head":"<!-- This site is optimized with the Yoast SEO plugin v27.4 - https:\/\/yoast.com\/product\/yoast-seo-wordpress\/ -->\n<title>Bli distribut\u00f6r - Bedfont Scientific Ltd.<\/title>\n<meta name=\"description\" content=\"Vid reng\u00f6ring av Smokeryzer\u00ae, NObreath\u00ae, ToxCO\u00ae och Gastrolyzer\u00ae andningsanalytiska enheter.\" \/>\n<meta name=\"robots\" content=\"index, follow, max-snippet:-1, max-image-preview:large, max-video-preview:-1\" \/>\n<link rel=\"canonical\" href=\"https:\/\/www.bedfont.com\/sv\/bli-distributor\/\" \/>\n<meta property=\"og:locale\" content=\"sv_SE\" \/>\n<meta property=\"og:type\" content=\"article\" \/>\n<meta property=\"og:title\" content=\"Bli distribut\u00f6r - Bedfont Scientific Ltd.\" \/>\n<meta property=\"og:description\" content=\"Vid reng\u00f6ring av Smokeryzer\u00ae, NObreath\u00ae, ToxCO\u00ae och Gastrolyzer\u00ae andningsanalytiska enheter.\" \/>\n<meta property=\"og:url\" content=\"https:\/\/www.bedfont.com\/sv\/bli-distributor\/\" \/>\n<meta property=\"og:site_name\" content=\"Bedfont Scientific Ltd.\" \/>\n<meta property=\"article:publisher\" content=\"https:\/\/www.facebook.com\/Bedfontltd\/\" \/>\n<meta property=\"article:modified_time\" content=\"2024-10-18T04:33:24+00:00\" \/>\n<meta property=\"og:image\" content=\"https:\/\/www.bedfont.com\/wp-content\/themes\/bedfont\/assets\/img\/subtle-bg.jpg\" \/>\n<meta name=\"twitter:card\" content=\"summary_large_image\" \/>\n<meta name=\"twitter:site\" content=\"@BedfontLtd\" \/>\n<meta name=\"twitter:label1\" content=\"Ber\u00e4knad l\u00e4stid\" \/>\n\t<meta name=\"twitter:data1\" content=\"2 minuter\" \/>\n<script type=\"application\/ld+json\" class=\"yoast-schema-graph\">{\"@context\":\"https:\\\/\\\/schema.org\",\"@graph\":[{\"@type\":\"WebPage\",\"@id\":\"https:\\\/\\\/www.bedfont.com\\\/sv\\\/bli-distributor\\\/\",\"url\":\"https:\\\/\\\/www.bedfont.com\\\/sv\\\/bli-distributor\\\/\",\"name\":\"Bli distribut\u00f6r - Bedfont Scientific Ltd.\",\"isPartOf\":{\"@id\":\"https:\\\/\\\/www.bedfont.com\\\/sv\\\/#website\"},\"primaryImageOfPage\":{\"@id\":\"https:\\\/\\\/www.bedfont.com\\\/sv\\\/bli-distributor\\\/#primaryimage\"},\"image\":{\"@id\":\"https:\\\/\\\/www.bedfont.com\\\/sv\\\/bli-distributor\\\/#primaryimage\"},\"thumbnailUrl\":\"https:\\\/\\\/www.bedfont.com\\\/wp-content\\\/themes\\\/bedfont\\\/assets\\\/img\\\/subtle-bg.jpg\",\"datePublished\":\"2023-02-09T14:17:44+00:00\",\"dateModified\":\"2024-10-18T04:33:24+00:00\",\"description\":\"Vid reng\u00f6ring av Smokeryzer\u00ae, NObreath\u00ae, ToxCO\u00ae och Gastrolyzer\u00ae andningsanalytiska enheter.\",\"breadcrumb\":{\"@id\":\"https:\\\/\\\/www.bedfont.com\\\/sv\\\/bli-distributor\\\/#breadcrumb\"},\"inLanguage\":\"sv-SE\",\"potentialAction\":[{\"@type\":\"ReadAction\",\"target\":[\"https:\\\/\\\/www.bedfont.com\\\/sv\\\/bli-distributor\\\/\"]}]},{\"@type\":\"ImageObject\",\"inLanguage\":\"sv-SE\",\"@id\":\"https:\\\/\\\/www.bedfont.com\\\/sv\\\/bli-distributor\\\/#primaryimage\",\"url\":\"https:\\\/\\\/www.bedfont.com\\\/wp-content\\\/themes\\\/bedfont\\\/assets\\\/img\\\/subtle-bg.jpg\",\"contentUrl\":\"https:\\\/\\\/www.bedfont.com\\\/wp-content\\\/themes\\\/bedfont\\\/assets\\\/img\\\/subtle-bg.jpg\"},{\"@type\":\"BreadcrumbList\",\"@id\":\"https:\\\/\\\/www.bedfont.com\\\/sv\\\/bli-distributor\\\/#breadcrumb\",\"itemListElement\":[{\"@type\":\"ListItem\",\"position\":1,\"name\":\"Home\",\"item\":\"https:\\\/\\\/www.bedfont.com\\\/sv\\\/\"},{\"@type\":\"ListItem\",\"position\":2,\"name\":\"Bli distribut\u00f6r\"}]},{\"@type\":\"WebSite\",\"@id\":\"https:\\\/\\\/www.bedfont.com\\\/sv\\\/#website\",\"url\":\"https:\\\/\\\/www.bedfont.com\\\/sv\\\/\",\"name\":\"Bedfont Scientific Ltd.\",\"description\":\"World leaders in breath analysis.\",\"publisher\":{\"@id\":\"https:\\\/\\\/www.bedfont.com\\\/sv\\\/#organization\"},\"potentialAction\":[{\"@type\":\"SearchAction\",\"target\":{\"@type\":\"EntryPoint\",\"urlTemplate\":\"https:\\\/\\\/www.bedfont.com\\\/sv\\\/?s={search_term_string}\"},\"query-input\":{\"@type\":\"PropertyValueSpecification\",\"valueRequired\":true,\"valueName\":\"search_term_string\"}}],\"inLanguage\":\"sv-SE\"},{\"@type\":\"Organization\",\"@id\":\"https:\\\/\\\/www.bedfont.com\\\/sv\\\/#organization\",\"name\":\"Bedfont Scientific Ltd.\",\"url\":\"https:\\\/\\\/www.bedfont.com\\\/sv\\\/\",\"logo\":{\"@type\":\"ImageObject\",\"inLanguage\":\"sv-SE\",\"@id\":\"https:\\\/\\\/www.bedfont.com\\\/sv\\\/#\\\/schema\\\/logo\\\/image\\\/\",\"url\":\"https:\\\/\\\/www.bedfont.com\\\/wp-content\\\/uploads\\\/2023\\\/06\\\/logo.png\",\"contentUrl\":\"https:\\\/\\\/www.bedfont.com\\\/wp-content\\\/uploads\\\/2023\\\/06\\\/logo.png\",\"width\":1600,\"height\":505,\"caption\":\"Bedfont Scientific Ltd.\"},\"image\":{\"@id\":\"https:\\\/\\\/www.bedfont.com\\\/sv\\\/#\\\/schema\\\/logo\\\/image\\\/\"},\"sameAs\":[\"https:\\\/\\\/www.facebook.com\\\/Bedfontltd\\\/\",\"https:\\\/\\\/x.com\\\/BedfontLtd\",\"https:\\\/\\\/www.instagram.com\\\/bedfontltd\\\/\",\"https:\\\/\\\/www.linkedin.com\\\/company\\\/bedfont-scientific-ltd\\\/\",\"https:\\\/\\\/www.youtube.com\\\/user\\\/BedfontScientificLtd\"]}]}<\/script>\n<!-- \/ Yoast SEO plugin. -->","yoast_head_json":{"title":"Bli distribut\u00f6r - Bedfont Scientific Ltd.","description":"Vid reng\u00f6ring av Smokeryzer\u00ae, NObreath\u00ae, ToxCO\u00ae och Gastrolyzer\u00ae andningsanalytiska enheter.","robots":{"index":"index","follow":"follow","max-snippet":"max-snippet:-1","max-image-preview":"max-image-preview:large","max-video-preview":"max-video-preview:-1"},"canonical":"https:\/\/www.bedfont.com\/sv\/bli-distributor\/","og_locale":"sv_SE","og_type":"article","og_title":"Bli distribut\u00f6r - Bedfont Scientific Ltd.","og_description":"Vid reng\u00f6ring av Smokeryzer\u00ae, NObreath\u00ae, ToxCO\u00ae och Gastrolyzer\u00ae andningsanalytiska enheter.","og_url":"https:\/\/www.bedfont.com\/sv\/bli-distributor\/","og_site_name":"Bedfont Scientific Ltd.","article_publisher":"https:\/\/www.facebook.com\/Bedfontltd\/","article_modified_time":"2024-10-18T04:33:24+00:00","og_image":[{"url":"https:\/\/www.bedfont.com\/wp-content\/themes\/bedfont\/assets\/img\/subtle-bg.jpg","type":"","width":"","height":""}],"twitter_card":"summary_large_image","twitter_site":"@BedfontLtd","twitter_misc":{"Ber\u00e4knad l\u00e4stid":"2 minuter"},"schema":{"@context":"https:\/\/schema.org","@graph":[{"@type":"WebPage","@id":"https:\/\/www.bedfont.com\/sv\/bli-distributor\/","url":"https:\/\/www.bedfont.com\/sv\/bli-distributor\/","name":"Bli distribut\u00f6r - Bedfont Scientific Ltd.","isPartOf":{"@id":"https:\/\/www.bedfont.com\/sv\/#website"},"primaryImageOfPage":{"@id":"https:\/\/www.bedfont.com\/sv\/bli-distributor\/#primaryimage"},"image":{"@id":"https:\/\/www.bedfont.com\/sv\/bli-distributor\/#primaryimage"},"thumbnailUrl":"https:\/\/www.bedfont.com\/wp-content\/themes\/bedfont\/assets\/img\/subtle-bg.jpg","datePublished":"2023-02-09T14:17:44+00:00","dateModified":"2024-10-18T04:33:24+00:00","description":"Vid reng\u00f6ring av Smokeryzer\u00ae, NObreath\u00ae, ToxCO\u00ae och Gastrolyzer\u00ae andningsanalytiska enheter.","breadcrumb":{"@id":"https:\/\/www.bedfont.com\/sv\/bli-distributor\/#breadcrumb"},"inLanguage":"sv-SE","potentialAction":[{"@type":"ReadAction","target":["https:\/\/www.bedfont.com\/sv\/bli-distributor\/"]}]},{"@type":"ImageObject","inLanguage":"sv-SE","@id":"https:\/\/www.bedfont.com\/sv\/bli-distributor\/#primaryimage","url":"https:\/\/www.bedfont.com\/wp-content\/themes\/bedfont\/assets\/img\/subtle-bg.jpg","contentUrl":"https:\/\/www.bedfont.com\/wp-content\/themes\/bedfont\/assets\/img\/subtle-bg.jpg"},{"@type":"BreadcrumbList","@id":"https:\/\/www.bedfont.com\/sv\/bli-distributor\/#breadcrumb","itemListElement":[{"@type":"ListItem","position":1,"name":"Home","item":"https:\/\/www.bedfont.com\/sv\/"},{"@type":"ListItem","position":2,"name":"Bli distribut\u00f6r"}]},{"@type":"WebSite","@id":"https:\/\/www.bedfont.com\/sv\/#website","url":"https:\/\/www.bedfont.com\/sv\/","name":"Bedfont Scientific Ltd.","description":"World leaders in breath analysis.","publisher":{"@id":"https:\/\/www.bedfont.com\/sv\/#organization"},"potentialAction":[{"@type":"SearchAction","target":{"@type":"EntryPoint","urlTemplate":"https:\/\/www.bedfont.com\/sv\/?s={search_term_string}"},"query-input":{"@type":"PropertyValueSpecification","valueRequired":true,"valueName":"search_term_string"}}],"inLanguage":"sv-SE"},{"@type":"Organization","@id":"https:\/\/www.bedfont.com\/sv\/#organization","name":"Bedfont Scientific Ltd.","url":"https:\/\/www.bedfont.com\/sv\/","logo":{"@type":"ImageObject","inLanguage":"sv-SE","@id":"https:\/\/www.bedfont.com\/sv\/#\/schema\/logo\/image\/","url":"https:\/\/www.bedfont.com\/wp-content\/uploads\/2023\/06\/logo.png","contentUrl":"https:\/\/www.bedfont.com\/wp-content\/uploads\/2023\/06\/logo.png","width":1600,"height":505,"caption":"Bedfont Scientific Ltd."},"image":{"@id":"https:\/\/www.bedfont.com\/sv\/#\/schema\/logo\/image\/"},"sameAs":["https:\/\/www.facebook.com\/Bedfontltd\/","https:\/\/x.com\/BedfontLtd","https:\/\/www.instagram.com\/bedfontltd\/","https:\/\/www.linkedin.com\/company\/bedfont-scientific-ltd\/","https:\/\/www.youtube.com\/user\/BedfontScientificLtd"]}]}},"_links":{"self":[{"href":"https:\/\/www.bedfont.com\/sv\/wp-json\/wp\/v2\/pages\/3738","targetHints":{"allow":["GET"]}}],"collection":[{"href":"https:\/\/www.bedfont.com\/sv\/wp-json\/wp\/v2\/pages"}],"about":[{"href":"https:\/\/www.bedfont.com\/sv\/wp-json\/wp\/v2\/types\/page"}],"author":[{"embeddable":true,"href":"https:\/\/www.bedfont.com\/sv\/wp-json\/wp\/v2\/users\/6"}],"replies":[{"embeddable":true,"href":"https:\/\/www.bedfont.com\/sv\/wp-json\/wp\/v2\/comments?post=3738"}],"version-history":[{"count":8,"href":"https:\/\/www.bedfont.com\/sv\/wp-json\/wp\/v2\/pages\/3738\/revisions"}],"predecessor-version":[{"id":7189,"href":"https:\/\/www.bedfont.com\/sv\/wp-json\/wp\/v2\/pages\/3738\/revisions\/7189"}],"wp:attachment":[{"href":"https:\/\/www.bedfont.com\/sv\/wp-json\/wp\/v2\/media?parent=3738"}],"curies":[{"name":"wp","href":"https:\/\/api.w.org\/{rel}","templated":true}]}}