{"id":3699,"date":"2023-11-10T13:44:39","date_gmt":"2023-11-10T13:44:39","guid":{"rendered":"https:\/\/bedfont.theprogressteam.com\/terms-and-conditions\/"},"modified":"2024-09-06T08:29:40","modified_gmt":"2024-09-06T08:29:40","slug":"terms-and-conditions","status":"publish","type":"page","link":"https:\/\/www.bedfont.com\/sv\/terms-and-conditions\/","title":{"rendered":"Terms and Conditions"},"content":{"rendered":"\n<section class=\"subtle-bg\">\n\t\t<img decoding=\"async\" src=\"https:\/\/www.bedfont.com\/wp-content\/themes\/bedfont\/assets\/img\/subtle-bg.jpg\" class=\"subtle-bg\" alt=\"Subtle background img\"\/>\n\t \t<div class=\"container\">\n\t \t<div class=\"row\">\n\t\t\t<div class=\"col-12 privacy-policy\">\n\t\t\t\t<h1 class=\"text-left\">Regler och vilkor <span class=\"blue-text\">f\u00f6r anv\u00e4ndning<\/span><\/h1>\n\t\t\t\t<h2>Introduktion<\/h2>\n\t\t\t\t<p>Dessa villkor reglerar din anv\u00e4ndning av Bedfont<sup>\u00ae<\/sup> Scientific Ltd:s webbplats (nedan kallad &#8221;webbplatsen&#8221;).\nDu samtycker till att f\u00f6lja och vara bunden av dessa villkor genom att g\u00e5 in p\u00e5 webbplatsen.\nOm du inte samtycker till n\u00e5gon del av dessa villkor b\u00f6r du inte anv\u00e4nda webbplatsen.  <\/p>\n\t\t\t\t<h2>Definitioner<\/h2>\n\t\t\t\t<p>\n\t\t\t\t\t<strong>&#8221;Anv\u00e4ndare&#8221;<\/strong>: Syftar p\u00e5 tredje part som kommer \u00e5t denna webbplats eller n\u00e5gon webbplats i samband med Bedfont<sup>\u00ae<\/sup>. <br\/><br\/><strong>&#8221;Inneh\u00e5ll&#8221;<\/strong>: Omfattar text, grafik, bilder, ljud, video, programvara, datasamlingar, sidlayout, underliggande kod och all annan information som lagras p\u00e5 webbplatsen. <br\/><br\/>&#8221;<strong>Webbplats&#8221;<\/strong>: Webbplatsen du anv\u00e4nde innan den omdirigerades till www.bedfont.com. Eller den h\u00e4r webbplatsen.  <\/p>\n\t\t\t\t<h2>Immateriella r\u00e4ttigheter och acceptabel anv\u00e4ndning<\/h2>\n\t\t\t\t<p>Allt inneh\u00e5ll p\u00e5 webbplatsen, s\u00e5vida det inte har laddats upp av anv\u00e4ndare, tillh\u00f6r Bedfont<sup>\u00ae<\/sup> Scientific Ltd. eller dess dotterbolag och skyddas av upphovsr\u00e4tt, varum\u00e4rken och andra immateriella r\u00e4ttigheter.<\/p>\n\t\t\t\t<p>Anv\u00e4ndare f\u00e5r h\u00e4mta, visa och skriva ut inneh\u00e5ll endast f\u00f6r personligt, icke-kommersiellt bruk. All annan anv\u00e4ndning kr\u00e4ver skriftligt tillst\u00e5nd fr\u00e5n Bedfont<sup>\u00ae<\/sup> Scientific Ltd. <\/p>\n\t\t\t\t<h2>F\u00f6rbjuden anv\u00e4ndning<\/h2>\n\t\t\t\t<p>Anv\u00e4ndare f\u00e5r inte:<\/p>\n\t\t\t\t<ul>\n\t\t\t\t\t<li>Orsaka skada p\u00e5 webbplatsen eller st\u00f6ra andras anv\u00e4ndning.<\/li>\n\t\t\t\t\t<li>Delta i skadligt, olagligt, kr\u00e4nkande eller st\u00f6tande beteende.<\/li>\n\t\t\t\t\t<li>G\u00f6r obeh\u00f6riga kopior av upphovsr\u00e4ttsskyddat inneh\u00e5ll.<\/li>\n\t\t\t\t<\/ul>\n\t\t\t\t<h2>L\u00e4nkar till andra webbplatser<\/h2>\n\t\t\t\t<p>Webbplatsen kan inneh\u00e5lla l\u00e4nkar till tredje parts webbplatser.\nBedfont<sup>\u00ae<\/sup> Scientific Ltd. ansvarar inte f\u00f6r inneh\u00e5llet p\u00e5 dessa webbplatser och fr\u00e5ns\u00e4ger sig allt ansvar f\u00f6r eventuella f\u00f6rluster eller skador till f\u00f6ljd av deras anv\u00e4ndning. <\/p>\n\t\t\t\t<h2>Sekretessmeddelande<\/h2>\n\t\t\t\t<p>Din anv\u00e4ndning av webbplatsen styrs av v\u00e5rt sekretessmeddelande, tillg\u00e4ngligt p\u00e5 <a href=\"https:\/\/www.bedfont.com\/privacy-notice\/\" title=\"Klicka h\u00e4r f\u00f6r v\u00e5rt integritetsmeddelande\">https:\/\/www.bedfont.com\/privacy-notice\/. <\/a><\/p>\n\t\t\t\t<h2>Webbplatsens tillg\u00e4nglighet och ansvarsfriskrivningar<\/h2>\n\t\t\t\t<ol>\n\t\t\t\t\t<li>Webbplatsen och dess tj\u00e4nster tillhandah\u00e5lls &#8221;i befintligt skick&#8221; och &#8221;som tillg\u00e4ngligt&#8221; utan n\u00e5gon form av garanti.<\/li>\n\t\t\t\t\t<li>Bedfont<sup>\u00ae<\/sup> Scientific Ltd. str\u00e4var efter att uppr\u00e4tth\u00e5lla en s\u00e4ker och felfri webbplats men garanterar inte s\u00e4kerhet eller frihet fr\u00e5n skadlig programvara.<\/li>\n\t\t\t\t\t<li>Bedfont<sup>\u00ae<\/sup> Scientific Ltd. f\u00f6rbeh\u00e5ller sig r\u00e4tten att \u00e4ndra eller avbryta n\u00e5gon del av webbplatsen utan f\u00f6reg\u00e5ende meddelande.<\/li>\n\t\t\t\t<\/ol>\n\t\t\t\t<h2>Ansvarsbegr\u00e4nsning<\/h2>\n\t\t\t\t<ol>\n\t\t\t\t\t<li>Bedfont<sup>\u00ae<\/sup> Scientific Ltd:s ansvar \u00e4r begr\u00e4nsat i den utstr\u00e4ckning som till\u00e5ts enligt lag.<\/li>\n\t\t\t\t\t<li>Vi \u00e4r inte ansvariga f\u00f6r h\u00e4ndelser utanf\u00f6r v\u00e5r rimliga kontroll.<\/li>\n\t\t\t\t\t<li>Vi \u00e4r inte ansvariga f\u00f6r aff\u00e4rsf\u00f6rluster, datakorruption eller indirekta skador eller f\u00f6ljdskador.<\/li>\n\t\t\t\t<\/ol>\n\t\t\t\t<h2>Allm\u00e4nt<\/h2>\n\t\t\t\t<ol>\n\t\t\t\t\t<li>Dessa villkor kan \u00e4ndras av Bedfont<sup>\u00ae<\/sup> Scientific Ltd. n\u00e4r som helst.\nAnv\u00e4ndare b\u00f6r granska dem regelbundet. <\/li>\n\t\t\t\t\t<li>Detta avtal utg\u00f6r hela avtalet mellan parterna och ers\u00e4tter alla tidigare avtal.<\/li>\n\t\t\t\t\t<li>Ingen tredje part har r\u00e4ttigheter enligt detta avtal.<\/li>\n\t\t\t\t\t<li>Om n\u00e5gon domstol eller myndighet anser att n\u00e5gon best\u00e4mmelse i dessa villkor \u00e4r ogiltig, f\u00f6rblir de \u00e5terst\u00e5ende best\u00e4mmelserna i kraft.<\/li>\n\t\t\t\t\t<li>Dessa villkor styrs och tolkas i enlighet med lagen i England och Wales, och tvister ska vara f\u00f6rem\u00e5l f\u00f6r den exklusiva jurisdiktionen f\u00f6r engelska och walesiska domstolar.<\/li>\n\t\t\t\t<\/ol>\n\t\t\t\t<h2>Bedfont<sup>\u00ae <\/sup>Scientific Ltd. Detaljer <\/h2>\n\t\t\t\t<p>Bedfont<sup>\u00ae<\/sup> Scientific Ltd \u00e4r registrerat i England och Wales (f\u00f6retagsnummer 01289798) med registrerad adress p\u00e5 Station Yard, Station Road, Harrietsham, Kent, ME17 1JA.<\/p>\n\t\t\t\t<p>Email: ask@bedfont.com | Tel: +44(0)1622 851122<\/p>\n\n\t\t\t<\/div>\n\t\t<\/div>\n\t<\/div><\/section>\n","protected":false},"excerpt":{"rendered":"<p>Regler och vilkor f\u00f6r anv\u00e4ndning Introduktion Dessa villkor reglerar din anv\u00e4ndning av Bedfont\u00ae Scientific Ltd:s webbplats (nedan kallad &#8221;webbplatsen&#8221;). Du samtycker till att f\u00f6lja och vara bunden av dessa villkor genom att g\u00e5 in p\u00e5 webbplatsen. Om du inte samtycker till n\u00e5gon del av dessa villkor b\u00f6r du inte anv\u00e4nda webbplatsen. Definitioner &#8221;Anv\u00e4ndare&#8221;: Syftar p\u00e5 [&hellip;]<\/p>\n","protected":false},"author":6,"featured_media":0,"parent":0,"menu_order":0,"comment_status":"closed","ping_status":"closed","template":"templates\/page-gutenberg.php","meta":{"_acf_changed":false,"footnotes":""},"class_list":["post-3699","page","type-page","status-publish","hentry"],"acf":[],"yoast_head":"<!-- This site is optimized with the Yoast SEO plugin v27.4 - https:\/\/yoast.com\/product\/yoast-seo-wordpress\/ -->\n<title>Terms and Conditions - Bedfont Scientific Ltd.<\/title>\n<meta name=\"description\" content=\"These terms and conditions apply between you, the User of this Website, and Bedfont Scientific Ltd, the owner and operator of this Website.\" \/>\n<meta name=\"robots\" content=\"index, follow, max-snippet:-1, max-image-preview:large, max-video-preview:-1\" \/>\n<link rel=\"canonical\" href=\"https:\/\/www.bedfont.com\/sv\/terms-and-conditions\/\" \/>\n<meta property=\"og:locale\" content=\"sv_SE\" \/>\n<meta property=\"og:type\" content=\"article\" \/>\n<meta property=\"og:title\" content=\"Terms and Conditions - Bedfont Scientific Ltd.\" \/>\n<meta property=\"og:description\" content=\"These terms and conditions apply between you, the User of this Website, and Bedfont Scientific Ltd, the owner and operator of this Website.\" \/>\n<meta property=\"og:url\" content=\"https:\/\/www.bedfont.com\/sv\/terms-and-conditions\/\" \/>\n<meta property=\"og:site_name\" content=\"Bedfont Scientific Ltd.\" \/>\n<meta property=\"article:publisher\" content=\"https:\/\/www.facebook.com\/Bedfontltd\/\" \/>\n<meta property=\"article:modified_time\" content=\"2024-09-06T08:29:40+00:00\" \/>\n<meta property=\"og:image\" content=\"https:\/\/www.bedfont.com\/wp-content\/themes\/bedfont\/assets\/img\/subtle-bg.jpg\" \/>\n<meta name=\"twitter:card\" content=\"summary_large_image\" \/>\n<meta name=\"twitter:site\" content=\"@BedfontLtd\" \/>\n<meta name=\"twitter:label1\" content=\"Ber\u00e4knad l\u00e4stid\" \/>\n\t<meta name=\"twitter:data1\" content=\"3 minuter\" \/>\n<script type=\"application\/ld+json\" class=\"yoast-schema-graph\">{\"@context\":\"https:\\\/\\\/schema.org\",\"@graph\":[{\"@type\":\"WebPage\",\"@id\":\"https:\\\/\\\/www.bedfont.com\\\/sv\\\/terms-and-conditions\\\/\",\"url\":\"https:\\\/\\\/www.bedfont.com\\\/sv\\\/terms-and-conditions\\\/\",\"name\":\"Terms and Conditions - Bedfont Scientific Ltd.\",\"isPartOf\":{\"@id\":\"https:\\\/\\\/www.bedfont.com\\\/sv\\\/#website\"},\"primaryImageOfPage\":{\"@id\":\"https:\\\/\\\/www.bedfont.com\\\/sv\\\/terms-and-conditions\\\/#primaryimage\"},\"image\":{\"@id\":\"https:\\\/\\\/www.bedfont.com\\\/sv\\\/terms-and-conditions\\\/#primaryimage\"},\"thumbnailUrl\":\"https:\\\/\\\/www.bedfont.com\\\/wp-content\\\/themes\\\/bedfont\\\/assets\\\/img\\\/subtle-bg.jpg\",\"datePublished\":\"2023-11-10T13:44:39+00:00\",\"dateModified\":\"2024-09-06T08:29:40+00:00\",\"description\":\"These terms and conditions apply between you, the User of this Website, and Bedfont Scientific Ltd, the owner and operator of this Website.\",\"breadcrumb\":{\"@id\":\"https:\\\/\\\/www.bedfont.com\\\/sv\\\/terms-and-conditions\\\/#breadcrumb\"},\"inLanguage\":\"sv-SE\",\"potentialAction\":[{\"@type\":\"ReadAction\",\"target\":[\"https:\\\/\\\/www.bedfont.com\\\/sv\\\/terms-and-conditions\\\/\"]}]},{\"@type\":\"ImageObject\",\"inLanguage\":\"sv-SE\",\"@id\":\"https:\\\/\\\/www.bedfont.com\\\/sv\\\/terms-and-conditions\\\/#primaryimage\",\"url\":\"https:\\\/\\\/www.bedfont.com\\\/wp-content\\\/themes\\\/bedfont\\\/assets\\\/img\\\/subtle-bg.jpg\",\"contentUrl\":\"https:\\\/\\\/www.bedfont.com\\\/wp-content\\\/themes\\\/bedfont\\\/assets\\\/img\\\/subtle-bg.jpg\"},{\"@type\":\"BreadcrumbList\",\"@id\":\"https:\\\/\\\/www.bedfont.com\\\/sv\\\/terms-and-conditions\\\/#breadcrumb\",\"itemListElement\":[{\"@type\":\"ListItem\",\"position\":1,\"name\":\"Home\",\"item\":\"https:\\\/\\\/www.bedfont.com\\\/sv\\\/\"},{\"@type\":\"ListItem\",\"position\":2,\"name\":\"Terms and Conditions\"}]},{\"@type\":\"WebSite\",\"@id\":\"https:\\\/\\\/www.bedfont.com\\\/sv\\\/#website\",\"url\":\"https:\\\/\\\/www.bedfont.com\\\/sv\\\/\",\"name\":\"Bedfont Scientific Ltd.\",\"description\":\"World leaders in breath analysis.\",\"publisher\":{\"@id\":\"https:\\\/\\\/www.bedfont.com\\\/sv\\\/#organization\"},\"potentialAction\":[{\"@type\":\"SearchAction\",\"target\":{\"@type\":\"EntryPoint\",\"urlTemplate\":\"https:\\\/\\\/www.bedfont.com\\\/sv\\\/?s={search_term_string}\"},\"query-input\":{\"@type\":\"PropertyValueSpecification\",\"valueRequired\":true,\"valueName\":\"search_term_string\"}}],\"inLanguage\":\"sv-SE\"},{\"@type\":\"Organization\",\"@id\":\"https:\\\/\\\/www.bedfont.com\\\/sv\\\/#organization\",\"name\":\"Bedfont Scientific Ltd.\",\"url\":\"https:\\\/\\\/www.bedfont.com\\\/sv\\\/\",\"logo\":{\"@type\":\"ImageObject\",\"inLanguage\":\"sv-SE\",\"@id\":\"https:\\\/\\\/www.bedfont.com\\\/sv\\\/#\\\/schema\\\/logo\\\/image\\\/\",\"url\":\"https:\\\/\\\/www.bedfont.com\\\/wp-content\\\/uploads\\\/2023\\\/06\\\/logo.png\",\"contentUrl\":\"https:\\\/\\\/www.bedfont.com\\\/wp-content\\\/uploads\\\/2023\\\/06\\\/logo.png\",\"width\":1600,\"height\":505,\"caption\":\"Bedfont Scientific Ltd.\"},\"image\":{\"@id\":\"https:\\\/\\\/www.bedfont.com\\\/sv\\\/#\\\/schema\\\/logo\\\/image\\\/\"},\"sameAs\":[\"https:\\\/\\\/www.facebook.com\\\/Bedfontltd\\\/\",\"https:\\\/\\\/x.com\\\/BedfontLtd\",\"https:\\\/\\\/www.instagram.com\\\/bedfontltd\\\/\",\"https:\\\/\\\/www.linkedin.com\\\/company\\\/bedfont-scientific-ltd\\\/\",\"https:\\\/\\\/www.youtube.com\\\/user\\\/BedfontScientificLtd\"]}]}<\/script>\n<!-- \/ Yoast SEO plugin. -->","yoast_head_json":{"title":"Terms and Conditions - Bedfont Scientific Ltd.","description":"These terms and conditions apply between you, the User of this Website, and Bedfont Scientific Ltd, the owner and operator of this Website.","robots":{"index":"index","follow":"follow","max-snippet":"max-snippet:-1","max-image-preview":"max-image-preview:large","max-video-preview":"max-video-preview:-1"},"canonical":"https:\/\/www.bedfont.com\/sv\/terms-and-conditions\/","og_locale":"sv_SE","og_type":"article","og_title":"Terms and Conditions - Bedfont Scientific Ltd.","og_description":"These terms and conditions apply between you, the User of this Website, and Bedfont Scientific Ltd, the owner and operator of this Website.","og_url":"https:\/\/www.bedfont.com\/sv\/terms-and-conditions\/","og_site_name":"Bedfont Scientific Ltd.","article_publisher":"https:\/\/www.facebook.com\/Bedfontltd\/","article_modified_time":"2024-09-06T08:29:40+00:00","og_image":[{"url":"https:\/\/www.bedfont.com\/wp-content\/themes\/bedfont\/assets\/img\/subtle-bg.jpg","type":"","width":"","height":""}],"twitter_card":"summary_large_image","twitter_site":"@BedfontLtd","twitter_misc":{"Ber\u00e4knad l\u00e4stid":"3 minuter"},"schema":{"@context":"https:\/\/schema.org","@graph":[{"@type":"WebPage","@id":"https:\/\/www.bedfont.com\/sv\/terms-and-conditions\/","url":"https:\/\/www.bedfont.com\/sv\/terms-and-conditions\/","name":"Terms and Conditions - Bedfont Scientific Ltd.","isPartOf":{"@id":"https:\/\/www.bedfont.com\/sv\/#website"},"primaryImageOfPage":{"@id":"https:\/\/www.bedfont.com\/sv\/terms-and-conditions\/#primaryimage"},"image":{"@id":"https:\/\/www.bedfont.com\/sv\/terms-and-conditions\/#primaryimage"},"thumbnailUrl":"https:\/\/www.bedfont.com\/wp-content\/themes\/bedfont\/assets\/img\/subtle-bg.jpg","datePublished":"2023-11-10T13:44:39+00:00","dateModified":"2024-09-06T08:29:40+00:00","description":"These terms and conditions apply between you, the User of this Website, and Bedfont Scientific Ltd, the owner and operator of this Website.","breadcrumb":{"@id":"https:\/\/www.bedfont.com\/sv\/terms-and-conditions\/#breadcrumb"},"inLanguage":"sv-SE","potentialAction":[{"@type":"ReadAction","target":["https:\/\/www.bedfont.com\/sv\/terms-and-conditions\/"]}]},{"@type":"ImageObject","inLanguage":"sv-SE","@id":"https:\/\/www.bedfont.com\/sv\/terms-and-conditions\/#primaryimage","url":"https:\/\/www.bedfont.com\/wp-content\/themes\/bedfont\/assets\/img\/subtle-bg.jpg","contentUrl":"https:\/\/www.bedfont.com\/wp-content\/themes\/bedfont\/assets\/img\/subtle-bg.jpg"},{"@type":"BreadcrumbList","@id":"https:\/\/www.bedfont.com\/sv\/terms-and-conditions\/#breadcrumb","itemListElement":[{"@type":"ListItem","position":1,"name":"Home","item":"https:\/\/www.bedfont.com\/sv\/"},{"@type":"ListItem","position":2,"name":"Terms and Conditions"}]},{"@type":"WebSite","@id":"https:\/\/www.bedfont.com\/sv\/#website","url":"https:\/\/www.bedfont.com\/sv\/","name":"Bedfont Scientific Ltd.","description":"World leaders in breath analysis.","publisher":{"@id":"https:\/\/www.bedfont.com\/sv\/#organization"},"potentialAction":[{"@type":"SearchAction","target":{"@type":"EntryPoint","urlTemplate":"https:\/\/www.bedfont.com\/sv\/?s={search_term_string}"},"query-input":{"@type":"PropertyValueSpecification","valueRequired":true,"valueName":"search_term_string"}}],"inLanguage":"sv-SE"},{"@type":"Organization","@id":"https:\/\/www.bedfont.com\/sv\/#organization","name":"Bedfont Scientific Ltd.","url":"https:\/\/www.bedfont.com\/sv\/","logo":{"@type":"ImageObject","inLanguage":"sv-SE","@id":"https:\/\/www.bedfont.com\/sv\/#\/schema\/logo\/image\/","url":"https:\/\/www.bedfont.com\/wp-content\/uploads\/2023\/06\/logo.png","contentUrl":"https:\/\/www.bedfont.com\/wp-content\/uploads\/2023\/06\/logo.png","width":1600,"height":505,"caption":"Bedfont Scientific Ltd."},"image":{"@id":"https:\/\/www.bedfont.com\/sv\/#\/schema\/logo\/image\/"},"sameAs":["https:\/\/www.facebook.com\/Bedfontltd\/","https:\/\/x.com\/BedfontLtd","https:\/\/www.instagram.com\/bedfontltd\/","https:\/\/www.linkedin.com\/company\/bedfont-scientific-ltd\/","https:\/\/www.youtube.com\/user\/BedfontScientificLtd"]}]}},"_links":{"self":[{"href":"https:\/\/www.bedfont.com\/sv\/wp-json\/wp\/v2\/pages\/3699","targetHints":{"allow":["GET"]}}],"collection":[{"href":"https:\/\/www.bedfont.com\/sv\/wp-json\/wp\/v2\/pages"}],"about":[{"href":"https:\/\/www.bedfont.com\/sv\/wp-json\/wp\/v2\/types\/page"}],"author":[{"embeddable":true,"href":"https:\/\/www.bedfont.com\/sv\/wp-json\/wp\/v2\/users\/6"}],"replies":[{"embeddable":true,"href":"https:\/\/www.bedfont.com\/sv\/wp-json\/wp\/v2\/comments?post=3699"}],"version-history":[{"count":1,"href":"https:\/\/www.bedfont.com\/sv\/wp-json\/wp\/v2\/pages\/3699\/revisions"}],"predecessor-version":[{"id":3700,"href":"https:\/\/www.bedfont.com\/sv\/wp-json\/wp\/v2\/pages\/3699\/revisions\/3700"}],"wp:attachment":[{"href":"https:\/\/www.bedfont.com\/sv\/wp-json\/wp\/v2\/media?parent=3699"}],"curies":[{"name":"wp","href":"https:\/\/api.w.org\/{rel}","templated":true}]}}