{"id":3697,"date":"2022-07-06T14:48:53","date_gmt":"2022-07-06T14:48:53","guid":{"rendered":"https:\/\/bedfont.theprogressteam.com\/mjukvara\/"},"modified":"2024-10-14T10:56:08","modified_gmt":"2024-10-14T10:56:08","slug":"mjukvara","status":"publish","type":"page","link":"https:\/\/www.bedfont.com\/sv\/mjukvara\/","title":{"rendered":"Mjukvara"},"content":{"rendered":"\n<h1 class=\"wp-block-heading\">Mjukvara<\/h1>\n\n<p class=\"mb-5\">Ni finner all information och dokument om mjukvaran f\u00f6r v\u00e5ra produkter nedan. Om du beh\u00f6ver skapa ett \u00e4rende ang\u00e5ende en produkt, g\u00e5 via din distribut\u00f6r. <\/p>\n\n<div class=\"wp-block-columns is-layout-flex wp-container-core-columns-is-layout-9d6595d7 wp-block-columns-is-layout-flex\">\n<div class=\"wp-block-column is-layout-flow wp-block-column-is-layout-flow\" style=\"flex-basis:50%\">\n<div class=\"wp-block-columns are-vertically-aligned-center is-layout-flex wp-container-core-columns-is-layout-9d6595d7 wp-block-columns-is-layout-flex\">\n<div class=\"wp-block-column is-vertically-aligned-center is-layout-flow wp-block-column-is-layout-flow\" style=\"flex-basis:25%\">\n<figure class=\"wp-block-image size-full\"><a href=\"https:\/\/www.bedfont.com\/wp-content\/themes\/bedfont\/assets\/documents\/downloads\/Bedsoft_Framework.exe\"><img loading=\"lazy\" decoding=\"async\" width=\"180\" height=\"170\" src=\"https:\/\/www.bedfont.com\/wp-content\/uploads\/2024\/10\/bedsoft-icon.png\" alt=\"\" class=\"wp-image-5918\"\/><\/a><\/figure>\n<\/div>\n\n\n\n<div class=\"wp-block-column is-vertically-aligned-center is-layout-flow wp-block-column-is-layout-flow\" style=\"flex-basis:75%\">\n<h3 class=\"wp-block-heading has-text-color has-link-color wp-elements-9943bcf4066241e93d6c84e1c4cbc110\" style=\"color:#002b53\"><a href=\"https:\/\/www.bedfont.com\/wp-content\/themes\/bedfont\/assets\/documents\/downloads\/Bedsoft_Framework.exe\">Bedsoft<\/a><\/h3>\n\n\n\n<p class=\"has-text-color has-link-color wp-elements-eb895c60f2f90d1fb1e34d073f765235\" style=\"color:#002b53\"><a href=\"https:\/\/www.bedfont.com\/wp-content\/themes\/bedfont\/assets\/documents\/downloads\/Bedsoft_Framework.exe\">Genom att ladda ner Bedsoft l\u00e5ser du upp \u00e5tkomst till COdata+, ToxCOdata och GastroCHART, som \u00e4r kompatibelt med din Smokerlyzer, ToxCO eller Gastrolyzer-produkt.<\/a><\/p>\n<\/div>\n<\/div>\n<\/div>\n\n\n\n<div class=\"wp-block-column is-layout-flow wp-block-column-is-layout-flow\" style=\"flex-basis:50%\">\n<div class=\"wp-block-columns are-vertically-aligned-center is-layout-flex wp-container-core-columns-is-layout-9d6595d7 wp-block-columns-is-layout-flex\">\n<div class=\"wp-block-column is-vertically-aligned-center is-layout-flow wp-block-column-is-layout-flow\" style=\"flex-basis:25%\">\n<figure class=\"wp-block-image size-full\"><a href=\"https:\/\/www.bedfont.com\/wp-content\/themes\/bedfont\/assets\/documents\/downloads\/Bedsoft_Update_Tool_QSG.pdf\"><img loading=\"lazy\" decoding=\"async\" width=\"150\" height=\"150\" src=\"https:\/\/www.bedfont.com\/wp-content\/uploads\/2024\/10\/bedfont-icon.png\" alt=\"\" class=\"wp-image-5940\"\/><\/a><\/figure>\n<\/div>\n\n\n\n<div class=\"wp-block-column is-vertically-aligned-center is-layout-flow wp-block-column-is-layout-flow\" style=\"flex-basis:75%\">\n<h3 class=\"wp-block-heading has-text-color has-link-color wp-elements-8ddde0bb22a1f91e3bbc74ad6b8a875b\" style=\"color:#002b53\"><a href=\"https:\/\/www.bedfont.com\/wp-content\/themes\/bedfont\/assets\/documents\/downloads\/Bedsoft_Update_Tool_QSG.pdf\">Manual Bedsoft Update Tool QSG<\/a><\/h3>\n\n\n\n<p class=\"has-text-color has-link-color wp-elements-02793b0f872ad9b409ab076137860f0c\" style=\"color:#002b53\"><a href=\"https:\/\/www.bedfont.com\/wp-content\/themes\/bedfont\/assets\/documents\/downloads\/Bedsoft_Update_Tool_QSG.pdf\">This quick start guide provides instructions for using the manual Bedsoft Update Tool.\nDiscover how to find, install, and operate the Update Tool efficiently. <\/a><\/p>\n<\/div>\n<\/div>\n<\/div>\n<\/div>\n\n<div class=\"wp-block-columns is-layout-flex wp-container-core-columns-is-layout-9d6595d7 wp-block-columns-is-layout-flex\">\n<div class=\"wp-block-column is-layout-flow wp-block-column-is-layout-flow\" style=\"flex-basis:50%\">\n<div class=\"wp-block-columns are-vertically-aligned-center is-layout-flex wp-container-core-columns-is-layout-9d6595d7 wp-block-columns-is-layout-flex\">\n<div class=\"wp-block-column is-vertically-aligned-center is-layout-flow wp-block-column-is-layout-flow\" style=\"flex-basis:25%\">\n<figure class=\"wp-block-image size-full\"><a href=\"https:\/\/www.bedfont.com\/wp-content\/themes\/bedfont\/assets\/documents\/downloads\/Firmware_Updater.exe\"><img loading=\"lazy\" decoding=\"async\" width=\"180\" height=\"170\" src=\"https:\/\/www.bedfont.com\/wp-content\/uploads\/2024\/10\/bedsoft-icon.png\" alt=\"\" class=\"wp-image-5918\"\/><\/a><\/figure>\n<\/div>\n\n\n\n<div class=\"wp-block-column is-vertically-aligned-center is-layout-flow wp-block-column-is-layout-flow\" style=\"flex-basis:75%\">\n<h3 class=\"wp-block-heading has-text-color has-link-color wp-elements-4569e70fece462caa0a48ff9b2811a64\" style=\"color:#002b53\"><a href=\"https:\/\/www.bedfont.com\/wp-content\/themes\/bedfont\/assets\/documents\/downloads\/Firmware_Updater.exe\">Bedfont Firmware Updater Tool v1.84<\/a><\/h3>\n\n\n\n<p class=\"has-text-color has-link-color wp-elements-bb9257d6627ef57729832445093bd223\" style=\"color:#002b53\"><a href=\"https:\/\/www.bedfont.com\/wp-content\/themes\/bedfont\/assets\/documents\/downloads\/Firmware_Updater.exe\">This tool enables you to download firmware updates for NObreath, Smokerlyzer, ToxCO, and Gastrolyzer products.\nEnsure your products are up-to-date by downloading this tool and updating them to the latest version. <\/a><\/p>\n<\/div>\n<\/div>\n<\/div>\n\n\n\n<div class=\"wp-block-column is-layout-flow wp-block-column-is-layout-flow\" style=\"flex-basis:50%\">\n<div class=\"wp-block-columns are-vertically-aligned-center is-layout-flex wp-container-core-columns-is-layout-9d6595d7 wp-block-columns-is-layout-flex\">\n<div class=\"wp-block-column is-vertically-aligned-center is-layout-flow wp-block-column-is-layout-flow\" style=\"flex-basis:25%\">\n<figure class=\"wp-block-image size-full\"><a href=\"https:\/\/www.bedfont.com\/software\/product-software-activation\"><img loading=\"lazy\" decoding=\"async\" width=\"150\" height=\"150\" src=\"https:\/\/www.bedfont.com\/wp-content\/uploads\/2024\/10\/bedfont-icon.png\" alt=\"\" class=\"wp-image-5940\"\/><\/a><\/figure>\n<\/div>\n\n\n\n<div class=\"wp-block-column is-vertically-aligned-center is-layout-flow wp-block-column-is-layout-flow\" style=\"flex-basis:75%\">\n<h3 class=\"wp-block-heading has-text-color has-link-color wp-elements-77b0579d4ef5a3772e16cb59e847fbc1\" style=\"color:#002b53\"><a href=\"https:\/\/www.bedfont.com\/software\/product-software-activation\"><br\/>Product Software Activation Tool<\/a><\/h3>\n\n\n\n<p class=\"has-text-color has-link-color wp-elements-783fd8581003e61c3fb7c6c7cec9b745\" style=\"color:#002b53\"><a href=\"https:\/\/www.bedfont.com\/software\/product-software-activation\">Manually activate your product software using this tool.\nSimply enter your product key and installation code on this page, then click the activate button. <\/a><\/p>\n<\/div>\n<\/div>\n<\/div>\n<\/div>\n","protected":false},"excerpt":{"rendered":"<p>Mjukvara Ni finner all information och dokument om mjukvaran f\u00f6r v\u00e5ra produkter nedan. Om du beh\u00f6ver skapa ett \u00e4rende ang\u00e5ende en produkt, g\u00e5 via din distribut\u00f6r. Bedsoft Genom att ladda ner Bedsoft l\u00e5ser du upp \u00e5tkomst till COdata+, ToxCOdata och GastroCHART, som \u00e4r kompatibelt med din Smokerlyzer, ToxCO eller Gastrolyzer-produkt. Manual Bedsoft Update Tool QSG [&hellip;]<\/p>\n","protected":false},"author":6,"featured_media":0,"parent":0,"menu_order":0,"comment_status":"closed","ping_status":"closed","template":"templates\/page-gutenberg.php","meta":{"_acf_changed":false,"footnotes":""},"class_list":["post-3697","page","type-page","status-publish","hentry"],"acf":[],"yoast_head":"<!-- This site is optimized with the Yoast SEO plugin v27.4 - https:\/\/yoast.com\/product\/yoast-seo-wordpress\/ -->\n<title>Mjukvara - Bedfont Scientific Ltd.<\/title>\n<meta name=\"description\" content=\"V\u00e4nligen hitta all information och dokumentation om programvaran vi tillhandah\u00e5ller f\u00f6r v\u00e5ra produkter f\u00f6r andningsanalys nedan.\" \/>\n<meta name=\"robots\" content=\"index, follow, max-snippet:-1, max-image-preview:large, max-video-preview:-1\" \/>\n<link rel=\"canonical\" href=\"https:\/\/www.bedfont.com\/sv\/mjukvara\/\" \/>\n<meta property=\"og:locale\" content=\"sv_SE\" \/>\n<meta property=\"og:type\" content=\"article\" \/>\n<meta property=\"og:title\" content=\"Mjukvara - Bedfont Scientific Ltd.\" \/>\n<meta property=\"og:description\" content=\"V\u00e4nligen hitta all information och dokumentation om programvaran vi tillhandah\u00e5ller f\u00f6r v\u00e5ra produkter f\u00f6r andningsanalys nedan.\" \/>\n<meta property=\"og:url\" content=\"https:\/\/www.bedfont.com\/sv\/mjukvara\/\" \/>\n<meta property=\"og:site_name\" content=\"Bedfont Scientific Ltd.\" \/>\n<meta property=\"article:publisher\" content=\"https:\/\/www.facebook.com\/Bedfontltd\/\" \/>\n<meta property=\"article:modified_time\" content=\"2024-10-14T10:56:08+00:00\" \/>\n<meta property=\"og:image\" content=\"https:\/\/www.bedfont.com\/wp-content\/uploads\/2024\/10\/bedsoft-icon.png\" \/>\n<meta name=\"twitter:card\" content=\"summary_large_image\" \/>\n<meta name=\"twitter:site\" content=\"@BedfontLtd\" \/>\n<meta name=\"twitter:label1\" content=\"Ber\u00e4knad l\u00e4stid\" \/>\n\t<meta name=\"twitter:data1\" content=\"1 minut\" \/>\n<script type=\"application\/ld+json\" class=\"yoast-schema-graph\">{\"@context\":\"https:\\\/\\\/schema.org\",\"@graph\":[{\"@type\":\"WebPage\",\"@id\":\"https:\\\/\\\/www.bedfont.com\\\/sv\\\/mjukvara\\\/\",\"url\":\"https:\\\/\\\/www.bedfont.com\\\/sv\\\/mjukvara\\\/\",\"name\":\"Mjukvara - Bedfont Scientific Ltd.\",\"isPartOf\":{\"@id\":\"https:\\\/\\\/www.bedfont.com\\\/sv\\\/#website\"},\"primaryImageOfPage\":{\"@id\":\"https:\\\/\\\/www.bedfont.com\\\/sv\\\/mjukvara\\\/#primaryimage\"},\"image\":{\"@id\":\"https:\\\/\\\/www.bedfont.com\\\/sv\\\/mjukvara\\\/#primaryimage\"},\"thumbnailUrl\":\"https:\\\/\\\/www.bedfont.com\\\/wp-content\\\/uploads\\\/2024\\\/10\\\/bedsoft-icon.png\",\"datePublished\":\"2022-07-06T14:48:53+00:00\",\"dateModified\":\"2024-10-14T10:56:08+00:00\",\"description\":\"V\u00e4nligen hitta all information och dokumentation om programvaran vi tillhandah\u00e5ller f\u00f6r v\u00e5ra produkter f\u00f6r andningsanalys nedan.\",\"breadcrumb\":{\"@id\":\"https:\\\/\\\/www.bedfont.com\\\/sv\\\/mjukvara\\\/#breadcrumb\"},\"inLanguage\":\"sv-SE\",\"potentialAction\":[{\"@type\":\"ReadAction\",\"target\":[\"https:\\\/\\\/www.bedfont.com\\\/sv\\\/mjukvara\\\/\"]}]},{\"@type\":\"ImageObject\",\"inLanguage\":\"sv-SE\",\"@id\":\"https:\\\/\\\/www.bedfont.com\\\/sv\\\/mjukvara\\\/#primaryimage\",\"url\":\"https:\\\/\\\/www.bedfont.com\\\/wp-content\\\/uploads\\\/2024\\\/10\\\/bedsoft-icon.png\",\"contentUrl\":\"https:\\\/\\\/www.bedfont.com\\\/wp-content\\\/uploads\\\/2024\\\/10\\\/bedsoft-icon.png\"},{\"@type\":\"BreadcrumbList\",\"@id\":\"https:\\\/\\\/www.bedfont.com\\\/sv\\\/mjukvara\\\/#breadcrumb\",\"itemListElement\":[{\"@type\":\"ListItem\",\"position\":1,\"name\":\"Home\",\"item\":\"https:\\\/\\\/www.bedfont.com\\\/sv\\\/\"},{\"@type\":\"ListItem\",\"position\":2,\"name\":\"Mjukvara\"}]},{\"@type\":\"WebSite\",\"@id\":\"https:\\\/\\\/www.bedfont.com\\\/sv\\\/#website\",\"url\":\"https:\\\/\\\/www.bedfont.com\\\/sv\\\/\",\"name\":\"Bedfont Scientific Ltd.\",\"description\":\"World leaders in breath analysis.\",\"publisher\":{\"@id\":\"https:\\\/\\\/www.bedfont.com\\\/sv\\\/#organization\"},\"potentialAction\":[{\"@type\":\"SearchAction\",\"target\":{\"@type\":\"EntryPoint\",\"urlTemplate\":\"https:\\\/\\\/www.bedfont.com\\\/sv\\\/?s={search_term_string}\"},\"query-input\":{\"@type\":\"PropertyValueSpecification\",\"valueRequired\":true,\"valueName\":\"search_term_string\"}}],\"inLanguage\":\"sv-SE\"},{\"@type\":\"Organization\",\"@id\":\"https:\\\/\\\/www.bedfont.com\\\/sv\\\/#organization\",\"name\":\"Bedfont Scientific Ltd.\",\"url\":\"https:\\\/\\\/www.bedfont.com\\\/sv\\\/\",\"logo\":{\"@type\":\"ImageObject\",\"inLanguage\":\"sv-SE\",\"@id\":\"https:\\\/\\\/www.bedfont.com\\\/sv\\\/#\\\/schema\\\/logo\\\/image\\\/\",\"url\":\"https:\\\/\\\/www.bedfont.com\\\/wp-content\\\/uploads\\\/2023\\\/06\\\/logo.png\",\"contentUrl\":\"https:\\\/\\\/www.bedfont.com\\\/wp-content\\\/uploads\\\/2023\\\/06\\\/logo.png\",\"width\":1600,\"height\":505,\"caption\":\"Bedfont Scientific Ltd.\"},\"image\":{\"@id\":\"https:\\\/\\\/www.bedfont.com\\\/sv\\\/#\\\/schema\\\/logo\\\/image\\\/\"},\"sameAs\":[\"https:\\\/\\\/www.facebook.com\\\/Bedfontltd\\\/\",\"https:\\\/\\\/x.com\\\/BedfontLtd\",\"https:\\\/\\\/www.instagram.com\\\/bedfontltd\\\/\",\"https:\\\/\\\/www.linkedin.com\\\/company\\\/bedfont-scientific-ltd\\\/\",\"https:\\\/\\\/www.youtube.com\\\/user\\\/BedfontScientificLtd\"]}]}<\/script>\n<!-- \/ Yoast SEO plugin. -->","yoast_head_json":{"title":"Mjukvara - Bedfont Scientific Ltd.","description":"V\u00e4nligen hitta all information och dokumentation om programvaran vi tillhandah\u00e5ller f\u00f6r v\u00e5ra produkter f\u00f6r andningsanalys nedan.","robots":{"index":"index","follow":"follow","max-snippet":"max-snippet:-1","max-image-preview":"max-image-preview:large","max-video-preview":"max-video-preview:-1"},"canonical":"https:\/\/www.bedfont.com\/sv\/mjukvara\/","og_locale":"sv_SE","og_type":"article","og_title":"Mjukvara - Bedfont Scientific Ltd.","og_description":"V\u00e4nligen hitta all information och dokumentation om programvaran vi tillhandah\u00e5ller f\u00f6r v\u00e5ra produkter f\u00f6r andningsanalys nedan.","og_url":"https:\/\/www.bedfont.com\/sv\/mjukvara\/","og_site_name":"Bedfont Scientific Ltd.","article_publisher":"https:\/\/www.facebook.com\/Bedfontltd\/","article_modified_time":"2024-10-14T10:56:08+00:00","og_image":[{"url":"https:\/\/www.bedfont.com\/wp-content\/uploads\/2024\/10\/bedsoft-icon.png","type":"","width":"","height":""}],"twitter_card":"summary_large_image","twitter_site":"@BedfontLtd","twitter_misc":{"Ber\u00e4knad l\u00e4stid":"1 minut"},"schema":{"@context":"https:\/\/schema.org","@graph":[{"@type":"WebPage","@id":"https:\/\/www.bedfont.com\/sv\/mjukvara\/","url":"https:\/\/www.bedfont.com\/sv\/mjukvara\/","name":"Mjukvara - Bedfont Scientific Ltd.","isPartOf":{"@id":"https:\/\/www.bedfont.com\/sv\/#website"},"primaryImageOfPage":{"@id":"https:\/\/www.bedfont.com\/sv\/mjukvara\/#primaryimage"},"image":{"@id":"https:\/\/www.bedfont.com\/sv\/mjukvara\/#primaryimage"},"thumbnailUrl":"https:\/\/www.bedfont.com\/wp-content\/uploads\/2024\/10\/bedsoft-icon.png","datePublished":"2022-07-06T14:48:53+00:00","dateModified":"2024-10-14T10:56:08+00:00","description":"V\u00e4nligen hitta all information och dokumentation om programvaran vi tillhandah\u00e5ller f\u00f6r v\u00e5ra produkter f\u00f6r andningsanalys nedan.","breadcrumb":{"@id":"https:\/\/www.bedfont.com\/sv\/mjukvara\/#breadcrumb"},"inLanguage":"sv-SE","potentialAction":[{"@type":"ReadAction","target":["https:\/\/www.bedfont.com\/sv\/mjukvara\/"]}]},{"@type":"ImageObject","inLanguage":"sv-SE","@id":"https:\/\/www.bedfont.com\/sv\/mjukvara\/#primaryimage","url":"https:\/\/www.bedfont.com\/wp-content\/uploads\/2024\/10\/bedsoft-icon.png","contentUrl":"https:\/\/www.bedfont.com\/wp-content\/uploads\/2024\/10\/bedsoft-icon.png"},{"@type":"BreadcrumbList","@id":"https:\/\/www.bedfont.com\/sv\/mjukvara\/#breadcrumb","itemListElement":[{"@type":"ListItem","position":1,"name":"Home","item":"https:\/\/www.bedfont.com\/sv\/"},{"@type":"ListItem","position":2,"name":"Mjukvara"}]},{"@type":"WebSite","@id":"https:\/\/www.bedfont.com\/sv\/#website","url":"https:\/\/www.bedfont.com\/sv\/","name":"Bedfont Scientific Ltd.","description":"World leaders in breath analysis.","publisher":{"@id":"https:\/\/www.bedfont.com\/sv\/#organization"},"potentialAction":[{"@type":"SearchAction","target":{"@type":"EntryPoint","urlTemplate":"https:\/\/www.bedfont.com\/sv\/?s={search_term_string}"},"query-input":{"@type":"PropertyValueSpecification","valueRequired":true,"valueName":"search_term_string"}}],"inLanguage":"sv-SE"},{"@type":"Organization","@id":"https:\/\/www.bedfont.com\/sv\/#organization","name":"Bedfont Scientific Ltd.","url":"https:\/\/www.bedfont.com\/sv\/","logo":{"@type":"ImageObject","inLanguage":"sv-SE","@id":"https:\/\/www.bedfont.com\/sv\/#\/schema\/logo\/image\/","url":"https:\/\/www.bedfont.com\/wp-content\/uploads\/2023\/06\/logo.png","contentUrl":"https:\/\/www.bedfont.com\/wp-content\/uploads\/2023\/06\/logo.png","width":1600,"height":505,"caption":"Bedfont Scientific Ltd."},"image":{"@id":"https:\/\/www.bedfont.com\/sv\/#\/schema\/logo\/image\/"},"sameAs":["https:\/\/www.facebook.com\/Bedfontltd\/","https:\/\/x.com\/BedfontLtd","https:\/\/www.instagram.com\/bedfontltd\/","https:\/\/www.linkedin.com\/company\/bedfont-scientific-ltd\/","https:\/\/www.youtube.com\/user\/BedfontScientificLtd"]}]}},"_links":{"self":[{"href":"https:\/\/www.bedfont.com\/sv\/wp-json\/wp\/v2\/pages\/3697","targetHints":{"allow":["GET"]}}],"collection":[{"href":"https:\/\/www.bedfont.com\/sv\/wp-json\/wp\/v2\/pages"}],"about":[{"href":"https:\/\/www.bedfont.com\/sv\/wp-json\/wp\/v2\/types\/page"}],"author":[{"embeddable":true,"href":"https:\/\/www.bedfont.com\/sv\/wp-json\/wp\/v2\/users\/6"}],"replies":[{"embeddable":true,"href":"https:\/\/www.bedfont.com\/sv\/wp-json\/wp\/v2\/comments?post=3697"}],"version-history":[{"count":4,"href":"https:\/\/www.bedfont.com\/sv\/wp-json\/wp\/v2\/pages\/3697\/revisions"}],"predecessor-version":[{"id":7097,"href":"https:\/\/www.bedfont.com\/sv\/wp-json\/wp\/v2\/pages\/3697\/revisions\/7097"}],"wp:attachment":[{"href":"https:\/\/www.bedfont.com\/sv\/wp-json\/wp\/v2\/media?parent=3697"}],"curies":[{"name":"wp","href":"https:\/\/api.w.org\/{rel}","templated":true}]}}