{"id":3663,"date":"2022-07-06T14:45:46","date_gmt":"2022-07-06T14:45:46","guid":{"rendered":"https:\/\/bedfont.theprogressteam.com\/produkter\/"},"modified":"2025-03-17T16:13:30","modified_gmt":"2025-03-17T16:13:30","slug":"produkter","status":"publish","type":"page","link":"https:\/\/www.bedfont.com\/sv\/produkter\/","title":{"rendered":"Produkter"},"content":{"rendered":"<section class=\"hero-style-4 p-0 position-relative module-24-hero-0\" id=\"module-24-hero-0\"><div class=\"container-fluid overlay-img-holder\">\n\t\t\t<img width=\"1998\" height=\"544\" src=\"https:\/\/www.bedfont.com\/wp-content\/uploads\/2024\/10\/products.jpg\" class=\"w-100\" alt=\"\" decoding=\"async\" loading=\"lazy\" srcset=\"https:\/\/www.bedfont.com\/wp-content\/uploads\/2024\/10\/products.jpg 1998w, https:\/\/www.bedfont.com\/wp-content\/uploads\/2024\/10\/products-300x82.jpg 300w, https:\/\/www.bedfont.com\/wp-content\/uploads\/2024\/10\/products-1024x279.jpg 1024w, https:\/\/www.bedfont.com\/wp-content\/uploads\/2024\/10\/products-768x209.jpg 768w, https:\/\/www.bedfont.com\/wp-content\/uploads\/2024\/10\/products-1536x418.jpg 1536w\" sizes=\"auto, (max-width: 1998px) 100vw, 1998px\"\/><div class=\"overlay\">\n\t\t\t\t<div class=\"col-12 col-md-8 mx-auto\">\n\t\t\t\t\t<h1>Produkter<\/h1>\n\t\t\t\t\t<p>Bedfont\u00ae har ett brett utbud av andningsanalysapparater som alla har unika anv\u00e4ndningsomr\u00e5den. V\u00e5r expertis \u00e5terspeglas i det breda utbudet av produkter som vi erbjuder &#8211; fr\u00e5n b\u00e4rbara till b\u00e4nkbara enheter &#8211; som kan anv\u00e4ndas f\u00f6r att analysera patienternas andetag. <\/p>\n\n\t\t\t\t<\/div>\n\t\t\t<\/div>\n\t\t<\/div>\n\t<\/section><section class=\"two-column-style-5 bg-gradient-purple button-align-right module-24-two_column_image_text-1\" id=\"module-24-two_column_image_text-1\"><div class=\"container\">\n\t\t\t<div class=\"row \">\n\t\t\t\t<div class=\"col-12 col-lg-5\">\n\t\t\t\t\t<img width=\"1000\" height=\"1000\" src=\"https:\/\/www.bedfont.com\/wp-content\/uploads\/2024\/10\/NObreath-monitor-face-on-with-mouthpiece.png\" class=\"img-fluid mb-5 mb-lg-0\" alt=\"\" decoding=\"async\" loading=\"lazy\" srcset=\"https:\/\/www.bedfont.com\/wp-content\/uploads\/2024\/10\/NObreath-monitor-face-on-with-mouthpiece.png 1000w, https:\/\/www.bedfont.com\/wp-content\/uploads\/2024\/10\/NObreath-monitor-face-on-with-mouthpiece-300x300.png 300w, https:\/\/www.bedfont.com\/wp-content\/uploads\/2024\/10\/NObreath-monitor-face-on-with-mouthpiece-150x150.png 150w, https:\/\/www.bedfont.com\/wp-content\/uploads\/2024\/10\/NObreath-monitor-face-on-with-mouthpiece-768x768.png 768w\" sizes=\"auto, (max-width: 1000px) 100vw, 1000px\"\/><\/div>\n\t\t\t\t<div class=\"col-1\"><\/div>\n\t\t\t\t<div class=\"col-12 col-lg-6 my-auto\">\n\t\t\t\t\t<h2 class=\"text-left\"> NObreath<sup>\u00ae<\/sup><\/h2>\n\t\t\t\t<p>NObreath \u00e4r en FeNO-enhet som kan anv\u00e4ndas f\u00f6r att m\u00e4ta luftv\u00e4gsinflammation f\u00f6r diagnos och hantering av astma. \u00d6verensst\u00e4mmer med BTS\/NICE\/SIGN, ATS &#038; ERS riktlinjer, NObreath g\u00f6r FeNO-m\u00e4tning snabb och enkel, plus att den \u00e4r helt icke-invasiv, med f\u00f6rm\u00e5gan att \u00f6vervaka luftv\u00e4gsinflammation hos b\u00e5de vuxna och barnpatienter. Dessutom g\u00f6r omgivnings\u00f6vervakningsl\u00e4get dig att kontrollera omgivande niv\u00e5er av NO.  <\/p>\n\n\t\t\t\t\t<div class='button-box button-purple button-box-shadow'><a class='btn ' href='https:\/\/www.nobreathfeno.com\/' target=\"_blank\">Mer info<i class='fa fa-arrow-right ms-1' aria-hidden='true'><\/i><\/a><\/div>\n\t\t\t\t<\/div>\n\t\t\t<\/div>\n\t\t<\/div>\n\t<\/section><section class=\"two-column-style-5 bg-gradient-blue button-align-right module-24-two_column_image_text-2\" id=\"module-24-two_column_image_text-2\"><div class=\"container\">\n\t\t\t<div class=\"row \">\n\t\t\t\t<div class=\"col-12 col-lg-5\">\n\t\t\t\t\t<img width=\"929\" height=\"929\" src=\"https:\/\/www.bedfont.com\/wp-content\/uploads\/2024\/10\/smokerlyzer-range.png\" class=\"img-fluid mb-5 mb-lg-0\" alt=\"\" decoding=\"async\" loading=\"lazy\" srcset=\"https:\/\/www.bedfont.com\/wp-content\/uploads\/2024\/10\/smokerlyzer-range.png 929w, https:\/\/www.bedfont.com\/wp-content\/uploads\/2024\/10\/smokerlyzer-range-300x300.png 300w, https:\/\/www.bedfont.com\/wp-content\/uploads\/2024\/10\/smokerlyzer-range-150x150.png 150w, https:\/\/www.bedfont.com\/wp-content\/uploads\/2024\/10\/smokerlyzer-range-768x768.png 768w\" sizes=\"auto, (max-width: 929px) 100vw, 929px\"\/><\/div>\n\t\t\t\t<div class=\"col-1\"><\/div>\n\t\t\t\t<div class=\"col-12 col-lg-6 my-auto\">\n\t\t\t\t\t<h2 class=\"text-left\">Smokerlyzer<sup>\u00ae<\/sup><\/h2>\n\t\t\t\t<p>Produkterna i Smokerlyzer-serien \u00e4r alla kolmonoxidanordningar (CO) f\u00f6r att hj\u00e4lpa till att sluta r\u00f6ka. Enheterna m\u00e4ter m\u00e4ngden CO p\u00e5 en r\u00f6kares andetag. F\u00f6r proffs \u00e4r det ett s\u00e4tt att biokemiskt fastst\u00e4lla en persons r\u00f6kstatus och f\u00f6r r\u00f6karna sj\u00e4lva \u00e4r Smokerlyzer ett motiverande visuellt hj\u00e4lpmedel f\u00f6r att uppmuntra dem att sluta och f\u00f6r att m\u00e4ta deras framsteg medan de g\u00f6r det.  <\/p>\n\n\t\t\t\t\t<div class='button-box button-blue button-box-shadow'><a class='btn ' href='https:\/\/www.bedfont.com\/sv\/produkter\/smokerlyzer\/' target=\"_self\">Mer info<i class='fa fa-arrow-right ms-1' aria-hidden='true'><\/i><\/a><\/div>\n\t\t\t\t<\/div>\n\t\t\t<\/div>\n\t\t<\/div>\n\t<\/section><section class=\"two-column-style-5 bg-gradient-pink button-align-right module-24-two_column_image_text-3\" id=\"module-24-two_column_image_text-3\"><div class=\"container\">\n\t\t\t<div class=\"row \">\n\t\t\t\t<div class=\"col-12 col-lg-5\">\n\t\t\t\t\t<img width=\"1000\" height=\"995\" src=\"https:\/\/www.bedfont.com\/wp-content\/uploads\/2024\/10\/gastrolyzer-range.png\" class=\"img-fluid mb-5 mb-lg-0\" alt=\"\" decoding=\"async\" loading=\"lazy\" srcset=\"https:\/\/www.bedfont.com\/wp-content\/uploads\/2024\/10\/gastrolyzer-range.png 1000w, https:\/\/www.bedfont.com\/wp-content\/uploads\/2024\/10\/gastrolyzer-range-300x300.png 300w, https:\/\/www.bedfont.com\/wp-content\/uploads\/2024\/10\/gastrolyzer-range-150x150.png 150w, https:\/\/www.bedfont.com\/wp-content\/uploads\/2024\/10\/gastrolyzer-range-768x764.png 768w\" sizes=\"auto, (max-width: 1000px) 100vw, 1000px\"\/><\/div>\n\t\t\t\t<div class=\"col-1\"><\/div>\n\t\t\t\t<div class=\"col-12 col-lg-6 my-auto\">\n\t\t\t\t\t<h2 class=\"text-left\">Gastrolyzer<sup>\u00ae<\/sup><\/h2>\n\t\t\t\t<p>Gastrolyzer\u00ae-serien hj\u00e4lper till att uppt\u00e4cka gastrointestinala st\u00f6rningar och erbjuder exakta v\u00e4tgasutandningsprov.<\/p>\n<p>Gastrolyzer-serien \u00e4r en upps\u00e4ttning medicinska apparater utformade f\u00f6r att m\u00e4ta olika gaser i patienternas andetag i syfte att diagnostisera och behandla olika gastrointestinala (GI) st\u00f6rningar.<\/p>\n\n\t\t\t\t\t<div class='button-box button-pink button-box-shadow'><a class='btn ' href='https:\/\/www.gastrolyzer.com\/' target=\"_blank\">Mer info<i class='fa fa-arrow-right ms-1' aria-hidden='true'><\/i><\/a><\/div>\n\t\t\t\t<\/div>\n\t\t\t<\/div>\n\t\t<\/div>\n\t<\/section><section class=\"two-column-style-5 bg-gradient-red button-align-right module-24-two_column_image_text-4\" id=\"module-24-two_column_image_text-4\"><div class=\"container\">\n\t\t\t<div class=\"row \">\n\t\t\t\t<div class=\"col-12 col-lg-5\">\n\t\t\t\t\t<img width=\"773\" height=\"773\" src=\"https:\/\/www.bedfont.com\/wp-content\/uploads\/2024\/10\/medigas-range.png\" class=\"img-fluid mb-5 mb-lg-0\" alt=\"\" decoding=\"async\" loading=\"lazy\" srcset=\"https:\/\/www.bedfont.com\/wp-content\/uploads\/2024\/10\/medigas-range.png 773w, https:\/\/www.bedfont.com\/wp-content\/uploads\/2024\/10\/medigas-range-300x300.png 300w, https:\/\/www.bedfont.com\/wp-content\/uploads\/2024\/10\/medigas-range-150x150.png 150w, https:\/\/www.bedfont.com\/wp-content\/uploads\/2024\/10\/medigas-range-768x768.png 768w\" sizes=\"auto, (max-width: 773px) 100vw, 773px\"\/><\/div>\n\t\t\t\t<div class=\"col-1\"><\/div>\n\t\t\t\t<div class=\"col-12 col-lg-6 my-auto\">\n\t\t\t\t\t<h2 class=\"text-left\"> Medi-Gas Check<\/h2>\n\t\t\t\t<p>Medi-Gas Check-serien \u00e4r en svit av fasta och b\u00e4rbara gasdetektionsmonitorer som anv\u00e4nds f\u00f6r att verifiera och validera kvaliteten och kvantiteten av medicinsk gas som administreras till patienter, fr\u00e5n anl\u00e4ggningsrummet och distributionspunkterna till leveranspunkten till patienten. Sortimentet \u00f6verensst\u00e4mmer helt med kraven i brittiska myndigheters v\u00e4gledning i form av Health Technical Memorandum (HTM) 02-01 och annan relevant lagstiftning. <\/p>\n\n\t\t\t\t\t<div class='button-box button-red button-box-shadow'><a class='btn ' href='https:\/\/www.bedfont.com\/sv\/produkter\/medi-gas-check\/' target=\"_self\">Mer info<i class='fa fa-arrow-right ms-1' aria-hidden='true'><\/i><\/a><\/div>\n\t\t\t\t<\/div>\n\t\t\t<\/div>\n\t\t<\/div>\n\t<\/section><section class=\"two-column-style-5 bg-gradient-brown button-align-right module-24-two_column_image_text-5\" id=\"module-24-two_column_image_text-5\"><div class=\"container\">\n\t\t\t<div class=\"row \">\n\t\t\t\t<div class=\"col-12 col-lg-5\">\n\t\t\t\t\t<img width=\"1000\" height=\"1000\" src=\"https:\/\/www.bedfont.com\/wp-content\/uploads\/2024\/10\/celler8-1.png\" class=\"img-fluid mb-5 mb-lg-0\" alt=\"\" decoding=\"async\" loading=\"lazy\" srcset=\"https:\/\/www.bedfont.com\/wp-content\/uploads\/2024\/10\/celler8-1.png 1000w, https:\/\/www.bedfont.com\/wp-content\/uploads\/2024\/10\/celler8-1-300x300.png 300w, https:\/\/www.bedfont.com\/wp-content\/uploads\/2024\/10\/celler8-1-150x150.png 150w, https:\/\/www.bedfont.com\/wp-content\/uploads\/2024\/10\/celler8-1-768x768.png 768w\" sizes=\"auto, (max-width: 1000px) 100vw, 1000px\"\/><\/div>\n\t\t\t\t<div class=\"col-1\"><\/div>\n\t\t\t\t<div class=\"col-12 col-lg-6 my-auto\">\n\t\t\t\t\t<h2 class=\"text-left\"><\/h2>\n\t\t\t\t<p><img decoding=\"async\" src=\"https:\/\/www.bedfont.com\/wp-content\/themes\/bedfont\/assets\/img\/product-logos\/celler8-logo.png\" class=\"img-fluid celler8-logo\" alt=\"CELLER8 logo\" style=\"border-bottom-color: rgba(0, 0, 0, 0);\"\/><\/p>\n<p>CELLER8 genererar pulserande elektromagnetiska f\u00e4lt (PEMF) upp till 90 cm fr\u00e5n enheten och ger dig hela kroppen och lokal t\u00e4ckning.<\/p>\n<p>CELLER8-teknologin ger dig ocks\u00e5 kontroll \u00f6ver grunderna f\u00f6r PEMF-terapi inklusive:<\/p>\n<ul><li>Intensitet<\/li>\n<li>Frekvens<\/li>\n<li>Polaritet<\/li>\n<\/ul>\n\n\t\t\t\t\t<div class='button-box button-brown button-box-shadow'><a class='btn ' href='https:\/\/www.celler8.com\/' target=\"_blank\">Mer info<i class='fa fa-arrow-right ms-1' aria-hidden='true'><\/i><\/a><\/div>\n\t\t\t\t<\/div>\n\t\t\t<\/div>\n\t\t<\/div>\n\t<\/section><section class=\"two-column-style-5 bg-gradient-blue button-align-right module-24-two_column_image_text-6\" id=\"module-24-two_column_image_text-6\"><div class=\"container\">\n\t\t\t<div class=\"row \">\n\t\t\t\t<div class=\"col-12 col-lg-5\">\n\t\t\t\t\t<img width=\"1000\" height=\"1000\" src=\"https:\/\/www.bedfont.com\/wp-content\/uploads\/2024\/10\/breathacise-1.png\" class=\"img-fluid mb-5 mb-lg-0\" alt=\"\" decoding=\"async\" loading=\"lazy\" srcset=\"https:\/\/www.bedfont.com\/wp-content\/uploads\/2024\/10\/breathacise-1.png 1000w, https:\/\/www.bedfont.com\/wp-content\/uploads\/2024\/10\/breathacise-1-300x300.png 300w, https:\/\/www.bedfont.com\/wp-content\/uploads\/2024\/10\/breathacise-1-150x150.png 150w, https:\/\/www.bedfont.com\/wp-content\/uploads\/2024\/10\/breathacise-1-768x768.png 768w\" sizes=\"auto, (max-width: 1000px) 100vw, 1000px\"\/><\/div>\n\t\t\t\t<div class=\"col-1\"><\/div>\n\t\t\t\t<div class=\"col-12 col-lg-6 my-auto\">\n\t\t\t\t\t<h2 class=\"text-left\"><\/h2>\n\t\t\t\t<p><img decoding=\"async\" src=\"https:\/\/www.bedfont.com\/wp-content\/themes\/bedfont\/assets\/img\/product-logos\/breathacise-logo.png\" class=\"img-fluid my-4 celler8-logo\" alt=\"Breathacise logo\" style=\"border-bottom-color: rgba(0, 0, 0, 0);\"\/><\/p>\n<p>Breathacise-spirometern \u00e4r en stimulansspirometer som anv\u00e4nder ett basketspel f\u00f6r att tr\u00e4na och hj\u00e4lpa till att f\u00f6rb\u00e4ttra din andningskapacitet och styrka. Den g\u00f6r detta genom att hj\u00e4lpa dig att tr\u00e4na din andningskapacitet genom djupandning. <\/p>\n<p>Breathacise har ett inbyggt basketspel f\u00f6r att ge ett incitament f\u00f6r andningstr\u00e4ning. St\u00e4ll in basketkorgen p\u00e5 \u00f6nskat m\u00e5l, andas in och anv\u00e4nd indikatorn f\u00f6r att s\u00e4kerst\u00e4lla en stadig, djup inandning tills du s\u00e4nker bollen i korgen. <\/p>\n\n\t\t\t\t\t<div class='button-box button-blue button-box-shadow'><a class='btn ' href='https:\/\/www.breathacise.com\/' target=\"_blank\">Mer info<i class='fa fa-arrow-right ms-1' aria-hidden='true'><\/i><\/a><\/div>\n\t\t\t\t<\/div>\n\t\t\t<\/div>\n\t\t<\/div>\n\t<\/section><section class=\"two-column-style-5 bg-gradient-dark-blue button-align-right module-24-two_column_image_text-7\" id=\"module-24-two_column_image_text-7\"><div class=\"container\">\n\t\t\t<div class=\"row \">\n\t\t\t\t<div class=\"col-12 col-lg-5\">\n\t\t\t\t\t<img width=\"444\" height=\"430\" src=\"https:\/\/www.bedfont.com\/wp-content\/uploads\/2025\/03\/SDK.png\" class=\"img-fluid mb-5 mb-lg-0\" alt=\"\" decoding=\"async\" loading=\"lazy\" srcset=\"https:\/\/www.bedfont.com\/wp-content\/uploads\/2025\/03\/SDK.png 444w, https:\/\/www.bedfont.com\/wp-content\/uploads\/2025\/03\/SDK-300x291.png 300w\" sizes=\"auto, (max-width: 444px) 100vw, 444px\"\/><\/div>\n\t\t\t\t<div class=\"col-1\"><\/div>\n\t\t\t\t<div class=\"col-12 col-lg-6 my-auto\">\n\t\t\t\t\t<h2 class=\"text-left\">Mjukvaruutvecklingssatser<\/h2>\n\t\t\t\t<p>L\u00e5s upp s\u00f6ml\u00f6s biovalideringsintegration med Bedfont SDK! Designade f\u00f6r utvecklare som vill ge korrekt h\u00e4lso\u00f6vervakning och realtidsdata till sina appar, v\u00e5ra SDK:er erbjuder en direktl\u00e4nk till Bedfonts betrodda medicinska utrustning. Oavsett om du bygger en app f\u00f6r astmahantering, r\u00f6kavv\u00e4njning eller personligt v\u00e4lbefinnande, ger v\u00e5ra SDK:er s\u00e4ker, kompatibel och enkel anslutning. Ge dina anv\u00e4ndare kraften i kliniska \u2013 betygsinsikter med bara n\u00e5gra rader kod \u2013 f\u00f6rvandla din app till en h\u00e4lsol\u00f6sning idag!   <\/p>\n\n\t\t\t\t\t<div class='button-box button-blue button-box-shadow'><a class='btn ' href='https:\/\/www.bedfont.com\/sv\/sdk\/' target=\"_self\">Mer info<i class='fa fa-arrow-right ms-1' aria-hidden='true'><\/i><\/a><\/div>\n\t\t\t\t<\/div>\n\t\t\t<\/div>\n\t\t<\/div>\n\t<\/section>","protected":false},"excerpt":{"rendered":"<p>Produkter Bedfont\u00ae har ett brett utbud av andningsanalysapparater som alla har unika anv\u00e4ndningsomr\u00e5den. V\u00e5r expertis \u00e5terspeglas i det breda utbudet av produkter som vi erbjuder &#8211; fr\u00e5n b\u00e4rbara till b\u00e4nkbara enheter &#8211; som kan anv\u00e4ndas f\u00f6r att analysera patienternas andetag. NObreath\u00ae NObreath \u00e4r en FeNO-enhet som kan anv\u00e4ndas f\u00f6r att m\u00e4ta luftv\u00e4gsinflammation f\u00f6r diagnos och [&hellip;]<\/p>\n","protected":false},"author":6,"featured_media":0,"parent":0,"menu_order":0,"comment_status":"closed","ping_status":"closed","template":"templates\/page-modules.php","meta":{"_acf_changed":false,"footnotes":""},"class_list":["post-3663","page","type-page","status-publish","hentry"],"acf":[],"yoast_head":"<!-- This site is optimized with the Yoast SEO plugin v27.4 - https:\/\/yoast.com\/product\/yoast-seo-wordpress\/ -->\n<title>Produkter - Bedfont Scientific Ltd.<\/title>\n<meta name=\"description\" content=\"Bedfont Scientific Ltd. har ett brett utbud av andningsanalytiska enheter f\u00f6r att hj\u00e4lpa till att uppt\u00e4cka flera tillst\u00e5nd, alla med unika anv\u00e4ndningsomr\u00e5den.\" \/>\n<meta name=\"robots\" content=\"index, follow, max-snippet:-1, max-image-preview:large, max-video-preview:-1\" \/>\n<link rel=\"canonical\" href=\"https:\/\/www.bedfont.com\/sv\/produkter\/\" \/>\n<meta property=\"og:locale\" content=\"sv_SE\" \/>\n<meta property=\"og:type\" content=\"article\" \/>\n<meta property=\"og:title\" content=\"Produkter - Bedfont Scientific Ltd.\" \/>\n<meta property=\"og:description\" content=\"Bedfont Scientific Ltd. har ett brett utbud av andningsanalytiska enheter f\u00f6r att hj\u00e4lpa till att uppt\u00e4cka flera tillst\u00e5nd, alla med unika anv\u00e4ndningsomr\u00e5den.\" \/>\n<meta property=\"og:url\" content=\"https:\/\/www.bedfont.com\/sv\/produkter\/\" \/>\n<meta property=\"og:site_name\" content=\"Bedfont Scientific Ltd.\" \/>\n<meta property=\"article:publisher\" content=\"https:\/\/www.facebook.com\/Bedfontltd\/\" \/>\n<meta property=\"article:modified_time\" content=\"2025-03-17T16:13:30+00:00\" \/>\n<meta property=\"og:image\" content=\"https:\/\/www.bedfont.com\/wp-content\/uploads\/2024\/10\/products.jpg\" \/>\n<meta name=\"twitter:card\" content=\"summary_large_image\" \/>\n<meta name=\"twitter:site\" content=\"@BedfontLtd\" \/>\n<meta name=\"twitter:label1\" content=\"Ber\u00e4knad l\u00e4stid\" \/>\n\t<meta name=\"twitter:data1\" content=\"4 minuter\" \/>\n<script type=\"application\/ld+json\" class=\"yoast-schema-graph\">{\"@context\":\"https:\\\/\\\/schema.org\",\"@graph\":[{\"@type\":\"WebPage\",\"@id\":\"https:\\\/\\\/www.bedfont.com\\\/sv\\\/produkter\\\/\",\"url\":\"https:\\\/\\\/www.bedfont.com\\\/sv\\\/produkter\\\/\",\"name\":\"Produkter - Bedfont Scientific Ltd.\",\"isPartOf\":{\"@id\":\"https:\\\/\\\/www.bedfont.com\\\/sv\\\/#website\"},\"primaryImageOfPage\":{\"@id\":\"https:\\\/\\\/www.bedfont.com\\\/sv\\\/produkter\\\/#primaryimage\"},\"image\":{\"@id\":\"https:\\\/\\\/www.bedfont.com\\\/sv\\\/produkter\\\/#primaryimage\"},\"thumbnailUrl\":\"https:\\\/\\\/www.bedfont.com\\\/wp-content\\\/uploads\\\/2024\\\/10\\\/products.jpg\",\"datePublished\":\"2022-07-06T14:45:46+00:00\",\"dateModified\":\"2025-03-17T16:13:30+00:00\",\"description\":\"Bedfont Scientific Ltd. har ett brett utbud av andningsanalytiska enheter f\u00f6r att hj\u00e4lpa till att uppt\u00e4cka flera tillst\u00e5nd, alla med unika anv\u00e4ndningsomr\u00e5den.\",\"breadcrumb\":{\"@id\":\"https:\\\/\\\/www.bedfont.com\\\/sv\\\/produkter\\\/#breadcrumb\"},\"inLanguage\":\"sv-SE\",\"potentialAction\":[{\"@type\":\"ReadAction\",\"target\":[\"https:\\\/\\\/www.bedfont.com\\\/sv\\\/produkter\\\/\"]}]},{\"@type\":\"ImageObject\",\"inLanguage\":\"sv-SE\",\"@id\":\"https:\\\/\\\/www.bedfont.com\\\/sv\\\/produkter\\\/#primaryimage\",\"url\":\"https:\\\/\\\/www.bedfont.com\\\/wp-content\\\/uploads\\\/2024\\\/10\\\/products.jpg\",\"contentUrl\":\"https:\\\/\\\/www.bedfont.com\\\/wp-content\\\/uploads\\\/2024\\\/10\\\/products.jpg\"},{\"@type\":\"BreadcrumbList\",\"@id\":\"https:\\\/\\\/www.bedfont.com\\\/sv\\\/produkter\\\/#breadcrumb\",\"itemListElement\":[{\"@type\":\"ListItem\",\"position\":1,\"name\":\"Home\",\"item\":\"https:\\\/\\\/www.bedfont.com\\\/sv\\\/\"},{\"@type\":\"ListItem\",\"position\":2,\"name\":\"Produkter\"}]},{\"@type\":\"WebSite\",\"@id\":\"https:\\\/\\\/www.bedfont.com\\\/sv\\\/#website\",\"url\":\"https:\\\/\\\/www.bedfont.com\\\/sv\\\/\",\"name\":\"Bedfont Scientific Ltd.\",\"description\":\"World leaders in breath analysis.\",\"publisher\":{\"@id\":\"https:\\\/\\\/www.bedfont.com\\\/sv\\\/#organization\"},\"potentialAction\":[{\"@type\":\"SearchAction\",\"target\":{\"@type\":\"EntryPoint\",\"urlTemplate\":\"https:\\\/\\\/www.bedfont.com\\\/sv\\\/?s={search_term_string}\"},\"query-input\":{\"@type\":\"PropertyValueSpecification\",\"valueRequired\":true,\"valueName\":\"search_term_string\"}}],\"inLanguage\":\"sv-SE\"},{\"@type\":\"Organization\",\"@id\":\"https:\\\/\\\/www.bedfont.com\\\/sv\\\/#organization\",\"name\":\"Bedfont Scientific Ltd.\",\"url\":\"https:\\\/\\\/www.bedfont.com\\\/sv\\\/\",\"logo\":{\"@type\":\"ImageObject\",\"inLanguage\":\"sv-SE\",\"@id\":\"https:\\\/\\\/www.bedfont.com\\\/sv\\\/#\\\/schema\\\/logo\\\/image\\\/\",\"url\":\"https:\\\/\\\/www.bedfont.com\\\/wp-content\\\/uploads\\\/2023\\\/06\\\/logo.png\",\"contentUrl\":\"https:\\\/\\\/www.bedfont.com\\\/wp-content\\\/uploads\\\/2023\\\/06\\\/logo.png\",\"width\":1600,\"height\":505,\"caption\":\"Bedfont Scientific Ltd.\"},\"image\":{\"@id\":\"https:\\\/\\\/www.bedfont.com\\\/sv\\\/#\\\/schema\\\/logo\\\/image\\\/\"},\"sameAs\":[\"https:\\\/\\\/www.facebook.com\\\/Bedfontltd\\\/\",\"https:\\\/\\\/x.com\\\/BedfontLtd\",\"https:\\\/\\\/www.instagram.com\\\/bedfontltd\\\/\",\"https:\\\/\\\/www.linkedin.com\\\/company\\\/bedfont-scientific-ltd\\\/\",\"https:\\\/\\\/www.youtube.com\\\/user\\\/BedfontScientificLtd\"]}]}<\/script>\n<!-- \/ Yoast SEO plugin. -->","yoast_head_json":{"title":"Produkter - Bedfont Scientific Ltd.","description":"Bedfont Scientific Ltd. har ett brett utbud av andningsanalytiska enheter f\u00f6r att hj\u00e4lpa till att uppt\u00e4cka flera tillst\u00e5nd, alla med unika anv\u00e4ndningsomr\u00e5den.","robots":{"index":"index","follow":"follow","max-snippet":"max-snippet:-1","max-image-preview":"max-image-preview:large","max-video-preview":"max-video-preview:-1"},"canonical":"https:\/\/www.bedfont.com\/sv\/produkter\/","og_locale":"sv_SE","og_type":"article","og_title":"Produkter - Bedfont Scientific Ltd.","og_description":"Bedfont Scientific Ltd. har ett brett utbud av andningsanalytiska enheter f\u00f6r att hj\u00e4lpa till att uppt\u00e4cka flera tillst\u00e5nd, alla med unika anv\u00e4ndningsomr\u00e5den.","og_url":"https:\/\/www.bedfont.com\/sv\/produkter\/","og_site_name":"Bedfont Scientific Ltd.","article_publisher":"https:\/\/www.facebook.com\/Bedfontltd\/","article_modified_time":"2025-03-17T16:13:30+00:00","og_image":[{"url":"https:\/\/www.bedfont.com\/wp-content\/uploads\/2024\/10\/products.jpg","type":"","width":"","height":""}],"twitter_card":"summary_large_image","twitter_site":"@BedfontLtd","twitter_misc":{"Ber\u00e4knad l\u00e4stid":"4 minuter"},"schema":{"@context":"https:\/\/schema.org","@graph":[{"@type":"WebPage","@id":"https:\/\/www.bedfont.com\/sv\/produkter\/","url":"https:\/\/www.bedfont.com\/sv\/produkter\/","name":"Produkter - Bedfont Scientific Ltd.","isPartOf":{"@id":"https:\/\/www.bedfont.com\/sv\/#website"},"primaryImageOfPage":{"@id":"https:\/\/www.bedfont.com\/sv\/produkter\/#primaryimage"},"image":{"@id":"https:\/\/www.bedfont.com\/sv\/produkter\/#primaryimage"},"thumbnailUrl":"https:\/\/www.bedfont.com\/wp-content\/uploads\/2024\/10\/products.jpg","datePublished":"2022-07-06T14:45:46+00:00","dateModified":"2025-03-17T16:13:30+00:00","description":"Bedfont Scientific Ltd. har ett brett utbud av andningsanalytiska enheter f\u00f6r att hj\u00e4lpa till att uppt\u00e4cka flera tillst\u00e5nd, alla med unika anv\u00e4ndningsomr\u00e5den.","breadcrumb":{"@id":"https:\/\/www.bedfont.com\/sv\/produkter\/#breadcrumb"},"inLanguage":"sv-SE","potentialAction":[{"@type":"ReadAction","target":["https:\/\/www.bedfont.com\/sv\/produkter\/"]}]},{"@type":"ImageObject","inLanguage":"sv-SE","@id":"https:\/\/www.bedfont.com\/sv\/produkter\/#primaryimage","url":"https:\/\/www.bedfont.com\/wp-content\/uploads\/2024\/10\/products.jpg","contentUrl":"https:\/\/www.bedfont.com\/wp-content\/uploads\/2024\/10\/products.jpg"},{"@type":"BreadcrumbList","@id":"https:\/\/www.bedfont.com\/sv\/produkter\/#breadcrumb","itemListElement":[{"@type":"ListItem","position":1,"name":"Home","item":"https:\/\/www.bedfont.com\/sv\/"},{"@type":"ListItem","position":2,"name":"Produkter"}]},{"@type":"WebSite","@id":"https:\/\/www.bedfont.com\/sv\/#website","url":"https:\/\/www.bedfont.com\/sv\/","name":"Bedfont Scientific Ltd.","description":"World leaders in breath analysis.","publisher":{"@id":"https:\/\/www.bedfont.com\/sv\/#organization"},"potentialAction":[{"@type":"SearchAction","target":{"@type":"EntryPoint","urlTemplate":"https:\/\/www.bedfont.com\/sv\/?s={search_term_string}"},"query-input":{"@type":"PropertyValueSpecification","valueRequired":true,"valueName":"search_term_string"}}],"inLanguage":"sv-SE"},{"@type":"Organization","@id":"https:\/\/www.bedfont.com\/sv\/#organization","name":"Bedfont Scientific Ltd.","url":"https:\/\/www.bedfont.com\/sv\/","logo":{"@type":"ImageObject","inLanguage":"sv-SE","@id":"https:\/\/www.bedfont.com\/sv\/#\/schema\/logo\/image\/","url":"https:\/\/www.bedfont.com\/wp-content\/uploads\/2023\/06\/logo.png","contentUrl":"https:\/\/www.bedfont.com\/wp-content\/uploads\/2023\/06\/logo.png","width":1600,"height":505,"caption":"Bedfont Scientific Ltd."},"image":{"@id":"https:\/\/www.bedfont.com\/sv\/#\/schema\/logo\/image\/"},"sameAs":["https:\/\/www.facebook.com\/Bedfontltd\/","https:\/\/x.com\/BedfontLtd","https:\/\/www.instagram.com\/bedfontltd\/","https:\/\/www.linkedin.com\/company\/bedfont-scientific-ltd\/","https:\/\/www.youtube.com\/user\/BedfontScientificLtd"]}]}},"_links":{"self":[{"href":"https:\/\/www.bedfont.com\/sv\/wp-json\/wp\/v2\/pages\/3663","targetHints":{"allow":["GET"]}}],"collection":[{"href":"https:\/\/www.bedfont.com\/sv\/wp-json\/wp\/v2\/pages"}],"about":[{"href":"https:\/\/www.bedfont.com\/sv\/wp-json\/wp\/v2\/types\/page"}],"author":[{"embeddable":true,"href":"https:\/\/www.bedfont.com\/sv\/wp-json\/wp\/v2\/users\/6"}],"replies":[{"embeddable":true,"href":"https:\/\/www.bedfont.com\/sv\/wp-json\/wp\/v2\/comments?post=3663"}],"version-history":[{"count":13,"href":"https:\/\/www.bedfont.com\/sv\/wp-json\/wp\/v2\/pages\/3663\/revisions"}],"predecessor-version":[{"id":8351,"href":"https:\/\/www.bedfont.com\/sv\/wp-json\/wp\/v2\/pages\/3663\/revisions\/8351"}],"wp:attachment":[{"href":"https:\/\/www.bedfont.com\/sv\/wp-json\/wp\/v2\/media?parent=3663"}],"curies":[{"name":"wp","href":"https:\/\/api.w.org\/{rel}","templated":true}]}}