{"id":3633,"date":"2023-04-06T08:13:17","date_gmt":"2023-04-06T08:13:17","guid":{"rendered":"https:\/\/bedfont.theprogressteam.com\/integritetsmeddelande\/"},"modified":"2024-10-10T08:45:47","modified_gmt":"2024-10-10T08:45:47","slug":"integritetsmeddelande","status":"publish","type":"page","link":"https:\/\/www.bedfont.com\/sv\/integritetsmeddelande\/","title":{"rendered":"Sekretessmeddelande"},"content":{"rendered":"\n<h1 class=\"text-left\"><span class=\"blue-text\">Integritetsmeddelande <\/span><\/h1>\n\n<p>Detta integritetsmeddelande g\u00e4ller dig, anv\u00e4ndaren av webbplatser som hanteras av Bedfont Scientific Ltd. Bedfont Scientific Ltd., f\u00f6retaget som \u00e4ger och driver dessa webbplatser, prioriterar integriteten f\u00f6r din information. Detta meddelande styr v\u00e5r anv\u00e4ndning av all data som samlas in av oss eller tillhandah\u00e5lls av dig n\u00e4r du anv\u00e4nder dessa webbplatser, s\u00e5v\u00e4l som all data som samlas in genom evenemang, utst\u00e4llningar eller andra interaktioner med Bedfont Scientific Ltd.  <\/p>\n\n<p>Dessa webbplatser inkluderar:<br\/><a href=\"https:\/\/www.bedfont.com\/\" target=\"_blank\" rel=\"noreferrer noopener\">www.bedfont.com<\/a><br\/><a href=\"https:\/\/www.nobreathfeno.com\/\" target=\"_blank\" rel=\"noreferrer noopener\">www.nobreathfeno.com<\/a><br\/><a href=\"https:\/\/www.gastrolyzer.com\/\" target=\"_blank\" rel=\"noreferrer noopener\">www.gastrolyzer.com<\/a><br\/><a href=\"https:\/\/www.bedfont-distributor.com\/\" target=\"_blank\" rel=\"noreferrer noopener\">www.bedfont-distributor.com<\/a><br\/><a href=\"https:\/\/www.icoquit.com\/\" target=\"_blank\" rel=\"noreferrer noopener\">www.icoquit.com<\/a><br\/><a href=\"https:\/\/www.toxco.com\/\" target=\"_blank\" rel=\"noreferrer noopener\">www.toxco.co.uk<\/a><br\/><a href=\"https:\/\/www.fenobreath.bedfont.com\/\" target=\"_blank\" rel=\"noreferrer noopener\">www.fenobreath.bedfont.com<\/a><br\/><a href=\"https:\/\/www.breathacise.com\/\" target=\"_blank\" rel=\"noreferrer noopener\">www.breathacise.com<\/a><br\/><a href=\"https:\/\/resources.bedfont.com\/\" target=\"_blank\" rel=\"noreferrer noopener\">resources.bedfont.com<\/a><\/p>\n\n<h2 class=\"wp-block-heading\">Definitioner<\/h2>\n\n<p><strong>Data<\/strong>: All information som skickas till Bedfont<sup>\u00ae<\/sup> Scientific Ltd. via n\u00e5gon av de angivna webbplatserna ovan.<br\/><strong>Cookies<\/strong>: Sm\u00e5 textfiler placerade p\u00e5 din dator av n\u00e5gon av webbplatsens ovan.<br\/><strong>Dataskyddslagar<\/strong>: Alla till\u00e4mpliga lagar som r\u00f6r behandling av personuppgifter.<br\/><strong>GDPR<\/strong>: Den allm\u00e4nna dataskyddsf\u00f6rordningen (EU) 2016\/679.<br\/><strong>Bedfont<sup>\u00ae<\/sup> Scientific Ltd., vi, eller oss<\/strong>: Bedfont<sup>\u00ae<\/sup> Scientific Ltd., ett f\u00f6retag som \u00e4r registrerat i England och Wales.<br\/><strong>Anv\u00e4ndare eller du<\/strong>: Varje tredje part som har tillg\u00e5ng till n\u00e5gon av de angivna webbplatserna ovan<br\/><strong>Webbplats<\/strong>: Webbplatsen du anv\u00e4nde innan du omdirigerades till www.bedfont.com. Eller den h\u00e4r webbplatsen <\/p>\n\n<h2 class=\"wp-block-heading\">Omfattning<\/h2>\n\n<p>Detta integritetsmeddelande g\u00e4ller endast Bedfont<sup>\u00ae<\/sup> Scientific Ltd. och anv\u00e4ndares handlingar r\u00f6rande denna webbplats och alla andra webbplatser som \u00e4gs eller drivs av oss, exklusive webbplatser f\u00f6r sociala medier. F\u00f6r information om sekretesspraxis p\u00e5 webbplatser f\u00f6r sociala medier eller andra webbplatser fr\u00e5n tredje part, se respektive integritetspolicy f\u00f6r dessa webbplatser. <\/p>\n\n<h2 class=\"wp-block-heading\">Datainsamling<\/h2>\n\n<p>Vi kan samla in f\u00f6ljande data fr\u00e5n dig:<\/p>\n\n<ul class=\"wp-block-list\">\n<li>Namn<\/li>\n\n\n\n<li>Kontaktuppgifter (mailadresser och telefonnummer)<\/li>\n\n\n\n<li>F\u00f6retagsinformation (namn, befattning och adress)<\/li>\n\n\n\n<li>Demografisk information (postnummer, preferenser och intressen)<\/li>\n\n\n\n<li>IP-adress, webbl\u00e4sartyp och version<\/li>\n\n\n\n<li>Webbadresser, din aktivitet p\u00e5 denna webbplats och webbplatser du tar dig till<\/li>\n\n\n\n<li>Inb\u00e4ddade videovisningar<\/li>\n<\/ul>\n\n<p>Ut\u00f6ver de uppgifter som samlas in direkt fr\u00e5n dig kan vi ocks\u00e5 anv\u00e4nda tredjepartsverktyg som HubSpot f\u00f6r att sp\u00e5ra information relaterad till din interaktion med v\u00e5r webbplats. Detta kan inkludera information som sidvisningar, klick, formul\u00e4rinl\u00e4mningar. <\/p>\n\n<h2 class=\"wp-block-heading\">Hur data samlas in<\/h2>\n\n<p>Data samlas in p\u00e5 f\u00f6ljande s\u00e4tt:<\/p>\n\n<ul class=\"wp-block-list\">\n<li>Tillhandah\u00e5lls av dig (genom olika kanaler, inklusive onlineinteraktion p\u00e5 v\u00e5ra webbplatser och deltagande i evenemang, utst\u00e4llningar eller andra offlineinteraktioner som organiseras eller bes\u00f6ks av Bedfont<sup>\u00ae<\/sup>)<\/li>\n\n\n\n<li>Samlas in automatiskt genom interaktion med v\u00e5r webbplats (IP-adress, webbl\u00e4sartyp och version, bes\u00f6kta webbadresser, din aktivitet p\u00e5 v\u00e5r webbplats\/webbplatser och webbplatser du tar dig till)<\/li>\n<\/ul>\n\n<h2 class=\"wp-block-heading\">Anv\u00e4ndning av data<\/h2>\n\n<p>Din data kan anv\u00e4ndas f\u00f6r:<\/p>\n\n<ul class=\"wp-block-list\">\n<li>Intern journalf\u00f6ring (f\u00f6r att uppr\u00e4tth\u00e5lla register \u00f6ver dina interaktioner med v\u00e5ra webbplatser och produkter\/tj\u00e4nster)<\/li>\n\n\n\n<li>F\u00f6rb\u00e4ttra v\u00e5ra produkter\/tj\u00e4nster (analysera data f\u00f6r att f\u00f6rst\u00e5 anv\u00e4ndarpreferenser och beteende f\u00f6r att f\u00f6rb\u00e4ttra upplevelsen)<\/li>\n\n\n\n<li>Marknadskommunikation om v\u00e5ra produkter eller evenemang (skickar dig marknadsf\u00f6ringskommunikation om v\u00e5ra produkter, tj\u00e4nster eller evenemang &#8211; endast med ditt samtycke)<\/li>\n\n\n\n<li>Anpassning eller uppdatering av webbplatsen (din data kommer att anv\u00e4ndas f\u00f6r att f\u00f6rb\u00e4ttra prestandan p\u00e5 v\u00e5r webbplats\/webbplatser eftersom vi analyserar informationen om hur webbplatsen\/webbplatserna anv\u00e4nds)<\/li>\n<\/ul>\n\n<h2 class=\"wp-block-heading\">Dela data<\/h2>\n\n<p>Vi kan komma att dela dina uppgifter med:<\/p>\n\n<ul class=\"wp-block-list\">\n<li>V\u00e5ra anst\u00e4llda, ombud och\/eller professionella r\u00e5dgivare (f\u00f6r att skicka marknadsf\u00f6ringsmaterial och f\u00f6r att f\u00e5 r\u00e5d fr\u00e5n professionella r\u00e5dgivare)<\/li>\n\n\n\n<li>V\u00e5ra distribut\u00f6rer<\/li>\n<\/ul>\n\n<h2 class=\"wp-block-heading\">Datas\u00e4kerhet<\/h2>\n\n<p>Vi anv\u00e4nder tekniska och organisatoriska \u00e5tg\u00e4rder f\u00f6r att skydda dina uppgifter. Dessa \u00e5tg\u00e4rder inkluderar lagring av data p\u00e5 s\u00e4kra servrar och hur vi hanterar eventuella misst\u00e4nkta dataintr\u00e5ng. Om du misst\u00e4nker missbruk eller f\u00f6rlust eller obeh\u00f6rig \u00e5tkomst till dina data, v\u00e4nligen meddela oss omedelbart genom att kontakta oss p\u00e5 <a href=\"\" title=\"\">ask@bedfont.com<\/a>.  <\/p>\n\n<h2 class=\"wp-block-heading\">Datalagring<\/h2>\n\n<p>I enlighet med v\u00e5r GDPR-policy kommer dina uppgifter att lagras i maximalt tre \u00e5r om det inte f\u00f6rekommer n\u00e5gon aktivitet eller interaktion med oss under den perioden. Om du forts\u00e4tter att samarbeta med oss kommer vi att beh\u00e5lla dina uppgifter tills du beg\u00e4r radering eller blir oengagerad i tre \u00e5r. <\/p>\n\n<h2 class=\"wp-block-heading\">Dina r\u00e4ttigheter<\/h2>\n\n<p>Du har r\u00e4tt att f\u00e5 tillg\u00e5ng till, korrigera, radera, begr\u00e4nsa anv\u00e4ndningen, portera och inv\u00e4nda mot anv\u00e4ndningen av dina uppgifter. F\u00f6r att ut\u00f6va dessa r\u00e4ttigheter eller dra tillbaka samtycke, kontakta oss p\u00e5 <a href=\"\" title=\"\">ask@bedfont.com<\/a>. <\/p>\n\n<h2 class=\"wp-block-heading\">L\u00e4nkar till andra webbplatser<\/h2>\n\n<p>Denna webbplats kan tillhandah\u00e5lla l\u00e4nkar till tredje parts webbplatser. Vi har ingen kontroll \u00f6ver s\u00e5dana webbplatser och \u00e4r inte ansvariga f\u00f6r deras sekretesspraxis. Detta integritetsmeddelande g\u00e4ller endast Bedfont<sup>\u00ae<\/sup> Scientific Ltd. och Anv\u00e4ndarens handlingar r\u00f6rande denna webbplats och alla andra webbplatser som \u00e4gs eller drivs av Bedfont<sup>\u00ae<\/sup>, exklusive webbplatser f\u00f6r sociala medier.  <\/p>\n\n<h2 class=\"wp-block-heading\">\u00c4ndringar av detta integritetsmeddelande<\/h2>\n\n<p>Bedfont<sup>\u00ae<\/sup> Scientific Ltd. f\u00f6rbeh\u00e5ller sig r\u00e4tten att \u00e4ndra detta integritetsmeddelande vid behov. Eventuella \u00e4ndringar kommer att publiceras p\u00e5 webbplatsen. <\/p>\n\n<p><strong>Uppdaterad: Mars 2024<\/strong><\/p>\n","protected":false},"excerpt":{"rendered":"<p>Integritetsmeddelande Detta integritetsmeddelande g\u00e4ller dig, anv\u00e4ndaren av webbplatser som hanteras av Bedfont Scientific Ltd. Bedfont Scientific Ltd., f\u00f6retaget som \u00e4ger och driver dessa webbplatser, prioriterar integriteten f\u00f6r din information. Detta meddelande styr v\u00e5r anv\u00e4ndning av all data som samlas in av oss eller tillhandah\u00e5lls av dig n\u00e4r du anv\u00e4nder dessa webbplatser, s\u00e5v\u00e4l som all data [&hellip;]<\/p>\n","protected":false},"author":6,"featured_media":0,"parent":0,"menu_order":0,"comment_status":"closed","ping_status":"closed","template":"templates\/page-gutenberg.php","meta":{"_acf_changed":false,"footnotes":""},"class_list":["post-3633","page","type-page","status-publish","hentry"],"acf":[],"yoast_head":"<!-- This site is optimized with the Yoast SEO plugin v27.4 - https:\/\/yoast.com\/product\/yoast-seo-wordpress\/ -->\n<title>Sekretessmeddelande - Bedfont Scientific Ltd.<\/title>\n<meta name=\"description\" content=\"Detta integritetsmeddelande g\u00e4ller dig, anv\u00e4ndaren av webbplatser som hanteras av Bedfont Scientific Ltd. Bedfont Scientific Ltd., f\u00f6retaget som \u00e4ger och driver dessa webbplatser, prioriterar integriteten f\u00f6r din information.\" \/>\n<meta name=\"robots\" content=\"index, follow, max-snippet:-1, max-image-preview:large, max-video-preview:-1\" \/>\n<link rel=\"canonical\" href=\"https:\/\/www.bedfont.com\/sv\/integritetsmeddelande\/\" \/>\n<meta property=\"og:locale\" content=\"sv_SE\" \/>\n<meta property=\"og:type\" content=\"article\" \/>\n<meta property=\"og:title\" content=\"Sekretessmeddelande - Bedfont Scientific Ltd.\" \/>\n<meta property=\"og:description\" content=\"Detta integritetsmeddelande g\u00e4ller dig, anv\u00e4ndaren av webbplatser som hanteras av Bedfont Scientific Ltd. Bedfont Scientific Ltd., f\u00f6retaget som \u00e4ger och driver dessa webbplatser, prioriterar integriteten f\u00f6r din information.\" \/>\n<meta property=\"og:url\" content=\"https:\/\/www.bedfont.com\/sv\/integritetsmeddelande\/\" \/>\n<meta property=\"og:site_name\" content=\"Bedfont Scientific Ltd.\" \/>\n<meta property=\"article:publisher\" content=\"https:\/\/www.facebook.com\/Bedfontltd\/\" \/>\n<meta property=\"article:modified_time\" content=\"2024-10-10T08:45:47+00:00\" \/>\n<meta name=\"twitter:card\" content=\"summary_large_image\" \/>\n<meta name=\"twitter:site\" content=\"@BedfontLtd\" \/>\n<meta name=\"twitter:label1\" content=\"Ber\u00e4knad l\u00e4stid\" \/>\n\t<meta name=\"twitter:data1\" content=\"4 minuter\" \/>\n<script type=\"application\/ld+json\" class=\"yoast-schema-graph\">{\"@context\":\"https:\\\/\\\/schema.org\",\"@graph\":[{\"@type\":\"WebPage\",\"@id\":\"https:\\\/\\\/www.bedfont.com\\\/sv\\\/integritetsmeddelande\\\/\",\"url\":\"https:\\\/\\\/www.bedfont.com\\\/sv\\\/integritetsmeddelande\\\/\",\"name\":\"Sekretessmeddelande - Bedfont Scientific Ltd.\",\"isPartOf\":{\"@id\":\"https:\\\/\\\/www.bedfont.com\\\/sv\\\/#website\"},\"datePublished\":\"2023-04-06T08:13:17+00:00\",\"dateModified\":\"2024-10-10T08:45:47+00:00\",\"description\":\"Detta integritetsmeddelande g\u00e4ller dig, anv\u00e4ndaren av webbplatser som hanteras av Bedfont Scientific Ltd. Bedfont Scientific Ltd., f\u00f6retaget som \u00e4ger och driver dessa webbplatser, prioriterar integriteten f\u00f6r din information.\",\"breadcrumb\":{\"@id\":\"https:\\\/\\\/www.bedfont.com\\\/sv\\\/integritetsmeddelande\\\/#breadcrumb\"},\"inLanguage\":\"sv-SE\",\"potentialAction\":[{\"@type\":\"ReadAction\",\"target\":[\"https:\\\/\\\/www.bedfont.com\\\/sv\\\/integritetsmeddelande\\\/\"]}]},{\"@type\":\"BreadcrumbList\",\"@id\":\"https:\\\/\\\/www.bedfont.com\\\/sv\\\/integritetsmeddelande\\\/#breadcrumb\",\"itemListElement\":[{\"@type\":\"ListItem\",\"position\":1,\"name\":\"Home\",\"item\":\"https:\\\/\\\/www.bedfont.com\\\/sv\\\/\"},{\"@type\":\"ListItem\",\"position\":2,\"name\":\"Sekretessmeddelande\"}]},{\"@type\":\"WebSite\",\"@id\":\"https:\\\/\\\/www.bedfont.com\\\/sv\\\/#website\",\"url\":\"https:\\\/\\\/www.bedfont.com\\\/sv\\\/\",\"name\":\"Bedfont Scientific Ltd.\",\"description\":\"World leaders in breath analysis.\",\"publisher\":{\"@id\":\"https:\\\/\\\/www.bedfont.com\\\/sv\\\/#organization\"},\"potentialAction\":[{\"@type\":\"SearchAction\",\"target\":{\"@type\":\"EntryPoint\",\"urlTemplate\":\"https:\\\/\\\/www.bedfont.com\\\/sv\\\/?s={search_term_string}\"},\"query-input\":{\"@type\":\"PropertyValueSpecification\",\"valueRequired\":true,\"valueName\":\"search_term_string\"}}],\"inLanguage\":\"sv-SE\"},{\"@type\":\"Organization\",\"@id\":\"https:\\\/\\\/www.bedfont.com\\\/sv\\\/#organization\",\"name\":\"Bedfont Scientific Ltd.\",\"url\":\"https:\\\/\\\/www.bedfont.com\\\/sv\\\/\",\"logo\":{\"@type\":\"ImageObject\",\"inLanguage\":\"sv-SE\",\"@id\":\"https:\\\/\\\/www.bedfont.com\\\/sv\\\/#\\\/schema\\\/logo\\\/image\\\/\",\"url\":\"https:\\\/\\\/www.bedfont.com\\\/wp-content\\\/uploads\\\/2023\\\/06\\\/logo.png\",\"contentUrl\":\"https:\\\/\\\/www.bedfont.com\\\/wp-content\\\/uploads\\\/2023\\\/06\\\/logo.png\",\"width\":1600,\"height\":505,\"caption\":\"Bedfont Scientific Ltd.\"},\"image\":{\"@id\":\"https:\\\/\\\/www.bedfont.com\\\/sv\\\/#\\\/schema\\\/logo\\\/image\\\/\"},\"sameAs\":[\"https:\\\/\\\/www.facebook.com\\\/Bedfontltd\\\/\",\"https:\\\/\\\/x.com\\\/BedfontLtd\",\"https:\\\/\\\/www.instagram.com\\\/bedfontltd\\\/\",\"https:\\\/\\\/www.linkedin.com\\\/company\\\/bedfont-scientific-ltd\\\/\",\"https:\\\/\\\/www.youtube.com\\\/user\\\/BedfontScientificLtd\"]}]}<\/script>\n<!-- \/ Yoast SEO plugin. -->","yoast_head_json":{"title":"Sekretessmeddelande - Bedfont Scientific Ltd.","description":"Detta integritetsmeddelande g\u00e4ller dig, anv\u00e4ndaren av webbplatser som hanteras av Bedfont Scientific Ltd. Bedfont Scientific Ltd., f\u00f6retaget som \u00e4ger och driver dessa webbplatser, prioriterar integriteten f\u00f6r din information.","robots":{"index":"index","follow":"follow","max-snippet":"max-snippet:-1","max-image-preview":"max-image-preview:large","max-video-preview":"max-video-preview:-1"},"canonical":"https:\/\/www.bedfont.com\/sv\/integritetsmeddelande\/","og_locale":"sv_SE","og_type":"article","og_title":"Sekretessmeddelande - Bedfont Scientific Ltd.","og_description":"Detta integritetsmeddelande g\u00e4ller dig, anv\u00e4ndaren av webbplatser som hanteras av Bedfont Scientific Ltd. Bedfont Scientific Ltd., f\u00f6retaget som \u00e4ger och driver dessa webbplatser, prioriterar integriteten f\u00f6r din information.","og_url":"https:\/\/www.bedfont.com\/sv\/integritetsmeddelande\/","og_site_name":"Bedfont Scientific Ltd.","article_publisher":"https:\/\/www.facebook.com\/Bedfontltd\/","article_modified_time":"2024-10-10T08:45:47+00:00","twitter_card":"summary_large_image","twitter_site":"@BedfontLtd","twitter_misc":{"Ber\u00e4knad l\u00e4stid":"4 minuter"},"schema":{"@context":"https:\/\/schema.org","@graph":[{"@type":"WebPage","@id":"https:\/\/www.bedfont.com\/sv\/integritetsmeddelande\/","url":"https:\/\/www.bedfont.com\/sv\/integritetsmeddelande\/","name":"Sekretessmeddelande - Bedfont Scientific Ltd.","isPartOf":{"@id":"https:\/\/www.bedfont.com\/sv\/#website"},"datePublished":"2023-04-06T08:13:17+00:00","dateModified":"2024-10-10T08:45:47+00:00","description":"Detta integritetsmeddelande g\u00e4ller dig, anv\u00e4ndaren av webbplatser som hanteras av Bedfont Scientific Ltd. Bedfont Scientific Ltd., f\u00f6retaget som \u00e4ger och driver dessa webbplatser, prioriterar integriteten f\u00f6r din information.","breadcrumb":{"@id":"https:\/\/www.bedfont.com\/sv\/integritetsmeddelande\/#breadcrumb"},"inLanguage":"sv-SE","potentialAction":[{"@type":"ReadAction","target":["https:\/\/www.bedfont.com\/sv\/integritetsmeddelande\/"]}]},{"@type":"BreadcrumbList","@id":"https:\/\/www.bedfont.com\/sv\/integritetsmeddelande\/#breadcrumb","itemListElement":[{"@type":"ListItem","position":1,"name":"Home","item":"https:\/\/www.bedfont.com\/sv\/"},{"@type":"ListItem","position":2,"name":"Sekretessmeddelande"}]},{"@type":"WebSite","@id":"https:\/\/www.bedfont.com\/sv\/#website","url":"https:\/\/www.bedfont.com\/sv\/","name":"Bedfont Scientific Ltd.","description":"World leaders in breath analysis.","publisher":{"@id":"https:\/\/www.bedfont.com\/sv\/#organization"},"potentialAction":[{"@type":"SearchAction","target":{"@type":"EntryPoint","urlTemplate":"https:\/\/www.bedfont.com\/sv\/?s={search_term_string}"},"query-input":{"@type":"PropertyValueSpecification","valueRequired":true,"valueName":"search_term_string"}}],"inLanguage":"sv-SE"},{"@type":"Organization","@id":"https:\/\/www.bedfont.com\/sv\/#organization","name":"Bedfont Scientific Ltd.","url":"https:\/\/www.bedfont.com\/sv\/","logo":{"@type":"ImageObject","inLanguage":"sv-SE","@id":"https:\/\/www.bedfont.com\/sv\/#\/schema\/logo\/image\/","url":"https:\/\/www.bedfont.com\/wp-content\/uploads\/2023\/06\/logo.png","contentUrl":"https:\/\/www.bedfont.com\/wp-content\/uploads\/2023\/06\/logo.png","width":1600,"height":505,"caption":"Bedfont Scientific Ltd."},"image":{"@id":"https:\/\/www.bedfont.com\/sv\/#\/schema\/logo\/image\/"},"sameAs":["https:\/\/www.facebook.com\/Bedfontltd\/","https:\/\/x.com\/BedfontLtd","https:\/\/www.instagram.com\/bedfontltd\/","https:\/\/www.linkedin.com\/company\/bedfont-scientific-ltd\/","https:\/\/www.youtube.com\/user\/BedfontScientificLtd"]}]}},"_links":{"self":[{"href":"https:\/\/www.bedfont.com\/sv\/wp-json\/wp\/v2\/pages\/3633","targetHints":{"allow":["GET"]}}],"collection":[{"href":"https:\/\/www.bedfont.com\/sv\/wp-json\/wp\/v2\/pages"}],"about":[{"href":"https:\/\/www.bedfont.com\/sv\/wp-json\/wp\/v2\/types\/page"}],"author":[{"embeddable":true,"href":"https:\/\/www.bedfont.com\/sv\/wp-json\/wp\/v2\/users\/6"}],"replies":[{"embeddable":true,"href":"https:\/\/www.bedfont.com\/sv\/wp-json\/wp\/v2\/comments?post=3633"}],"version-history":[{"count":3,"href":"https:\/\/www.bedfont.com\/sv\/wp-json\/wp\/v2\/pages\/3633\/revisions"}],"predecessor-version":[{"id":6715,"href":"https:\/\/www.bedfont.com\/sv\/wp-json\/wp\/v2\/pages\/3633\/revisions\/6715"}],"wp:attachment":[{"href":"https:\/\/www.bedfont.com\/sv\/wp-json\/wp\/v2\/media?parent=3633"}],"curies":[{"name":"wp","href":"https:\/\/api.w.org\/{rel}","templated":true}]}}