{"id":3619,"date":"2022-07-06T14:45:21","date_gmt":"2022-07-06T14:45:21","guid":{"rendered":"https:\/\/bedfont.theprogressteam.com\/var-miljostallning\/"},"modified":"2024-10-08T07:37:41","modified_gmt":"2024-10-08T07:37:41","slug":"var-miljostallning","status":"publish","type":"page","link":"https:\/\/www.bedfont.com\/sv\/var-miljostallning\/","title":{"rendered":"V\u00e5r milj\u00f6st\u00e4llning"},"content":{"rendered":"<section id=\"eco-section\">\n\t\t<img decoding=\"async\" src=\"https:\/\/www.bedfont.com\/wp-content\/uploads\/2024\/10\/eco-planet.png\" id=\"eco-planet\"\/>\n\t \t<div class=\"container\">\n\t\t\t<div class=\"row\">\n\t\t\t\t<div class=\"col-12 col-lg-7\">\n\t\t\t\t\t<h1 class=\"eco\">Bedfont<sup>\u00ae<\/sup> milj\u00f6st\u00e4llning<\/h1>\n\t\t\t\t\t<p>Vi arbetar med lokala leverant\u00f6rer och f\u00f6retag som \u00e4r engagerade i h\u00e5llbarhet, samt s\u00e5 anv\u00e4nder vi \u00e5tervunnet material i alla v\u00e5ra produkter d\u00e4r det \u00e4r m\u00f6jligt. Vi anv\u00e4nder milj\u00f6v\u00e4nliga f\u00f6rpackningar, h\u00e5llbara energik\u00e4llor och begr\u00e4nsar v\u00e5rt avfall d\u00e4r det \u00e4r m\u00f6jligt. <\/p>\n<h2 class=\"eco\"><span class=\"green-text\">Vad Vi G\u00f6r <\/span><\/h2>\n<p>Vi har alltid varit medvetna om v\u00e5rt koldioxidavtryck, och nu mer \u00e4n n\u00e5gonsin hittar vi s\u00e4tt att ha en mindre negativ inverkan p\u00e5 milj\u00f6n.<\/p>\n<p>Vi arbetar med lokala leverant\u00f6rer och f\u00f6retag som \u00e4r engagerade i h\u00e5llbarhet, samt s\u00e5 anv\u00e4nder vi \u00e5tervunnet material i de flesta av v\u00e5ra produkter. Vi anv\u00e4nder milj\u00f6v\u00e4nliga f\u00f6rpackningar, h\u00e5llbara energik\u00e4llor och begr\u00e4nsar v\u00e5rt avfall d\u00e4r det \u00e4r m\u00f6jligt. Vi tror att det inte spelar n\u00e5gon roll hur liten anstr\u00e4ngning du g\u00f6r f\u00f6r en gr\u00f6nare livsstil \u2013 varje liten bit hj\u00e4lper!  <\/p>\n\n                    \n\t\t\t\t<\/div>\n\t\t\t<\/div>\n\t\t<\/div>\n\t<\/section><section class=\"text-section text-left\" style=\"--color: var(--green)\">\n\t<div class=\"container\">\n\t<h2 class=\"text-center\"><\/h2>\n\t\t\t\t<div class=\"row\">\n<div class=\"col-12 my-4\">\n<h2 class=\"eco\">V\u00e5r #EcoResolution<\/h2>\n<p>Vi \u00e4r stolta \u00f6ver att tillk\u00e4nnage v\u00e5r #EcoResolution, att g\u00f6ra alla v\u00e5ra f\u00f6rbrukningsvaror milj\u00f6v\u00e4nliga senast 2025. Detta inkluderar inte bara att byta material som v\u00e5ra f\u00f6rbrukningsvaror \u00e4r gjorda av, utan ocks\u00e5 att g\u00f6ra f\u00f6r\u00e4ndringar under hela dess produktionslivsl\u00e4ngd f\u00f6r att minska v\u00e5r klimatp\u00e5verkan, inklusive ink\u00f6p nya milj\u00f6v\u00e4nliga material fr\u00e5n h\u00e5llbara resurser. <\/p>\n<\/div>\n<div class=\"col-12 col-lg-10 my-auto\">\n<h2 class=\"eco\" id=\"eco\">V\u00e5ra Eco-Warriors<\/h2>\n<p class=\"mb-0\">Som en del av v\u00e5r #EcoResolution f\u00f6r att bli mer milj\u00f6v\u00e4nliga har vi etablerat dedikerade Eco-Warriors som kommer att hj\u00e4lpa till att f\u00f6rnya f\u00f6retaget inifr\u00e5n f\u00f6r att minska v\u00e5rt koldioxidavtryck, men ocks\u00e5 f\u00f6r att \u00f6ka medvetenheten om \u00e4ven de minsta f\u00f6r\u00e4ndringar som kan g\u00f6ra en enorm minskning av v\u00e5rt koldioxidavtryck.<\/p>\n<\/div>\n<div class=\"col-12 col-lg-2 my-auto\">\n\t\t\t\t\t<img decoding=\"async\" src=\"https:\/\/www.bedfont.com\/wp-content\/themes\/bedfont\/assets\/img\/eco-warrior-logo.png\" class=\"img-fluid mx-auto d-none d-lg-block eco-warrior-logo\" alt=\"Ekokrigare-logga\"\/>\n\t\t\t\t<\/div>\n<\/div>\n\n\t<\/div>\n<\/section>","protected":false},"excerpt":{"rendered":"<p>Bedfont\u00ae milj\u00f6st\u00e4llning Vi arbetar med lokala leverant\u00f6rer och f\u00f6retag som \u00e4r engagerade i h\u00e5llbarhet, samt s\u00e5 anv\u00e4nder vi \u00e5tervunnet material i alla v\u00e5ra produkter d\u00e4r det \u00e4r m\u00f6jligt. Vi anv\u00e4nder milj\u00f6v\u00e4nliga f\u00f6rpackningar, h\u00e5llbara energik\u00e4llor och begr\u00e4nsar v\u00e5rt avfall d\u00e4r det \u00e4r m\u00f6jligt. Vad Vi G\u00f6r Vi har alltid varit medvetna om v\u00e5rt koldioxidavtryck, och nu [&hellip;]<\/p>\n","protected":false},"author":6,"featured_media":0,"parent":0,"menu_order":0,"comment_status":"closed","ping_status":"closed","template":"templates\/page-modules.php","meta":{"_acf_changed":false,"footnotes":""},"class_list":["post-3619","page","type-page","status-publish","hentry"],"acf":[],"yoast_head":"<!-- This site is optimized with the Yoast SEO plugin v27.4 - https:\/\/yoast.com\/product\/yoast-seo-wordpress\/ -->\n<title>V\u00e5r milj\u00f6st\u00e4llning - Bedfont Scientific Ltd.<\/title>\n<meta name=\"description\" content=\"Vi arbetar med lokala leverant\u00f6rer och f\u00f6retag som \u00e4r engagerade i h\u00e5llbarhet, samt s\u00e5 anv\u00e4nder vi \u00e5tervunnet material i alla v\u00e5ra produkter d\u00e4r det \u00e4r m\u00f6jligt.\" \/>\n<meta name=\"robots\" content=\"index, follow, max-snippet:-1, max-image-preview:large, max-video-preview:-1\" \/>\n<link rel=\"canonical\" href=\"https:\/\/www.bedfont.com\/sv\/var-miljostallning\/\" \/>\n<meta property=\"og:locale\" content=\"sv_SE\" \/>\n<meta property=\"og:type\" content=\"article\" \/>\n<meta property=\"og:title\" content=\"V\u00e5r milj\u00f6st\u00e4llning - Bedfont Scientific Ltd.\" \/>\n<meta property=\"og:description\" content=\"Vi arbetar med lokala leverant\u00f6rer och f\u00f6retag som \u00e4r engagerade i h\u00e5llbarhet, samt s\u00e5 anv\u00e4nder vi \u00e5tervunnet material i alla v\u00e5ra produkter d\u00e4r det \u00e4r m\u00f6jligt.\" \/>\n<meta property=\"og:url\" content=\"https:\/\/www.bedfont.com\/sv\/var-miljostallning\/\" \/>\n<meta property=\"og:site_name\" content=\"Bedfont Scientific Ltd.\" \/>\n<meta property=\"article:publisher\" content=\"https:\/\/www.facebook.com\/Bedfontltd\/\" \/>\n<meta property=\"article:modified_time\" content=\"2024-10-08T07:37:41+00:00\" \/>\n<meta property=\"og:image\" content=\"https:\/\/www.bedfont.com\/wp-content\/uploads\/2024\/10\/eco-planet.png\" \/>\n<meta name=\"twitter:card\" content=\"summary_large_image\" \/>\n<meta name=\"twitter:site\" content=\"@BedfontLtd\" \/>\n<meta name=\"twitter:label1\" content=\"Ber\u00e4knad l\u00e4stid\" \/>\n\t<meta name=\"twitter:data1\" content=\"2 minuter\" \/>\n<script type=\"application\/ld+json\" class=\"yoast-schema-graph\">{\"@context\":\"https:\\\/\\\/schema.org\",\"@graph\":[{\"@type\":\"WebPage\",\"@id\":\"https:\\\/\\\/www.bedfont.com\\\/sv\\\/var-miljostallning\\\/\",\"url\":\"https:\\\/\\\/www.bedfont.com\\\/sv\\\/var-miljostallning\\\/\",\"name\":\"V\u00e5r milj\u00f6st\u00e4llning - Bedfont Scientific Ltd.\",\"isPartOf\":{\"@id\":\"https:\\\/\\\/www.bedfont.com\\\/sv\\\/#website\"},\"primaryImageOfPage\":{\"@id\":\"https:\\\/\\\/www.bedfont.com\\\/sv\\\/var-miljostallning\\\/#primaryimage\"},\"image\":{\"@id\":\"https:\\\/\\\/www.bedfont.com\\\/sv\\\/var-miljostallning\\\/#primaryimage\"},\"thumbnailUrl\":\"https:\\\/\\\/www.bedfont.com\\\/wp-content\\\/uploads\\\/2024\\\/10\\\/eco-planet.png\",\"datePublished\":\"2022-07-06T14:45:21+00:00\",\"dateModified\":\"2024-10-08T07:37:41+00:00\",\"description\":\"Vi arbetar med lokala leverant\u00f6rer och f\u00f6retag som \u00e4r engagerade i h\u00e5llbarhet, samt s\u00e5 anv\u00e4nder vi \u00e5tervunnet material i alla v\u00e5ra produkter d\u00e4r det \u00e4r m\u00f6jligt.\",\"breadcrumb\":{\"@id\":\"https:\\\/\\\/www.bedfont.com\\\/sv\\\/var-miljostallning\\\/#breadcrumb\"},\"inLanguage\":\"sv-SE\",\"potentialAction\":[{\"@type\":\"ReadAction\",\"target\":[\"https:\\\/\\\/www.bedfont.com\\\/sv\\\/var-miljostallning\\\/\"]}]},{\"@type\":\"ImageObject\",\"inLanguage\":\"sv-SE\",\"@id\":\"https:\\\/\\\/www.bedfont.com\\\/sv\\\/var-miljostallning\\\/#primaryimage\",\"url\":\"https:\\\/\\\/www.bedfont.com\\\/wp-content\\\/uploads\\\/2024\\\/10\\\/eco-planet.png\",\"contentUrl\":\"https:\\\/\\\/www.bedfont.com\\\/wp-content\\\/uploads\\\/2024\\\/10\\\/eco-planet.png\"},{\"@type\":\"BreadcrumbList\",\"@id\":\"https:\\\/\\\/www.bedfont.com\\\/sv\\\/var-miljostallning\\\/#breadcrumb\",\"itemListElement\":[{\"@type\":\"ListItem\",\"position\":1,\"name\":\"Home\",\"item\":\"https:\\\/\\\/www.bedfont.com\\\/sv\\\/\"},{\"@type\":\"ListItem\",\"position\":2,\"name\":\"V\u00e5r milj\u00f6st\u00e4llning\"}]},{\"@type\":\"WebSite\",\"@id\":\"https:\\\/\\\/www.bedfont.com\\\/sv\\\/#website\",\"url\":\"https:\\\/\\\/www.bedfont.com\\\/sv\\\/\",\"name\":\"Bedfont Scientific Ltd.\",\"description\":\"World leaders in breath analysis.\",\"publisher\":{\"@id\":\"https:\\\/\\\/www.bedfont.com\\\/sv\\\/#organization\"},\"potentialAction\":[{\"@type\":\"SearchAction\",\"target\":{\"@type\":\"EntryPoint\",\"urlTemplate\":\"https:\\\/\\\/www.bedfont.com\\\/sv\\\/?s={search_term_string}\"},\"query-input\":{\"@type\":\"PropertyValueSpecification\",\"valueRequired\":true,\"valueName\":\"search_term_string\"}}],\"inLanguage\":\"sv-SE\"},{\"@type\":\"Organization\",\"@id\":\"https:\\\/\\\/www.bedfont.com\\\/sv\\\/#organization\",\"name\":\"Bedfont Scientific Ltd.\",\"url\":\"https:\\\/\\\/www.bedfont.com\\\/sv\\\/\",\"logo\":{\"@type\":\"ImageObject\",\"inLanguage\":\"sv-SE\",\"@id\":\"https:\\\/\\\/www.bedfont.com\\\/sv\\\/#\\\/schema\\\/logo\\\/image\\\/\",\"url\":\"https:\\\/\\\/www.bedfont.com\\\/wp-content\\\/uploads\\\/2023\\\/06\\\/logo.png\",\"contentUrl\":\"https:\\\/\\\/www.bedfont.com\\\/wp-content\\\/uploads\\\/2023\\\/06\\\/logo.png\",\"width\":1600,\"height\":505,\"caption\":\"Bedfont Scientific Ltd.\"},\"image\":{\"@id\":\"https:\\\/\\\/www.bedfont.com\\\/sv\\\/#\\\/schema\\\/logo\\\/image\\\/\"},\"sameAs\":[\"https:\\\/\\\/www.facebook.com\\\/Bedfontltd\\\/\",\"https:\\\/\\\/x.com\\\/BedfontLtd\",\"https:\\\/\\\/www.instagram.com\\\/bedfontltd\\\/\",\"https:\\\/\\\/www.linkedin.com\\\/company\\\/bedfont-scientific-ltd\\\/\",\"https:\\\/\\\/www.youtube.com\\\/user\\\/BedfontScientificLtd\"]}]}<\/script>\n<!-- \/ Yoast SEO plugin. -->","yoast_head_json":{"title":"V\u00e5r milj\u00f6st\u00e4llning - Bedfont Scientific Ltd.","description":"Vi arbetar med lokala leverant\u00f6rer och f\u00f6retag som \u00e4r engagerade i h\u00e5llbarhet, samt s\u00e5 anv\u00e4nder vi \u00e5tervunnet material i alla v\u00e5ra produkter d\u00e4r det \u00e4r m\u00f6jligt.","robots":{"index":"index","follow":"follow","max-snippet":"max-snippet:-1","max-image-preview":"max-image-preview:large","max-video-preview":"max-video-preview:-1"},"canonical":"https:\/\/www.bedfont.com\/sv\/var-miljostallning\/","og_locale":"sv_SE","og_type":"article","og_title":"V\u00e5r milj\u00f6st\u00e4llning - Bedfont Scientific Ltd.","og_description":"Vi arbetar med lokala leverant\u00f6rer och f\u00f6retag som \u00e4r engagerade i h\u00e5llbarhet, samt s\u00e5 anv\u00e4nder vi \u00e5tervunnet material i alla v\u00e5ra produkter d\u00e4r det \u00e4r m\u00f6jligt.","og_url":"https:\/\/www.bedfont.com\/sv\/var-miljostallning\/","og_site_name":"Bedfont Scientific Ltd.","article_publisher":"https:\/\/www.facebook.com\/Bedfontltd\/","article_modified_time":"2024-10-08T07:37:41+00:00","og_image":[{"url":"https:\/\/www.bedfont.com\/wp-content\/uploads\/2024\/10\/eco-planet.png","type":"","width":"","height":""}],"twitter_card":"summary_large_image","twitter_site":"@BedfontLtd","twitter_misc":{"Ber\u00e4knad l\u00e4stid":"2 minuter"},"schema":{"@context":"https:\/\/schema.org","@graph":[{"@type":"WebPage","@id":"https:\/\/www.bedfont.com\/sv\/var-miljostallning\/","url":"https:\/\/www.bedfont.com\/sv\/var-miljostallning\/","name":"V\u00e5r milj\u00f6st\u00e4llning - Bedfont Scientific Ltd.","isPartOf":{"@id":"https:\/\/www.bedfont.com\/sv\/#website"},"primaryImageOfPage":{"@id":"https:\/\/www.bedfont.com\/sv\/var-miljostallning\/#primaryimage"},"image":{"@id":"https:\/\/www.bedfont.com\/sv\/var-miljostallning\/#primaryimage"},"thumbnailUrl":"https:\/\/www.bedfont.com\/wp-content\/uploads\/2024\/10\/eco-planet.png","datePublished":"2022-07-06T14:45:21+00:00","dateModified":"2024-10-08T07:37:41+00:00","description":"Vi arbetar med lokala leverant\u00f6rer och f\u00f6retag som \u00e4r engagerade i h\u00e5llbarhet, samt s\u00e5 anv\u00e4nder vi \u00e5tervunnet material i alla v\u00e5ra produkter d\u00e4r det \u00e4r m\u00f6jligt.","breadcrumb":{"@id":"https:\/\/www.bedfont.com\/sv\/var-miljostallning\/#breadcrumb"},"inLanguage":"sv-SE","potentialAction":[{"@type":"ReadAction","target":["https:\/\/www.bedfont.com\/sv\/var-miljostallning\/"]}]},{"@type":"ImageObject","inLanguage":"sv-SE","@id":"https:\/\/www.bedfont.com\/sv\/var-miljostallning\/#primaryimage","url":"https:\/\/www.bedfont.com\/wp-content\/uploads\/2024\/10\/eco-planet.png","contentUrl":"https:\/\/www.bedfont.com\/wp-content\/uploads\/2024\/10\/eco-planet.png"},{"@type":"BreadcrumbList","@id":"https:\/\/www.bedfont.com\/sv\/var-miljostallning\/#breadcrumb","itemListElement":[{"@type":"ListItem","position":1,"name":"Home","item":"https:\/\/www.bedfont.com\/sv\/"},{"@type":"ListItem","position":2,"name":"V\u00e5r milj\u00f6st\u00e4llning"}]},{"@type":"WebSite","@id":"https:\/\/www.bedfont.com\/sv\/#website","url":"https:\/\/www.bedfont.com\/sv\/","name":"Bedfont Scientific Ltd.","description":"World leaders in breath analysis.","publisher":{"@id":"https:\/\/www.bedfont.com\/sv\/#organization"},"potentialAction":[{"@type":"SearchAction","target":{"@type":"EntryPoint","urlTemplate":"https:\/\/www.bedfont.com\/sv\/?s={search_term_string}"},"query-input":{"@type":"PropertyValueSpecification","valueRequired":true,"valueName":"search_term_string"}}],"inLanguage":"sv-SE"},{"@type":"Organization","@id":"https:\/\/www.bedfont.com\/sv\/#organization","name":"Bedfont Scientific Ltd.","url":"https:\/\/www.bedfont.com\/sv\/","logo":{"@type":"ImageObject","inLanguage":"sv-SE","@id":"https:\/\/www.bedfont.com\/sv\/#\/schema\/logo\/image\/","url":"https:\/\/www.bedfont.com\/wp-content\/uploads\/2023\/06\/logo.png","contentUrl":"https:\/\/www.bedfont.com\/wp-content\/uploads\/2023\/06\/logo.png","width":1600,"height":505,"caption":"Bedfont Scientific Ltd."},"image":{"@id":"https:\/\/www.bedfont.com\/sv\/#\/schema\/logo\/image\/"},"sameAs":["https:\/\/www.facebook.com\/Bedfontltd\/","https:\/\/x.com\/BedfontLtd","https:\/\/www.instagram.com\/bedfontltd\/","https:\/\/www.linkedin.com\/company\/bedfont-scientific-ltd\/","https:\/\/www.youtube.com\/user\/BedfontScientificLtd"]}]}},"_links":{"self":[{"href":"https:\/\/www.bedfont.com\/sv\/wp-json\/wp\/v2\/pages\/3619","targetHints":{"allow":["GET"]}}],"collection":[{"href":"https:\/\/www.bedfont.com\/sv\/wp-json\/wp\/v2\/pages"}],"about":[{"href":"https:\/\/www.bedfont.com\/sv\/wp-json\/wp\/v2\/types\/page"}],"author":[{"embeddable":true,"href":"https:\/\/www.bedfont.com\/sv\/wp-json\/wp\/v2\/users\/6"}],"replies":[{"embeddable":true,"href":"https:\/\/www.bedfont.com\/sv\/wp-json\/wp\/v2\/comments?post=3619"}],"version-history":[{"count":3,"href":"https:\/\/www.bedfont.com\/sv\/wp-json\/wp\/v2\/pages\/3619\/revisions"}],"predecessor-version":[{"id":6308,"href":"https:\/\/www.bedfont.com\/sv\/wp-json\/wp\/v2\/pages\/3619\/revisions\/6308"}],"wp:attachment":[{"href":"https:\/\/www.bedfont.com\/sv\/wp-json\/wp\/v2\/media?parent=3619"}],"curies":[{"name":"wp","href":"https:\/\/api.w.org\/{rel}","templated":true}]}}