{"id":3601,"date":"2023-02-14T12:08:20","date_gmt":"2023-02-14T12:08:20","guid":{"rendered":"https:\/\/bedfont.theprogressteam.com\/vara-utmarkelser\/"},"modified":"2024-10-14T10:23:26","modified_gmt":"2024-10-14T10:23:26","slug":"vara-utmarkelser","status":"publish","type":"page","link":"https:\/\/www.bedfont.com\/sv\/vara-utmarkelser\/","title":{"rendered":"V\u00e5ra Utm\u00e4rkelser"},"content":{"rendered":"<section class=\"hero-style-4 p-0 position-relative \" id=\"module-769-hero-0\">\n\t\t<div class=\"container-fluid overlay-img-holder\">\n\t\t\t<img width=\"1998\" height=\"544\" src=\"https:\/\/www.bedfont.com\/wp-content\/uploads\/2024\/10\/who-we-are.jpg\" class=\"w-100\" alt=\"\" decoding=\"async\" loading=\"lazy\" srcset=\"https:\/\/www.bedfont.com\/wp-content\/uploads\/2024\/10\/who-we-are.jpg 1998w, https:\/\/www.bedfont.com\/wp-content\/uploads\/2024\/10\/who-we-are-300x82.jpg 300w, https:\/\/www.bedfont.com\/wp-content\/uploads\/2024\/10\/who-we-are-1024x279.jpg 1024w, https:\/\/www.bedfont.com\/wp-content\/uploads\/2024\/10\/who-we-are-768x209.jpg 768w, https:\/\/www.bedfont.com\/wp-content\/uploads\/2024\/10\/who-we-are-1536x418.jpg 1536w\" sizes=\"auto, (max-width: 1998px) 100vw, 1998px\"\/>\n\t\t\t<div class=\"overlay\">\n\t\t\t\t<div class=\"col-12 col-md-8 mx-auto\">\n\t\t\t\t\t<h1>V\u00e5ra Utm\u00e4rkelser<\/h1>\n\t\t\t\t\t<p>At Bedfont, we take pride in our relentless pursuit of excellence, and are honoured to have won the awards that we have. Take a look below at the remarkable recognition and awards that have won over they years. <\/p>\n\n\t\t\t\t<\/div>\n\t\t\t<\/div>\n\t\t<\/div>\n\t<\/section><!-- wp:html {\"translatedWithWPMLTM\":\"1\"} --><section class=\"slider overflow-hidden\" id=\"our-awards\">\n\t<div class=\"container\">\n\t<h2 class=\"text-left\"><span class=\"blue-text\">F\u00f6retagsutm\u00e4rkelser <\/span><\/h2>\n\t\t\t\t<p>V\u00e5rt engagemang f\u00f6r excellens har uppm\u00e4rksammats av olika prestigefyllda utm\u00e4rkelser. H\u00e4r \u00e4r n\u00e5gra av utm\u00e4rkelserna vi har f\u00e5tt: <\/p>\n\n                <div class=\"awards-slider mt-5\"><div class=\"white-space\"><\/div><div class=\"glide\">\n\t<div class=\"glide__track\" data-glide-el=\"track\">\n\t\t<ul class=\"glide__slides\"><li class=\"glide__slide\"><div class=\"inner \"><img width=\"640\" height=\"427\" src=\"https:\/\/www.bedfont.com\/wp-content\/uploads\/2024\/10\/kicc-innovative-business-of-the-year.jpg\" class=\"attachment-large size-large\" alt=\"\" decoding=\"async\" loading=\"lazy\" srcset=\"https:\/\/www.bedfont.com\/wp-content\/uploads\/2024\/10\/kicc-innovative-business-of-the-year.jpg 900w, https:\/\/www.bedfont.com\/wp-content\/uploads\/2024\/10\/kicc-innovative-business-of-the-year-300x200.jpg 300w, https:\/\/www.bedfont.com\/wp-content\/uploads\/2024\/10\/kicc-innovative-business-of-the-year-768x512.jpg 768w\" sizes=\"auto, (max-width: 640px) 100vw, 640px\"\/><div class=\"content\"><h3 class=\"text-left\">Innovative Business of the Year - KICC<\/h3><div class=\"hightlights\"><span>2023<\/span><span>2022<\/span><span>2020<\/span><\/div><\/div><\/div><\/li><li class=\"glide__slide\"><div class=\"inner \"><img width=\"640\" height=\"427\" src=\"https:\/\/www.bedfont.com\/wp-content\/uploads\/2024\/10\/technology-business-of-the-year-at-keiba.jpg\" class=\"attachment-large size-large\" alt=\"\" decoding=\"async\" loading=\"lazy\" srcset=\"https:\/\/www.bedfont.com\/wp-content\/uploads\/2024\/10\/technology-business-of-the-year-at-keiba.jpg 900w, https:\/\/www.bedfont.com\/wp-content\/uploads\/2024\/10\/technology-business-of-the-year-at-keiba-300x200.jpg 300w, https:\/\/www.bedfont.com\/wp-content\/uploads\/2024\/10\/technology-business-of-the-year-at-keiba-768x512.jpg 768w\" sizes=\"auto, (max-width: 640px) 100vw, 640px\"\/><div class=\"content\"><h3 class=\"text-left\">Technology Business of the Year - KEIBA<\/h3><div class=\"hightlights\"><span>2018<\/span><\/div><\/div><\/div><\/li><li class=\"glide__slide\"><div class=\"inner \"><img width=\"640\" height=\"427\" src=\"https:\/\/www.bedfont.com\/wp-content\/uploads\/2024\/10\/exporter-of-the-year-at-SEHTA.jpg\" class=\"attachment-large size-large\" alt=\"\" decoding=\"async\" loading=\"lazy\" srcset=\"https:\/\/www.bedfont.com\/wp-content\/uploads\/2024\/10\/exporter-of-the-year-at-SEHTA.jpg 900w, https:\/\/www.bedfont.com\/wp-content\/uploads\/2024\/10\/exporter-of-the-year-at-SEHTA-300x200.jpg 300w, https:\/\/www.bedfont.com\/wp-content\/uploads\/2024\/10\/exporter-of-the-year-at-SEHTA-768x512.jpg 768w\" sizes=\"auto, (max-width: 640px) 100vw, 640px\"\/><div class=\"content\"><h3 class=\"text-left\">Exporter of the Year - SEHTA<\/h3><div class=\"hightlights\"><span>2019<\/span><\/div><\/div><\/div><\/li><li class=\"glide__slide\"><div class=\"inner \"><img width=\"640\" height=\"427\" src=\"https:\/\/www.bedfont.com\/wp-content\/uploads\/2024\/10\/exporter-of-the-year-kicc.jpg\" class=\"attachment-large size-large\" alt=\"\" decoding=\"async\" loading=\"lazy\" srcset=\"https:\/\/www.bedfont.com\/wp-content\/uploads\/2024\/10\/exporter-of-the-year-kicc.jpg 900w, https:\/\/www.bedfont.com\/wp-content\/uploads\/2024\/10\/exporter-of-the-year-kicc-300x200.jpg 300w, https:\/\/www.bedfont.com\/wp-content\/uploads\/2024\/10\/exporter-of-the-year-kicc-768x512.jpg 768w\" sizes=\"auto, (max-width: 640px) 100vw, 640px\"\/><div class=\"content\"><h3 class=\"text-left\">Exporter of the Year - KICC<\/h3><div class=\"hightlights\"><span>2019<\/span><span>2018<\/span><span>2017<\/span><\/div><\/div><\/div><\/li><li class=\"glide__slide\"><div class=\"inner \"><img width=\"640\" height=\"427\" src=\"https:\/\/www.bedfont.com\/wp-content\/uploads\/2024\/10\/exporter-of-the-year-FSB.jpg\" class=\"attachment-large size-large\" alt=\"\" decoding=\"async\" loading=\"lazy\" srcset=\"https:\/\/www.bedfont.com\/wp-content\/uploads\/2024\/10\/exporter-of-the-year-FSB.jpg 900w, https:\/\/www.bedfont.com\/wp-content\/uploads\/2024\/10\/exporter-of-the-year-FSB-300x200.jpg 300w, https:\/\/www.bedfont.com\/wp-content\/uploads\/2024\/10\/exporter-of-the-year-FSB-768x512.jpg 768w\" sizes=\"auto, (max-width: 640px) 100vw, 640px\"\/><div class=\"content\"><h3 class=\"text-left\">Silver Technology & Innovation Award - FBAs<\/h3><div class=\"hightlights\"><span>2019<\/span><\/div><\/div><\/div><\/li><li class=\"glide__slide\"><div class=\"inner \"><img width=\"640\" height=\"427\" src=\"https:\/\/www.bedfont.com\/wp-content\/uploads\/2024\/10\/technology-innovation-award-fba.jpg\" class=\"attachment-large size-large\" alt=\"\" decoding=\"async\" loading=\"lazy\" srcset=\"https:\/\/www.bedfont.com\/wp-content\/uploads\/2024\/10\/technology-innovation-award-fba.jpg 900w, https:\/\/www.bedfont.com\/wp-content\/uploads\/2024\/10\/technology-innovation-award-fba-300x200.jpg 300w, https:\/\/www.bedfont.com\/wp-content\/uploads\/2024\/10\/technology-innovation-award-fba-768x512.jpg 768w\" sizes=\"auto, (max-width: 640px) 100vw, 640px\"\/><div class=\"content\"><h3 class=\"text-left\">Exporter of the Year - FSB<\/h3><div class=\"hightlights\"><span>2018<\/span><\/div><\/div><\/div><\/li><li class=\"glide__slide\"><div class=\"inner \"><img width=\"640\" height=\"427\" src=\"https:\/\/www.bedfont.com\/wp-content\/uploads\/2024\/10\/small-business-of-the-year-MBA.jpg\" class=\"attachment-large size-large\" alt=\"\" decoding=\"async\" loading=\"lazy\" srcset=\"https:\/\/www.bedfont.com\/wp-content\/uploads\/2024\/10\/small-business-of-the-year-MBA.jpg 900w, https:\/\/www.bedfont.com\/wp-content\/uploads\/2024\/10\/small-business-of-the-year-MBA-300x200.jpg 300w, https:\/\/www.bedfont.com\/wp-content\/uploads\/2024\/10\/small-business-of-the-year-MBA-768x512.jpg 768w\" sizes=\"auto, (max-width: 640px) 100vw, 640px\"\/><div class=\"content\"><h3 class=\"text-left\">Small Business of the Year - Maidstone Business Awards<\/h3><div class=\"hightlights\"><span>2017<\/span><\/div><\/div><\/div><\/li><li class=\"glide__slide\"><div class=\"inner \"><img width=\"640\" height=\"427\" src=\"https:\/\/www.bedfont.com\/wp-content\/uploads\/2024\/10\/exporter-of-the-year-at-KEIBA.jpg\" class=\"attachment-large size-large\" alt=\"\" decoding=\"async\" loading=\"lazy\" srcset=\"https:\/\/www.bedfont.com\/wp-content\/uploads\/2024\/10\/exporter-of-the-year-at-KEIBA.jpg 900w, https:\/\/www.bedfont.com\/wp-content\/uploads\/2024\/10\/exporter-of-the-year-at-KEIBA-300x200.jpg 300w, https:\/\/www.bedfont.com\/wp-content\/uploads\/2024\/10\/exporter-of-the-year-at-KEIBA-768x512.jpg 768w\" sizes=\"auto, (max-width: 640px) 100vw, 640px\"\/><div class=\"content\"><h3 class=\"text-left\">Exporter of the Year - KEIBA<\/h3><div class=\"hightlights\"><span>2017<\/span><\/div><\/div><\/div><\/li><li class=\"glide__slide\"><div class=\"inner \"><img width=\"640\" height=\"427\" src=\"https:\/\/www.bedfont.com\/wp-content\/uploads\/2024\/10\/medium-business-of-the-year-KEIBA.jpg\" class=\"attachment-large size-large\" alt=\"\" decoding=\"async\" loading=\"lazy\" srcset=\"https:\/\/www.bedfont.com\/wp-content\/uploads\/2024\/10\/medium-business-of-the-year-KEIBA.jpg 900w, https:\/\/www.bedfont.com\/wp-content\/uploads\/2024\/10\/medium-business-of-the-year-KEIBA-300x200.jpg 300w, https:\/\/www.bedfont.com\/wp-content\/uploads\/2024\/10\/medium-business-of-the-year-KEIBA-768x512.jpg 768w\" sizes=\"auto, (max-width: 640px) 100vw, 640px\"\/><div class=\"content\"><h3 class=\"text-left\">Medium Business of the Year - KEIBA<\/h3><div class=\"hightlights\"><span>2017<\/span><\/div><\/div><\/div><\/li><\/ul>\n\t<\/div><div class=\"glide__arrows\" data-glide-el=\"controls\"> <button class=\"glide__arrow glide__arrow--left\" data-glide-dir=\"<\"> <img decoding=\"async\" src=\"https:\/\/bedfont.theprogressteam.com\/wp-content\/themes\/bedfont\/assets\/img\/prev.png\" class=\"img-fluid\" alt=\"Back arrow\"> <\/button> <button class=\"glide__arrow glide__arrow--right\" data-glide-dir=\">\"> <img decoding=\"async\" src=\"https:\/\/bedfont.theprogressteam.com\/wp-content\/themes\/bedfont\/assets\/img\/next.png\" class=\"img-fluid\" alt=\"Next arrow\"> <\/button> <\/div>\n<\/div><\/div>\n\t<\/div>\n<\/section><!-- \/wp:html --><section class=\"logo-slider $\" id=\"module-769-logo_slider-2\"><div class=\"container\"><h2 class=\"text-left\"><span class=\"blue-text\">Our ackrediteringar <\/span><\/h2><div class=\"carousel-logo-slider mb-4\"><div class=\"glide2 position-relative\"><div class=\"glide__track\" data-glide-el=\"track\"><ul class=\"glide__slides\"><li class=\"glide__slide\"><a href=\"https:\/\/www.bedfont.com\/wp-content\/uploads\/2024\/10\/ecrep-1024x222.png\" data-fancybox=\"gallery\"><img width=\"640\" height=\"139\" src=\"https:\/\/www.bedfont.com\/wp-content\/uploads\/2024\/10\/ecrep-1024x222.png\" class=\"attachment-large size-large\" alt=\"\" decoding=\"async\" loading=\"lazy\" srcset=\"https:\/\/www.bedfont.com\/wp-content\/uploads\/2024\/10\/ecrep-1024x222.png 1024w, https:\/\/www.bedfont.com\/wp-content\/uploads\/2024\/10\/ecrep-300x65.png 300w, https:\/\/www.bedfont.com\/wp-content\/uploads\/2024\/10\/ecrep-768x166.png 768w, https:\/\/www.bedfont.com\/wp-content\/uploads\/2024\/10\/ecrep.png 1071w\" sizes=\"auto, (max-width: 640px) 100vw, 640px\"\/><\/a><\/li><li class=\"glide__slide\"><a href=\"https:\/\/www.bedfont.com\/wp-content\/uploads\/2024\/10\/chrep-e1727965894844-1.png\" data-fancybox=\"gallery\"><img width=\"640\" height=\"184\" src=\"https:\/\/www.bedfont.com\/wp-content\/uploads\/2024\/10\/chrep-e1727965894844-1.png\" class=\"attachment-large size-large\" alt=\"\" decoding=\"async\" loading=\"lazy\" srcset=\"https:\/\/www.bedfont.com\/wp-content\/uploads\/2024\/10\/chrep-e1727965894844-1.png 806w, https:\/\/www.bedfont.com\/wp-content\/uploads\/2024\/10\/chrep-e1727965894844-1-300x86.png 300w, https:\/\/www.bedfont.com\/wp-content\/uploads\/2024\/10\/chrep-e1727965894844-1-768x221.png 768w\" sizes=\"auto, (max-width: 640px) 100vw, 640px\"\/><\/a><\/li><li class=\"glide__slide\"><a href=\"https:\/\/www.bedfont.com\/wp-content\/uploads\/2024\/10\/CE-mark-in-blue-e1727965833915-1.png\" data-fancybox=\"gallery\"><img width=\"228\" height=\"232\" src=\"https:\/\/www.bedfont.com\/wp-content\/uploads\/2024\/10\/CE-mark-in-blue-e1727965833915-1.png\" class=\"attachment-large size-large\" alt=\"\" decoding=\"async\" loading=\"lazy\"\/><\/a><\/li><li class=\"glide__slide\"><a href=\"https:\/\/www.bedfont.com\/wp-content\/uploads\/2024\/10\/bsi-logo-e1727965913638-1.png\" data-fancybox=\"gallery\"><img width=\"405\" height=\"232\" src=\"https:\/\/www.bedfont.com\/wp-content\/uploads\/2024\/10\/bsi-logo-e1727965913638-1.png\" class=\"attachment-large size-large\" alt=\"\" decoding=\"async\" loading=\"lazy\" srcset=\"https:\/\/www.bedfont.com\/wp-content\/uploads\/2024\/10\/bsi-logo-e1727965913638-1.png 405w, https:\/\/www.bedfont.com\/wp-content\/uploads\/2024\/10\/bsi-logo-e1727965913638-1-300x172.png 300w\" sizes=\"auto, (max-width: 405px) 100vw, 405px\"\/><\/a><\/li><li class=\"glide__slide\"><a href=\"https:\/\/www.bedfont.com\/wp-content\/uploads\/2024\/10\/gastrochart-award-e1727965854250-1.png\" data-fancybox=\"gallery\"><img width=\"321\" height=\"232\" src=\"https:\/\/www.bedfont.com\/wp-content\/uploads\/2024\/10\/gastrochart-award-e1727965854250-1.png\" class=\"attachment-large size-large\" alt=\"\" decoding=\"async\" loading=\"lazy\" srcset=\"https:\/\/www.bedfont.com\/wp-content\/uploads\/2024\/10\/gastrochart-award-e1727965854250-1.png 321w, https:\/\/www.bedfont.com\/wp-content\/uploads\/2024\/10\/gastrochart-award-e1727965854250-1-300x217.png 300w\" sizes=\"auto, (max-width: 321px) 100vw, 321px\"\/><\/a><\/li><\/ul><\/div><div class=\"glide__arrows\" data-glide-el=\"controls\"> <button class=\"glide__arrow glide__arrow--left\" data-glide-dir=\"<\"> <img decoding=\"async\" src=\"https:\/\/bedfont.theprogressteam.com\/wp-content\/themes\/bedfont\/assets\/img\/prev.png\" class=\"img-fluid\" alt=\"Back arrow\"> <\/button> <button class=\"glide__arrow glide__arrow--right\" data-glide-dir=\">\"> <img decoding=\"async\" src=\"https:\/\/bedfont.theprogressteam.com\/wp-content\/themes\/bedfont\/assets\/img\/next.png\" class=\"img-fluid\" alt=\"Next arrow\"> <\/button> <\/div><\/div><\/div><div class=\"below-arrows\"><p>V i \u00e4r tacksamma f\u00f6r det erk\u00e4nnande och det st\u00f6d vi har f\u00e5tt fr\u00e5n v\u00e5rt samh\u00e4lle och v\u00e5r industri. Vi kommer att forts\u00e4tta arbeta h\u00e5rt och f\u00f6rnya oss f\u00f6r att p\u00e5verka m\u00e4nniskors liv p\u00e5 ett positivt s\u00e4tt. <\/p>\n<\/div><\/div><\/section>","protected":false},"excerpt":{"rendered":"<p>V\u00e5ra Utm\u00e4rkelser At Bedfont, we take pride in our relentless pursuit of excellence, and are honoured to have won the awards that we have. Take a look below at the remarkable recognition and awards that have won over they years. Our ackrediteringar V i \u00e4r tacksamma f\u00f6r det erk\u00e4nnande och det st\u00f6d vi har f\u00e5tt [&hellip;]<\/p>\n","protected":false},"author":6,"featured_media":0,"parent":0,"menu_order":0,"comment_status":"closed","ping_status":"closed","template":"templates\/page-modules.php","meta":{"_acf_changed":false,"footnotes":""},"class_list":["post-3601","page","type-page","status-publish","hentry"],"acf":[],"yoast_head":"<!-- This site is optimized with the Yoast SEO plugin v27.5 - https:\/\/yoast.com\/product\/yoast-seo-wordpress\/ -->\n<title>V\u00e5ra Utm\u00e4rkelser - Bedfont Scientific Ltd.<\/title>\n<meta name=\"description\" content=\"At Bedfont, we take pride in our relentless pursuit of excellence, and are honoured to have won the awards that we have.\" \/>\n<meta name=\"robots\" content=\"index, follow, max-snippet:-1, max-image-preview:large, max-video-preview:-1\" \/>\n<link rel=\"canonical\" href=\"https:\/\/www.bedfont.com\/sv\/vara-utmarkelser\/\" \/>\n<meta property=\"og:locale\" content=\"sv_SE\" \/>\n<meta property=\"og:type\" content=\"article\" \/>\n<meta property=\"og:title\" content=\"V\u00e5ra Utm\u00e4rkelser - Bedfont Scientific Ltd.\" \/>\n<meta property=\"og:description\" content=\"At Bedfont, we take pride in our relentless pursuit of excellence, and are honoured to have won the awards that we have.\" \/>\n<meta property=\"og:url\" content=\"https:\/\/www.bedfont.com\/sv\/vara-utmarkelser\/\" \/>\n<meta property=\"og:site_name\" content=\"Bedfont Scientific Ltd.\" \/>\n<meta property=\"article:publisher\" content=\"https:\/\/www.facebook.com\/Bedfontltd\/\" \/>\n<meta property=\"article:modified_time\" content=\"2024-10-14T10:23:26+00:00\" \/>\n<meta property=\"og:image\" content=\"https:\/\/www.bedfont.com\/wp-content\/uploads\/2024\/10\/who-we-are.jpg\" \/>\n<meta name=\"twitter:card\" content=\"summary_large_image\" \/>\n<meta name=\"twitter:site\" content=\"@BedfontLtd\" \/>\n<meta name=\"twitter:label1\" content=\"Ber\u00e4knad l\u00e4stid\" \/>\n\t<meta name=\"twitter:data1\" content=\"1 minut\" \/>\n<script type=\"application\/ld+json\" class=\"yoast-schema-graph\">{\"@context\":\"https:\\\/\\\/schema.org\",\"@graph\":[{\"@type\":\"WebPage\",\"@id\":\"https:\\\/\\\/www.bedfont.com\\\/sv\\\/vara-utmarkelser\\\/\",\"url\":\"https:\\\/\\\/www.bedfont.com\\\/sv\\\/vara-utmarkelser\\\/\",\"name\":\"V\u00e5ra Utm\u00e4rkelser - Bedfont Scientific Ltd.\",\"isPartOf\":{\"@id\":\"https:\\\/\\\/www.bedfont.com\\\/sv\\\/#website\"},\"primaryImageOfPage\":{\"@id\":\"https:\\\/\\\/www.bedfont.com\\\/sv\\\/vara-utmarkelser\\\/#primaryimage\"},\"image\":{\"@id\":\"https:\\\/\\\/www.bedfont.com\\\/sv\\\/vara-utmarkelser\\\/#primaryimage\"},\"thumbnailUrl\":\"https:\\\/\\\/www.bedfont.com\\\/wp-content\\\/uploads\\\/2024\\\/10\\\/who-we-are.jpg\",\"datePublished\":\"2023-02-14T12:08:20+00:00\",\"dateModified\":\"2024-10-14T10:23:26+00:00\",\"description\":\"At Bedfont, we take pride in our relentless pursuit of excellence, and are honoured to have won the awards that we have.\",\"breadcrumb\":{\"@id\":\"https:\\\/\\\/www.bedfont.com\\\/sv\\\/vara-utmarkelser\\\/#breadcrumb\"},\"inLanguage\":\"sv-SE\",\"potentialAction\":[{\"@type\":\"ReadAction\",\"target\":[\"https:\\\/\\\/www.bedfont.com\\\/sv\\\/vara-utmarkelser\\\/\"]}]},{\"@type\":\"ImageObject\",\"inLanguage\":\"sv-SE\",\"@id\":\"https:\\\/\\\/www.bedfont.com\\\/sv\\\/vara-utmarkelser\\\/#primaryimage\",\"url\":\"https:\\\/\\\/www.bedfont.com\\\/wp-content\\\/uploads\\\/2024\\\/10\\\/who-we-are.jpg\",\"contentUrl\":\"https:\\\/\\\/www.bedfont.com\\\/wp-content\\\/uploads\\\/2024\\\/10\\\/who-we-are.jpg\"},{\"@type\":\"BreadcrumbList\",\"@id\":\"https:\\\/\\\/www.bedfont.com\\\/sv\\\/vara-utmarkelser\\\/#breadcrumb\",\"itemListElement\":[{\"@type\":\"ListItem\",\"position\":1,\"name\":\"Home\",\"item\":\"https:\\\/\\\/www.bedfont.com\\\/sv\\\/\"},{\"@type\":\"ListItem\",\"position\":2,\"name\":\"V\u00e5ra Utm\u00e4rkelser\"}]},{\"@type\":\"WebSite\",\"@id\":\"https:\\\/\\\/www.bedfont.com\\\/sv\\\/#website\",\"url\":\"https:\\\/\\\/www.bedfont.com\\\/sv\\\/\",\"name\":\"Bedfont Scientific Ltd.\",\"description\":\"World leaders in breath analysis.\",\"potentialAction\":[{\"@type\":\"SearchAction\",\"target\":{\"@type\":\"EntryPoint\",\"urlTemplate\":\"https:\\\/\\\/www.bedfont.com\\\/sv\\\/?s={search_term_string}\"},\"query-input\":{\"@type\":\"PropertyValueSpecification\",\"valueRequired\":true,\"valueName\":\"search_term_string\"}}],\"inLanguage\":\"sv-SE\"}]}<\/script>\n<!-- \/ Yoast SEO plugin. -->","yoast_head_json":{"title":"V\u00e5ra Utm\u00e4rkelser - Bedfont Scientific Ltd.","description":"At Bedfont, we take pride in our relentless pursuit of excellence, and are honoured to have won the awards that we have.","robots":{"index":"index","follow":"follow","max-snippet":"max-snippet:-1","max-image-preview":"max-image-preview:large","max-video-preview":"max-video-preview:-1"},"canonical":"https:\/\/www.bedfont.com\/sv\/vara-utmarkelser\/","og_locale":"sv_SE","og_type":"article","og_title":"V\u00e5ra Utm\u00e4rkelser - Bedfont Scientific Ltd.","og_description":"At Bedfont, we take pride in our relentless pursuit of excellence, and are honoured to have won the awards that we have.","og_url":"https:\/\/www.bedfont.com\/sv\/vara-utmarkelser\/","og_site_name":"Bedfont Scientific Ltd.","article_publisher":"https:\/\/www.facebook.com\/Bedfontltd\/","article_modified_time":"2024-10-14T10:23:26+00:00","og_image":[{"url":"https:\/\/www.bedfont.com\/wp-content\/uploads\/2024\/10\/who-we-are.jpg","type":"","width":"","height":""}],"twitter_card":"summary_large_image","twitter_site":"@BedfontLtd","twitter_misc":{"Ber\u00e4knad l\u00e4stid":"1 minut"},"schema":{"@context":"https:\/\/schema.org","@graph":[{"@type":"WebPage","@id":"https:\/\/www.bedfont.com\/sv\/vara-utmarkelser\/","url":"https:\/\/www.bedfont.com\/sv\/vara-utmarkelser\/","name":"V\u00e5ra Utm\u00e4rkelser - Bedfont Scientific Ltd.","isPartOf":{"@id":"https:\/\/www.bedfont.com\/sv\/#website"},"primaryImageOfPage":{"@id":"https:\/\/www.bedfont.com\/sv\/vara-utmarkelser\/#primaryimage"},"image":{"@id":"https:\/\/www.bedfont.com\/sv\/vara-utmarkelser\/#primaryimage"},"thumbnailUrl":"https:\/\/www.bedfont.com\/wp-content\/uploads\/2024\/10\/who-we-are.jpg","datePublished":"2023-02-14T12:08:20+00:00","dateModified":"2024-10-14T10:23:26+00:00","description":"At Bedfont, we take pride in our relentless pursuit of excellence, and are honoured to have won the awards that we have.","breadcrumb":{"@id":"https:\/\/www.bedfont.com\/sv\/vara-utmarkelser\/#breadcrumb"},"inLanguage":"sv-SE","potentialAction":[{"@type":"ReadAction","target":["https:\/\/www.bedfont.com\/sv\/vara-utmarkelser\/"]}]},{"@type":"ImageObject","inLanguage":"sv-SE","@id":"https:\/\/www.bedfont.com\/sv\/vara-utmarkelser\/#primaryimage","url":"https:\/\/www.bedfont.com\/wp-content\/uploads\/2024\/10\/who-we-are.jpg","contentUrl":"https:\/\/www.bedfont.com\/wp-content\/uploads\/2024\/10\/who-we-are.jpg"},{"@type":"BreadcrumbList","@id":"https:\/\/www.bedfont.com\/sv\/vara-utmarkelser\/#breadcrumb","itemListElement":[{"@type":"ListItem","position":1,"name":"Home","item":"https:\/\/www.bedfont.com\/sv\/"},{"@type":"ListItem","position":2,"name":"V\u00e5ra Utm\u00e4rkelser"}]},{"@type":"WebSite","@id":"https:\/\/www.bedfont.com\/sv\/#website","url":"https:\/\/www.bedfont.com\/sv\/","name":"Bedfont Scientific Ltd.","description":"World leaders in breath analysis.","potentialAction":[{"@type":"SearchAction","target":{"@type":"EntryPoint","urlTemplate":"https:\/\/www.bedfont.com\/sv\/?s={search_term_string}"},"query-input":{"@type":"PropertyValueSpecification","valueRequired":true,"valueName":"search_term_string"}}],"inLanguage":"sv-SE"}]}},"_links":{"self":[{"href":"https:\/\/www.bedfont.com\/sv\/wp-json\/wp\/v2\/pages\/3601","targetHints":{"allow":["GET"]}}],"collection":[{"href":"https:\/\/www.bedfont.com\/sv\/wp-json\/wp\/v2\/pages"}],"about":[{"href":"https:\/\/www.bedfont.com\/sv\/wp-json\/wp\/v2\/types\/page"}],"author":[{"embeddable":true,"href":"https:\/\/www.bedfont.com\/sv\/wp-json\/wp\/v2\/users\/6"}],"replies":[{"embeddable":true,"href":"https:\/\/www.bedfont.com\/sv\/wp-json\/wp\/v2\/comments?post=3601"}],"version-history":[{"count":5,"href":"https:\/\/www.bedfont.com\/sv\/wp-json\/wp\/v2\/pages\/3601\/revisions"}],"predecessor-version":[{"id":7043,"href":"https:\/\/www.bedfont.com\/sv\/wp-json\/wp\/v2\/pages\/3601\/revisions\/7043"}],"wp:attachment":[{"href":"https:\/\/www.bedfont.com\/sv\/wp-json\/wp\/v2\/media?parent=3601"}],"curies":[{"name":"wp","href":"https:\/\/api.w.org\/{rel}","templated":true}]}}