{"id":3585,"date":"2024-01-04T16:18:29","date_gmt":"2024-01-04T16:18:29","guid":{"rendered":"https:\/\/bedfont.theprogressteam.com\/karriar\/"},"modified":"2024-10-18T05:53:28","modified_gmt":"2024-10-18T05:53:28","slug":"smokerlyzer","status":"publish","type":"page","link":"https:\/\/www.bedfont.com\/sv\/produkter\/smokerlyzer\/","title":{"rendered":"Smokerlyzer"},"content":{"rendered":"<section class=\"hero-style-4 p-0 position-relative \" id=\"module-950-hero-0\">\n\t\t<div class=\"container-fluid overlay-img-holder\">\n\t\t\t<img width=\"1998\" height=\"544\" src=\"https:\/\/www.bedfont.com\/wp-content\/uploads\/2024\/10\/smokerlyzer-product-page.jpg\" class=\"w-100\" alt=\"\" decoding=\"async\" loading=\"lazy\" srcset=\"https:\/\/www.bedfont.com\/wp-content\/uploads\/2024\/10\/smokerlyzer-product-page.jpg 1998w, https:\/\/www.bedfont.com\/wp-content\/uploads\/2024\/10\/smokerlyzer-product-page-300x82.jpg 300w, https:\/\/www.bedfont.com\/wp-content\/uploads\/2024\/10\/smokerlyzer-product-page-1024x279.jpg 1024w, https:\/\/www.bedfont.com\/wp-content\/uploads\/2024\/10\/smokerlyzer-product-page-768x209.jpg 768w, https:\/\/www.bedfont.com\/wp-content\/uploads\/2024\/10\/smokerlyzer-product-page-1536x418.jpg 1536w\" sizes=\"auto, (max-width: 1998px) 100vw, 1998px\"\/>\n\t\t\t<div class=\"overlay\">\n\t\t\t\t<div class=\"col-12 col-md-8 mx-auto\">\n\t\t\t\t\t<h1>Smokerlyzer<sup>\u00ae<\/sup><\/h1>\n\t\t\t\t\t<p>Smokerlyzer-serien best\u00e5r av kolmonoxidm\u00e4tare (CO) f\u00f6r att underl\u00e4tta r\u00f6kavv\u00e4njning.\nApparaterna m\u00e4ter m\u00e4ngden CO i en r\u00f6kares andedr\u00e4kt.\nF\u00f6r yrkesverksamma \u00e4r det ett s\u00e4tt att biokemiskt fastst\u00e4lla en persons r\u00f6kstatus och f\u00f6r r\u00f6karna sj\u00e4lva \u00e4r Smokerlyzer ett motiverande visuellt hj\u00e4lpmedel f\u00f6r att uppmuntra dem att sluta r\u00f6ka och m\u00e4ta deras framsteg under tiden de g\u00f6r det.  <\/p>\n\n\t\t\t\t<\/div>\n\t\t\t<\/div>\n\t\t<\/div>\n\t<\/section><section class=\"two-column-style-5 two-column-style-7 bg-gradient-blue \" id=\"module-950-two_column_image_text-1\">\n\t \t<div class=\"container\">\n\t\t\t<div class=\"row flex-row-reverse\">\n\t\t\t\t\t<div class=\"col-12 col-lg-7 my-auto\">\n                    <div class=\"box\">\n\t\t\t\t\t<h2 class=\"text-left\">PiCO<sup>\u2122<\/sup><\/h2>\n\t\t\t\t<p>PiCO <sup>\u2122<\/sup> \u00e4r en CO-enhet f\u00f6r att hj\u00e4lpa m\u00e4nniskor att sluta r\u00f6ka.<\/p>\n\n\t\t\t\t\t\n\t\t\t\t<\/div>\n\n                <div class=\"row\"><div class=\"col-12 col-lg-4 mt-3\"><div class=\"box h-100 text-center\"><h3>Omedelbara Resultat<\/h3><p>Enheten ger omedelbara resultat som visas i exakta ppm och %COHb.<\/p>\n<\/div><\/div><div class=\"col-12 col-lg-4 mt-3\"><div class=\"box h-100 text-center\"><h3>5-\u00e5rs Garanti<\/h3><p>PiCO<sup>\u2122<\/sup>-enheten kommer med fem \u00e5rs garanti f\u00f6r absolut sinnesro.<\/p>\n<\/div><\/div><div class=\"col-12 col-lg-4 mt-3\"><div class=\"box h-100 text-center\"><h3>Antimikrobiell Teknik<\/h3><p>Antimikrobiell teknologi f\u00f6r att s\u00e4kerst\u00e4lla optimal infektionskontroll.<\/p>\n<\/div><\/div><div class=\"col-12 col-lg-4 mt-3\"><div class=\"box h-100 text-center\"><h3>COdata<sup>+\u2122<\/sup> Software<\/h3><p>PiCO levereras med en kostnadsfri mjukvara f\u00f6r patienthantering som ger en omedelbar rapport \u00f6ver patientens resultat.<\/p>\n<\/div><\/div><div class=\"col-12 col-lg-4 mt-3\"><div class=\"box h-100 text-center\"><h3>Trafikljussystem<\/h3><p>Ger ett v\u00e4lbekant gr\u00f6nt, b\u00e4rnstensf\u00e4rgat och r\u00f6tt trafikljussystem, vilket g\u00f6r CO-niv\u00e5er omedelbart identifierbara f\u00f6r patienter.<\/p>\n<\/div><\/div><div class=\"col-12 col-lg-4 mt-3\"><div class=\"box h-100 text-center\"><h3>Infektionskontroll<\/h3><p>D-Piece<sup>\u2122<\/sup> integrerat filter anv\u00e4nds f\u00f6r att filtrera bort >99% av luftburna bakterier och >97% av virus f\u00f6r l\u00e5gkostnadsinfektionskontroll.<\/p>\n<\/div><\/div><\/div>\n\n\t\t\t\t<\/div>\n\t\t\t\t<div class=\"col-1\"><\/div>\n\t\t\t\n                <div class=\"col-12 col-lg-4\">\n\t\t\t\t\t<img width=\"647\" height=\"1159\" src=\"https:\/\/www.bedfont.com\/wp-content\/uploads\/2024\/10\/pico.png\" class=\"img-fluid w-75 mx-auto d-block\" alt=\"\" decoding=\"async\" loading=\"lazy\" srcset=\"https:\/\/www.bedfont.com\/wp-content\/uploads\/2024\/10\/pico.png 647w, https:\/\/www.bedfont.com\/wp-content\/uploads\/2024\/10\/pico-167x300.png 167w, https:\/\/www.bedfont.com\/wp-content\/uploads\/2024\/10\/pico-572x1024.png 572w\" sizes=\"auto, (max-width: 647px) 100vw, 647px\"\/>\n\t\t\t\t<\/div>\n\t\t\t<\/div>\n\t\t<\/div>\n\t<\/section><section class=\"two-column-style-5 two-column-style-7 bg-gradient-dark-blue \" id=\"module-950-two_column_image_text-2\">\n\t \t<div class=\"container\">\n\t\t\t<div class=\"row flex-row-reverse\">\n\t\t\t\t\t<div class=\"col-12 col-lg-7 my-auto\">\n                    <div class=\"box\">\n\t\t\t\t\t<h2 class=\"text-left\">Micro<sup>+\u2122<\/sup><\/h2>\n\t\t\t\t<p>Micro<sup>+\u2122<\/sup> \u00e4r en CO-andnings- och fetal %COHb %FCOHb-enhet f\u00f6r att hj\u00e4lpa m\u00e4nniskor att sluta r\u00f6ka.<\/p>\n\n\t\t\t\t\t\n\t\t\t\t<\/div>\n\n                <div class=\"row\"><div class=\"col-12 col-lg-4 mt-3\"><div class=\"box h-100 text-center\"><h3>Omedelbara Resultat<\/h3><p>Enheten ger omedelbara resultat som visas i exakta ppm,<br\/>%COHb och %FCOHb.<\/p>\n<\/div><\/div><div class=\"col-12 col-lg-4 mt-3\"><div class=\"box h-100 text-center\"><h3>5-\u00e5rs Garanti<\/h3><p>Micro <sup>+\u2122<\/sup> -enheten kommer med fem \u00e5rs garanti f\u00f6r absolut sinnesfrid.<\/p>\n<\/div><\/div><div class=\"col-12 col-lg-4 mt-3\"><div class=\"box h-100 text-center\"><h3>Antimikrobiell Teknik<\/h3><p>Antimikrobiell teknologi f\u00f6r att s\u00e4kerst\u00e4lla optimal infektionskontroll.<\/p>\n<\/div><\/div><div class=\"col-12 col-lg-4 mt-3\"><div class=\"box h-100 text-center\"><h3>COdata<sup>+\u2122<\/sup> Software<\/h3><p>Kostnadsfri programvara f\u00f6r patienthantering med Micro+ som ger en omedelbar rapport \u00f6ver patientens resultat.<\/p>\n<\/div><\/div><div class=\"col-12 col-lg-4 mt-3\"><div class=\"box h-100 text-center\"><h3>Trafikljussystem<\/h3><p>Ger ett v\u00e4lbekant gr\u00f6nt, b\u00e4rnstensf\u00e4rgat och r\u00f6tt trafikljussystem, vilket g\u00f6r CO-niv\u00e5er omedelbart identifierbara f\u00f6r patienter.<\/p>\n<\/div><\/div><div class=\"col-12 col-lg-4 mt-3\"><div class=\"box h-100 text-center\"><h3>Infektionskontroll<\/h3><p>D-Piece<sup>\u2122<\/sup> integrerat filter anv\u00e4nds f\u00f6r att filtrera bort >99% av luftburna bakterier och >97% av virus f\u00f6r l\u00e5gkostnadsinfektionskontroll.<\/p>\n<\/div><\/div><\/div>\n\n\t\t\t\t<\/div>\n\t\t\t\t<div class=\"col-1\"><\/div>\n\t\t\t\n                <div class=\"col-12 col-lg-4\">\n\t\t\t\t\t<img width=\"647\" height=\"1159\" src=\"https:\/\/www.bedfont.com\/wp-content\/uploads\/2024\/10\/micro.png\" class=\"img-fluid w-75 mx-auto d-block\" alt=\"\" decoding=\"async\" loading=\"lazy\" srcset=\"https:\/\/www.bedfont.com\/wp-content\/uploads\/2024\/10\/micro.png 647w, https:\/\/www.bedfont.com\/wp-content\/uploads\/2024\/10\/micro-167x300.png 167w, https:\/\/www.bedfont.com\/wp-content\/uploads\/2024\/10\/micro-572x1024.png 572w\" sizes=\"auto, (max-width: 647px) 100vw, 647px\"\/>\n\t\t\t\t<\/div>\n\t\t\t<\/div>\n\t\t<\/div>\n\t<\/section><section class=\"two-column-style-5 two-column-style-6 bg-gradient-blue \" id=\"module-950-two_column_image_text-3\">\n\t \t<div class=\"container\">\n\t\t\t<div class=\"row flex-row-reverse\">\n\t\t\t\t\t<div class=\"col-12 col-lg-7 my-auto\">\n                    <div class=\"box\">\n\t\t\t\t\t<h2 class=\"text-left\">iCOquit<sup>\u00ae<\/sup><\/h2>\n\t\t\t\t<p>Din personliga CO-enhet, som hj\u00e4lper dig att sluta r\u00f6ka, ett andetag i taget.<\/p>\n<p>iCOquit m\u00e4ter kolmonoxiden (CO) i dina andetag och visar avl\u00e4sningarna i appen f\u00f6r att ge visuell motivation f\u00f6r att hj\u00e4lpa dig att sluta r\u00f6ka.<\/p>\n<p>iCOquit-appen fungerar tillsammans med iCOquit-enheten f\u00f6r att ge visuell motivation f\u00f6r att hj\u00e4lpa dig att sluta samt sp\u00e5ra dina avslutningsframsteg i realtid.<\/p>\n\n\t\t\t\t\t<div class='button-box button-blue button-box-shadow'><a class='btn ' href='https:\/\/www.icoquit.com\/' target=\"_blank\">Visit Website<i class='fa fa-arrow-right ms-1' aria-hidden='true'><\/i><\/a><\/div>\n\t\t\t\t<\/div>\n\t\t\t\t<\/div>\n\t\t\t\t<div class=\"col-1\"><\/div>\n\t\t\t\n                <div class=\"col-12 col-lg-4\">\n\t\t\t\t\t<img width=\"647\" height=\"1159\" src=\"https:\/\/www.bedfont.com\/wp-content\/uploads\/2024\/10\/icoquit.png\" class=\"img-fluid w-75 mx-auto d-block\" alt=\"\" decoding=\"async\" loading=\"lazy\" srcset=\"https:\/\/www.bedfont.com\/wp-content\/uploads\/2024\/10\/icoquit.png 647w, https:\/\/www.bedfont.com\/wp-content\/uploads\/2024\/10\/icoquit-167x300.png 167w, https:\/\/www.bedfont.com\/wp-content\/uploads\/2024\/10\/icoquit-572x1024.png 572w\" sizes=\"auto, (max-width: 647px) 100vw, 647px\"\/>\n\t\t\t\t<\/div>\n\t\t\t<\/div>\n\t\t<\/div>\n\t<\/section><section class=\"two-column-style-5 two-column-style-7 bg-gradient-purple pico-baby-bg\" id=\"module-950-two_column_image_text-4\">\n\t \t<div class=\"container\">\n\t\t\t<div class=\"row flex-row-reverse\">\n\t\t\t\t\t<div class=\"col-12 col-lg-7 my-auto\">\n                    <div class=\"box\">\n\t\t\t\t\t<h2 class=\"text-left\">PiCO<sup>baby\u2122<\/sup><\/h2>\n\t\t\t\t<p>PiCO<sup>baby\u2122<\/sup> \u00e4r en andningsenhet f\u00f6r kolmonoxid f\u00f6r gravida kvinnor som hj\u00e4lper dem att sluta r\u00f6ka.<\/p>\n\n\t\t\t\t\t\n\t\t\t\t<\/div>\n\n                <div class=\"row\"><div class=\"col-12 col-lg-4 mt-3\"><div class=\"box h-100 text-center\"><h3>Omedelbara Resultat<\/h3><p>Enheten ger omedelbara resultat som visas i exakta ppm, %COHb och %FCOHb.<\/p>\n<\/div><\/div><div class=\"col-12 col-lg-4 mt-3\"><div class=\"box h-100 text-center\"><h3>5-\u00e5rs Garanti<\/h3><p>PiCO<sup>baby\u2122<\/sup>-enheten kommer med fem \u00e5rs garanti f\u00f6r absolut sinnesro.<\/p>\n<\/div><\/div><div class=\"col-12 col-lg-4 mt-3\"><div class=\"box h-100 text-center\"><h3>Antimikrobiell Teknik<\/h3><p>Antimikrobiell teknologi f\u00f6r att s\u00e4kerst\u00e4lla optimal infektionskontroll.<\/p>\n<\/div><\/div><div class=\"col-12 col-lg-4 mt-3\"><div class=\"box h-100 text-center\"><h3>V\u00e4rdefullt Verktyg<\/h3><p>piCO <sup>baby\u2122<\/sup> \u00e4r ett v\u00e4rdefullt verktyg f\u00f6r gravida r\u00f6kare f\u00f6r att visualisera effekterna som r\u00f6kning har p\u00e5 dem och deras barn.<\/p>\n<\/div><\/div><div class=\"col-12 col-lg-4 mt-3\"><div class=\"box h-100 text-center\"><h3>Trafikljussystem<\/h3><p>Ger ett v\u00e4lbekant gr\u00f6nt, b\u00e4rnstensf\u00e4rgat och r\u00f6tt trafikljussystem, vilket g\u00f6r CO-niv\u00e5er omedelbart identifierbara f\u00f6r patienter.<\/p>\n<\/div><\/div><div class=\"col-12 col-lg-4 mt-3\"><div class=\"box h-100 text-center\"><h3>Infektionskontroll<\/h3><p>D-Piece<sup>\u2122<\/sup> integrerat filter anv\u00e4nds f\u00f6r att filtrera bort >99% av luftburna bakterier och >97% av virus f\u00f6r l\u00e5gkostnadsinfektionskontroll.<\/p>\n<\/div><\/div><\/div>\n\n\t\t\t\t<\/div>\n\t\t\t\t<div class=\"col-1\"><\/div>\n\t\t\t\n                <div class=\"col-12 col-lg-4\">\n\t\t\t\t\t<img width=\"647\" height=\"1159\" src=\"https:\/\/www.bedfont.com\/wp-content\/uploads\/2024\/10\/picobaby.png\" class=\"img-fluid w-75 mx-auto d-block\" alt=\"\" decoding=\"async\" loading=\"lazy\" srcset=\"https:\/\/www.bedfont.com\/wp-content\/uploads\/2024\/10\/picobaby.png 647w, https:\/\/www.bedfont.com\/wp-content\/uploads\/2024\/10\/picobaby-167x300.png 167w, https:\/\/www.bedfont.com\/wp-content\/uploads\/2024\/10\/picobaby-572x1024.png 572w\" sizes=\"auto, (max-width: 647px) 100vw, 647px\"\/>\n\t\t\t\t<\/div>\n\t\t\t<\/div>\n\t\t<\/div>\n\t<\/section><section class=\"two-column-style-5 two-column-style-6 bg-gradient-blue \" id=\"module-950-two_column_image_text-5\">\n\t \t<div class=\"container\">\n\t\t\t<div class=\"row flex-row-reverse\">\n\t\t\t\t\t<div class=\"col-12 col-lg-7 my-auto\">\n                    <div class=\"box\">\n\t\t\t\t\t<h2 class=\"text-left\">COdata<sup>+\u2122<\/sup><\/h2>\n\t\t\t\t<p>COdata<sup>+\u2122 <\/sup> \u00e4r ett KOSTNADSFRITT program f\u00f6r Microsoft Windows, f\u00f6r anv\u00e4ndning med Bedfont<sup>\u00ae<\/sup> Smokerlyzer<sup>\u00ae<\/sup>-sortimentet av CO-enheter f\u00f6r andning.<\/p>\n<p>N\u00e4r den \u00e4r ansluten till mjukvaran laddas avl\u00e4sningar ner fr\u00e5n enheten till COdata<sup>+\u2122<\/sup>-databasen som ger en virtuell visning av instrumentet och en omedelbar rapport av patientens resultat. Rapporten inneh\u00e5ller en specifik tolkning av patientens r\u00f6kvana och personliga beroende av nikotin. Denna kan skrivas ut och f\u00f6rvaras av patienten f\u00f6r egen journal. Den integrerade databasen registrerar patientuppgifter och deras resultat f\u00f6r efterf\u00f6ljande sessioner. Anv\u00e4ndare kan ocks\u00e5 skapa anpassade ppm-inst\u00e4llningar, s\u00e5 att de kan f\u00f6rst\u00e4rka r\u00f6kstatus n\u00e4r de behandlar s\u00e4rskilt sv\u00e5rt att motivera patienter eller n\u00e4r man testar under ovanliga omst\u00e4ndigheter.    <\/p>\n\n\t\t\t\t\t<div class='button-box button-blue button-box-shadow'><a class='btn ' href='\/wp-content\/themes\/bedfont\/assets\/documents\/downloads\/Bedsoft_Framework.exe' target=\"_self\">Ladda ner COdata<sup>+\u2122<\/sup><i class='fa fa-arrow-right ms-1' aria-hidden='true'><\/i><\/a><\/div>\n\t\t\t\t<\/div>\n\t\t\t\t<\/div>\n\t\t\t\t<div class=\"col-1\"><\/div>\n\t\t\t\n                <div class=\"col-12 col-lg-4\">\n\t\t\t\t\t<img width=\"679\" height=\"673\" src=\"https:\/\/www.bedfont.com\/wp-content\/uploads\/2024\/10\/codata-software.png\" class=\"img-fluid w-75 mx-auto d-block\" alt=\"\" decoding=\"async\" loading=\"lazy\" srcset=\"https:\/\/www.bedfont.com\/wp-content\/uploads\/2024\/10\/codata-software.png 679w, https:\/\/www.bedfont.com\/wp-content\/uploads\/2024\/10\/codata-software-300x297.png 300w, https:\/\/www.bedfont.com\/wp-content\/uploads\/2024\/10\/codata-software-150x150.png 150w\" sizes=\"auto, (max-width: 679px) 100vw, 679px\"\/>\n\t\t\t\t<\/div>\n\t\t\t<\/div>\n\t\t<\/div>\n\t<\/section>","protected":false},"excerpt":{"rendered":"<p>Smokerlyzer\u00ae Smokerlyzer-serien best\u00e5r av kolmonoxidm\u00e4tare (CO) f\u00f6r att underl\u00e4tta r\u00f6kavv\u00e4njning. Apparaterna m\u00e4ter m\u00e4ngden CO i en r\u00f6kares andedr\u00e4kt. F\u00f6r yrkesverksamma \u00e4r det ett s\u00e4tt att biokemiskt fastst\u00e4lla en persons r\u00f6kstatus och f\u00f6r r\u00f6karna sj\u00e4lva \u00e4r Smokerlyzer ett motiverande visuellt hj\u00e4lpmedel f\u00f6r att uppmuntra dem att sluta r\u00f6ka och m\u00e4ta deras framsteg under tiden de g\u00f6r [&hellip;]<\/p>\n","protected":false},"author":6,"featured_media":0,"parent":3663,"menu_order":0,"comment_status":"closed","ping_status":"closed","template":"templates\/page-modules.php","meta":{"_acf_changed":false,"footnotes":""},"class_list":["post-3585","page","type-page","status-publish","hentry"],"acf":[],"yoast_head":"<!-- This site is optimized with the Yoast SEO plugin v27.5 - https:\/\/yoast.com\/product\/yoast-seo-wordpress\/ -->\n<title>Smokerlyzer - Bedfont Scientific Ltd.<\/title>\n<meta name=\"description\" content=\"Vi letar alltid efter flitiga, trevliga och v\u00e4nliga individer som vill g\u00e5 med i Bedfont-familjen och hj\u00e4lpa oss att f\u00f6rb\u00e4ttra v\u00e5rden \u00f6ver hela v\u00e4rlden.\" \/>\n<meta name=\"robots\" content=\"index, follow, max-snippet:-1, max-image-preview:large, max-video-preview:-1\" \/>\n<link rel=\"canonical\" href=\"https:\/\/www.bedfont.com\/sv\/produkter\/smokerlyzer\/\" \/>\n<meta property=\"og:locale\" content=\"sv_SE\" \/>\n<meta property=\"og:type\" content=\"article\" \/>\n<meta property=\"og:title\" content=\"Smokerlyzer - Bedfont Scientific Ltd.\" \/>\n<meta property=\"og:description\" content=\"Vi letar alltid efter flitiga, trevliga och v\u00e4nliga individer som vill g\u00e5 med i Bedfont-familjen och hj\u00e4lpa oss att f\u00f6rb\u00e4ttra v\u00e5rden \u00f6ver hela v\u00e4rlden.\" \/>\n<meta property=\"og:url\" content=\"https:\/\/www.bedfont.com\/sv\/produkter\/smokerlyzer\/\" \/>\n<meta property=\"og:site_name\" content=\"Bedfont Scientific Ltd.\" \/>\n<meta property=\"article:publisher\" content=\"https:\/\/www.facebook.com\/Bedfontltd\/\" \/>\n<meta property=\"article:modified_time\" content=\"2024-10-18T05:53:28+00:00\" \/>\n<meta property=\"og:image\" content=\"https:\/\/www.bedfont.com\/wp-content\/uploads\/2024\/10\/smokerlyzer-product-page.jpg\" \/>\n<meta name=\"twitter:card\" content=\"summary_large_image\" \/>\n<meta name=\"twitter:site\" content=\"@BedfontLtd\" \/>\n<meta name=\"twitter:label1\" content=\"Ber\u00e4knad l\u00e4stid\" \/>\n\t<meta name=\"twitter:data1\" content=\"4 minuter\" \/>\n<script type=\"application\/ld+json\" class=\"yoast-schema-graph\">{\"@context\":\"https:\\\/\\\/schema.org\",\"@graph\":[{\"@type\":\"WebPage\",\"@id\":\"https:\\\/\\\/www.bedfont.com\\\/sv\\\/produkter\\\/smokerlyzer\\\/\",\"url\":\"https:\\\/\\\/www.bedfont.com\\\/sv\\\/produkter\\\/smokerlyzer\\\/\",\"name\":\"Smokerlyzer - Bedfont Scientific Ltd.\",\"isPartOf\":{\"@id\":\"https:\\\/\\\/www.bedfont.com\\\/sv\\\/#website\"},\"primaryImageOfPage\":{\"@id\":\"https:\\\/\\\/www.bedfont.com\\\/sv\\\/produkter\\\/smokerlyzer\\\/#primaryimage\"},\"image\":{\"@id\":\"https:\\\/\\\/www.bedfont.com\\\/sv\\\/produkter\\\/smokerlyzer\\\/#primaryimage\"},\"thumbnailUrl\":\"https:\\\/\\\/www.bedfont.com\\\/wp-content\\\/uploads\\\/2024\\\/10\\\/smokerlyzer-product-page.jpg\",\"datePublished\":\"2024-01-04T16:18:29+00:00\",\"dateModified\":\"2024-10-18T05:53:28+00:00\",\"description\":\"Vi letar alltid efter flitiga, trevliga och v\u00e4nliga individer som vill g\u00e5 med i Bedfont-familjen och hj\u00e4lpa oss att f\u00f6rb\u00e4ttra v\u00e5rden \u00f6ver hela v\u00e4rlden.\",\"breadcrumb\":{\"@id\":\"https:\\\/\\\/www.bedfont.com\\\/sv\\\/produkter\\\/smokerlyzer\\\/#breadcrumb\"},\"inLanguage\":\"sv-SE\",\"potentialAction\":[{\"@type\":\"ReadAction\",\"target\":[\"https:\\\/\\\/www.bedfont.com\\\/sv\\\/produkter\\\/smokerlyzer\\\/\"]}]},{\"@type\":\"ImageObject\",\"inLanguage\":\"sv-SE\",\"@id\":\"https:\\\/\\\/www.bedfont.com\\\/sv\\\/produkter\\\/smokerlyzer\\\/#primaryimage\",\"url\":\"https:\\\/\\\/www.bedfont.com\\\/wp-content\\\/uploads\\\/2024\\\/10\\\/smokerlyzer-product-page.jpg\",\"contentUrl\":\"https:\\\/\\\/www.bedfont.com\\\/wp-content\\\/uploads\\\/2024\\\/10\\\/smokerlyzer-product-page.jpg\"},{\"@type\":\"BreadcrumbList\",\"@id\":\"https:\\\/\\\/www.bedfont.com\\\/sv\\\/produkter\\\/smokerlyzer\\\/#breadcrumb\",\"itemListElement\":[{\"@type\":\"ListItem\",\"position\":1,\"name\":\"Home\",\"item\":\"https:\\\/\\\/www.bedfont.com\\\/sv\\\/\"},{\"@type\":\"ListItem\",\"position\":2,\"name\":\"Produkter\",\"item\":\"https:\\\/\\\/www.bedfont.com\\\/sv\\\/produkter\\\/\"},{\"@type\":\"ListItem\",\"position\":3,\"name\":\"Smokerlyzer\"}]},{\"@type\":\"WebSite\",\"@id\":\"https:\\\/\\\/www.bedfont.com\\\/sv\\\/#website\",\"url\":\"https:\\\/\\\/www.bedfont.com\\\/sv\\\/\",\"name\":\"Bedfont Scientific Ltd.\",\"description\":\"World leaders in breath analysis.\",\"potentialAction\":[{\"@type\":\"SearchAction\",\"target\":{\"@type\":\"EntryPoint\",\"urlTemplate\":\"https:\\\/\\\/www.bedfont.com\\\/sv\\\/?s={search_term_string}\"},\"query-input\":{\"@type\":\"PropertyValueSpecification\",\"valueRequired\":true,\"valueName\":\"search_term_string\"}}],\"inLanguage\":\"sv-SE\"}]}<\/script>\n<!-- \/ Yoast SEO plugin. -->","yoast_head_json":{"title":"Smokerlyzer - Bedfont Scientific Ltd.","description":"Vi letar alltid efter flitiga, trevliga och v\u00e4nliga individer som vill g\u00e5 med i Bedfont-familjen och hj\u00e4lpa oss att f\u00f6rb\u00e4ttra v\u00e5rden \u00f6ver hela v\u00e4rlden.","robots":{"index":"index","follow":"follow","max-snippet":"max-snippet:-1","max-image-preview":"max-image-preview:large","max-video-preview":"max-video-preview:-1"},"canonical":"https:\/\/www.bedfont.com\/sv\/produkter\/smokerlyzer\/","og_locale":"sv_SE","og_type":"article","og_title":"Smokerlyzer - Bedfont Scientific Ltd.","og_description":"Vi letar alltid efter flitiga, trevliga och v\u00e4nliga individer som vill g\u00e5 med i Bedfont-familjen och hj\u00e4lpa oss att f\u00f6rb\u00e4ttra v\u00e5rden \u00f6ver hela v\u00e4rlden.","og_url":"https:\/\/www.bedfont.com\/sv\/produkter\/smokerlyzer\/","og_site_name":"Bedfont Scientific Ltd.","article_publisher":"https:\/\/www.facebook.com\/Bedfontltd\/","article_modified_time":"2024-10-18T05:53:28+00:00","og_image":[{"url":"https:\/\/www.bedfont.com\/wp-content\/uploads\/2024\/10\/smokerlyzer-product-page.jpg","type":"","width":"","height":""}],"twitter_card":"summary_large_image","twitter_site":"@BedfontLtd","twitter_misc":{"Ber\u00e4knad l\u00e4stid":"4 minuter"},"schema":{"@context":"https:\/\/schema.org","@graph":[{"@type":"WebPage","@id":"https:\/\/www.bedfont.com\/sv\/produkter\/smokerlyzer\/","url":"https:\/\/www.bedfont.com\/sv\/produkter\/smokerlyzer\/","name":"Smokerlyzer - Bedfont Scientific Ltd.","isPartOf":{"@id":"https:\/\/www.bedfont.com\/sv\/#website"},"primaryImageOfPage":{"@id":"https:\/\/www.bedfont.com\/sv\/produkter\/smokerlyzer\/#primaryimage"},"image":{"@id":"https:\/\/www.bedfont.com\/sv\/produkter\/smokerlyzer\/#primaryimage"},"thumbnailUrl":"https:\/\/www.bedfont.com\/wp-content\/uploads\/2024\/10\/smokerlyzer-product-page.jpg","datePublished":"2024-01-04T16:18:29+00:00","dateModified":"2024-10-18T05:53:28+00:00","description":"Vi letar alltid efter flitiga, trevliga och v\u00e4nliga individer som vill g\u00e5 med i Bedfont-familjen och hj\u00e4lpa oss att f\u00f6rb\u00e4ttra v\u00e5rden \u00f6ver hela v\u00e4rlden.","breadcrumb":{"@id":"https:\/\/www.bedfont.com\/sv\/produkter\/smokerlyzer\/#breadcrumb"},"inLanguage":"sv-SE","potentialAction":[{"@type":"ReadAction","target":["https:\/\/www.bedfont.com\/sv\/produkter\/smokerlyzer\/"]}]},{"@type":"ImageObject","inLanguage":"sv-SE","@id":"https:\/\/www.bedfont.com\/sv\/produkter\/smokerlyzer\/#primaryimage","url":"https:\/\/www.bedfont.com\/wp-content\/uploads\/2024\/10\/smokerlyzer-product-page.jpg","contentUrl":"https:\/\/www.bedfont.com\/wp-content\/uploads\/2024\/10\/smokerlyzer-product-page.jpg"},{"@type":"BreadcrumbList","@id":"https:\/\/www.bedfont.com\/sv\/produkter\/smokerlyzer\/#breadcrumb","itemListElement":[{"@type":"ListItem","position":1,"name":"Home","item":"https:\/\/www.bedfont.com\/sv\/"},{"@type":"ListItem","position":2,"name":"Produkter","item":"https:\/\/www.bedfont.com\/sv\/produkter\/"},{"@type":"ListItem","position":3,"name":"Smokerlyzer"}]},{"@type":"WebSite","@id":"https:\/\/www.bedfont.com\/sv\/#website","url":"https:\/\/www.bedfont.com\/sv\/","name":"Bedfont Scientific Ltd.","description":"World leaders in breath analysis.","potentialAction":[{"@type":"SearchAction","target":{"@type":"EntryPoint","urlTemplate":"https:\/\/www.bedfont.com\/sv\/?s={search_term_string}"},"query-input":{"@type":"PropertyValueSpecification","valueRequired":true,"valueName":"search_term_string"}}],"inLanguage":"sv-SE"}]}},"_links":{"self":[{"href":"https:\/\/www.bedfont.com\/sv\/wp-json\/wp\/v2\/pages\/3585","targetHints":{"allow":["GET"]}}],"collection":[{"href":"https:\/\/www.bedfont.com\/sv\/wp-json\/wp\/v2\/pages"}],"about":[{"href":"https:\/\/www.bedfont.com\/sv\/wp-json\/wp\/v2\/types\/page"}],"author":[{"embeddable":true,"href":"https:\/\/www.bedfont.com\/sv\/wp-json\/wp\/v2\/users\/6"}],"replies":[{"embeddable":true,"href":"https:\/\/www.bedfont.com\/sv\/wp-json\/wp\/v2\/comments?post=3585"}],"version-history":[{"count":9,"href":"https:\/\/www.bedfont.com\/sv\/wp-json\/wp\/v2\/pages\/3585\/revisions"}],"predecessor-version":[{"id":7293,"href":"https:\/\/www.bedfont.com\/sv\/wp-json\/wp\/v2\/pages\/3585\/revisions\/7293"}],"up":[{"embeddable":true,"href":"https:\/\/www.bedfont.com\/sv\/wp-json\/wp\/v2\/pages\/3663"}],"wp:attachment":[{"href":"https:\/\/www.bedfont.com\/sv\/wp-json\/wp\/v2\/media?parent=3585"}],"curies":[{"name":"wp","href":"https:\/\/api.w.org\/{rel}","templated":true}]}}