{"id":3555,"date":"2023-02-15T16:35:39","date_gmt":"2023-02-15T16:35:39","guid":{"rendered":"https:\/\/bedfont.theprogressteam.com\/medicinsk-radgivande-styrelse\/"},"modified":"2025-01-02T11:29:31","modified_gmt":"2025-01-02T11:29:31","slug":"medicinsk-radgivande-styrelse","status":"publish","type":"page","link":"https:\/\/www.bedfont.com\/sv\/medicinsk-radgivande-styrelse\/","title":{"rendered":"Medicinsk R\u00e5dgivande Styrelse"},"content":{"rendered":"<section class=\"hero-style-4 p-0 position-relative \" id=\"module-772-hero-0\">\n\t\t<div class=\"container-fluid overlay-img-holder\">\n\t\t\t<img width=\"1998\" height=\"544\" src=\"https:\/\/www.bedfont.com\/wp-content\/uploads\/2024\/10\/who-we-are.jpg\" class=\"w-100\" alt=\"\" decoding=\"async\" loading=\"lazy\" srcset=\"https:\/\/www.bedfont.com\/wp-content\/uploads\/2024\/10\/who-we-are.jpg 1998w, https:\/\/www.bedfont.com\/wp-content\/uploads\/2024\/10\/who-we-are-300x82.jpg 300w, https:\/\/www.bedfont.com\/wp-content\/uploads\/2024\/10\/who-we-are-1024x279.jpg 1024w, https:\/\/www.bedfont.com\/wp-content\/uploads\/2024\/10\/who-we-are-768x209.jpg 768w, https:\/\/www.bedfont.com\/wp-content\/uploads\/2024\/10\/who-we-are-1536x418.jpg 1536w\" sizes=\"auto, (max-width: 1998px) 100vw, 1998px\"\/>\n\t\t\t<div class=\"overlay\">\n\t\t\t\t<div class=\"col-12 col-md-8 mx-auto\">\n\t\t\t\t\t<h1>Medicinsk R\u00e5dgivande Styrelse<\/h1>\n\t\t\t\t\t<p>Vi \u00e4r stolta \u00f6ver att arbeta med ett antal Nyckelopinionsledare (NOL) inom sf\u00e4ren f\u00f6r medicinsk andningsterapi, f\u00f6r att hj\u00e4lpa till att \u00f6ka medvetenheten och utbilda om f\u00f6rdelarna med andningsanalys f\u00f6r medicinska till\u00e4mpningar.<\/p>\n\n\t\t\t\t<\/div>\n\t\t\t<\/div>\n\t\t<\/div>\n\t<\/section><section class=\"text-section text-center \" id=\"module-772-text-1\">\n\t<div class=\"container\">\n\t<h2 class=\"text-center\">V\u00e5ra <span class=\"blue-text\">viktigaste opinionsbildare<\/span><\/h2>\n\t\t\t\t<p>V\u00e4lkommen till v\u00e5r sida f\u00f6r v\u00e5r Medicinskt R\u00e5dgivande Styrelse. Vi \u00e4r stolta \u00f6ver att presentera teamet av Nyckelopinionsledare som v\u00e4gleder oss i v\u00e5rt uppdrag att f\u00f6rb\u00e4ttra v\u00e5ra kunders h\u00e4lsa och v\u00e4lm\u00e5ende. <\/p>\n<p>V\u00e5r medicinskt r\u00e5dgivande styrelse best\u00e5r av mycket erfaren sjukv\u00e5rdspersonal, inklusive l\u00e4kare, apotekare och andra sjukv\u00e5rdsexperter. De tillf\u00f6r en gedigen m\u00e4ngd kunskap och expertis inom olika l\u00e4kemedelsomr\u00e5den, inklusive internmedicin, kirurgi, kardiologi, onkologi och m\u00e5nga andra. V\u00e5r Medicinskt R\u00e5dgivande Styrelses prim\u00e4ra roll \u00e4r att ge strategisk v\u00e4gledning till v\u00e5rt f\u00f6retag i olika medicinska och sjukv\u00e5rdsrelaterade fr\u00e5gor. De hj\u00e4lper oss att h\u00e5lla oss uppdaterade om den senaste medicinska utvecklingen, behandlingsalternativ och riktlinjer f\u00f6r att s\u00e4kerst\u00e4lla att v\u00e5ra tj\u00e4nster uppfyller de h\u00f6gsta v\u00e5rdstandarderna.   <\/p>\n<p>V\u00e5r Medicinskt R\u00e5dgivande Styrelse spelar ocks\u00e5 en avg\u00f6rande roll i utvecklingen av v\u00e5ra produkter och tj\u00e4nster. De hj\u00e4lper oss att designa och f\u00f6rb\u00e4ttra v\u00e5ra erbjudanden f\u00f6r att s\u00e4kerst\u00e4lla att de m\u00f6ter v\u00e5ra kunders unika behov. Deras expertis och insikt hj\u00e4lper oss att leverera innovativa l\u00f6sningar som f\u00f6rb\u00e4ttrar v\u00e5ra kunders h\u00e4lsa och livskvalitet.  <\/p>\n<p>Vi \u00e4r stolta \u00f6ver att ha en s\u00e5 m\u00e5ngsidig och beg\u00e5vad grupp medicinska experter i v\u00e5r Medicinskt R\u00e5dgivande Styrelse. Deras engagemang f\u00f6r att fr\u00e4mja sjukv\u00e5rden och f\u00f6rb\u00e4ttra patienternas slutliga resultat \u00e4r en viktig del av v\u00e5r framg\u00e5ng. Vi \u00e4r tacksamma f\u00f6r deras v\u00e4gledning och st\u00f6d som hj\u00e4lper oss att tillhandah\u00e5lla h\u00f6gsta kvalitet p\u00e5 v\u00e5rden till v\u00e5ra kunder.  <\/p>\n<p>Om du har n\u00e5gra fr\u00e5gor eller vill veta mer om v\u00e5r Medicinskt R\u00e5dgivande Styrelse, v\u00e4nligen kontakta oss. Vi ger dig g\u00e4rna mer information om v\u00e5rt styrelsearbete och vilken roll de spelar i v\u00e5rt f\u00f6retag. <\/p>\n\n\t<\/div>\n<\/section><section class=\"two-column-style-4 p-0 mab \" id=\"module-772-two_column_image_text-2\" style=\"--color: var(--purple);\">\n\t\t<div class=\"container-fluid m-0 p-0\">\n\t\t\t<div class=\"row m-0 flex-row-reverse\">\n\t\t\t\t<div class=\"col-12 col-lg-7 my-auto img-div-content text-white\">\n\t\t\t\t\t<h2 class=\"text-left\">Prof. Rodolfo de Paula Vieira<\/h2>\n\t\t\t\t\t<p>Professor vid Evangelical University of Goi\u00e1s (UniEvang\u00e9lica), handledare f\u00f6r MSc och PhD Program vid UNIFESP och direkt\u00f6r f\u00f6r IBEPIPE, Rodolfo de Paula Vieira har en doktorsexamen i patologi \u2013 s\u00e4rskilt lungornas immunopatologi \u2013 och 3 postdoktorala ackrediteringar fr\u00e5n Sao Paulo , School of Medicine i Brasilien, avdelningen f\u00f6r pneumologi vid universitetssjukhuset Freiburg i Tyskland och en postdoktoralt stipendium tilldelat av European Respiratory Society och Marie Currie Foundation och Europeiska unionen. Efter att ha publicerat mer \u00e4n 200 internationellt peer-reviewade vetenskapliga artiklar, utvecklar professor Vieiras huvudsakliga f\u00f6r- och kliniska studier kring immunsvar, patofysiologi av luftv\u00e4gssjukdomar och effekterna av fysisk tr\u00e4ning p\u00e5 lungrehabilitering. <\/p>\n\n\t\t\t\t<\/div>\n                <div class=\"col-12 col-lg-5 p-0 img-div\" style=\"background-image: url(https:\/\/www.bedfont.com\/wp-content\/uploads\/2024\/10\/rodolfo-1024x682.png)\"><\/div>\n\t\t\t<\/div>\n\t\t<\/div>\n\t<\/section><section class=\"two-column-style-4 p-0 mab \" id=\"module-772-two_column_image_text-3\" style=\"--color: var(--purple);\">\n\t\t<div class=\"container-fluid m-0 p-0\">\n\t\t\t<div class=\"row m-0 \">\n\t\t\t\t<div class=\"col-12 col-lg-7 my-auto img-div-content text-white\">\n\t\t\t\t\t<h2 class=\"text-left\">Carol Stonham<\/h2>\n\t\t\t\t\t<p>Carol, legitimerad sjuksk\u00f6terska sedan 1986, \u00f6vergick fr\u00e5n akuta sjukhusmilj\u00f6er till prim\u00e4rv\u00e5rd 1990. Med 26 \u00e5r i allm\u00e4npraktik i ryggen tj\u00e4nstg\u00f6r hon nu p\u00e5 Gloucestershire ICB, leder Respiratory Clinical Program Group och fungerar som klinisk ledare f\u00f6r astma hos barn och unga . Dessutom \u00e4r hon medledare f\u00f6r NHSE South West Respiratory Network. Carol var banbrytande f\u00f6r anv\u00e4ndningen av FeNO i prim\u00e4rv\u00e5rden och integrerade den i sin astmaverktygsl\u00e5da, och implementerade den nyligen i Gloucestershire-praxis. Hon \u00e4r den tidigare verkst\u00e4llande ordf\u00f6randen f\u00f6r PCRS, den f\u00f6rsta icke-l\u00e4karen och kvinnan i den rollen, som f\u00f6r n\u00e4rvarande fungerar som policyledare. Carol \u00e4r medordf\u00f6rande f\u00f6r Lung Health Task Forces grupp f\u00f6r tidiga och exakta diagnoser och bidrog till NHS Long Term Plan Breathlessness Diagnosis-gruppen. Med en masterexamen i andningsv\u00e5rd fick hon Queen&#8217;s Nurse Award 2007 och hedrades med en MBE 2016 f\u00f6r Services to Nursing and Healthcare.      <\/p>\n\n\t\t\t\t<\/div>\n                <div class=\"col-12 col-lg-5 p-0 img-div\" style=\"background-image: url(https:\/\/www.bedfont.com\/wp-content\/uploads\/2024\/10\/carol-1024x682.jpg)\"><\/div>\n\t\t\t<\/div>\n\t\t<\/div>\n\t<\/section><section class=\"two-column-style-4 p-0 mab \" id=\"module-772-two_column_image_text-4\" style=\"--color: var(--pink);\">\n\t\t<div class=\"container-fluid m-0 p-0\">\n\t\t\t<div class=\"row m-0 flex-row-reverse\">\n\t\t\t\t<div class=\"col-12 col-lg-7 my-auto img-div-content text-white\">\n\t\t\t\t\t<h2 class=\"text-left\">Dr Jafar Jafari<\/h2>\n\t\t\t\t\t<p>Chef f\u00f6r Upper GI Physiology vid Guy&#8217;s and St Thomas&#8217; Foundation Trust Hospitals, Dr Jafari har en l\u00e4karexamen i medicin, en doktorexamen i Neurogastroenterologi och har varit involverad i \u00f6ver 100 forskningspublikationer om gastroenterologi. Ett av Dr Jafaris huvudsakliga intresseomr\u00e5den \u00e4r v\u00e4te och C13 GI utandningstest. <\/p>\n\n\t\t\t\t<\/div>\n                <div class=\"col-12 col-lg-5 p-0 img-div\" style=\"background-image: url(https:\/\/www.bedfont.com\/wp-content\/uploads\/2024\/10\/jafari-1024x682.png)\"><\/div>\n\t\t\t<\/div>\n\t\t<\/div>\n\t<\/section><section class=\"two-column-style-4 p-0 mab \" id=\"module-772-two_column_image_text-5\" style=\"--color: var(--pink);\">\n\t\t<div class=\"container-fluid m-0 p-0\">\n\t\t\t<div class=\"row m-0 \">\n\t\t\t\t<div class=\"col-12 col-lg-7 my-auto img-div-content text-white\">\n\t\t\t\t\t<h2 class=\"text-left\">Melissa Dooley<\/h2>\n\t\t\t\t\t<p>Melissa b\u00f6rjade sin karri\u00e4r som gastrointestinal fysiolog p\u00e5 St. James\u2019s Hospital i Dublin. Under sin karri\u00e4r var Melissa mycket intresserad av bakteriell \u00f6verv\u00e4xt i tunntarmen och genomf\u00f6rde ett forskningsprojekt med titeln &#8221;Bakteriell \u00f6verv\u00e4xt i tunntarmen hos patienter efter esofagektomi och gastrektomi &#8221;. Melissa \u00e4r en fullt ackrediterad gastrointestinal fysiolog och \u00e4r medlem av b\u00e5de Irish Institute of Clinical Measurement Scientists och British Society of Gastroenterology. Melissa har flera publikationer och har presenterat sin forskning p\u00e5 b\u00e5de nationella och internationella konferenser. Melissa tilldelades RES MED\/PEI-priset 2008 av Technological University Dublin (formellt Dublin Institute of Technology) f\u00f6r sina enast\u00e5ende akademiska prestationer.    <\/p>\n\n\t\t\t\t<\/div>\n                <div class=\"col-12 col-lg-5 p-0 img-div\" style=\"background-image: url(https:\/\/www.bedfont.com\/wp-content\/uploads\/2024\/10\/melissa-1024x683.jpg)\"><\/div>\n\t\t\t<\/div>\n\t\t<\/div>\n\t<\/section><section class=\"two-column-style-4 p-0 mab \" id=\"module-772-two_column_image_text-6\" style=\"--color: var(--blue);\">\n\t\t<div class=\"container-fluid m-0 p-0\">\n\t\t\t<div class=\"row m-0 flex-row-reverse\">\n\t\t\t\t<div class=\"col-12 col-lg-7 my-auto img-div-content text-white\">\n\t\t\t\t\t<h2 class=\"text-left\">Dr Amer Siddiq Amer Nordin<\/h2>\n\t\t\t\t\t<p>Docent och konsult i psykiatri vid University of Malaya. Han \u00e4r ocks\u00e5 adjungerad professor i folkh\u00e4lsa vid Universitas Airlanggar, Surabaya i Indonesien. Dessutom leder han forskargruppen f\u00f6r nikotinberoende vid universitetet i Malaya Center of Addiction Sciences (UMCAS) -NARCC och hans forskningsarbete handlar fr\u00e4mst om tobakskontroll och hj\u00e4lper fr\u00e4mst till att hj\u00e4lpa m\u00e4nniskor att sluta r\u00f6ka.  <\/p>\n\n\t\t\t\t<\/div>\n                <div class=\"col-12 col-lg-5 p-0 img-div\" style=\"background-image: url(https:\/\/www.bedfont.com\/wp-content\/uploads\/2024\/10\/dr-amer-1024x683.png)\"><\/div>\n\t\t\t<\/div>\n\t\t<\/div>\n\t<\/section><section class=\"two-column-style-4 p-0 mab \" id=\"module-772-two_column_image_text-7\" style=\"--color: var(--blue);\">\n\t\t<div class=\"container-fluid m-0 p-0\">\n\t\t\t<div class=\"row m-0 \">\n\t\t\t\t<div class=\"col-12 col-lg-7 my-auto img-div-content text-white\">\n\t\t\t\t\t<h2 class=\"text-left\">Dr Anne Yee<\/h2>\n\t\t\t\t\t<p>Docent Dr Anne Yee \u00e4r f\u00f6r n\u00e4rvarande docent och klinisk psykiatriker vid Monash University Malaysia och University Malaya Medical Centre. Hennes forskning \u00e4r inriktad p\u00e5 nikotinberoende. Hon \u00e4r ocks\u00e5 f\u00f6r n\u00e4rvarande en teknisk- och expertr\u00e5dgivare till Malaysias h\u00e4lsoministerium i utvecklingen och implementeringen av nationella riktlinjer f\u00f6r klinisk praxis f\u00f6r st\u00f6rning av tobaksbruk, mQuit Service Project, en teknisk arbetsgrupp f\u00f6r evidensbaserad r\u00f6kavv\u00e4njning och gratis tobakspolicy p\u00e5 hennes universitet.  <\/p>\n\n\t\t\t\t<\/div>\n                <div class=\"col-12 col-lg-5 p-0 img-div\" style=\"background-image: url(https:\/\/www.bedfont.com\/wp-content\/uploads\/2024\/10\/dr-anne-yee-1024x781.jpg)\"><\/div>\n\t\t\t<\/div>\n\t\t<\/div>\n\t<\/section><section class=\"two-column-style-4 p-0 mab \" id=\"module-772-two_column_image_text-8\" style=\"--color: var(--blue);\">\n\t\t<div class=\"container-fluid m-0 p-0\">\n\t\t\t<div class=\"row m-0 flex-row-reverse\">\n\t\t\t\t<div class=\"col-12 col-lg-7 my-auto img-div-content text-white\">\n\t\t\t\t\t<h2 class=\"text-left\">Prof. Dr Sachin Sinha<\/h2>\n\t\t\t\t\t<p>Arbetar som professor p\u00e5 avd. av maxillofacial patologi i Indien. Han har arbetat i Narain Sewa Sansthan i 14 \u00e5r inom omr\u00e5det Tobaksintervention  missbruk. Han har utbildat \u00f6ver 1000 tandl\u00e4kare, medicinska och paramedicinska om tobaksavv\u00e4njning genom kontinuerligt utbildningsprogram. Dr. Sinha har skapat totalt 11 v\u00e4rldsrekord p\u00e5 tobakskontroll och kolmonoxidf\u00f6rgiftning. Han har genomf\u00f6rt Indiens st\u00f6rsta kolmonoxidscreeningsprogram genom Sansthan f\u00f6r polistj\u00e4nstem\u00e4n ute p\u00e5 gatorna, antingen p\u00e5 grund av r\u00f6kning eller milj\u00f6f\u00f6roreningar.    <\/p>\n\n\t\t\t\t<\/div>\n                <div class=\"col-12 col-lg-5 p-0 img-div\" style=\"background-image: url(https:\/\/www.bedfont.com\/wp-content\/uploads\/2024\/10\/dr-sachin-sinha-1024x683.jpg)\"><\/div>\n\t\t\t<\/div>\n\t\t<\/div>\n\t<\/section>","protected":false},"excerpt":{"rendered":"<p>Medicinsk R\u00e5dgivande Styrelse Vi \u00e4r stolta \u00f6ver att arbeta med ett antal Nyckelopinionsledare (NOL) inom sf\u00e4ren f\u00f6r medicinsk andningsterapi, f\u00f6r att hj\u00e4lpa till att \u00f6ka medvetenheten och utbilda om f\u00f6rdelarna med andningsanalys f\u00f6r medicinska till\u00e4mpningar. V\u00e5ra viktigaste opinionsbildare V\u00e4lkommen till v\u00e5r sida f\u00f6r v\u00e5r Medicinskt R\u00e5dgivande Styrelse. Vi \u00e4r stolta \u00f6ver att presentera teamet av [&hellip;]<\/p>\n","protected":false},"author":6,"featured_media":0,"parent":0,"menu_order":0,"comment_status":"closed","ping_status":"closed","template":"templates\/page-modules.php","meta":{"_acf_changed":false,"footnotes":""},"class_list":["post-3555","page","type-page","status-publish","hentry"],"acf":[],"yoast_head":"<!-- This site is optimized with the Yoast SEO plugin v27.4 - https:\/\/yoast.com\/product\/yoast-seo-wordpress\/ -->\n<title>Medicinsk R\u00e5dgivande Styrelse - Bedfont Scientific Ltd.<\/title>\n<meta name=\"description\" content=\"Vi \u00e4r stolta \u00f6ver att arbeta med ett antal Nyckelopinionsledare (NOL) inom sf\u00e4ren f\u00f6r medicinsk andningsterapi, f\u00f6r att hj\u00e4lpa till att \u00f6ka medvetenheten och utbilda om f\u00f6rdelarna med andningsanalys f\u00f6r medicinska till\u00e4mpningar.\" \/>\n<meta name=\"robots\" content=\"index, follow, max-snippet:-1, max-image-preview:large, max-video-preview:-1\" \/>\n<link rel=\"canonical\" href=\"https:\/\/www.bedfont.com\/sv\/medicinsk-radgivande-styrelse\/\" \/>\n<meta property=\"og:locale\" content=\"sv_SE\" \/>\n<meta property=\"og:type\" content=\"article\" \/>\n<meta property=\"og:title\" content=\"Medicinsk R\u00e5dgivande Styrelse - Bedfont Scientific Ltd.\" \/>\n<meta property=\"og:description\" content=\"Vi \u00e4r stolta \u00f6ver att arbeta med ett antal Nyckelopinionsledare (NOL) inom sf\u00e4ren f\u00f6r medicinsk andningsterapi, f\u00f6r att hj\u00e4lpa till att \u00f6ka medvetenheten och utbilda om f\u00f6rdelarna med andningsanalys f\u00f6r medicinska till\u00e4mpningar.\" \/>\n<meta property=\"og:url\" content=\"https:\/\/www.bedfont.com\/sv\/medicinsk-radgivande-styrelse\/\" \/>\n<meta property=\"og:site_name\" content=\"Bedfont Scientific Ltd.\" \/>\n<meta property=\"article:publisher\" content=\"https:\/\/www.facebook.com\/Bedfontltd\/\" \/>\n<meta property=\"article:modified_time\" content=\"2025-01-02T11:29:31+00:00\" \/>\n<meta property=\"og:image\" content=\"https:\/\/www.bedfont.com\/wp-content\/uploads\/2024\/10\/who-we-are.jpg\" \/>\n<meta name=\"twitter:card\" content=\"summary_large_image\" \/>\n<meta name=\"twitter:site\" content=\"@BedfontLtd\" \/>\n<meta name=\"twitter:label1\" content=\"Ber\u00e4knad l\u00e4stid\" \/>\n\t<meta name=\"twitter:data1\" content=\"5 minuter\" \/>\n<script type=\"application\/ld+json\" class=\"yoast-schema-graph\">{\"@context\":\"https:\\\/\\\/schema.org\",\"@graph\":[{\"@type\":\"WebPage\",\"@id\":\"https:\\\/\\\/www.bedfont.com\\\/sv\\\/medicinsk-radgivande-styrelse\\\/\",\"url\":\"https:\\\/\\\/www.bedfont.com\\\/sv\\\/medicinsk-radgivande-styrelse\\\/\",\"name\":\"Medicinsk R\u00e5dgivande Styrelse - Bedfont Scientific Ltd.\",\"isPartOf\":{\"@id\":\"https:\\\/\\\/www.bedfont.com\\\/sv\\\/#website\"},\"primaryImageOfPage\":{\"@id\":\"https:\\\/\\\/www.bedfont.com\\\/sv\\\/medicinsk-radgivande-styrelse\\\/#primaryimage\"},\"image\":{\"@id\":\"https:\\\/\\\/www.bedfont.com\\\/sv\\\/medicinsk-radgivande-styrelse\\\/#primaryimage\"},\"thumbnailUrl\":\"https:\\\/\\\/www.bedfont.com\\\/wp-content\\\/uploads\\\/2024\\\/10\\\/who-we-are.jpg\",\"datePublished\":\"2023-02-15T16:35:39+00:00\",\"dateModified\":\"2025-01-02T11:29:31+00:00\",\"description\":\"Vi \u00e4r stolta \u00f6ver att arbeta med ett antal Nyckelopinionsledare (NOL) inom sf\u00e4ren f\u00f6r medicinsk andningsterapi, f\u00f6r att hj\u00e4lpa till att \u00f6ka medvetenheten och utbilda om f\u00f6rdelarna med andningsanalys f\u00f6r medicinska till\u00e4mpningar.\",\"breadcrumb\":{\"@id\":\"https:\\\/\\\/www.bedfont.com\\\/sv\\\/medicinsk-radgivande-styrelse\\\/#breadcrumb\"},\"inLanguage\":\"sv-SE\",\"potentialAction\":[{\"@type\":\"ReadAction\",\"target\":[\"https:\\\/\\\/www.bedfont.com\\\/sv\\\/medicinsk-radgivande-styrelse\\\/\"]}]},{\"@type\":\"ImageObject\",\"inLanguage\":\"sv-SE\",\"@id\":\"https:\\\/\\\/www.bedfont.com\\\/sv\\\/medicinsk-radgivande-styrelse\\\/#primaryimage\",\"url\":\"https:\\\/\\\/www.bedfont.com\\\/wp-content\\\/uploads\\\/2024\\\/10\\\/who-we-are.jpg\",\"contentUrl\":\"https:\\\/\\\/www.bedfont.com\\\/wp-content\\\/uploads\\\/2024\\\/10\\\/who-we-are.jpg\"},{\"@type\":\"BreadcrumbList\",\"@id\":\"https:\\\/\\\/www.bedfont.com\\\/sv\\\/medicinsk-radgivande-styrelse\\\/#breadcrumb\",\"itemListElement\":[{\"@type\":\"ListItem\",\"position\":1,\"name\":\"Home\",\"item\":\"https:\\\/\\\/www.bedfont.com\\\/sv\\\/\"},{\"@type\":\"ListItem\",\"position\":2,\"name\":\"Medicinsk R\u00e5dgivande Styrelse\"}]},{\"@type\":\"WebSite\",\"@id\":\"https:\\\/\\\/www.bedfont.com\\\/sv\\\/#website\",\"url\":\"https:\\\/\\\/www.bedfont.com\\\/sv\\\/\",\"name\":\"Bedfont Scientific Ltd.\",\"description\":\"World leaders in breath analysis.\",\"publisher\":{\"@id\":\"https:\\\/\\\/www.bedfont.com\\\/sv\\\/#organization\"},\"potentialAction\":[{\"@type\":\"SearchAction\",\"target\":{\"@type\":\"EntryPoint\",\"urlTemplate\":\"https:\\\/\\\/www.bedfont.com\\\/sv\\\/?s={search_term_string}\"},\"query-input\":{\"@type\":\"PropertyValueSpecification\",\"valueRequired\":true,\"valueName\":\"search_term_string\"}}],\"inLanguage\":\"sv-SE\"},{\"@type\":\"Organization\",\"@id\":\"https:\\\/\\\/www.bedfont.com\\\/sv\\\/#organization\",\"name\":\"Bedfont Scientific Ltd.\",\"url\":\"https:\\\/\\\/www.bedfont.com\\\/sv\\\/\",\"logo\":{\"@type\":\"ImageObject\",\"inLanguage\":\"sv-SE\",\"@id\":\"https:\\\/\\\/www.bedfont.com\\\/sv\\\/#\\\/schema\\\/logo\\\/image\\\/\",\"url\":\"https:\\\/\\\/www.bedfont.com\\\/wp-content\\\/uploads\\\/2023\\\/06\\\/logo.png\",\"contentUrl\":\"https:\\\/\\\/www.bedfont.com\\\/wp-content\\\/uploads\\\/2023\\\/06\\\/logo.png\",\"width\":1600,\"height\":505,\"caption\":\"Bedfont Scientific Ltd.\"},\"image\":{\"@id\":\"https:\\\/\\\/www.bedfont.com\\\/sv\\\/#\\\/schema\\\/logo\\\/image\\\/\"},\"sameAs\":[\"https:\\\/\\\/www.facebook.com\\\/Bedfontltd\\\/\",\"https:\\\/\\\/x.com\\\/BedfontLtd\",\"https:\\\/\\\/www.instagram.com\\\/bedfontltd\\\/\",\"https:\\\/\\\/www.linkedin.com\\\/company\\\/bedfont-scientific-ltd\\\/\",\"https:\\\/\\\/www.youtube.com\\\/user\\\/BedfontScientificLtd\"]}]}<\/script>\n<!-- \/ Yoast SEO plugin. -->","yoast_head_json":{"title":"Medicinsk R\u00e5dgivande Styrelse - Bedfont Scientific Ltd.","description":"Vi \u00e4r stolta \u00f6ver att arbeta med ett antal Nyckelopinionsledare (NOL) inom sf\u00e4ren f\u00f6r medicinsk andningsterapi, f\u00f6r att hj\u00e4lpa till att \u00f6ka medvetenheten och utbilda om f\u00f6rdelarna med andningsanalys f\u00f6r medicinska till\u00e4mpningar.","robots":{"index":"index","follow":"follow","max-snippet":"max-snippet:-1","max-image-preview":"max-image-preview:large","max-video-preview":"max-video-preview:-1"},"canonical":"https:\/\/www.bedfont.com\/sv\/medicinsk-radgivande-styrelse\/","og_locale":"sv_SE","og_type":"article","og_title":"Medicinsk R\u00e5dgivande Styrelse - Bedfont Scientific Ltd.","og_description":"Vi \u00e4r stolta \u00f6ver att arbeta med ett antal Nyckelopinionsledare (NOL) inom sf\u00e4ren f\u00f6r medicinsk andningsterapi, f\u00f6r att hj\u00e4lpa till att \u00f6ka medvetenheten och utbilda om f\u00f6rdelarna med andningsanalys f\u00f6r medicinska till\u00e4mpningar.","og_url":"https:\/\/www.bedfont.com\/sv\/medicinsk-radgivande-styrelse\/","og_site_name":"Bedfont Scientific Ltd.","article_publisher":"https:\/\/www.facebook.com\/Bedfontltd\/","article_modified_time":"2025-01-02T11:29:31+00:00","og_image":[{"url":"https:\/\/www.bedfont.com\/wp-content\/uploads\/2024\/10\/who-we-are.jpg","type":"","width":"","height":""}],"twitter_card":"summary_large_image","twitter_site":"@BedfontLtd","twitter_misc":{"Ber\u00e4knad l\u00e4stid":"5 minuter"},"schema":{"@context":"https:\/\/schema.org","@graph":[{"@type":"WebPage","@id":"https:\/\/www.bedfont.com\/sv\/medicinsk-radgivande-styrelse\/","url":"https:\/\/www.bedfont.com\/sv\/medicinsk-radgivande-styrelse\/","name":"Medicinsk R\u00e5dgivande Styrelse - Bedfont Scientific Ltd.","isPartOf":{"@id":"https:\/\/www.bedfont.com\/sv\/#website"},"primaryImageOfPage":{"@id":"https:\/\/www.bedfont.com\/sv\/medicinsk-radgivande-styrelse\/#primaryimage"},"image":{"@id":"https:\/\/www.bedfont.com\/sv\/medicinsk-radgivande-styrelse\/#primaryimage"},"thumbnailUrl":"https:\/\/www.bedfont.com\/wp-content\/uploads\/2024\/10\/who-we-are.jpg","datePublished":"2023-02-15T16:35:39+00:00","dateModified":"2025-01-02T11:29:31+00:00","description":"Vi \u00e4r stolta \u00f6ver att arbeta med ett antal Nyckelopinionsledare (NOL) inom sf\u00e4ren f\u00f6r medicinsk andningsterapi, f\u00f6r att hj\u00e4lpa till att \u00f6ka medvetenheten och utbilda om f\u00f6rdelarna med andningsanalys f\u00f6r medicinska till\u00e4mpningar.","breadcrumb":{"@id":"https:\/\/www.bedfont.com\/sv\/medicinsk-radgivande-styrelse\/#breadcrumb"},"inLanguage":"sv-SE","potentialAction":[{"@type":"ReadAction","target":["https:\/\/www.bedfont.com\/sv\/medicinsk-radgivande-styrelse\/"]}]},{"@type":"ImageObject","inLanguage":"sv-SE","@id":"https:\/\/www.bedfont.com\/sv\/medicinsk-radgivande-styrelse\/#primaryimage","url":"https:\/\/www.bedfont.com\/wp-content\/uploads\/2024\/10\/who-we-are.jpg","contentUrl":"https:\/\/www.bedfont.com\/wp-content\/uploads\/2024\/10\/who-we-are.jpg"},{"@type":"BreadcrumbList","@id":"https:\/\/www.bedfont.com\/sv\/medicinsk-radgivande-styrelse\/#breadcrumb","itemListElement":[{"@type":"ListItem","position":1,"name":"Home","item":"https:\/\/www.bedfont.com\/sv\/"},{"@type":"ListItem","position":2,"name":"Medicinsk R\u00e5dgivande Styrelse"}]},{"@type":"WebSite","@id":"https:\/\/www.bedfont.com\/sv\/#website","url":"https:\/\/www.bedfont.com\/sv\/","name":"Bedfont Scientific Ltd.","description":"World leaders in breath analysis.","publisher":{"@id":"https:\/\/www.bedfont.com\/sv\/#organization"},"potentialAction":[{"@type":"SearchAction","target":{"@type":"EntryPoint","urlTemplate":"https:\/\/www.bedfont.com\/sv\/?s={search_term_string}"},"query-input":{"@type":"PropertyValueSpecification","valueRequired":true,"valueName":"search_term_string"}}],"inLanguage":"sv-SE"},{"@type":"Organization","@id":"https:\/\/www.bedfont.com\/sv\/#organization","name":"Bedfont Scientific Ltd.","url":"https:\/\/www.bedfont.com\/sv\/","logo":{"@type":"ImageObject","inLanguage":"sv-SE","@id":"https:\/\/www.bedfont.com\/sv\/#\/schema\/logo\/image\/","url":"https:\/\/www.bedfont.com\/wp-content\/uploads\/2023\/06\/logo.png","contentUrl":"https:\/\/www.bedfont.com\/wp-content\/uploads\/2023\/06\/logo.png","width":1600,"height":505,"caption":"Bedfont Scientific Ltd."},"image":{"@id":"https:\/\/www.bedfont.com\/sv\/#\/schema\/logo\/image\/"},"sameAs":["https:\/\/www.facebook.com\/Bedfontltd\/","https:\/\/x.com\/BedfontLtd","https:\/\/www.instagram.com\/bedfontltd\/","https:\/\/www.linkedin.com\/company\/bedfont-scientific-ltd\/","https:\/\/www.youtube.com\/user\/BedfontScientificLtd"]}]}},"_links":{"self":[{"href":"https:\/\/www.bedfont.com\/sv\/wp-json\/wp\/v2\/pages\/3555","targetHints":{"allow":["GET"]}}],"collection":[{"href":"https:\/\/www.bedfont.com\/sv\/wp-json\/wp\/v2\/pages"}],"about":[{"href":"https:\/\/www.bedfont.com\/sv\/wp-json\/wp\/v2\/types\/page"}],"author":[{"embeddable":true,"href":"https:\/\/www.bedfont.com\/sv\/wp-json\/wp\/v2\/users\/6"}],"replies":[{"embeddable":true,"href":"https:\/\/www.bedfont.com\/sv\/wp-json\/wp\/v2\/comments?post=3555"}],"version-history":[{"count":8,"href":"https:\/\/www.bedfont.com\/sv\/wp-json\/wp\/v2\/pages\/3555\/revisions"}],"predecessor-version":[{"id":7633,"href":"https:\/\/www.bedfont.com\/sv\/wp-json\/wp\/v2\/pages\/3555\/revisions\/7633"}],"wp:attachment":[{"href":"https:\/\/www.bedfont.com\/sv\/wp-json\/wp\/v2\/media?parent=3555"}],"curies":[{"name":"wp","href":"https:\/\/api.w.org\/{rel}","templated":true}]}}