{"id":3517,"date":"2022-07-06T14:50:01","date_gmt":"2022-07-06T14:50:01","guid":{"rendered":"https:\/\/bedfont.theprogressteam.com\/innehall\/"},"modified":"2025-02-04T11:48:02","modified_gmt":"2025-02-04T11:48:02","slug":"innehall","status":"publish","type":"page","link":"https:\/\/www.bedfont.com\/sv\/innehall\/","title":{"rendered":"Inneh\u00e5ll"},"content":{"rendered":"<section class='map  module-3517-map-0' id='module-3517-map-0'><div class='container-fluid p-0'><iframe src='https:\/\/www.google.com\/maps\/embed?pb=!1m18!1m12!1m3!1d269025.8697082582!2d0.7058262847370378!3d51.18949109360291!2m3!1f0!2f0!3f0!3m2!1i1024!2i768!4f13.1!3m3!1m2!1s0x47df29414094de77%3A0xca86a00f48388f30!2sBedfont%20Scientific%20Ltd!5e0!3m2!1sen!2suk!4v1646229838521!5m2!1sen!2suk' width='100%' height='450' style='border:0;' allowfullscreen='' loading='lazy'><\/iframe><\/div><\/section><section class='form text-left style-2  module-3517-form-1' id='module-3517-form-1'><div class='container'><div class='row g-5'><div class='col-lg-5'><h1 class='text-left'>Inneh\u00e5ll<\/h1><p>Se nedanst\u00e5ende kontaktuppgifter f\u00f6r v\u00e5rt kontor i Storbritannien. V\u00e4nligen h\u00f6r av dig med alla fr\u00e5gor, v\u00e5rt team kommer g\u00e4rna att h\u00f6ra fr\u00e5n dig.<\/p>\n<p class='mt-5'><strong>Tel: <\/strong>+44(0)1622 851122<\/p><p class='mb-5'><strong>Email: <\/strong>ask@bedfont.com<\/p><p><strong>Bedfont<sup>\u00ae<\/sup> Scientific Ltd<\/strong><br \/>\nStation Road, Harrietsham<br \/>\nMaidstone, Kent<br \/>\nME17 1JA, England<\/p>\n<div class='socials d-inline-block mt-5'><a class='nav-social-icon' target='_blank' href='https:\/\/www.facebook.com\/Bedfontltd\/'><i class='fa fa-facebook-f' aria-hidden='true'><\/i><\/a><a class='nav-social-icon' target='_blank' href='https:\/\/twitter.com\/BedfontLtd'><i class='fa-brands fa-x-twitter' aria-hidden='true'><\/i><\/a><a class='nav-social-icon' target='_blank' href='https:\/\/www.instagram.com\/bedfontltd\/'><i class='fa fa-instagram' aria-hidden='true'><\/i><\/a><a class='nav-social-icon' target='_blank' href='https:\/\/www.linkedin.com\/company\/bedfont-scientific-ltd'><i class='fa fa-linkedin' aria-hidden='true'><\/i><\/a><a class='nav-social-icon' target='_blank' href='https:\/\/www.youtube.com\/user\/BedfontScientificLtd'><i class='fa fa-youtube' aria-hidden='true'><\/i><\/a><\/div><\/div><div class='col-lg-7'><script charset=\"utf-8\" type=\"text\/javascript\" src=\"\/\/js.hsforms.net\/forms\/embed\/v2.js\"><\/script>\r\n<script>\r\n  hbspt.forms.create({\r\n    portalId: \"6295439\",\r\n    formId: \"38866c4b-37a2-46b9-979c-bd8ddddaf985\"\r\n  });\r\n<\/script><\/div><\/div><\/div><\/section>","protected":false},"excerpt":{"rendered":"<p>Inneh\u00e5ll Se nedanst\u00e5ende kontaktuppgifter f\u00f6r v\u00e5rt kontor i Storbritannien. V\u00e4nligen h\u00f6r av dig med alla fr\u00e5gor, v\u00e5rt team kommer g\u00e4rna att h\u00f6ra fr\u00e5n dig.<\/p>\n","protected":false},"author":6,"featured_media":0,"parent":0,"menu_order":0,"comment_status":"closed","ping_status":"closed","template":"templates\/page-modules.php","meta":{"_acf_changed":false,"footnotes":""},"class_list":["post-3517","page","type-page","status-publish","hentry"],"acf":[],"yoast_head":"<!-- This site is optimized with the Yoast SEO plugin v27.5 - https:\/\/yoast.com\/product\/yoast-seo-wordpress\/ -->\n<title>Inneh\u00e5ll - Bedfont Scientific Ltd.<\/title>\n<meta name=\"description\" content=\"Se nedan kontaktuppgifter f\u00f6r v\u00e5rt kontor, baserat i Harrietsham, Kent. V\u00e4nligen kontakta oss, v\u00e5rt team kommer g\u00e4rna att h\u00f6ra fr\u00e5n dig.\" \/>\n<meta name=\"robots\" content=\"index, follow, max-snippet:-1, max-image-preview:large, max-video-preview:-1\" \/>\n<link rel=\"canonical\" href=\"https:\/\/www.bedfont.com\/sv\/innehall\/\" \/>\n<meta property=\"og:locale\" content=\"sv_SE\" \/>\n<meta property=\"og:type\" content=\"article\" \/>\n<meta property=\"og:title\" content=\"Inneh\u00e5ll - Bedfont Scientific Ltd.\" \/>\n<meta property=\"og:description\" content=\"Se nedan kontaktuppgifter f\u00f6r v\u00e5rt kontor, baserat i Harrietsham, Kent. V\u00e4nligen kontakta oss, v\u00e5rt team kommer g\u00e4rna att h\u00f6ra fr\u00e5n dig.\" \/>\n<meta property=\"og:url\" content=\"https:\/\/www.bedfont.com\/sv\/innehall\/\" \/>\n<meta property=\"og:site_name\" content=\"Bedfont Scientific Ltd.\" \/>\n<meta property=\"article:publisher\" content=\"https:\/\/www.facebook.com\/Bedfontltd\/\" \/>\n<meta property=\"article:modified_time\" content=\"2025-02-04T11:48:02+00:00\" \/>\n<meta name=\"twitter:card\" content=\"summary_large_image\" \/>\n<meta name=\"twitter:site\" content=\"@BedfontLtd\" \/>\n<meta name=\"twitter:label1\" content=\"Ber\u00e4knad l\u00e4stid\" \/>\n\t<meta name=\"twitter:data1\" content=\"1 minut\" \/>\n<script type=\"application\/ld+json\" class=\"yoast-schema-graph\">{\"@context\":\"https:\\\/\\\/schema.org\",\"@graph\":[{\"@type\":\"WebPage\",\"@id\":\"https:\\\/\\\/www.bedfont.com\\\/sv\\\/innehall\\\/\",\"url\":\"https:\\\/\\\/www.bedfont.com\\\/sv\\\/innehall\\\/\",\"name\":\"Inneh\u00e5ll - Bedfont Scientific Ltd.\",\"isPartOf\":{\"@id\":\"https:\\\/\\\/www.bedfont.com\\\/sv\\\/#website\"},\"datePublished\":\"2022-07-06T14:50:01+00:00\",\"dateModified\":\"2025-02-04T11:48:02+00:00\",\"description\":\"Se nedan kontaktuppgifter f\u00f6r v\u00e5rt kontor, baserat i Harrietsham, Kent. V\u00e4nligen kontakta oss, v\u00e5rt team kommer g\u00e4rna att h\u00f6ra fr\u00e5n dig.\",\"breadcrumb\":{\"@id\":\"https:\\\/\\\/www.bedfont.com\\\/sv\\\/innehall\\\/#breadcrumb\"},\"inLanguage\":\"sv-SE\",\"potentialAction\":[{\"@type\":\"ReadAction\",\"target\":[\"https:\\\/\\\/www.bedfont.com\\\/sv\\\/innehall\\\/\"]}]},{\"@type\":\"BreadcrumbList\",\"@id\":\"https:\\\/\\\/www.bedfont.com\\\/sv\\\/innehall\\\/#breadcrumb\",\"itemListElement\":[{\"@type\":\"ListItem\",\"position\":1,\"name\":\"Home\",\"item\":\"https:\\\/\\\/www.bedfont.com\\\/sv\\\/\"},{\"@type\":\"ListItem\",\"position\":2,\"name\":\"Inneh\u00e5ll\"}]},{\"@type\":\"WebSite\",\"@id\":\"https:\\\/\\\/www.bedfont.com\\\/sv\\\/#website\",\"url\":\"https:\\\/\\\/www.bedfont.com\\\/sv\\\/\",\"name\":\"Bedfont Scientific Ltd.\",\"description\":\"World leaders in breath analysis.\",\"potentialAction\":[{\"@type\":\"SearchAction\",\"target\":{\"@type\":\"EntryPoint\",\"urlTemplate\":\"https:\\\/\\\/www.bedfont.com\\\/sv\\\/?s={search_term_string}\"},\"query-input\":{\"@type\":\"PropertyValueSpecification\",\"valueRequired\":true,\"valueName\":\"search_term_string\"}}],\"inLanguage\":\"sv-SE\"}]}<\/script>\n<!-- \/ Yoast SEO plugin. -->","yoast_head_json":{"title":"Inneh\u00e5ll - Bedfont Scientific Ltd.","description":"Se nedan kontaktuppgifter f\u00f6r v\u00e5rt kontor, baserat i Harrietsham, Kent. V\u00e4nligen kontakta oss, v\u00e5rt team kommer g\u00e4rna att h\u00f6ra fr\u00e5n dig.","robots":{"index":"index","follow":"follow","max-snippet":"max-snippet:-1","max-image-preview":"max-image-preview:large","max-video-preview":"max-video-preview:-1"},"canonical":"https:\/\/www.bedfont.com\/sv\/innehall\/","og_locale":"sv_SE","og_type":"article","og_title":"Inneh\u00e5ll - Bedfont Scientific Ltd.","og_description":"Se nedan kontaktuppgifter f\u00f6r v\u00e5rt kontor, baserat i Harrietsham, Kent. V\u00e4nligen kontakta oss, v\u00e5rt team kommer g\u00e4rna att h\u00f6ra fr\u00e5n dig.","og_url":"https:\/\/www.bedfont.com\/sv\/innehall\/","og_site_name":"Bedfont Scientific Ltd.","article_publisher":"https:\/\/www.facebook.com\/Bedfontltd\/","article_modified_time":"2025-02-04T11:48:02+00:00","twitter_card":"summary_large_image","twitter_site":"@BedfontLtd","twitter_misc":{"Ber\u00e4knad l\u00e4stid":"1 minut"},"schema":{"@context":"https:\/\/schema.org","@graph":[{"@type":"WebPage","@id":"https:\/\/www.bedfont.com\/sv\/innehall\/","url":"https:\/\/www.bedfont.com\/sv\/innehall\/","name":"Inneh\u00e5ll - Bedfont Scientific Ltd.","isPartOf":{"@id":"https:\/\/www.bedfont.com\/sv\/#website"},"datePublished":"2022-07-06T14:50:01+00:00","dateModified":"2025-02-04T11:48:02+00:00","description":"Se nedan kontaktuppgifter f\u00f6r v\u00e5rt kontor, baserat i Harrietsham, Kent. V\u00e4nligen kontakta oss, v\u00e5rt team kommer g\u00e4rna att h\u00f6ra fr\u00e5n dig.","breadcrumb":{"@id":"https:\/\/www.bedfont.com\/sv\/innehall\/#breadcrumb"},"inLanguage":"sv-SE","potentialAction":[{"@type":"ReadAction","target":["https:\/\/www.bedfont.com\/sv\/innehall\/"]}]},{"@type":"BreadcrumbList","@id":"https:\/\/www.bedfont.com\/sv\/innehall\/#breadcrumb","itemListElement":[{"@type":"ListItem","position":1,"name":"Home","item":"https:\/\/www.bedfont.com\/sv\/"},{"@type":"ListItem","position":2,"name":"Inneh\u00e5ll"}]},{"@type":"WebSite","@id":"https:\/\/www.bedfont.com\/sv\/#website","url":"https:\/\/www.bedfont.com\/sv\/","name":"Bedfont Scientific Ltd.","description":"World leaders in breath analysis.","potentialAction":[{"@type":"SearchAction","target":{"@type":"EntryPoint","urlTemplate":"https:\/\/www.bedfont.com\/sv\/?s={search_term_string}"},"query-input":{"@type":"PropertyValueSpecification","valueRequired":true,"valueName":"search_term_string"}}],"inLanguage":"sv-SE"}]}},"_links":{"self":[{"href":"https:\/\/www.bedfont.com\/sv\/wp-json\/wp\/v2\/pages\/3517","targetHints":{"allow":["GET"]}}],"collection":[{"href":"https:\/\/www.bedfont.com\/sv\/wp-json\/wp\/v2\/pages"}],"about":[{"href":"https:\/\/www.bedfont.com\/sv\/wp-json\/wp\/v2\/types\/page"}],"author":[{"embeddable":true,"href":"https:\/\/www.bedfont.com\/sv\/wp-json\/wp\/v2\/users\/6"}],"replies":[{"embeddable":true,"href":"https:\/\/www.bedfont.com\/sv\/wp-json\/wp\/v2\/comments?post=3517"}],"version-history":[{"count":5,"href":"https:\/\/www.bedfont.com\/sv\/wp-json\/wp\/v2\/pages\/3517\/revisions"}],"predecessor-version":[{"id":7764,"href":"https:\/\/www.bedfont.com\/sv\/wp-json\/wp\/v2\/pages\/3517\/revisions\/7764"}],"wp:attachment":[{"href":"https:\/\/www.bedfont.com\/sv\/wp-json\/wp\/v2\/media?parent=3517"}],"curies":[{"name":"wp","href":"https:\/\/api.w.org\/{rel}","templated":true}]}}