{"id":3503,"date":"2024-01-09T16:29:36","date_gmt":"2024-01-09T16:29:36","guid":{"rendered":"https:\/\/bedfont.theprogressteam.com\/cleaning-bedfont-devices\/"},"modified":"2024-10-14T08:04:50","modified_gmt":"2024-10-14T08:04:50","slug":"rengoring-av-bedfont-enheter","status":"publish","type":"page","link":"https:\/\/www.bedfont.com\/sv\/rengoring-av-bedfont-enheter\/","title":{"rendered":"Reng\u00f6ring av Bedfont-enheter"},"content":{"rendered":"\n<h1 class=\"wp-block-heading\">Hur man reng\u00f6r Bedfont<sup>\u00ae<\/sup> andningsanalytiska enheter<\/h1>\n\n<p>Vid reng\u00f6ring av Smokeryzer<sup>\u00ae<\/sup>, NObreath<sup>\u00ae<\/sup>, ToxCO<sup>\u00ae<\/sup> och Gastrolyzer<sup>\u00ae<\/sup> andningsanalytiska enheter. Det rekommenderas att anv\u00e4nda alkoholfria l\u00f6sningar. <\/p>\n\n<p>Ett alternativ \u00e4r att reng\u00f6ra enheten med en fuktig trasa med vatten eller ett milt reng\u00f6ringsmedel; f\u00f6ljande kategorier av alkoholfria reng\u00f6ringsmedel rekommenderas:<\/p>\n\n<figure class=\"wp-block-table mt-5 mb-5\"><table class=\"has-fixed-layout\"><tbody><tr><th>Aktiva ingredienser<\/th><th>Koncentration<\/th><th>Exempel<\/th><\/tr><tr><td>Isotiazolinon<\/td><td>&lt;0.01%<\/td><td>5-klor-2-metyl-2H-isotiazol-3-on<\/td><\/tr><tr><td>Biguanid<\/td><td>&lt;1.0%<\/td><td>Polyhexametylenbiguanidhydroklorid<\/td><\/tr><tr><td>Biguanid<\/td><td>&lt;2%<\/td><td>Klorhexidindiglukonat<\/td><\/tr><tr><td>Kvart\u00e4r ammoniumf\u00f6rening<\/td><td>&lt;5%<\/td><td>Bensalkoniumklorid<\/td><\/tr><tr><td>Natriumhypoklorit<\/td><td>&lt;0.74%<\/td><td><\/td><\/tr><tr><td>Natriumhydroxid<\/td><td>&lt;0.25%<\/td><\/tr><\/tbody><\/table><\/figure>\n\n<p>Reng\u00f6ringsprodukter och reng\u00f6ringsservetter som inneh\u00e5ller ovanst\u00e5ende ingredienser i rekommenderade koncentrationer \u00e4r l\u00e4mpliga f\u00f6r anv\u00e4ndning med <sup>Bedfont\u00ae<\/sup> utrustning f\u00f6r analys av utandningsluft.<\/p>\n\n<p><strong>Bedfont<sup>\u00ae <\/sup>har testat och kan rekommendera f\u00f6ljande reng\u00f6ringsservetter:<\/strong><\/p>\n\n<ul class=\"wp-block-list\">\n<li>Azomax Universal Wipes (fr\u00e5n Vernacare)<\/li>\n\n\n\n<li>Clinell Universal Wipes (fr\u00e5n Gama Healthcare)<\/li>\n\n\n\n<li>Clinell Clorox Wipes (fr\u00e5n Gama Healthcare)<\/li>\n\n\n\n<li>AF3 Sani-cloth Germicidal Disposable Wipe (fr\u00e5n PDI)<\/li>\n<\/ul>\n\n<p>Reng\u00f6r inte enheten med produkter som inneh\u00e5ller n\u00e5gon typ av alkohol, inklusive reng\u00f6ringsprodukter som kan anv\u00e4ndas f\u00f6r att reng\u00f6ra annan utrustning eller den omgivande ytan, samt alkoholservetter, geler eller sprayer som anv\u00e4nds p\u00e5 patienter.<\/p>\n\n<p>Anv\u00e4nd inte produkter som, men inte begr\u00e4nsat till:<\/p>\n\n<ul class=\"wp-block-list\">\n<li>Desinfektionsmedel, sprayer eller v\u00e5tservetter som inneh\u00e5ller alkohol.<\/li>\n\n\n\n<li>Eventuella reng\u00f6ringsmedel som anv\u00e4nds f\u00f6r att reng\u00f6ra din anl\u00e4ggning eller annan utrustning i omr\u00e5det, liksom alkoholservetter eller sprayer som anv\u00e4nds p\u00e5 patienter.<\/li>\n\n\n\n<li>Handdesinfektionsmedel som inneh\u00e5ller alkohol.<\/li>\n<\/ul>\n\n<p>Anv\u00e4ndning av alkoholhaltiga \u00e4mnen i n\u00e4rheten av Bedfont<sup>\u00ae<\/sup>s utandningsanalysinstrument kan orsaka felaktiga resultat. Bedfont<sup>\u00ae<\/sup> rekommenderar att man minimerar anv\u00e4ndningen av l\u00f6sningsmedel i n\u00e4rheten av eller runt enheten. <\/p>\n\n<p>F\u00f6r ytterligare information om reng\u00f6ringsprocedurer, se anv\u00e4ndarhandboken f\u00f6r din enhet.\nAlla manualer finns tillg\u00e4ngliga <a href=\"\" target=\"\" title=\"\" rel=\"noopener\">h\u00e4r.<\/a> <\/p>\n\n<p>Om du har ytterligare fr\u00e5gor ang\u00e5ende denna information, v\u00e4nligen kontakta oss via e-post p\u00e5 <a href=\"mailto:ask@bedfont.com\">ask@bedfont.com<\/a> . Alternativt kan du ringa oss p\u00e5 +44 (0) 1622 851122. <\/p>\n","protected":false},"excerpt":{"rendered":"<p>Hur man reng\u00f6r Bedfont\u00ae andningsanalytiska enheter Vid reng\u00f6ring av Smokeryzer\u00ae, NObreath\u00ae, ToxCO\u00ae och Gastrolyzer\u00ae andningsanalytiska enheter. Det rekommenderas att anv\u00e4nda alkoholfria l\u00f6sningar. Ett alternativ \u00e4r att reng\u00f6ra enheten med en fuktig trasa med vatten eller ett milt reng\u00f6ringsmedel; f\u00f6ljande kategorier av alkoholfria reng\u00f6ringsmedel rekommenderas: Aktiva ingredienser Koncentration Exempel Isotiazolinon &lt;0.01% 5-klor-2-metyl-2H-isotiazol-3-on Biguanid &lt;1.0% Polyhexametylenbiguanidhydroklorid Biguanid [&hellip;]<\/p>\n","protected":false},"author":6,"featured_media":0,"parent":0,"menu_order":0,"comment_status":"closed","ping_status":"closed","template":"templates\/page-gutenberg.php","meta":{"_acf_changed":false,"footnotes":""},"class_list":["post-3503","page","type-page","status-publish","hentry"],"acf":[],"yoast_head":"<!-- This site is optimized with the Yoast SEO plugin v27.5 - https:\/\/yoast.com\/product\/yoast-seo-wordpress\/ -->\n<title>Reng\u00f6ring av Bedfont-enheter - Bedfont Scientific Ltd.<\/title>\n<meta name=\"description\" content=\"Reng\u00f6ringsprodukter och reng\u00f6ringsservetter som inneh\u00e5ller dessa ingredienser inom de rekommenderade koncentrationerna \u00e4r l\u00e4mpliga f\u00f6r anv\u00e4ndning med v\u00e5ra enheter.\" \/>\n<meta name=\"robots\" content=\"index, follow, max-snippet:-1, max-image-preview:large, max-video-preview:-1\" \/>\n<link rel=\"canonical\" href=\"https:\/\/www.bedfont.com\/sv\/rengoring-av-bedfont-enheter\/\" \/>\n<meta property=\"og:locale\" content=\"sv_SE\" \/>\n<meta property=\"og:type\" content=\"article\" \/>\n<meta property=\"og:title\" content=\"Reng\u00f6ring av Bedfont-enheter - Bedfont Scientific Ltd.\" \/>\n<meta property=\"og:description\" content=\"Reng\u00f6ringsprodukter och reng\u00f6ringsservetter som inneh\u00e5ller dessa ingredienser inom de rekommenderade koncentrationerna \u00e4r l\u00e4mpliga f\u00f6r anv\u00e4ndning med v\u00e5ra enheter.\" \/>\n<meta property=\"og:url\" content=\"https:\/\/www.bedfont.com\/sv\/rengoring-av-bedfont-enheter\/\" \/>\n<meta property=\"og:site_name\" content=\"Bedfont Scientific Ltd.\" \/>\n<meta property=\"article:publisher\" content=\"https:\/\/www.facebook.com\/Bedfontltd\/\" \/>\n<meta property=\"article:modified_time\" content=\"2024-10-14T08:04:50+00:00\" \/>\n<meta name=\"twitter:card\" content=\"summary_large_image\" \/>\n<meta name=\"twitter:site\" content=\"@BedfontLtd\" \/>\n<meta name=\"twitter:label1\" content=\"Ber\u00e4knad l\u00e4stid\" \/>\n\t<meta name=\"twitter:data1\" content=\"2 minuter\" \/>\n<script type=\"application\/ld+json\" class=\"yoast-schema-graph\">{\"@context\":\"https:\\\/\\\/schema.org\",\"@graph\":[{\"@type\":\"WebPage\",\"@id\":\"https:\\\/\\\/www.bedfont.com\\\/sv\\\/rengoring-av-bedfont-enheter\\\/\",\"url\":\"https:\\\/\\\/www.bedfont.com\\\/sv\\\/rengoring-av-bedfont-enheter\\\/\",\"name\":\"Reng\u00f6ring av Bedfont-enheter - Bedfont Scientific Ltd.\",\"isPartOf\":{\"@id\":\"https:\\\/\\\/www.bedfont.com\\\/sv\\\/#website\"},\"datePublished\":\"2024-01-09T16:29:36+00:00\",\"dateModified\":\"2024-10-14T08:04:50+00:00\",\"description\":\"Reng\u00f6ringsprodukter och reng\u00f6ringsservetter som inneh\u00e5ller dessa ingredienser inom de rekommenderade koncentrationerna \u00e4r l\u00e4mpliga f\u00f6r anv\u00e4ndning med v\u00e5ra enheter.\",\"breadcrumb\":{\"@id\":\"https:\\\/\\\/www.bedfont.com\\\/sv\\\/rengoring-av-bedfont-enheter\\\/#breadcrumb\"},\"inLanguage\":\"sv-SE\",\"potentialAction\":[{\"@type\":\"ReadAction\",\"target\":[\"https:\\\/\\\/www.bedfont.com\\\/sv\\\/rengoring-av-bedfont-enheter\\\/\"]}]},{\"@type\":\"BreadcrumbList\",\"@id\":\"https:\\\/\\\/www.bedfont.com\\\/sv\\\/rengoring-av-bedfont-enheter\\\/#breadcrumb\",\"itemListElement\":[{\"@type\":\"ListItem\",\"position\":1,\"name\":\"Home\",\"item\":\"https:\\\/\\\/www.bedfont.com\\\/sv\\\/\"},{\"@type\":\"ListItem\",\"position\":2,\"name\":\"Reng\u00f6ring av Bedfont-enheter\"}]},{\"@type\":\"WebSite\",\"@id\":\"https:\\\/\\\/www.bedfont.com\\\/sv\\\/#website\",\"url\":\"https:\\\/\\\/www.bedfont.com\\\/sv\\\/\",\"name\":\"Bedfont Scientific Ltd.\",\"description\":\"World leaders in breath analysis.\",\"publisher\":{\"@id\":\"https:\\\/\\\/www.bedfont.com\\\/sv\\\/#organization\"},\"potentialAction\":[{\"@type\":\"SearchAction\",\"target\":{\"@type\":\"EntryPoint\",\"urlTemplate\":\"https:\\\/\\\/www.bedfont.com\\\/sv\\\/?s={search_term_string}\"},\"query-input\":{\"@type\":\"PropertyValueSpecification\",\"valueRequired\":true,\"valueName\":\"search_term_string\"}}],\"inLanguage\":\"sv-SE\"},{\"@type\":\"Organization\",\"@id\":\"https:\\\/\\\/www.bedfont.com\\\/sv\\\/#organization\",\"name\":\"Bedfont Scientific Ltd.\",\"url\":\"https:\\\/\\\/www.bedfont.com\\\/sv\\\/\",\"logo\":{\"@type\":\"ImageObject\",\"inLanguage\":\"sv-SE\",\"@id\":\"https:\\\/\\\/www.bedfont.com\\\/sv\\\/#\\\/schema\\\/logo\\\/image\\\/\",\"url\":\"https:\\\/\\\/www.bedfont.com\\\/wp-content\\\/uploads\\\/2023\\\/06\\\/logo.png\",\"contentUrl\":\"https:\\\/\\\/www.bedfont.com\\\/wp-content\\\/uploads\\\/2023\\\/06\\\/logo.png\",\"width\":1600,\"height\":505,\"caption\":\"Bedfont Scientific Ltd.\"},\"image\":{\"@id\":\"https:\\\/\\\/www.bedfont.com\\\/sv\\\/#\\\/schema\\\/logo\\\/image\\\/\"},\"sameAs\":[\"https:\\\/\\\/www.facebook.com\\\/Bedfontltd\\\/\",\"https:\\\/\\\/x.com\\\/BedfontLtd\",\"https:\\\/\\\/www.instagram.com\\\/bedfontltd\\\/\",\"https:\\\/\\\/www.linkedin.com\\\/company\\\/bedfont-scientific-ltd\\\/\",\"https:\\\/\\\/www.youtube.com\\\/user\\\/BedfontScientificLtd\"]}]}<\/script>\n<!-- \/ Yoast SEO plugin. -->","yoast_head_json":{"title":"Reng\u00f6ring av Bedfont-enheter - Bedfont Scientific Ltd.","description":"Reng\u00f6ringsprodukter och reng\u00f6ringsservetter som inneh\u00e5ller dessa ingredienser inom de rekommenderade koncentrationerna \u00e4r l\u00e4mpliga f\u00f6r anv\u00e4ndning med v\u00e5ra enheter.","robots":{"index":"index","follow":"follow","max-snippet":"max-snippet:-1","max-image-preview":"max-image-preview:large","max-video-preview":"max-video-preview:-1"},"canonical":"https:\/\/www.bedfont.com\/sv\/rengoring-av-bedfont-enheter\/","og_locale":"sv_SE","og_type":"article","og_title":"Reng\u00f6ring av Bedfont-enheter - Bedfont Scientific Ltd.","og_description":"Reng\u00f6ringsprodukter och reng\u00f6ringsservetter som inneh\u00e5ller dessa ingredienser inom de rekommenderade koncentrationerna \u00e4r l\u00e4mpliga f\u00f6r anv\u00e4ndning med v\u00e5ra enheter.","og_url":"https:\/\/www.bedfont.com\/sv\/rengoring-av-bedfont-enheter\/","og_site_name":"Bedfont Scientific Ltd.","article_publisher":"https:\/\/www.facebook.com\/Bedfontltd\/","article_modified_time":"2024-10-14T08:04:50+00:00","twitter_card":"summary_large_image","twitter_site":"@BedfontLtd","twitter_misc":{"Ber\u00e4knad l\u00e4stid":"2 minuter"},"schema":{"@context":"https:\/\/schema.org","@graph":[{"@type":"WebPage","@id":"https:\/\/www.bedfont.com\/sv\/rengoring-av-bedfont-enheter\/","url":"https:\/\/www.bedfont.com\/sv\/rengoring-av-bedfont-enheter\/","name":"Reng\u00f6ring av Bedfont-enheter - Bedfont Scientific Ltd.","isPartOf":{"@id":"https:\/\/www.bedfont.com\/sv\/#website"},"datePublished":"2024-01-09T16:29:36+00:00","dateModified":"2024-10-14T08:04:50+00:00","description":"Reng\u00f6ringsprodukter och reng\u00f6ringsservetter som inneh\u00e5ller dessa ingredienser inom de rekommenderade koncentrationerna \u00e4r l\u00e4mpliga f\u00f6r anv\u00e4ndning med v\u00e5ra enheter.","breadcrumb":{"@id":"https:\/\/www.bedfont.com\/sv\/rengoring-av-bedfont-enheter\/#breadcrumb"},"inLanguage":"sv-SE","potentialAction":[{"@type":"ReadAction","target":["https:\/\/www.bedfont.com\/sv\/rengoring-av-bedfont-enheter\/"]}]},{"@type":"BreadcrumbList","@id":"https:\/\/www.bedfont.com\/sv\/rengoring-av-bedfont-enheter\/#breadcrumb","itemListElement":[{"@type":"ListItem","position":1,"name":"Home","item":"https:\/\/www.bedfont.com\/sv\/"},{"@type":"ListItem","position":2,"name":"Reng\u00f6ring av Bedfont-enheter"}]},{"@type":"WebSite","@id":"https:\/\/www.bedfont.com\/sv\/#website","url":"https:\/\/www.bedfont.com\/sv\/","name":"Bedfont Scientific Ltd.","description":"World leaders in breath analysis.","publisher":{"@id":"https:\/\/www.bedfont.com\/sv\/#organization"},"potentialAction":[{"@type":"SearchAction","target":{"@type":"EntryPoint","urlTemplate":"https:\/\/www.bedfont.com\/sv\/?s={search_term_string}"},"query-input":{"@type":"PropertyValueSpecification","valueRequired":true,"valueName":"search_term_string"}}],"inLanguage":"sv-SE"},{"@type":"Organization","@id":"https:\/\/www.bedfont.com\/sv\/#organization","name":"Bedfont Scientific Ltd.","url":"https:\/\/www.bedfont.com\/sv\/","logo":{"@type":"ImageObject","inLanguage":"sv-SE","@id":"https:\/\/www.bedfont.com\/sv\/#\/schema\/logo\/image\/","url":"https:\/\/www.bedfont.com\/wp-content\/uploads\/2023\/06\/logo.png","contentUrl":"https:\/\/www.bedfont.com\/wp-content\/uploads\/2023\/06\/logo.png","width":1600,"height":505,"caption":"Bedfont Scientific Ltd."},"image":{"@id":"https:\/\/www.bedfont.com\/sv\/#\/schema\/logo\/image\/"},"sameAs":["https:\/\/www.facebook.com\/Bedfontltd\/","https:\/\/x.com\/BedfontLtd","https:\/\/www.instagram.com\/bedfontltd\/","https:\/\/www.linkedin.com\/company\/bedfont-scientific-ltd\/","https:\/\/www.youtube.com\/user\/BedfontScientificLtd"]}]}},"_links":{"self":[{"href":"https:\/\/www.bedfont.com\/sv\/wp-json\/wp\/v2\/pages\/3503","targetHints":{"allow":["GET"]}}],"collection":[{"href":"https:\/\/www.bedfont.com\/sv\/wp-json\/wp\/v2\/pages"}],"about":[{"href":"https:\/\/www.bedfont.com\/sv\/wp-json\/wp\/v2\/types\/page"}],"author":[{"embeddable":true,"href":"https:\/\/www.bedfont.com\/sv\/wp-json\/wp\/v2\/users\/6"}],"replies":[{"embeddable":true,"href":"https:\/\/www.bedfont.com\/sv\/wp-json\/wp\/v2\/comments?post=3503"}],"version-history":[{"count":5,"href":"https:\/\/www.bedfont.com\/sv\/wp-json\/wp\/v2\/pages\/3503\/revisions"}],"predecessor-version":[{"id":7035,"href":"https:\/\/www.bedfont.com\/sv\/wp-json\/wp\/v2\/pages\/3503\/revisions\/7035"}],"wp:attachment":[{"href":"https:\/\/www.bedfont.com\/sv\/wp-json\/wp\/v2\/media?parent=3503"}],"curies":[{"name":"wp","href":"https:\/\/api.w.org\/{rel}","templated":true}]}}