{"id":7504,"date":"2024-10-10T08:50:30","date_gmt":"2024-10-10T08:50:30","guid":{"rendered":"https:\/\/bedfont.theprogressteam.com\/comunidade\/"},"modified":"2024-11-18T09:35:49","modified_gmt":"2024-11-18T09:35:49","slug":"comunidade","status":"publish","type":"page","link":"https:\/\/www.bedfont.com\/pt-pt\/comunidade\/","title":{"rendered":"Comunidade"},"content":{"rendered":"<section class=\"subtle-bg careers-hero\" id=\"module-6726-hero-0\">\n\t<img decoding=\"async\" src=\"https:\/\/www.bedfont.com\/wp-content\/themes\/bedfont\/assets\/img\/subtle-bg.jpg\" class=\"subtle-bg\" alt=\"Image of subtle website background\"\/>\n\t<div class=\"container\">\n\t\t<div class=\"row\">\n\t\t\t<div class=\"col-12 col-md-6 pe-5 my-auto\">\n\t\t\t\t<h1 class=\"text-left mt-lg-0\">Comunidade<\/h1>\n\t\t\t\t<p><\/p><p>Na Bedfont <sup>\u00ae<\/sup> , estamos comprometidos em apoiar e causar um impacto significativo em nossa comunidade local por meio de v\u00e1rias iniciativas que promovem bem-estar, crescimento e conex\u00e3o.<\/p>\n<p>Seja patrocinando times esportivos, apoiando servi\u00e7os vitais de sa\u00fade ou participando de eventos de arrecada\u00e7\u00e3o de fundos, nossa meta \u00e9 fazer uma diferen\u00e7a positiva na vida das pessoas ao nosso redor. Nosso envolvimento vai al\u00e9m do apoio financeiro, pois nos engajamos ativamente em muitas dessas iniciativas, trabalhando junto com nossa comunidade para criar um impacto duradouro. <\/p>\n\n\t\t\t\t\n\t\t\t<\/div>\n\t\t\t<div class=\"col-12 col-md-6 mt-5 mt-lg-0\"><img width=\"1500\" height=\"950\" src=\"https:\/\/www.bedfont.com\/wp-content\/uploads\/2024\/10\/bedfont-office-logo.png\" class=\"img-fluid br-30\" alt=\"\" decoding=\"async\" loading=\"lazy\" srcset=\"https:\/\/www.bedfont.com\/wp-content\/uploads\/2024\/10\/bedfont-office-logo.png 1500w, https:\/\/www.bedfont.com\/wp-content\/uploads\/2024\/10\/bedfont-office-logo-300x190.png 300w, https:\/\/www.bedfont.com\/wp-content\/uploads\/2024\/10\/bedfont-office-logo-1024x649.png 1024w, https:\/\/www.bedfont.com\/wp-content\/uploads\/2024\/10\/bedfont-office-logo-768x486.png 768w\" sizes=\"auto, (max-width: 1500px) 100vw, 1500px\"\/><\/div>\n\t\t<\/div>\n\t<\/div>\n<\/section><section class=\"text-section text-center pb-0\" id=\"module-6726-text-1\">\n\t<div class=\"container\">\n\t<h2 class=\"text-center\">Nossos <span class=\"blue-text\">Patroc\u00ednios<\/span><\/h2>\n\t\t\t\t\n\t<\/div>\n<\/section><section class=\"two-column-image-text style-1 community-section\" id=\"module-6726-two_column_image_text-2\">\n\t<div class=\"container\">\n\t\t<div class=\"row flex-row-reverse\">\n\t\t\t<div class=\"col-12 col-lg-6 ps-md-5 who-we-are-home my-auto text-col\">\n\t<div class=\"inner\">\n\n\t\t\t\t<h2 class=\"text-left\">Medway United <span class=\"blue-text\">Sub-11s time de futebol feminino<\/span><\/h2>\n\t\t\t\t<p>Estamos extremamente orgulhosos de patrocinar o time de futebol feminino sub-11 Medway United. As meninas tiveram um ver\u00e3o fant\u00e1stico em 2024 em 3 torneios separados, terminando em segundo lugar no Queen of the Town e vencendo a Anchorians Cup e o Medway Shield. Seu trabalho duro, determina\u00e7\u00e3o e amor pelo jogo brilharam, tornando-o um ver\u00e3o verdadeiramente bem-sucedido para o time.  <\/p>\n<p>Nosso pr\u00f3prio CEO, Jason Smith, \u00e9 um dos tr\u00eas treinadores dedicados, refor\u00e7ando nosso comprometimento por meio de patroc\u00ednio e ajudando ativamente o time a crescer e ter sucesso. Continuaremos apoiando o time enquanto eles alcan\u00e7am grandes feitos dentro e fora do campo. <\/p>\n\n                <div class='button-box button-pink'><a class='btn ' href='https:\/\/medwayunitedfc.co.uk\/teams\/under-11-girls-west' target=\"_blank\">Club Website<i class='fa fa-arrow-right ms-1' aria-hidden='true'><\/i><\/a><\/div>\n\t\t\t<\/div>\n\t\t\t<\/div>\n\t\t\t<div class=\"col-12 col-lg-6\">\n\t\t\t<div class=\"image-box\">\n\t\t\t\t<img width=\"640\" height=\"480\" src=\"https:\/\/www.bedfont.com\/wp-content\/uploads\/2024\/10\/medway-utd-1024x768.png\" class=\"attachment-large size-large\" alt=\"\" decoding=\"async\" loading=\"lazy\" srcset=\"https:\/\/www.bedfont.com\/wp-content\/uploads\/2024\/10\/medway-utd-1024x768.png 1024w, https:\/\/www.bedfont.com\/wp-content\/uploads\/2024\/10\/medway-utd-300x225.png 300w, https:\/\/www.bedfont.com\/wp-content\/uploads\/2024\/10\/medway-utd-768x576.png 768w, https:\/\/www.bedfont.com\/wp-content\/uploads\/2024\/10\/medway-utd.png 1200w\" sizes=\"auto, (max-width: 640px) 100vw, 640px\"\/>\n\t\t\t<\/div>\n\t\t\t<\/div>\n\t\t<\/div>\n\t<\/div>\n<\/section><section class=\"two-column-image-text style-1 community-section\" id=\"module-6726-two_column_image_text-3\">\n\t<div class=\"container\">\n\t\t<div class=\"row \">\n\t\t\t<div class=\"col-12 col-lg-6 ps-md-5 who-we-are-home my-auto text-col\">\n\t<div class=\"inner\">\n\n\t\t\t\t<h2 class=\"text-left\">Patrocinadores orgulhosos do <span class=\"blue-text\">Heart of Kent Hospice<\/span><\/h2>\n\t\t\t\t<p>O Heart of Kent Hospice \u00e9 uma institui\u00e7\u00e3o de caridade fant\u00e1stica que fornece cuidados vitais para aqueles no fim da vida, bem como para suas fam\u00edlias, oferecendo apoio, dignidade e conforto durante alguns dos momentos mais desafiadores da vida.<\/p>\n<p>Ao longo do ano, o Heart of Kent Hospice organiza uma variedade de eventos para arrecadar fundos vitais, a Bedfont\u00ae tem a honra de patrocinar e participar desses eventos. No in\u00edcio deste ano, tivemos o orgulho de ajudar a arrecadar mais de \u00a3 28.000 por meio de sua caminhada anual Bluebell, nossa equipe participou e ajudou a arrecadar fundos extras por meio de uma rifa. Al\u00e9m disso, neste ver\u00e3o, patrocinamos uma escultura de Shaun the Sheep em sua vibrante trilha de arte, um evento que reuniu a comunidade ao mesmo tempo em que celebrava a criatividade e a generosidade.  <\/p>\n<p>Na recente noite de leil\u00e3o do Hospice, onde 60 esculturas de Shaun the Sheep foram colocadas em leil\u00e3o, a Bedfont\u00ae fez um lance bem-sucedido e ganhou uma das esculturas exclusivas. Todas as 60 ovelhas foram vendidas, e o leil\u00e3o arrecadou um total impressionante de \u00a3 267.250 para a institui\u00e7\u00e3o de caridade. <\/p>\n<p>Apoiar o hospice \u00e9 uma causa pela qual somos verdadeiramente apaixonados, e estamos ansiosos para continuar apoiando-os, garantindo que eles possam continuar oferecendo seus servi\u00e7os inestim\u00e1veis. Certifique-se de nos seguir nas redes sociais para se manter atualizado com toda a arrecada\u00e7\u00e3o de fundos do Heart of Kent Hospice. <\/p>\n\n                <div class='button-box button-pink'><a class='btn ' href='https:\/\/www.hokh.org\/' target=\"_blank\">View Website<i class='fa fa-arrow-right ms-1' aria-hidden='true'><\/i><\/a><\/div>\n\t\t\t<\/div>\n\t\t\t<\/div>\n\t\t\t<div class=\"col-12 col-lg-6\">\n\t\t\t<div class=\"image-box\">\n\t\t\t\t<img width=\"640\" height=\"480\" src=\"https:\/\/www.bedfont.com\/wp-content\/uploads\/2024\/10\/hokh-sponsor.jpg\" class=\"attachment-large size-large\" alt=\"\" decoding=\"async\" loading=\"lazy\" srcset=\"https:\/\/www.bedfont.com\/wp-content\/uploads\/2024\/10\/hokh-sponsor.jpg 1024w, https:\/\/www.bedfont.com\/wp-content\/uploads\/2024\/10\/hokh-sponsor-300x225.jpg 300w, https:\/\/www.bedfont.com\/wp-content\/uploads\/2024\/10\/hokh-sponsor-768x576.jpg 768w\" sizes=\"auto, (max-width: 640px) 100vw, 640px\"\/>\n\t\t\t<\/div>\n\t\t\t<\/div>\n\t\t<\/div>\n\t<\/div>\n<\/section><section class=\"two-column-image-text style-1 community-section\" id=\"module-6726-two_column_image_text-4\">\n\t<div class=\"container\">\n\t\t<div class=\"row flex-row-reverse\">\n\t\t\t<div class=\"col-12 col-lg-6 ps-md-5 who-we-are-home my-auto text-col\">\n\t<div class=\"inner\">\n\n\t\t\t\t<h2 class=\"text-left\">Apoiando <span class=\"blue-text\">Medway Asthma Self-Help (MASH)<\/span><\/h2>\n\t\t\t\t<p>Nossa vis\u00e3o \u00e9 um mundo onde todos tenham acesso a testes respirat\u00f3rios instant\u00e2neos, n\u00e3o invasivos e simples para auxiliar no diagn\u00f3stico m\u00e9dico. \u00c9 por isso que apoiamos com orgulho a MASH, uma institui\u00e7\u00e3o de caridade que tem ajudado as pessoas de Medway desde 1996 com informa\u00e7\u00f5es e suporte para pessoas com asma. <\/p>\n<p>N\u00f3s fornecemos e fazemos a manuten\u00e7\u00e3o do dispositivo NObreath <sup>\u00ae<\/sup> Fractional exhaled Nitric Oxide (FeNO) que \u00e9 usado no centro. O NObreath <sup>\u00ae<\/sup> desempenha um papel crucial no aux\u00edlio ao diagn\u00f3stico e tratamento da asma, medindo a inflama\u00e7\u00e3o das vias a\u00e9reas, o que \u00e9 vital para o tratamento e controle eficazes. <\/p>\n<p>Nossa contribui\u00e7\u00e3o garante que o MASH possa oferecer este servi\u00e7o valioso \u00e0 comunidade, capacitando indiv\u00edduos a cuidar de sua sa\u00fade respirat\u00f3ria.<\/p>\n<p>Em colabora\u00e7\u00e3o com nossa integrante do Conselho Consultivo M\u00e9dico, Carol Stonham, o MASH recentemente nos auxiliou na realiza\u00e7\u00e3o de um webinar on-line privado, oferecendo orienta\u00e7\u00f5es valiosas sobre o tratamento da asma em crian\u00e7as para os times de futebol feminino do Medway United.<\/p>\n\n                <div class='button-box button-pink'><a class='btn ' href='https:\/\/www.medwayasthmaselfhelp.co.uk\/' target=\"_blank\">View Website<i class='fa fa-arrow-right ms-1' aria-hidden='true'><\/i><\/a><\/div>\n\t\t\t<\/div>\n\t\t\t<\/div>\n\t\t\t<div class=\"col-12 col-lg-6\">\n\t\t\t<div class=\"image-box\">\n\t\t\t\t<img width=\"640\" height=\"480\" src=\"https:\/\/www.bedfont.com\/wp-content\/uploads\/2024\/10\/mash-sponsor-1024x768.jpg\" class=\"attachment-large size-large\" alt=\"\" decoding=\"async\" loading=\"lazy\" srcset=\"https:\/\/www.bedfont.com\/wp-content\/uploads\/2024\/10\/mash-sponsor-1024x768.jpg 1024w, https:\/\/www.bedfont.com\/wp-content\/uploads\/2024\/10\/mash-sponsor-300x225.jpg 300w, https:\/\/www.bedfont.com\/wp-content\/uploads\/2024\/10\/mash-sponsor-768x576.jpg 768w, https:\/\/www.bedfont.com\/wp-content\/uploads\/2024\/10\/mash-sponsor.jpg 1200w\" sizes=\"auto, (max-width: 640px) 100vw, 640px\"\/>\n\t\t\t<\/div>\n\t\t\t<\/div>\n\t\t<\/div>\n\t<\/div>\n<\/section><section class=\"two-column-image-text style-1 community-section\" id=\"module-6726-two_column_image_text-5\">\n\t<div class=\"container\">\n\t\t<div class=\"row \">\n\t\t\t<div class=\"col-12 col-lg-6 ps-md-5 who-we-are-home my-auto text-col\">\n\t<div class=\"inner\">\n\n\t\t\t\t<h2 class=\"text-left\">Aplicativo Rymindr Rewards: <span class=\"blue-text\">apoiando escolas em todo o Reino Unido<\/span><\/h2>\n\t\t\t\t<p>Acreditamos na cria\u00e7\u00e3o de um ambiente de trabalho positivo e gratificante para nossos funcion\u00e1rios aqui na Bedfont <sup>\u00ae<\/sup> , e \u00e9 por isso que oferecemos acesso ao aplicativo de recompensas para funcion\u00e1rios Rymindr. O aplicativo fornece \u00e0 nossa equipe mais de 16.000 ofertas e descontos, que v\u00e3o desde economias di\u00e1rias at\u00e9 ofertas especiais. <\/p>\n<p>A Rymindr apoia escolas em todo o Reino Unido, fornecendo assist\u00eancia crucial, como refei\u00e7\u00f5es escolares gratuitas, materiais de sala de aula e equipamentos essenciais, o que torna o uso deste aplicativo ainda mais significativo. Nossa equipe n\u00e3o s\u00f3 se beneficia pessoalmente, mas tamb\u00e9m contribui para uma causa que ajuda a garantir que as crian\u00e7as recebam o apoio de que precisam nas escolas. Isso se alinha com nossos valores de retribuir \u00e0 comunidade.  <\/p>\n\n                <div class='button-box button-pink'><a class='btn ' href='https:\/\/rymindr.com\/' target=\"_blank\">View Website<i class='fa fa-arrow-right ms-1' aria-hidden='true'><\/i><\/a><\/div>\n\t\t\t<\/div>\n\t\t\t<\/div>\n\t\t\t<div class=\"col-12 col-lg-6\">\n\t\t\t<div class=\"image-box\">\n\t\t\t\t<img width=\"640\" height=\"480\" src=\"https:\/\/www.bedfont.com\/wp-content\/uploads\/2024\/10\/rymindr.jpg\" class=\"attachment-large size-large\" alt=\"\" decoding=\"async\" loading=\"lazy\" srcset=\"https:\/\/www.bedfont.com\/wp-content\/uploads\/2024\/10\/rymindr.jpg 900w, https:\/\/www.bedfont.com\/wp-content\/uploads\/2024\/10\/rymindr-300x225.jpg 300w, https:\/\/www.bedfont.com\/wp-content\/uploads\/2024\/10\/rymindr-768x576.jpg 768w\" sizes=\"auto, (max-width: 640px) 100vw, 640px\"\/>\n\t\t\t<\/div>\n\t\t\t<\/div>\n\t\t<\/div>\n\t<\/div>\n<\/section><section class=\"two-column-image-text style-1 community-section\" id=\"module-6726-two_column_image_text-6\">\n\t<div class=\"container\">\n\t\t<div class=\"row flex-row-reverse\">\n\t\t\t<div class=\"col-12 col-lg-6 ps-md-5 who-we-are-home my-auto text-col\">\n\t<div class=\"inner\">\n\n\t\t\t\t<h2 class=\"text-left\">Caixa de flores em <span class=\"blue-text\">Harrietsham<\/span><\/h2>\n\t\t\t\t<p>Pequenos esfor\u00e7os podem levar a grandes melhorias na qualidade de vida da nossa comunidade, n\u00f3s patrocinamos uma caixa de flores atrav\u00e9s da Harrietsham in Bloom como parte do nosso compromisso de melhorar o ambiente local. Os fundos s\u00e3o usados para manter a caixa de flores, garantindo que ela permane\u00e7a vibrante e bem cuidada. Isso ajuda a manter a \u00e1rea local com uma apar\u00eancia bonita e convidativa.  <\/p>\n\n                \n\t\t\t<\/div>\n\t\t\t<\/div>\n\t\t\t<div class=\"col-12 col-lg-6\">\n\t\t\t<div class=\"image-box\">\n\t\t\t\t<img width=\"640\" height=\"480\" src=\"https:\/\/www.bedfont.com\/wp-content\/uploads\/2024\/10\/flower-box.jpg\" class=\"attachment-large size-large\" alt=\"\" decoding=\"async\" loading=\"lazy\" srcset=\"https:\/\/www.bedfont.com\/wp-content\/uploads\/2024\/10\/flower-box.jpg 800w, https:\/\/www.bedfont.com\/wp-content\/uploads\/2024\/10\/flower-box-300x225.jpg 300w, https:\/\/www.bedfont.com\/wp-content\/uploads\/2024\/10\/flower-box-768x576.jpg 768w\" sizes=\"auto, (max-width: 640px) 100vw, 640px\"\/>\n\t\t\t<\/div>\n\t\t\t<\/div>\n\t\t<\/div>\n\t<\/div>\n<\/section><section class=\"text-section text-center community-social\" id=\"module-6726-text-7\">\n\t<div class=\"container\">\n\t<h2 class=\"text-center\">Acompanhe as nossas <span class=\"blue-text\">Redes Sociais<\/span><\/h2>\n\t\t\t\t<p>Siga-nos nas redes sociais para saber mais sobre nosso compromisso com a comunidade.<br\/>\n<div class='socials d-inline-block mt-5'><a class='nav-social-icon' target='_blank' href='https:\/\/www.facebook.com\/Bedfontltd\/'><i class='fa fa-facebook-f' aria-hidden='true'><\/i><\/a><a class='nav-social-icon' target='_blank' href='https:\/\/twitter.com\/BedfontLtd'><i class='fa-brands fa-x-twitter' aria-hidden='true'><\/i><\/a><a class='nav-social-icon' target='_blank' href='https:\/\/www.instagram.com\/bedfontltd\/'><i class='fa fa-instagram' aria-hidden='true'><\/i><\/a><a class='nav-social-icon' target='_blank' href='https:\/\/www.linkedin.com\/company\/bedfont-scientific-ltd'><i class='fa fa-linkedin' aria-hidden='true'><\/i><\/a><a class='nav-social-icon' target='_blank' href='https:\/\/www.youtube.com\/user\/BedfontScientificLtd'><i class='fa fa-youtube' aria-hidden='true'><\/i><\/a><\/div><\/p>\n\n\t<\/div>\n<\/section>","protected":false},"excerpt":{"rendered":"<p>Comunidade Na Bedfont \u00ae , estamos comprometidos em apoiar e causar um impacto significativo em nossa comunidade local por meio de v\u00e1rias iniciativas que promovem bem-estar, crescimento e conex\u00e3o. Seja patrocinando times esportivos, apoiando servi\u00e7os vitais de sa\u00fade ou participando de eventos de arrecada\u00e7\u00e3o de fundos, nossa meta \u00e9 fazer uma diferen\u00e7a positiva na vida [&hellip;]<\/p>\n","protected":false},"author":6,"featured_media":0,"parent":0,"menu_order":0,"comment_status":"closed","ping_status":"closed","template":"templates\/page-modules.php","meta":{"_acf_changed":false,"footnotes":""},"class_list":["post-7504","page","type-page","status-publish","hentry"],"acf":[],"yoast_head":"<!-- This site is optimized with the Yoast SEO plugin v27.6 - https:\/\/yoast.com\/product\/yoast-seo-wordpress\/ -->\n<title>Comunidade - Bedfont Scientific Ltd.<\/title>\n<meta name=\"robots\" content=\"index, follow, max-snippet:-1, max-image-preview:large, max-video-preview:-1\" \/>\n<link rel=\"canonical\" href=\"https:\/\/www.bedfont.com\/pt-pt\/comunidade\/\" \/>\n<meta property=\"og:locale\" content=\"pt_PT\" \/>\n<meta property=\"og:type\" content=\"article\" \/>\n<meta property=\"og:title\" content=\"Comunidade - Bedfont Scientific Ltd.\" \/>\n<meta property=\"og:description\" content=\"Comunidade Na Bedfont \u00ae , estamos comprometidos em apoiar e causar um impacto significativo em nossa comunidade local por meio de v\u00e1rias iniciativas que promovem bem-estar, crescimento e conex\u00e3o. Seja patrocinando times esportivos, apoiando servi\u00e7os vitais de sa\u00fade ou participando de eventos de arrecada\u00e7\u00e3o de fundos, nossa meta \u00e9 fazer uma diferen\u00e7a positiva na vida [&hellip;]\" \/>\n<meta property=\"og:url\" content=\"https:\/\/www.bedfont.com\/pt-pt\/comunidade\/\" \/>\n<meta property=\"og:site_name\" content=\"Bedfont Scientific Ltd.\" \/>\n<meta property=\"article:publisher\" content=\"https:\/\/www.facebook.com\/Bedfontltd\/\" \/>\n<meta property=\"article:modified_time\" content=\"2024-11-18T09:35:49+00:00\" \/>\n<meta property=\"og:image\" content=\"https:\/\/www.bedfont.com\/wp-content\/themes\/bedfont\/assets\/img\/subtle-bg.jpg\" \/>\n<meta name=\"twitter:card\" content=\"summary_large_image\" \/>\n<meta name=\"twitter:site\" content=\"@BedfontLtd\" \/>\n<meta name=\"twitter:label1\" content=\"Tempo estimado de leitura\" \/>\n\t<meta name=\"twitter:data1\" content=\"6 minutos\" \/>\n<script type=\"application\/ld+json\" class=\"yoast-schema-graph\">{\"@context\":\"https:\\\/\\\/schema.org\",\"@graph\":[{\"@type\":\"WebPage\",\"@id\":\"https:\\\/\\\/www.bedfont.com\\\/pt-pt\\\/comunidade\\\/\",\"url\":\"https:\\\/\\\/www.bedfont.com\\\/pt-pt\\\/comunidade\\\/\",\"name\":\"Comunidade - Bedfont Scientific Ltd.\",\"isPartOf\":{\"@id\":\"https:\\\/\\\/www.bedfont.com\\\/pt-pt\\\/#website\"},\"primaryImageOfPage\":{\"@id\":\"https:\\\/\\\/www.bedfont.com\\\/pt-pt\\\/comunidade\\\/#primaryimage\"},\"image\":{\"@id\":\"https:\\\/\\\/www.bedfont.com\\\/pt-pt\\\/comunidade\\\/#primaryimage\"},\"thumbnailUrl\":\"https:\\\/\\\/www.bedfont.com\\\/wp-content\\\/themes\\\/bedfont\\\/assets\\\/img\\\/subtle-bg.jpg\",\"datePublished\":\"2024-10-10T08:50:30+00:00\",\"dateModified\":\"2024-11-18T09:35:49+00:00\",\"breadcrumb\":{\"@id\":\"https:\\\/\\\/www.bedfont.com\\\/pt-pt\\\/comunidade\\\/#breadcrumb\"},\"inLanguage\":\"pt-PT\",\"potentialAction\":[{\"@type\":\"ReadAction\",\"target\":[\"https:\\\/\\\/www.bedfont.com\\\/pt-pt\\\/comunidade\\\/\"]}]},{\"@type\":\"ImageObject\",\"inLanguage\":\"pt-PT\",\"@id\":\"https:\\\/\\\/www.bedfont.com\\\/pt-pt\\\/comunidade\\\/#primaryimage\",\"url\":\"https:\\\/\\\/www.bedfont.com\\\/wp-content\\\/themes\\\/bedfont\\\/assets\\\/img\\\/subtle-bg.jpg\",\"contentUrl\":\"https:\\\/\\\/www.bedfont.com\\\/wp-content\\\/themes\\\/bedfont\\\/assets\\\/img\\\/subtle-bg.jpg\"},{\"@type\":\"BreadcrumbList\",\"@id\":\"https:\\\/\\\/www.bedfont.com\\\/pt-pt\\\/comunidade\\\/#breadcrumb\",\"itemListElement\":[{\"@type\":\"ListItem\",\"position\":1,\"name\":\"Home\",\"item\":\"https:\\\/\\\/www.bedfont.com\\\/pt-pt\\\/\"},{\"@type\":\"ListItem\",\"position\":2,\"name\":\"Comunidade\"}]},{\"@type\":\"WebSite\",\"@id\":\"https:\\\/\\\/www.bedfont.com\\\/pt-pt\\\/#website\",\"url\":\"https:\\\/\\\/www.bedfont.com\\\/pt-pt\\\/\",\"name\":\"Bedfont Scientific Ltd.\",\"description\":\"World leaders in breath analysis.\",\"potentialAction\":[{\"@type\":\"SearchAction\",\"target\":{\"@type\":\"EntryPoint\",\"urlTemplate\":\"https:\\\/\\\/www.bedfont.com\\\/pt-pt\\\/?s={search_term_string}\"},\"query-input\":{\"@type\":\"PropertyValueSpecification\",\"valueRequired\":true,\"valueName\":\"search_term_string\"}}],\"inLanguage\":\"pt-PT\"}]}<\/script>\n<!-- \/ Yoast SEO plugin. -->","yoast_head_json":{"title":"Comunidade - Bedfont Scientific Ltd.","robots":{"index":"index","follow":"follow","max-snippet":"max-snippet:-1","max-image-preview":"max-image-preview:large","max-video-preview":"max-video-preview:-1"},"canonical":"https:\/\/www.bedfont.com\/pt-pt\/comunidade\/","og_locale":"pt_PT","og_type":"article","og_title":"Comunidade - Bedfont Scientific Ltd.","og_description":"Comunidade Na Bedfont \u00ae , estamos comprometidos em apoiar e causar um impacto significativo em nossa comunidade local por meio de v\u00e1rias iniciativas que promovem bem-estar, crescimento e conex\u00e3o. Seja patrocinando times esportivos, apoiando servi\u00e7os vitais de sa\u00fade ou participando de eventos de arrecada\u00e7\u00e3o de fundos, nossa meta \u00e9 fazer uma diferen\u00e7a positiva na vida [&hellip;]","og_url":"https:\/\/www.bedfont.com\/pt-pt\/comunidade\/","og_site_name":"Bedfont Scientific Ltd.","article_publisher":"https:\/\/www.facebook.com\/Bedfontltd\/","article_modified_time":"2024-11-18T09:35:49+00:00","og_image":[{"url":"https:\/\/www.bedfont.com\/wp-content\/themes\/bedfont\/assets\/img\/subtle-bg.jpg","type":"","width":"","height":""}],"twitter_card":"summary_large_image","twitter_site":"@BedfontLtd","twitter_misc":{"Tempo estimado de leitura":"6 minutos"},"schema":{"@context":"https:\/\/schema.org","@graph":[{"@type":"WebPage","@id":"https:\/\/www.bedfont.com\/pt-pt\/comunidade\/","url":"https:\/\/www.bedfont.com\/pt-pt\/comunidade\/","name":"Comunidade - Bedfont Scientific Ltd.","isPartOf":{"@id":"https:\/\/www.bedfont.com\/pt-pt\/#website"},"primaryImageOfPage":{"@id":"https:\/\/www.bedfont.com\/pt-pt\/comunidade\/#primaryimage"},"image":{"@id":"https:\/\/www.bedfont.com\/pt-pt\/comunidade\/#primaryimage"},"thumbnailUrl":"https:\/\/www.bedfont.com\/wp-content\/themes\/bedfont\/assets\/img\/subtle-bg.jpg","datePublished":"2024-10-10T08:50:30+00:00","dateModified":"2024-11-18T09:35:49+00:00","breadcrumb":{"@id":"https:\/\/www.bedfont.com\/pt-pt\/comunidade\/#breadcrumb"},"inLanguage":"pt-PT","potentialAction":[{"@type":"ReadAction","target":["https:\/\/www.bedfont.com\/pt-pt\/comunidade\/"]}]},{"@type":"ImageObject","inLanguage":"pt-PT","@id":"https:\/\/www.bedfont.com\/pt-pt\/comunidade\/#primaryimage","url":"https:\/\/www.bedfont.com\/wp-content\/themes\/bedfont\/assets\/img\/subtle-bg.jpg","contentUrl":"https:\/\/www.bedfont.com\/wp-content\/themes\/bedfont\/assets\/img\/subtle-bg.jpg"},{"@type":"BreadcrumbList","@id":"https:\/\/www.bedfont.com\/pt-pt\/comunidade\/#breadcrumb","itemListElement":[{"@type":"ListItem","position":1,"name":"Home","item":"https:\/\/www.bedfont.com\/pt-pt\/"},{"@type":"ListItem","position":2,"name":"Comunidade"}]},{"@type":"WebSite","@id":"https:\/\/www.bedfont.com\/pt-pt\/#website","url":"https:\/\/www.bedfont.com\/pt-pt\/","name":"Bedfont Scientific Ltd.","description":"World leaders in breath analysis.","potentialAction":[{"@type":"SearchAction","target":{"@type":"EntryPoint","urlTemplate":"https:\/\/www.bedfont.com\/pt-pt\/?s={search_term_string}"},"query-input":{"@type":"PropertyValueSpecification","valueRequired":true,"valueName":"search_term_string"}}],"inLanguage":"pt-PT"}]}},"_links":{"self":[{"href":"https:\/\/www.bedfont.com\/pt-pt\/wp-json\/wp\/v2\/pages\/7504","targetHints":{"allow":["GET"]}}],"collection":[{"href":"https:\/\/www.bedfont.com\/pt-pt\/wp-json\/wp\/v2\/pages"}],"about":[{"href":"https:\/\/www.bedfont.com\/pt-pt\/wp-json\/wp\/v2\/types\/page"}],"author":[{"embeddable":true,"href":"https:\/\/www.bedfont.com\/pt-pt\/wp-json\/wp\/v2\/users\/6"}],"replies":[{"embeddable":true,"href":"https:\/\/www.bedfont.com\/pt-pt\/wp-json\/wp\/v2\/comments?post=7504"}],"version-history":[{"count":1,"href":"https:\/\/www.bedfont.com\/pt-pt\/wp-json\/wp\/v2\/pages\/7504\/revisions"}],"predecessor-version":[{"id":7505,"href":"https:\/\/www.bedfont.com\/pt-pt\/wp-json\/wp\/v2\/pages\/7504\/revisions\/7505"}],"wp:attachment":[{"href":"https:\/\/www.bedfont.com\/pt-pt\/wp-json\/wp\/v2\/media?parent=7504"}],"curies":[{"name":"wp","href":"https:\/\/api.w.org\/{rel}","templated":true}]}}