{"id":4026,"date":"2022-07-12T09:53:33","date_gmt":"2022-07-12T09:53:33","guid":{"rendered":"https:\/\/bedfont.theprogressteam.com\/news\/"},"modified":"2024-10-14T11:18:22","modified_gmt":"2024-10-14T11:18:22","slug":"news","status":"publish","type":"page","link":"https:\/\/www.bedfont.com\/pt-pt\/news\/","title":{"rendered":"Not\u00edcias"},"content":{"rendered":"<div class=\"bdpp-wrap bdpp-lite bdpp-post-grid-wrap bdpp-post-data-wrap bdpp-design-2 bdpp-grid-1  bdpp-clearfix\" id=\"bdpp-post-grid-1\">\r\n\t<div class=\"bdpp-post-grid-inr-wrap bdpp-post-data-inr-wrap bdpp-clearfix\"><div class=\"bdpp-post-grid bdpp-col-1 bdpp-columns bdpp-post-11864 bdpp-post-standard bdpp-has-thumb\">\r\n\t<div class=\"bdpp-post-grid-content\">\r\n\t\t\t\t<div class=\"bdpp-post-img-bg\">\r\n\t\t\t<a href=\"https:\/\/www.bedfont.com\/pt-pt\/bedfont-scientific-recognised-for-global-growth-with-sehta-awards-export-shortlist\/\">\r\n\t\t\t\t<img decoding=\"async\" src=\"https:\/\/www.bedfont.com\/wp-content\/uploads\/2026\/05\/Article-Featured-Images-17-1024x576.png\" class=\"bdpp-img bdpp-post-feat-img\" alt=\"Bedfont\u00ae Scientific recognised for global growth with SEHTA Awards export shortlist\" \/>\r\n\t\t\t<\/a>\r\n\t\t<\/div>\r\n\t\t\r\n\t\t<div class=\"bdpp-post-margin-content\">\r\n\t\t\t\r\n\t\t\t<h2 class=\"bdpp-post-title\">\r\n\t\t\t\t<a href=\"https:\/\/www.bedfont.com\/pt-pt\/bedfont-scientific-recognised-for-global-growth-with-sehta-awards-export-shortlist\/\">Bedfont\u00ae Scientific recognised for global growth with SEHTA Awards export shortlist<\/a>\r\n\t\t\t<\/h2>\r\n\r\n\t\t\t\t\t\t<div class=\"bdpp-post-meta bdpp-post-meta-up\">\r\n\t\t\t\t<span class=\"bdpp-post-meta-data bdpp-post-date\"><i class=\"bdpp-fa fa-regular fa-clock\"><\/i>11 de Maio, 2026<\/span>\t\t\t<\/div>\r\n\t\t\t\t\t\t<div class=\"bdpp-post-content\">\r\n\t\t\t\t<div class=\"bdpp-post-desc\">Bedfont\u00ae celebrates global expansion by delivering UK healthcare solutions to a growing global audience. Bedfont\u00ae Scientific Limited, an innovative MedTech company that specialises in designing and manufacturing medical breath analysis devices, is thrilled to have been shortlisted in the Export...<\/div>\r\n\t\t\t\t\t\t\t\t\t<a href=\"https:\/\/www.bedfont.com\/pt-pt\/bedfont-scientific-recognised-for-global-growth-with-sehta-awards-export-shortlist\/\" class=\"bdpp-rdmr-btn\">Read More<\/a>\r\n\t\t\t\t\t\t\t<\/div>\r\n\t\t\t\t\t<\/div>\r\n\t<\/div>\r\n<\/div><div class=\"bdpp-post-grid bdpp-col-1 bdpp-columns bdpp-post-11103 bdpp-post-standard bdpp-has-thumb\">\r\n\t<div class=\"bdpp-post-grid-content\">\r\n\t\t\t\t<div class=\"bdpp-post-img-bg\">\r\n\t\t\t<a href=\"https:\/\/www.bedfont.com\/pt-pt\/hmbt-interpretation-chart\/\">\r\n\t\t\t\t<img decoding=\"async\" src=\"https:\/\/www.bedfont.com\/wp-content\/uploads\/2026\/02\/Article-Featured-Images-5-1024x576.png\" class=\"bdpp-img bdpp-post-feat-img\" alt=\"Gastrolyzer\u00ae Interpretation Chart Update\" \/>\r\n\t\t\t<\/a>\r\n\t\t<\/div>\r\n\t\t\r\n\t\t<div class=\"bdpp-post-margin-content\">\r\n\t\t\t\r\n\t\t\t<h2 class=\"bdpp-post-title\">\r\n\t\t\t\t<a href=\"https:\/\/www.bedfont.com\/pt-pt\/hmbt-interpretation-chart\/\">Gastrolyzer\u00ae Interpretation Chart Update<\/a>\r\n\t\t\t<\/h2>\r\n\r\n\t\t\t\t\t\t<div class=\"bdpp-post-meta bdpp-post-meta-up\">\r\n\t\t\t\t<span class=\"bdpp-post-meta-data bdpp-post-date\"><i class=\"bdpp-fa fa-regular fa-clock\"><\/i>7 de Maio, 2026<\/span>\t\t\t<\/div>\r\n\t\t\t\t\t\t<div class=\"bdpp-post-content\">\r\n\t\t\t\t<div class=\"bdpp-post-desc\">Included with every Gastrolyzer\u00ae range order, Bedfont\u00ae Scientific Limited provides practical resources designed to support and simplify hydrogen and methane breath testing (HMBT). One such resource was the interpretation wheel, which, until December 2025, offered clinicians a quick reference for...<\/div>\r\n\t\t\t\t\t\t\t\t\t<a href=\"https:\/\/www.bedfont.com\/pt-pt\/hmbt-interpretation-chart\/\" class=\"bdpp-rdmr-btn\">Read More<\/a>\r\n\t\t\t\t\t\t\t<\/div>\r\n\t\t\t\t\t<\/div>\r\n\t<\/div>\r\n<\/div><div class=\"bdpp-post-grid bdpp-col-1 bdpp-columns bdpp-post-11792 bdpp-post-standard bdpp-has-thumb\">\r\n\t<div class=\"bdpp-post-grid-content\">\r\n\t\t\t\t<div class=\"bdpp-post-img-bg\">\r\n\t\t\t<a href=\"https:\/\/www.bedfont.com\/pt-pt\/shaping-the-future-of-asthma-management-with-the-nobreath-at-ats-2026\/\">\r\n\t\t\t\t<img decoding=\"async\" src=\"https:\/\/www.bedfont.com\/wp-content\/uploads\/2026\/04\/Article-Featured-Images-16-1024x576.png\" class=\"bdpp-img bdpp-post-feat-img\" alt=\"Shaping the future of asthma management with the NObreath\u00ae at ATS 2026\" \/>\r\n\t\t\t<\/a>\r\n\t\t<\/div>\r\n\t\t\r\n\t\t<div class=\"bdpp-post-margin-content\">\r\n\t\t\t\r\n\t\t\t<h2 class=\"bdpp-post-title\">\r\n\t\t\t\t<a href=\"https:\/\/www.bedfont.com\/pt-pt\/shaping-the-future-of-asthma-management-with-the-nobreath-at-ats-2026\/\">Shaping the future of asthma management with the NObreath\u00ae at ATS 2026<\/a>\r\n\t\t\t<\/h2>\r\n\r\n\t\t\t\t\t\t<div class=\"bdpp-post-meta bdpp-post-meta-up\">\r\n\t\t\t\t<span class=\"bdpp-post-meta-data bdpp-post-date\"><i class=\"bdpp-fa fa-regular fa-clock\"><\/i>30 de Abril, 2026<\/span>\t\t\t<\/div>\r\n\t\t\t\t\t\t<div class=\"bdpp-post-content\">\r\n\t\t\t\t<div class=\"bdpp-post-desc\">Bedfont\u00ae Scientific Limited to showcase why the NObreath\u00ae is the FeNO device of choice at this year\u2019s global event. World leaders in breath analysis Bedfont\u00ae Scientific Ltd. are pleased to be attending this years American Thoracic Society (ATS) International Conference,...<\/div>\r\n\t\t\t\t\t\t\t\t\t<a href=\"https:\/\/www.bedfont.com\/pt-pt\/shaping-the-future-of-asthma-management-with-the-nobreath-at-ats-2026\/\" class=\"bdpp-rdmr-btn\">Read More<\/a>\r\n\t\t\t\t\t\t\t<\/div>\r\n\t\t\t\t\t<\/div>\r\n\t<\/div>\r\n<\/div><div class=\"bdpp-post-grid bdpp-col-1 bdpp-columns bdpp-post-11730 bdpp-post-standard bdpp-has-thumb\">\r\n\t<div class=\"bdpp-post-grid-content\">\r\n\t\t\t\t<div class=\"bdpp-post-img-bg\">\r\n\t\t\t<a href=\"https:\/\/www.bedfont.com\/pt-pt\/advancements-in-feno-testing-for-better-asthma-control\/\">\r\n\t\t\t\t<img decoding=\"async\" src=\"https:\/\/www.bedfont.com\/wp-content\/uploads\/2026\/04\/Article-Featured-Images-15-1024x576.png\" class=\"bdpp-img bdpp-post-feat-img\" alt=\"Advancements in FeNO testing for better asthma control\" \/>\r\n\t\t\t<\/a>\r\n\t\t<\/div>\r\n\t\t\r\n\t\t<div class=\"bdpp-post-margin-content\">\r\n\t\t\t\r\n\t\t\t<h2 class=\"bdpp-post-title\">\r\n\t\t\t\t<a href=\"https:\/\/www.bedfont.com\/pt-pt\/advancements-in-feno-testing-for-better-asthma-control\/\">Advancements in FeNO testing for better asthma control<\/a>\r\n\t\t\t<\/h2>\r\n\r\n\t\t\t\t\t\t<div class=\"bdpp-post-meta bdpp-post-meta-up\">\r\n\t\t\t\t<span class=\"bdpp-post-meta-data bdpp-post-date\"><i class=\"bdpp-fa fa-regular fa-clock\"><\/i>21 de Abril, 2026<\/span>\t\t\t<\/div>\r\n\t\t\t\t\t\t<div class=\"bdpp-post-content\">\r\n\t\t\t\t<div class=\"bdpp-post-desc\">In 2019, 262 million people worldwide had asthma, with 455,000 deaths from the chronic condition1, stark figures that highlight asthma control still needs improvement. Most people living with asthma believe that no physical symptoms mean their asthma is controlled, but...<\/div>\r\n\t\t\t\t\t\t\t\t\t<a href=\"https:\/\/www.bedfont.com\/pt-pt\/advancements-in-feno-testing-for-better-asthma-control\/\" class=\"bdpp-rdmr-btn\">Read More<\/a>\r\n\t\t\t\t\t\t\t<\/div>\r\n\t\t\t\t\t<\/div>\r\n\t<\/div>\r\n<\/div><div class=\"bdpp-post-grid bdpp-col-1 bdpp-columns bdpp-post-11553 bdpp-post-standard bdpp-has-thumb\">\r\n\t<div class=\"bdpp-post-grid-content\">\r\n\t\t\t\t<div class=\"bdpp-post-img-bg\">\r\n\t\t\t<a href=\"https:\/\/www.bedfont.com\/pt-pt\/turning-awareness-into-action-expanding-access-to-better-asthma-care-this-asthma-and-allergy-awareness-month\/\">\r\n\t\t\t\t<img decoding=\"async\" src=\"https:\/\/www.bedfont.com\/wp-content\/uploads\/2026\/04\/Article-Featured-Images-13-1024x576.png\" class=\"bdpp-img bdpp-post-feat-img\" alt=\"Turning awareness into action: Expanding access to better asthma care this Asthma and Allergy Awareness Month\" \/>\r\n\t\t\t<\/a>\r\n\t\t<\/div>\r\n\t\t\r\n\t\t<div class=\"bdpp-post-margin-content\">\r\n\t\t\t\r\n\t\t\t<h2 class=\"bdpp-post-title\">\r\n\t\t\t\t<a href=\"https:\/\/www.bedfont.com\/pt-pt\/turning-awareness-into-action-expanding-access-to-better-asthma-care-this-asthma-and-allergy-awareness-month\/\">Turning awareness into action: Expanding access to better asthma care this Asthma and Allergy Awareness Month<\/a>\r\n\t\t\t<\/h2>\r\n\r\n\t\t\t\t\t\t<div class=\"bdpp-post-meta bdpp-post-meta-up\">\r\n\t\t\t\t<span class=\"bdpp-post-meta-data bdpp-post-date\"><i class=\"bdpp-fa fa-regular fa-clock\"><\/i>8 de Abril, 2026<\/span>\t\t\t<\/div>\r\n\t\t\t\t\t\t<div class=\"bdpp-post-content\">\r\n\t\t\t\t<div class=\"bdpp-post-desc\">Over 28 million people in the United States (US) have asthma1,2, with the condition named as the leading chronic disease in children, affecting approximately 4.9 million under the age of 182,3. In the US, asthma is one of the most...<\/div>\r\n\t\t\t\t\t\t\t\t\t<a href=\"https:\/\/www.bedfont.com\/pt-pt\/turning-awareness-into-action-expanding-access-to-better-asthma-care-this-asthma-and-allergy-awareness-month\/\" class=\"bdpp-rdmr-btn\">Read More<\/a>\r\n\t\t\t\t\t\t\t<\/div>\r\n\t\t\t\t\t<\/div>\r\n\t<\/div>\r\n<\/div><div class=\"bdpp-post-grid bdpp-col-1 bdpp-columns bdpp-post-11530 bdpp-post-standard bdpp-has-thumb\">\r\n\t<div class=\"bdpp-post-grid-content\">\r\n\t\t\t\t<div class=\"bdpp-post-img-bg\">\r\n\t\t\t<a href=\"https:\/\/www.bedfont.com\/pt-pt\/bedfont-becomes-the-first-compassionate-workplace\/\">\r\n\t\t\t\t<img decoding=\"async\" src=\"https:\/\/www.bedfont.com\/wp-content\/uploads\/2026\/04\/Article-Featured-Images-11-1024x576.png\" class=\"bdpp-img bdpp-post-feat-img\" alt=\"Bedfont\u00ae becomes the first compassionate workplace accredited in Kent\" \/>\r\n\t\t\t<\/a>\r\n\t\t<\/div>\r\n\t\t\r\n\t\t<div class=\"bdpp-post-margin-content\">\r\n\t\t\t\r\n\t\t\t<h2 class=\"bdpp-post-title\">\r\n\t\t\t\t<a href=\"https:\/\/www.bedfont.com\/pt-pt\/bedfont-becomes-the-first-compassionate-workplace\/\">Bedfont\u00ae becomes the first compassionate workplace accredited in Kent<\/a>\r\n\t\t\t<\/h2>\r\n\r\n\t\t\t\t\t\t<div class=\"bdpp-post-meta bdpp-post-meta-up\">\r\n\t\t\t\t<span class=\"bdpp-post-meta-data bdpp-post-date\"><i class=\"bdpp-fa fa-regular fa-clock\"><\/i>1 de Abril, 2026<\/span>\t\t\t<\/div>\r\n\t\t\t\t\t\t<div class=\"bdpp-post-content\">\r\n\t\t\t\t<div class=\"bdpp-post-desc\">Embedding compassion into policies, practices and everyday actions. Bedfont\u00ae Scientific Ltd. is a world leader in breath analysis, with over 49 years of expertise in designing and manufacturing medical devices. The innovative med-tech company, based in Harrietsham, was proud to...<\/div>\r\n\t\t\t\t\t\t\t\t\t<a href=\"https:\/\/www.bedfont.com\/pt-pt\/bedfont-becomes-the-first-compassionate-workplace\/\" class=\"bdpp-rdmr-btn\">Read More<\/a>\r\n\t\t\t\t\t\t\t<\/div>\r\n\t\t\t\t\t<\/div>\r\n\t<\/div>\r\n<\/div>\t<\/div>\r\n\t\t<div class=\"bdpp-paging bdpp-clearfix\">\r\n\t\t<span aria-current=\"page\" class=\"page-numbers current\">1<\/span>\n<a class=\"page-numbers\" href=\"https:\/\/www.bedfont.com\/pt-pt\/wp-json\/wp\/v2\/pages\/4026\/page\/2\/\">2<\/a>\n<a class=\"page-numbers\" href=\"https:\/\/www.bedfont.com\/pt-pt\/wp-json\/wp\/v2\/pages\/4026\/page\/3\/\">3<\/a>\n<span class=\"page-numbers dots\">&hellip;<\/span>\n<a class=\"page-numbers\" href=\"https:\/\/www.bedfont.com\/pt-pt\/wp-json\/wp\/v2\/pages\/4026\/page\/38\/\">38<\/a>\n<a class=\"next page-numbers\" href=\"https:\/\/www.bedfont.com\/pt-pt\/wp-json\/wp\/v2\/pages\/4026\/page\/2\/\">Next &raquo;<\/a>\t<\/div>\r\n<\/div>\n","protected":false},"excerpt":{"rendered":"","protected":false},"author":6,"featured_media":0,"parent":0,"menu_order":0,"comment_status":"closed","ping_status":"closed","template":"page-news.php","meta":{"_acf_changed":false,"footnotes":""},"class_list":["post-4026","page","type-page","status-publish","hentry"],"acf":[],"yoast_head":"<!-- This site is optimized with the Yoast SEO plugin v27.6 - https:\/\/yoast.com\/product\/yoast-seo-wordpress\/ -->\n<title>Not\u00edcias - Bedfont Scientific Ltd.<\/title>\n<meta name=\"description\" content=\"D\u00ea uma vista de olhos \u00e0s not\u00edcias abaixo para ver o que temos feito na Bedfont\u00ae e todas as nossas \u00faltimas not\u00edcias.\" \/>\n<meta name=\"robots\" content=\"index, follow, max-snippet:-1, max-image-preview:large, max-video-preview:-1\" \/>\n<link rel=\"canonical\" href=\"https:\/\/www.bedfont.com\/pt-pt\/news\/\" \/>\n<meta property=\"og:locale\" content=\"pt_PT\" \/>\n<meta property=\"og:type\" content=\"article\" \/>\n<meta property=\"og:title\" content=\"Not\u00edcias - Bedfont Scientific Ltd.\" \/>\n<meta property=\"og:description\" content=\"D\u00ea uma vista de olhos \u00e0s not\u00edcias abaixo para ver o que temos feito na Bedfont\u00ae e todas as nossas \u00faltimas not\u00edcias.\" \/>\n<meta property=\"og:url\" content=\"https:\/\/www.bedfont.com\/pt-pt\/news\/\" \/>\n<meta property=\"og:site_name\" content=\"Bedfont Scientific Ltd.\" \/>\n<meta property=\"article:publisher\" content=\"https:\/\/www.facebook.com\/Bedfontltd\/\" \/>\n<meta property=\"article:modified_time\" content=\"2024-10-14T11:18:22+00:00\" \/>\n<meta name=\"twitter:card\" content=\"summary_large_image\" \/>\n<meta name=\"twitter:site\" content=\"@BedfontLtd\" \/>\n<meta name=\"twitter:label1\" content=\"Tempo estimado de leitura\" \/>\n\t<meta name=\"twitter:data1\" content=\"1 minuto\" \/>\n<script type=\"application\/ld+json\" class=\"yoast-schema-graph\">{\"@context\":\"https:\\\/\\\/schema.org\",\"@graph\":[{\"@type\":\"WebPage\",\"@id\":\"https:\\\/\\\/www.bedfont.com\\\/pt-pt\\\/news\\\/\",\"url\":\"https:\\\/\\\/www.bedfont.com\\\/pt-pt\\\/news\\\/\",\"name\":\"Not\u00edcias - Bedfont Scientific Ltd.\",\"isPartOf\":{\"@id\":\"https:\\\/\\\/www.bedfont.com\\\/pt-pt\\\/#website\"},\"datePublished\":\"2022-07-12T09:53:33+00:00\",\"dateModified\":\"2024-10-14T11:18:22+00:00\",\"description\":\"D\u00ea uma vista de olhos \u00e0s not\u00edcias abaixo para ver o que temos feito na Bedfont\u00ae e todas as nossas \u00faltimas not\u00edcias.\",\"breadcrumb\":{\"@id\":\"https:\\\/\\\/www.bedfont.com\\\/pt-pt\\\/news\\\/#breadcrumb\"},\"inLanguage\":\"pt-PT\",\"potentialAction\":[{\"@type\":\"ReadAction\",\"target\":[\"https:\\\/\\\/www.bedfont.com\\\/pt-pt\\\/news\\\/\"]}]},{\"@type\":\"BreadcrumbList\",\"@id\":\"https:\\\/\\\/www.bedfont.com\\\/pt-pt\\\/news\\\/#breadcrumb\",\"itemListElement\":[{\"@type\":\"ListItem\",\"position\":1,\"name\":\"Home\",\"item\":\"https:\\\/\\\/www.bedfont.com\\\/pt-pt\\\/\"},{\"@type\":\"ListItem\",\"position\":2,\"name\":\"Not\u00edcias\"}]},{\"@type\":\"WebSite\",\"@id\":\"https:\\\/\\\/www.bedfont.com\\\/pt-pt\\\/#website\",\"url\":\"https:\\\/\\\/www.bedfont.com\\\/pt-pt\\\/\",\"name\":\"Bedfont Scientific Ltd.\",\"description\":\"World leaders in breath analysis.\",\"potentialAction\":[{\"@type\":\"SearchAction\",\"target\":{\"@type\":\"EntryPoint\",\"urlTemplate\":\"https:\\\/\\\/www.bedfont.com\\\/pt-pt\\\/?s={search_term_string}\"},\"query-input\":{\"@type\":\"PropertyValueSpecification\",\"valueRequired\":true,\"valueName\":\"search_term_string\"}}],\"inLanguage\":\"pt-PT\"}]}<\/script>\n<!-- \/ Yoast SEO plugin. -->","yoast_head_json":{"title":"Not\u00edcias - Bedfont Scientific Ltd.","description":"D\u00ea uma vista de olhos \u00e0s not\u00edcias abaixo para ver o que temos feito na Bedfont\u00ae e todas as nossas \u00faltimas not\u00edcias.","robots":{"index":"index","follow":"follow","max-snippet":"max-snippet:-1","max-image-preview":"max-image-preview:large","max-video-preview":"max-video-preview:-1"},"canonical":"https:\/\/www.bedfont.com\/pt-pt\/news\/","og_locale":"pt_PT","og_type":"article","og_title":"Not\u00edcias - Bedfont Scientific Ltd.","og_description":"D\u00ea uma vista de olhos \u00e0s not\u00edcias abaixo para ver o que temos feito na Bedfont\u00ae e todas as nossas \u00faltimas not\u00edcias.","og_url":"https:\/\/www.bedfont.com\/pt-pt\/news\/","og_site_name":"Bedfont Scientific Ltd.","article_publisher":"https:\/\/www.facebook.com\/Bedfontltd\/","article_modified_time":"2024-10-14T11:18:22+00:00","twitter_card":"summary_large_image","twitter_site":"@BedfontLtd","twitter_misc":{"Tempo estimado de leitura":"1 minuto"},"schema":{"@context":"https:\/\/schema.org","@graph":[{"@type":"WebPage","@id":"https:\/\/www.bedfont.com\/pt-pt\/news\/","url":"https:\/\/www.bedfont.com\/pt-pt\/news\/","name":"Not\u00edcias - Bedfont Scientific Ltd.","isPartOf":{"@id":"https:\/\/www.bedfont.com\/pt-pt\/#website"},"datePublished":"2022-07-12T09:53:33+00:00","dateModified":"2024-10-14T11:18:22+00:00","description":"D\u00ea uma vista de olhos \u00e0s not\u00edcias abaixo para ver o que temos feito na Bedfont\u00ae e todas as nossas \u00faltimas not\u00edcias.","breadcrumb":{"@id":"https:\/\/www.bedfont.com\/pt-pt\/news\/#breadcrumb"},"inLanguage":"pt-PT","potentialAction":[{"@type":"ReadAction","target":["https:\/\/www.bedfont.com\/pt-pt\/news\/"]}]},{"@type":"BreadcrumbList","@id":"https:\/\/www.bedfont.com\/pt-pt\/news\/#breadcrumb","itemListElement":[{"@type":"ListItem","position":1,"name":"Home","item":"https:\/\/www.bedfont.com\/pt-pt\/"},{"@type":"ListItem","position":2,"name":"Not\u00edcias"}]},{"@type":"WebSite","@id":"https:\/\/www.bedfont.com\/pt-pt\/#website","url":"https:\/\/www.bedfont.com\/pt-pt\/","name":"Bedfont Scientific Ltd.","description":"World leaders in breath analysis.","potentialAction":[{"@type":"SearchAction","target":{"@type":"EntryPoint","urlTemplate":"https:\/\/www.bedfont.com\/pt-pt\/?s={search_term_string}"},"query-input":{"@type":"PropertyValueSpecification","valueRequired":true,"valueName":"search_term_string"}}],"inLanguage":"pt-PT"}]}},"_links":{"self":[{"href":"https:\/\/www.bedfont.com\/pt-pt\/wp-json\/wp\/v2\/pages\/4026","targetHints":{"allow":["GET"]}}],"collection":[{"href":"https:\/\/www.bedfont.com\/pt-pt\/wp-json\/wp\/v2\/pages"}],"about":[{"href":"https:\/\/www.bedfont.com\/pt-pt\/wp-json\/wp\/v2\/types\/page"}],"author":[{"embeddable":true,"href":"https:\/\/www.bedfont.com\/pt-pt\/wp-json\/wp\/v2\/users\/6"}],"replies":[{"embeddable":true,"href":"https:\/\/www.bedfont.com\/pt-pt\/wp-json\/wp\/v2\/comments?post=4026"}],"version-history":[{"count":1,"href":"https:\/\/www.bedfont.com\/pt-pt\/wp-json\/wp\/v2\/pages\/4026\/revisions"}],"predecessor-version":[{"id":7109,"href":"https:\/\/www.bedfont.com\/pt-pt\/wp-json\/wp\/v2\/pages\/4026\/revisions\/7109"}],"wp:attachment":[{"href":"https:\/\/www.bedfont.com\/pt-pt\/wp-json\/wp\/v2\/media?parent=4026"}],"curies":[{"name":"wp","href":"https:\/\/api.w.org\/{rel}","templated":true}]}}