{"id":3730,"date":"2023-01-27T16:29:54","date_gmt":"2023-01-27T16:29:54","guid":{"rendered":"https:\/\/bedfont.theprogressteam.com\/encontrar-meu-distribuidor\/"},"modified":"2024-10-10T06:26:16","modified_gmt":"2024-10-10T06:26:16","slug":"encontrar-meu-distribuidor","status":"publish","type":"page","link":"https:\/\/www.bedfont.com\/pt-pt\/encontrar-meu-distribuidor\/","title":{"rendered":"Encontrar Meu Distribuidor"},"content":{"rendered":"\n<p>Desde 1976 que nos especializamos no design e fabrico de instrumentos de monitoriza\u00e7\u00e3o da respira\u00e7\u00e3o exalada e dos gases. Os nossos produtos s\u00e3o utilizados em diversos setores, incluindo sa\u00fade, farmac\u00eautico e diagn\u00f3stico. A nossa experi\u00eancia reflete-se na vasta gama de produtos que oferecemos &#8211; desde dispositivos port\u00e1teis a dispositivos de bancada &#8211; que podem ser utilizados para analisar a respira\u00e7\u00e3o dos doentes.  <\/p>\n","protected":false},"excerpt":{"rendered":"<p>Desde 1976 que nos especializamos no design e fabrico de instrumentos de monitoriza\u00e7\u00e3o da respira\u00e7\u00e3o exalada e dos gases. Os nossos produtos s\u00e3o utilizados em diversos setores, incluindo sa\u00fade, farmac\u00eautico e diagn\u00f3stico. A nossa experi\u00eancia reflete-se na vasta gama de produtos que oferecemos &#8211; desde dispositivos port\u00e1teis a dispositivos de bancada &#8211; que podem ser [&hellip;]<\/p>\n","protected":false},"author":6,"featured_media":0,"parent":0,"menu_order":0,"comment_status":"closed","ping_status":"closed","template":"page-find-distributor.php","meta":{"_acf_changed":false,"footnotes":""},"class_list":["post-3730","page","type-page","status-publish","hentry"],"acf":[],"yoast_head":"<!-- This site is optimized with the Yoast SEO plugin v27.4 - https:\/\/yoast.com\/product\/yoast-seo-wordpress\/ -->\n<title>Encontrar Meu Distribuidor - Bedfont Scientific Ltd.<\/title>\n<meta name=\"description\" content=\"Encontre o seu distribuidor local abaixo, simplesmente selecionando o pa\u00eds onde se encontra e o produto sobre o qual pretende obter mais informa\u00e7\u00f5es.\" \/>\n<meta name=\"robots\" content=\"index, follow, max-snippet:-1, max-image-preview:large, max-video-preview:-1\" \/>\n<link rel=\"canonical\" href=\"https:\/\/www.bedfont.com\/pt-pt\/encontrar-meu-distribuidor\/\" \/>\n<meta property=\"og:locale\" content=\"pt_PT\" \/>\n<meta property=\"og:type\" content=\"article\" \/>\n<meta property=\"og:title\" content=\"Encontrar Meu Distribuidor - Bedfont Scientific Ltd.\" \/>\n<meta property=\"og:description\" content=\"Encontre o seu distribuidor local abaixo, simplesmente selecionando o pa\u00eds onde se encontra e o produto sobre o qual pretende obter mais informa\u00e7\u00f5es.\" \/>\n<meta property=\"og:url\" content=\"https:\/\/www.bedfont.com\/pt-pt\/encontrar-meu-distribuidor\/\" \/>\n<meta property=\"og:site_name\" content=\"Bedfont Scientific Ltd.\" \/>\n<meta property=\"article:publisher\" content=\"https:\/\/www.facebook.com\/Bedfontltd\/\" \/>\n<meta property=\"article:modified_time\" content=\"2024-10-10T06:26:16+00:00\" \/>\n<meta name=\"twitter:card\" content=\"summary_large_image\" \/>\n<meta name=\"twitter:site\" content=\"@BedfontLtd\" \/>\n<script type=\"application\/ld+json\" class=\"yoast-schema-graph\">{\"@context\":\"https:\\\/\\\/schema.org\",\"@graph\":[{\"@type\":\"WebPage\",\"@id\":\"https:\\\/\\\/www.bedfont.com\\\/pt-pt\\\/encontrar-meu-distribuidor\\\/\",\"url\":\"https:\\\/\\\/www.bedfont.com\\\/pt-pt\\\/encontrar-meu-distribuidor\\\/\",\"name\":\"Encontrar Meu Distribuidor - Bedfont Scientific Ltd.\",\"isPartOf\":{\"@id\":\"https:\\\/\\\/www.bedfont.com\\\/pt-pt\\\/#website\"},\"datePublished\":\"2023-01-27T16:29:54+00:00\",\"dateModified\":\"2024-10-10T06:26:16+00:00\",\"description\":\"Encontre o seu distribuidor local abaixo, simplesmente selecionando o pa\u00eds onde se encontra e o produto sobre o qual pretende obter mais informa\u00e7\u00f5es.\",\"breadcrumb\":{\"@id\":\"https:\\\/\\\/www.bedfont.com\\\/pt-pt\\\/encontrar-meu-distribuidor\\\/#breadcrumb\"},\"inLanguage\":\"pt-PT\",\"potentialAction\":[{\"@type\":\"ReadAction\",\"target\":[\"https:\\\/\\\/www.bedfont.com\\\/pt-pt\\\/encontrar-meu-distribuidor\\\/\"]}]},{\"@type\":\"BreadcrumbList\",\"@id\":\"https:\\\/\\\/www.bedfont.com\\\/pt-pt\\\/encontrar-meu-distribuidor\\\/#breadcrumb\",\"itemListElement\":[{\"@type\":\"ListItem\",\"position\":1,\"name\":\"Home\",\"item\":\"https:\\\/\\\/www.bedfont.com\\\/pt-pt\\\/\"},{\"@type\":\"ListItem\",\"position\":2,\"name\":\"Encontrar Meu Distribuidor\"}]},{\"@type\":\"WebSite\",\"@id\":\"https:\\\/\\\/www.bedfont.com\\\/pt-pt\\\/#website\",\"url\":\"https:\\\/\\\/www.bedfont.com\\\/pt-pt\\\/\",\"name\":\"Bedfont Scientific Ltd.\",\"description\":\"World leaders in breath analysis.\",\"publisher\":{\"@id\":\"https:\\\/\\\/www.bedfont.com\\\/pt-pt\\\/#organization\"},\"potentialAction\":[{\"@type\":\"SearchAction\",\"target\":{\"@type\":\"EntryPoint\",\"urlTemplate\":\"https:\\\/\\\/www.bedfont.com\\\/pt-pt\\\/?s={search_term_string}\"},\"query-input\":{\"@type\":\"PropertyValueSpecification\",\"valueRequired\":true,\"valueName\":\"search_term_string\"}}],\"inLanguage\":\"pt-PT\"},{\"@type\":\"Organization\",\"@id\":\"https:\\\/\\\/www.bedfont.com\\\/pt-pt\\\/#organization\",\"name\":\"Bedfont Scientific Ltd.\",\"url\":\"https:\\\/\\\/www.bedfont.com\\\/pt-pt\\\/\",\"logo\":{\"@type\":\"ImageObject\",\"inLanguage\":\"pt-PT\",\"@id\":\"https:\\\/\\\/www.bedfont.com\\\/pt-pt\\\/#\\\/schema\\\/logo\\\/image\\\/\",\"url\":\"https:\\\/\\\/www.bedfont.com\\\/wp-content\\\/uploads\\\/2023\\\/06\\\/logo.png\",\"contentUrl\":\"https:\\\/\\\/www.bedfont.com\\\/wp-content\\\/uploads\\\/2023\\\/06\\\/logo.png\",\"width\":1600,\"height\":505,\"caption\":\"Bedfont Scientific Ltd.\"},\"image\":{\"@id\":\"https:\\\/\\\/www.bedfont.com\\\/pt-pt\\\/#\\\/schema\\\/logo\\\/image\\\/\"},\"sameAs\":[\"https:\\\/\\\/www.facebook.com\\\/Bedfontltd\\\/\",\"https:\\\/\\\/x.com\\\/BedfontLtd\",\"https:\\\/\\\/www.instagram.com\\\/bedfontltd\\\/\",\"https:\\\/\\\/www.linkedin.com\\\/company\\\/bedfont-scientific-ltd\\\/\",\"https:\\\/\\\/www.youtube.com\\\/user\\\/BedfontScientificLtd\"]}]}<\/script>\n<!-- \/ Yoast SEO plugin. -->","yoast_head_json":{"title":"Encontrar Meu Distribuidor - Bedfont Scientific Ltd.","description":"Encontre o seu distribuidor local abaixo, simplesmente selecionando o pa\u00eds onde se encontra e o produto sobre o qual pretende obter mais informa\u00e7\u00f5es.","robots":{"index":"index","follow":"follow","max-snippet":"max-snippet:-1","max-image-preview":"max-image-preview:large","max-video-preview":"max-video-preview:-1"},"canonical":"https:\/\/www.bedfont.com\/pt-pt\/encontrar-meu-distribuidor\/","og_locale":"pt_PT","og_type":"article","og_title":"Encontrar Meu Distribuidor - Bedfont Scientific Ltd.","og_description":"Encontre o seu distribuidor local abaixo, simplesmente selecionando o pa\u00eds onde se encontra e o produto sobre o qual pretende obter mais informa\u00e7\u00f5es.","og_url":"https:\/\/www.bedfont.com\/pt-pt\/encontrar-meu-distribuidor\/","og_site_name":"Bedfont Scientific Ltd.","article_publisher":"https:\/\/www.facebook.com\/Bedfontltd\/","article_modified_time":"2024-10-10T06:26:16+00:00","twitter_card":"summary_large_image","twitter_site":"@BedfontLtd","schema":{"@context":"https:\/\/schema.org","@graph":[{"@type":"WebPage","@id":"https:\/\/www.bedfont.com\/pt-pt\/encontrar-meu-distribuidor\/","url":"https:\/\/www.bedfont.com\/pt-pt\/encontrar-meu-distribuidor\/","name":"Encontrar Meu Distribuidor - Bedfont Scientific Ltd.","isPartOf":{"@id":"https:\/\/www.bedfont.com\/pt-pt\/#website"},"datePublished":"2023-01-27T16:29:54+00:00","dateModified":"2024-10-10T06:26:16+00:00","description":"Encontre o seu distribuidor local abaixo, simplesmente selecionando o pa\u00eds onde se encontra e o produto sobre o qual pretende obter mais informa\u00e7\u00f5es.","breadcrumb":{"@id":"https:\/\/www.bedfont.com\/pt-pt\/encontrar-meu-distribuidor\/#breadcrumb"},"inLanguage":"pt-PT","potentialAction":[{"@type":"ReadAction","target":["https:\/\/www.bedfont.com\/pt-pt\/encontrar-meu-distribuidor\/"]}]},{"@type":"BreadcrumbList","@id":"https:\/\/www.bedfont.com\/pt-pt\/encontrar-meu-distribuidor\/#breadcrumb","itemListElement":[{"@type":"ListItem","position":1,"name":"Home","item":"https:\/\/www.bedfont.com\/pt-pt\/"},{"@type":"ListItem","position":2,"name":"Encontrar Meu Distribuidor"}]},{"@type":"WebSite","@id":"https:\/\/www.bedfont.com\/pt-pt\/#website","url":"https:\/\/www.bedfont.com\/pt-pt\/","name":"Bedfont Scientific Ltd.","description":"World leaders in breath analysis.","publisher":{"@id":"https:\/\/www.bedfont.com\/pt-pt\/#organization"},"potentialAction":[{"@type":"SearchAction","target":{"@type":"EntryPoint","urlTemplate":"https:\/\/www.bedfont.com\/pt-pt\/?s={search_term_string}"},"query-input":{"@type":"PropertyValueSpecification","valueRequired":true,"valueName":"search_term_string"}}],"inLanguage":"pt-PT"},{"@type":"Organization","@id":"https:\/\/www.bedfont.com\/pt-pt\/#organization","name":"Bedfont Scientific Ltd.","url":"https:\/\/www.bedfont.com\/pt-pt\/","logo":{"@type":"ImageObject","inLanguage":"pt-PT","@id":"https:\/\/www.bedfont.com\/pt-pt\/#\/schema\/logo\/image\/","url":"https:\/\/www.bedfont.com\/wp-content\/uploads\/2023\/06\/logo.png","contentUrl":"https:\/\/www.bedfont.com\/wp-content\/uploads\/2023\/06\/logo.png","width":1600,"height":505,"caption":"Bedfont Scientific Ltd."},"image":{"@id":"https:\/\/www.bedfont.com\/pt-pt\/#\/schema\/logo\/image\/"},"sameAs":["https:\/\/www.facebook.com\/Bedfontltd\/","https:\/\/x.com\/BedfontLtd","https:\/\/www.instagram.com\/bedfontltd\/","https:\/\/www.linkedin.com\/company\/bedfont-scientific-ltd\/","https:\/\/www.youtube.com\/user\/BedfontScientificLtd"]}]}},"_links":{"self":[{"href":"https:\/\/www.bedfont.com\/pt-pt\/wp-json\/wp\/v2\/pages\/3730","targetHints":{"allow":["GET"]}}],"collection":[{"href":"https:\/\/www.bedfont.com\/pt-pt\/wp-json\/wp\/v2\/pages"}],"about":[{"href":"https:\/\/www.bedfont.com\/pt-pt\/wp-json\/wp\/v2\/types\/page"}],"author":[{"embeddable":true,"href":"https:\/\/www.bedfont.com\/pt-pt\/wp-json\/wp\/v2\/users\/6"}],"replies":[{"embeddable":true,"href":"https:\/\/www.bedfont.com\/pt-pt\/wp-json\/wp\/v2\/comments?post=3730"}],"version-history":[{"count":4,"href":"https:\/\/www.bedfont.com\/pt-pt\/wp-json\/wp\/v2\/pages\/3730\/revisions"}],"predecessor-version":[{"id":6671,"href":"https:\/\/www.bedfont.com\/pt-pt\/wp-json\/wp\/v2\/pages\/3730\/revisions\/6671"}],"wp:attachment":[{"href":"https:\/\/www.bedfont.com\/pt-pt\/wp-json\/wp\/v2\/media?parent=3730"}],"curies":[{"name":"wp","href":"https:\/\/api.w.org\/{rel}","templated":true}]}}