{"id":3701,"date":"2023-11-10T13:44:39","date_gmt":"2023-11-10T13:44:39","guid":{"rendered":"https:\/\/bedfont.theprogressteam.com\/terms-and-conditions\/"},"modified":"2024-10-10T09:58:44","modified_gmt":"2024-10-10T09:58:44","slug":"terms-and-conditions","status":"publish","type":"page","link":"https:\/\/www.bedfont.com\/pt-pt\/terms-and-conditions\/","title":{"rendered":"Termos e Condi\u00e7\u00f5es"},"content":{"rendered":"\n<h1 class=\"text-left\">Termos e condi\u00e7\u00f5es <span class=\"blue-text\">de utiliza\u00e7\u00e3o<\/span><\/h1>\n\n<h2 class=\"wp-block-heading\">Introdu\u00e7\u00e3o<\/h2>\n\n<p>Estes termos e condi\u00e7\u00f5es regem a tua utiliza\u00e7\u00e3o do site da <sup>Bedfont\u00ae<\/sup> Scientific Ltd. (referido como &#8220;o site&#8221;).\nConcorda em cumprir e ficar vinculado a estes termos e condi\u00e7\u00f5es ao aceder ao site.\nSe n\u00e3o concordares com qualquer parte destes termos e condi\u00e7\u00f5es, n\u00e3o deves utilizar o site.  <\/p>\n\n<h2 class=\"wp-block-heading\">Defini\u00e7\u00f5es<\/h2>\n\n<p><strong>\u2018Utilizador\u2019 ou \u2018Utilizadores\u2019:<\/strong> Refere-se a qualquer terceiro que aceda a este site ou a qualquer site em conjunto com o Bedfont<sup>\u00ae<\/sup>.<br\/><strong>\u2018Conte\u00fado\u2019:<\/strong> Abrange texto, gr\u00e1ficos, imagens, \u00e1udio, v\u00eddeo, software, compila\u00e7\u00f5es de dados, layout de p\u00e1gina, c\u00f3digo subjacente e qualquer outra informa\u00e7\u00e3o armazenada no Site.<br\/><strong>\u2018Site\u2019:<\/strong> O site que estava a utilizar antes de ser redirecionado para www.bedfont.com. Ou este site. <\/p>\n\n<h2 class=\"wp-block-heading\">Propriedade Intelectual e Utiliza\u00e7\u00e3o Aceit\u00e1vel<\/h2>\n\n<p>Todo o conte\u00fado do site, a n\u00e3o ser que tenha sido carregado pelos utilizadores, \u00e9 propriedade da <sup>Bedfont\u00ae<\/sup> Scientific Ltd. ou das suas afiliadas, estando protegido por direitos de autor, marcas comerciais e outros direitos de propriedade intelectual.<\/p>\n\n<p>Os utilizadores podem recuperar, apresentar e imprimir o Conte\u00fado apenas para uso pessoal e n\u00e3o comercial.\nQualquer outra utiliza\u00e7\u00e3o requer autoriza\u00e7\u00e3o por escrito da <sup>Bedfont\u00ae<\/sup> Scientific Ltd. <\/p>\n\n<h2 class=\"wp-block-heading\">Uso Proibido<\/h2>\n\n<p>Utilizadores n\u00e3o devem:<\/p>\n\n<ul class=\"wp-block-list\">\n<li>Causar danos ao Website ou interferir com a utiliza\u00e7\u00e3o de outros.<\/li>\n\n\n\n<li>Ter um comportamento prejudicial, ilegal, abusivo ou censur\u00e1vel.<\/li>\n\n\n\n<li>Fazer c\u00f3pias n\u00e3o autorizadas de Conte\u00fado protegido por direitos de autor.<\/li>\n<\/ul>\n\n<h2 class=\"wp-block-heading\">Liga\u00e7\u00f5es a outros Websites<\/h2>\n\n<p>O site pode conter links para sites de terceiros.\nA <sup>Bedfont\u00ae<\/sup> Scientific Ltd. n\u00e3o \u00e9 respons\u00e1vel pelo conte\u00fado desses s\u00edtios e declina qualquer responsabilidade por qualquer perda ou dano resultante da sua utiliza\u00e7\u00e3o. <\/p>\n\n<h2 class=\"wp-block-heading\">Pol\u00edtica de Privacidade<\/h2>\n\n<p>A utiliza\u00e7\u00e3o do Website pelo utilizador guia-se pela nossa Pol\u00edtica de de Privacidade, dispon\u00edvel em <a href=\"https:\/\/www.bedfont.com\/privacy-notice\/\">https:\/\/www.bedfont.com\/politica-privacidade\/. <\/a><\/p>\n\n<h2 class=\"wp-block-heading\">Disponibilidade do s\u00edtio Web e isen\u00e7\u00f5es de responsabilidade<\/h2>\n\n<ol class=\"wp-block-list\">\n<li>O Website e os seus servi\u00e7os s\u00e3o fornecidos &#8220;tal como est\u00e3o&#8221; e &#8220;conforme dispon\u00edveis&#8221;, sem qualquer tipo de garantia.<\/li>\n\n\n\n<li>A Bedfont<sup>\u00ae<\/sup> Scientific Ltd. esfor\u00e7a-se por manter o Website seguro e isento de erros, mas n\u00e3o garante a seguran\u00e7a ou a aus\u00eancia de malware.<\/li>\n\n\n\n<li>A Bedfont<sup>\u00ae<\/sup> Scientific Ltd. reserva-se o direito de modificar ou descontinuar qualquer parte do Website sem aviso pr\u00e9vio.<\/li>\n<\/ol>\n\n<h2 class=\"wp-block-heading\">Limita\u00e7\u00e3o da responsabilidade<\/h2>\n\n<ol class=\"wp-block-list\">\n<li>A responsabilidade da Bedfont<sup>\u00ae<\/sup> Scientific Ltd. est\u00e1 limitada \u00e0 extens\u00e3o permitida por lei.<\/li>\n\n\n\n<li>N\u00e3o nos responsabilizamos por eventos fora do nosso controlo razo\u00e1vel.<\/li>\n\n\n\n<li>N\u00e3o nos responsabilizamos por perdas comerciais, corrup\u00e7\u00e3o de dados ou danos indiretos ou consequentes.<\/li>\n<\/ol>\n\n<h2 class=\"wp-block-heading\">Geral<\/h2>\n\n<ol class=\"wp-block-list\">\n<li>Estes termos e condi\u00e7\u00f5es podem ser alterados pela Bedfont<sup>\u00ae<\/sup> Scientific Ltd. em qualquer altura. Os utilizadores devem rev\u00ea-los regularmente. <\/li>\n\n\n\n<li>O presente acordo constitui a totalidade do acordo entre as partes, substituindo todos os acordos anteriores.<\/li>\n\n\n\n<li>Nenhum terceiro tem direitos ao abrigo do presente acordo.<\/li>\n\n\n\n<li>Se algum tribunal ou autoridade considerar inv\u00e1lida qualquer disposi\u00e7\u00e3o destas condi\u00e7\u00f5es, as restantes disposi\u00e7\u00f5es permanecem em vigor.<\/li>\n\n\n\n<li>Estes termos e condi\u00e7\u00f5es s\u00e3o regidos e interpretados de acordo com a lei de Inglaterra e do Pa\u00eds de Gales, e os lit\u00edgios ser\u00e3o sujeitos \u00e0 jurisdi\u00e7\u00e3o exclusiva dos tribunais Ingleses e Galeses.<\/li>\n<\/ol>\n\n<h2 class=\"wp-block-heading\"><sup>Bedfont\u00ae<\/sup> Scientific Ltd.\nDetalhes <\/h2>\n\n<p>A <sup>Bedfont\u00ae<\/sup> Scientific Ltd est\u00e1 registada em Inglaterra e no Pa\u00eds de Gales (N\u00famero de Empresa 01289798) com endere\u00e7o registado em Station Yard, Station Road, Harrietsham, Kent, ME17 1JA.<\/p>\n\n<p>Email: ask@bedfont.com | Phone: +44(0)1622 851122<\/p>\n","protected":false},"excerpt":{"rendered":"<p>Termos e condi\u00e7\u00f5es de utiliza\u00e7\u00e3o Introdu\u00e7\u00e3o Estes termos e condi\u00e7\u00f5es regem a tua utiliza\u00e7\u00e3o do site da Bedfont\u00ae Scientific Ltd. (referido como &#8220;o site&#8221;). Concorda em cumprir e ficar vinculado a estes termos e condi\u00e7\u00f5es ao aceder ao site. Se n\u00e3o concordares com qualquer parte destes termos e condi\u00e7\u00f5es, n\u00e3o deves utilizar o site. Defini\u00e7\u00f5es [&hellip;]<\/p>\n","protected":false},"author":6,"featured_media":0,"parent":0,"menu_order":0,"comment_status":"closed","ping_status":"closed","template":"templates\/page-gutenberg.php","meta":{"_acf_changed":false,"footnotes":""},"class_list":["post-3701","page","type-page","status-publish","hentry"],"acf":[],"yoast_head":"<!-- This site is optimized with the Yoast SEO plugin v27.5 - https:\/\/yoast.com\/product\/yoast-seo-wordpress\/ -->\n<title>Termos e Condi\u00e7\u00f5es - Bedfont Scientific Ltd.<\/title>\n<meta name=\"description\" content=\"Estes termos e condi\u00e7\u00f5es aplicam-se entre si, o Utilizador deste Site, e a Bedfont Scientific Ltd, a propriet\u00e1ria e operadora deste Site.\" \/>\n<meta name=\"robots\" content=\"index, follow, max-snippet:-1, max-image-preview:large, max-video-preview:-1\" \/>\n<link rel=\"canonical\" href=\"https:\/\/www.bedfont.com\/pt-pt\/terms-and-conditions\/\" \/>\n<meta property=\"og:locale\" content=\"pt_PT\" \/>\n<meta property=\"og:type\" content=\"article\" \/>\n<meta property=\"og:title\" content=\"Termos e Condi\u00e7\u00f5es - Bedfont Scientific Ltd.\" \/>\n<meta property=\"og:description\" content=\"Estes termos e condi\u00e7\u00f5es aplicam-se entre si, o Utilizador deste Site, e a Bedfont Scientific Ltd, a propriet\u00e1ria e operadora deste Site.\" \/>\n<meta property=\"og:url\" content=\"https:\/\/www.bedfont.com\/pt-pt\/terms-and-conditions\/\" \/>\n<meta property=\"og:site_name\" content=\"Bedfont Scientific Ltd.\" \/>\n<meta property=\"article:publisher\" content=\"https:\/\/www.facebook.com\/Bedfontltd\/\" \/>\n<meta property=\"article:modified_time\" content=\"2024-10-10T09:58:44+00:00\" \/>\n<meta name=\"twitter:card\" content=\"summary_large_image\" \/>\n<meta name=\"twitter:site\" content=\"@BedfontLtd\" \/>\n<meta name=\"twitter:label1\" content=\"Tempo estimado de leitura\" \/>\n\t<meta name=\"twitter:data1\" content=\"3 minutos\" \/>\n<script type=\"application\/ld+json\" class=\"yoast-schema-graph\">{\"@context\":\"https:\\\/\\\/schema.org\",\"@graph\":[{\"@type\":\"WebPage\",\"@id\":\"https:\\\/\\\/www.bedfont.com\\\/pt-pt\\\/terms-and-conditions\\\/\",\"url\":\"https:\\\/\\\/www.bedfont.com\\\/pt-pt\\\/terms-and-conditions\\\/\",\"name\":\"Termos e Condi\u00e7\u00f5es - Bedfont Scientific Ltd.\",\"isPartOf\":{\"@id\":\"https:\\\/\\\/www.bedfont.com\\\/pt-pt\\\/#website\"},\"datePublished\":\"2023-11-10T13:44:39+00:00\",\"dateModified\":\"2024-10-10T09:58:44+00:00\",\"description\":\"Estes termos e condi\u00e7\u00f5es aplicam-se entre si, o Utilizador deste Site, e a Bedfont Scientific Ltd, a propriet\u00e1ria e operadora deste Site.\",\"breadcrumb\":{\"@id\":\"https:\\\/\\\/www.bedfont.com\\\/pt-pt\\\/terms-and-conditions\\\/#breadcrumb\"},\"inLanguage\":\"pt-PT\",\"potentialAction\":[{\"@type\":\"ReadAction\",\"target\":[\"https:\\\/\\\/www.bedfont.com\\\/pt-pt\\\/terms-and-conditions\\\/\"]}]},{\"@type\":\"BreadcrumbList\",\"@id\":\"https:\\\/\\\/www.bedfont.com\\\/pt-pt\\\/terms-and-conditions\\\/#breadcrumb\",\"itemListElement\":[{\"@type\":\"ListItem\",\"position\":1,\"name\":\"Home\",\"item\":\"https:\\\/\\\/www.bedfont.com\\\/pt-pt\\\/\"},{\"@type\":\"ListItem\",\"position\":2,\"name\":\"Termos e Condi\u00e7\u00f5es\"}]},{\"@type\":\"WebSite\",\"@id\":\"https:\\\/\\\/www.bedfont.com\\\/pt-pt\\\/#website\",\"url\":\"https:\\\/\\\/www.bedfont.com\\\/pt-pt\\\/\",\"name\":\"Bedfont Scientific Ltd.\",\"description\":\"World leaders in breath analysis.\",\"potentialAction\":[{\"@type\":\"SearchAction\",\"target\":{\"@type\":\"EntryPoint\",\"urlTemplate\":\"https:\\\/\\\/www.bedfont.com\\\/pt-pt\\\/?s={search_term_string}\"},\"query-input\":{\"@type\":\"PropertyValueSpecification\",\"valueRequired\":true,\"valueName\":\"search_term_string\"}}],\"inLanguage\":\"pt-PT\"}]}<\/script>\n<!-- \/ Yoast SEO plugin. -->","yoast_head_json":{"title":"Termos e Condi\u00e7\u00f5es - Bedfont Scientific Ltd.","description":"Estes termos e condi\u00e7\u00f5es aplicam-se entre si, o Utilizador deste Site, e a Bedfont Scientific Ltd, a propriet\u00e1ria e operadora deste Site.","robots":{"index":"index","follow":"follow","max-snippet":"max-snippet:-1","max-image-preview":"max-image-preview:large","max-video-preview":"max-video-preview:-1"},"canonical":"https:\/\/www.bedfont.com\/pt-pt\/terms-and-conditions\/","og_locale":"pt_PT","og_type":"article","og_title":"Termos e Condi\u00e7\u00f5es - Bedfont Scientific Ltd.","og_description":"Estes termos e condi\u00e7\u00f5es aplicam-se entre si, o Utilizador deste Site, e a Bedfont Scientific Ltd, a propriet\u00e1ria e operadora deste Site.","og_url":"https:\/\/www.bedfont.com\/pt-pt\/terms-and-conditions\/","og_site_name":"Bedfont Scientific Ltd.","article_publisher":"https:\/\/www.facebook.com\/Bedfontltd\/","article_modified_time":"2024-10-10T09:58:44+00:00","twitter_card":"summary_large_image","twitter_site":"@BedfontLtd","twitter_misc":{"Tempo estimado de leitura":"3 minutos"},"schema":{"@context":"https:\/\/schema.org","@graph":[{"@type":"WebPage","@id":"https:\/\/www.bedfont.com\/pt-pt\/terms-and-conditions\/","url":"https:\/\/www.bedfont.com\/pt-pt\/terms-and-conditions\/","name":"Termos e Condi\u00e7\u00f5es - Bedfont Scientific Ltd.","isPartOf":{"@id":"https:\/\/www.bedfont.com\/pt-pt\/#website"},"datePublished":"2023-11-10T13:44:39+00:00","dateModified":"2024-10-10T09:58:44+00:00","description":"Estes termos e condi\u00e7\u00f5es aplicam-se entre si, o Utilizador deste Site, e a Bedfont Scientific Ltd, a propriet\u00e1ria e operadora deste Site.","breadcrumb":{"@id":"https:\/\/www.bedfont.com\/pt-pt\/terms-and-conditions\/#breadcrumb"},"inLanguage":"pt-PT","potentialAction":[{"@type":"ReadAction","target":["https:\/\/www.bedfont.com\/pt-pt\/terms-and-conditions\/"]}]},{"@type":"BreadcrumbList","@id":"https:\/\/www.bedfont.com\/pt-pt\/terms-and-conditions\/#breadcrumb","itemListElement":[{"@type":"ListItem","position":1,"name":"Home","item":"https:\/\/www.bedfont.com\/pt-pt\/"},{"@type":"ListItem","position":2,"name":"Termos e Condi\u00e7\u00f5es"}]},{"@type":"WebSite","@id":"https:\/\/www.bedfont.com\/pt-pt\/#website","url":"https:\/\/www.bedfont.com\/pt-pt\/","name":"Bedfont Scientific Ltd.","description":"World leaders in breath analysis.","potentialAction":[{"@type":"SearchAction","target":{"@type":"EntryPoint","urlTemplate":"https:\/\/www.bedfont.com\/pt-pt\/?s={search_term_string}"},"query-input":{"@type":"PropertyValueSpecification","valueRequired":true,"valueName":"search_term_string"}}],"inLanguage":"pt-PT"}]}},"_links":{"self":[{"href":"https:\/\/www.bedfont.com\/pt-pt\/wp-json\/wp\/v2\/pages\/3701","targetHints":{"allow":["GET"]}}],"collection":[{"href":"https:\/\/www.bedfont.com\/pt-pt\/wp-json\/wp\/v2\/pages"}],"about":[{"href":"https:\/\/www.bedfont.com\/pt-pt\/wp-json\/wp\/v2\/types\/page"}],"author":[{"embeddable":true,"href":"https:\/\/www.bedfont.com\/pt-pt\/wp-json\/wp\/v2\/users\/6"}],"replies":[{"embeddable":true,"href":"https:\/\/www.bedfont.com\/pt-pt\/wp-json\/wp\/v2\/comments?post=3701"}],"version-history":[{"count":3,"href":"https:\/\/www.bedfont.com\/pt-pt\/wp-json\/wp\/v2\/pages\/3701\/revisions"}],"predecessor-version":[{"id":6843,"href":"https:\/\/www.bedfont.com\/pt-pt\/wp-json\/wp\/v2\/pages\/3701\/revisions\/6843"}],"wp:attachment":[{"href":"https:\/\/www.bedfont.com\/pt-pt\/wp-json\/wp\/v2\/media?parent=3701"}],"curies":[{"name":"wp","href":"https:\/\/api.w.org\/{rel}","templated":true}]}}