{"id":3675,"date":"2023-03-14T14:33:33","date_gmt":"2023-03-14T14:33:33","guid":{"rendered":"https:\/\/bedfont.theprogressteam.com\/peca-um-orcamento\/"},"modified":"2025-02-04T11:58:57","modified_gmt":"2025-02-04T11:58:57","slug":"peca-um-orcamento","status":"publish","type":"page","link":"https:\/\/www.bedfont.com\/pt-pt\/peca-um-orcamento\/","title":{"rendered":"Pe\u00e7a um Or\u00e7amento"},"content":{"rendered":"\n<h1 class=\"wp-block-heading has-text-align-center\">Pe\u00e7a um Or\u00e7amento<\/h1>\n\n\n\n<p class=\"has-text-align-center col-12 col-md-8 mx-auto text-center mb-5\">A Bedfont<sup>\u00ae<\/sup> opera atrav\u00e9s de uma rede de distribuidores cuidadosamente selecionados em todo o mundo, que partilham o nosso objetivo de inovar e melhorar os cuidados de sa\u00fade atrav\u00e9s de an\u00e1lises respirat\u00f3rias r\u00e1pidas e n\u00e3o invasivas. Para ser contactado pelo seu distribuidor local e receber um or\u00e7amento personalizado, informe-nos de onde \u00e9 e em que produtos tem interesse, preenchendo o formul\u00e1rio abaixo:  <\/p>\n\n\n\n<div class=\"request-a-quote p-4\">\n<script charset=\"utf-8\" type=\"text\/javascript\" src=\"\/\/js.hsforms.net\/forms\/embed\/v2.js\"><\/script>\n<script>\n  hbspt.forms.create({\n    portalId: \"6295439\",\n    formId: \"25d235b8-fa1c-496e-8fac-a67319625b5d\"\n  });\n<\/script>\n<\/div>\n\n\n\n<p><\/p>\n","protected":false},"excerpt":{"rendered":"<p>Pe\u00e7a um Or\u00e7amento A Bedfont\u00ae opera atrav\u00e9s de uma rede de distribuidores cuidadosamente selecionados em todo o mundo, que partilham o nosso objetivo de inovar e melhorar os cuidados de sa\u00fade atrav\u00e9s de an\u00e1lises respirat\u00f3rias r\u00e1pidas e n\u00e3o invasivas. Para ser contactado pelo seu distribuidor local e receber um or\u00e7amento personalizado, informe-nos de onde \u00e9 [&hellip;]<\/p>\n","protected":false},"author":6,"featured_media":0,"parent":0,"menu_order":0,"comment_status":"closed","ping_status":"closed","template":"templates\/page-gutenberg.php","meta":{"_acf_changed":false,"footnotes":""},"class_list":["post-3675","page","type-page","status-publish","hentry"],"acf":[],"yoast_head":"<!-- This site is optimized with the Yoast SEO plugin v27.5 - https:\/\/yoast.com\/product\/yoast-seo-wordpress\/ -->\n<title>Pe\u00e7a um Or\u00e7amento - Bedfont Scientific Ltd.<\/title>\n<meta name=\"description\" content=\"Para ser contactado pelo seu distribuidor local e receber um or\u00e7amento personalizado, preencha o formul\u00e1rio abaixo e eles entrar\u00e3o em contacto consigo.\" \/>\n<meta name=\"robots\" content=\"index, follow, max-snippet:-1, max-image-preview:large, max-video-preview:-1\" \/>\n<link rel=\"canonical\" href=\"https:\/\/www.bedfont.com\/pt-pt\/peca-um-orcamento\/\" \/>\n<meta property=\"og:locale\" content=\"pt_PT\" \/>\n<meta property=\"og:type\" content=\"article\" \/>\n<meta property=\"og:title\" content=\"Pe\u00e7a um Or\u00e7amento - Bedfont Scientific Ltd.\" \/>\n<meta property=\"og:description\" content=\"Para ser contactado pelo seu distribuidor local e receber um or\u00e7amento personalizado, preencha o formul\u00e1rio abaixo e eles entrar\u00e3o em contacto consigo.\" \/>\n<meta property=\"og:url\" content=\"https:\/\/www.bedfont.com\/pt-pt\/peca-um-orcamento\/\" \/>\n<meta property=\"og:site_name\" content=\"Bedfont Scientific Ltd.\" \/>\n<meta property=\"article:publisher\" content=\"https:\/\/www.facebook.com\/Bedfontltd\/\" \/>\n<meta property=\"article:modified_time\" content=\"2025-02-04T11:58:57+00:00\" \/>\n<meta name=\"twitter:card\" content=\"summary_large_image\" \/>\n<meta name=\"twitter:site\" content=\"@BedfontLtd\" \/>\n<meta name=\"twitter:label1\" content=\"Tempo estimado de leitura\" \/>\n\t<meta name=\"twitter:data1\" content=\"1 minuto\" \/>\n<script type=\"application\/ld+json\" class=\"yoast-schema-graph\">{\"@context\":\"https:\\\/\\\/schema.org\",\"@graph\":[{\"@type\":\"WebPage\",\"@id\":\"https:\\\/\\\/www.bedfont.com\\\/pt-pt\\\/peca-um-orcamento\\\/\",\"url\":\"https:\\\/\\\/www.bedfont.com\\\/pt-pt\\\/peca-um-orcamento\\\/\",\"name\":\"Pe\u00e7a um Or\u00e7amento - Bedfont Scientific Ltd.\",\"isPartOf\":{\"@id\":\"https:\\\/\\\/www.bedfont.com\\\/pt-pt\\\/#website\"},\"datePublished\":\"2023-03-14T14:33:33+00:00\",\"dateModified\":\"2025-02-04T11:58:57+00:00\",\"description\":\"Para ser contactado pelo seu distribuidor local e receber um or\u00e7amento personalizado, preencha o formul\u00e1rio abaixo e eles entrar\u00e3o em contacto consigo.\",\"breadcrumb\":{\"@id\":\"https:\\\/\\\/www.bedfont.com\\\/pt-pt\\\/peca-um-orcamento\\\/#breadcrumb\"},\"inLanguage\":\"pt-PT\",\"potentialAction\":[{\"@type\":\"ReadAction\",\"target\":[\"https:\\\/\\\/www.bedfont.com\\\/pt-pt\\\/peca-um-orcamento\\\/\"]}]},{\"@type\":\"BreadcrumbList\",\"@id\":\"https:\\\/\\\/www.bedfont.com\\\/pt-pt\\\/peca-um-orcamento\\\/#breadcrumb\",\"itemListElement\":[{\"@type\":\"ListItem\",\"position\":1,\"name\":\"Home\",\"item\":\"https:\\\/\\\/www.bedfont.com\\\/pt-pt\\\/\"},{\"@type\":\"ListItem\",\"position\":2,\"name\":\"Pe\u00e7a um Or\u00e7amento\"}]},{\"@type\":\"WebSite\",\"@id\":\"https:\\\/\\\/www.bedfont.com\\\/pt-pt\\\/#website\",\"url\":\"https:\\\/\\\/www.bedfont.com\\\/pt-pt\\\/\",\"name\":\"Bedfont Scientific Ltd.\",\"description\":\"World leaders in breath analysis.\",\"potentialAction\":[{\"@type\":\"SearchAction\",\"target\":{\"@type\":\"EntryPoint\",\"urlTemplate\":\"https:\\\/\\\/www.bedfont.com\\\/pt-pt\\\/?s={search_term_string}\"},\"query-input\":{\"@type\":\"PropertyValueSpecification\",\"valueRequired\":true,\"valueName\":\"search_term_string\"}}],\"inLanguage\":\"pt-PT\"}]}<\/script>\n<!-- \/ Yoast SEO plugin. -->","yoast_head_json":{"title":"Pe\u00e7a um Or\u00e7amento - Bedfont Scientific Ltd.","description":"Para ser contactado pelo seu distribuidor local e receber um or\u00e7amento personalizado, preencha o formul\u00e1rio abaixo e eles entrar\u00e3o em contacto consigo.","robots":{"index":"index","follow":"follow","max-snippet":"max-snippet:-1","max-image-preview":"max-image-preview:large","max-video-preview":"max-video-preview:-1"},"canonical":"https:\/\/www.bedfont.com\/pt-pt\/peca-um-orcamento\/","og_locale":"pt_PT","og_type":"article","og_title":"Pe\u00e7a um Or\u00e7amento - Bedfont Scientific Ltd.","og_description":"Para ser contactado pelo seu distribuidor local e receber um or\u00e7amento personalizado, preencha o formul\u00e1rio abaixo e eles entrar\u00e3o em contacto consigo.","og_url":"https:\/\/www.bedfont.com\/pt-pt\/peca-um-orcamento\/","og_site_name":"Bedfont Scientific Ltd.","article_publisher":"https:\/\/www.facebook.com\/Bedfontltd\/","article_modified_time":"2025-02-04T11:58:57+00:00","twitter_card":"summary_large_image","twitter_site":"@BedfontLtd","twitter_misc":{"Tempo estimado de leitura":"1 minuto"},"schema":{"@context":"https:\/\/schema.org","@graph":[{"@type":"WebPage","@id":"https:\/\/www.bedfont.com\/pt-pt\/peca-um-orcamento\/","url":"https:\/\/www.bedfont.com\/pt-pt\/peca-um-orcamento\/","name":"Pe\u00e7a um Or\u00e7amento - Bedfont Scientific Ltd.","isPartOf":{"@id":"https:\/\/www.bedfont.com\/pt-pt\/#website"},"datePublished":"2023-03-14T14:33:33+00:00","dateModified":"2025-02-04T11:58:57+00:00","description":"Para ser contactado pelo seu distribuidor local e receber um or\u00e7amento personalizado, preencha o formul\u00e1rio abaixo e eles entrar\u00e3o em contacto consigo.","breadcrumb":{"@id":"https:\/\/www.bedfont.com\/pt-pt\/peca-um-orcamento\/#breadcrumb"},"inLanguage":"pt-PT","potentialAction":[{"@type":"ReadAction","target":["https:\/\/www.bedfont.com\/pt-pt\/peca-um-orcamento\/"]}]},{"@type":"BreadcrumbList","@id":"https:\/\/www.bedfont.com\/pt-pt\/peca-um-orcamento\/#breadcrumb","itemListElement":[{"@type":"ListItem","position":1,"name":"Home","item":"https:\/\/www.bedfont.com\/pt-pt\/"},{"@type":"ListItem","position":2,"name":"Pe\u00e7a um Or\u00e7amento"}]},{"@type":"WebSite","@id":"https:\/\/www.bedfont.com\/pt-pt\/#website","url":"https:\/\/www.bedfont.com\/pt-pt\/","name":"Bedfont Scientific Ltd.","description":"World leaders in breath analysis.","potentialAction":[{"@type":"SearchAction","target":{"@type":"EntryPoint","urlTemplate":"https:\/\/www.bedfont.com\/pt-pt\/?s={search_term_string}"},"query-input":{"@type":"PropertyValueSpecification","valueRequired":true,"valueName":"search_term_string"}}],"inLanguage":"pt-PT"}]}},"_links":{"self":[{"href":"https:\/\/www.bedfont.com\/pt-pt\/wp-json\/wp\/v2\/pages\/3675","targetHints":{"allow":["GET"]}}],"collection":[{"href":"https:\/\/www.bedfont.com\/pt-pt\/wp-json\/wp\/v2\/pages"}],"about":[{"href":"https:\/\/www.bedfont.com\/pt-pt\/wp-json\/wp\/v2\/types\/page"}],"author":[{"embeddable":true,"href":"https:\/\/www.bedfont.com\/pt-pt\/wp-json\/wp\/v2\/users\/6"}],"replies":[{"embeddable":true,"href":"https:\/\/www.bedfont.com\/pt-pt\/wp-json\/wp\/v2\/comments?post=3675"}],"version-history":[{"count":4,"href":"https:\/\/www.bedfont.com\/pt-pt\/wp-json\/wp\/v2\/pages\/3675\/revisions"}],"predecessor-version":[{"id":7771,"href":"https:\/\/www.bedfont.com\/pt-pt\/wp-json\/wp\/v2\/pages\/3675\/revisions\/7771"}],"wp:attachment":[{"href":"https:\/\/www.bedfont.com\/pt-pt\/wp-json\/wp\/v2\/media?parent=3675"}],"curies":[{"name":"wp","href":"https:\/\/api.w.org\/{rel}","templated":true}]}}