{"id":3629,"date":"2023-04-06T08:13:17","date_gmt":"2023-04-06T08:13:17","guid":{"rendered":"https:\/\/bedfont.theprogressteam.com\/politica-de-privacidade\/"},"modified":"2024-10-10T08:45:11","modified_gmt":"2024-10-10T08:45:11","slug":"politica-de-privacidade","status":"publish","type":"page","link":"https:\/\/www.bedfont.com\/pt-pt\/politica-de-privacidade\/","title":{"rendered":"Pol\u00edtica de Privacidade"},"content":{"rendered":"\n<h1 class=\"text-left\"><span class=\"blue-text\">Pol\u00edtica de Privacidade <\/span><\/h1>\n\n<p>Esta Pol\u00edtica de Privacidade aplica-se a si, o Utilizador de websites geridos pela Bedfont Scientific Ltd. A Bedfont Scientific Ltd., a empresa que possui e opera esses websites, prioriza a privacidade de suas informa\u00e7\u00f5es. Este aviso rege a utiliza\u00e7\u00e3o de quaisquer dados recolhidos por n\u00f3s ou fornecidos por si durante a utiliza\u00e7\u00e3o destes websites, bem como quaisquer dados recolhidos atrav\u00e9s de eventos, exposi\u00e7\u00f5es ou outras intera\u00e7\u00f5es com a Bedfont Scientific Ltd.  <\/p>\n\n<p>Estes websites incluem<br\/><a href=\"https:\/\/www.bedfont.com\/\" target=\"_blank\" rel=\"noreferrer noopener\">www.bedfont.com<\/a><br\/><a href=\"https:\/\/www.nobreathfeno.com\/\" target=\"_blank\" rel=\"noreferrer noopener\">www.nobreathfeno.com<\/a><br\/><a href=\"https:\/\/www.gastrolyzer.com\/\" target=\"_blank\" rel=\"noreferrer noopener\">www.gastrolyzer.com<\/a><br\/><a href=\"https:\/\/www.bedfont-distributor.com\/\" target=\"_blank\" rel=\"noreferrer noopener\">www.bedfont-distributor.com<\/a><br\/><a href=\"https:\/\/www.icoquit.com\/\" target=\"_blank\" rel=\"noreferrer noopener\">www.icoquit.com<\/a><br\/><a href=\"https:\/\/www.toxco.com\/\" target=\"_blank\" rel=\"noreferrer noopener\">www.toxco.co.uk<\/a><br\/><a href=\"https:\/\/www.fenobreath.bedfont.com\/\" target=\"_blank\" rel=\"noreferrer noopener\">www.fenobreath.bedfont.com<\/a><br\/><a href=\"https:\/\/www.breathacise.com\/\" target=\"_blank\" rel=\"noreferrer noopener\">www.breathacise.com<\/a><br\/><a href=\"https:\/\/resources.bedfont.com\/\" target=\"_blank\" rel=\"noreferrer noopener\">resources.bedfont.com<\/a><\/p>\n\n<h2 class=\"wp-block-heading\">Defini\u00e7\u00f5es<\/h2>\n\n<p><strong>Dados<\/strong>: Todas as informa\u00e7\u00f5es enviadas \u00e0 Bedfont<sup>\u00ae<\/sup> Scientific Ltd. atrav\u00e9s de qualquer um dos websites listados acima.<br\/><strong>Cookies<\/strong>: Pequenos arquivos de texto colocados no seu computador por qualquer um dos Websites acima.<br\/><strong>Leis de Prote\u00e7\u00e3o de Dados<\/strong>: Quaisquer leis aplic\u00e1veis \u200b\u200brelacionadas ao processamento de Dados pessoais.<br\/><strong>GDPR<\/strong>: Regulamento Geral de Prote\u00e7\u00e3o de Dados (UE) 2016\/679.<br\/><strong>Bedfont<sup>\u00ae<\/sup> Scientific Ltd., n\u00f3s, ou n\u00f3s<\/strong>: Bedfont<sup>\u00ae<\/sup> Scientific Ltd., uma empresa constitu\u00edda na Inglaterra e no Pa\u00eds de Gales.<br\/><strong>Utilizador ou voc\u00ea<\/strong>: Qualquer terceiro que acesse qualquer um dos websites listados acima.<br\/><strong>Site:<\/strong> O site que voc\u00ea estava usando antes de ser redirecionado para www.bedfont.com. Ou este website. <\/p>\n\n<h2 class=\"wp-block-heading\">\u00c2mbito<\/h2>\n\n<p>Esta Pol\u00edtica de Privacidade aplica-se exclusivamente \u00e0s a\u00e7\u00f5es da Bedfont<sup>\u00ae<\/sup> Scientific Ltd. e dos utilizadores face a este e quaisquer outros Websites de nossa propriedade ou operados, excluindo websites de redes sociais. Para obter informa\u00e7\u00f5es sobre as pr\u00e1ticas de privacidade em websites de redes sociais ou quaisquer outros sites de terceiros, consulte as respectivas pol\u00edticas de privacidade desses websites . <\/p>\n\n<h2 class=\"wp-block-heading\">Recolha de dados<\/h2>\n\n<p>Podemos recolher os seguintes dados seus:<\/p>\n\n<ul class=\"wp-block-list\">\n<li>Nome<\/li>\n\n\n\n<li>Informa\u00e7\u00f5es de contato (endere\u00e7os de e-mail e n\u00fameros de telefone)<\/li>\n\n\n\n<li>Informa\u00e7\u00f5es da empresa (nome, cargo e endere\u00e7o)<\/li>\n\n\n\n<li>Informa\u00e7\u00f5es demogr\u00e1ficas (c\u00f3digo postal, prefer\u00eancias e interesses)<\/li>\n\n\n\n<li>Endere\u00e7o IP, tipo e vers\u00e3o do navegador da web<\/li>\n\n\n\n<li>URLs, a sua atividade neste website e sites a que acede<\/li>\n\n\n\n<li>Visualiza\u00e7\u00f5es de v\u00eddeos incorporados<\/li>\n<\/ul>\n\n<p>Al\u00e9m dos dados recolhidos diretamente de si, tamb\u00e9m podemos utilizar ferramentas de terceiros, como o HubSpot, para recolher informa\u00e7\u00f5es relacionadas com a sua intera\u00e7\u00e3o com o nosso website. Isto pode incluir informa\u00e7\u00f5es como visualiza\u00e7\u00f5es de p\u00e1ginas, cliques e envios de formul\u00e1rios. <\/p>\n\n<h2 class=\"wp-block-heading\">Como S\u00e3o Recolhidos os Dados<\/h2>\n\n<p>Os dados s\u00e3o recolhidos das seguintes maneiras:<\/p>\n\n<ul class=\"wp-block-list\">\n<li>Fornecidos por si (atrav\u00e9s de v\u00e1rias formas, online, incluindo intera\u00e7\u00e3o com os nossos websites e participa\u00e7\u00e3o em eventos, exposi\u00e7\u00f5es ou outras intera\u00e7\u00f5es off-line organizadas ou com a participa\u00e7\u00e3o da Bedfont<sup>\u00ae<\/sup>)<\/li>\n\n\n\n<li>Recolhidos automaticamente por meio da intera\u00e7\u00e3o com nosso site (endere\u00e7o IP, tipo e vers\u00e3o do browser, URLs visitados, sua atividade em nosso(s) site(s) e websites a que acede)<\/li>\n<\/ul>\n\n<h2 class=\"wp-block-heading\">Uso de Dados<\/h2>\n\n<p>Os seus dados podem ser usados para:<\/p>\n\n<ul class=\"wp-block-list\">\n<li>Registos internos (armazenamento de registos das suas intera\u00e7\u00f5es com os nossos websites e produtos\/servi\u00e7os)<\/li>\n\n\n\n<li>Melhorar nossos produtos\/servi\u00e7os (analisar dados para entender as prefer\u00eancias e o comportamento do usu\u00e1rio para ajudar a melhorar a experi\u00eancia)<\/li>\n\n\n\n<li>Comunica\u00e7\u00f5es de marketing sobre os nossos produtos ou eventos (enviar-lhe comunica\u00e7\u00f5es de marketing sobre os nossos produtos, servi\u00e7os ou eventos, apenas com o seu consentimento)<\/li>\n\n\n\n<li>Personalizar ou atualizar o Website (os seus dados ser\u00e3o usados para melhorar o desempenho do(s) nosso(s) website(s), \u00e0 medida que analisamos os dados de como o(s) website(s) s\u00e3o utilizados)<\/li>\n<\/ul>\n\n<h2 class=\"wp-block-heading\">Partilha de Dados<\/h2>\n\n<p>Poderemos Partilhar os seus dados com:<\/p>\n\n<ul class=\"wp-block-list\">\n<li>Os nossos funcion\u00e1rios, agentes e\/ou consultores profissionais (para enviar material de marketing e obter aconselhamento de consultores profissionais)<\/li>\n\n\n\n<li>Os Nossos Distribuidores<\/li>\n<\/ul>\n\n<h2 class=\"wp-block-heading\">Seguran\u00e7a de Dados<\/h2>\n\n<p>Aplicamos medidas t\u00e9cnicas e organizacionais para proteger os seus dados. Estas medidas incluem o armazenamento de dados em servidores seguros e a forma como lidamos com quaisquer suspeitas de viola\u00e7\u00e3o de dados. Se suspeitar de qualquer uso indevido, perda ou acesso n\u00e3o autorizado aos seus dados, informe-nos imediatamente entrando em contato conosco atrav\u00e9s do email <a href=\"\" title=\"\">ask@bedfont.com<\/a>.  <\/p>\n\n<h2 class=\"wp-block-heading\">Reten\u00e7\u00e3o de Dados<\/h2>\n\n<p>De acordo com a nossa pol\u00edtica GDPR, os seus Dados ser\u00e3o retidos por um per\u00edodo m\u00e1ximo de 3 anos se n\u00e3o houver atividade ou intera\u00e7\u00e3o connosco durante esse per\u00edodo. Se continuar a interagir conosco, manteremos os seus dados at\u00e9 que voc\u00ea solicite a remo\u00e7\u00e3o ou deixe de interagir por 3 anos. <\/p>\n\n<h2 class=\"wp-block-heading\">Os seus direitos<\/h2>\n\n<p>Tem o direito a aceder, corrigir, apagar, restringir o uso, portar e opor-se ao uso dos seus Dados. Para exercer estes direitos ou retirar o consentimento, contacte-nos atrav\u00e9s de <a href=\"\" title=\"\">ask@bedfont.com<\/a>. <\/p>\n\n<h2 class=\"wp-block-heading\">Liga\u00e7\u00f5es a outros Websites<\/h2>\n\n<p>Este Website pode fornecer links para websites de terceiros. N\u00e3o temos controlo sobre esses websites e n\u00e3o somos respons\u00e1veis pelas suas pr\u00e1ticas de privacidade. Este Aviso de Privacidade aplica-se exclusivamente \u00e0s a\u00e7\u00f5es da Bedfont<sup>\u00ae<\/sup> Scientific Ltd. e dos Usu\u00e1rios em rela\u00e7\u00e3o a este Site e quaisquer outros websites de propriedade ou operados pela Bedfont<sup>\u00ae<\/sup>, excluindo websites de redes sociais.  <\/p>\n\n<h2 class=\"wp-block-heading\">Mudan\u00e7as a esta Pol\u00edtica de Privacidade<\/h2>\n\n<p>Bedfont<sup>\u00ae<\/sup> Scientific Ltd. reserva-se o direito de alterar esta Pol\u00edtica de Privacidade conforme necess\u00e1rio. Quaisquer altera\u00e7\u00f5es ser\u00e3o publicadas no Site. <\/p>\n\n<p><strong>Atualizado em: Mar\u00e7o de 2024<\/strong><\/p>\n","protected":false},"excerpt":{"rendered":"<p>Pol\u00edtica de Privacidade Esta Pol\u00edtica de Privacidade aplica-se a si, o Utilizador de websites geridos pela Bedfont Scientific Ltd. A Bedfont Scientific Ltd., a empresa que possui e opera esses websites, prioriza a privacidade de suas informa\u00e7\u00f5es. Este aviso rege a utiliza\u00e7\u00e3o de quaisquer dados recolhidos por n\u00f3s ou fornecidos por si durante a utiliza\u00e7\u00e3o [&hellip;]<\/p>\n","protected":false},"author":6,"featured_media":0,"parent":0,"menu_order":0,"comment_status":"closed","ping_status":"closed","template":"templates\/page-gutenberg.php","meta":{"_acf_changed":false,"footnotes":""},"class_list":["post-3629","page","type-page","status-publish","hentry"],"acf":[],"yoast_head":"<!-- This site is optimized with the Yoast SEO plugin v27.5 - https:\/\/yoast.com\/product\/yoast-seo-wordpress\/ -->\n<title>Pol\u00edtica de Privacidade - Bedfont Scientific Ltd.<\/title>\n<meta name=\"description\" content=\"Este Aviso de Privacidade aplica-se a ti, o Utilizador dos websites geridos por Bedfont. Bedfont d\u00e1 prioridade \u00e0 privacidade da tua informa\u00e7\u00e3o.\" \/>\n<meta name=\"robots\" content=\"index, follow, max-snippet:-1, max-image-preview:large, max-video-preview:-1\" \/>\n<link rel=\"canonical\" href=\"https:\/\/www.bedfont.com\/pt-pt\/politica-de-privacidade\/\" \/>\n<meta property=\"og:locale\" content=\"pt_PT\" \/>\n<meta property=\"og:type\" content=\"article\" \/>\n<meta property=\"og:title\" content=\"Pol\u00edtica de Privacidade - Bedfont Scientific Ltd.\" \/>\n<meta property=\"og:description\" content=\"Este Aviso de Privacidade aplica-se a ti, o Utilizador dos websites geridos por Bedfont. Bedfont d\u00e1 prioridade \u00e0 privacidade da tua informa\u00e7\u00e3o.\" \/>\n<meta property=\"og:url\" content=\"https:\/\/www.bedfont.com\/pt-pt\/politica-de-privacidade\/\" \/>\n<meta property=\"og:site_name\" content=\"Bedfont Scientific Ltd.\" \/>\n<meta property=\"article:publisher\" content=\"https:\/\/www.facebook.com\/Bedfontltd\/\" \/>\n<meta property=\"article:modified_time\" content=\"2024-10-10T08:45:11+00:00\" \/>\n<meta name=\"twitter:card\" content=\"summary_large_image\" \/>\n<meta name=\"twitter:site\" content=\"@BedfontLtd\" \/>\n<meta name=\"twitter:label1\" content=\"Tempo estimado de leitura\" \/>\n\t<meta name=\"twitter:data1\" content=\"5 minutos\" \/>\n<script type=\"application\/ld+json\" class=\"yoast-schema-graph\">{\"@context\":\"https:\\\/\\\/schema.org\",\"@graph\":[{\"@type\":\"WebPage\",\"@id\":\"https:\\\/\\\/www.bedfont.com\\\/pt-pt\\\/politica-de-privacidade\\\/\",\"url\":\"https:\\\/\\\/www.bedfont.com\\\/pt-pt\\\/politica-de-privacidade\\\/\",\"name\":\"Pol\u00edtica de Privacidade - Bedfont Scientific Ltd.\",\"isPartOf\":{\"@id\":\"https:\\\/\\\/www.bedfont.com\\\/pt-pt\\\/#website\"},\"datePublished\":\"2023-04-06T08:13:17+00:00\",\"dateModified\":\"2024-10-10T08:45:11+00:00\",\"description\":\"Este Aviso de Privacidade aplica-se a ti, o Utilizador dos websites geridos por Bedfont. Bedfont d\u00e1 prioridade \u00e0 privacidade da tua informa\u00e7\u00e3o.\",\"breadcrumb\":{\"@id\":\"https:\\\/\\\/www.bedfont.com\\\/pt-pt\\\/politica-de-privacidade\\\/#breadcrumb\"},\"inLanguage\":\"pt-PT\",\"potentialAction\":[{\"@type\":\"ReadAction\",\"target\":[\"https:\\\/\\\/www.bedfont.com\\\/pt-pt\\\/politica-de-privacidade\\\/\"]}]},{\"@type\":\"BreadcrumbList\",\"@id\":\"https:\\\/\\\/www.bedfont.com\\\/pt-pt\\\/politica-de-privacidade\\\/#breadcrumb\",\"itemListElement\":[{\"@type\":\"ListItem\",\"position\":1,\"name\":\"Home\",\"item\":\"https:\\\/\\\/www.bedfont.com\\\/pt-pt\\\/\"},{\"@type\":\"ListItem\",\"position\":2,\"name\":\"Pol\u00edtica de Privacidade\"}]},{\"@type\":\"WebSite\",\"@id\":\"https:\\\/\\\/www.bedfont.com\\\/pt-pt\\\/#website\",\"url\":\"https:\\\/\\\/www.bedfont.com\\\/pt-pt\\\/\",\"name\":\"Bedfont Scientific Ltd.\",\"description\":\"World leaders in breath analysis.\",\"potentialAction\":[{\"@type\":\"SearchAction\",\"target\":{\"@type\":\"EntryPoint\",\"urlTemplate\":\"https:\\\/\\\/www.bedfont.com\\\/pt-pt\\\/?s={search_term_string}\"},\"query-input\":{\"@type\":\"PropertyValueSpecification\",\"valueRequired\":true,\"valueName\":\"search_term_string\"}}],\"inLanguage\":\"pt-PT\"}]}<\/script>\n<!-- \/ Yoast SEO plugin. -->","yoast_head_json":{"title":"Pol\u00edtica de Privacidade - Bedfont Scientific Ltd.","description":"Este Aviso de Privacidade aplica-se a ti, o Utilizador dos websites geridos por Bedfont. Bedfont d\u00e1 prioridade \u00e0 privacidade da tua informa\u00e7\u00e3o.","robots":{"index":"index","follow":"follow","max-snippet":"max-snippet:-1","max-image-preview":"max-image-preview:large","max-video-preview":"max-video-preview:-1"},"canonical":"https:\/\/www.bedfont.com\/pt-pt\/politica-de-privacidade\/","og_locale":"pt_PT","og_type":"article","og_title":"Pol\u00edtica de Privacidade - Bedfont Scientific Ltd.","og_description":"Este Aviso de Privacidade aplica-se a ti, o Utilizador dos websites geridos por Bedfont. Bedfont d\u00e1 prioridade \u00e0 privacidade da tua informa\u00e7\u00e3o.","og_url":"https:\/\/www.bedfont.com\/pt-pt\/politica-de-privacidade\/","og_site_name":"Bedfont Scientific Ltd.","article_publisher":"https:\/\/www.facebook.com\/Bedfontltd\/","article_modified_time":"2024-10-10T08:45:11+00:00","twitter_card":"summary_large_image","twitter_site":"@BedfontLtd","twitter_misc":{"Tempo estimado de leitura":"5 minutos"},"schema":{"@context":"https:\/\/schema.org","@graph":[{"@type":"WebPage","@id":"https:\/\/www.bedfont.com\/pt-pt\/politica-de-privacidade\/","url":"https:\/\/www.bedfont.com\/pt-pt\/politica-de-privacidade\/","name":"Pol\u00edtica de Privacidade - Bedfont Scientific Ltd.","isPartOf":{"@id":"https:\/\/www.bedfont.com\/pt-pt\/#website"},"datePublished":"2023-04-06T08:13:17+00:00","dateModified":"2024-10-10T08:45:11+00:00","description":"Este Aviso de Privacidade aplica-se a ti, o Utilizador dos websites geridos por Bedfont. Bedfont d\u00e1 prioridade \u00e0 privacidade da tua informa\u00e7\u00e3o.","breadcrumb":{"@id":"https:\/\/www.bedfont.com\/pt-pt\/politica-de-privacidade\/#breadcrumb"},"inLanguage":"pt-PT","potentialAction":[{"@type":"ReadAction","target":["https:\/\/www.bedfont.com\/pt-pt\/politica-de-privacidade\/"]}]},{"@type":"BreadcrumbList","@id":"https:\/\/www.bedfont.com\/pt-pt\/politica-de-privacidade\/#breadcrumb","itemListElement":[{"@type":"ListItem","position":1,"name":"Home","item":"https:\/\/www.bedfont.com\/pt-pt\/"},{"@type":"ListItem","position":2,"name":"Pol\u00edtica de Privacidade"}]},{"@type":"WebSite","@id":"https:\/\/www.bedfont.com\/pt-pt\/#website","url":"https:\/\/www.bedfont.com\/pt-pt\/","name":"Bedfont Scientific Ltd.","description":"World leaders in breath analysis.","potentialAction":[{"@type":"SearchAction","target":{"@type":"EntryPoint","urlTemplate":"https:\/\/www.bedfont.com\/pt-pt\/?s={search_term_string}"},"query-input":{"@type":"PropertyValueSpecification","valueRequired":true,"valueName":"search_term_string"}}],"inLanguage":"pt-PT"}]}},"_links":{"self":[{"href":"https:\/\/www.bedfont.com\/pt-pt\/wp-json\/wp\/v2\/pages\/3629","targetHints":{"allow":["GET"]}}],"collection":[{"href":"https:\/\/www.bedfont.com\/pt-pt\/wp-json\/wp\/v2\/pages"}],"about":[{"href":"https:\/\/www.bedfont.com\/pt-pt\/wp-json\/wp\/v2\/types\/page"}],"author":[{"embeddable":true,"href":"https:\/\/www.bedfont.com\/pt-pt\/wp-json\/wp\/v2\/users\/6"}],"replies":[{"embeddable":true,"href":"https:\/\/www.bedfont.com\/pt-pt\/wp-json\/wp\/v2\/comments?post=3629"}],"version-history":[{"count":2,"href":"https:\/\/www.bedfont.com\/pt-pt\/wp-json\/wp\/v2\/pages\/3629\/revisions"}],"predecessor-version":[{"id":6712,"href":"https:\/\/www.bedfont.com\/pt-pt\/wp-json\/wp\/v2\/pages\/3629\/revisions\/6712"}],"wp:attachment":[{"href":"https:\/\/www.bedfont.com\/pt-pt\/wp-json\/wp\/v2\/media?parent=3629"}],"curies":[{"name":"wp","href":"https:\/\/api.w.org\/{rel}","templated":true}]}}