{"id":3615,"date":"2022-07-06T14:45:21","date_gmt":"2022-07-06T14:45:21","guid":{"rendered":"https:\/\/bedfont.theprogressteam.com\/nossa-postura-ecologica\/"},"modified":"2024-10-08T07:37:41","modified_gmt":"2024-10-08T07:37:41","slug":"nossa-postura-ecologica","status":"publish","type":"page","link":"https:\/\/www.bedfont.com\/pt-pt\/nossa-postura-ecologica\/","title":{"rendered":"Nossa postura ecol\u00f3gica"},"content":{"rendered":"<section id=\"eco-section\">\n\t\t<img decoding=\"async\" src=\"https:\/\/www.bedfont.com\/wp-content\/uploads\/2024\/10\/eco-planet.png\" id=\"eco-planet\"\/>\n\t \t<div class=\"container\">\n\t\t\t<div class=\"row\">\n\t\t\t\t<div class=\"col-12 col-lg-7\">\n\t\t\t\t\t<h1 class=\"eco\">Postura Ecol\u00f3gica da Bedfont<sup>\u00ae<\/sup><\/h1>\n\t\t\t\t\t<p>Trabalhamos com fornecedores locais e empresas dedicadas \u00e0 sustentabilidade, al\u00e9m de utilizarmos materiais reciclados em todos os nossos produtos sempre que poss\u00edvel. Utilizamos embalagens ecol\u00f3gicas, fontes de energia sustent\u00e1veis e limitamos a produ\u00e7\u00e3o de res\u00edduos sempre que poss\u00edvel. <\/p>\n<h2 class=\"eco\"><span class=\"green-text\">O Que Fazemos <\/span><\/h2>\n<p>Estivemos sempre conscientes da nossa pegada de carbono e agora, mais do que nunca, estamos a encontrar formas de ter um impacto menos negativo no ambiente.<\/p>\n<p>Trabalhamos com fornecedores locais e empresas dedicadas \u00e0 sustentabilidade, al\u00e9m de utilizarmos materiais reciclados na maioria dos nossos produtos. Utilizamos embalagens ecol\u00f3gicas, fontes de energia sustent\u00e1veis e limitamos a produ\u00e7\u00e3o de res\u00edduos sempre que poss\u00edvel. Acreditamos que n\u00e3o importa qu\u00e3o pequeno seja o esfor\u00e7o que faz para ter um estilo de vida mais ecol\u00f3gico \u2013 cada bocadinho ajuda!  <\/p>\n\n                    \n\t\t\t\t<\/div>\n\t\t\t<\/div>\n\t\t<\/div>\n\t<\/section><section class=\"text-section text-left\" style=\"--color: var(--green)\">\n\t<div class=\"container\">\n\t<h2 class=\"text-center\"><\/h2>\n\t\t\t\t<div class=\"row\">\n<div class=\"col-12 my-4\">\n<h2 class=\"eco\">A Nossa #EcoResolu\u00e7\u00e3o<\/h2>\n<p>Temos o orgulho de anunciar a nossa #EcoResolu\u00e7\u00e3o para tornar todos os nossos consum\u00edveis ecol\u00f3gicos at\u00e9 2025. Isto n\u00e3o inclui apenas a altera\u00e7\u00e3o dos materiais de que s\u00e3o feitos os nossos consum\u00edveis, mas tamb\u00e9m a realiza\u00e7\u00e3o de altera\u00e7\u00f5es ao longo da sua vida \u00fatil de produ\u00e7\u00e3o para reduzir o nosso impacto clim\u00e1tico, incluindo o fornecimento de novos materiais ecol\u00f3gicos provenientes de recursos sustent\u00e1veis. <\/p>\n<\/div>\n<div class=\"col-12 col-lg-10 my-auto\">\n<h2 class=\"eco\" id=\"eco\">Os Nossos Eco-Guerreiros<\/h2>\n<p class=\"mb-0\">Como parte da nossa #EcoResolu\u00e7\u00e3o para sermos mais ecol\u00f3gicos, cri\u00e1mos os Eco-Guerreiros dedicados que ir\u00e3o ajudar a inovar dentro da empresa para reduzir a nossa pegada de carbono, mas tamb\u00e9m para aumentar a consciencializa\u00e7\u00e3o sobre at\u00e9 as mais pequenas mudan\u00e7as que podem fazer um enorme redu\u00e7\u00e3o da nossa pegada de carbono.<\/p>\n<\/div>\n<div class=\"col-12 col-lg-2 my-auto\">\n\t\t\t\t\t<img decoding=\"async\" src=\"https:\/\/www.bedfont.com\/wp-content\/themes\/bedfont\/assets\/img\/eco-warrior-logo.png\" class=\"img-fluid mx-auto d-none d-lg-block eco-warrior-logo\" alt=\"Logotipo de Eco Warrior\"\/>\n\t\t\t\t<\/div>\n<\/div>\n\n\t<\/div>\n<\/section>","protected":false},"excerpt":{"rendered":"<p>Postura Ecol\u00f3gica da Bedfont\u00ae Trabalhamos com fornecedores locais e empresas dedicadas \u00e0 sustentabilidade, al\u00e9m de utilizarmos materiais reciclados em todos os nossos produtos sempre que poss\u00edvel. Utilizamos embalagens ecol\u00f3gicas, fontes de energia sustent\u00e1veis e limitamos a produ\u00e7\u00e3o de res\u00edduos sempre que poss\u00edvel. O Que Fazemos Estivemos sempre conscientes da nossa pegada de carbono e agora, [&hellip;]<\/p>\n","protected":false},"author":6,"featured_media":0,"parent":0,"menu_order":0,"comment_status":"closed","ping_status":"closed","template":"templates\/page-modules.php","meta":{"_acf_changed":false,"footnotes":""},"class_list":["post-3615","page","type-page","status-publish","hentry"],"acf":[],"yoast_head":"<!-- This site is optimized with the Yoast SEO plugin v27.5 - https:\/\/yoast.com\/product\/yoast-seo-wordpress\/ -->\n<title>Nossa postura ecol\u00f3gica - Bedfont Scientific Ltd.<\/title>\n<meta name=\"description\" content=\"Trabalhamos com empresas locais que est\u00e3o empenhadas na sustentabilidade, bem como utilizamos materiais reciclados em todos os nossos produtos, sempre que poss\u00edvel.\" \/>\n<meta name=\"robots\" content=\"index, follow, max-snippet:-1, max-image-preview:large, max-video-preview:-1\" \/>\n<link rel=\"canonical\" href=\"https:\/\/www.bedfont.com\/pt-pt\/nossa-postura-ecologica\/\" \/>\n<meta property=\"og:locale\" content=\"pt_PT\" \/>\n<meta property=\"og:type\" content=\"article\" \/>\n<meta property=\"og:title\" content=\"Nossa postura ecol\u00f3gica - Bedfont Scientific Ltd.\" \/>\n<meta property=\"og:description\" content=\"Trabalhamos com empresas locais que est\u00e3o empenhadas na sustentabilidade, bem como utilizamos materiais reciclados em todos os nossos produtos, sempre que poss\u00edvel.\" \/>\n<meta property=\"og:url\" content=\"https:\/\/www.bedfont.com\/pt-pt\/nossa-postura-ecologica\/\" \/>\n<meta property=\"og:site_name\" content=\"Bedfont Scientific Ltd.\" \/>\n<meta property=\"article:publisher\" content=\"https:\/\/www.facebook.com\/Bedfontltd\/\" \/>\n<meta property=\"article:modified_time\" content=\"2024-10-08T07:37:41+00:00\" \/>\n<meta property=\"og:image\" content=\"https:\/\/www.bedfont.com\/wp-content\/uploads\/2024\/10\/eco-planet.png\" \/>\n<meta name=\"twitter:card\" content=\"summary_large_image\" \/>\n<meta name=\"twitter:site\" content=\"@BedfontLtd\" \/>\n<meta name=\"twitter:label1\" content=\"Tempo estimado de leitura\" \/>\n\t<meta name=\"twitter:data1\" content=\"2 minutos\" \/>\n<script type=\"application\/ld+json\" class=\"yoast-schema-graph\">{\"@context\":\"https:\\\/\\\/schema.org\",\"@graph\":[{\"@type\":\"WebPage\",\"@id\":\"https:\\\/\\\/www.bedfont.com\\\/pt-pt\\\/nossa-postura-ecologica\\\/\",\"url\":\"https:\\\/\\\/www.bedfont.com\\\/pt-pt\\\/nossa-postura-ecologica\\\/\",\"name\":\"Nossa postura ecol\u00f3gica - Bedfont Scientific Ltd.\",\"isPartOf\":{\"@id\":\"https:\\\/\\\/www.bedfont.com\\\/pt-pt\\\/#website\"},\"primaryImageOfPage\":{\"@id\":\"https:\\\/\\\/www.bedfont.com\\\/pt-pt\\\/nossa-postura-ecologica\\\/#primaryimage\"},\"image\":{\"@id\":\"https:\\\/\\\/www.bedfont.com\\\/pt-pt\\\/nossa-postura-ecologica\\\/#primaryimage\"},\"thumbnailUrl\":\"https:\\\/\\\/www.bedfont.com\\\/wp-content\\\/uploads\\\/2024\\\/10\\\/eco-planet.png\",\"datePublished\":\"2022-07-06T14:45:21+00:00\",\"dateModified\":\"2024-10-08T07:37:41+00:00\",\"description\":\"Trabalhamos com empresas locais que est\u00e3o empenhadas na sustentabilidade, bem como utilizamos materiais reciclados em todos os nossos produtos, sempre que poss\u00edvel.\",\"breadcrumb\":{\"@id\":\"https:\\\/\\\/www.bedfont.com\\\/pt-pt\\\/nossa-postura-ecologica\\\/#breadcrumb\"},\"inLanguage\":\"pt-PT\",\"potentialAction\":[{\"@type\":\"ReadAction\",\"target\":[\"https:\\\/\\\/www.bedfont.com\\\/pt-pt\\\/nossa-postura-ecologica\\\/\"]}]},{\"@type\":\"ImageObject\",\"inLanguage\":\"pt-PT\",\"@id\":\"https:\\\/\\\/www.bedfont.com\\\/pt-pt\\\/nossa-postura-ecologica\\\/#primaryimage\",\"url\":\"https:\\\/\\\/www.bedfont.com\\\/wp-content\\\/uploads\\\/2024\\\/10\\\/eco-planet.png\",\"contentUrl\":\"https:\\\/\\\/www.bedfont.com\\\/wp-content\\\/uploads\\\/2024\\\/10\\\/eco-planet.png\"},{\"@type\":\"BreadcrumbList\",\"@id\":\"https:\\\/\\\/www.bedfont.com\\\/pt-pt\\\/nossa-postura-ecologica\\\/#breadcrumb\",\"itemListElement\":[{\"@type\":\"ListItem\",\"position\":1,\"name\":\"Home\",\"item\":\"https:\\\/\\\/www.bedfont.com\\\/pt-pt\\\/\"},{\"@type\":\"ListItem\",\"position\":2,\"name\":\"Nossa postura ecol\u00f3gica\"}]},{\"@type\":\"WebSite\",\"@id\":\"https:\\\/\\\/www.bedfont.com\\\/pt-pt\\\/#website\",\"url\":\"https:\\\/\\\/www.bedfont.com\\\/pt-pt\\\/\",\"name\":\"Bedfont Scientific Ltd.\",\"description\":\"World leaders in breath analysis.\",\"potentialAction\":[{\"@type\":\"SearchAction\",\"target\":{\"@type\":\"EntryPoint\",\"urlTemplate\":\"https:\\\/\\\/www.bedfont.com\\\/pt-pt\\\/?s={search_term_string}\"},\"query-input\":{\"@type\":\"PropertyValueSpecification\",\"valueRequired\":true,\"valueName\":\"search_term_string\"}}],\"inLanguage\":\"pt-PT\"}]}<\/script>\n<!-- \/ Yoast SEO plugin. -->","yoast_head_json":{"title":"Nossa postura ecol\u00f3gica - Bedfont Scientific Ltd.","description":"Trabalhamos com empresas locais que est\u00e3o empenhadas na sustentabilidade, bem como utilizamos materiais reciclados em todos os nossos produtos, sempre que poss\u00edvel.","robots":{"index":"index","follow":"follow","max-snippet":"max-snippet:-1","max-image-preview":"max-image-preview:large","max-video-preview":"max-video-preview:-1"},"canonical":"https:\/\/www.bedfont.com\/pt-pt\/nossa-postura-ecologica\/","og_locale":"pt_PT","og_type":"article","og_title":"Nossa postura ecol\u00f3gica - Bedfont Scientific Ltd.","og_description":"Trabalhamos com empresas locais que est\u00e3o empenhadas na sustentabilidade, bem como utilizamos materiais reciclados em todos os nossos produtos, sempre que poss\u00edvel.","og_url":"https:\/\/www.bedfont.com\/pt-pt\/nossa-postura-ecologica\/","og_site_name":"Bedfont Scientific Ltd.","article_publisher":"https:\/\/www.facebook.com\/Bedfontltd\/","article_modified_time":"2024-10-08T07:37:41+00:00","og_image":[{"url":"https:\/\/www.bedfont.com\/wp-content\/uploads\/2024\/10\/eco-planet.png","type":"","width":"","height":""}],"twitter_card":"summary_large_image","twitter_site":"@BedfontLtd","twitter_misc":{"Tempo estimado de leitura":"2 minutos"},"schema":{"@context":"https:\/\/schema.org","@graph":[{"@type":"WebPage","@id":"https:\/\/www.bedfont.com\/pt-pt\/nossa-postura-ecologica\/","url":"https:\/\/www.bedfont.com\/pt-pt\/nossa-postura-ecologica\/","name":"Nossa postura ecol\u00f3gica - Bedfont Scientific Ltd.","isPartOf":{"@id":"https:\/\/www.bedfont.com\/pt-pt\/#website"},"primaryImageOfPage":{"@id":"https:\/\/www.bedfont.com\/pt-pt\/nossa-postura-ecologica\/#primaryimage"},"image":{"@id":"https:\/\/www.bedfont.com\/pt-pt\/nossa-postura-ecologica\/#primaryimage"},"thumbnailUrl":"https:\/\/www.bedfont.com\/wp-content\/uploads\/2024\/10\/eco-planet.png","datePublished":"2022-07-06T14:45:21+00:00","dateModified":"2024-10-08T07:37:41+00:00","description":"Trabalhamos com empresas locais que est\u00e3o empenhadas na sustentabilidade, bem como utilizamos materiais reciclados em todos os nossos produtos, sempre que poss\u00edvel.","breadcrumb":{"@id":"https:\/\/www.bedfont.com\/pt-pt\/nossa-postura-ecologica\/#breadcrumb"},"inLanguage":"pt-PT","potentialAction":[{"@type":"ReadAction","target":["https:\/\/www.bedfont.com\/pt-pt\/nossa-postura-ecologica\/"]}]},{"@type":"ImageObject","inLanguage":"pt-PT","@id":"https:\/\/www.bedfont.com\/pt-pt\/nossa-postura-ecologica\/#primaryimage","url":"https:\/\/www.bedfont.com\/wp-content\/uploads\/2024\/10\/eco-planet.png","contentUrl":"https:\/\/www.bedfont.com\/wp-content\/uploads\/2024\/10\/eco-planet.png"},{"@type":"BreadcrumbList","@id":"https:\/\/www.bedfont.com\/pt-pt\/nossa-postura-ecologica\/#breadcrumb","itemListElement":[{"@type":"ListItem","position":1,"name":"Home","item":"https:\/\/www.bedfont.com\/pt-pt\/"},{"@type":"ListItem","position":2,"name":"Nossa postura ecol\u00f3gica"}]},{"@type":"WebSite","@id":"https:\/\/www.bedfont.com\/pt-pt\/#website","url":"https:\/\/www.bedfont.com\/pt-pt\/","name":"Bedfont Scientific Ltd.","description":"World leaders in breath analysis.","potentialAction":[{"@type":"SearchAction","target":{"@type":"EntryPoint","urlTemplate":"https:\/\/www.bedfont.com\/pt-pt\/?s={search_term_string}"},"query-input":{"@type":"PropertyValueSpecification","valueRequired":true,"valueName":"search_term_string"}}],"inLanguage":"pt-PT"}]}},"_links":{"self":[{"href":"https:\/\/www.bedfont.com\/pt-pt\/wp-json\/wp\/v2\/pages\/3615","targetHints":{"allow":["GET"]}}],"collection":[{"href":"https:\/\/www.bedfont.com\/pt-pt\/wp-json\/wp\/v2\/pages"}],"about":[{"href":"https:\/\/www.bedfont.com\/pt-pt\/wp-json\/wp\/v2\/types\/page"}],"author":[{"embeddable":true,"href":"https:\/\/www.bedfont.com\/pt-pt\/wp-json\/wp\/v2\/users\/6"}],"replies":[{"embeddable":true,"href":"https:\/\/www.bedfont.com\/pt-pt\/wp-json\/wp\/v2\/comments?post=3615"}],"version-history":[{"count":3,"href":"https:\/\/www.bedfont.com\/pt-pt\/wp-json\/wp\/v2\/pages\/3615\/revisions"}],"predecessor-version":[{"id":6311,"href":"https:\/\/www.bedfont.com\/pt-pt\/wp-json\/wp\/v2\/pages\/3615\/revisions\/6311"}],"wp:attachment":[{"href":"https:\/\/www.bedfont.com\/pt-pt\/wp-json\/wp\/v2\/media?parent=3615"}],"curies":[{"name":"wp","href":"https:\/\/api.w.org\/{rel}","templated":true}]}}