{"id":3597,"date":"2023-02-14T12:08:20","date_gmt":"2023-02-14T12:08:20","guid":{"rendered":"https:\/\/bedfont.theprogressteam.com\/os-nossos-premios\/"},"modified":"2024-10-14T10:23:26","modified_gmt":"2024-10-14T10:23:26","slug":"os-nossos-premios","status":"publish","type":"page","link":"https:\/\/www.bedfont.com\/pt-pt\/os-nossos-premios\/","title":{"rendered":"Os Nossos Pr\u00e9mios"},"content":{"rendered":"<section class=\"hero-style-4 p-0 position-relative \" id=\"module-769-hero-0\">\n\t\t<div class=\"container-fluid overlay-img-holder\">\n\t\t\t<img width=\"1998\" height=\"544\" src=\"https:\/\/www.bedfont.com\/wp-content\/uploads\/2024\/10\/who-we-are.jpg\" class=\"w-100\" alt=\"\" decoding=\"async\" loading=\"lazy\" srcset=\"https:\/\/www.bedfont.com\/wp-content\/uploads\/2024\/10\/who-we-are.jpg 1998w, https:\/\/www.bedfont.com\/wp-content\/uploads\/2024\/10\/who-we-are-300x82.jpg 300w, https:\/\/www.bedfont.com\/wp-content\/uploads\/2024\/10\/who-we-are-1024x279.jpg 1024w, https:\/\/www.bedfont.com\/wp-content\/uploads\/2024\/10\/who-we-are-768x209.jpg 768w, https:\/\/www.bedfont.com\/wp-content\/uploads\/2024\/10\/who-we-are-1536x418.jpg 1536w\" sizes=\"auto, (max-width: 1998px) 100vw, 1998px\"\/>\n\t\t\t<div class=\"overlay\">\n\t\t\t\t<div class=\"col-12 col-md-8 mx-auto\">\n\t\t\t\t\t<h1>Os Nossos Pr\u00e9mios<\/h1>\n\t\t\t\t\t<p>Na Bedfont, temos orgulho na nossa busca incans\u00e1vel pela excel\u00eancia e estamos honrados por termos ganhado os pr\u00e9mios que recebemos. Veja abaixo not\u00e1vel reconhecimento e pr\u00e9mios que conquistamos ao longo dos anos. <\/p>\n\n\t\t\t\t<\/div>\n\t\t\t<\/div>\n\t\t<\/div>\n\t<\/section><!-- wp:html {\"translatedWithWPMLTM\":\"1\"} --><section class=\"slider overflow-hidden\" id=\"our-awards\">\n\t<div class=\"container\">\n\t<h2 class=\"text-left\"><span class=\"blue-text\">Pr\u00e9mios<\/span> da Empresa<\/h2>\n\t\t\t\t<p>Nosso compromisso com a excel\u00eancia foi reconhecido por v\u00e1rios pr\u00eamios de prest\u00edgio. Aqui est\u00e3o alguns dos pr\u00eamios que recebemos: <\/p>\n\n                <div class=\"awards-slider mt-5\"><div class=\"white-space\"><\/div><div class=\"glide\">\n\t<div class=\"glide__track\" data-glide-el=\"track\">\n\t\t<ul class=\"glide__slides\"><li class=\"glide__slide\"><div class=\"inner \"><img width=\"640\" height=\"427\" src=\"https:\/\/www.bedfont.com\/wp-content\/uploads\/2024\/10\/kicc-innovative-business-of-the-year.jpg\" class=\"attachment-large size-large\" alt=\"\" decoding=\"async\" loading=\"lazy\" srcset=\"https:\/\/www.bedfont.com\/wp-content\/uploads\/2024\/10\/kicc-innovative-business-of-the-year.jpg 900w, https:\/\/www.bedfont.com\/wp-content\/uploads\/2024\/10\/kicc-innovative-business-of-the-year-300x200.jpg 300w, https:\/\/www.bedfont.com\/wp-content\/uploads\/2024\/10\/kicc-innovative-business-of-the-year-768x512.jpg 768w\" sizes=\"auto, (max-width: 640px) 100vw, 640px\"\/><div class=\"content\"><h3 class=\"text-left\">Innovative Business of the Year - KICC<\/h3><div class=\"hightlights\"><span>2023<\/span><span>2022<\/span><span>2020<\/span><\/div><\/div><\/div><\/li><li class=\"glide__slide\"><div class=\"inner \"><img width=\"640\" height=\"427\" src=\"https:\/\/www.bedfont.com\/wp-content\/uploads\/2024\/10\/technology-business-of-the-year-at-keiba.jpg\" class=\"attachment-large size-large\" alt=\"\" decoding=\"async\" loading=\"lazy\" srcset=\"https:\/\/www.bedfont.com\/wp-content\/uploads\/2024\/10\/technology-business-of-the-year-at-keiba.jpg 900w, https:\/\/www.bedfont.com\/wp-content\/uploads\/2024\/10\/technology-business-of-the-year-at-keiba-300x200.jpg 300w, https:\/\/www.bedfont.com\/wp-content\/uploads\/2024\/10\/technology-business-of-the-year-at-keiba-768x512.jpg 768w\" sizes=\"auto, (max-width: 640px) 100vw, 640px\"\/><div class=\"content\"><h3 class=\"text-left\">Technology Business of the Year - KEIBA<\/h3><div class=\"hightlights\"><span>2018<\/span><\/div><\/div><\/div><\/li><li class=\"glide__slide\"><div class=\"inner \"><img width=\"640\" height=\"427\" src=\"https:\/\/www.bedfont.com\/wp-content\/uploads\/2024\/10\/exporter-of-the-year-at-SEHTA.jpg\" class=\"attachment-large size-large\" alt=\"\" decoding=\"async\" loading=\"lazy\" srcset=\"https:\/\/www.bedfont.com\/wp-content\/uploads\/2024\/10\/exporter-of-the-year-at-SEHTA.jpg 900w, https:\/\/www.bedfont.com\/wp-content\/uploads\/2024\/10\/exporter-of-the-year-at-SEHTA-300x200.jpg 300w, https:\/\/www.bedfont.com\/wp-content\/uploads\/2024\/10\/exporter-of-the-year-at-SEHTA-768x512.jpg 768w\" sizes=\"auto, (max-width: 640px) 100vw, 640px\"\/><div class=\"content\"><h3 class=\"text-left\">Exporter of the Year - SEHTA<\/h3><div class=\"hightlights\"><span>2019<\/span><\/div><\/div><\/div><\/li><li class=\"glide__slide\"><div class=\"inner \"><img width=\"640\" height=\"427\" src=\"https:\/\/www.bedfont.com\/wp-content\/uploads\/2024\/10\/exporter-of-the-year-kicc.jpg\" class=\"attachment-large size-large\" alt=\"\" decoding=\"async\" loading=\"lazy\" srcset=\"https:\/\/www.bedfont.com\/wp-content\/uploads\/2024\/10\/exporter-of-the-year-kicc.jpg 900w, https:\/\/www.bedfont.com\/wp-content\/uploads\/2024\/10\/exporter-of-the-year-kicc-300x200.jpg 300w, https:\/\/www.bedfont.com\/wp-content\/uploads\/2024\/10\/exporter-of-the-year-kicc-768x512.jpg 768w\" sizes=\"auto, (max-width: 640px) 100vw, 640px\"\/><div class=\"content\"><h3 class=\"text-left\">Exporter of the Year - KICC<\/h3><div class=\"hightlights\"><span>2019<\/span><span>2018<\/span><span>2017<\/span><\/div><\/div><\/div><\/li><li class=\"glide__slide\"><div class=\"inner \"><img width=\"640\" height=\"427\" src=\"https:\/\/www.bedfont.com\/wp-content\/uploads\/2024\/10\/exporter-of-the-year-FSB.jpg\" class=\"attachment-large size-large\" alt=\"\" decoding=\"async\" loading=\"lazy\" srcset=\"https:\/\/www.bedfont.com\/wp-content\/uploads\/2024\/10\/exporter-of-the-year-FSB.jpg 900w, https:\/\/www.bedfont.com\/wp-content\/uploads\/2024\/10\/exporter-of-the-year-FSB-300x200.jpg 300w, https:\/\/www.bedfont.com\/wp-content\/uploads\/2024\/10\/exporter-of-the-year-FSB-768x512.jpg 768w\" sizes=\"auto, (max-width: 640px) 100vw, 640px\"\/><div class=\"content\"><h3 class=\"text-left\">Silver Technology & Innovation Award - FBAs<\/h3><div class=\"hightlights\"><span>2019<\/span><\/div><\/div><\/div><\/li><li class=\"glide__slide\"><div class=\"inner \"><img width=\"640\" height=\"427\" src=\"https:\/\/www.bedfont.com\/wp-content\/uploads\/2024\/10\/technology-innovation-award-fba.jpg\" class=\"attachment-large size-large\" alt=\"\" decoding=\"async\" loading=\"lazy\" srcset=\"https:\/\/www.bedfont.com\/wp-content\/uploads\/2024\/10\/technology-innovation-award-fba.jpg 900w, https:\/\/www.bedfont.com\/wp-content\/uploads\/2024\/10\/technology-innovation-award-fba-300x200.jpg 300w, https:\/\/www.bedfont.com\/wp-content\/uploads\/2024\/10\/technology-innovation-award-fba-768x512.jpg 768w\" sizes=\"auto, (max-width: 640px) 100vw, 640px\"\/><div class=\"content\"><h3 class=\"text-left\">Exporter of the Year - FSB<\/h3><div class=\"hightlights\"><span>2018<\/span><\/div><\/div><\/div><\/li><li class=\"glide__slide\"><div class=\"inner \"><img width=\"640\" height=\"427\" src=\"https:\/\/www.bedfont.com\/wp-content\/uploads\/2024\/10\/small-business-of-the-year-MBA.jpg\" class=\"attachment-large size-large\" alt=\"\" decoding=\"async\" loading=\"lazy\" srcset=\"https:\/\/www.bedfont.com\/wp-content\/uploads\/2024\/10\/small-business-of-the-year-MBA.jpg 900w, https:\/\/www.bedfont.com\/wp-content\/uploads\/2024\/10\/small-business-of-the-year-MBA-300x200.jpg 300w, https:\/\/www.bedfont.com\/wp-content\/uploads\/2024\/10\/small-business-of-the-year-MBA-768x512.jpg 768w\" sizes=\"auto, (max-width: 640px) 100vw, 640px\"\/><div class=\"content\"><h3 class=\"text-left\">Small Business of the Year - Maidstone Business Awards<\/h3><div class=\"hightlights\"><span>2017<\/span><\/div><\/div><\/div><\/li><li class=\"glide__slide\"><div class=\"inner \"><img width=\"640\" height=\"427\" src=\"https:\/\/www.bedfont.com\/wp-content\/uploads\/2024\/10\/exporter-of-the-year-at-KEIBA.jpg\" class=\"attachment-large size-large\" alt=\"\" decoding=\"async\" loading=\"lazy\" srcset=\"https:\/\/www.bedfont.com\/wp-content\/uploads\/2024\/10\/exporter-of-the-year-at-KEIBA.jpg 900w, https:\/\/www.bedfont.com\/wp-content\/uploads\/2024\/10\/exporter-of-the-year-at-KEIBA-300x200.jpg 300w, https:\/\/www.bedfont.com\/wp-content\/uploads\/2024\/10\/exporter-of-the-year-at-KEIBA-768x512.jpg 768w\" sizes=\"auto, (max-width: 640px) 100vw, 640px\"\/><div class=\"content\"><h3 class=\"text-left\">Exporter of the Year - KEIBA<\/h3><div class=\"hightlights\"><span>2017<\/span><\/div><\/div><\/div><\/li><li class=\"glide__slide\"><div class=\"inner \"><img width=\"640\" height=\"427\" src=\"https:\/\/www.bedfont.com\/wp-content\/uploads\/2024\/10\/medium-business-of-the-year-KEIBA.jpg\" class=\"attachment-large size-large\" alt=\"\" decoding=\"async\" loading=\"lazy\" srcset=\"https:\/\/www.bedfont.com\/wp-content\/uploads\/2024\/10\/medium-business-of-the-year-KEIBA.jpg 900w, https:\/\/www.bedfont.com\/wp-content\/uploads\/2024\/10\/medium-business-of-the-year-KEIBA-300x200.jpg 300w, https:\/\/www.bedfont.com\/wp-content\/uploads\/2024\/10\/medium-business-of-the-year-KEIBA-768x512.jpg 768w\" sizes=\"auto, (max-width: 640px) 100vw, 640px\"\/><div class=\"content\"><h3 class=\"text-left\">Medium Business of the Year - KEIBA<\/h3><div class=\"hightlights\"><span>2017<\/span><\/div><\/div><\/div><\/li><\/ul>\n\t<\/div><div class=\"glide__arrows\" data-glide-el=\"controls\"> <button class=\"glide__arrow glide__arrow--left\" data-glide-dir=\"<\"> <img decoding=\"async\" src=\"https:\/\/bedfont.theprogressteam.com\/wp-content\/themes\/bedfont\/assets\/img\/prev.png\" class=\"img-fluid\" alt=\"Back arrow\"> <\/button> <button class=\"glide__arrow glide__arrow--right\" data-glide-dir=\">\"> <img decoding=\"async\" src=\"https:\/\/bedfont.theprogressteam.com\/wp-content\/themes\/bedfont\/assets\/img\/next.png\" class=\"img-fluid\" alt=\"Next arrow\"> <\/button> <\/div>\n<\/div><\/div>\n\t<\/div>\n<\/section><!-- \/wp:html --><section class=\"logo-slider $\" id=\"module-769-logo_slider-2\"><div class=\"container\"><h2 class=\"text-left\"><span class=\"blue-text\">As Nossas Acredita\u00e7\u00f5es <\/span><\/h2><div class=\"carousel-logo-slider mb-4\"><div class=\"glide2 position-relative\"><div class=\"glide__track\" data-glide-el=\"track\"><ul class=\"glide__slides\"><li class=\"glide__slide\"><a href=\"https:\/\/www.bedfont.com\/wp-content\/uploads\/2024\/10\/ecrep-1024x222.png\" data-fancybox=\"gallery\"><img width=\"640\" height=\"139\" src=\"https:\/\/www.bedfont.com\/wp-content\/uploads\/2024\/10\/ecrep-1024x222.png\" class=\"attachment-large size-large\" alt=\"\" decoding=\"async\" loading=\"lazy\" srcset=\"https:\/\/www.bedfont.com\/wp-content\/uploads\/2024\/10\/ecrep-1024x222.png 1024w, https:\/\/www.bedfont.com\/wp-content\/uploads\/2024\/10\/ecrep-300x65.png 300w, https:\/\/www.bedfont.com\/wp-content\/uploads\/2024\/10\/ecrep-768x166.png 768w, https:\/\/www.bedfont.com\/wp-content\/uploads\/2024\/10\/ecrep.png 1071w\" sizes=\"auto, (max-width: 640px) 100vw, 640px\"\/><\/a><\/li><li class=\"glide__slide\"><a href=\"https:\/\/www.bedfont.com\/wp-content\/uploads\/2024\/10\/chrep-e1727965894844-1.png\" data-fancybox=\"gallery\"><img width=\"640\" height=\"184\" src=\"https:\/\/www.bedfont.com\/wp-content\/uploads\/2024\/10\/chrep-e1727965894844-1.png\" class=\"attachment-large size-large\" alt=\"\" decoding=\"async\" loading=\"lazy\" srcset=\"https:\/\/www.bedfont.com\/wp-content\/uploads\/2024\/10\/chrep-e1727965894844-1.png 806w, https:\/\/www.bedfont.com\/wp-content\/uploads\/2024\/10\/chrep-e1727965894844-1-300x86.png 300w, https:\/\/www.bedfont.com\/wp-content\/uploads\/2024\/10\/chrep-e1727965894844-1-768x221.png 768w\" sizes=\"auto, (max-width: 640px) 100vw, 640px\"\/><\/a><\/li><li class=\"glide__slide\"><a href=\"https:\/\/www.bedfont.com\/wp-content\/uploads\/2024\/10\/CE-mark-in-blue-e1727965833915-1.png\" data-fancybox=\"gallery\"><img width=\"228\" height=\"232\" src=\"https:\/\/www.bedfont.com\/wp-content\/uploads\/2024\/10\/CE-mark-in-blue-e1727965833915-1.png\" class=\"attachment-large size-large\" alt=\"\" decoding=\"async\" loading=\"lazy\"\/><\/a><\/li><li class=\"glide__slide\"><a href=\"https:\/\/www.bedfont.com\/wp-content\/uploads\/2024\/10\/bsi-logo-e1727965913638-1.png\" data-fancybox=\"gallery\"><img width=\"405\" height=\"232\" src=\"https:\/\/www.bedfont.com\/wp-content\/uploads\/2024\/10\/bsi-logo-e1727965913638-1.png\" class=\"attachment-large size-large\" alt=\"\" decoding=\"async\" loading=\"lazy\" srcset=\"https:\/\/www.bedfont.com\/wp-content\/uploads\/2024\/10\/bsi-logo-e1727965913638-1.png 405w, https:\/\/www.bedfont.com\/wp-content\/uploads\/2024\/10\/bsi-logo-e1727965913638-1-300x172.png 300w\" sizes=\"auto, (max-width: 405px) 100vw, 405px\"\/><\/a><\/li><li class=\"glide__slide\"><a href=\"https:\/\/www.bedfont.com\/wp-content\/uploads\/2024\/10\/gastrochart-award-e1727965854250-1.png\" data-fancybox=\"gallery\"><img width=\"321\" height=\"232\" src=\"https:\/\/www.bedfont.com\/wp-content\/uploads\/2024\/10\/gastrochart-award-e1727965854250-1.png\" class=\"attachment-large size-large\" alt=\"\" decoding=\"async\" loading=\"lazy\" srcset=\"https:\/\/www.bedfont.com\/wp-content\/uploads\/2024\/10\/gastrochart-award-e1727965854250-1.png 321w, https:\/\/www.bedfont.com\/wp-content\/uploads\/2024\/10\/gastrochart-award-e1727965854250-1-300x217.png 300w\" sizes=\"auto, (max-width: 321px) 100vw, 321px\"\/><\/a><\/li><\/ul><\/div><div class=\"glide__arrows\" data-glide-el=\"controls\"> <button class=\"glide__arrow glide__arrow--left\" data-glide-dir=\"<\"> <img decoding=\"async\" src=\"https:\/\/bedfont.theprogressteam.com\/wp-content\/themes\/bedfont\/assets\/img\/prev.png\" class=\"img-fluid\" alt=\"Back arrow\"> <\/button> <button class=\"glide__arrow glide__arrow--right\" data-glide-dir=\">\"> <img decoding=\"async\" src=\"https:\/\/bedfont.theprogressteam.com\/wp-content\/themes\/bedfont\/assets\/img\/next.png\" class=\"img-fluid\" alt=\"Next arrow\"> <\/button> <\/div><\/div><\/div><div class=\"below-arrows\"><p>Estamos gratos pelo reconhecimento e apoio que recebemos de nossa comunidade e ind\u00fastria. Iremos continuar a trabalhar arduamente e a inovar para causar um impacto positivo na vida das pessoas. <\/p>\n<\/div><\/div><\/section>","protected":false},"excerpt":{"rendered":"<p>Os Nossos Pr\u00e9mios Na Bedfont, temos orgulho na nossa busca incans\u00e1vel pela excel\u00eancia e estamos honrados por termos ganhado os pr\u00e9mios que recebemos. Veja abaixo not\u00e1vel reconhecimento e pr\u00e9mios que conquistamos ao longo dos anos. As Nossas Acredita\u00e7\u00f5es Estamos gratos pelo reconhecimento e apoio que recebemos de nossa comunidade e ind\u00fastria. Iremos continuar a trabalhar [&hellip;]<\/p>\n","protected":false},"author":6,"featured_media":0,"parent":0,"menu_order":0,"comment_status":"closed","ping_status":"closed","template":"templates\/page-modules.php","meta":{"_acf_changed":false,"footnotes":""},"class_list":["post-3597","page","type-page","status-publish","hentry"],"acf":[],"yoast_head":"<!-- This site is optimized with the Yoast SEO plugin v27.6 - https:\/\/yoast.com\/product\/yoast-seo-wordpress\/ -->\n<title>Os Nossos Pr\u00e9mios - Bedfont Scientific Ltd.<\/title>\n<meta name=\"description\" content=\"Na Bedfont, temos orgulho na nossa busca incans\u00e1vel pela excel\u00eancia e estamos honrados por termos ganhado os pr\u00e9mios que recebemos.\" \/>\n<meta name=\"robots\" content=\"index, follow, max-snippet:-1, max-image-preview:large, max-video-preview:-1\" \/>\n<link rel=\"canonical\" href=\"https:\/\/www.bedfont.com\/pt-pt\/os-nossos-premios\/\" \/>\n<meta property=\"og:locale\" content=\"pt_PT\" \/>\n<meta property=\"og:type\" content=\"article\" \/>\n<meta property=\"og:title\" content=\"Os Nossos Pr\u00e9mios - Bedfont Scientific Ltd.\" \/>\n<meta property=\"og:description\" content=\"Na Bedfont, temos orgulho na nossa busca incans\u00e1vel pela excel\u00eancia e estamos honrados por termos ganhado os pr\u00e9mios que recebemos.\" \/>\n<meta property=\"og:url\" content=\"https:\/\/www.bedfont.com\/pt-pt\/os-nossos-premios\/\" \/>\n<meta property=\"og:site_name\" content=\"Bedfont Scientific Ltd.\" \/>\n<meta property=\"article:publisher\" content=\"https:\/\/www.facebook.com\/Bedfontltd\/\" \/>\n<meta property=\"article:modified_time\" content=\"2024-10-14T10:23:26+00:00\" \/>\n<meta property=\"og:image\" content=\"https:\/\/www.bedfont.com\/wp-content\/uploads\/2024\/10\/who-we-are.jpg\" \/>\n<meta name=\"twitter:card\" content=\"summary_large_image\" \/>\n<meta name=\"twitter:site\" content=\"@BedfontLtd\" \/>\n<script type=\"application\/ld+json\" class=\"yoast-schema-graph\">{\"@context\":\"https:\\\/\\\/schema.org\",\"@graph\":[{\"@type\":\"WebPage\",\"@id\":\"https:\\\/\\\/www.bedfont.com\\\/pt-pt\\\/os-nossos-premios\\\/\",\"url\":\"https:\\\/\\\/www.bedfont.com\\\/pt-pt\\\/os-nossos-premios\\\/\",\"name\":\"Os Nossos Pr\u00e9mios - Bedfont Scientific Ltd.\",\"isPartOf\":{\"@id\":\"https:\\\/\\\/www.bedfont.com\\\/pt-pt\\\/#website\"},\"primaryImageOfPage\":{\"@id\":\"https:\\\/\\\/www.bedfont.com\\\/pt-pt\\\/os-nossos-premios\\\/#primaryimage\"},\"image\":{\"@id\":\"https:\\\/\\\/www.bedfont.com\\\/pt-pt\\\/os-nossos-premios\\\/#primaryimage\"},\"thumbnailUrl\":\"https:\\\/\\\/www.bedfont.com\\\/wp-content\\\/uploads\\\/2024\\\/10\\\/who-we-are.jpg\",\"datePublished\":\"2023-02-14T12:08:20+00:00\",\"dateModified\":\"2024-10-14T10:23:26+00:00\",\"description\":\"Na Bedfont, temos orgulho na nossa busca incans\u00e1vel pela excel\u00eancia e estamos honrados por termos ganhado os pr\u00e9mios que recebemos.\",\"breadcrumb\":{\"@id\":\"https:\\\/\\\/www.bedfont.com\\\/pt-pt\\\/os-nossos-premios\\\/#breadcrumb\"},\"inLanguage\":\"pt-PT\",\"potentialAction\":[{\"@type\":\"ReadAction\",\"target\":[\"https:\\\/\\\/www.bedfont.com\\\/pt-pt\\\/os-nossos-premios\\\/\"]}]},{\"@type\":\"ImageObject\",\"inLanguage\":\"pt-PT\",\"@id\":\"https:\\\/\\\/www.bedfont.com\\\/pt-pt\\\/os-nossos-premios\\\/#primaryimage\",\"url\":\"https:\\\/\\\/www.bedfont.com\\\/wp-content\\\/uploads\\\/2024\\\/10\\\/who-we-are.jpg\",\"contentUrl\":\"https:\\\/\\\/www.bedfont.com\\\/wp-content\\\/uploads\\\/2024\\\/10\\\/who-we-are.jpg\"},{\"@type\":\"BreadcrumbList\",\"@id\":\"https:\\\/\\\/www.bedfont.com\\\/pt-pt\\\/os-nossos-premios\\\/#breadcrumb\",\"itemListElement\":[{\"@type\":\"ListItem\",\"position\":1,\"name\":\"Home\",\"item\":\"https:\\\/\\\/www.bedfont.com\\\/pt-pt\\\/\"},{\"@type\":\"ListItem\",\"position\":2,\"name\":\"Os Nossos Pr\u00e9mios\"}]},{\"@type\":\"WebSite\",\"@id\":\"https:\\\/\\\/www.bedfont.com\\\/pt-pt\\\/#website\",\"url\":\"https:\\\/\\\/www.bedfont.com\\\/pt-pt\\\/\",\"name\":\"Bedfont Scientific Ltd.\",\"description\":\"World leaders in breath analysis.\",\"potentialAction\":[{\"@type\":\"SearchAction\",\"target\":{\"@type\":\"EntryPoint\",\"urlTemplate\":\"https:\\\/\\\/www.bedfont.com\\\/pt-pt\\\/?s={search_term_string}\"},\"query-input\":{\"@type\":\"PropertyValueSpecification\",\"valueRequired\":true,\"valueName\":\"search_term_string\"}}],\"inLanguage\":\"pt-PT\"}]}<\/script>\n<!-- \/ Yoast SEO plugin. -->","yoast_head_json":{"title":"Os Nossos Pr\u00e9mios - Bedfont Scientific Ltd.","description":"Na Bedfont, temos orgulho na nossa busca incans\u00e1vel pela excel\u00eancia e estamos honrados por termos ganhado os pr\u00e9mios que recebemos.","robots":{"index":"index","follow":"follow","max-snippet":"max-snippet:-1","max-image-preview":"max-image-preview:large","max-video-preview":"max-video-preview:-1"},"canonical":"https:\/\/www.bedfont.com\/pt-pt\/os-nossos-premios\/","og_locale":"pt_PT","og_type":"article","og_title":"Os Nossos Pr\u00e9mios - Bedfont Scientific Ltd.","og_description":"Na Bedfont, temos orgulho na nossa busca incans\u00e1vel pela excel\u00eancia e estamos honrados por termos ganhado os pr\u00e9mios que recebemos.","og_url":"https:\/\/www.bedfont.com\/pt-pt\/os-nossos-premios\/","og_site_name":"Bedfont Scientific Ltd.","article_publisher":"https:\/\/www.facebook.com\/Bedfontltd\/","article_modified_time":"2024-10-14T10:23:26+00:00","og_image":[{"url":"https:\/\/www.bedfont.com\/wp-content\/uploads\/2024\/10\/who-we-are.jpg","type":"","width":"","height":""}],"twitter_card":"summary_large_image","twitter_site":"@BedfontLtd","schema":{"@context":"https:\/\/schema.org","@graph":[{"@type":"WebPage","@id":"https:\/\/www.bedfont.com\/pt-pt\/os-nossos-premios\/","url":"https:\/\/www.bedfont.com\/pt-pt\/os-nossos-premios\/","name":"Os Nossos Pr\u00e9mios - Bedfont Scientific Ltd.","isPartOf":{"@id":"https:\/\/www.bedfont.com\/pt-pt\/#website"},"primaryImageOfPage":{"@id":"https:\/\/www.bedfont.com\/pt-pt\/os-nossos-premios\/#primaryimage"},"image":{"@id":"https:\/\/www.bedfont.com\/pt-pt\/os-nossos-premios\/#primaryimage"},"thumbnailUrl":"https:\/\/www.bedfont.com\/wp-content\/uploads\/2024\/10\/who-we-are.jpg","datePublished":"2023-02-14T12:08:20+00:00","dateModified":"2024-10-14T10:23:26+00:00","description":"Na Bedfont, temos orgulho na nossa busca incans\u00e1vel pela excel\u00eancia e estamos honrados por termos ganhado os pr\u00e9mios que recebemos.","breadcrumb":{"@id":"https:\/\/www.bedfont.com\/pt-pt\/os-nossos-premios\/#breadcrumb"},"inLanguage":"pt-PT","potentialAction":[{"@type":"ReadAction","target":["https:\/\/www.bedfont.com\/pt-pt\/os-nossos-premios\/"]}]},{"@type":"ImageObject","inLanguage":"pt-PT","@id":"https:\/\/www.bedfont.com\/pt-pt\/os-nossos-premios\/#primaryimage","url":"https:\/\/www.bedfont.com\/wp-content\/uploads\/2024\/10\/who-we-are.jpg","contentUrl":"https:\/\/www.bedfont.com\/wp-content\/uploads\/2024\/10\/who-we-are.jpg"},{"@type":"BreadcrumbList","@id":"https:\/\/www.bedfont.com\/pt-pt\/os-nossos-premios\/#breadcrumb","itemListElement":[{"@type":"ListItem","position":1,"name":"Home","item":"https:\/\/www.bedfont.com\/pt-pt\/"},{"@type":"ListItem","position":2,"name":"Os Nossos Pr\u00e9mios"}]},{"@type":"WebSite","@id":"https:\/\/www.bedfont.com\/pt-pt\/#website","url":"https:\/\/www.bedfont.com\/pt-pt\/","name":"Bedfont Scientific Ltd.","description":"World leaders in breath analysis.","potentialAction":[{"@type":"SearchAction","target":{"@type":"EntryPoint","urlTemplate":"https:\/\/www.bedfont.com\/pt-pt\/?s={search_term_string}"},"query-input":{"@type":"PropertyValueSpecification","valueRequired":true,"valueName":"search_term_string"}}],"inLanguage":"pt-PT"}]}},"_links":{"self":[{"href":"https:\/\/www.bedfont.com\/pt-pt\/wp-json\/wp\/v2\/pages\/3597","targetHints":{"allow":["GET"]}}],"collection":[{"href":"https:\/\/www.bedfont.com\/pt-pt\/wp-json\/wp\/v2\/pages"}],"about":[{"href":"https:\/\/www.bedfont.com\/pt-pt\/wp-json\/wp\/v2\/types\/page"}],"author":[{"embeddable":true,"href":"https:\/\/www.bedfont.com\/pt-pt\/wp-json\/wp\/v2\/users\/6"}],"replies":[{"embeddable":true,"href":"https:\/\/www.bedfont.com\/pt-pt\/wp-json\/wp\/v2\/comments?post=3597"}],"version-history":[{"count":4,"href":"https:\/\/www.bedfont.com\/pt-pt\/wp-json\/wp\/v2\/pages\/3597\/revisions"}],"predecessor-version":[{"id":7049,"href":"https:\/\/www.bedfont.com\/pt-pt\/wp-json\/wp\/v2\/pages\/3597\/revisions\/7049"}],"wp:attachment":[{"href":"https:\/\/www.bedfont.com\/pt-pt\/wp-json\/wp\/v2\/media?parent=3597"}],"curies":[{"name":"wp","href":"https:\/\/api.w.org\/{rel}","templated":true}]}}