{"id":3569,"date":"2022-11-04T14:14:34","date_gmt":"2022-11-04T14:14:34","guid":{"rendered":"https:\/\/bedfont.theprogressteam.com\/medi-gas-check\/"},"modified":"2024-10-28T06:41:38","modified_gmt":"2024-10-28T06:41:38","slug":"medi-gas-check","status":"publish","type":"page","link":"https:\/\/www.bedfont.com\/pt-pt\/productos\/medi-gas-check\/","title":{"rendered":"Medi-Gas Check"},"content":{"rendered":"<section class=\"hero-style-4 p-0 position-relative \" id=\"module-741-hero-0\">\n\t\t<div class=\"container-fluid overlay-img-holder\">\n\t\t\t<img width=\"1469\" height=\"400\" src=\"https:\/\/www.bedfont.com\/wp-content\/uploads\/2024\/10\/medigas-product-page.jpg\" class=\"w-100\" alt=\"\" decoding=\"async\" loading=\"lazy\" srcset=\"https:\/\/www.bedfont.com\/wp-content\/uploads\/2024\/10\/medigas-product-page.jpg 1469w, https:\/\/www.bedfont.com\/wp-content\/uploads\/2024\/10\/medigas-product-page-300x82.jpg 300w, https:\/\/www.bedfont.com\/wp-content\/uploads\/2024\/10\/medigas-product-page-1024x279.jpg 1024w, https:\/\/www.bedfont.com\/wp-content\/uploads\/2024\/10\/medigas-product-page-768x209.jpg 768w\" sizes=\"auto, (max-width: 1469px) 100vw, 1469px\"\/>\n\t\t\t<div class=\"overlay\">\n\t\t\t\t<div class=\"col-12 col-md-8 mx-auto\">\n\t\t\t\t\t<h1>Medi-Gas Check<\/h1>\n\t\t\t\t\t<p>A gama de equipamento Medi-Gas Check de teste de condutas m\u00e9dicas destina-se a proteger os doentes e o pessoal contra gases nocivos. Ao testar o g\u00e1s na conduta, \u00e9 poss\u00edvel verificar se est\u00e1 a ser administrado o g\u00e1s certo, bem como a quantidade e a qualidade correctas desse g\u00e1s. <\/p>\n\n\t\t\t\t<\/div>\n\t\t\t<\/div>\n\t\t<\/div>\n\t<\/section><section class=\"two-column-style-5 two-column-style-6 bg-gradient-red \" id=\"module-741-two_column_image_text-1\">\n\t \t<div class=\"container\">\n\t\t\t<div class=\"row flex-row-reverse\">\n\t\t\t\t\t<div class=\"col-12 col-lg-7 my-auto\">\n                    <div class=\"box\">\n\t\t\t\t\t<h2 class=\"text-left\"> G210<\/h2>\n\t\t\t\t<p><strong>Monitoriza\u00e7\u00e3o de N2O, O2, CO2, CO<\/strong><\/p>\n<p>Especificamente desenvolvido para a medi\u00e7\u00e3o altamente exacta do g\u00e1s medicinal canalizado N2O e O2 em %. O monitor port\u00e1til e leve \u00e9 ideal para utiliza\u00e7\u00e3o num hospital movimentado. Verifica rapidamente a qualidade do g\u00e1s num ecr\u00e3 digital de f\u00e1cil leitura. Introduz n\u00fameros de identifica\u00e7\u00e3o espec\u00edficos para pontos de monitoriza\u00e7\u00e3o espec\u00edficos em todo o hospital. A unidade pode identificar potenciais contaminantes de CO e CO2 no g\u00e1s canalizado em hospitais, com armazenamento de dados e alarmes, o G210 \u00e9 ideal para muitos dos seus requisitos de verifica\u00e7\u00e3o e teste de MGPS, concebido para uma medi\u00e7\u00e3o altamente precisa de g\u00e1s medicinal canalizado N2O e O2 em %.    <\/p>\n\n\t\t\t\t\t\n\t\t\t\t<\/div>\n\t\t\t\t<\/div>\n\t\t\t\t<div class=\"col-1\"><\/div>\n\t\t\t\n                <div class=\"col-12 col-lg-4\">\n\t\t\t\t\t<img width=\"750\" height=\"1000\" src=\"https:\/\/www.bedfont.com\/wp-content\/uploads\/2024\/10\/g210.png\" class=\"img-fluid w-75 mx-auto d-block\" alt=\"\" decoding=\"async\" loading=\"lazy\" srcset=\"https:\/\/www.bedfont.com\/wp-content\/uploads\/2024\/10\/g210.png 750w, https:\/\/www.bedfont.com\/wp-content\/uploads\/2024\/10\/g210-225x300.png 225w\" sizes=\"auto, (max-width: 750px) 100vw, 750px\"\/>\n\t\t\t\t<\/div>\n\t\t\t<\/div>\n\t\t<\/div>\n\t<\/section><section class=\"two-column-style-5 two-column-style-6 bg-gradient-red \" id=\"module-741-two_column_image_text-2\">\n\t \t<div class=\"container\">\n\t\t\t<div class=\"row flex-row-reverse\">\n\t\t\t\t\t<div class=\"col-12 col-lg-7 my-auto\">\n                    <div class=\"box\">\n\t\t\t\t\t<h2 class=\"text-left\">F8004 Multi-Air Tester<\/h2>\n\t\t\t\t<p><strong>Testes seguros de ar em ambiente m\u00e9dico e dent\u00e1rio<\/strong><\/p>\n<p>O novo analisador de ar m\u00faltiplo F8004 \u00e9 ideal para a an\u00e1lise de ar em ambiente m\u00e9dico e dent\u00e1rio para uma vasta gama de gases e contaminantes, tudo num \u00fanico dispositivo. Concebido para proporcionar um m\u00e9todo r\u00e1pido e f\u00e1cil de efetuar testes precisos de fornecimento de ar respir\u00e1vel, o Multi-Air Tester \u00e9 a mais recente adi\u00e7\u00e3o \u00e0 gama Medi-Gas Check de analisadores port\u00e1teis de gases medicinais para condutas. <\/p>\n\n\t\t\t\t\t\n\t\t\t\t<\/div>\n\t\t\t\t<\/div>\n\t\t\t\t<div class=\"col-1\"><\/div>\n\t\t\t\n                <div class=\"col-12 col-lg-4\">\n\t\t\t\t\t<img width=\"750\" height=\"1000\" src=\"https:\/\/www.bedfont.com\/wp-content\/uploads\/2024\/10\/f8004.png\" class=\"img-fluid w-75 mx-auto d-block\" alt=\"\" decoding=\"async\" loading=\"lazy\" srcset=\"https:\/\/www.bedfont.com\/wp-content\/uploads\/2024\/10\/f8004.png 750w, https:\/\/www.bedfont.com\/wp-content\/uploads\/2024\/10\/f8004-225x300.png 225w\" sizes=\"auto, (max-width: 750px) 100vw, 750px\"\/>\n\t\t\t\t<\/div>\n\t\t\t<\/div>\n\t\t<\/div>\n\t<\/section><section class=\"two-column-style-5 two-column-style-6 bg-gradient-red \" id=\"module-741-two_column_image_text-3\">\n\t \t<div class=\"container\">\n\t\t\t<div class=\"row flex-row-reverse\">\n\t\t\t\t\t<div class=\"col-12 col-lg-7 my-auto\">\n                    <div class=\"box\">\n\t\t\t\t\t<h2 class=\"text-left\">G200<\/h2>\n\t\t\t\t<p><strong>Medi\u00e7\u00e3o atmosf\u00e9rica de baixo n\u00edvel de N2O<\/strong><\/p>\n<p>Este monitor port\u00e1til n\u00e3o s\u00f3 age como alarme pessoal, mas tamb\u00e9m calcula a m\u00e9dia ponderada no tempo (TWA) da exposi\u00e7\u00e3o de um indiv\u00edduo ao N2O. O G200 tamb\u00e9m actua como um dispositivo de dete\u00e7\u00e3o de fugas e armazena at\u00e9 1.000 leituras para serem utilizadas em gr\u00e1ficos e an\u00e1lises de dados. O G200 \u00e9 capaz de fornecer leituras de 0-1.000 ppm em menos de 40 segundos e de 0-10.000 ppm no modo de dete\u00e7\u00e3o de fugas, salvaguardando tanto os profissionais de sa\u00fade como os pacientes. Este produto \u00e9 ideal para: departamentos dent\u00e1rios, departamentos de anestesia, ambientes hospitalares, bem como departamentos de recupera\u00e7\u00e3o, veterin\u00e1rios e de raios X.   <\/p>\n\n\t\t\t\t\t\n\t\t\t\t<\/div>\n\t\t\t\t<\/div>\n\t\t\t\t<div class=\"col-1\"><\/div>\n\t\t\t\n                <div class=\"col-12 col-lg-4\">\n\t\t\t\t\t<img width=\"600\" height=\"851\" src=\"https:\/\/www.bedfont.com\/wp-content\/uploads\/2024\/10\/g200.png\" class=\"img-fluid w-75 mx-auto d-block\" alt=\"\" decoding=\"async\" loading=\"lazy\" srcset=\"https:\/\/www.bedfont.com\/wp-content\/uploads\/2024\/10\/g200.png 600w, https:\/\/www.bedfont.com\/wp-content\/uploads\/2024\/10\/g200-212x300.png 212w\" sizes=\"auto, (max-width: 600px) 100vw, 600px\"\/>\n\t\t\t\t<\/div>\n\t\t\t<\/div>\n\t\t<\/div>\n\t<\/section><section class=\"two-column-style-5 two-column-style-6 bg-gradient-red \" id=\"module-741-two_column_image_text-4\">\n\t \t<div class=\"container\">\n\t\t\t<div class=\"row flex-row-reverse\">\n\t\t\t\t\t<div class=\"col-12 col-lg-7 my-auto\">\n                    <div class=\"box\">\n\t\t\t\t\t<h2 class=\"text-left\">Pipeline Sampling Kit<\/h2>\n\t\t\t\t<p>Como parte do compromisso da Bedfont em tornar a verifica\u00e7\u00e3o e valida\u00e7\u00e3o do MGPS t\u00e3o r\u00e1pida e f\u00e1cil quanto poss\u00edvel, fornecemos um kit de amostragem para utiliza\u00e7\u00e3o com todos os nossos monitores, tubos detectores e equipamento. Este kit \u00e9 composto por um regulador para garantir que o fluxo de g\u00e1s passa atrav\u00e9s do monitor ou do tubo detetor com o fluxo correto, 5 sondas de g\u00e1s especializadas e acess\u00f3rios de liga\u00e7\u00e3o r\u00e1pida para mudar entre gases. <\/p>\n\n\t\t\t\t\t\n\t\t\t\t<\/div>\n\t\t\t\t<\/div>\n\t\t\t\t<div class=\"col-1\"><\/div>\n\t\t\t\n                <div class=\"col-12 col-lg-4\">\n\t\t\t\t\t<img width=\"800\" height=\"431\" src=\"https:\/\/www.bedfont.com\/wp-content\/uploads\/2024\/10\/pipeline-sampling-kit.png\" class=\"img-fluid w-75 mx-auto d-block\" alt=\"\" decoding=\"async\" loading=\"lazy\" srcset=\"https:\/\/www.bedfont.com\/wp-content\/uploads\/2024\/10\/pipeline-sampling-kit.png 800w, https:\/\/www.bedfont.com\/wp-content\/uploads\/2024\/10\/pipeline-sampling-kit-300x162.png 300w, https:\/\/www.bedfont.com\/wp-content\/uploads\/2024\/10\/pipeline-sampling-kit-768x414.png 768w\" sizes=\"auto, (max-width: 800px) 100vw, 800px\"\/>\n\t\t\t\t<\/div>\n\t\t\t<\/div>\n\t\t<\/div>\n\t<\/section>","protected":false},"excerpt":{"rendered":"<p>Medi-Gas Check A gama de equipamento Medi-Gas Check de teste de condutas m\u00e9dicas destina-se a proteger os doentes e o pessoal contra gases nocivos. Ao testar o g\u00e1s na conduta, \u00e9 poss\u00edvel verificar se est\u00e1 a ser administrado o g\u00e1s certo, bem como a quantidade e a qualidade correctas desse g\u00e1s. G210 Monitoriza\u00e7\u00e3o de N2O, [&hellip;]<\/p>\n","protected":false},"author":6,"featured_media":0,"parent":3661,"menu_order":0,"comment_status":"closed","ping_status":"closed","template":"templates\/page-modules.php","meta":{"_acf_changed":false,"footnotes":""},"class_list":["post-3569","page","type-page","status-publish","hentry"],"acf":[],"yoast_head":"<!-- This site is optimized with the Yoast SEO plugin v27.5 - https:\/\/yoast.com\/product\/yoast-seo-wordpress\/ -->\n<title>Medi-Gas Check - Bedfont Scientific Ltd.<\/title>\n<meta name=\"description\" content=\"A gama de equipamento Medi-Gas Check de teste de condutas m\u00e9dicas destina-se a proteger os doentes e o pessoal contra gases nocivos.\" \/>\n<meta name=\"robots\" content=\"index, follow, max-snippet:-1, max-image-preview:large, max-video-preview:-1\" \/>\n<link rel=\"canonical\" href=\"https:\/\/www.bedfont.com\/pt-pt\/productos\/medi-gas-check\/\" \/>\n<meta property=\"og:locale\" content=\"pt_PT\" \/>\n<meta property=\"og:type\" content=\"article\" \/>\n<meta property=\"og:title\" content=\"Medi-Gas Check - Bedfont Scientific Ltd.\" \/>\n<meta property=\"og:description\" content=\"A gama de equipamento Medi-Gas Check de teste de condutas m\u00e9dicas destina-se a proteger os doentes e o pessoal contra gases nocivos.\" \/>\n<meta property=\"og:url\" content=\"https:\/\/www.bedfont.com\/pt-pt\/productos\/medi-gas-check\/\" \/>\n<meta property=\"og:site_name\" content=\"Bedfont Scientific Ltd.\" \/>\n<meta property=\"article:publisher\" content=\"https:\/\/www.facebook.com\/Bedfontltd\/\" \/>\n<meta property=\"article:modified_time\" content=\"2024-10-28T06:41:38+00:00\" \/>\n<meta property=\"og:image\" content=\"https:\/\/www.bedfont.com\/wp-content\/uploads\/2024\/10\/medigas-product-page.jpg\" \/>\n<meta name=\"twitter:card\" content=\"summary_large_image\" \/>\n<meta name=\"twitter:site\" content=\"@BedfontLtd\" \/>\n<meta name=\"twitter:label1\" content=\"Tempo estimado de leitura\" \/>\n\t<meta name=\"twitter:data1\" content=\"3 minutos\" \/>\n<script type=\"application\/ld+json\" class=\"yoast-schema-graph\">{\"@context\":\"https:\\\/\\\/schema.org\",\"@graph\":[{\"@type\":\"WebPage\",\"@id\":\"https:\\\/\\\/www.bedfont.com\\\/pt-pt\\\/productos\\\/medi-gas-check\\\/\",\"url\":\"https:\\\/\\\/www.bedfont.com\\\/pt-pt\\\/productos\\\/medi-gas-check\\\/\",\"name\":\"Medi-Gas Check - Bedfont Scientific Ltd.\",\"isPartOf\":{\"@id\":\"https:\\\/\\\/www.bedfont.com\\\/pt-pt\\\/#website\"},\"primaryImageOfPage\":{\"@id\":\"https:\\\/\\\/www.bedfont.com\\\/pt-pt\\\/productos\\\/medi-gas-check\\\/#primaryimage\"},\"image\":{\"@id\":\"https:\\\/\\\/www.bedfont.com\\\/pt-pt\\\/productos\\\/medi-gas-check\\\/#primaryimage\"},\"thumbnailUrl\":\"https:\\\/\\\/www.bedfont.com\\\/wp-content\\\/uploads\\\/2024\\\/10\\\/medigas-product-page.jpg\",\"datePublished\":\"2022-11-04T14:14:34+00:00\",\"dateModified\":\"2024-10-28T06:41:38+00:00\",\"description\":\"A gama de equipamento Medi-Gas Check de teste de condutas m\u00e9dicas destina-se a proteger os doentes e o pessoal contra gases nocivos.\",\"breadcrumb\":{\"@id\":\"https:\\\/\\\/www.bedfont.com\\\/pt-pt\\\/productos\\\/medi-gas-check\\\/#breadcrumb\"},\"inLanguage\":\"pt-PT\",\"potentialAction\":[{\"@type\":\"ReadAction\",\"target\":[\"https:\\\/\\\/www.bedfont.com\\\/pt-pt\\\/productos\\\/medi-gas-check\\\/\"]}]},{\"@type\":\"ImageObject\",\"inLanguage\":\"pt-PT\",\"@id\":\"https:\\\/\\\/www.bedfont.com\\\/pt-pt\\\/productos\\\/medi-gas-check\\\/#primaryimage\",\"url\":\"https:\\\/\\\/www.bedfont.com\\\/wp-content\\\/uploads\\\/2024\\\/10\\\/medigas-product-page.jpg\",\"contentUrl\":\"https:\\\/\\\/www.bedfont.com\\\/wp-content\\\/uploads\\\/2024\\\/10\\\/medigas-product-page.jpg\"},{\"@type\":\"BreadcrumbList\",\"@id\":\"https:\\\/\\\/www.bedfont.com\\\/pt-pt\\\/productos\\\/medi-gas-check\\\/#breadcrumb\",\"itemListElement\":[{\"@type\":\"ListItem\",\"position\":1,\"name\":\"Home\",\"item\":\"https:\\\/\\\/www.bedfont.com\\\/pt-pt\\\/\"},{\"@type\":\"ListItem\",\"position\":2,\"name\":\"Produtos\",\"item\":\"https:\\\/\\\/www.bedfont.com\\\/pt-pt\\\/productos\\\/\"},{\"@type\":\"ListItem\",\"position\":3,\"name\":\"Medi-Gas Check\"}]},{\"@type\":\"WebSite\",\"@id\":\"https:\\\/\\\/www.bedfont.com\\\/pt-pt\\\/#website\",\"url\":\"https:\\\/\\\/www.bedfont.com\\\/pt-pt\\\/\",\"name\":\"Bedfont Scientific Ltd.\",\"description\":\"World leaders in breath analysis.\",\"potentialAction\":[{\"@type\":\"SearchAction\",\"target\":{\"@type\":\"EntryPoint\",\"urlTemplate\":\"https:\\\/\\\/www.bedfont.com\\\/pt-pt\\\/?s={search_term_string}\"},\"query-input\":{\"@type\":\"PropertyValueSpecification\",\"valueRequired\":true,\"valueName\":\"search_term_string\"}}],\"inLanguage\":\"pt-PT\"}]}<\/script>\n<!-- \/ Yoast SEO plugin. -->","yoast_head_json":{"title":"Medi-Gas Check - Bedfont Scientific Ltd.","description":"A gama de equipamento Medi-Gas Check de teste de condutas m\u00e9dicas destina-se a proteger os doentes e o pessoal contra gases nocivos.","robots":{"index":"index","follow":"follow","max-snippet":"max-snippet:-1","max-image-preview":"max-image-preview:large","max-video-preview":"max-video-preview:-1"},"canonical":"https:\/\/www.bedfont.com\/pt-pt\/productos\/medi-gas-check\/","og_locale":"pt_PT","og_type":"article","og_title":"Medi-Gas Check - Bedfont Scientific Ltd.","og_description":"A gama de equipamento Medi-Gas Check de teste de condutas m\u00e9dicas destina-se a proteger os doentes e o pessoal contra gases nocivos.","og_url":"https:\/\/www.bedfont.com\/pt-pt\/productos\/medi-gas-check\/","og_site_name":"Bedfont Scientific Ltd.","article_publisher":"https:\/\/www.facebook.com\/Bedfontltd\/","article_modified_time":"2024-10-28T06:41:38+00:00","og_image":[{"url":"https:\/\/www.bedfont.com\/wp-content\/uploads\/2024\/10\/medigas-product-page.jpg","type":"","width":"","height":""}],"twitter_card":"summary_large_image","twitter_site":"@BedfontLtd","twitter_misc":{"Tempo estimado de leitura":"3 minutos"},"schema":{"@context":"https:\/\/schema.org","@graph":[{"@type":"WebPage","@id":"https:\/\/www.bedfont.com\/pt-pt\/productos\/medi-gas-check\/","url":"https:\/\/www.bedfont.com\/pt-pt\/productos\/medi-gas-check\/","name":"Medi-Gas Check - Bedfont Scientific Ltd.","isPartOf":{"@id":"https:\/\/www.bedfont.com\/pt-pt\/#website"},"primaryImageOfPage":{"@id":"https:\/\/www.bedfont.com\/pt-pt\/productos\/medi-gas-check\/#primaryimage"},"image":{"@id":"https:\/\/www.bedfont.com\/pt-pt\/productos\/medi-gas-check\/#primaryimage"},"thumbnailUrl":"https:\/\/www.bedfont.com\/wp-content\/uploads\/2024\/10\/medigas-product-page.jpg","datePublished":"2022-11-04T14:14:34+00:00","dateModified":"2024-10-28T06:41:38+00:00","description":"A gama de equipamento Medi-Gas Check de teste de condutas m\u00e9dicas destina-se a proteger os doentes e o pessoal contra gases nocivos.","breadcrumb":{"@id":"https:\/\/www.bedfont.com\/pt-pt\/productos\/medi-gas-check\/#breadcrumb"},"inLanguage":"pt-PT","potentialAction":[{"@type":"ReadAction","target":["https:\/\/www.bedfont.com\/pt-pt\/productos\/medi-gas-check\/"]}]},{"@type":"ImageObject","inLanguage":"pt-PT","@id":"https:\/\/www.bedfont.com\/pt-pt\/productos\/medi-gas-check\/#primaryimage","url":"https:\/\/www.bedfont.com\/wp-content\/uploads\/2024\/10\/medigas-product-page.jpg","contentUrl":"https:\/\/www.bedfont.com\/wp-content\/uploads\/2024\/10\/medigas-product-page.jpg"},{"@type":"BreadcrumbList","@id":"https:\/\/www.bedfont.com\/pt-pt\/productos\/medi-gas-check\/#breadcrumb","itemListElement":[{"@type":"ListItem","position":1,"name":"Home","item":"https:\/\/www.bedfont.com\/pt-pt\/"},{"@type":"ListItem","position":2,"name":"Produtos","item":"https:\/\/www.bedfont.com\/pt-pt\/productos\/"},{"@type":"ListItem","position":3,"name":"Medi-Gas Check"}]},{"@type":"WebSite","@id":"https:\/\/www.bedfont.com\/pt-pt\/#website","url":"https:\/\/www.bedfont.com\/pt-pt\/","name":"Bedfont Scientific Ltd.","description":"World leaders in breath analysis.","potentialAction":[{"@type":"SearchAction","target":{"@type":"EntryPoint","urlTemplate":"https:\/\/www.bedfont.com\/pt-pt\/?s={search_term_string}"},"query-input":{"@type":"PropertyValueSpecification","valueRequired":true,"valueName":"search_term_string"}}],"inLanguage":"pt-PT"}]}},"_links":{"self":[{"href":"https:\/\/www.bedfont.com\/pt-pt\/wp-json\/wp\/v2\/pages\/3569","targetHints":{"allow":["GET"]}}],"collection":[{"href":"https:\/\/www.bedfont.com\/pt-pt\/wp-json\/wp\/v2\/pages"}],"about":[{"href":"https:\/\/www.bedfont.com\/pt-pt\/wp-json\/wp\/v2\/types\/page"}],"author":[{"embeddable":true,"href":"https:\/\/www.bedfont.com\/pt-pt\/wp-json\/wp\/v2\/users\/6"}],"replies":[{"embeddable":true,"href":"https:\/\/www.bedfont.com\/pt-pt\/wp-json\/wp\/v2\/comments?post=3569"}],"version-history":[{"count":4,"href":"https:\/\/www.bedfont.com\/pt-pt\/wp-json\/wp\/v2\/pages\/3569\/revisions"}],"predecessor-version":[{"id":7335,"href":"https:\/\/www.bedfont.com\/pt-pt\/wp-json\/wp\/v2\/pages\/3569\/revisions\/7335"}],"up":[{"embeddable":true,"href":"https:\/\/www.bedfont.com\/pt-pt\/wp-json\/wp\/v2\/pages\/3661"}],"wp:attachment":[{"href":"https:\/\/www.bedfont.com\/pt-pt\/wp-json\/wp\/v2\/media?parent=3569"}],"curies":[{"name":"wp","href":"https:\/\/api.w.org\/{rel}","templated":true}]}}