{"id":3553,"date":"2023-02-15T16:35:39","date_gmt":"2023-02-15T16:35:39","guid":{"rendered":"https:\/\/bedfont.theprogressteam.com\/conselho-consultivo-medico\/"},"modified":"2025-01-02T11:29:31","modified_gmt":"2025-01-02T11:29:31","slug":"conselho-consultivo-medico","status":"publish","type":"page","link":"https:\/\/www.bedfont.com\/pt-pt\/conselho-consultivo-medico\/","title":{"rendered":"Conselho Consultivo M\u00e9dico"},"content":{"rendered":"<section class=\"hero-style-4 p-0 position-relative \" id=\"module-772-hero-0\">\n\t\t<div class=\"container-fluid overlay-img-holder\">\n\t\t\t<img width=\"1998\" height=\"544\" src=\"https:\/\/www.bedfont.com\/wp-content\/uploads\/2024\/10\/who-we-are.jpg\" class=\"w-100\" alt=\"\" decoding=\"async\" loading=\"lazy\" srcset=\"https:\/\/www.bedfont.com\/wp-content\/uploads\/2024\/10\/who-we-are.jpg 1998w, https:\/\/www.bedfont.com\/wp-content\/uploads\/2024\/10\/who-we-are-300x82.jpg 300w, https:\/\/www.bedfont.com\/wp-content\/uploads\/2024\/10\/who-we-are-1024x279.jpg 1024w, https:\/\/www.bedfont.com\/wp-content\/uploads\/2024\/10\/who-we-are-768x209.jpg 768w, https:\/\/www.bedfont.com\/wp-content\/uploads\/2024\/10\/who-we-are-1536x418.jpg 1536w\" sizes=\"auto, (max-width: 1998px) 100vw, 1998px\"\/>\n\t\t\t<div class=\"overlay\">\n\t\t\t\t<div class=\"col-12 col-md-8 mx-auto\">\n\t\t\t\t\t<h1>Conselho Consultivo M\u00e9dico<\/h1>\n\t\t\t\t\t<p>Temos orgulho de trabalhar com v\u00e1rios l\u00edderes de opini\u00e3o importantes (KOLs) no mundo respirat\u00f3rio para ajudar a conscientizar e educar sobre os benef\u00edcios da an\u00e1lise da respira\u00e7\u00e3o para aplica\u00e7\u00f5es m\u00e9dicas.<\/p>\n\n\t\t\t\t<\/div>\n\t\t\t<\/div>\n\t\t<\/div>\n\t<\/section><section class=\"text-section text-center \" id=\"module-772-text-1\">\n\t<div class=\"container\">\n\t<h2 class=\"text-center\">Nossos <span class=\"blue-text\">principais l\u00edderes de opini\u00e3o<\/span><\/h2>\n\t\t\t\t<p>Bem-vindo \u00e0 nossa p\u00e1gina do Medical Advisory Board. Temos orgulho de apresentar a equipe de Key Opinion Leaders que nos orientam em nossa miss\u00e3o de melhorar a sa\u00fade e o bem-estar de nossos clientes. <\/p>\n<p>Nosso Conselho Consultivo M\u00e9dico \u00e9 composto por profissionais de sa\u00fade altamente experientes, incluindo m\u00e9dicos, farmac\u00eauticos e outros especialistas em sa\u00fade. Eles trazem uma riqueza de conhecimento e experi\u00eancia em v\u00e1rias \u00e1reas da medicina, incluindo medicina interna, cirurgia, cardiologia, oncologia e muitas outras. A principal fun\u00e7\u00e3o do nosso Conselho Consultivo M\u00e9dico \u00e9 fornecer orienta\u00e7\u00e3o estrat\u00e9gica para nossa empresa em v\u00e1rios assuntos m\u00e9dicos e relacionados \u00e0 sa\u00fade. Eles nos ajudam a ficar atualizados sobre os \u00faltimos desenvolvimentos m\u00e9dicos, op\u00e7\u00f5es de tratamento e diretrizes para garantir que nossos servi\u00e7os atendam aos mais altos padr\u00f5es de atendimento.   <\/p>\n<p>Nosso Conselho Consultivo M\u00e9dico tamb\u00e9m desempenha um papel crucial no desenvolvimento de nossos produtos e servi\u00e7os. Eles nos ajudam a projetar e melhorar nossas ofertas para garantir que elas atendam \u00e0s necessidades exclusivas de nossos clientes. Sua expertise e insights nos ajudam a fornecer solu\u00e7\u00f5es inovadoras que melhoram a sa\u00fade e a qualidade de vida de nossos clientes.  <\/p>\n<p>Temos orgulho de ter um grupo t\u00e3o diverso e talentoso de especialistas m\u00e9dicos em nosso Conselho Consultivo M\u00e9dico. O comprometimento deles em promover a assist\u00eancia m\u00e9dica e melhorar os resultados dos pacientes \u00e9 uma parte essencial do nosso sucesso. Somos gratos por sua orienta\u00e7\u00e3o e apoio, que nos ajudam a fornecer a mais alta qualidade de atendimento aos nossos clientes.  <\/p>\n<p>Se voc\u00ea tiver alguma d\u00favida ou quiser saber mais sobre nosso Conselho Consultivo M\u00e9dico, entre em contato conosco. Teremos prazer em fornecer mais informa\u00e7\u00f5es sobre o trabalho do nosso conselho e o papel que eles desempenham em nossa empresa. <\/p>\n\n\t<\/div>\n<\/section><section class=\"two-column-style-4 p-0 mab \" id=\"module-772-two_column_image_text-2\" style=\"--color: var(--purple);\">\n\t\t<div class=\"container-fluid m-0 p-0\">\n\t\t\t<div class=\"row m-0 flex-row-reverse\">\n\t\t\t\t<div class=\"col-12 col-lg-7 my-auto img-div-content text-white\">\n\t\t\t\t\t<h2 class=\"text-left\">Prof. Rodolfo de Paula Vieira<\/h2>\n\t\t\t\t\t<p>Professor da Universidade Evang\u00e9lica de Goi\u00e1s (UniEvang\u00e9lica), Supervisor do Programa de Mestrado e Doutorado da UNIFESP e Diretor do IBEPIPE, Rodolfo de Paula Vieira \u00e9 Doutor em Patologia \u2013 especificamente em Imunopatologia dos pulm\u00f5es \u2013 e possui 3 certifica\u00e7\u00f5es de p\u00f3s-doutorado pela Faculdade de Medicina de S\u00e3o Paulo, no Brasil, pelo Departamento de Pneumologia do Hospital Universit\u00e1rio de Freiburg, na Alemanha, e uma bolsa de p\u00f3s-doutorado concedida pela European Respiratory Society e Marie Currie Foundation e pela Uni\u00e3o Europeia. Tendo publicado mais de 200 artigos cient\u00edficos revisados por pares internacionalmente, os principais estudos pr\u00e9 e cl\u00ednicos do Professor Vieira envolvem resposta imune, fisiopatologia das doen\u00e7as respirat\u00f3rias e os efeitos do exerc\u00edcio f\u00edsico na reabilita\u00e7\u00e3o pulmonar. <\/p>\n\n\t\t\t\t<\/div>\n                <div class=\"col-12 col-lg-5 p-0 img-div\" style=\"background-image: url(https:\/\/www.bedfont.com\/wp-content\/uploads\/2024\/10\/rodolfo-1024x682.png)\"><\/div>\n\t\t\t<\/div>\n\t\t<\/div>\n\t<\/section><section class=\"two-column-style-4 p-0 mab \" id=\"module-772-two_column_image_text-3\" style=\"--color: var(--purple);\">\n\t\t<div class=\"container-fluid m-0 p-0\">\n\t\t\t<div class=\"row m-0 \">\n\t\t\t\t<div class=\"col-12 col-lg-7 my-auto img-div-content text-white\">\n\t\t\t\t\t<h2 class=\"text-left\">Carol Stonham<\/h2>\n\t\t\t\t\t<p>Carol, enfermeira registrada desde 1986, fez a transi\u00e7\u00e3o de ambientes hospitalares agudos para cuidados prim\u00e1rios em 1990. Com 26 anos de cl\u00ednica geral, ela agora atua no Gloucestershire ICB, liderando o Respiratory Clinical Programme Group e atuando como Children and Young People Asthma Clinical Lead. Al\u00e9m disso, ela colidera a NHSE South West Respiratory Network. Carol foi pioneira no uso de FeNO em cuidados prim\u00e1rios e o integrou em seu kit de ferramentas para asma, implementando-o recentemente em todas as pr\u00e1ticas de Gloucestershire. Ela \u00e9 a ex-presidente executiva do PCRS, a primeira mulher n\u00e3o m\u00e9dica nessa fun\u00e7\u00e3o, atualmente atuando como l\u00edder de pol\u00edticas. Carol copreside o grupo de diagn\u00f3stico precoce e preciso da Lung Health Task Force e contribuiu para o grupo de diagn\u00f3stico de falta de ar do NHS Long Term Plan. Com mestrado em cuidados respirat\u00f3rios, ela recebeu o pr\u00eamio Queen&#8217;s Nurse em 2007 e foi homenageada com um MBE em 2016 por Servi\u00e7os de Enfermagem e Sa\u00fade.      <\/p>\n\n\t\t\t\t<\/div>\n                <div class=\"col-12 col-lg-5 p-0 img-div\" style=\"background-image: url(https:\/\/www.bedfont.com\/wp-content\/uploads\/2024\/10\/carol-1024x682.jpg)\"><\/div>\n\t\t\t<\/div>\n\t\t<\/div>\n\t<\/section><section class=\"two-column-style-4 p-0 mab \" id=\"module-772-two_column_image_text-4\" style=\"--color: var(--pink);\">\n\t\t<div class=\"container-fluid m-0 p-0\">\n\t\t\t<div class=\"row m-0 flex-row-reverse\">\n\t\t\t\t<div class=\"col-12 col-lg-7 my-auto img-div-content text-white\">\n\t\t\t\t\t<h2 class=\"text-left\">Dr. Jafar Jafari<\/h2>\n\t\t\t\t\t<p>Chefe de Fisiologia do trato gastrointestinal superior no Guy&#8217;s and St Thomas&#8217; Foundation Trust Hospitals, o Dr. Jafari tem um MD em Medicina, um PhD em Neurogastroenterologia e esteve envolvido em mais de 100 publica\u00e7\u00f5es de pesquisa sobre gastroenterologia. Notavelmente, uma das principais \u00e1reas de interesse do Dr. Jafari \u00e9 o teste respirat\u00f3rio de hidrog\u00eanio e C13 GI. <\/p>\n\n\t\t\t\t<\/div>\n                <div class=\"col-12 col-lg-5 p-0 img-div\" style=\"background-image: url(https:\/\/www.bedfont.com\/wp-content\/uploads\/2024\/10\/jafari-1024x682.png)\"><\/div>\n\t\t\t<\/div>\n\t\t<\/div>\n\t<\/section><section class=\"two-column-style-4 p-0 mab \" id=\"module-772-two_column_image_text-5\" style=\"--color: var(--pink);\">\n\t\t<div class=\"container-fluid m-0 p-0\">\n\t\t\t<div class=\"row m-0 \">\n\t\t\t\t<div class=\"col-12 col-lg-7 my-auto img-div-content text-white\">\n\t\t\t\t\t<h2 class=\"text-left\">Melissa Dooley<\/h2>\n\t\t\t\t\t<p>Melissa come\u00e7ou sua carreira como Fisiologista Gastrointestinal no St. James&#8217;s&#8217; Hospital Dublin. Durante sua carreira, Melissa se interessou profundamente pelo Supercrescimento Bacteriano do Intestino Delgado e concluiu um projeto de pesquisa intitulado &#8220;Supercrescimento Bacteriano do Intestino Delgado em Pacientes P\u00f3s-Esofagectomia e Gastrectomia&#8221;. Melissa \u00e9 uma Fisiologista Gastrointestinal totalmente credenciada e \u00e9 membro do Irish Institute of Clinical Measurement Scientists e da British Society of Gastroenterology. Melissa tem v\u00e1rias publica\u00e7\u00f5es e apresentou sua pesquisa em confer\u00eancias nacionais e internacionais. Melissa recebeu o pr\u00eamio RES MED\/PEI em 2008 da Technological University Dublin (formalmente Dublin Institute of Technology) por suas excelentes realiza\u00e7\u00f5es acad\u00eamicas.    <\/p>\n\n\t\t\t\t<\/div>\n                <div class=\"col-12 col-lg-5 p-0 img-div\" style=\"background-image: url(https:\/\/www.bedfont.com\/wp-content\/uploads\/2024\/10\/melissa-1024x683.jpg)\"><\/div>\n\t\t\t<\/div>\n\t\t<\/div>\n\t<\/section><section class=\"two-column-style-4 p-0 mab \" id=\"module-772-two_column_image_text-6\" style=\"--color: var(--blue);\">\n\t\t<div class=\"container-fluid m-0 p-0\">\n\t\t\t<div class=\"row m-0 flex-row-reverse\">\n\t\t\t\t<div class=\"col-12 col-lg-7 my-auto img-div-content text-white\">\n\t\t\t\t\t<h2 class=\"text-left\">Dr. Amer Siddiq Amer Nordin<\/h2>\n\t\t\t\t\t<p>Professor Associado em Psiquiatria e Psiquiatra Consultor na Universidade de Malaya. Ele tamb\u00e9m \u00e9 Professor Adjunto em Sa\u00fade P\u00fablica na Universitas Airlanggar, Surabaya na Indon\u00e9sia. Al\u00e9m disso, ele lidera o grupo de pesquisa sobre depend\u00eancia de nicotina no Centro de Ci\u00eancias da Depend\u00eancia da Universidade de Malaya (UMCAS) -NARCC e seu trabalho de pesquisa \u00e9 principalmente sobre controle do tabaco e principalmente auxiliar pessoas a parar de fumar.  <\/p>\n\n\t\t\t\t<\/div>\n                <div class=\"col-12 col-lg-5 p-0 img-div\" style=\"background-image: url(https:\/\/www.bedfont.com\/wp-content\/uploads\/2024\/10\/dr-amer-1024x683.png)\"><\/div>\n\t\t\t<\/div>\n\t\t<\/div>\n\t<\/section><section class=\"two-column-style-4 p-0 mab \" id=\"module-772-two_column_image_text-7\" style=\"--color: var(--blue);\">\n\t\t<div class=\"container-fluid m-0 p-0\">\n\t\t\t<div class=\"row m-0 \">\n\t\t\t\t<div class=\"col-12 col-lg-7 my-auto img-div-content text-white\">\n\t\t\t\t\t<h2 class=\"text-left\">Dra. Anne Yee<\/h2>\n\t\t\t\t\t<p>A Dra. Anne \u00e9 professora associada na Monash University Malaysia e professora adjunta na UMCAS, University Malaya. Sua pesquisa \u00e9 focada no v\u00edcio em nicotina. Ela tamb\u00e9m \u00e9 atualmente consultora t\u00e9cnica e especialista do Minist\u00e9rio da Sa\u00fade da Mal\u00e1sia no desenvolvimento e implementa\u00e7\u00e3o das Diretrizes Nacionais de Pr\u00e1tica Cl\u00ednica para Transtorno por Uso de Tabaco, mQuit Service Project, Technical Working Group on Evidence-based Smoking Cessation e pol\u00edtica de tabaco livre em sua universidade.  <\/p>\n\n\t\t\t\t<\/div>\n                <div class=\"col-12 col-lg-5 p-0 img-div\" style=\"background-image: url(https:\/\/www.bedfont.com\/wp-content\/uploads\/2024\/10\/dr-anne-yee-1024x781.jpg)\"><\/div>\n\t\t\t<\/div>\n\t\t<\/div>\n\t<\/section><section class=\"two-column-style-4 p-0 mab \" id=\"module-772-two_column_image_text-8\" style=\"--color: var(--blue);\">\n\t\t<div class=\"container-fluid m-0 p-0\">\n\t\t\t<div class=\"row m-0 flex-row-reverse\">\n\t\t\t\t<div class=\"col-12 col-lg-7 my-auto img-div-content text-white\">\n\t\t\t\t\t<h2 class=\"text-left\">Prof. Dr. Sachin Sinha<\/h2>\n\t\t\t\t\t<p>Trabalhando como professor no departamento de patologia maxilofacial na \u00cdndia. Ele trabalha em Narain Sewa Sansthan h\u00e1 14 anos na \u00e1rea de interven\u00e7\u00e3o e depend\u00eancia do tabaco. Ele treinou mais de 1000 dentistas, m\u00e9dicos e param\u00e9dicos sobre cessa\u00e7\u00e3o do tabagismo por meio de programa educacional cont\u00ednuo. O Dr. Sinha criou um total de 11 recordes mundiais em controle do tabaco e envenenamento por mon\u00f3xido de carbono. Ele conduziu o maior programa de triagem de mon\u00f3xido de carbono da \u00cdndia por meio de Sansthan para oficiais do departamento de pol\u00edcia na estrada, seja devido ao fumo ou \u00e0 polui\u00e7\u00e3o ambiental.    <\/p>\n\n\t\t\t\t<\/div>\n                <div class=\"col-12 col-lg-5 p-0 img-div\" style=\"background-image: url(https:\/\/www.bedfont.com\/wp-content\/uploads\/2024\/10\/dr-sachin-sinha-1024x683.jpg)\"><\/div>\n\t\t\t<\/div>\n\t\t<\/div>\n\t<\/section>","protected":false},"excerpt":{"rendered":"<p>Conselho Consultivo M\u00e9dico Temos orgulho de trabalhar com v\u00e1rios l\u00edderes de opini\u00e3o importantes (KOLs) no mundo respirat\u00f3rio para ajudar a conscientizar e educar sobre os benef\u00edcios da an\u00e1lise da respira\u00e7\u00e3o para aplica\u00e7\u00f5es m\u00e9dicas. Nossos principais l\u00edderes de opini\u00e3o Bem-vindo \u00e0 nossa p\u00e1gina do Medical Advisory Board. Temos orgulho de apresentar a equipe de Key Opinion [&hellip;]<\/p>\n","protected":false},"author":6,"featured_media":0,"parent":0,"menu_order":0,"comment_status":"closed","ping_status":"closed","template":"templates\/page-modules.php","meta":{"_acf_changed":false,"footnotes":""},"class_list":["post-3553","page","type-page","status-publish","hentry"],"acf":[],"yoast_head":"<!-- This site is optimized with the Yoast SEO plugin v27.4 - https:\/\/yoast.com\/product\/yoast-seo-wordpress\/ -->\n<title>Conselho Consultivo M\u00e9dico - Bedfont Scientific Ltd.<\/title>\n<meta name=\"description\" content=\"Temos orgulho de trabalhar com v\u00e1rios l\u00edderes de opini\u00e3o importantes no mundo respirat\u00f3rio para ajudar a educar sobre os benef\u00edcios da an\u00e1lise da respira\u00e7\u00e3o.\" \/>\n<meta name=\"robots\" content=\"index, follow, max-snippet:-1, max-image-preview:large, max-video-preview:-1\" \/>\n<link rel=\"canonical\" href=\"https:\/\/www.bedfont.com\/pt-pt\/conselho-consultivo-medico\/\" \/>\n<meta property=\"og:locale\" content=\"pt_PT\" \/>\n<meta property=\"og:type\" content=\"article\" \/>\n<meta property=\"og:title\" content=\"Conselho Consultivo M\u00e9dico - Bedfont Scientific Ltd.\" \/>\n<meta property=\"og:description\" content=\"Temos orgulho de trabalhar com v\u00e1rios l\u00edderes de opini\u00e3o importantes no mundo respirat\u00f3rio para ajudar a educar sobre os benef\u00edcios da an\u00e1lise da respira\u00e7\u00e3o.\" \/>\n<meta property=\"og:url\" content=\"https:\/\/www.bedfont.com\/pt-pt\/conselho-consultivo-medico\/\" \/>\n<meta property=\"og:site_name\" content=\"Bedfont Scientific Ltd.\" \/>\n<meta property=\"article:publisher\" content=\"https:\/\/www.facebook.com\/Bedfontltd\/\" \/>\n<meta property=\"article:modified_time\" content=\"2025-01-02T11:29:31+00:00\" \/>\n<meta property=\"og:image\" content=\"https:\/\/www.bedfont.com\/wp-content\/uploads\/2024\/10\/who-we-are.jpg\" \/>\n<meta name=\"twitter:card\" content=\"summary_large_image\" \/>\n<meta name=\"twitter:site\" content=\"@BedfontLtd\" \/>\n<meta name=\"twitter:label1\" content=\"Tempo estimado de leitura\" \/>\n\t<meta name=\"twitter:data1\" content=\"6 minutos\" \/>\n<script type=\"application\/ld+json\" class=\"yoast-schema-graph\">{\"@context\":\"https:\\\/\\\/schema.org\",\"@graph\":[{\"@type\":\"WebPage\",\"@id\":\"https:\\\/\\\/www.bedfont.com\\\/pt-pt\\\/conselho-consultivo-medico\\\/\",\"url\":\"https:\\\/\\\/www.bedfont.com\\\/pt-pt\\\/conselho-consultivo-medico\\\/\",\"name\":\"Conselho Consultivo M\u00e9dico - Bedfont Scientific Ltd.\",\"isPartOf\":{\"@id\":\"https:\\\/\\\/www.bedfont.com\\\/pt-pt\\\/#website\"},\"primaryImageOfPage\":{\"@id\":\"https:\\\/\\\/www.bedfont.com\\\/pt-pt\\\/conselho-consultivo-medico\\\/#primaryimage\"},\"image\":{\"@id\":\"https:\\\/\\\/www.bedfont.com\\\/pt-pt\\\/conselho-consultivo-medico\\\/#primaryimage\"},\"thumbnailUrl\":\"https:\\\/\\\/www.bedfont.com\\\/wp-content\\\/uploads\\\/2024\\\/10\\\/who-we-are.jpg\",\"datePublished\":\"2023-02-15T16:35:39+00:00\",\"dateModified\":\"2025-01-02T11:29:31+00:00\",\"description\":\"Temos orgulho de trabalhar com v\u00e1rios l\u00edderes de opini\u00e3o importantes no mundo respirat\u00f3rio para ajudar a educar sobre os benef\u00edcios da an\u00e1lise da respira\u00e7\u00e3o.\",\"breadcrumb\":{\"@id\":\"https:\\\/\\\/www.bedfont.com\\\/pt-pt\\\/conselho-consultivo-medico\\\/#breadcrumb\"},\"inLanguage\":\"pt-PT\",\"potentialAction\":[{\"@type\":\"ReadAction\",\"target\":[\"https:\\\/\\\/www.bedfont.com\\\/pt-pt\\\/conselho-consultivo-medico\\\/\"]}]},{\"@type\":\"ImageObject\",\"inLanguage\":\"pt-PT\",\"@id\":\"https:\\\/\\\/www.bedfont.com\\\/pt-pt\\\/conselho-consultivo-medico\\\/#primaryimage\",\"url\":\"https:\\\/\\\/www.bedfont.com\\\/wp-content\\\/uploads\\\/2024\\\/10\\\/who-we-are.jpg\",\"contentUrl\":\"https:\\\/\\\/www.bedfont.com\\\/wp-content\\\/uploads\\\/2024\\\/10\\\/who-we-are.jpg\"},{\"@type\":\"BreadcrumbList\",\"@id\":\"https:\\\/\\\/www.bedfont.com\\\/pt-pt\\\/conselho-consultivo-medico\\\/#breadcrumb\",\"itemListElement\":[{\"@type\":\"ListItem\",\"position\":1,\"name\":\"Home\",\"item\":\"https:\\\/\\\/www.bedfont.com\\\/pt-pt\\\/\"},{\"@type\":\"ListItem\",\"position\":2,\"name\":\"Conselho Consultivo M\u00e9dico\"}]},{\"@type\":\"WebSite\",\"@id\":\"https:\\\/\\\/www.bedfont.com\\\/pt-pt\\\/#website\",\"url\":\"https:\\\/\\\/www.bedfont.com\\\/pt-pt\\\/\",\"name\":\"Bedfont Scientific Ltd.\",\"description\":\"World leaders in breath analysis.\",\"publisher\":{\"@id\":\"https:\\\/\\\/www.bedfont.com\\\/pt-pt\\\/#organization\"},\"potentialAction\":[{\"@type\":\"SearchAction\",\"target\":{\"@type\":\"EntryPoint\",\"urlTemplate\":\"https:\\\/\\\/www.bedfont.com\\\/pt-pt\\\/?s={search_term_string}\"},\"query-input\":{\"@type\":\"PropertyValueSpecification\",\"valueRequired\":true,\"valueName\":\"search_term_string\"}}],\"inLanguage\":\"pt-PT\"},{\"@type\":\"Organization\",\"@id\":\"https:\\\/\\\/www.bedfont.com\\\/pt-pt\\\/#organization\",\"name\":\"Bedfont Scientific Ltd.\",\"url\":\"https:\\\/\\\/www.bedfont.com\\\/pt-pt\\\/\",\"logo\":{\"@type\":\"ImageObject\",\"inLanguage\":\"pt-PT\",\"@id\":\"https:\\\/\\\/www.bedfont.com\\\/pt-pt\\\/#\\\/schema\\\/logo\\\/image\\\/\",\"url\":\"https:\\\/\\\/www.bedfont.com\\\/wp-content\\\/uploads\\\/2023\\\/06\\\/logo.png\",\"contentUrl\":\"https:\\\/\\\/www.bedfont.com\\\/wp-content\\\/uploads\\\/2023\\\/06\\\/logo.png\",\"width\":1600,\"height\":505,\"caption\":\"Bedfont Scientific Ltd.\"},\"image\":{\"@id\":\"https:\\\/\\\/www.bedfont.com\\\/pt-pt\\\/#\\\/schema\\\/logo\\\/image\\\/\"},\"sameAs\":[\"https:\\\/\\\/www.facebook.com\\\/Bedfontltd\\\/\",\"https:\\\/\\\/x.com\\\/BedfontLtd\",\"https:\\\/\\\/www.instagram.com\\\/bedfontltd\\\/\",\"https:\\\/\\\/www.linkedin.com\\\/company\\\/bedfont-scientific-ltd\\\/\",\"https:\\\/\\\/www.youtube.com\\\/user\\\/BedfontScientificLtd\"]}]}<\/script>\n<!-- \/ Yoast SEO plugin. -->","yoast_head_json":{"title":"Conselho Consultivo M\u00e9dico - Bedfont Scientific Ltd.","description":"Temos orgulho de trabalhar com v\u00e1rios l\u00edderes de opini\u00e3o importantes no mundo respirat\u00f3rio para ajudar a educar sobre os benef\u00edcios da an\u00e1lise da respira\u00e7\u00e3o.","robots":{"index":"index","follow":"follow","max-snippet":"max-snippet:-1","max-image-preview":"max-image-preview:large","max-video-preview":"max-video-preview:-1"},"canonical":"https:\/\/www.bedfont.com\/pt-pt\/conselho-consultivo-medico\/","og_locale":"pt_PT","og_type":"article","og_title":"Conselho Consultivo M\u00e9dico - Bedfont Scientific Ltd.","og_description":"Temos orgulho de trabalhar com v\u00e1rios l\u00edderes de opini\u00e3o importantes no mundo respirat\u00f3rio para ajudar a educar sobre os benef\u00edcios da an\u00e1lise da respira\u00e7\u00e3o.","og_url":"https:\/\/www.bedfont.com\/pt-pt\/conselho-consultivo-medico\/","og_site_name":"Bedfont Scientific Ltd.","article_publisher":"https:\/\/www.facebook.com\/Bedfontltd\/","article_modified_time":"2025-01-02T11:29:31+00:00","og_image":[{"url":"https:\/\/www.bedfont.com\/wp-content\/uploads\/2024\/10\/who-we-are.jpg","type":"","width":"","height":""}],"twitter_card":"summary_large_image","twitter_site":"@BedfontLtd","twitter_misc":{"Tempo estimado de leitura":"6 minutos"},"schema":{"@context":"https:\/\/schema.org","@graph":[{"@type":"WebPage","@id":"https:\/\/www.bedfont.com\/pt-pt\/conselho-consultivo-medico\/","url":"https:\/\/www.bedfont.com\/pt-pt\/conselho-consultivo-medico\/","name":"Conselho Consultivo M\u00e9dico - Bedfont Scientific Ltd.","isPartOf":{"@id":"https:\/\/www.bedfont.com\/pt-pt\/#website"},"primaryImageOfPage":{"@id":"https:\/\/www.bedfont.com\/pt-pt\/conselho-consultivo-medico\/#primaryimage"},"image":{"@id":"https:\/\/www.bedfont.com\/pt-pt\/conselho-consultivo-medico\/#primaryimage"},"thumbnailUrl":"https:\/\/www.bedfont.com\/wp-content\/uploads\/2024\/10\/who-we-are.jpg","datePublished":"2023-02-15T16:35:39+00:00","dateModified":"2025-01-02T11:29:31+00:00","description":"Temos orgulho de trabalhar com v\u00e1rios l\u00edderes de opini\u00e3o importantes no mundo respirat\u00f3rio para ajudar a educar sobre os benef\u00edcios da an\u00e1lise da respira\u00e7\u00e3o.","breadcrumb":{"@id":"https:\/\/www.bedfont.com\/pt-pt\/conselho-consultivo-medico\/#breadcrumb"},"inLanguage":"pt-PT","potentialAction":[{"@type":"ReadAction","target":["https:\/\/www.bedfont.com\/pt-pt\/conselho-consultivo-medico\/"]}]},{"@type":"ImageObject","inLanguage":"pt-PT","@id":"https:\/\/www.bedfont.com\/pt-pt\/conselho-consultivo-medico\/#primaryimage","url":"https:\/\/www.bedfont.com\/wp-content\/uploads\/2024\/10\/who-we-are.jpg","contentUrl":"https:\/\/www.bedfont.com\/wp-content\/uploads\/2024\/10\/who-we-are.jpg"},{"@type":"BreadcrumbList","@id":"https:\/\/www.bedfont.com\/pt-pt\/conselho-consultivo-medico\/#breadcrumb","itemListElement":[{"@type":"ListItem","position":1,"name":"Home","item":"https:\/\/www.bedfont.com\/pt-pt\/"},{"@type":"ListItem","position":2,"name":"Conselho Consultivo M\u00e9dico"}]},{"@type":"WebSite","@id":"https:\/\/www.bedfont.com\/pt-pt\/#website","url":"https:\/\/www.bedfont.com\/pt-pt\/","name":"Bedfont Scientific Ltd.","description":"World leaders in breath analysis.","publisher":{"@id":"https:\/\/www.bedfont.com\/pt-pt\/#organization"},"potentialAction":[{"@type":"SearchAction","target":{"@type":"EntryPoint","urlTemplate":"https:\/\/www.bedfont.com\/pt-pt\/?s={search_term_string}"},"query-input":{"@type":"PropertyValueSpecification","valueRequired":true,"valueName":"search_term_string"}}],"inLanguage":"pt-PT"},{"@type":"Organization","@id":"https:\/\/www.bedfont.com\/pt-pt\/#organization","name":"Bedfont Scientific Ltd.","url":"https:\/\/www.bedfont.com\/pt-pt\/","logo":{"@type":"ImageObject","inLanguage":"pt-PT","@id":"https:\/\/www.bedfont.com\/pt-pt\/#\/schema\/logo\/image\/","url":"https:\/\/www.bedfont.com\/wp-content\/uploads\/2023\/06\/logo.png","contentUrl":"https:\/\/www.bedfont.com\/wp-content\/uploads\/2023\/06\/logo.png","width":1600,"height":505,"caption":"Bedfont Scientific Ltd."},"image":{"@id":"https:\/\/www.bedfont.com\/pt-pt\/#\/schema\/logo\/image\/"},"sameAs":["https:\/\/www.facebook.com\/Bedfontltd\/","https:\/\/x.com\/BedfontLtd","https:\/\/www.instagram.com\/bedfontltd\/","https:\/\/www.linkedin.com\/company\/bedfont-scientific-ltd\/","https:\/\/www.youtube.com\/user\/BedfontScientificLtd"]}]}},"_links":{"self":[{"href":"https:\/\/www.bedfont.com\/pt-pt\/wp-json\/wp\/v2\/pages\/3553","targetHints":{"allow":["GET"]}}],"collection":[{"href":"https:\/\/www.bedfont.com\/pt-pt\/wp-json\/wp\/v2\/pages"}],"about":[{"href":"https:\/\/www.bedfont.com\/pt-pt\/wp-json\/wp\/v2\/types\/page"}],"author":[{"embeddable":true,"href":"https:\/\/www.bedfont.com\/pt-pt\/wp-json\/wp\/v2\/users\/6"}],"replies":[{"embeddable":true,"href":"https:\/\/www.bedfont.com\/pt-pt\/wp-json\/wp\/v2\/comments?post=3553"}],"version-history":[{"count":8,"href":"https:\/\/www.bedfont.com\/pt-pt\/wp-json\/wp\/v2\/pages\/3553\/revisions"}],"predecessor-version":[{"id":7637,"href":"https:\/\/www.bedfont.com\/pt-pt\/wp-json\/wp\/v2\/pages\/3553\/revisions\/7637"}],"wp:attachment":[{"href":"https:\/\/www.bedfont.com\/pt-pt\/wp-json\/wp\/v2\/media?parent=3553"}],"curies":[{"name":"wp","href":"https:\/\/api.w.org\/{rel}","templated":true}]}}