{"id":3499,"date":"2024-01-09T16:29:36","date_gmt":"2024-01-09T16:29:36","guid":{"rendered":"https:\/\/bedfont.theprogressteam.com\/cleaning-bedfont-devices\/"},"modified":"2024-10-14T08:04:50","modified_gmt":"2024-10-14T08:04:50","slug":"limpeza-de-dispositivos-bedfont","status":"publish","type":"page","link":"https:\/\/www.bedfont.com\/pt-pt\/limpeza-de-dispositivos-bedfont\/","title":{"rendered":"Limpeza de dispositivos Bedfont"},"content":{"rendered":"\n<h1 class=\"wp-block-heading\">Como limpar os dispositivos de an\u00e1lise respirat\u00f3ria Bedfont<sup>\u00ae<\/sup>?<\/h1>\n\n<p>Ao limpar o dispositivo de an\u00e1lise respirat\u00f3ria Smokeryzer<sup>\u00ae<\/sup>, NObreath<sup>\u00ae<\/sup>, ToxCO<sup>\u00ae<\/sup> e Gastrolyzer<sup>\u00ae<\/sup>. Recomenda-se a utiliza\u00e7\u00e3o de solu\u00e7\u00f5es sem \u00e1lcool. <\/p>\n\n<p>Uma op\u00e7\u00e3o \u00e9 limpar o dispositivo com um pano h\u00famido utilizando \u00e1gua ou um detergente suave; s\u00e3o recomendadas as seguintes categorias de produtos de limpeza sem \u00e1lcool:<\/p>\n\n<figure class=\"wp-block-table mt-5 mb-5\"><table class=\"has-fixed-layout\"><tbody><tr><th>Sk\u0142adniki aktywne<\/th><th>St\u0119\u017cenie<\/th><th>Przyk\u0142ad<\/th><\/tr><tr><td>Izotiazolinon<\/td><td>&lt;0.01%<\/td><td>5-chloro-2-metylo-2H-izotiazol-3-on<\/td><\/tr><tr><td>Biguanid<\/td><td>&lt;1.0%<\/td><td>Chlorowodorek poliheksametylenobiguanidu<\/td><\/tr><tr><td>Biguanid<\/td><td>&lt;2%<\/td><td>Diglukonian chlorheksydyny<\/td><\/tr><tr><td>Czwartorz\u0119dowy zwi\u0105zek amoniowy<\/td><td>&lt;5%<\/td><td>Cloreto de benzalc\u00f4nio<\/td><\/tr><tr><td>Hipoclorito de S\u00f3dio<\/td><td>&lt;0.74%<\/td><td><\/td><\/tr><tr><td>Hidr\u00f3xido de s\u00f3dio<\/td><td>&lt;0.25%<\/td><\/tr><\/tbody><\/table><\/figure>\n\n<p>Os produtos e toalhetes de limpeza que contenham os ingredientes referidos dentro das concentra\u00e7\u00f5es recomendadas s\u00e3o adequados para utiliza\u00e7\u00e3o com os dispositivos de an\u00e1lise do h\u00e1lito Bedfont<sup>\u00ae<\/sup>.<\/p>\n\n<p><strong>A Bedfont<sup>\u00ae<\/sup> testou e recomenda os seguintes toalhetes de limpeza:<\/strong><\/p>\n\n<ul class=\"wp-block-list\">\n<li>Toalhetes Azomax Universal Wipes (da Vernacare)<\/li>\n\n\n\n<li>Toalhetes Clinell Universal(da Gama Healthcare)<\/li>\n\n\n\n<li>Toalhetes Clinell Clorox (da Gama Healthcare)<\/li>\n\n\n\n<li>AF3 Toalhetes descart\u00e1veis germicidas Sani-cloth (da PDI)<\/li>\n<\/ul>\n\n<p>N\u00e3o limpe o dispositivo com produtos que contenham qualquer tipo de \u00e1lcool, incluindo quaisquer produtos de limpeza que possam ser utilizados para limpar outro equipamento ou a \u00e1rea de superf\u00edcie circundante, bem como toalhetes, g\u00e9is ou sprays de \u00e1lcool utilizados nos doentes.<\/p>\n\n<p>N\u00e3o use produtos como, por exemplo, mas n\u00e3o se limitando a:<\/p>\n\n<ul class=\"wp-block-list\">\n<li>Desinfectantes, sprays ou toalhetes que contenham \u00e1lcool.<\/li>\n\n\n\n<li>Quaisquer agentes de limpeza utilizados para limpar as suas instala\u00e7\u00f5es ou outro equipamento na zona, bem como toalhetes ou sprays com \u00e1lcool utilizados nos doentes.<\/li>\n\n\n\n<li>Desinfetante para as m\u00e3os com \u00e1lcool.<\/li>\n<\/ul>\n\n<p>A utiliza\u00e7\u00e3o de subst\u00e2ncias que contenham \u00e1lcool perto dos dispositivos de an\u00e1lise do h\u00e1lito Bedfont<sup>\u00ae<\/sup> pode causar resultados err\u00f3neos. Bedfont<sup>\u00ae<\/sup> recomenda que minimizes a utiliza\u00e7\u00e3o de solventes perto ou em redor do dispositivo. <\/p>\n\n<p>Para mais informa\u00e7\u00f5es sobre os procedimentos de limpeza, consulta o manual do utilizador do teu aparelho.\nTodos os manuais est\u00e3o dispon\u00edveis <a href=\"\" target=\"\" title=\"\" rel=\"noopener\">aqui<\/a>. <\/p>\n\n<p>Se tiver mais d\u00favidas sobre estas informa\u00e7\u00f5es, contacte-nos pelo e-mail <a href=\"mailto:ask@bedfont.com\">ask@bedfont.com<\/a>. Em alternativa, pode ligar para +44 (0) 1622 851122. <\/p>\n","protected":false},"excerpt":{"rendered":"<p>Como limpar os dispositivos de an\u00e1lise respirat\u00f3ria Bedfont\u00ae? Ao limpar o dispositivo de an\u00e1lise respirat\u00f3ria Smokeryzer\u00ae, NObreath\u00ae, ToxCO\u00ae e Gastrolyzer\u00ae. Recomenda-se a utiliza\u00e7\u00e3o de solu\u00e7\u00f5es sem \u00e1lcool. Uma op\u00e7\u00e3o \u00e9 limpar o dispositivo com um pano h\u00famido utilizando \u00e1gua ou um detergente suave; s\u00e3o recomendadas as seguintes categorias de produtos de limpeza sem \u00e1lcool: Sk\u0142adniki [&hellip;]<\/p>\n","protected":false},"author":6,"featured_media":0,"parent":0,"menu_order":0,"comment_status":"closed","ping_status":"closed","template":"templates\/page-gutenberg.php","meta":{"_acf_changed":false,"footnotes":""},"class_list":["post-3499","page","type-page","status-publish","hentry"],"acf":[],"yoast_head":"<!-- This site is optimized with the Yoast SEO plugin v27.5 - https:\/\/yoast.com\/product\/yoast-seo-wordpress\/ -->\n<title>Limpeza de dispositivos Bedfont - Bedfont Scientific Ltd.<\/title>\n<meta name=\"description\" content=\"Produtos de limpeza e len\u00e7os de limpeza contendo esses ingredientes nas concentra\u00e7\u00f5es recomendadas s\u00e3o adequados para uso com nossos dispositivos.\" \/>\n<meta name=\"robots\" content=\"index, follow, max-snippet:-1, max-image-preview:large, max-video-preview:-1\" \/>\n<link rel=\"canonical\" href=\"https:\/\/www.bedfont.com\/pt-pt\/limpeza-de-dispositivos-bedfont\/\" \/>\n<meta property=\"og:locale\" content=\"pt_PT\" \/>\n<meta property=\"og:type\" content=\"article\" \/>\n<meta property=\"og:title\" content=\"Limpeza de dispositivos Bedfont - Bedfont Scientific Ltd.\" \/>\n<meta property=\"og:description\" content=\"Produtos de limpeza e len\u00e7os de limpeza contendo esses ingredientes nas concentra\u00e7\u00f5es recomendadas s\u00e3o adequados para uso com nossos dispositivos.\" \/>\n<meta property=\"og:url\" content=\"https:\/\/www.bedfont.com\/pt-pt\/limpeza-de-dispositivos-bedfont\/\" \/>\n<meta property=\"og:site_name\" content=\"Bedfont Scientific Ltd.\" \/>\n<meta property=\"article:publisher\" content=\"https:\/\/www.facebook.com\/Bedfontltd\/\" \/>\n<meta property=\"article:modified_time\" content=\"2024-10-14T08:04:50+00:00\" \/>\n<meta name=\"twitter:card\" content=\"summary_large_image\" \/>\n<meta name=\"twitter:site\" content=\"@BedfontLtd\" \/>\n<meta name=\"twitter:label1\" content=\"Tempo estimado de leitura\" \/>\n\t<meta name=\"twitter:data1\" content=\"2 minutos\" \/>\n<script type=\"application\/ld+json\" class=\"yoast-schema-graph\">{\"@context\":\"https:\\\/\\\/schema.org\",\"@graph\":[{\"@type\":\"WebPage\",\"@id\":\"https:\\\/\\\/www.bedfont.com\\\/pt-pt\\\/limpeza-de-dispositivos-bedfont\\\/\",\"url\":\"https:\\\/\\\/www.bedfont.com\\\/pt-pt\\\/limpeza-de-dispositivos-bedfont\\\/\",\"name\":\"Limpeza de dispositivos Bedfont - Bedfont Scientific Ltd.\",\"isPartOf\":{\"@id\":\"https:\\\/\\\/www.bedfont.com\\\/pt-pt\\\/#website\"},\"datePublished\":\"2024-01-09T16:29:36+00:00\",\"dateModified\":\"2024-10-14T08:04:50+00:00\",\"description\":\"Produtos de limpeza e len\u00e7os de limpeza contendo esses ingredientes nas concentra\u00e7\u00f5es recomendadas s\u00e3o adequados para uso com nossos dispositivos.\",\"breadcrumb\":{\"@id\":\"https:\\\/\\\/www.bedfont.com\\\/pt-pt\\\/limpeza-de-dispositivos-bedfont\\\/#breadcrumb\"},\"inLanguage\":\"pt-PT\",\"potentialAction\":[{\"@type\":\"ReadAction\",\"target\":[\"https:\\\/\\\/www.bedfont.com\\\/pt-pt\\\/limpeza-de-dispositivos-bedfont\\\/\"]}]},{\"@type\":\"BreadcrumbList\",\"@id\":\"https:\\\/\\\/www.bedfont.com\\\/pt-pt\\\/limpeza-de-dispositivos-bedfont\\\/#breadcrumb\",\"itemListElement\":[{\"@type\":\"ListItem\",\"position\":1,\"name\":\"Home\",\"item\":\"https:\\\/\\\/www.bedfont.com\\\/pt-pt\\\/\"},{\"@type\":\"ListItem\",\"position\":2,\"name\":\"Limpeza de dispositivos Bedfont\"}]},{\"@type\":\"WebSite\",\"@id\":\"https:\\\/\\\/www.bedfont.com\\\/pt-pt\\\/#website\",\"url\":\"https:\\\/\\\/www.bedfont.com\\\/pt-pt\\\/\",\"name\":\"Bedfont Scientific Ltd.\",\"description\":\"World leaders in breath analysis.\",\"potentialAction\":[{\"@type\":\"SearchAction\",\"target\":{\"@type\":\"EntryPoint\",\"urlTemplate\":\"https:\\\/\\\/www.bedfont.com\\\/pt-pt\\\/?s={search_term_string}\"},\"query-input\":{\"@type\":\"PropertyValueSpecification\",\"valueRequired\":true,\"valueName\":\"search_term_string\"}}],\"inLanguage\":\"pt-PT\"}]}<\/script>\n<!-- \/ Yoast SEO plugin. -->","yoast_head_json":{"title":"Limpeza de dispositivos Bedfont - Bedfont Scientific Ltd.","description":"Produtos de limpeza e len\u00e7os de limpeza contendo esses ingredientes nas concentra\u00e7\u00f5es recomendadas s\u00e3o adequados para uso com nossos dispositivos.","robots":{"index":"index","follow":"follow","max-snippet":"max-snippet:-1","max-image-preview":"max-image-preview:large","max-video-preview":"max-video-preview:-1"},"canonical":"https:\/\/www.bedfont.com\/pt-pt\/limpeza-de-dispositivos-bedfont\/","og_locale":"pt_PT","og_type":"article","og_title":"Limpeza de dispositivos Bedfont - Bedfont Scientific Ltd.","og_description":"Produtos de limpeza e len\u00e7os de limpeza contendo esses ingredientes nas concentra\u00e7\u00f5es recomendadas s\u00e3o adequados para uso com nossos dispositivos.","og_url":"https:\/\/www.bedfont.com\/pt-pt\/limpeza-de-dispositivos-bedfont\/","og_site_name":"Bedfont Scientific Ltd.","article_publisher":"https:\/\/www.facebook.com\/Bedfontltd\/","article_modified_time":"2024-10-14T08:04:50+00:00","twitter_card":"summary_large_image","twitter_site":"@BedfontLtd","twitter_misc":{"Tempo estimado de leitura":"2 minutos"},"schema":{"@context":"https:\/\/schema.org","@graph":[{"@type":"WebPage","@id":"https:\/\/www.bedfont.com\/pt-pt\/limpeza-de-dispositivos-bedfont\/","url":"https:\/\/www.bedfont.com\/pt-pt\/limpeza-de-dispositivos-bedfont\/","name":"Limpeza de dispositivos Bedfont - Bedfont Scientific Ltd.","isPartOf":{"@id":"https:\/\/www.bedfont.com\/pt-pt\/#website"},"datePublished":"2024-01-09T16:29:36+00:00","dateModified":"2024-10-14T08:04:50+00:00","description":"Produtos de limpeza e len\u00e7os de limpeza contendo esses ingredientes nas concentra\u00e7\u00f5es recomendadas s\u00e3o adequados para uso com nossos dispositivos.","breadcrumb":{"@id":"https:\/\/www.bedfont.com\/pt-pt\/limpeza-de-dispositivos-bedfont\/#breadcrumb"},"inLanguage":"pt-PT","potentialAction":[{"@type":"ReadAction","target":["https:\/\/www.bedfont.com\/pt-pt\/limpeza-de-dispositivos-bedfont\/"]}]},{"@type":"BreadcrumbList","@id":"https:\/\/www.bedfont.com\/pt-pt\/limpeza-de-dispositivos-bedfont\/#breadcrumb","itemListElement":[{"@type":"ListItem","position":1,"name":"Home","item":"https:\/\/www.bedfont.com\/pt-pt\/"},{"@type":"ListItem","position":2,"name":"Limpeza de dispositivos Bedfont"}]},{"@type":"WebSite","@id":"https:\/\/www.bedfont.com\/pt-pt\/#website","url":"https:\/\/www.bedfont.com\/pt-pt\/","name":"Bedfont Scientific Ltd.","description":"World leaders in breath analysis.","potentialAction":[{"@type":"SearchAction","target":{"@type":"EntryPoint","urlTemplate":"https:\/\/www.bedfont.com\/pt-pt\/?s={search_term_string}"},"query-input":{"@type":"PropertyValueSpecification","valueRequired":true,"valueName":"search_term_string"}}],"inLanguage":"pt-PT"}]}},"_links":{"self":[{"href":"https:\/\/www.bedfont.com\/pt-pt\/wp-json\/wp\/v2\/pages\/3499","targetHints":{"allow":["GET"]}}],"collection":[{"href":"https:\/\/www.bedfont.com\/pt-pt\/wp-json\/wp\/v2\/pages"}],"about":[{"href":"https:\/\/www.bedfont.com\/pt-pt\/wp-json\/wp\/v2\/types\/page"}],"author":[{"embeddable":true,"href":"https:\/\/www.bedfont.com\/pt-pt\/wp-json\/wp\/v2\/users\/6"}],"replies":[{"embeddable":true,"href":"https:\/\/www.bedfont.com\/pt-pt\/wp-json\/wp\/v2\/comments?post=3499"}],"version-history":[{"count":5,"href":"https:\/\/www.bedfont.com\/pt-pt\/wp-json\/wp\/v2\/pages\/3499\/revisions"}],"predecessor-version":[{"id":7036,"href":"https:\/\/www.bedfont.com\/pt-pt\/wp-json\/wp\/v2\/pages\/3499\/revisions\/7036"}],"wp:attachment":[{"href":"https:\/\/www.bedfont.com\/pt-pt\/wp-json\/wp\/v2\/media?parent=3499"}],"curies":[{"name":"wp","href":"https:\/\/api.w.org\/{rel}","templated":true}]}}