{"id":3465,"date":"2023-02-09T14:17:44","date_gmt":"2023-02-09T14:17:44","guid":{"rendered":"https:\/\/bedfont.theprogressteam.com\/torne-se-um-distribuidor\/"},"modified":"2024-10-14T10:51:54","modified_gmt":"2024-10-14T10:51:54","slug":"torne-se-um-distribuidor","status":"publish","type":"page","link":"https:\/\/www.bedfont.com\/pt-pt\/torne-se-um-distribuidor\/","title":{"rendered":"Torne-se um Distribuidor"},"content":{"rendered":"<section class=\"subtle-bg mb-60px\" id=\"module-767-hero-0\">\n\t<img decoding=\"async\" src=\"https:\/\/www.bedfont.com\/wp-content\/themes\/bedfont\/assets\/img\/subtle-bg.jpg\" class=\"subtle-bg\" alt=\"Image of subtle website background\"\/>\n\t<div class=\"container\">\n\t\t<div class=\"row\">\n\t\t\t<div class=\"col-12 col-md-6 pe-5 my-auto\">\n\t\t\t\t<h1 class=\"text-left mt-lg-0\">Torne-se um Distribuidor<\/h1>\n\t\t\t\t<p><\/p><p>A Bedfont<sup>\u00ae<\/sup> est\u00e1 empenhada em impulsionar os neg\u00f3cios atrav\u00e9s de distribuidores cuidadosamente selecionados que partilham o mesmo objetivo de melhorar os cuidados de sa\u00fade em todo o mundo. Nossos distribuidores t\u00eam um hist\u00f3rico comprovado de lideran\u00e7a empresarial em diferentes setores e trabalhamos em estreita colabora\u00e7\u00e3o para manter um relacionamento duradouro com eles. <\/p>\n<p>Estamos sempre procurando pessoas com ideias semelhantes para ajudar a distribuir nossos produtos em todo o mundo em nossa miss\u00e3o de fornecer produtos m\u00e9dicos de \u00faltima gera\u00e7\u00e3o para an\u00e1lise do h\u00e1lito.<\/p>\n<ul class=\"distributor-checklist\">\n<li><i class=\"fa-solid fa-check\" aria-hidden=\"true\"><\/i> Produtos comercializados com sucesso em todo o mundo h\u00e1 mais de 40 anos<\/li>\n<li><i class=\"fa-solid fa-check\" aria-hidden=\"true\"><\/i> As nossas marcas registadas s\u00e3o reconhecidas em mais de 70 pa\u00edses<\/li>\n<li><i class=\"fa-solid fa-check\" aria-hidden=\"true\"><\/i> L\u00edder de mercado nos sectores da cessa\u00e7\u00e3o tab\u00e1gica, da gastroenterologia e da asma<\/li>\n<li><i class=\"fa-solid fa-check\" aria-hidden=\"true\"><\/i> Produtos inovadores e de alta qualidade a pre\u00e7os competitivos<\/li>\n<li><i class=\"fa-solid fa-check\" aria-hidden=\"true\"><\/i> Servi\u00e7o r\u00e1pido e uma variedade de ferramentas de marketing para apoiar as suas atividades<\/li>\n<li><i class=\"fa-solid fa-check\" aria-hidden=\"true\"><\/i> Vantagens da parceria<\/li>\n<\/ul>\n\n\t\t\t\t\n\t\t\t<\/div>\n\t\t\t<div class=\"col-12 col-md-6 mt-5 mt-lg-0\"><img width=\"500\" height=\"542\" src=\"https:\/\/www.bedfont.com\/wp-content\/uploads\/2024\/10\/distributor-image.png\" class=\"img-fluid br-30\" alt=\"\" decoding=\"async\" loading=\"lazy\" srcset=\"https:\/\/www.bedfont.com\/wp-content\/uploads\/2024\/10\/distributor-image.png 500w, https:\/\/www.bedfont.com\/wp-content\/uploads\/2024\/10\/distributor-image-277x300.png 277w\" sizes=\"auto, (max-width: 500px) 100vw, 500px\"\/><\/div>\n\t\t<\/div>\n\t<\/div>\n<\/section><section class=\"two-column-image-text style-3 accordion-module \" id=\"module-767-accordion-1\">\n\t<div class=\"container\">\n\t\t<div class=\"row \">\n\t\t\t<div class=\"col-12 col-lg-6 ps-md-5 who-we-are-home my-auto text-col\">\n\t<div class=\"inner\">\n\n\t\t\t\t<h2 class=\"text-center\">Vantagens de se Tornar um Distribuidor Bedfont<\/h2>\n    <div class=\"accordion\" id=\"accordionModule\"><div class=\"accordion-item\"><h2 class=\"accordion-header\" id=\"heading0\"> <button class=\"accordion-button \" type=\"button\" data-bs-toggle=\"collapse\" data-bs-target=\"#collapse0\" aria-expanded=\"true\" aria-controls=\"collapse0\"> Marketing <\/button> <\/h2><div id=\"collapse0\" class=\"accordion-collapse collapse show\" aria-labelledby=\"heading0\" data-bs-parent=\"#accordionModule\">\n\t\t\t\t\t\t\t\t<div class=\"accordion-body\">\n\t\t\t\t\t\t\t\t\t<ul class=\"distributor-checklist\"><li><i class=\"fa-solid fa-check\" aria-hidden=\"true\"><\/i>Material de marketing<\/li><li><i class=\"fa-solid fa-check\" aria-hidden=\"true\"><\/i>Kits de vendas<\/li><li><i class=\"fa-solid fa-check\" aria-hidden=\"true\"><\/i>Listagem no nosso website<\/li><li><i class=\"fa-solid fa-check\" aria-hidden=\"true\"><\/i>Promo\u00e7\u00f5es locais: campanhas regulares e incentivos adaptados \u00e0 sua regi\u00e3o de vendas<\/li><li><i class=\"fa-solid fa-check\" aria-hidden=\"true\"><\/i>Possibilidade de subven\u00e7\u00f5es para iniciativas de marketing<\/li><\/ul>\n\t\t\t\t\t\t\t\t<\/div>\n\t\t\t\t\t\t\t<\/div><\/div><div class=\"accordion-item\"><h2 class=\"accordion-header\" id=\"heading1\"> <button class=\"accordion-button collapsed\" type=\"button\" data-bs-toggle=\"collapse\" data-bs-target=\"#collapse1\" aria-expanded=\"false\" aria-controls=\"collapse1\"> Suporte de Vendas <\/button> <\/h2><div id=\"collapse1\" class=\"accordion-collapse collapse \" aria-labelledby=\"heading1\" data-bs-parent=\"#accordionModule\">\n\t\t\t\t\t\t\t\t<div class=\"accordion-body\">\n\t\t\t\t\t\t\t\t\t<ul class=\"distributor-checklist\"><li><i class=\"fa-solid fa-check\" aria-hidden=\"true\"><\/i>Margens de vendas melhoradas<\/li><li><i class=\"fa-solid fa-check\" aria-hidden=\"true\"><\/i>Equipamento de demonstra\u00e7\u00e3o n\u00e3o destinado a revenda (NFR) com desconto<\/li><li><i class=\"fa-solid fa-check\" aria-hidden=\"true\"><\/i>Lista de Pre\u00e7os RRP<\/li><li><i class=\"fa-solid fa-check\" aria-hidden=\"true\"><\/i>Gest\u00e3o de conta dedicada  gera\u00e7\u00e3o de dicas<\/li><li><i class=\"fa-solid fa-check\" aria-hidden=\"true\"><\/i>Ponto de contacto \u00fanico e responsivo<\/li><li><i class=\"fa-solid fa-check\" aria-hidden=\"true\"><\/i>Planeamento conjunto de vendas e marketing<\/li><li><i class=\"fa-solid fa-check\" aria-hidden=\"true\"><\/i>Suporte em visitas ao cliente final<\/li><li><i class=\"fa-solid fa-check\" aria-hidden=\"true\"><\/i>Encaminhamento de clientes<\/li><\/ul>\n\t\t\t\t\t\t\t\t<\/div>\n\t\t\t\t\t\t\t<\/div><\/div><div class=\"accordion-item\"><h2 class=\"accordion-header\" id=\"heading2\"> <button class=\"accordion-button collapsed\" type=\"button\" data-bs-toggle=\"collapse\" data-bs-target=\"#collapse2\" aria-expanded=\"false\" aria-controls=\"collapse2\"> Forma\u00e7\u00e3o <\/button> <\/h2><div id=\"collapse2\" class=\"accordion-collapse collapse \" aria-labelledby=\"heading2\" data-bs-parent=\"#accordionModule\">\n\t\t\t\t\t\t\t\t<div class=\"accordion-body\">\n\t\t\t\t\t\t\t\t\t<ul class=\"distributor-checklist\"><li><i class=\"fa-solid fa-check\" aria-hidden=\"true\"><\/i>Desenvolvimento comercial  vendas<\/li><li><i class=\"fa-solid fa-check\" aria-hidden=\"true\"><\/i>Tutoriais em sala de aula, webinar e online<\/li><li><i class=\"fa-solid fa-check\" aria-hidden=\"true\"><\/i>V\u00eddeos de produtos<\/li><\/ul>\n\t\t\t\t\t\t\t\t<\/div>\n\t\t\t\t\t\t\t<\/div><\/div><div class=\"accordion-item\"><h2 class=\"accordion-header\" id=\"heading3\"> <button class=\"accordion-button collapsed\" type=\"button\" data-bs-toggle=\"collapse\" data-bs-target=\"#collapse3\" aria-expanded=\"false\" aria-controls=\"collapse3\"> Informa\u00e7\u00e3o dedicada <\/button> <\/h2><div id=\"collapse3\" class=\"accordion-collapse collapse \" aria-labelledby=\"heading3\" data-bs-parent=\"#accordionModule\">\n\t\t\t\t\t\t\t\t<div class=\"accordion-body\">\n\t\t\t\t\t\t\t\t\t<ul class=\"distributor-checklist\"><li><i class=\"fa-solid fa-check\" aria-hidden=\"true\"><\/i>Newsletters Regulares<\/li><li><i class=\"fa-solid fa-check\" aria-hidden=\"true\"><\/i>Website de Distribuidor<\/li><li><i class=\"fa-solid fa-check\" aria-hidden=\"true\"><\/i>An\u00fancios de lan\u00e7amento antecipado de produtos e de descontinua\u00e7\u00e3o<\/li><li><i class=\"fa-solid fa-check\" aria-hidden=\"true\"><\/i>Especifica\u00e7\u00f5es T\u00e9cnicas<\/li><\/ul>\n\t\t\t\t\t\t\t\t<\/div>\n\t\t\t\t\t\t\t<\/div><\/div><div class=\"accordion-item\"><h2 class=\"accordion-header\" id=\"heading4\"> <button class=\"accordion-button collapsed\" type=\"button\" data-bs-toggle=\"collapse\" data-bs-target=\"#collapse4\" aria-expanded=\"false\" aria-controls=\"collapse4\"> Suporte T\u00e9cnico <\/button> <\/h2><div id=\"collapse4\" class=\"accordion-collapse collapse \" aria-labelledby=\"heading4\" data-bs-parent=\"#accordionModule\">\n\t\t\t\t\t\t\t\t<div class=\"accordion-body\">\n\t\t\t\t\t\t\t\t\t<ul class=\"distributor-checklist\"><li><i class=\"fa-solid fa-check\" aria-hidden=\"true\"><\/i>Suporte Online e por telefibe<\/li><li><i class=\"fa-solid fa-check\" aria-hidden=\"true\"><\/i>Videoconfer\u00eancias<\/li><li><i class=\"fa-solid fa-check\" aria-hidden=\"true\"><\/i>Listagem no nosso website<\/li><li><i class=\"fa-solid fa-check\" aria-hidden=\"true\"><\/i>Listagem no nosso website<\/li><li><i class=\"fa-solid fa-check\" aria-hidden=\"true\"><\/i>Garantia e garantia alargada<\/li><li><i class=\"fa-solid fa-check\" aria-hidden=\"true\"><\/i>Suporte local<\/li><\/ul>\n\t\t\t\t\t\t\t\t<\/div>\n\t\t\t\t\t\t\t<\/div><\/div><\/div>\n\t<div class=\"bottom-text mt-4 text-center\"><p>Alguns benef\u00edcios dependem da categoria do Distribuidor.<\/p>\n<\/div>\n\t\t\t<\/div>\n\t\t\t<\/div>\n\t\t\t<div class=\"col-12 col-lg-6\">\n\t\t\t<div class=\"image-box\">\n\t\t\t<img width=\"640\" height=\"482\" src=\"https:\/\/www.bedfont.com\/wp-content\/uploads\/2024\/10\/distributor-meeting-1024x771.jpg\" class=\"attachment-large size-large\" alt=\"\" decoding=\"async\" loading=\"lazy\" srcset=\"https:\/\/www.bedfont.com\/wp-content\/uploads\/2024\/10\/distributor-meeting-1024x771.jpg 1024w, https:\/\/www.bedfont.com\/wp-content\/uploads\/2024\/10\/distributor-meeting-300x226.jpg 300w, https:\/\/www.bedfont.com\/wp-content\/uploads\/2024\/10\/distributor-meeting-768x578.jpg 768w, https:\/\/www.bedfont.com\/wp-content\/uploads\/2024\/10\/distributor-meeting-1536x1157.jpg 1536w, https:\/\/www.bedfont.com\/wp-content\/uploads\/2024\/10\/distributor-meeting.jpg 2000w\" sizes=\"auto, (max-width: 640px) 100vw, 640px\"\/>\n\t\t\t<\/div>\n\t\t\t<\/div>\n\t\t<\/div>\n\t<\/div>\n<\/section><section class=\"two-column-image-text style-1 already-bedfont-distributor\" id=\"module-767-two_column_image_text-2\">\n\t<div class=\"container\">\n\t\t<div class=\"row flex-row-reverse\">\n\t\t\t<div class=\"col-12 col-lg-6 ps-md-5 who-we-are-home my-auto text-col\">\n\t<div class=\"inner\">\n\n\t\t\t\t<h2 class=\"text-left\">J\u00e1 \u00e9 um <span class=\"blue-text\">distribuidor Bedfont?<\/span><\/h2>\n\t\t\t\t<p>Se j\u00e1 \u00e9 um Distribuidor Bedfont e gostaria de aceder ao nosso site dedicado ao distribuidor, pode aceder ao mesmo utilizando o seu login no link abaixo. Aqui encontrar\u00e1 not\u00edcias, informa\u00e7\u00f5es e recursos sobre a Bedfont Scientific Ltd e os nossos produtos. <\/p>\n\n                <div class='button-box button-pink'><a class='btn ' href='https:\/\/www.bedfont-distributor.com\/' target=\"_self\">Visite aqui<i class='fa fa-arrow-right ms-1' aria-hidden='true'><\/i><\/a><\/div>\n\t\t\t<\/div>\n\t\t\t<\/div>\n\t\t\t<div class=\"col-12 col-lg-6\">\n\t\t\t<div class=\"image-box\">\n\t\t\t\t<img width=\"500\" height=\"542\" src=\"https:\/\/www.bedfont.com\/wp-content\/uploads\/2024\/10\/distributor-image.png\" class=\"attachment-large size-large\" alt=\"\" decoding=\"async\" loading=\"lazy\" srcset=\"https:\/\/www.bedfont.com\/wp-content\/uploads\/2024\/10\/distributor-image.png 500w, https:\/\/www.bedfont.com\/wp-content\/uploads\/2024\/10\/distributor-image-277x300.png 277w\" sizes=\"auto, (max-width: 500px) 100vw, 500px\"\/>\n\t\t\t<\/div>\n\t\t\t<\/div>\n\t\t<\/div>\n\t<\/div>\n<\/section><section class=\"form text-center style-1 become-distributor-form\" id=\"module-767-form-3\"><div class=\"container\"><h2 class=\"text-center\">Become a Distributor <span class=\"blue-text\">Today! <\/span><\/h2><p>N\u00e3o perca esta oportunidade de se juntar a uma ind\u00fastria pr\u00f3spera e em crescimento. Torne-se hoje um Distribuidor Bedfont e assuma o controlo do seu futuro financeiro. Preencha o formul\u00e1rio abaixo para come\u00e7ar!  <\/p>\n<script charset=\"utf-8\" type=\"text\/javascript\" src=\"\/\/js.hsforms.net\/forms\/embed\/v2.js\"><\/script>\n\t\t\t\t\t<script>\n\t\t\t\t\t  hbspt.forms.create({\n\t\t\t\t\t\tregion: \"na1\",\n\t\t\t\t\t\tportalId: \"6295439\",\n\t\t\t\t\t\tformId: \"306e0c18-ece3-46dc-93e9-31eca2c8c19a\"\n\t\t\t\t\t  });\n\t\t\t\t\t<\/script><\/div><\/section>","protected":false},"excerpt":{"rendered":"<p>Torne-se um Distribuidor A Bedfont\u00ae est\u00e1 empenhada em impulsionar os neg\u00f3cios atrav\u00e9s de distribuidores cuidadosamente selecionados que partilham o mesmo objetivo de melhorar os cuidados de sa\u00fade em todo o mundo. Nossos distribuidores t\u00eam um hist\u00f3rico comprovado de lideran\u00e7a empresarial em diferentes setores e trabalhamos em estreita colabora\u00e7\u00e3o para manter um relacionamento duradouro com eles. [&hellip;]<\/p>\n","protected":false},"author":6,"featured_media":0,"parent":0,"menu_order":0,"comment_status":"closed","ping_status":"closed","template":"templates\/page-modules.php","meta":{"_acf_changed":false,"footnotes":""},"class_list":["post-3465","page","type-page","status-publish","hentry"],"acf":[],"yoast_head":"<!-- This site is optimized with the Yoast SEO plugin v27.5 - https:\/\/yoast.com\/product\/yoast-seo-wordpress\/ -->\n<title>Torne-se um Distribuidor - Bedfont Scientific Ltd.<\/title>\n<meta name=\"description\" content=\"A Bedfont est\u00e1 empenhada em impulsionar o neg\u00f3cio atrav\u00e9s de distribuidores cuidadosamente selecionados que partilham o mesmo objetivo de melhorar os cuidados de sa\u00fade em todo o mundo.\" \/>\n<meta name=\"robots\" content=\"index, follow, max-snippet:-1, max-image-preview:large, max-video-preview:-1\" \/>\n<link rel=\"canonical\" href=\"https:\/\/www.bedfont.com\/pt-pt\/torne-se-um-distribuidor\/\" \/>\n<meta property=\"og:locale\" content=\"pt_PT\" \/>\n<meta property=\"og:type\" content=\"article\" \/>\n<meta property=\"og:title\" content=\"Torne-se um Distribuidor - Bedfont Scientific Ltd.\" \/>\n<meta property=\"og:description\" content=\"A Bedfont est\u00e1 empenhada em impulsionar o neg\u00f3cio atrav\u00e9s de distribuidores cuidadosamente selecionados que partilham o mesmo objetivo de melhorar os cuidados de sa\u00fade em todo o mundo.\" \/>\n<meta property=\"og:url\" content=\"https:\/\/www.bedfont.com\/pt-pt\/torne-se-um-distribuidor\/\" \/>\n<meta property=\"og:site_name\" content=\"Bedfont Scientific Ltd.\" \/>\n<meta property=\"article:publisher\" content=\"https:\/\/www.facebook.com\/Bedfontltd\/\" \/>\n<meta property=\"article:modified_time\" content=\"2024-10-14T10:51:54+00:00\" \/>\n<meta property=\"og:image\" content=\"https:\/\/www.bedfont.com\/wp-content\/themes\/bedfont\/assets\/img\/subtle-bg.jpg\" \/>\n<meta name=\"twitter:card\" content=\"summary_large_image\" \/>\n<meta name=\"twitter:site\" content=\"@BedfontLtd\" \/>\n<meta name=\"twitter:label1\" content=\"Tempo estimado de leitura\" \/>\n\t<meta name=\"twitter:data1\" content=\"2 minutos\" \/>\n<script type=\"application\/ld+json\" class=\"yoast-schema-graph\">{\"@context\":\"https:\\\/\\\/schema.org\",\"@graph\":[{\"@type\":\"WebPage\",\"@id\":\"https:\\\/\\\/www.bedfont.com\\\/pt-pt\\\/torne-se-um-distribuidor\\\/\",\"url\":\"https:\\\/\\\/www.bedfont.com\\\/pt-pt\\\/torne-se-um-distribuidor\\\/\",\"name\":\"Torne-se um Distribuidor - Bedfont Scientific Ltd.\",\"isPartOf\":{\"@id\":\"https:\\\/\\\/www.bedfont.com\\\/pt-pt\\\/#website\"},\"primaryImageOfPage\":{\"@id\":\"https:\\\/\\\/www.bedfont.com\\\/pt-pt\\\/torne-se-um-distribuidor\\\/#primaryimage\"},\"image\":{\"@id\":\"https:\\\/\\\/www.bedfont.com\\\/pt-pt\\\/torne-se-um-distribuidor\\\/#primaryimage\"},\"thumbnailUrl\":\"https:\\\/\\\/www.bedfont.com\\\/wp-content\\\/themes\\\/bedfont\\\/assets\\\/img\\\/subtle-bg.jpg\",\"datePublished\":\"2023-02-09T14:17:44+00:00\",\"dateModified\":\"2024-10-14T10:51:54+00:00\",\"description\":\"A Bedfont est\u00e1 empenhada em impulsionar o neg\u00f3cio atrav\u00e9s de distribuidores cuidadosamente selecionados que partilham o mesmo objetivo de melhorar os cuidados de sa\u00fade em todo o mundo.\",\"breadcrumb\":{\"@id\":\"https:\\\/\\\/www.bedfont.com\\\/pt-pt\\\/torne-se-um-distribuidor\\\/#breadcrumb\"},\"inLanguage\":\"pt-PT\",\"potentialAction\":[{\"@type\":\"ReadAction\",\"target\":[\"https:\\\/\\\/www.bedfont.com\\\/pt-pt\\\/torne-se-um-distribuidor\\\/\"]}]},{\"@type\":\"ImageObject\",\"inLanguage\":\"pt-PT\",\"@id\":\"https:\\\/\\\/www.bedfont.com\\\/pt-pt\\\/torne-se-um-distribuidor\\\/#primaryimage\",\"url\":\"https:\\\/\\\/www.bedfont.com\\\/wp-content\\\/themes\\\/bedfont\\\/assets\\\/img\\\/subtle-bg.jpg\",\"contentUrl\":\"https:\\\/\\\/www.bedfont.com\\\/wp-content\\\/themes\\\/bedfont\\\/assets\\\/img\\\/subtle-bg.jpg\"},{\"@type\":\"BreadcrumbList\",\"@id\":\"https:\\\/\\\/www.bedfont.com\\\/pt-pt\\\/torne-se-um-distribuidor\\\/#breadcrumb\",\"itemListElement\":[{\"@type\":\"ListItem\",\"position\":1,\"name\":\"Home\",\"item\":\"https:\\\/\\\/www.bedfont.com\\\/pt-pt\\\/\"},{\"@type\":\"ListItem\",\"position\":2,\"name\":\"Torne-se um Distribuidor\"}]},{\"@type\":\"WebSite\",\"@id\":\"https:\\\/\\\/www.bedfont.com\\\/pt-pt\\\/#website\",\"url\":\"https:\\\/\\\/www.bedfont.com\\\/pt-pt\\\/\",\"name\":\"Bedfont Scientific Ltd.\",\"description\":\"World leaders in breath analysis.\",\"potentialAction\":[{\"@type\":\"SearchAction\",\"target\":{\"@type\":\"EntryPoint\",\"urlTemplate\":\"https:\\\/\\\/www.bedfont.com\\\/pt-pt\\\/?s={search_term_string}\"},\"query-input\":{\"@type\":\"PropertyValueSpecification\",\"valueRequired\":true,\"valueName\":\"search_term_string\"}}],\"inLanguage\":\"pt-PT\"}]}<\/script>\n<!-- \/ Yoast SEO plugin. -->","yoast_head_json":{"title":"Torne-se um Distribuidor - Bedfont Scientific Ltd.","description":"A Bedfont est\u00e1 empenhada em impulsionar o neg\u00f3cio atrav\u00e9s de distribuidores cuidadosamente selecionados que partilham o mesmo objetivo de melhorar os cuidados de sa\u00fade em todo o mundo.","robots":{"index":"index","follow":"follow","max-snippet":"max-snippet:-1","max-image-preview":"max-image-preview:large","max-video-preview":"max-video-preview:-1"},"canonical":"https:\/\/www.bedfont.com\/pt-pt\/torne-se-um-distribuidor\/","og_locale":"pt_PT","og_type":"article","og_title":"Torne-se um Distribuidor - Bedfont Scientific Ltd.","og_description":"A Bedfont est\u00e1 empenhada em impulsionar o neg\u00f3cio atrav\u00e9s de distribuidores cuidadosamente selecionados que partilham o mesmo objetivo de melhorar os cuidados de sa\u00fade em todo o mundo.","og_url":"https:\/\/www.bedfont.com\/pt-pt\/torne-se-um-distribuidor\/","og_site_name":"Bedfont Scientific Ltd.","article_publisher":"https:\/\/www.facebook.com\/Bedfontltd\/","article_modified_time":"2024-10-14T10:51:54+00:00","og_image":[{"url":"https:\/\/www.bedfont.com\/wp-content\/themes\/bedfont\/assets\/img\/subtle-bg.jpg","type":"","width":"","height":""}],"twitter_card":"summary_large_image","twitter_site":"@BedfontLtd","twitter_misc":{"Tempo estimado de leitura":"2 minutos"},"schema":{"@context":"https:\/\/schema.org","@graph":[{"@type":"WebPage","@id":"https:\/\/www.bedfont.com\/pt-pt\/torne-se-um-distribuidor\/","url":"https:\/\/www.bedfont.com\/pt-pt\/torne-se-um-distribuidor\/","name":"Torne-se um Distribuidor - Bedfont Scientific Ltd.","isPartOf":{"@id":"https:\/\/www.bedfont.com\/pt-pt\/#website"},"primaryImageOfPage":{"@id":"https:\/\/www.bedfont.com\/pt-pt\/torne-se-um-distribuidor\/#primaryimage"},"image":{"@id":"https:\/\/www.bedfont.com\/pt-pt\/torne-se-um-distribuidor\/#primaryimage"},"thumbnailUrl":"https:\/\/www.bedfont.com\/wp-content\/themes\/bedfont\/assets\/img\/subtle-bg.jpg","datePublished":"2023-02-09T14:17:44+00:00","dateModified":"2024-10-14T10:51:54+00:00","description":"A Bedfont est\u00e1 empenhada em impulsionar o neg\u00f3cio atrav\u00e9s de distribuidores cuidadosamente selecionados que partilham o mesmo objetivo de melhorar os cuidados de sa\u00fade em todo o mundo.","breadcrumb":{"@id":"https:\/\/www.bedfont.com\/pt-pt\/torne-se-um-distribuidor\/#breadcrumb"},"inLanguage":"pt-PT","potentialAction":[{"@type":"ReadAction","target":["https:\/\/www.bedfont.com\/pt-pt\/torne-se-um-distribuidor\/"]}]},{"@type":"ImageObject","inLanguage":"pt-PT","@id":"https:\/\/www.bedfont.com\/pt-pt\/torne-se-um-distribuidor\/#primaryimage","url":"https:\/\/www.bedfont.com\/wp-content\/themes\/bedfont\/assets\/img\/subtle-bg.jpg","contentUrl":"https:\/\/www.bedfont.com\/wp-content\/themes\/bedfont\/assets\/img\/subtle-bg.jpg"},{"@type":"BreadcrumbList","@id":"https:\/\/www.bedfont.com\/pt-pt\/torne-se-um-distribuidor\/#breadcrumb","itemListElement":[{"@type":"ListItem","position":1,"name":"Home","item":"https:\/\/www.bedfont.com\/pt-pt\/"},{"@type":"ListItem","position":2,"name":"Torne-se um Distribuidor"}]},{"@type":"WebSite","@id":"https:\/\/www.bedfont.com\/pt-pt\/#website","url":"https:\/\/www.bedfont.com\/pt-pt\/","name":"Bedfont Scientific Ltd.","description":"World leaders in breath analysis.","potentialAction":[{"@type":"SearchAction","target":{"@type":"EntryPoint","urlTemplate":"https:\/\/www.bedfont.com\/pt-pt\/?s={search_term_string}"},"query-input":{"@type":"PropertyValueSpecification","valueRequired":true,"valueName":"search_term_string"}}],"inLanguage":"pt-PT"}]}},"_links":{"self":[{"href":"https:\/\/www.bedfont.com\/pt-pt\/wp-json\/wp\/v2\/pages\/3465","targetHints":{"allow":["GET"]}}],"collection":[{"href":"https:\/\/www.bedfont.com\/pt-pt\/wp-json\/wp\/v2\/pages"}],"about":[{"href":"https:\/\/www.bedfont.com\/pt-pt\/wp-json\/wp\/v2\/types\/page"}],"author":[{"embeddable":true,"href":"https:\/\/www.bedfont.com\/pt-pt\/wp-json\/wp\/v2\/users\/6"}],"replies":[{"embeddable":true,"href":"https:\/\/www.bedfont.com\/pt-pt\/wp-json\/wp\/v2\/comments?post=3465"}],"version-history":[{"count":6,"href":"https:\/\/www.bedfont.com\/pt-pt\/wp-json\/wp\/v2\/pages\/3465\/revisions"}],"predecessor-version":[{"id":7092,"href":"https:\/\/www.bedfont.com\/pt-pt\/wp-json\/wp\/v2\/pages\/3465\/revisions\/7092"}],"wp:attachment":[{"href":"https:\/\/www.bedfont.com\/pt-pt\/wp-json\/wp\/v2\/media?parent=3465"}],"curies":[{"name":"wp","href":"https:\/\/api.w.org\/{rel}","templated":true}]}}