{"id":8334,"date":"2025-03-17T14:53:10","date_gmt":"2025-03-17T14:53:10","guid":{"rendered":"https:\/\/www.bedfont.com\/zestaw-sdk\/"},"modified":"2025-03-28T15:46:33","modified_gmt":"2025-03-28T15:46:33","slug":"zestaw-sdk","status":"publish","type":"page","link":"https:\/\/www.bedfont.com\/pl\/zestaw-sdk\/","title":{"rendered":"Zestaw SDK"},"content":{"rendered":"","protected":false},"excerpt":{"rendered":"","protected":false},"author":6,"featured_media":8266,"parent":0,"menu_order":0,"comment_status":"closed","ping_status":"closed","template":"page-SDK.php","meta":{"_acf_changed":false,"footnotes":""},"class_list":["post-8334","page","type-page","status-publish","has-post-thumbnail","hentry"],"acf":[],"yoast_head":"<!-- This site is optimized with the Yoast SEO plugin v27.4 - https:\/\/yoast.com\/product\/yoast-seo-wordpress\/ -->\n<title>zestaw\u00f3w narz\u0119dzi do tworzenia oprogramowania - Bedfont Scientific Ltd.<\/title>\n<meta name=\"description\" content=\"Odblokuj bezproblemow\u0105 integracj\u0119 biowalidacji z Bedfont SDK! Zaprojektowano dla programist\u00f3w, aby mogli wprowadzi\u0107 dok\u0142adne monitorowanie zdrowia do swoich aplikacji.\" \/>\n<meta name=\"robots\" content=\"index, follow, max-snippet:-1, max-image-preview:large, max-video-preview:-1\" \/>\n<link rel=\"canonical\" href=\"https:\/\/www.bedfont.com\/pl\/zestaw-sdk\/\" \/>\n<meta property=\"og:locale\" content=\"pl_PL\" \/>\n<meta property=\"og:type\" content=\"article\" \/>\n<meta property=\"og:title\" content=\"zestaw\u00f3w narz\u0119dzi do tworzenia oprogramowania - Bedfont Scientific Ltd.\" \/>\n<meta property=\"og:description\" content=\"Odblokuj bezproblemow\u0105 integracj\u0119 biowalidacji z Bedfont SDK! Zaprojektowano dla programist\u00f3w, aby mogli wprowadzi\u0107 dok\u0142adne monitorowanie zdrowia do swoich aplikacji.\" \/>\n<meta property=\"og:url\" content=\"https:\/\/www.bedfont.com\/pl\/zestaw-sdk\/\" \/>\n<meta property=\"og:site_name\" content=\"Bedfont Scientific Ltd.\" \/>\n<meta property=\"article:publisher\" content=\"https:\/\/www.facebook.com\/Bedfontltd\/\" \/>\n<meta property=\"article:modified_time\" content=\"2025-03-28T15:46:33+00:00\" \/>\n<meta property=\"og:image\" content=\"https:\/\/www.bedfont.com\/wp-content\/uploads\/2025\/03\/SDK.png\" \/>\n\t<meta property=\"og:image:width\" content=\"444\" \/>\n\t<meta property=\"og:image:height\" content=\"430\" \/>\n\t<meta property=\"og:image:type\" content=\"image\/png\" \/>\n<meta name=\"twitter:card\" content=\"summary_large_image\" \/>\n<meta name=\"twitter:site\" content=\"@BedfontLtd\" \/>\n<script type=\"application\/ld+json\" class=\"yoast-schema-graph\">{\"@context\":\"https:\\\/\\\/schema.org\",\"@graph\":[{\"@type\":\"WebPage\",\"@id\":\"https:\\\/\\\/www.bedfont.com\\\/pl\\\/zestaw-sdk\\\/\",\"url\":\"https:\\\/\\\/www.bedfont.com\\\/pl\\\/zestaw-sdk\\\/\",\"name\":\"zestaw\u00f3w narz\u0119dzi do tworzenia oprogramowania - Bedfont Scientific Ltd.\",\"isPartOf\":{\"@id\":\"https:\\\/\\\/www.bedfont.com\\\/pl\\\/#website\"},\"primaryImageOfPage\":{\"@id\":\"https:\\\/\\\/www.bedfont.com\\\/pl\\\/zestaw-sdk\\\/#primaryimage\"},\"image\":{\"@id\":\"https:\\\/\\\/www.bedfont.com\\\/pl\\\/zestaw-sdk\\\/#primaryimage\"},\"thumbnailUrl\":\"https:\\\/\\\/www.bedfont.com\\\/wp-content\\\/uploads\\\/2025\\\/03\\\/SDK.png\",\"datePublished\":\"2025-03-17T14:53:10+00:00\",\"dateModified\":\"2025-03-28T15:46:33+00:00\",\"description\":\"Odblokuj bezproblemow\u0105 integracj\u0119 biowalidacji z Bedfont SDK! Zaprojektowano dla programist\u00f3w, aby mogli wprowadzi\u0107 dok\u0142adne monitorowanie zdrowia do swoich aplikacji.\",\"breadcrumb\":{\"@id\":\"https:\\\/\\\/www.bedfont.com\\\/pl\\\/zestaw-sdk\\\/#breadcrumb\"},\"inLanguage\":\"pl-PL\",\"potentialAction\":[{\"@type\":\"ReadAction\",\"target\":[\"https:\\\/\\\/www.bedfont.com\\\/pl\\\/zestaw-sdk\\\/\"]}]},{\"@type\":\"ImageObject\",\"inLanguage\":\"pl-PL\",\"@id\":\"https:\\\/\\\/www.bedfont.com\\\/pl\\\/zestaw-sdk\\\/#primaryimage\",\"url\":\"https:\\\/\\\/www.bedfont.com\\\/wp-content\\\/uploads\\\/2025\\\/03\\\/SDK.png\",\"contentUrl\":\"https:\\\/\\\/www.bedfont.com\\\/wp-content\\\/uploads\\\/2025\\\/03\\\/SDK.png\",\"width\":444,\"height\":430},{\"@type\":\"BreadcrumbList\",\"@id\":\"https:\\\/\\\/www.bedfont.com\\\/pl\\\/zestaw-sdk\\\/#breadcrumb\",\"itemListElement\":[{\"@type\":\"ListItem\",\"position\":1,\"name\":\"Home\",\"item\":\"https:\\\/\\\/www.bedfont.com\\\/pl\\\/\"},{\"@type\":\"ListItem\",\"position\":2,\"name\":\"Zestaw SDK\"}]},{\"@type\":\"WebSite\",\"@id\":\"https:\\\/\\\/www.bedfont.com\\\/pl\\\/#website\",\"url\":\"https:\\\/\\\/www.bedfont.com\\\/pl\\\/\",\"name\":\"Bedfont Scientific Ltd.\",\"description\":\"World leaders in breath analysis.\",\"publisher\":{\"@id\":\"https:\\\/\\\/www.bedfont.com\\\/pl\\\/#organization\"},\"potentialAction\":[{\"@type\":\"SearchAction\",\"target\":{\"@type\":\"EntryPoint\",\"urlTemplate\":\"https:\\\/\\\/www.bedfont.com\\\/pl\\\/?s={search_term_string}\"},\"query-input\":{\"@type\":\"PropertyValueSpecification\",\"valueRequired\":true,\"valueName\":\"search_term_string\"}}],\"inLanguage\":\"pl-PL\"},{\"@type\":\"Organization\",\"@id\":\"https:\\\/\\\/www.bedfont.com\\\/pl\\\/#organization\",\"name\":\"Bedfont Scientific Ltd.\",\"url\":\"https:\\\/\\\/www.bedfont.com\\\/pl\\\/\",\"logo\":{\"@type\":\"ImageObject\",\"inLanguage\":\"pl-PL\",\"@id\":\"https:\\\/\\\/www.bedfont.com\\\/pl\\\/#\\\/schema\\\/logo\\\/image\\\/\",\"url\":\"https:\\\/\\\/www.bedfont.com\\\/wp-content\\\/uploads\\\/2023\\\/06\\\/logo.png\",\"contentUrl\":\"https:\\\/\\\/www.bedfont.com\\\/wp-content\\\/uploads\\\/2023\\\/06\\\/logo.png\",\"width\":1600,\"height\":505,\"caption\":\"Bedfont Scientific Ltd.\"},\"image\":{\"@id\":\"https:\\\/\\\/www.bedfont.com\\\/pl\\\/#\\\/schema\\\/logo\\\/image\\\/\"},\"sameAs\":[\"https:\\\/\\\/www.facebook.com\\\/Bedfontltd\\\/\",\"https:\\\/\\\/x.com\\\/BedfontLtd\",\"https:\\\/\\\/www.instagram.com\\\/bedfontltd\\\/\",\"https:\\\/\\\/www.linkedin.com\\\/company\\\/bedfont-scientific-ltd\\\/\",\"https:\\\/\\\/www.youtube.com\\\/user\\\/BedfontScientificLtd\"]}]}<\/script>\n<!-- \/ Yoast SEO plugin. -->","yoast_head_json":{"title":"zestaw\u00f3w narz\u0119dzi do tworzenia oprogramowania - Bedfont Scientific Ltd.","description":"Odblokuj bezproblemow\u0105 integracj\u0119 biowalidacji z Bedfont SDK! Zaprojektowano dla programist\u00f3w, aby mogli wprowadzi\u0107 dok\u0142adne monitorowanie zdrowia do swoich aplikacji.","robots":{"index":"index","follow":"follow","max-snippet":"max-snippet:-1","max-image-preview":"max-image-preview:large","max-video-preview":"max-video-preview:-1"},"canonical":"https:\/\/www.bedfont.com\/pl\/zestaw-sdk\/","og_locale":"pl_PL","og_type":"article","og_title":"zestaw\u00f3w narz\u0119dzi do tworzenia oprogramowania - Bedfont Scientific Ltd.","og_description":"Odblokuj bezproblemow\u0105 integracj\u0119 biowalidacji z Bedfont SDK! Zaprojektowano dla programist\u00f3w, aby mogli wprowadzi\u0107 dok\u0142adne monitorowanie zdrowia do swoich aplikacji.","og_url":"https:\/\/www.bedfont.com\/pl\/zestaw-sdk\/","og_site_name":"Bedfont Scientific Ltd.","article_publisher":"https:\/\/www.facebook.com\/Bedfontltd\/","article_modified_time":"2025-03-28T15:46:33+00:00","og_image":[{"width":444,"height":430,"url":"https:\/\/www.bedfont.com\/wp-content\/uploads\/2025\/03\/SDK.png","type":"image\/png"}],"twitter_card":"summary_large_image","twitter_site":"@BedfontLtd","schema":{"@context":"https:\/\/schema.org","@graph":[{"@type":"WebPage","@id":"https:\/\/www.bedfont.com\/pl\/zestaw-sdk\/","url":"https:\/\/www.bedfont.com\/pl\/zestaw-sdk\/","name":"zestaw\u00f3w narz\u0119dzi do tworzenia oprogramowania - Bedfont Scientific Ltd.","isPartOf":{"@id":"https:\/\/www.bedfont.com\/pl\/#website"},"primaryImageOfPage":{"@id":"https:\/\/www.bedfont.com\/pl\/zestaw-sdk\/#primaryimage"},"image":{"@id":"https:\/\/www.bedfont.com\/pl\/zestaw-sdk\/#primaryimage"},"thumbnailUrl":"https:\/\/www.bedfont.com\/wp-content\/uploads\/2025\/03\/SDK.png","datePublished":"2025-03-17T14:53:10+00:00","dateModified":"2025-03-28T15:46:33+00:00","description":"Odblokuj bezproblemow\u0105 integracj\u0119 biowalidacji z Bedfont SDK! Zaprojektowano dla programist\u00f3w, aby mogli wprowadzi\u0107 dok\u0142adne monitorowanie zdrowia do swoich aplikacji.","breadcrumb":{"@id":"https:\/\/www.bedfont.com\/pl\/zestaw-sdk\/#breadcrumb"},"inLanguage":"pl-PL","potentialAction":[{"@type":"ReadAction","target":["https:\/\/www.bedfont.com\/pl\/zestaw-sdk\/"]}]},{"@type":"ImageObject","inLanguage":"pl-PL","@id":"https:\/\/www.bedfont.com\/pl\/zestaw-sdk\/#primaryimage","url":"https:\/\/www.bedfont.com\/wp-content\/uploads\/2025\/03\/SDK.png","contentUrl":"https:\/\/www.bedfont.com\/wp-content\/uploads\/2025\/03\/SDK.png","width":444,"height":430},{"@type":"BreadcrumbList","@id":"https:\/\/www.bedfont.com\/pl\/zestaw-sdk\/#breadcrumb","itemListElement":[{"@type":"ListItem","position":1,"name":"Home","item":"https:\/\/www.bedfont.com\/pl\/"},{"@type":"ListItem","position":2,"name":"Zestaw SDK"}]},{"@type":"WebSite","@id":"https:\/\/www.bedfont.com\/pl\/#website","url":"https:\/\/www.bedfont.com\/pl\/","name":"Bedfont Scientific Ltd.","description":"World leaders in breath analysis.","publisher":{"@id":"https:\/\/www.bedfont.com\/pl\/#organization"},"potentialAction":[{"@type":"SearchAction","target":{"@type":"EntryPoint","urlTemplate":"https:\/\/www.bedfont.com\/pl\/?s={search_term_string}"},"query-input":{"@type":"PropertyValueSpecification","valueRequired":true,"valueName":"search_term_string"}}],"inLanguage":"pl-PL"},{"@type":"Organization","@id":"https:\/\/www.bedfont.com\/pl\/#organization","name":"Bedfont Scientific Ltd.","url":"https:\/\/www.bedfont.com\/pl\/","logo":{"@type":"ImageObject","inLanguage":"pl-PL","@id":"https:\/\/www.bedfont.com\/pl\/#\/schema\/logo\/image\/","url":"https:\/\/www.bedfont.com\/wp-content\/uploads\/2023\/06\/logo.png","contentUrl":"https:\/\/www.bedfont.com\/wp-content\/uploads\/2023\/06\/logo.png","width":1600,"height":505,"caption":"Bedfont Scientific Ltd."},"image":{"@id":"https:\/\/www.bedfont.com\/pl\/#\/schema\/logo\/image\/"},"sameAs":["https:\/\/www.facebook.com\/Bedfontltd\/","https:\/\/x.com\/BedfontLtd","https:\/\/www.instagram.com\/bedfontltd\/","https:\/\/www.linkedin.com\/company\/bedfont-scientific-ltd\/","https:\/\/www.youtube.com\/user\/BedfontScientificLtd"]}]}},"_links":{"self":[{"href":"https:\/\/www.bedfont.com\/pl\/wp-json\/wp\/v2\/pages\/8334","targetHints":{"allow":["GET"]}}],"collection":[{"href":"https:\/\/www.bedfont.com\/pl\/wp-json\/wp\/v2\/pages"}],"about":[{"href":"https:\/\/www.bedfont.com\/pl\/wp-json\/wp\/v2\/types\/page"}],"author":[{"embeddable":true,"href":"https:\/\/www.bedfont.com\/pl\/wp-json\/wp\/v2\/users\/6"}],"replies":[{"embeddable":true,"href":"https:\/\/www.bedfont.com\/pl\/wp-json\/wp\/v2\/comments?post=8334"}],"version-history":[{"count":1,"href":"https:\/\/www.bedfont.com\/pl\/wp-json\/wp\/v2\/pages\/8334\/revisions"}],"predecessor-version":[{"id":8335,"href":"https:\/\/www.bedfont.com\/pl\/wp-json\/wp\/v2\/pages\/8334\/revisions\/8335"}],"wp:featuredmedia":[{"embeddable":true,"href":"https:\/\/www.bedfont.com\/pl\/wp-json\/wp\/v2\/media\/8266"}],"wp:attachment":[{"href":"https:\/\/www.bedfont.com\/pl\/wp-json\/wp\/v2\/media?parent=8334"}],"curies":[{"name":"wp","href":"https:\/\/api.w.org\/{rel}","templated":true}]}}