{"id":7506,"date":"2024-10-10T08:50:30","date_gmt":"2024-10-10T08:50:30","guid":{"rendered":"https:\/\/bedfont.theprogressteam.com\/wspolnota\/"},"modified":"2024-11-18T09:35:49","modified_gmt":"2024-11-18T09:35:49","slug":"wspolnota","status":"publish","type":"page","link":"https:\/\/www.bedfont.com\/pl\/wspolnota\/","title":{"rendered":"Wsp\u00f3lnota"},"content":{"rendered":"<section class=\"subtle-bg careers-hero\" id=\"module-6726-hero-0\">\n\t<img decoding=\"async\" src=\"https:\/\/www.bedfont.com\/wp-content\/themes\/bedfont\/assets\/img\/subtle-bg.jpg\" class=\"subtle-bg\" alt=\"Image of subtle website background\"\/>\n\t<div class=\"container\">\n\t\t<div class=\"row\">\n\t\t\t<div class=\"col-12 col-md-6 pe-5 my-auto\">\n\t\t\t\t<h1 class=\"text-left mt-lg-0\">Wsp\u00f3lnota<\/h1>\n\t\t\t\t<p><\/p><p>W Bedfont <sup>\u00ae<\/sup> jeste\u015bmy zaanga\u017cowani w wspieranie lokalnej spo\u0142eczno\u015bci oraz wywieranie na ni\u0105 znacz\u0105cego wp\u0142ywu poprzez r\u00f3\u017cnorodne inicjatywy promuj\u0105ce dobre samopoczucie, rozw\u00f3j i wi\u0119zi.<\/p>\n<p>Niezale\u017cnie od tego, czy sponsorujemy dru\u017cyny sportowe, wspieramy wa\u017cne us\u0142ugi opieki zdrowotnej, czy uczestniczymy w wydarzeniach fundraisingowych, naszym celem jest dokonanie pozytywnej zmiany w \u017cyciu os\u00f3b wok\u00f3\u0142 nas. Nasze zaanga\u017cowanie wykracza poza wsparcie finansowe, poniewa\u017c aktywnie anga\u017cujemy si\u0119 w wiele z tych inicjatyw, wsp\u00f3\u0142pracuj\u0105c z nasz\u0105 spo\u0142eczno\u015bci\u0105, aby stworzy\u0107 trwa\u0142y wp\u0142yw. <\/p>\n\n\t\t\t\t\n\t\t\t<\/div>\n\t\t\t<div class=\"col-12 col-md-6 mt-5 mt-lg-0\"><img width=\"1500\" height=\"950\" src=\"https:\/\/www.bedfont.com\/wp-content\/uploads\/2024\/10\/bedfont-office-logo.png\" class=\"img-fluid br-30\" alt=\"\" decoding=\"async\" loading=\"lazy\" srcset=\"https:\/\/www.bedfont.com\/wp-content\/uploads\/2024\/10\/bedfont-office-logo.png 1500w, https:\/\/www.bedfont.com\/wp-content\/uploads\/2024\/10\/bedfont-office-logo-300x190.png 300w, https:\/\/www.bedfont.com\/wp-content\/uploads\/2024\/10\/bedfont-office-logo-1024x649.png 1024w, https:\/\/www.bedfont.com\/wp-content\/uploads\/2024\/10\/bedfont-office-logo-768x486.png 768w\" sizes=\"auto, (max-width: 1500px) 100vw, 1500px\"\/><\/div>\n\t\t<\/div>\n\t<\/div>\n<\/section><section class=\"text-section text-center pb-0\" id=\"module-6726-text-1\">\n\t<div class=\"container\">\n\t<h2 class=\"text-center\">Nasze <span class=\"blue-text\">sponsorowanie<\/span><\/h2>\n\t\t\t\t\n\t<\/div>\n<\/section><section class=\"two-column-image-text style-1 community-section\" id=\"module-6726-two_column_image_text-2\">\n\t<div class=\"container\">\n\t\t<div class=\"row flex-row-reverse\">\n\t\t\t<div class=\"col-12 col-lg-6 ps-md-5 who-we-are-home my-auto text-col\">\n\t<div class=\"inner\">\n\n\t\t\t\t<h2 class=\"text-left\"><span class=\"blue-text\">Dziewcz\u0119ca dru\u017cyna pi\u0142karska Medway United Under 11s<\/span><\/h2>\n\t\t\t\t<p>Jeste\u015bmy niezwykle dumni, \u017ce mo\u017cemy sponsorowa\u0107 dru\u017cyn\u0119 pi\u0142karsk\u0105 dziewcz\u0105t do lat 11 Medway United. Dziewcz\u0119ta mia\u0142y fantastyczne lato w 2024 r. na 3 oddzielnych turniejach, zajmuj\u0105c drugie miejsce w Queen of the Town i wygrywaj\u0105c Anchorians Cup i Medway Shield. Ich ci\u0119\u017cka praca, determinacja i mi\u0142o\u015b\u0107 do gry przebija\u0142y si\u0119, sprawiaj\u0105c, \u017ce by\u0142o to naprawd\u0119 udane lato dla dru\u017cyny.  <\/p>\n<p>Nasz w\u0142asny CEO, Jason Smith, jest jednym z trzech oddanych trener\u00f3w, kt\u00f3rzy wzmacniaj\u0105 nasze zaanga\u017cowanie poprzez sponsorowanie i aktywne pomaganie zespo\u0142owi w rozwoju i osi\u0105ganiu sukces\u00f3w. B\u0119dziemy nadal wspiera\u0107 zesp\u00f3\u0142, gdy osi\u0105gnie wspania\u0142e rzeczy na boisku i poza nim. <\/p>\n\n                <div class='button-box button-pink'><a class='btn ' href='https:\/\/medwayunitedfc.co.uk\/teams\/under-11-girls-west' target=\"_blank\">Club Website<i class='fa fa-arrow-right ms-1' aria-hidden='true'><\/i><\/a><\/div>\n\t\t\t<\/div>\n\t\t\t<\/div>\n\t\t\t<div class=\"col-12 col-lg-6\">\n\t\t\t<div class=\"image-box\">\n\t\t\t\t<img width=\"640\" height=\"480\" src=\"https:\/\/www.bedfont.com\/wp-content\/uploads\/2024\/10\/medway-utd-1024x768.png\" class=\"attachment-large size-large\" alt=\"\" decoding=\"async\" loading=\"lazy\" srcset=\"https:\/\/www.bedfont.com\/wp-content\/uploads\/2024\/10\/medway-utd-1024x768.png 1024w, https:\/\/www.bedfont.com\/wp-content\/uploads\/2024\/10\/medway-utd-300x225.png 300w, https:\/\/www.bedfont.com\/wp-content\/uploads\/2024\/10\/medway-utd-768x576.png 768w, https:\/\/www.bedfont.com\/wp-content\/uploads\/2024\/10\/medway-utd.png 1200w\" sizes=\"auto, (max-width: 640px) 100vw, 640px\"\/>\n\t\t\t<\/div>\n\t\t\t<\/div>\n\t\t<\/div>\n\t<\/div>\n<\/section><section class=\"two-column-image-text style-1 community-section\" id=\"module-6726-two_column_image_text-3\">\n\t<div class=\"container\">\n\t\t<div class=\"row \">\n\t\t\t<div class=\"col-12 col-lg-6 ps-md-5 who-we-are-home my-auto text-col\">\n\t<div class=\"inner\">\n\n\t\t\t\t<h2 class=\"text-left\">Dumni sponsorzy <span class=\"blue-text\">Hospicjum Heart of Kent<\/span><\/h2>\n\t\t\t\t<p>Heart of Kent Hospice to wspania\u0142a organizacja charytatywna, kt\u00f3ra zapewnia niezb\u0119dn\u0105 opiek\u0119 osobom u kresu \u017cycia i ich rodzinom, oferuj\u0105c wsparcie, godno\u015b\u0107 i komfort w niekt\u00f3rych z najtrudniejszych moment\u00f3w \u017cycia.<\/p>\n<p>Przez ca\u0142y rok Heart of Kent Hospice organizuje wiele wydarze\u0144 w celu zebrania niezb\u0119dnych funduszy, Bedfont\u00ae ma zaszczyt zar\u00f3wno sponsorowa\u0107, jak i uczestniczy\u0107 w tych wydarzeniach. Na pocz\u0105tku tego roku z dum\u0105 pomogli\u015bmy zebra\u0107 ponad 28 000 funt\u00f3w podczas corocznego Bluebell Walk, nasz zesp\u00f3\u0142 wzi\u0105\u0142 udzia\u0142 i pom\u00f3g\u0142 zebra\u0107 dodatkowe fundusze poprzez losowanie. Ponadto tego lata sponsorowali\u015bmy rze\u017ab\u0119 Shaun the Sheep na ich t\u0119tni\u0105cym \u017cyciem szlaku artystycznym, wydarzeniu, kt\u00f3re zjednoczy\u0142o spo\u0142eczno\u015b\u0107, jednocze\u015bnie \u015bwi\u0119tuj\u0105c kreatywno\u015b\u0107 i hojno\u015b\u0107.  <\/p>\n<p>Podczas ostatniej nocy aukcyjnej Hospice, gdzie wystawiono na aukcj\u0119 60 rze\u017ab Shaun the Sheep, Bedfont\u00ae wygra\u0142 licytacj\u0119 i wygra\u0142 jedn\u0105 z unikalnych rze\u017ab. Sprzedano wszystkie 60 owiec, a aukcja przynios\u0142a \u0142\u0105cznie imponuj\u0105c\u0105 kwot\u0119 267 250 funt\u00f3w na rzecz organizacji charytatywnej. <\/p>\n<p>Wspieranie hospicjum to sprawa, kt\u00f3ra naprawd\u0119 nas pasjonuje i nie mo\u017cemy si\u0119 doczeka\u0107, aby nadal je wspiera\u0107, zapewniaj\u0105c, \u017ce b\u0119d\u0105 mog\u0142y nadal oferowa\u0107 swoje nieocenione us\u0142ugi. Upewnij si\u0119, \u017ce \u015bledzisz nas w mediach spo\u0142eczno\u015bciowych, aby by\u0107 na bie\u017c\u0105co ze wszystkimi zbi\u00f3rkami funduszy Heart of Kent Hospice. <\/p>\n\n                <div class='button-box button-pink'><a class='btn ' href='https:\/\/www.hokh.org\/' target=\"_blank\">View Website<i class='fa fa-arrow-right ms-1' aria-hidden='true'><\/i><\/a><\/div>\n\t\t\t<\/div>\n\t\t\t<\/div>\n\t\t\t<div class=\"col-12 col-lg-6\">\n\t\t\t<div class=\"image-box\">\n\t\t\t\t<img width=\"640\" height=\"480\" src=\"https:\/\/www.bedfont.com\/wp-content\/uploads\/2024\/10\/hokh-sponsor.jpg\" class=\"attachment-large size-large\" alt=\"\" decoding=\"async\" loading=\"lazy\" srcset=\"https:\/\/www.bedfont.com\/wp-content\/uploads\/2024\/10\/hokh-sponsor.jpg 1024w, https:\/\/www.bedfont.com\/wp-content\/uploads\/2024\/10\/hokh-sponsor-300x225.jpg 300w, https:\/\/www.bedfont.com\/wp-content\/uploads\/2024\/10\/hokh-sponsor-768x576.jpg 768w\" sizes=\"auto, (max-width: 640px) 100vw, 640px\"\/>\n\t\t\t<\/div>\n\t\t\t<\/div>\n\t\t<\/div>\n\t<\/div>\n<\/section><section class=\"two-column-image-text style-1 community-section\" id=\"module-6726-two_column_image_text-4\">\n\t<div class=\"container\">\n\t\t<div class=\"row flex-row-reverse\">\n\t\t\t<div class=\"col-12 col-lg-6 ps-md-5 who-we-are-home my-auto text-col\">\n\t<div class=\"inner\">\n\n\t\t\t\t<h2 class=\"text-left\">Wspieranie <span class=\"blue-text\">Medway Asthma Self-Help (MASH)<\/span><\/h2>\n\t\t\t\t<p>Nasz\u0105 wizj\u0105 jest \u015bwiat, w kt\u00f3rym ka\u017cdy ma dost\u0119p do natychmiastowego, nieinwazyjnego, prostego badania oddechu, aby pom\u00f3c w diagnozie medycznej. Dlatego z dum\u0105 wspieramy MASH, organizacj\u0119 charytatywn\u0105, kt\u00f3ra od 1996 r. pomaga mieszka\u0144com Medway, zapewniaj\u0105c informacje i wsparcie osobom z astm\u0105. <\/p>\n<p>Dostarczamy i konserwujemy ich urz\u0105dzenie NObreath <sup>\u00ae<\/sup> Fractional wydechowego tlenku azotu (FeNO), kt\u00f3re jest u\u017cywane w o\u015brodku. Urz\u0105dzenie NObreath <sup>\u00ae<\/sup> odgrywa kluczow\u0105 rol\u0119 w diagnozowaniu i leczeniu astmy, mierz\u0105c stan zapalny dr\u00f3g oddechowych, co jest niezb\u0119dne do skutecznego leczenia i kontroli. <\/p>\n<p>Dzi\u0119ki naszemu wk\u0142adowi MASH mo\u017ce oferowa\u0107 spo\u0142eczno\u015bci t\u0119 cenn\u0105 us\u0142ug\u0119, pomagaj\u0105c jednostkom wzi\u0105\u0107 odpowiedzialno\u015b\u0107 za zdrowie swojego uk\u0142adu oddechowego.<\/p>\n<p>Wsp\u00f3\u0142pracuj\u0105c z Carol Stonham, cz\u0142onkini\u0105 naszej Rady Doradczej ds. Medycznych, MASH niedawno pomog\u0142o nam w zorganizowaniu prywatnego seminarium internetowego, podczas kt\u00f3rego przekazano cenne wskaz\u00f3wki dotycz\u0105ce leczenia astmy u dzieci dla \u017ce\u0144skiej dru\u017cyny pi\u0142karskiej Medway United.<\/p>\n\n                <div class='button-box button-pink'><a class='btn ' href='https:\/\/www.medwayasthmaselfhelp.co.uk\/' target=\"_blank\">View Website<i class='fa fa-arrow-right ms-1' aria-hidden='true'><\/i><\/a><\/div>\n\t\t\t<\/div>\n\t\t\t<\/div>\n\t\t\t<div class=\"col-12 col-lg-6\">\n\t\t\t<div class=\"image-box\">\n\t\t\t\t<img width=\"640\" height=\"480\" src=\"https:\/\/www.bedfont.com\/wp-content\/uploads\/2024\/10\/mash-sponsor-1024x768.jpg\" class=\"attachment-large size-large\" alt=\"\" decoding=\"async\" loading=\"lazy\" srcset=\"https:\/\/www.bedfont.com\/wp-content\/uploads\/2024\/10\/mash-sponsor-1024x768.jpg 1024w, https:\/\/www.bedfont.com\/wp-content\/uploads\/2024\/10\/mash-sponsor-300x225.jpg 300w, https:\/\/www.bedfont.com\/wp-content\/uploads\/2024\/10\/mash-sponsor-768x576.jpg 768w, https:\/\/www.bedfont.com\/wp-content\/uploads\/2024\/10\/mash-sponsor.jpg 1200w\" sizes=\"auto, (max-width: 640px) 100vw, 640px\"\/>\n\t\t\t<\/div>\n\t\t\t<\/div>\n\t\t<\/div>\n\t<\/div>\n<\/section><section class=\"two-column-image-text style-1 community-section\" id=\"module-6726-two_column_image_text-5\">\n\t<div class=\"container\">\n\t\t<div class=\"row \">\n\t\t\t<div class=\"col-12 col-lg-6 ps-md-5 who-we-are-home my-auto text-col\">\n\t<div class=\"inner\">\n\n\t\t\t\t<h2 class=\"text-left\">Aplikacja Rymindr Rewards: <span class=\"blue-text\">wspieranie szk\u00f3\u0142 w Wielkiej Brytanii<\/span><\/h2>\n\t\t\t\t<p>Wierzymy w tworzenie pozytywnego i satysfakcjonuj\u0105cego \u015brodowiska pracy dla naszych pracownik\u00f3w tutaj w Bedfont <sup>\u00ae<\/sup> , dlatego oferujemy dost\u0119p do aplikacji Rymindr employee rewards. Aplikacja zapewnia naszym pracownikom ponad 16 000 ofert i zni\u017cek, od codziennych oszcz\u0119dno\u015bci po oferty specjalne. <\/p>\n<p>Rymindr wspiera szko\u0142y w ca\u0142ej Wielkiej Brytanii, zapewniaj\u0105c kluczow\u0105 pomoc, tak\u0105 jak bezp\u0142atne posi\u0142ki szkolne, materia\u0142y do zaj\u0119\u0107 i niezb\u0119dny sprz\u0119t, co sprawia, \u017ce korzystanie z tej aplikacji jest jeszcze bardziej znacz\u0105ce. Nasi pracownicy nie tylko odnosz\u0105 osobiste korzy\u015bci, ale tak\u017ce przyczyniaj\u0105 si\u0119 do sprawy, kt\u00f3ra pomaga zapewni\u0107 dzieciom wsparcie, kt\u00f3rego potrzebuj\u0105 w szko\u0142ach. Jest to zgodne z naszymi warto\u015bciami odwdzi\u0119czania si\u0119 spo\u0142eczno\u015bci.  <\/p>\n\n                <div class='button-box button-pink'><a class='btn ' href='https:\/\/rymindr.com\/' target=\"_blank\">View Website<i class='fa fa-arrow-right ms-1' aria-hidden='true'><\/i><\/a><\/div>\n\t\t\t<\/div>\n\t\t\t<\/div>\n\t\t\t<div class=\"col-12 col-lg-6\">\n\t\t\t<div class=\"image-box\">\n\t\t\t\t<img width=\"640\" height=\"480\" src=\"https:\/\/www.bedfont.com\/wp-content\/uploads\/2024\/10\/rymindr.jpg\" class=\"attachment-large size-large\" alt=\"\" decoding=\"async\" loading=\"lazy\" srcset=\"https:\/\/www.bedfont.com\/wp-content\/uploads\/2024\/10\/rymindr.jpg 900w, https:\/\/www.bedfont.com\/wp-content\/uploads\/2024\/10\/rymindr-300x225.jpg 300w, https:\/\/www.bedfont.com\/wp-content\/uploads\/2024\/10\/rymindr-768x576.jpg 768w\" sizes=\"auto, (max-width: 640px) 100vw, 640px\"\/>\n\t\t\t<\/div>\n\t\t\t<\/div>\n\t\t<\/div>\n\t<\/div>\n<\/section><section class=\"two-column-image-text style-1 community-section\" id=\"module-6726-two_column_image_text-6\">\n\t<div class=\"container\">\n\t\t<div class=\"row flex-row-reverse\">\n\t\t\t<div class=\"col-12 col-lg-6 ps-md-5 who-we-are-home my-auto text-col\">\n\t<div class=\"inner\">\n\n\t\t\t\t<h2 class=\"text-left\">Flower Box w <span class=\"blue-text\">Harrietsham<\/span><\/h2>\n\t\t\t\t<p>Ma\u0142e wysi\u0142ki mog\u0105 prowadzi\u0107 do du\u017cych ulepsze\u0144 jako\u015bci \u017cycia w naszej spo\u0142eczno\u015bci, sponsorujemy skrzynk\u0119 z kwiatami za po\u015brednictwem Harrietsham in Bloom jako cz\u0119\u015b\u0107 naszego zaanga\u017cowania w popraw\u0119 lokalnego \u015brodowiska. \u015arodki s\u0105 wykorzystywane do utrzymania skrzynki z kwiatami, zapewniaj\u0105c, \u017ce pozostanie ona \u017cywa i dobrze zadbana. Pomaga to zachowa\u0107 pi\u0119kny i zach\u0119caj\u0105cy wygl\u0105d okolicy.  <\/p>\n\n                \n\t\t\t<\/div>\n\t\t\t<\/div>\n\t\t\t<div class=\"col-12 col-lg-6\">\n\t\t\t<div class=\"image-box\">\n\t\t\t\t<img width=\"640\" height=\"480\" src=\"https:\/\/www.bedfont.com\/wp-content\/uploads\/2024\/10\/flower-box.jpg\" class=\"attachment-large size-large\" alt=\"\" decoding=\"async\" loading=\"lazy\" srcset=\"https:\/\/www.bedfont.com\/wp-content\/uploads\/2024\/10\/flower-box.jpg 800w, https:\/\/www.bedfont.com\/wp-content\/uploads\/2024\/10\/flower-box-300x225.jpg 300w, https:\/\/www.bedfont.com\/wp-content\/uploads\/2024\/10\/flower-box-768x576.jpg 768w\" sizes=\"auto, (max-width: 640px) 100vw, 640px\"\/>\n\t\t\t<\/div>\n\t\t\t<\/div>\n\t\t<\/div>\n\t<\/div>\n<\/section><section class=\"text-section text-center community-social\" id=\"module-6726-text-7\">\n\t<div class=\"container\">\n\t<h2 class=\"text-center\">Obserwuj nasze <span class=\"blue-text\">media spo\u0142eczno\u015bciowe<\/span><\/h2>\n\t\t\t\t<p>Obserwuj nas w mediach spo\u0142eczno\u015bciowych, aby dowiedzie\u0107 si\u0119 wi\u0119cej o naszym zaanga\u017cowaniu na rzecz spo\u0142eczno\u015bci.<br\/>\n<div class='socials d-inline-block mt-5'><a class='nav-social-icon' target='_blank' href='https:\/\/www.facebook.com\/Bedfontltd\/'><i class='fa fa-facebook-f' aria-hidden='true'><\/i><\/a><a class='nav-social-icon' target='_blank' href='https:\/\/twitter.com\/BedfontLtd'><i class='fa-brands fa-x-twitter' aria-hidden='true'><\/i><\/a><a class='nav-social-icon' target='_blank' href='https:\/\/www.instagram.com\/bedfontltd\/'><i class='fa fa-instagram' aria-hidden='true'><\/i><\/a><a class='nav-social-icon' target='_blank' href='https:\/\/www.linkedin.com\/company\/bedfont-scientific-ltd'><i class='fa fa-linkedin' aria-hidden='true'><\/i><\/a><a class='nav-social-icon' target='_blank' href='https:\/\/www.youtube.com\/user\/BedfontScientificLtd'><i class='fa fa-youtube' aria-hidden='true'><\/i><\/a><\/div><\/p>\n\n\t<\/div>\n<\/section>","protected":false},"excerpt":{"rendered":"<p>Wsp\u00f3lnota W Bedfont \u00ae jeste\u015bmy zaanga\u017cowani w wspieranie lokalnej spo\u0142eczno\u015bci oraz wywieranie na ni\u0105 znacz\u0105cego wp\u0142ywu poprzez r\u00f3\u017cnorodne inicjatywy promuj\u0105ce dobre samopoczucie, rozw\u00f3j i wi\u0119zi. Niezale\u017cnie od tego, czy sponsorujemy dru\u017cyny sportowe, wspieramy wa\u017cne us\u0142ugi opieki zdrowotnej, czy uczestniczymy w wydarzeniach fundraisingowych, naszym celem jest dokonanie pozytywnej zmiany w \u017cyciu os\u00f3b wok\u00f3\u0142 nas. Nasze zaanga\u017cowanie [&hellip;]<\/p>\n","protected":false},"author":6,"featured_media":0,"parent":0,"menu_order":0,"comment_status":"closed","ping_status":"closed","template":"templates\/page-modules.php","meta":{"_acf_changed":false,"footnotes":""},"class_list":["post-7506","page","type-page","status-publish","hentry"],"acf":[],"yoast_head":"<!-- This site is optimized with the Yoast SEO plugin v27.4 - https:\/\/yoast.com\/product\/yoast-seo-wordpress\/ -->\n<title>Wsp\u00f3lnota - Bedfont Scientific Ltd.<\/title>\n<meta name=\"robots\" content=\"index, follow, max-snippet:-1, max-image-preview:large, max-video-preview:-1\" \/>\n<link rel=\"canonical\" href=\"https:\/\/www.bedfont.com\/pl\/wspolnota\/\" \/>\n<meta property=\"og:locale\" content=\"pl_PL\" \/>\n<meta property=\"og:type\" content=\"article\" \/>\n<meta property=\"og:title\" content=\"Wsp\u00f3lnota - Bedfont Scientific Ltd.\" \/>\n<meta property=\"og:description\" content=\"Wsp\u00f3lnota W Bedfont \u00ae jeste\u015bmy zaanga\u017cowani w wspieranie lokalnej spo\u0142eczno\u015bci oraz wywieranie na ni\u0105 znacz\u0105cego wp\u0142ywu poprzez r\u00f3\u017cnorodne inicjatywy promuj\u0105ce dobre samopoczucie, rozw\u00f3j i wi\u0119zi. Niezale\u017cnie od tego, czy sponsorujemy dru\u017cyny sportowe, wspieramy wa\u017cne us\u0142ugi opieki zdrowotnej, czy uczestniczymy w wydarzeniach fundraisingowych, naszym celem jest dokonanie pozytywnej zmiany w \u017cyciu os\u00f3b wok\u00f3\u0142 nas. Nasze zaanga\u017cowanie [&hellip;]\" \/>\n<meta property=\"og:url\" content=\"https:\/\/www.bedfont.com\/pl\/wspolnota\/\" \/>\n<meta property=\"og:site_name\" content=\"Bedfont Scientific Ltd.\" \/>\n<meta property=\"article:publisher\" content=\"https:\/\/www.facebook.com\/Bedfontltd\/\" \/>\n<meta property=\"article:modified_time\" content=\"2024-11-18T09:35:49+00:00\" \/>\n<meta property=\"og:image\" content=\"https:\/\/www.bedfont.com\/wp-content\/themes\/bedfont\/assets\/img\/subtle-bg.jpg\" \/>\n<meta name=\"twitter:card\" content=\"summary_large_image\" \/>\n<meta name=\"twitter:site\" content=\"@BedfontLtd\" \/>\n<meta name=\"twitter:label1\" content=\"Szacowany czas czytania\" \/>\n\t<meta name=\"twitter:data1\" content=\"5 minut\" \/>\n<script type=\"application\/ld+json\" class=\"yoast-schema-graph\">{\"@context\":\"https:\\\/\\\/schema.org\",\"@graph\":[{\"@type\":\"WebPage\",\"@id\":\"https:\\\/\\\/www.bedfont.com\\\/pl\\\/wspolnota\\\/\",\"url\":\"https:\\\/\\\/www.bedfont.com\\\/pl\\\/wspolnota\\\/\",\"name\":\"Wsp\u00f3lnota - Bedfont Scientific Ltd.\",\"isPartOf\":{\"@id\":\"https:\\\/\\\/www.bedfont.com\\\/pl\\\/#website\"},\"primaryImageOfPage\":{\"@id\":\"https:\\\/\\\/www.bedfont.com\\\/pl\\\/wspolnota\\\/#primaryimage\"},\"image\":{\"@id\":\"https:\\\/\\\/www.bedfont.com\\\/pl\\\/wspolnota\\\/#primaryimage\"},\"thumbnailUrl\":\"https:\\\/\\\/www.bedfont.com\\\/wp-content\\\/themes\\\/bedfont\\\/assets\\\/img\\\/subtle-bg.jpg\",\"datePublished\":\"2024-10-10T08:50:30+00:00\",\"dateModified\":\"2024-11-18T09:35:49+00:00\",\"breadcrumb\":{\"@id\":\"https:\\\/\\\/www.bedfont.com\\\/pl\\\/wspolnota\\\/#breadcrumb\"},\"inLanguage\":\"pl-PL\",\"potentialAction\":[{\"@type\":\"ReadAction\",\"target\":[\"https:\\\/\\\/www.bedfont.com\\\/pl\\\/wspolnota\\\/\"]}]},{\"@type\":\"ImageObject\",\"inLanguage\":\"pl-PL\",\"@id\":\"https:\\\/\\\/www.bedfont.com\\\/pl\\\/wspolnota\\\/#primaryimage\",\"url\":\"https:\\\/\\\/www.bedfont.com\\\/wp-content\\\/themes\\\/bedfont\\\/assets\\\/img\\\/subtle-bg.jpg\",\"contentUrl\":\"https:\\\/\\\/www.bedfont.com\\\/wp-content\\\/themes\\\/bedfont\\\/assets\\\/img\\\/subtle-bg.jpg\"},{\"@type\":\"BreadcrumbList\",\"@id\":\"https:\\\/\\\/www.bedfont.com\\\/pl\\\/wspolnota\\\/#breadcrumb\",\"itemListElement\":[{\"@type\":\"ListItem\",\"position\":1,\"name\":\"Home\",\"item\":\"https:\\\/\\\/www.bedfont.com\\\/pl\\\/\"},{\"@type\":\"ListItem\",\"position\":2,\"name\":\"Wsp\u00f3lnota\"}]},{\"@type\":\"WebSite\",\"@id\":\"https:\\\/\\\/www.bedfont.com\\\/pl\\\/#website\",\"url\":\"https:\\\/\\\/www.bedfont.com\\\/pl\\\/\",\"name\":\"Bedfont Scientific Ltd.\",\"description\":\"World leaders in breath analysis.\",\"publisher\":{\"@id\":\"https:\\\/\\\/www.bedfont.com\\\/pl\\\/#organization\"},\"potentialAction\":[{\"@type\":\"SearchAction\",\"target\":{\"@type\":\"EntryPoint\",\"urlTemplate\":\"https:\\\/\\\/www.bedfont.com\\\/pl\\\/?s={search_term_string}\"},\"query-input\":{\"@type\":\"PropertyValueSpecification\",\"valueRequired\":true,\"valueName\":\"search_term_string\"}}],\"inLanguage\":\"pl-PL\"},{\"@type\":\"Organization\",\"@id\":\"https:\\\/\\\/www.bedfont.com\\\/pl\\\/#organization\",\"name\":\"Bedfont Scientific Ltd.\",\"url\":\"https:\\\/\\\/www.bedfont.com\\\/pl\\\/\",\"logo\":{\"@type\":\"ImageObject\",\"inLanguage\":\"pl-PL\",\"@id\":\"https:\\\/\\\/www.bedfont.com\\\/pl\\\/#\\\/schema\\\/logo\\\/image\\\/\",\"url\":\"https:\\\/\\\/www.bedfont.com\\\/wp-content\\\/uploads\\\/2023\\\/06\\\/logo.png\",\"contentUrl\":\"https:\\\/\\\/www.bedfont.com\\\/wp-content\\\/uploads\\\/2023\\\/06\\\/logo.png\",\"width\":1600,\"height\":505,\"caption\":\"Bedfont Scientific Ltd.\"},\"image\":{\"@id\":\"https:\\\/\\\/www.bedfont.com\\\/pl\\\/#\\\/schema\\\/logo\\\/image\\\/\"},\"sameAs\":[\"https:\\\/\\\/www.facebook.com\\\/Bedfontltd\\\/\",\"https:\\\/\\\/x.com\\\/BedfontLtd\",\"https:\\\/\\\/www.instagram.com\\\/bedfontltd\\\/\",\"https:\\\/\\\/www.linkedin.com\\\/company\\\/bedfont-scientific-ltd\\\/\",\"https:\\\/\\\/www.youtube.com\\\/user\\\/BedfontScientificLtd\"]}]}<\/script>\n<!-- \/ Yoast SEO plugin. -->","yoast_head_json":{"title":"Wsp\u00f3lnota - Bedfont Scientific Ltd.","robots":{"index":"index","follow":"follow","max-snippet":"max-snippet:-1","max-image-preview":"max-image-preview:large","max-video-preview":"max-video-preview:-1"},"canonical":"https:\/\/www.bedfont.com\/pl\/wspolnota\/","og_locale":"pl_PL","og_type":"article","og_title":"Wsp\u00f3lnota - Bedfont Scientific Ltd.","og_description":"Wsp\u00f3lnota W Bedfont \u00ae jeste\u015bmy zaanga\u017cowani w wspieranie lokalnej spo\u0142eczno\u015bci oraz wywieranie na ni\u0105 znacz\u0105cego wp\u0142ywu poprzez r\u00f3\u017cnorodne inicjatywy promuj\u0105ce dobre samopoczucie, rozw\u00f3j i wi\u0119zi. Niezale\u017cnie od tego, czy sponsorujemy dru\u017cyny sportowe, wspieramy wa\u017cne us\u0142ugi opieki zdrowotnej, czy uczestniczymy w wydarzeniach fundraisingowych, naszym celem jest dokonanie pozytywnej zmiany w \u017cyciu os\u00f3b wok\u00f3\u0142 nas. Nasze zaanga\u017cowanie [&hellip;]","og_url":"https:\/\/www.bedfont.com\/pl\/wspolnota\/","og_site_name":"Bedfont Scientific Ltd.","article_publisher":"https:\/\/www.facebook.com\/Bedfontltd\/","article_modified_time":"2024-11-18T09:35:49+00:00","og_image":[{"url":"https:\/\/www.bedfont.com\/wp-content\/themes\/bedfont\/assets\/img\/subtle-bg.jpg","type":"","width":"","height":""}],"twitter_card":"summary_large_image","twitter_site":"@BedfontLtd","twitter_misc":{"Szacowany czas czytania":"5 minut"},"schema":{"@context":"https:\/\/schema.org","@graph":[{"@type":"WebPage","@id":"https:\/\/www.bedfont.com\/pl\/wspolnota\/","url":"https:\/\/www.bedfont.com\/pl\/wspolnota\/","name":"Wsp\u00f3lnota - Bedfont Scientific Ltd.","isPartOf":{"@id":"https:\/\/www.bedfont.com\/pl\/#website"},"primaryImageOfPage":{"@id":"https:\/\/www.bedfont.com\/pl\/wspolnota\/#primaryimage"},"image":{"@id":"https:\/\/www.bedfont.com\/pl\/wspolnota\/#primaryimage"},"thumbnailUrl":"https:\/\/www.bedfont.com\/wp-content\/themes\/bedfont\/assets\/img\/subtle-bg.jpg","datePublished":"2024-10-10T08:50:30+00:00","dateModified":"2024-11-18T09:35:49+00:00","breadcrumb":{"@id":"https:\/\/www.bedfont.com\/pl\/wspolnota\/#breadcrumb"},"inLanguage":"pl-PL","potentialAction":[{"@type":"ReadAction","target":["https:\/\/www.bedfont.com\/pl\/wspolnota\/"]}]},{"@type":"ImageObject","inLanguage":"pl-PL","@id":"https:\/\/www.bedfont.com\/pl\/wspolnota\/#primaryimage","url":"https:\/\/www.bedfont.com\/wp-content\/themes\/bedfont\/assets\/img\/subtle-bg.jpg","contentUrl":"https:\/\/www.bedfont.com\/wp-content\/themes\/bedfont\/assets\/img\/subtle-bg.jpg"},{"@type":"BreadcrumbList","@id":"https:\/\/www.bedfont.com\/pl\/wspolnota\/#breadcrumb","itemListElement":[{"@type":"ListItem","position":1,"name":"Home","item":"https:\/\/www.bedfont.com\/pl\/"},{"@type":"ListItem","position":2,"name":"Wsp\u00f3lnota"}]},{"@type":"WebSite","@id":"https:\/\/www.bedfont.com\/pl\/#website","url":"https:\/\/www.bedfont.com\/pl\/","name":"Bedfont Scientific Ltd.","description":"World leaders in breath analysis.","publisher":{"@id":"https:\/\/www.bedfont.com\/pl\/#organization"},"potentialAction":[{"@type":"SearchAction","target":{"@type":"EntryPoint","urlTemplate":"https:\/\/www.bedfont.com\/pl\/?s={search_term_string}"},"query-input":{"@type":"PropertyValueSpecification","valueRequired":true,"valueName":"search_term_string"}}],"inLanguage":"pl-PL"},{"@type":"Organization","@id":"https:\/\/www.bedfont.com\/pl\/#organization","name":"Bedfont Scientific Ltd.","url":"https:\/\/www.bedfont.com\/pl\/","logo":{"@type":"ImageObject","inLanguage":"pl-PL","@id":"https:\/\/www.bedfont.com\/pl\/#\/schema\/logo\/image\/","url":"https:\/\/www.bedfont.com\/wp-content\/uploads\/2023\/06\/logo.png","contentUrl":"https:\/\/www.bedfont.com\/wp-content\/uploads\/2023\/06\/logo.png","width":1600,"height":505,"caption":"Bedfont Scientific Ltd."},"image":{"@id":"https:\/\/www.bedfont.com\/pl\/#\/schema\/logo\/image\/"},"sameAs":["https:\/\/www.facebook.com\/Bedfontltd\/","https:\/\/x.com\/BedfontLtd","https:\/\/www.instagram.com\/bedfontltd\/","https:\/\/www.linkedin.com\/company\/bedfont-scientific-ltd\/","https:\/\/www.youtube.com\/user\/BedfontScientificLtd"]}]}},"_links":{"self":[{"href":"https:\/\/www.bedfont.com\/pl\/wp-json\/wp\/v2\/pages\/7506","targetHints":{"allow":["GET"]}}],"collection":[{"href":"https:\/\/www.bedfont.com\/pl\/wp-json\/wp\/v2\/pages"}],"about":[{"href":"https:\/\/www.bedfont.com\/pl\/wp-json\/wp\/v2\/types\/page"}],"author":[{"embeddable":true,"href":"https:\/\/www.bedfont.com\/pl\/wp-json\/wp\/v2\/users\/6"}],"replies":[{"embeddable":true,"href":"https:\/\/www.bedfont.com\/pl\/wp-json\/wp\/v2\/comments?post=7506"}],"version-history":[{"count":1,"href":"https:\/\/www.bedfont.com\/pl\/wp-json\/wp\/v2\/pages\/7506\/revisions"}],"predecessor-version":[{"id":7507,"href":"https:\/\/www.bedfont.com\/pl\/wp-json\/wp\/v2\/pages\/7506\/revisions\/7507"}],"wp:attachment":[{"href":"https:\/\/www.bedfont.com\/pl\/wp-json\/wp\/v2\/media?parent=7506"}],"curies":[{"name":"wp","href":"https:\/\/api.w.org\/{rel}","templated":true}]}}