{"id":4025,"date":"2022-07-12T09:53:33","date_gmt":"2022-07-12T09:53:33","guid":{"rendered":"https:\/\/bedfont.theprogressteam.com\/news\/"},"modified":"2024-10-14T11:18:24","modified_gmt":"2024-10-14T11:18:24","slug":"news","status":"publish","type":"page","link":"https:\/\/www.bedfont.com\/pl\/news\/","title":{"rendered":"Aktualno\u015bci"},"content":{"rendered":"<div class=\"bdpp-wrap bdpp-lite bdpp-post-grid-wrap bdpp-post-data-wrap bdpp-design-2 bdpp-grid-1  bdpp-clearfix\" id=\"bdpp-post-grid-1\">\r\n\t<div class=\"bdpp-post-grid-inr-wrap bdpp-post-data-inr-wrap bdpp-clearfix\"><div class=\"bdpp-post-grid bdpp-col-1 bdpp-columns bdpp-post-11730 bdpp-post-standard bdpp-has-thumb\">\r\n\t<div class=\"bdpp-post-grid-content\">\r\n\t\t\t\t<div class=\"bdpp-post-img-bg\">\r\n\t\t\t<a href=\"https:\/\/www.bedfont.com\/pl\/advancements-in-feno-testing-for-better-asthma-control\/\">\r\n\t\t\t\t<img decoding=\"async\" src=\"https:\/\/www.bedfont.com\/wp-content\/uploads\/2026\/04\/Article-Featured-Images-15-1024x576.png\" class=\"bdpp-img bdpp-post-feat-img\" alt=\"Advancements in FeNO testing for better asthma control\" \/>\r\n\t\t\t<\/a>\r\n\t\t<\/div>\r\n\t\t\r\n\t\t<div class=\"bdpp-post-margin-content\">\r\n\t\t\t\r\n\t\t\t<h2 class=\"bdpp-post-title\">\r\n\t\t\t\t<a href=\"https:\/\/www.bedfont.com\/pl\/advancements-in-feno-testing-for-better-asthma-control\/\">Advancements in FeNO testing for better asthma control<\/a>\r\n\t\t\t<\/h2>\r\n\r\n\t\t\t\t\t\t<div class=\"bdpp-post-meta bdpp-post-meta-up\">\r\n\t\t\t\t<span class=\"bdpp-post-meta-data bdpp-post-date\"><i class=\"bdpp-fa fa-regular fa-clock\"><\/i>2026-04-21<\/span>\t\t\t<\/div>\r\n\t\t\t\t\t\t<div class=\"bdpp-post-content\">\r\n\t\t\t\t<div class=\"bdpp-post-desc\">In 2019, 262 million people worldwide had asthma, with 455,000 deaths from the chronic condition1, stark figures that highlight asthma control still needs improvement. Most people living with asthma believe that no physical symptoms mean their asthma is controlled, but...<\/div>\r\n\t\t\t\t\t\t\t\t\t<a href=\"https:\/\/www.bedfont.com\/pl\/advancements-in-feno-testing-for-better-asthma-control\/\" class=\"bdpp-rdmr-btn\">Czytaj dalej<\/a>\r\n\t\t\t\t\t\t\t<\/div>\r\n\t\t\t\t\t<\/div>\r\n\t<\/div>\r\n<\/div><div class=\"bdpp-post-grid bdpp-col-1 bdpp-columns bdpp-post-11553 bdpp-post-standard bdpp-has-thumb\">\r\n\t<div class=\"bdpp-post-grid-content\">\r\n\t\t\t\t<div class=\"bdpp-post-img-bg\">\r\n\t\t\t<a href=\"https:\/\/www.bedfont.com\/pl\/turning-awareness-into-action-expanding-access-to-better-asthma-care-this-asthma-and-allergy-awareness-month\/\">\r\n\t\t\t\t<img decoding=\"async\" src=\"https:\/\/www.bedfont.com\/wp-content\/uploads\/2026\/04\/Article-Featured-Images-13-1024x576.png\" class=\"bdpp-img bdpp-post-feat-img\" alt=\"Turning awareness into action: Expanding access to better asthma care this Asthma and Allergy Awareness Month\" \/>\r\n\t\t\t<\/a>\r\n\t\t<\/div>\r\n\t\t\r\n\t\t<div class=\"bdpp-post-margin-content\">\r\n\t\t\t\r\n\t\t\t<h2 class=\"bdpp-post-title\">\r\n\t\t\t\t<a href=\"https:\/\/www.bedfont.com\/pl\/turning-awareness-into-action-expanding-access-to-better-asthma-care-this-asthma-and-allergy-awareness-month\/\">Turning awareness into action: Expanding access to better asthma care this Asthma and Allergy Awareness Month<\/a>\r\n\t\t\t<\/h2>\r\n\r\n\t\t\t\t\t\t<div class=\"bdpp-post-meta bdpp-post-meta-up\">\r\n\t\t\t\t<span class=\"bdpp-post-meta-data bdpp-post-date\"><i class=\"bdpp-fa fa-regular fa-clock\"><\/i>2026-04-08<\/span>\t\t\t<\/div>\r\n\t\t\t\t\t\t<div class=\"bdpp-post-content\">\r\n\t\t\t\t<div class=\"bdpp-post-desc\">Over 28 million people in the United States (US) have asthma1,2, with the condition named as the leading chronic disease in children, affecting approximately 4.9 million under the age of 182,3. In the US, asthma is one of the most...<\/div>\r\n\t\t\t\t\t\t\t\t\t<a href=\"https:\/\/www.bedfont.com\/pl\/turning-awareness-into-action-expanding-access-to-better-asthma-care-this-asthma-and-allergy-awareness-month\/\" class=\"bdpp-rdmr-btn\">Czytaj dalej<\/a>\r\n\t\t\t\t\t\t\t<\/div>\r\n\t\t\t\t\t<\/div>\r\n\t<\/div>\r\n<\/div><div class=\"bdpp-post-grid bdpp-col-1 bdpp-columns bdpp-post-11530 bdpp-post-standard bdpp-has-thumb\">\r\n\t<div class=\"bdpp-post-grid-content\">\r\n\t\t\t\t<div class=\"bdpp-post-img-bg\">\r\n\t\t\t<a href=\"https:\/\/www.bedfont.com\/pl\/bedfont-becomes-the-first-compassionate-workplace\/\">\r\n\t\t\t\t<img decoding=\"async\" src=\"https:\/\/www.bedfont.com\/wp-content\/uploads\/2026\/04\/Article-Featured-Images-11-1024x576.png\" class=\"bdpp-img bdpp-post-feat-img\" alt=\"Bedfont\u00ae becomes the first compassionate workplace accredited in Kent\" \/>\r\n\t\t\t<\/a>\r\n\t\t<\/div>\r\n\t\t\r\n\t\t<div class=\"bdpp-post-margin-content\">\r\n\t\t\t\r\n\t\t\t<h2 class=\"bdpp-post-title\">\r\n\t\t\t\t<a href=\"https:\/\/www.bedfont.com\/pl\/bedfont-becomes-the-first-compassionate-workplace\/\">Bedfont\u00ae becomes the first compassionate workplace accredited in Kent<\/a>\r\n\t\t\t<\/h2>\r\n\r\n\t\t\t\t\t\t<div class=\"bdpp-post-meta bdpp-post-meta-up\">\r\n\t\t\t\t<span class=\"bdpp-post-meta-data bdpp-post-date\"><i class=\"bdpp-fa fa-regular fa-clock\"><\/i>2026-04-01<\/span>\t\t\t<\/div>\r\n\t\t\t\t\t\t<div class=\"bdpp-post-content\">\r\n\t\t\t\t<div class=\"bdpp-post-desc\">Embedding compassion into policies, practices and everyday actions. Bedfont\u00ae Scientific Ltd. is a world leader in breath analysis, with over 49 years of expertise in designing and manufacturing medical devices. The innovative med-tech company, based in Harrietsham, was proud to...<\/div>\r\n\t\t\t\t\t\t\t\t\t<a href=\"https:\/\/www.bedfont.com\/pl\/bedfont-becomes-the-first-compassionate-workplace\/\" class=\"bdpp-rdmr-btn\">Czytaj dalej<\/a>\r\n\t\t\t\t\t\t\t<\/div>\r\n\t\t\t\t\t<\/div>\r\n\t<\/div>\r\n<\/div><div class=\"bdpp-post-grid bdpp-col-1 bdpp-columns bdpp-post-11447 bdpp-post-standard bdpp-has-thumb\">\r\n\t<div class=\"bdpp-post-grid-content\">\r\n\t\t\t\t<div class=\"bdpp-post-img-bg\">\r\n\t\t\t<a href=\"https:\/\/www.bedfont.com\/pl\/hydration-nutrition-and-your-gut-hydrogen-methane-breath-testing-the-guts-thermometer\/\">\r\n\t\t\t\t<img decoding=\"async\" src=\"https:\/\/www.bedfont.com\/wp-content\/uploads\/2026\/03\/Article-Featured-Images-10-1024x576.png\" class=\"bdpp-img bdpp-post-feat-img\" alt=\"Hydration, Nutrition and Your Gut: Hydrogen\u2013Methane Breath Testing &#8211; The Gut\u2019s Thermometer\" \/>\r\n\t\t\t<\/a>\r\n\t\t<\/div>\r\n\t\t\r\n\t\t<div class=\"bdpp-post-margin-content\">\r\n\t\t\t\r\n\t\t\t<h2 class=\"bdpp-post-title\">\r\n\t\t\t\t<a href=\"https:\/\/www.bedfont.com\/pl\/hydration-nutrition-and-your-gut-hydrogen-methane-breath-testing-the-guts-thermometer\/\">Hydration, Nutrition and Your Gut: Hydrogen\u2013Methane Breath Testing &#8211; The Gut\u2019s Thermometer<\/a>\r\n\t\t\t<\/h2>\r\n\r\n\t\t\t\t\t\t<div class=\"bdpp-post-meta bdpp-post-meta-up\">\r\n\t\t\t\t<span class=\"bdpp-post-meta-data bdpp-post-date\"><i class=\"bdpp-fa fa-regular fa-clock\"><\/i>2026-03-26<\/span>\t\t\t<\/div>\r\n\t\t\t\t\t\t<div class=\"bdpp-post-content\">\r\n\t\t\t\t<div class=\"bdpp-post-desc\">Written by Dr Jafar Jafari, GI Cognition This article reflects the opinions of a healthcare professional. The views expressed are their own. The intended use for the GastroCH4ECK\u00ae is to aid in the diagnosis of the following disorders: Lactose Intolerance,...<\/div>\r\n\t\t\t\t\t\t\t\t\t<a href=\"https:\/\/www.bedfont.com\/pl\/hydration-nutrition-and-your-gut-hydrogen-methane-breath-testing-the-guts-thermometer\/\" class=\"bdpp-rdmr-btn\">Czytaj dalej<\/a>\r\n\t\t\t\t\t\t\t<\/div>\r\n\t\t\t\t\t<\/div>\r\n\t<\/div>\r\n<\/div><div class=\"bdpp-post-grid bdpp-col-1 bdpp-columns bdpp-post-11419 bdpp-post-standard bdpp-has-thumb\">\r\n\t<div class=\"bdpp-post-grid-content\">\r\n\t\t\t\t<div class=\"bdpp-post-img-bg\">\r\n\t\t\t<a href=\"https:\/\/www.bedfont.com\/pl\/bedfont-cto-shortlisted-at-national-technology-awards\/\">\r\n\t\t\t\t<img decoding=\"async\" src=\"https:\/\/www.bedfont.com\/wp-content\/uploads\/2026\/03\/Article-Featured-Images-9-1024x576.png\" class=\"bdpp-img bdpp-post-feat-img\" alt=\"Championing Innovation: Bedfont\u00ae Scientific CTO Shortlisted for Technology Leader of the Year\" \/>\r\n\t\t\t<\/a>\r\n\t\t<\/div>\r\n\t\t\r\n\t\t<div class=\"bdpp-post-margin-content\">\r\n\t\t\t\r\n\t\t\t<h2 class=\"bdpp-post-title\">\r\n\t\t\t\t<a href=\"https:\/\/www.bedfont.com\/pl\/bedfont-cto-shortlisted-at-national-technology-awards\/\">Championing Innovation: Bedfont\u00ae Scientific CTO Shortlisted for Technology Leader of the Year<\/a>\r\n\t\t\t<\/h2>\r\n\r\n\t\t\t\t\t\t<div class=\"bdpp-post-meta bdpp-post-meta-up\">\r\n\t\t\t\t<span class=\"bdpp-post-meta-data bdpp-post-date\"><i class=\"bdpp-fa fa-regular fa-clock\"><\/i>2026-03-24<\/span>\t\t\t<\/div>\r\n\t\t\t\t\t\t<div class=\"bdpp-post-content\">\r\n\t\t\t\t<div class=\"bdpp-post-desc\">Shortlisting recognises Bedfont\u2019s role in driving innovation and technology leadership across Kent. Scott Deamer-Smith, Chief Technology Officer (CTO) at Bedfont\u00ae Scientific Limited, has been recognised for his outstanding contribution to innovation and technology. Scott has spent an impressive 18 years...<\/div>\r\n\t\t\t\t\t\t\t\t\t<a href=\"https:\/\/www.bedfont.com\/pl\/bedfont-cto-shortlisted-at-national-technology-awards\/\" class=\"bdpp-rdmr-btn\">Czytaj dalej<\/a>\r\n\t\t\t\t\t\t\t<\/div>\r\n\t\t\t\t\t<\/div>\r\n\t<\/div>\r\n<\/div><div class=\"bdpp-post-grid bdpp-col-1 bdpp-columns bdpp-post-11387 bdpp-post-standard bdpp-has-thumb\">\r\n\t<div class=\"bdpp-post-grid-content\">\r\n\t\t\t\t<div class=\"bdpp-post-img-bg\">\r\n\t\t\t<a href=\"https:\/\/www.bedfont.com\/pl\/world-digestive-health-day-2026-advancing-the-future-of-hydrogen-methane-breath-testing\/\">\r\n\t\t\t\t<img decoding=\"async\" src=\"https:\/\/www.bedfont.com\/wp-content\/uploads\/2026\/03\/Article-Featured-Images-8-1024x576.png\" class=\"bdpp-img bdpp-post-feat-img\" alt=\"World Digestive Health Day 2026: Advancing the future of hydrogen-methane breath testing\" \/>\r\n\t\t\t<\/a>\r\n\t\t<\/div>\r\n\t\t\r\n\t\t<div class=\"bdpp-post-margin-content\">\r\n\t\t\t\r\n\t\t\t<h2 class=\"bdpp-post-title\">\r\n\t\t\t\t<a href=\"https:\/\/www.bedfont.com\/pl\/world-digestive-health-day-2026-advancing-the-future-of-hydrogen-methane-breath-testing\/\">World Digestive Health Day 2026: Advancing the future of hydrogen-methane breath testing<\/a>\r\n\t\t\t<\/h2>\r\n\r\n\t\t\t\t\t\t<div class=\"bdpp-post-meta bdpp-post-meta-up\">\r\n\t\t\t\t<span class=\"bdpp-post-meta-data bdpp-post-date\"><i class=\"bdpp-fa fa-regular fa-clock\"><\/i>2026-03-23<\/span>\t\t\t<\/div>\r\n\t\t\t\t\t\t<div class=\"bdpp-post-content\">\r\n\t\t\t\t<div class=\"bdpp-post-desc\">Written by Melissa Dooley, GastroLife This article reflects the opinions of a healthcare professional. The views expressed are their own. The intended use for the GastroCH4ECK\u00ae is to aid in the diagnosis of the following disorders: Lactose Intolerance, Small Intestinal...<\/div>\r\n\t\t\t\t\t\t\t\t\t<a href=\"https:\/\/www.bedfont.com\/pl\/world-digestive-health-day-2026-advancing-the-future-of-hydrogen-methane-breath-testing\/\" class=\"bdpp-rdmr-btn\">Czytaj dalej<\/a>\r\n\t\t\t\t\t\t\t<\/div>\r\n\t\t\t\t\t<\/div>\r\n\t<\/div>\r\n<\/div>\t<\/div>\r\n\t\t<div class=\"bdpp-paging bdpp-clearfix\">\r\n\t\t<span aria-current=\"page\" class=\"page-numbers current\">1<\/span>\n<a class=\"page-numbers\" href=\"https:\/\/www.bedfont.com\/pl\/wp-json\/wp\/v2\/pages\/4025\/page\/2\/\">2<\/a>\n<a class=\"page-numbers\" href=\"https:\/\/www.bedfont.com\/pl\/wp-json\/wp\/v2\/pages\/4025\/page\/3\/\">3<\/a>\n<span class=\"page-numbers dots\">&hellip;<\/span>\n<a class=\"page-numbers\" href=\"https:\/\/www.bedfont.com\/pl\/wp-json\/wp\/v2\/pages\/4025\/page\/37\/\">37<\/a>\n<a class=\"next page-numbers\" href=\"https:\/\/www.bedfont.com\/pl\/wp-json\/wp\/v2\/pages\/4025\/page\/2\/\">Nast\u0119pna \u00bb &raquo;<\/a>\t<\/div>\r\n<\/div>\n","protected":false},"excerpt":{"rendered":"","protected":false},"author":6,"featured_media":0,"parent":0,"menu_order":0,"comment_status":"closed","ping_status":"closed","template":"page-news.php","meta":{"_acf_changed":false,"footnotes":""},"class_list":["post-4025","page","type-page","status-publish","hentry"],"acf":[],"yoast_head":"<!-- This site is optimized with the Yoast SEO plugin v27.4 - https:\/\/yoast.com\/product\/yoast-seo-wordpress\/ -->\n<title>Aktualno\u015bci - Bedfont Scientific Ltd.<\/title>\n<meta name=\"description\" content=\"Przeczytaj poni\u017csze artyku\u0142y, aby dowiedzie\u0107 si\u0119, co dzieje si\u0119 w firmie Bedfont\u00ae i pozna\u0107 nasze najnowsze aktualno\u015bci.\" \/>\n<meta name=\"robots\" content=\"index, follow, max-snippet:-1, max-image-preview:large, max-video-preview:-1\" \/>\n<link rel=\"canonical\" href=\"https:\/\/www.bedfont.com\/pl\/news\/\" \/>\n<meta property=\"og:locale\" content=\"pl_PL\" \/>\n<meta property=\"og:type\" content=\"article\" \/>\n<meta property=\"og:title\" content=\"Aktualno\u015bci - Bedfont Scientific Ltd.\" \/>\n<meta property=\"og:description\" content=\"Przeczytaj poni\u017csze artyku\u0142y, aby dowiedzie\u0107 si\u0119, co dzieje si\u0119 w firmie Bedfont\u00ae i pozna\u0107 nasze najnowsze aktualno\u015bci.\" \/>\n<meta property=\"og:url\" content=\"https:\/\/www.bedfont.com\/pl\/news\/\" \/>\n<meta property=\"og:site_name\" content=\"Bedfont Scientific Ltd.\" \/>\n<meta property=\"article:publisher\" content=\"https:\/\/www.facebook.com\/Bedfontltd\/\" \/>\n<meta property=\"article:modified_time\" content=\"2024-10-14T11:18:24+00:00\" \/>\n<meta name=\"twitter:card\" content=\"summary_large_image\" \/>\n<meta name=\"twitter:site\" content=\"@BedfontLtd\" \/>\n<meta name=\"twitter:label1\" content=\"Szacowany czas czytania\" \/>\n\t<meta name=\"twitter:data1\" content=\"1 minuta\" \/>\n<script type=\"application\/ld+json\" class=\"yoast-schema-graph\">{\"@context\":\"https:\\\/\\\/schema.org\",\"@graph\":[{\"@type\":\"WebPage\",\"@id\":\"https:\\\/\\\/www.bedfont.com\\\/pl\\\/news\\\/\",\"url\":\"https:\\\/\\\/www.bedfont.com\\\/pl\\\/news\\\/\",\"name\":\"Aktualno\u015bci - Bedfont Scientific Ltd.\",\"isPartOf\":{\"@id\":\"https:\\\/\\\/www.bedfont.com\\\/pl\\\/#website\"},\"datePublished\":\"2022-07-12T09:53:33+00:00\",\"dateModified\":\"2024-10-14T11:18:24+00:00\",\"description\":\"Przeczytaj poni\u017csze artyku\u0142y, aby dowiedzie\u0107 si\u0119, co dzieje si\u0119 w firmie Bedfont\u00ae i pozna\u0107 nasze najnowsze aktualno\u015bci.\",\"breadcrumb\":{\"@id\":\"https:\\\/\\\/www.bedfont.com\\\/pl\\\/news\\\/#breadcrumb\"},\"inLanguage\":\"pl-PL\",\"potentialAction\":[{\"@type\":\"ReadAction\",\"target\":[\"https:\\\/\\\/www.bedfont.com\\\/pl\\\/news\\\/\"]}]},{\"@type\":\"BreadcrumbList\",\"@id\":\"https:\\\/\\\/www.bedfont.com\\\/pl\\\/news\\\/#breadcrumb\",\"itemListElement\":[{\"@type\":\"ListItem\",\"position\":1,\"name\":\"Home\",\"item\":\"https:\\\/\\\/www.bedfont.com\\\/pl\\\/\"},{\"@type\":\"ListItem\",\"position\":2,\"name\":\"Aktualno\u015bci\"}]},{\"@type\":\"WebSite\",\"@id\":\"https:\\\/\\\/www.bedfont.com\\\/pl\\\/#website\",\"url\":\"https:\\\/\\\/www.bedfont.com\\\/pl\\\/\",\"name\":\"Bedfont Scientific Ltd.\",\"description\":\"World leaders in breath analysis.\",\"publisher\":{\"@id\":\"https:\\\/\\\/www.bedfont.com\\\/pl\\\/#organization\"},\"potentialAction\":[{\"@type\":\"SearchAction\",\"target\":{\"@type\":\"EntryPoint\",\"urlTemplate\":\"https:\\\/\\\/www.bedfont.com\\\/pl\\\/?s={search_term_string}\"},\"query-input\":{\"@type\":\"PropertyValueSpecification\",\"valueRequired\":true,\"valueName\":\"search_term_string\"}}],\"inLanguage\":\"pl-PL\"},{\"@type\":\"Organization\",\"@id\":\"https:\\\/\\\/www.bedfont.com\\\/pl\\\/#organization\",\"name\":\"Bedfont Scientific Ltd.\",\"url\":\"https:\\\/\\\/www.bedfont.com\\\/pl\\\/\",\"logo\":{\"@type\":\"ImageObject\",\"inLanguage\":\"pl-PL\",\"@id\":\"https:\\\/\\\/www.bedfont.com\\\/pl\\\/#\\\/schema\\\/logo\\\/image\\\/\",\"url\":\"https:\\\/\\\/www.bedfont.com\\\/wp-content\\\/uploads\\\/2023\\\/06\\\/logo.png\",\"contentUrl\":\"https:\\\/\\\/www.bedfont.com\\\/wp-content\\\/uploads\\\/2023\\\/06\\\/logo.png\",\"width\":1600,\"height\":505,\"caption\":\"Bedfont Scientific Ltd.\"},\"image\":{\"@id\":\"https:\\\/\\\/www.bedfont.com\\\/pl\\\/#\\\/schema\\\/logo\\\/image\\\/\"},\"sameAs\":[\"https:\\\/\\\/www.facebook.com\\\/Bedfontltd\\\/\",\"https:\\\/\\\/x.com\\\/BedfontLtd\",\"https:\\\/\\\/www.instagram.com\\\/bedfontltd\\\/\",\"https:\\\/\\\/www.linkedin.com\\\/company\\\/bedfont-scientific-ltd\\\/\",\"https:\\\/\\\/www.youtube.com\\\/user\\\/BedfontScientificLtd\"]}]}<\/script>\n<!-- \/ Yoast SEO plugin. -->","yoast_head_json":{"title":"Aktualno\u015bci - Bedfont Scientific Ltd.","description":"Przeczytaj poni\u017csze artyku\u0142y, aby dowiedzie\u0107 si\u0119, co dzieje si\u0119 w firmie Bedfont\u00ae i pozna\u0107 nasze najnowsze aktualno\u015bci.","robots":{"index":"index","follow":"follow","max-snippet":"max-snippet:-1","max-image-preview":"max-image-preview:large","max-video-preview":"max-video-preview:-1"},"canonical":"https:\/\/www.bedfont.com\/pl\/news\/","og_locale":"pl_PL","og_type":"article","og_title":"Aktualno\u015bci - Bedfont Scientific Ltd.","og_description":"Przeczytaj poni\u017csze artyku\u0142y, aby dowiedzie\u0107 si\u0119, co dzieje si\u0119 w firmie Bedfont\u00ae i pozna\u0107 nasze najnowsze aktualno\u015bci.","og_url":"https:\/\/www.bedfont.com\/pl\/news\/","og_site_name":"Bedfont Scientific Ltd.","article_publisher":"https:\/\/www.facebook.com\/Bedfontltd\/","article_modified_time":"2024-10-14T11:18:24+00:00","twitter_card":"summary_large_image","twitter_site":"@BedfontLtd","twitter_misc":{"Szacowany czas czytania":"1 minuta"},"schema":{"@context":"https:\/\/schema.org","@graph":[{"@type":"WebPage","@id":"https:\/\/www.bedfont.com\/pl\/news\/","url":"https:\/\/www.bedfont.com\/pl\/news\/","name":"Aktualno\u015bci - Bedfont Scientific Ltd.","isPartOf":{"@id":"https:\/\/www.bedfont.com\/pl\/#website"},"datePublished":"2022-07-12T09:53:33+00:00","dateModified":"2024-10-14T11:18:24+00:00","description":"Przeczytaj poni\u017csze artyku\u0142y, aby dowiedzie\u0107 si\u0119, co dzieje si\u0119 w firmie Bedfont\u00ae i pozna\u0107 nasze najnowsze aktualno\u015bci.","breadcrumb":{"@id":"https:\/\/www.bedfont.com\/pl\/news\/#breadcrumb"},"inLanguage":"pl-PL","potentialAction":[{"@type":"ReadAction","target":["https:\/\/www.bedfont.com\/pl\/news\/"]}]},{"@type":"BreadcrumbList","@id":"https:\/\/www.bedfont.com\/pl\/news\/#breadcrumb","itemListElement":[{"@type":"ListItem","position":1,"name":"Home","item":"https:\/\/www.bedfont.com\/pl\/"},{"@type":"ListItem","position":2,"name":"Aktualno\u015bci"}]},{"@type":"WebSite","@id":"https:\/\/www.bedfont.com\/pl\/#website","url":"https:\/\/www.bedfont.com\/pl\/","name":"Bedfont Scientific Ltd.","description":"World leaders in breath analysis.","publisher":{"@id":"https:\/\/www.bedfont.com\/pl\/#organization"},"potentialAction":[{"@type":"SearchAction","target":{"@type":"EntryPoint","urlTemplate":"https:\/\/www.bedfont.com\/pl\/?s={search_term_string}"},"query-input":{"@type":"PropertyValueSpecification","valueRequired":true,"valueName":"search_term_string"}}],"inLanguage":"pl-PL"},{"@type":"Organization","@id":"https:\/\/www.bedfont.com\/pl\/#organization","name":"Bedfont Scientific Ltd.","url":"https:\/\/www.bedfont.com\/pl\/","logo":{"@type":"ImageObject","inLanguage":"pl-PL","@id":"https:\/\/www.bedfont.com\/pl\/#\/schema\/logo\/image\/","url":"https:\/\/www.bedfont.com\/wp-content\/uploads\/2023\/06\/logo.png","contentUrl":"https:\/\/www.bedfont.com\/wp-content\/uploads\/2023\/06\/logo.png","width":1600,"height":505,"caption":"Bedfont Scientific Ltd."},"image":{"@id":"https:\/\/www.bedfont.com\/pl\/#\/schema\/logo\/image\/"},"sameAs":["https:\/\/www.facebook.com\/Bedfontltd\/","https:\/\/x.com\/BedfontLtd","https:\/\/www.instagram.com\/bedfontltd\/","https:\/\/www.linkedin.com\/company\/bedfont-scientific-ltd\/","https:\/\/www.youtube.com\/user\/BedfontScientificLtd"]}]}},"_links":{"self":[{"href":"https:\/\/www.bedfont.com\/pl\/wp-json\/wp\/v2\/pages\/4025","targetHints":{"allow":["GET"]}}],"collection":[{"href":"https:\/\/www.bedfont.com\/pl\/wp-json\/wp\/v2\/pages"}],"about":[{"href":"https:\/\/www.bedfont.com\/pl\/wp-json\/wp\/v2\/types\/page"}],"author":[{"embeddable":true,"href":"https:\/\/www.bedfont.com\/pl\/wp-json\/wp\/v2\/users\/6"}],"replies":[{"embeddable":true,"href":"https:\/\/www.bedfont.com\/pl\/wp-json\/wp\/v2\/comments?post=4025"}],"version-history":[{"count":1,"href":"https:\/\/www.bedfont.com\/pl\/wp-json\/wp\/v2\/pages\/4025\/revisions"}],"predecessor-version":[{"id":7110,"href":"https:\/\/www.bedfont.com\/pl\/wp-json\/wp\/v2\/pages\/4025\/revisions\/7110"}],"wp:attachment":[{"href":"https:\/\/www.bedfont.com\/pl\/wp-json\/wp\/v2\/media?parent=4025"}],"curies":[{"name":"wp","href":"https:\/\/api.w.org\/{rel}","templated":true}]}}