{"id":3728,"date":"2023-01-27T16:29:54","date_gmt":"2023-01-27T16:29:54","guid":{"rendered":"https:\/\/bedfont.theprogressteam.com\/znajdz-mojego-dystrybutora\/"},"modified":"2024-10-10T06:26:16","modified_gmt":"2024-10-10T06:26:16","slug":"znajdz-mojego-dystrybutora","status":"publish","type":"page","link":"https:\/\/www.bedfont.com\/pl\/znajdz-mojego-dystrybutora\/","title":{"rendered":"Znajd\u017a Mojego Dystrybutora"},"content":{"rendered":"\n<p>Od 1976 roku specjalizujemy si\u0119 w projektowaniu i produkcji urz\u0105dze\u0144 do monitorowania wydychanego powietrza i gaz\u00f3w. Nasze produkty s\u0105 wykorzystywane w r\u00f3\u017cnych bran\u017cach, w tym w opiece zdrowotnej, przemy\u015ble farmaceutycznym i diagnostyce. Nasze do\u015bwiadczenie znajduje odzwierciedlenie w szerokiej gamie oferowanych przez nas produkt\u00f3w \u2014 od urz\u0105dze\u0144 przeno\u015bnych po stacjonarne \u2014 kt\u00f3re mog\u0105 by\u0107 wykorzystywane do analizy oddechu pacjent\u00f3w.  <\/p>\n","protected":false},"excerpt":{"rendered":"<p>Od 1976 roku specjalizujemy si\u0119 w projektowaniu i produkcji urz\u0105dze\u0144 do monitorowania wydychanego powietrza i gaz\u00f3w. Nasze produkty s\u0105 wykorzystywane w r\u00f3\u017cnych bran\u017cach, w tym w opiece zdrowotnej, przemy\u015ble farmaceutycznym i diagnostyce. Nasze do\u015bwiadczenie znajduje odzwierciedlenie w szerokiej gamie oferowanych przez nas produkt\u00f3w \u2014 od urz\u0105dze\u0144 przeno\u015bnych po stacjonarne \u2014 kt\u00f3re mog\u0105 by\u0107 wykorzystywane do [&hellip;]<\/p>\n","protected":false},"author":6,"featured_media":0,"parent":0,"menu_order":0,"comment_status":"closed","ping_status":"closed","template":"page-find-distributor.php","meta":{"_acf_changed":false,"footnotes":""},"class_list":["post-3728","page","type-page","status-publish","hentry"],"acf":[],"yoast_head":"<!-- This site is optimized with the Yoast SEO plugin v27.4 - https:\/\/yoast.com\/product\/yoast-seo-wordpress\/ -->\n<title>Znajd\u017a Mojego Dystrybutora - Bedfont Scientific Ltd.<\/title>\n<meta name=\"description\" content=\"Znajd\u017a lokalnego dystrybutora poni\u017cej, po prostu wybieraj\u0105c kraj, w kt\u00f3rym mieszkasz, i produkt, o kt\u00f3rym chcesz uzyska\u0107 wi\u0119cej informacji.\" \/>\n<meta name=\"robots\" content=\"index, follow, max-snippet:-1, max-image-preview:large, max-video-preview:-1\" \/>\n<link rel=\"canonical\" href=\"https:\/\/www.bedfont.com\/pl\/znajdz-mojego-dystrybutora\/\" \/>\n<meta property=\"og:locale\" content=\"pl_PL\" \/>\n<meta property=\"og:type\" content=\"article\" \/>\n<meta property=\"og:title\" content=\"Znajd\u017a Mojego Dystrybutora - Bedfont Scientific Ltd.\" \/>\n<meta property=\"og:description\" content=\"Znajd\u017a lokalnego dystrybutora poni\u017cej, po prostu wybieraj\u0105c kraj, w kt\u00f3rym mieszkasz, i produkt, o kt\u00f3rym chcesz uzyska\u0107 wi\u0119cej informacji.\" \/>\n<meta property=\"og:url\" content=\"https:\/\/www.bedfont.com\/pl\/znajdz-mojego-dystrybutora\/\" \/>\n<meta property=\"og:site_name\" content=\"Bedfont Scientific Ltd.\" \/>\n<meta property=\"article:publisher\" content=\"https:\/\/www.facebook.com\/Bedfontltd\/\" \/>\n<meta property=\"article:modified_time\" content=\"2024-10-10T06:26:16+00:00\" \/>\n<meta name=\"twitter:card\" content=\"summary_large_image\" \/>\n<meta name=\"twitter:site\" content=\"@BedfontLtd\" \/>\n<script type=\"application\/ld+json\" class=\"yoast-schema-graph\">{\"@context\":\"https:\\\/\\\/schema.org\",\"@graph\":[{\"@type\":\"WebPage\",\"@id\":\"https:\\\/\\\/www.bedfont.com\\\/pl\\\/znajdz-mojego-dystrybutora\\\/\",\"url\":\"https:\\\/\\\/www.bedfont.com\\\/pl\\\/znajdz-mojego-dystrybutora\\\/\",\"name\":\"Znajd\u017a Mojego Dystrybutora - Bedfont Scientific Ltd.\",\"isPartOf\":{\"@id\":\"https:\\\/\\\/www.bedfont.com\\\/pl\\\/#website\"},\"datePublished\":\"2023-01-27T16:29:54+00:00\",\"dateModified\":\"2024-10-10T06:26:16+00:00\",\"description\":\"Znajd\u017a lokalnego dystrybutora poni\u017cej, po prostu wybieraj\u0105c kraj, w kt\u00f3rym mieszkasz, i produkt, o kt\u00f3rym chcesz uzyska\u0107 wi\u0119cej informacji.\",\"breadcrumb\":{\"@id\":\"https:\\\/\\\/www.bedfont.com\\\/pl\\\/znajdz-mojego-dystrybutora\\\/#breadcrumb\"},\"inLanguage\":\"pl-PL\",\"potentialAction\":[{\"@type\":\"ReadAction\",\"target\":[\"https:\\\/\\\/www.bedfont.com\\\/pl\\\/znajdz-mojego-dystrybutora\\\/\"]}]},{\"@type\":\"BreadcrumbList\",\"@id\":\"https:\\\/\\\/www.bedfont.com\\\/pl\\\/znajdz-mojego-dystrybutora\\\/#breadcrumb\",\"itemListElement\":[{\"@type\":\"ListItem\",\"position\":1,\"name\":\"Home\",\"item\":\"https:\\\/\\\/www.bedfont.com\\\/pl\\\/\"},{\"@type\":\"ListItem\",\"position\":2,\"name\":\"Znajd\u017a Mojego Dystrybutora\"}]},{\"@type\":\"WebSite\",\"@id\":\"https:\\\/\\\/www.bedfont.com\\\/pl\\\/#website\",\"url\":\"https:\\\/\\\/www.bedfont.com\\\/pl\\\/\",\"name\":\"Bedfont Scientific Ltd.\",\"description\":\"World leaders in breath analysis.\",\"publisher\":{\"@id\":\"https:\\\/\\\/www.bedfont.com\\\/pl\\\/#organization\"},\"potentialAction\":[{\"@type\":\"SearchAction\",\"target\":{\"@type\":\"EntryPoint\",\"urlTemplate\":\"https:\\\/\\\/www.bedfont.com\\\/pl\\\/?s={search_term_string}\"},\"query-input\":{\"@type\":\"PropertyValueSpecification\",\"valueRequired\":true,\"valueName\":\"search_term_string\"}}],\"inLanguage\":\"pl-PL\"},{\"@type\":\"Organization\",\"@id\":\"https:\\\/\\\/www.bedfont.com\\\/pl\\\/#organization\",\"name\":\"Bedfont Scientific Ltd.\",\"url\":\"https:\\\/\\\/www.bedfont.com\\\/pl\\\/\",\"logo\":{\"@type\":\"ImageObject\",\"inLanguage\":\"pl-PL\",\"@id\":\"https:\\\/\\\/www.bedfont.com\\\/pl\\\/#\\\/schema\\\/logo\\\/image\\\/\",\"url\":\"https:\\\/\\\/www.bedfont.com\\\/wp-content\\\/uploads\\\/2023\\\/06\\\/logo.png\",\"contentUrl\":\"https:\\\/\\\/www.bedfont.com\\\/wp-content\\\/uploads\\\/2023\\\/06\\\/logo.png\",\"width\":1600,\"height\":505,\"caption\":\"Bedfont Scientific Ltd.\"},\"image\":{\"@id\":\"https:\\\/\\\/www.bedfont.com\\\/pl\\\/#\\\/schema\\\/logo\\\/image\\\/\"},\"sameAs\":[\"https:\\\/\\\/www.facebook.com\\\/Bedfontltd\\\/\",\"https:\\\/\\\/x.com\\\/BedfontLtd\",\"https:\\\/\\\/www.instagram.com\\\/bedfontltd\\\/\",\"https:\\\/\\\/www.linkedin.com\\\/company\\\/bedfont-scientific-ltd\\\/\",\"https:\\\/\\\/www.youtube.com\\\/user\\\/BedfontScientificLtd\"]}]}<\/script>\n<!-- \/ Yoast SEO plugin. -->","yoast_head_json":{"title":"Znajd\u017a Mojego Dystrybutora - Bedfont Scientific Ltd.","description":"Znajd\u017a lokalnego dystrybutora poni\u017cej, po prostu wybieraj\u0105c kraj, w kt\u00f3rym mieszkasz, i produkt, o kt\u00f3rym chcesz uzyska\u0107 wi\u0119cej informacji.","robots":{"index":"index","follow":"follow","max-snippet":"max-snippet:-1","max-image-preview":"max-image-preview:large","max-video-preview":"max-video-preview:-1"},"canonical":"https:\/\/www.bedfont.com\/pl\/znajdz-mojego-dystrybutora\/","og_locale":"pl_PL","og_type":"article","og_title":"Znajd\u017a Mojego Dystrybutora - Bedfont Scientific Ltd.","og_description":"Znajd\u017a lokalnego dystrybutora poni\u017cej, po prostu wybieraj\u0105c kraj, w kt\u00f3rym mieszkasz, i produkt, o kt\u00f3rym chcesz uzyska\u0107 wi\u0119cej informacji.","og_url":"https:\/\/www.bedfont.com\/pl\/znajdz-mojego-dystrybutora\/","og_site_name":"Bedfont Scientific Ltd.","article_publisher":"https:\/\/www.facebook.com\/Bedfontltd\/","article_modified_time":"2024-10-10T06:26:16+00:00","twitter_card":"summary_large_image","twitter_site":"@BedfontLtd","schema":{"@context":"https:\/\/schema.org","@graph":[{"@type":"WebPage","@id":"https:\/\/www.bedfont.com\/pl\/znajdz-mojego-dystrybutora\/","url":"https:\/\/www.bedfont.com\/pl\/znajdz-mojego-dystrybutora\/","name":"Znajd\u017a Mojego Dystrybutora - Bedfont Scientific Ltd.","isPartOf":{"@id":"https:\/\/www.bedfont.com\/pl\/#website"},"datePublished":"2023-01-27T16:29:54+00:00","dateModified":"2024-10-10T06:26:16+00:00","description":"Znajd\u017a lokalnego dystrybutora poni\u017cej, po prostu wybieraj\u0105c kraj, w kt\u00f3rym mieszkasz, i produkt, o kt\u00f3rym chcesz uzyska\u0107 wi\u0119cej informacji.","breadcrumb":{"@id":"https:\/\/www.bedfont.com\/pl\/znajdz-mojego-dystrybutora\/#breadcrumb"},"inLanguage":"pl-PL","potentialAction":[{"@type":"ReadAction","target":["https:\/\/www.bedfont.com\/pl\/znajdz-mojego-dystrybutora\/"]}]},{"@type":"BreadcrumbList","@id":"https:\/\/www.bedfont.com\/pl\/znajdz-mojego-dystrybutora\/#breadcrumb","itemListElement":[{"@type":"ListItem","position":1,"name":"Home","item":"https:\/\/www.bedfont.com\/pl\/"},{"@type":"ListItem","position":2,"name":"Znajd\u017a Mojego Dystrybutora"}]},{"@type":"WebSite","@id":"https:\/\/www.bedfont.com\/pl\/#website","url":"https:\/\/www.bedfont.com\/pl\/","name":"Bedfont Scientific Ltd.","description":"World leaders in breath analysis.","publisher":{"@id":"https:\/\/www.bedfont.com\/pl\/#organization"},"potentialAction":[{"@type":"SearchAction","target":{"@type":"EntryPoint","urlTemplate":"https:\/\/www.bedfont.com\/pl\/?s={search_term_string}"},"query-input":{"@type":"PropertyValueSpecification","valueRequired":true,"valueName":"search_term_string"}}],"inLanguage":"pl-PL"},{"@type":"Organization","@id":"https:\/\/www.bedfont.com\/pl\/#organization","name":"Bedfont Scientific Ltd.","url":"https:\/\/www.bedfont.com\/pl\/","logo":{"@type":"ImageObject","inLanguage":"pl-PL","@id":"https:\/\/www.bedfont.com\/pl\/#\/schema\/logo\/image\/","url":"https:\/\/www.bedfont.com\/wp-content\/uploads\/2023\/06\/logo.png","contentUrl":"https:\/\/www.bedfont.com\/wp-content\/uploads\/2023\/06\/logo.png","width":1600,"height":505,"caption":"Bedfont Scientific Ltd."},"image":{"@id":"https:\/\/www.bedfont.com\/pl\/#\/schema\/logo\/image\/"},"sameAs":["https:\/\/www.facebook.com\/Bedfontltd\/","https:\/\/x.com\/BedfontLtd","https:\/\/www.instagram.com\/bedfontltd\/","https:\/\/www.linkedin.com\/company\/bedfont-scientific-ltd\/","https:\/\/www.youtube.com\/user\/BedfontScientificLtd"]}]}},"_links":{"self":[{"href":"https:\/\/www.bedfont.com\/pl\/wp-json\/wp\/v2\/pages\/3728","targetHints":{"allow":["GET"]}}],"collection":[{"href":"https:\/\/www.bedfont.com\/pl\/wp-json\/wp\/v2\/pages"}],"about":[{"href":"https:\/\/www.bedfont.com\/pl\/wp-json\/wp\/v2\/types\/page"}],"author":[{"embeddable":true,"href":"https:\/\/www.bedfont.com\/pl\/wp-json\/wp\/v2\/users\/6"}],"replies":[{"embeddable":true,"href":"https:\/\/www.bedfont.com\/pl\/wp-json\/wp\/v2\/comments?post=3728"}],"version-history":[{"count":4,"href":"https:\/\/www.bedfont.com\/pl\/wp-json\/wp\/v2\/pages\/3728\/revisions"}],"predecessor-version":[{"id":6676,"href":"https:\/\/www.bedfont.com\/pl\/wp-json\/wp\/v2\/pages\/3728\/revisions\/6676"}],"wp:attachment":[{"href":"https:\/\/www.bedfont.com\/pl\/wp-json\/wp\/v2\/media?parent=3728"}],"curies":[{"name":"wp","href":"https:\/\/api.w.org\/{rel}","templated":true}]}}