{"id":3703,"date":"2023-11-10T13:44:39","date_gmt":"2023-11-10T13:44:39","guid":{"rendered":"https:\/\/bedfont.theprogressteam.com\/terms-and-conditions\/"},"modified":"2024-10-10T09:58:44","modified_gmt":"2024-10-10T09:58:44","slug":"terms-and-conditions","status":"publish","type":"page","link":"https:\/\/www.bedfont.com\/pl\/terms-and-conditions\/","title":{"rendered":"Warunki i postanowienia"},"content":{"rendered":"\n<h1 class=\"text-left\">Warunki <span class=\"blue-text\">Korzystania<\/span><\/h1>\n\n<h2 class=\"wp-block-heading\">Wprowadzenie<\/h2>\n\n<p>Niniejsze warunki korzystania reguluj\u0105 Twoje korzystanie ze strony internetowej Bedfont<sup>\u00ae<\/sup> Scientific Ltd. (zwanej dalej \u201eStron\u0105\u201d). Korzystaj\u0105c ze Strony, zgadzasz si\u0119 przestrzega\u0107 tych warunk\u00f3w i by\u0107 nimi zwi\u0105zanym. Je\u015bli nie zgadzasz si\u0119 z kt\u00f3rymkolwiek z tych warunk\u00f3w, nie powiniene\u015b korzysta\u0107 ze Strony.  <\/p>\n\n<h2 class=\"wp-block-heading\">Definicje<\/h2>\n\n<p><strong>\u201eU\u017cytkownik\u201d lub \u201eU\u017cytkownicy\u201d:<\/strong> odnosi si\u0119 do ka\u017cdej strony trzeciej uzyskuj\u0105cej dost\u0119p do tej Witryny lub jakiejkolwiek witryny internetowej w powi\u0105zaniu z Bedfont<sup>\u00ae<\/sup> .<br\/><strong>\u201eTre\u015b\u0107\u201d:<\/strong> obejmuje tekst, grafik\u0119, obrazy, d\u017awi\u0119k, wideo, oprogramowanie, kompilacje danych, uk\u0142ad strony, kod \u017ar\u00f3d\u0142owy i wszelkie inne informacje przechowywane w Witrynie.<br\/><strong>&#8217;Strona internetowa&#8217;:<\/strong> Strona internetowa, z kt\u00f3rej korzysta\u0142e\u015b przed przekierowaniem na www.bedfont.com. Lub ta strona internetowa. <\/p>\n\n<h2 class=\"wp-block-heading\">W\u0142asno\u015b\u0107 Intelektualna i Akceptowalne U\u017cycie<\/h2>\n\n<p>Wszystkie Tre\u015bci na Stronie, o ile nie zosta\u0142y przes\u0142ane przez U\u017cytkownik\u00f3w, s\u0105 w\u0142asno\u015bci\u0105 <sup>Bedfont\u00ae<\/sup> Scientific Ltd. lub jej podmiot\u00f3w stowarzyszonych, chronion\u0105 prawami autorskimi, znakami towarowymi i innymi prawami w\u0142asno\u015bci intelektualnej.<\/p>\n\n<p>U\u017cytkownicy mog\u0105 pobiera\u0107, wy\u015bwietla\u0107 i drukowa\u0107 Tre\u015bci wy\u0142\u0105cznie do osobistego, niekomercyjnego u\u017cytku.\nJakiekolwiek inne wykorzystanie wymaga pisemnej zgody <sup>Bedfont\u00ae<\/sup> Scientific Ltd. <\/p>\n\n<h2 class=\"wp-block-heading\">Zakazane U\u017cycie<\/h2>\n\n<p>U\u017cytkownicy nie mog\u0105:<\/p>\n\n<ul class=\"wp-block-list\">\n<li>Powodowa\u0107 uszkodze\u0144 Strony ani ingerowa\u0107 w korzystanie z niej przez innych.<\/li>\n\n\n\n<li>Anga\u017cowa\u0107 si\u0119 w szkodliwe, nielegalne, obra\u017aliwe lub nieakceptowalne zachowania.<\/li>\n\n\n\n<li>Tworzy\u0107 nieautoryzowanych kopii tre\u015bci chronionych prawem autorskim.<\/li>\n<\/ul>\n\n<h2 class=\"wp-block-heading\">Linki do Innych Stron Internetowych<\/h2>\n\n<p>Strona mo\u017ce zawiera\u0107 linki do stron os\u00f3b trzecich. Bedfont<sup>\u00ae<\/sup> Scientific Ltd. nie ponosi odpowiedzialno\u015bci za tre\u015bci tych stron i zrzeka si\u0119 odpowiedzialno\u015bci za wszelkie straty lub szkody wynik\u0142e z ich u\u017cycia. <\/p>\n\n<h2 class=\"wp-block-heading\">Powiadomienie o Prywatno\u015bci<\/h2>\n\n<p>Korzystanie ze Strony jest regulowane naszym Powiadomieniem o Prywatno\u015bci, dost\u0119pnym pod adresem <a href=\"https:\/\/www.bedfont.com\/privacy-notice\/\"> https:\/\/www.bedfont.com\/privacy-notice\/. <\/a><\/p>\n\n<h2 class=\"wp-block-heading\">Dost\u0119pno\u015b\u0107 Strony i Zrzeczenia<\/h2>\n\n<ol class=\"wp-block-list\">\n<li>Strona i jej us\u0142ugi s\u0105 udost\u0119pniane \u201etakie jakie s\u0105\u201d i \u201ew miar\u0119 dost\u0119pno\u015bci\u201d bez jakiejkolwiek gwarancji.<\/li>\n\n\n\n<li>Bedfont<sup>\u00ae<\/sup> Scientific Ltd. stara si\u0119 utrzyma\u0107 Stron\u0119 w bezpiecznym i wolnym od b\u0142\u0119d\u00f3w stanie, ale nie gwarantuje bezpiecze\u0144stwa ani braku z\u0142o\u015bliwego oprogramowania.<\/li>\n\n\n\n<li>Bedfont<sup>\u00ae<\/sup> Scientific Ltd. zastrzega sobie prawo do modyfikacji lub zaprzestania dzia\u0142ania dowolnej cz\u0119\u015bci Strony bez powiadomienia.<\/li>\n<\/ol>\n\n<h2 class=\"wp-block-heading\">Ograniczenie Odpowiedzialno\u015bci<\/h2>\n\n<ol class=\"wp-block-list\">\n<li>Odpowiedzialno\u015b\u0107 Bedfont<sup>\u00ae<\/sup> Scientific Ltd. jest ograniczona w zakresie dozwolonym przez prawo.<\/li>\n\n\n\n<li>Nie ponosimy odpowiedzialno\u015bci za zdarzenia wykraczaj\u0105ce poza nasz\u0105 rozs\u0105dnie przewidywan\u0105 kontrol\u0119.<\/li>\n\n\n\n<li>Nie ponosimy odpowiedzialno\u015bci za straty biznesowe, uszkodzenie danych ani szkody po\u015brednie lub wynikowe.<\/li>\n<\/ol>\n\n<h2 class=\"wp-block-heading\">Postanowienia Og\u00f3lne<\/h2>\n\n<ol class=\"wp-block-list\">\n<li>Niniejsze warunki mog\u0105 by\u0107 zmieniane przez Bedfont<sup>\u00ae<\/sup> Scientific Ltd. w dowolnym czasie. U\u017cytkownicy powinni regularnie je przegl\u0105da\u0107. <\/li>\n\n\n\n<li>Niniejsza umowa stanowi ca\u0142o\u015b\u0107 porozumienia mi\u0119dzy stronami, zast\u0119puj\u0105c wszelkie wcze\u015bniejsze umowy.<\/li>\n\n\n\n<li>\u017badna strona trzecia nie ma praw wynikaj\u0105cych z tej umowy.<\/li>\n\n\n\n<li>Je\u015bli jakikolwiek z tych warunk\u00f3w zostanie uznane przez s\u0105d lub organ za niewa\u017cny, pozosta\u0142e postanowienia pozostaj\u0105 w mocy.<\/li>\n\n\n\n<li>Niniejsze warunki s\u0105 regulowane i interpretowane zgodnie z prawem Anglii i Walii, a spory b\u0119d\u0105 podlega\u0107 wy\u0142\u0105cznej jurysdykcji s\u0105d\u00f3w angielskich i walijskich.<\/li>\n<\/ol>\n\n<h2 class=\"wp-block-heading\">Szczeg\u00f3\u0142y Bedfont<sup>\u00ae<\/sup> Scientific Ltd. <\/h2>\n\n<p>Bedfont<sup>\u00ae<\/sup> Scientific Ltd. jest zarejestrowany w Anglii i Walii (Numer Firmy 01289798) z siedzib\u0105 pod adresem: Station Yard, Station Road, Harrietsham, Kent, ME17 1JA.<\/p>\n\n<p>E-mail: ask@bedfont.com | Phone: +44(0)1622 851122<\/p>\n","protected":false},"excerpt":{"rendered":"<p>Warunki Korzystania Wprowadzenie Niniejsze warunki korzystania reguluj\u0105 Twoje korzystanie ze strony internetowej Bedfont\u00ae Scientific Ltd. (zwanej dalej \u201eStron\u0105\u201d). Korzystaj\u0105c ze Strony, zgadzasz si\u0119 przestrzega\u0107 tych warunk\u00f3w i by\u0107 nimi zwi\u0105zanym. Je\u015bli nie zgadzasz si\u0119 z kt\u00f3rymkolwiek z tych warunk\u00f3w, nie powiniene\u015b korzysta\u0107 ze Strony. Definicje \u201eU\u017cytkownik\u201d lub \u201eU\u017cytkownicy\u201d: odnosi si\u0119 do ka\u017cdej strony trzeciej uzyskuj\u0105cej [&hellip;]<\/p>\n","protected":false},"author":6,"featured_media":0,"parent":0,"menu_order":0,"comment_status":"closed","ping_status":"closed","template":"templates\/page-gutenberg.php","meta":{"_acf_changed":false,"footnotes":""},"class_list":["post-3703","page","type-page","status-publish","hentry"],"acf":[],"yoast_head":"<!-- This site is optimized with the Yoast SEO plugin v27.4 - https:\/\/yoast.com\/product\/yoast-seo-wordpress\/ -->\n<title>Warunki i postanowienia - Bedfont Scientific Ltd.<\/title>\n<meta name=\"description\" content=\"Niniejsze warunki maj\u0105 zastosowanie pomi\u0119dzy Tob\u0105, U\u017cytkownikiem tej Witryny, a Bedfont Scientific Ltd, w\u0142a\u015bcicielem i operatorem tej Witryny.\" \/>\n<meta name=\"robots\" content=\"index, follow, max-snippet:-1, max-image-preview:large, max-video-preview:-1\" \/>\n<link rel=\"canonical\" href=\"https:\/\/www.bedfont.com\/pl\/terms-and-conditions\/\" \/>\n<meta property=\"og:locale\" content=\"pl_PL\" \/>\n<meta property=\"og:type\" content=\"article\" \/>\n<meta property=\"og:title\" content=\"Warunki i postanowienia - Bedfont Scientific Ltd.\" \/>\n<meta property=\"og:description\" content=\"Niniejsze warunki maj\u0105 zastosowanie pomi\u0119dzy Tob\u0105, U\u017cytkownikiem tej Witryny, a Bedfont Scientific Ltd, w\u0142a\u015bcicielem i operatorem tej Witryny.\" \/>\n<meta property=\"og:url\" content=\"https:\/\/www.bedfont.com\/pl\/terms-and-conditions\/\" \/>\n<meta property=\"og:site_name\" content=\"Bedfont Scientific Ltd.\" \/>\n<meta property=\"article:publisher\" content=\"https:\/\/www.facebook.com\/Bedfontltd\/\" \/>\n<meta property=\"article:modified_time\" content=\"2024-10-10T09:58:44+00:00\" \/>\n<meta name=\"twitter:card\" content=\"summary_large_image\" \/>\n<meta name=\"twitter:site\" content=\"@BedfontLtd\" \/>\n<meta name=\"twitter:label1\" content=\"Szacowany czas czytania\" \/>\n\t<meta name=\"twitter:data1\" content=\"3 minuty\" \/>\n<script type=\"application\/ld+json\" class=\"yoast-schema-graph\">{\"@context\":\"https:\\\/\\\/schema.org\",\"@graph\":[{\"@type\":\"WebPage\",\"@id\":\"https:\\\/\\\/www.bedfont.com\\\/pl\\\/terms-and-conditions\\\/\",\"url\":\"https:\\\/\\\/www.bedfont.com\\\/pl\\\/terms-and-conditions\\\/\",\"name\":\"Warunki i postanowienia - Bedfont Scientific Ltd.\",\"isPartOf\":{\"@id\":\"https:\\\/\\\/www.bedfont.com\\\/pl\\\/#website\"},\"datePublished\":\"2023-11-10T13:44:39+00:00\",\"dateModified\":\"2024-10-10T09:58:44+00:00\",\"description\":\"Niniejsze warunki maj\u0105 zastosowanie pomi\u0119dzy Tob\u0105, U\u017cytkownikiem tej Witryny, a Bedfont Scientific Ltd, w\u0142a\u015bcicielem i operatorem tej Witryny.\",\"breadcrumb\":{\"@id\":\"https:\\\/\\\/www.bedfont.com\\\/pl\\\/terms-and-conditions\\\/#breadcrumb\"},\"inLanguage\":\"pl-PL\",\"potentialAction\":[{\"@type\":\"ReadAction\",\"target\":[\"https:\\\/\\\/www.bedfont.com\\\/pl\\\/terms-and-conditions\\\/\"]}]},{\"@type\":\"BreadcrumbList\",\"@id\":\"https:\\\/\\\/www.bedfont.com\\\/pl\\\/terms-and-conditions\\\/#breadcrumb\",\"itemListElement\":[{\"@type\":\"ListItem\",\"position\":1,\"name\":\"Home\",\"item\":\"https:\\\/\\\/www.bedfont.com\\\/pl\\\/\"},{\"@type\":\"ListItem\",\"position\":2,\"name\":\"Warunki i postanowienia\"}]},{\"@type\":\"WebSite\",\"@id\":\"https:\\\/\\\/www.bedfont.com\\\/pl\\\/#website\",\"url\":\"https:\\\/\\\/www.bedfont.com\\\/pl\\\/\",\"name\":\"Bedfont Scientific Ltd.\",\"description\":\"World leaders in breath analysis.\",\"publisher\":{\"@id\":\"https:\\\/\\\/www.bedfont.com\\\/pl\\\/#organization\"},\"potentialAction\":[{\"@type\":\"SearchAction\",\"target\":{\"@type\":\"EntryPoint\",\"urlTemplate\":\"https:\\\/\\\/www.bedfont.com\\\/pl\\\/?s={search_term_string}\"},\"query-input\":{\"@type\":\"PropertyValueSpecification\",\"valueRequired\":true,\"valueName\":\"search_term_string\"}}],\"inLanguage\":\"pl-PL\"},{\"@type\":\"Organization\",\"@id\":\"https:\\\/\\\/www.bedfont.com\\\/pl\\\/#organization\",\"name\":\"Bedfont Scientific Ltd.\",\"url\":\"https:\\\/\\\/www.bedfont.com\\\/pl\\\/\",\"logo\":{\"@type\":\"ImageObject\",\"inLanguage\":\"pl-PL\",\"@id\":\"https:\\\/\\\/www.bedfont.com\\\/pl\\\/#\\\/schema\\\/logo\\\/image\\\/\",\"url\":\"https:\\\/\\\/www.bedfont.com\\\/wp-content\\\/uploads\\\/2023\\\/06\\\/logo.png\",\"contentUrl\":\"https:\\\/\\\/www.bedfont.com\\\/wp-content\\\/uploads\\\/2023\\\/06\\\/logo.png\",\"width\":1600,\"height\":505,\"caption\":\"Bedfont Scientific Ltd.\"},\"image\":{\"@id\":\"https:\\\/\\\/www.bedfont.com\\\/pl\\\/#\\\/schema\\\/logo\\\/image\\\/\"},\"sameAs\":[\"https:\\\/\\\/www.facebook.com\\\/Bedfontltd\\\/\",\"https:\\\/\\\/x.com\\\/BedfontLtd\",\"https:\\\/\\\/www.instagram.com\\\/bedfontltd\\\/\",\"https:\\\/\\\/www.linkedin.com\\\/company\\\/bedfont-scientific-ltd\\\/\",\"https:\\\/\\\/www.youtube.com\\\/user\\\/BedfontScientificLtd\"]}]}<\/script>\n<!-- \/ Yoast SEO plugin. -->","yoast_head_json":{"title":"Warunki i postanowienia - Bedfont Scientific Ltd.","description":"Niniejsze warunki maj\u0105 zastosowanie pomi\u0119dzy Tob\u0105, U\u017cytkownikiem tej Witryny, a Bedfont Scientific Ltd, w\u0142a\u015bcicielem i operatorem tej Witryny.","robots":{"index":"index","follow":"follow","max-snippet":"max-snippet:-1","max-image-preview":"max-image-preview:large","max-video-preview":"max-video-preview:-1"},"canonical":"https:\/\/www.bedfont.com\/pl\/terms-and-conditions\/","og_locale":"pl_PL","og_type":"article","og_title":"Warunki i postanowienia - Bedfont Scientific Ltd.","og_description":"Niniejsze warunki maj\u0105 zastosowanie pomi\u0119dzy Tob\u0105, U\u017cytkownikiem tej Witryny, a Bedfont Scientific Ltd, w\u0142a\u015bcicielem i operatorem tej Witryny.","og_url":"https:\/\/www.bedfont.com\/pl\/terms-and-conditions\/","og_site_name":"Bedfont Scientific Ltd.","article_publisher":"https:\/\/www.facebook.com\/Bedfontltd\/","article_modified_time":"2024-10-10T09:58:44+00:00","twitter_card":"summary_large_image","twitter_site":"@BedfontLtd","twitter_misc":{"Szacowany czas czytania":"3 minuty"},"schema":{"@context":"https:\/\/schema.org","@graph":[{"@type":"WebPage","@id":"https:\/\/www.bedfont.com\/pl\/terms-and-conditions\/","url":"https:\/\/www.bedfont.com\/pl\/terms-and-conditions\/","name":"Warunki i postanowienia - Bedfont Scientific Ltd.","isPartOf":{"@id":"https:\/\/www.bedfont.com\/pl\/#website"},"datePublished":"2023-11-10T13:44:39+00:00","dateModified":"2024-10-10T09:58:44+00:00","description":"Niniejsze warunki maj\u0105 zastosowanie pomi\u0119dzy Tob\u0105, U\u017cytkownikiem tej Witryny, a Bedfont Scientific Ltd, w\u0142a\u015bcicielem i operatorem tej Witryny.","breadcrumb":{"@id":"https:\/\/www.bedfont.com\/pl\/terms-and-conditions\/#breadcrumb"},"inLanguage":"pl-PL","potentialAction":[{"@type":"ReadAction","target":["https:\/\/www.bedfont.com\/pl\/terms-and-conditions\/"]}]},{"@type":"BreadcrumbList","@id":"https:\/\/www.bedfont.com\/pl\/terms-and-conditions\/#breadcrumb","itemListElement":[{"@type":"ListItem","position":1,"name":"Home","item":"https:\/\/www.bedfont.com\/pl\/"},{"@type":"ListItem","position":2,"name":"Warunki i postanowienia"}]},{"@type":"WebSite","@id":"https:\/\/www.bedfont.com\/pl\/#website","url":"https:\/\/www.bedfont.com\/pl\/","name":"Bedfont Scientific Ltd.","description":"World leaders in breath analysis.","publisher":{"@id":"https:\/\/www.bedfont.com\/pl\/#organization"},"potentialAction":[{"@type":"SearchAction","target":{"@type":"EntryPoint","urlTemplate":"https:\/\/www.bedfont.com\/pl\/?s={search_term_string}"},"query-input":{"@type":"PropertyValueSpecification","valueRequired":true,"valueName":"search_term_string"}}],"inLanguage":"pl-PL"},{"@type":"Organization","@id":"https:\/\/www.bedfont.com\/pl\/#organization","name":"Bedfont Scientific Ltd.","url":"https:\/\/www.bedfont.com\/pl\/","logo":{"@type":"ImageObject","inLanguage":"pl-PL","@id":"https:\/\/www.bedfont.com\/pl\/#\/schema\/logo\/image\/","url":"https:\/\/www.bedfont.com\/wp-content\/uploads\/2023\/06\/logo.png","contentUrl":"https:\/\/www.bedfont.com\/wp-content\/uploads\/2023\/06\/logo.png","width":1600,"height":505,"caption":"Bedfont Scientific Ltd."},"image":{"@id":"https:\/\/www.bedfont.com\/pl\/#\/schema\/logo\/image\/"},"sameAs":["https:\/\/www.facebook.com\/Bedfontltd\/","https:\/\/x.com\/BedfontLtd","https:\/\/www.instagram.com\/bedfontltd\/","https:\/\/www.linkedin.com\/company\/bedfont-scientific-ltd\/","https:\/\/www.youtube.com\/user\/BedfontScientificLtd"]}]}},"_links":{"self":[{"href":"https:\/\/www.bedfont.com\/pl\/wp-json\/wp\/v2\/pages\/3703","targetHints":{"allow":["GET"]}}],"collection":[{"href":"https:\/\/www.bedfont.com\/pl\/wp-json\/wp\/v2\/pages"}],"about":[{"href":"https:\/\/www.bedfont.com\/pl\/wp-json\/wp\/v2\/types\/page"}],"author":[{"embeddable":true,"href":"https:\/\/www.bedfont.com\/pl\/wp-json\/wp\/v2\/users\/6"}],"replies":[{"embeddable":true,"href":"https:\/\/www.bedfont.com\/pl\/wp-json\/wp\/v2\/comments?post=3703"}],"version-history":[{"count":3,"href":"https:\/\/www.bedfont.com\/pl\/wp-json\/wp\/v2\/pages\/3703\/revisions"}],"predecessor-version":[{"id":6845,"href":"https:\/\/www.bedfont.com\/pl\/wp-json\/wp\/v2\/pages\/3703\/revisions\/6845"}],"wp:attachment":[{"href":"https:\/\/www.bedfont.com\/pl\/wp-json\/wp\/v2\/media?parent=3703"}],"curies":[{"name":"wp","href":"https:\/\/api.w.org\/{rel}","templated":true}]}}