{"id":3677,"date":"2023-03-14T14:33:33","date_gmt":"2023-03-14T14:33:33","guid":{"rendered":"https:\/\/bedfont.theprogressteam.com\/prosba-o-wycene\/"},"modified":"2025-02-04T11:58:50","modified_gmt":"2025-02-04T11:58:50","slug":"prosba-o-wycene","status":"publish","type":"page","link":"https:\/\/www.bedfont.com\/pl\/prosba-o-wycene\/","title":{"rendered":"Pro\u015bba o Wycen\u0119"},"content":{"rendered":"\n<h1 class=\"wp-block-heading has-text-align-center\">Pro\u015bba o Wycen\u0119<\/h1>\n\n\n\n<p class=\"has-text-align-center col-12 col-md-8 mx-auto text-center mb-5\">Bedfont<sup>\u00ae<\/sup> dzia\u0142a poprzez sie\u0107 starannie wybranych dystrybutor\u00f3w na ca\u0142ym \u015bwiecie, kt\u00f3rzy podzielaj\u0105 nasz cel innowacji i poprawy opieki zdrowotnej poprzez szybk\u0105 i nieinwazyjn\u0105 analiz\u0119 oddechu. Aby skontaktowa\u0107 si\u0119 z lokalnym dystrybutorem i otrzyma\u0107 spersonalizowan\u0105 wycen\u0119, prosimy o podanie miejsca zamieszkania i produkt\u00f3w, kt\u00f3rymi jeste\u015b zainteresowany, poprzez wype\u0142nienie poni\u017cszego formularza:  <\/p>\n\n\n\n<div class=\"request-a-quote p-4\">\n<script charset=\"utf-8\" type=\"text\/javascript\" src=\"\/\/js.hsforms.net\/forms\/embed\/v2.js\"><\/script>\n<script>\n  hbspt.forms.create({\n    portalId: \"6295439\",\n    formId: \"9177af12-ec17-4a1d-8844-0aafe4db64fe\"\n  });\n<\/script>\n<\/div>\n\n\n\n<p><\/p>\n","protected":false},"excerpt":{"rendered":"<p>Pro\u015bba o Wycen\u0119 Bedfont\u00ae dzia\u0142a poprzez sie\u0107 starannie wybranych dystrybutor\u00f3w na ca\u0142ym \u015bwiecie, kt\u00f3rzy podzielaj\u0105 nasz cel innowacji i poprawy opieki zdrowotnej poprzez szybk\u0105 i nieinwazyjn\u0105 analiz\u0119 oddechu. Aby skontaktowa\u0107 si\u0119 z lokalnym dystrybutorem i otrzyma\u0107 spersonalizowan\u0105 wycen\u0119, prosimy o podanie miejsca zamieszkania i produkt\u00f3w, kt\u00f3rymi jeste\u015b zainteresowany, poprzez wype\u0142nienie poni\u017cszego formularza:<\/p>\n","protected":false},"author":6,"featured_media":0,"parent":0,"menu_order":0,"comment_status":"closed","ping_status":"closed","template":"templates\/page-gutenberg.php","meta":{"_acf_changed":false,"footnotes":""},"class_list":["post-3677","page","type-page","status-publish","hentry"],"acf":[],"yoast_head":"<!-- This site is optimized with the Yoast SEO plugin v27.4 - https:\/\/yoast.com\/product\/yoast-seo-wordpress\/ -->\n<title>Pro\u015bba o Wycen\u0119 - Bedfont Scientific Ltd.<\/title>\n<meta name=\"description\" content=\"Aby skontaktowa\u0107 si\u0119 z lokalnym dystrybutorem i otrzyma\u0107 spersonalizowan\u0105 ofert\u0119, wype\u0142nij poni\u017cszy formularz, a on si\u0119 z Tob\u0105 skontaktuje.\" \/>\n<meta name=\"robots\" content=\"index, follow, max-snippet:-1, max-image-preview:large, max-video-preview:-1\" \/>\n<link rel=\"canonical\" href=\"https:\/\/www.bedfont.com\/pl\/prosba-o-wycene\/\" \/>\n<meta property=\"og:locale\" content=\"pl_PL\" \/>\n<meta property=\"og:type\" content=\"article\" \/>\n<meta property=\"og:title\" content=\"Pro\u015bba o Wycen\u0119 - Bedfont Scientific Ltd.\" \/>\n<meta property=\"og:description\" content=\"Aby skontaktowa\u0107 si\u0119 z lokalnym dystrybutorem i otrzyma\u0107 spersonalizowan\u0105 ofert\u0119, wype\u0142nij poni\u017cszy formularz, a on si\u0119 z Tob\u0105 skontaktuje.\" \/>\n<meta property=\"og:url\" content=\"https:\/\/www.bedfont.com\/pl\/prosba-o-wycene\/\" \/>\n<meta property=\"og:site_name\" content=\"Bedfont Scientific Ltd.\" \/>\n<meta property=\"article:publisher\" content=\"https:\/\/www.facebook.com\/Bedfontltd\/\" \/>\n<meta property=\"article:modified_time\" content=\"2025-02-04T11:58:50+00:00\" \/>\n<meta name=\"twitter:card\" content=\"summary_large_image\" \/>\n<meta name=\"twitter:site\" content=\"@BedfontLtd\" \/>\n<meta name=\"twitter:label1\" content=\"Szacowany czas czytania\" \/>\n\t<meta name=\"twitter:data1\" content=\"1 minuta\" \/>\n<script type=\"application\/ld+json\" class=\"yoast-schema-graph\">{\"@context\":\"https:\\\/\\\/schema.org\",\"@graph\":[{\"@type\":\"WebPage\",\"@id\":\"https:\\\/\\\/www.bedfont.com\\\/pl\\\/prosba-o-wycene\\\/\",\"url\":\"https:\\\/\\\/www.bedfont.com\\\/pl\\\/prosba-o-wycene\\\/\",\"name\":\"Pro\u015bba o Wycen\u0119 - Bedfont Scientific Ltd.\",\"isPartOf\":{\"@id\":\"https:\\\/\\\/www.bedfont.com\\\/pl\\\/#website\"},\"datePublished\":\"2023-03-14T14:33:33+00:00\",\"dateModified\":\"2025-02-04T11:58:50+00:00\",\"description\":\"Aby skontaktowa\u0107 si\u0119 z lokalnym dystrybutorem i otrzyma\u0107 spersonalizowan\u0105 ofert\u0119, wype\u0142nij poni\u017cszy formularz, a on si\u0119 z Tob\u0105 skontaktuje.\",\"breadcrumb\":{\"@id\":\"https:\\\/\\\/www.bedfont.com\\\/pl\\\/prosba-o-wycene\\\/#breadcrumb\"},\"inLanguage\":\"pl-PL\",\"potentialAction\":[{\"@type\":\"ReadAction\",\"target\":[\"https:\\\/\\\/www.bedfont.com\\\/pl\\\/prosba-o-wycene\\\/\"]}]},{\"@type\":\"BreadcrumbList\",\"@id\":\"https:\\\/\\\/www.bedfont.com\\\/pl\\\/prosba-o-wycene\\\/#breadcrumb\",\"itemListElement\":[{\"@type\":\"ListItem\",\"position\":1,\"name\":\"Home\",\"item\":\"https:\\\/\\\/www.bedfont.com\\\/pl\\\/\"},{\"@type\":\"ListItem\",\"position\":2,\"name\":\"Pro\u015bba o Wycen\u0119\"}]},{\"@type\":\"WebSite\",\"@id\":\"https:\\\/\\\/www.bedfont.com\\\/pl\\\/#website\",\"url\":\"https:\\\/\\\/www.bedfont.com\\\/pl\\\/\",\"name\":\"Bedfont Scientific Ltd.\",\"description\":\"World leaders in breath analysis.\",\"publisher\":{\"@id\":\"https:\\\/\\\/www.bedfont.com\\\/pl\\\/#organization\"},\"potentialAction\":[{\"@type\":\"SearchAction\",\"target\":{\"@type\":\"EntryPoint\",\"urlTemplate\":\"https:\\\/\\\/www.bedfont.com\\\/pl\\\/?s={search_term_string}\"},\"query-input\":{\"@type\":\"PropertyValueSpecification\",\"valueRequired\":true,\"valueName\":\"search_term_string\"}}],\"inLanguage\":\"pl-PL\"},{\"@type\":\"Organization\",\"@id\":\"https:\\\/\\\/www.bedfont.com\\\/pl\\\/#organization\",\"name\":\"Bedfont Scientific Ltd.\",\"url\":\"https:\\\/\\\/www.bedfont.com\\\/pl\\\/\",\"logo\":{\"@type\":\"ImageObject\",\"inLanguage\":\"pl-PL\",\"@id\":\"https:\\\/\\\/www.bedfont.com\\\/pl\\\/#\\\/schema\\\/logo\\\/image\\\/\",\"url\":\"https:\\\/\\\/www.bedfont.com\\\/wp-content\\\/uploads\\\/2023\\\/06\\\/logo.png\",\"contentUrl\":\"https:\\\/\\\/www.bedfont.com\\\/wp-content\\\/uploads\\\/2023\\\/06\\\/logo.png\",\"width\":1600,\"height\":505,\"caption\":\"Bedfont Scientific Ltd.\"},\"image\":{\"@id\":\"https:\\\/\\\/www.bedfont.com\\\/pl\\\/#\\\/schema\\\/logo\\\/image\\\/\"},\"sameAs\":[\"https:\\\/\\\/www.facebook.com\\\/Bedfontltd\\\/\",\"https:\\\/\\\/x.com\\\/BedfontLtd\",\"https:\\\/\\\/www.instagram.com\\\/bedfontltd\\\/\",\"https:\\\/\\\/www.linkedin.com\\\/company\\\/bedfont-scientific-ltd\\\/\",\"https:\\\/\\\/www.youtube.com\\\/user\\\/BedfontScientificLtd\"]}]}<\/script>\n<!-- \/ Yoast SEO plugin. -->","yoast_head_json":{"title":"Pro\u015bba o Wycen\u0119 - Bedfont Scientific Ltd.","description":"Aby skontaktowa\u0107 si\u0119 z lokalnym dystrybutorem i otrzyma\u0107 spersonalizowan\u0105 ofert\u0119, wype\u0142nij poni\u017cszy formularz, a on si\u0119 z Tob\u0105 skontaktuje.","robots":{"index":"index","follow":"follow","max-snippet":"max-snippet:-1","max-image-preview":"max-image-preview:large","max-video-preview":"max-video-preview:-1"},"canonical":"https:\/\/www.bedfont.com\/pl\/prosba-o-wycene\/","og_locale":"pl_PL","og_type":"article","og_title":"Pro\u015bba o Wycen\u0119 - Bedfont Scientific Ltd.","og_description":"Aby skontaktowa\u0107 si\u0119 z lokalnym dystrybutorem i otrzyma\u0107 spersonalizowan\u0105 ofert\u0119, wype\u0142nij poni\u017cszy formularz, a on si\u0119 z Tob\u0105 skontaktuje.","og_url":"https:\/\/www.bedfont.com\/pl\/prosba-o-wycene\/","og_site_name":"Bedfont Scientific Ltd.","article_publisher":"https:\/\/www.facebook.com\/Bedfontltd\/","article_modified_time":"2025-02-04T11:58:50+00:00","twitter_card":"summary_large_image","twitter_site":"@BedfontLtd","twitter_misc":{"Szacowany czas czytania":"1 minuta"},"schema":{"@context":"https:\/\/schema.org","@graph":[{"@type":"WebPage","@id":"https:\/\/www.bedfont.com\/pl\/prosba-o-wycene\/","url":"https:\/\/www.bedfont.com\/pl\/prosba-o-wycene\/","name":"Pro\u015bba o Wycen\u0119 - Bedfont Scientific Ltd.","isPartOf":{"@id":"https:\/\/www.bedfont.com\/pl\/#website"},"datePublished":"2023-03-14T14:33:33+00:00","dateModified":"2025-02-04T11:58:50+00:00","description":"Aby skontaktowa\u0107 si\u0119 z lokalnym dystrybutorem i otrzyma\u0107 spersonalizowan\u0105 ofert\u0119, wype\u0142nij poni\u017cszy formularz, a on si\u0119 z Tob\u0105 skontaktuje.","breadcrumb":{"@id":"https:\/\/www.bedfont.com\/pl\/prosba-o-wycene\/#breadcrumb"},"inLanguage":"pl-PL","potentialAction":[{"@type":"ReadAction","target":["https:\/\/www.bedfont.com\/pl\/prosba-o-wycene\/"]}]},{"@type":"BreadcrumbList","@id":"https:\/\/www.bedfont.com\/pl\/prosba-o-wycene\/#breadcrumb","itemListElement":[{"@type":"ListItem","position":1,"name":"Home","item":"https:\/\/www.bedfont.com\/pl\/"},{"@type":"ListItem","position":2,"name":"Pro\u015bba o Wycen\u0119"}]},{"@type":"WebSite","@id":"https:\/\/www.bedfont.com\/pl\/#website","url":"https:\/\/www.bedfont.com\/pl\/","name":"Bedfont Scientific Ltd.","description":"World leaders in breath analysis.","publisher":{"@id":"https:\/\/www.bedfont.com\/pl\/#organization"},"potentialAction":[{"@type":"SearchAction","target":{"@type":"EntryPoint","urlTemplate":"https:\/\/www.bedfont.com\/pl\/?s={search_term_string}"},"query-input":{"@type":"PropertyValueSpecification","valueRequired":true,"valueName":"search_term_string"}}],"inLanguage":"pl-PL"},{"@type":"Organization","@id":"https:\/\/www.bedfont.com\/pl\/#organization","name":"Bedfont Scientific Ltd.","url":"https:\/\/www.bedfont.com\/pl\/","logo":{"@type":"ImageObject","inLanguage":"pl-PL","@id":"https:\/\/www.bedfont.com\/pl\/#\/schema\/logo\/image\/","url":"https:\/\/www.bedfont.com\/wp-content\/uploads\/2023\/06\/logo.png","contentUrl":"https:\/\/www.bedfont.com\/wp-content\/uploads\/2023\/06\/logo.png","width":1600,"height":505,"caption":"Bedfont Scientific Ltd."},"image":{"@id":"https:\/\/www.bedfont.com\/pl\/#\/schema\/logo\/image\/"},"sameAs":["https:\/\/www.facebook.com\/Bedfontltd\/","https:\/\/x.com\/BedfontLtd","https:\/\/www.instagram.com\/bedfontltd\/","https:\/\/www.linkedin.com\/company\/bedfont-scientific-ltd\/","https:\/\/www.youtube.com\/user\/BedfontScientificLtd"]}]}},"_links":{"self":[{"href":"https:\/\/www.bedfont.com\/pl\/wp-json\/wp\/v2\/pages\/3677","targetHints":{"allow":["GET"]}}],"collection":[{"href":"https:\/\/www.bedfont.com\/pl\/wp-json\/wp\/v2\/pages"}],"about":[{"href":"https:\/\/www.bedfont.com\/pl\/wp-json\/wp\/v2\/types\/page"}],"author":[{"embeddable":true,"href":"https:\/\/www.bedfont.com\/pl\/wp-json\/wp\/v2\/users\/6"}],"replies":[{"embeddable":true,"href":"https:\/\/www.bedfont.com\/pl\/wp-json\/wp\/v2\/comments?post=3677"}],"version-history":[{"count":6,"href":"https:\/\/www.bedfont.com\/pl\/wp-json\/wp\/v2\/pages\/3677\/revisions"}],"predecessor-version":[{"id":7770,"href":"https:\/\/www.bedfont.com\/pl\/wp-json\/wp\/v2\/pages\/3677\/revisions\/7770"}],"wp:attachment":[{"href":"https:\/\/www.bedfont.com\/pl\/wp-json\/wp\/v2\/media?parent=3677"}],"curies":[{"name":"wp","href":"https:\/\/api.w.org\/{rel}","templated":true}]}}