{"id":3657,"date":"2022-07-06T14:45:46","date_gmt":"2022-07-06T14:45:46","guid":{"rendered":"https:\/\/bedfont.theprogressteam.com\/products\/"},"modified":"2025-03-17T16:13:12","modified_gmt":"2025-03-17T16:13:12","slug":"products","status":"publish","type":"page","link":"https:\/\/www.bedfont.com\/pl\/products\/","title":{"rendered":"Produkty"},"content":{"rendered":"<section class=\"hero-style-4 p-0 position-relative module-24-hero-0\" id=\"module-24-hero-0\"><div class=\"container-fluid overlay-img-holder\">\n\t\t\t<img width=\"1998\" height=\"544\" src=\"https:\/\/www.bedfont.com\/wp-content\/uploads\/2024\/10\/products.jpg\" class=\"w-100\" alt=\"\" decoding=\"async\" loading=\"lazy\" srcset=\"https:\/\/www.bedfont.com\/wp-content\/uploads\/2024\/10\/products.jpg 1998w, https:\/\/www.bedfont.com\/wp-content\/uploads\/2024\/10\/products-300x82.jpg 300w, https:\/\/www.bedfont.com\/wp-content\/uploads\/2024\/10\/products-1024x279.jpg 1024w, https:\/\/www.bedfont.com\/wp-content\/uploads\/2024\/10\/products-768x209.jpg 768w, https:\/\/www.bedfont.com\/wp-content\/uploads\/2024\/10\/products-1536x418.jpg 1536w\" sizes=\"auto, (max-width: 1998px) 100vw, 1998px\"\/><div class=\"overlay\">\n\t\t\t\t<div class=\"col-12 col-md-8 mx-auto\">\n\t\t\t\t\t<h1>Produkty<\/h1>\n\t\t\t\t\t<p>Bedfont\u00ae ma szerok\u0105 gam\u0119 urz\u0105dze\u0144 do analizy oddechu, kt\u00f3re maj\u0105 unikalne zastosowania. Nasze do\u015bwiadczenie znajduje odzwierciedlenie w szerokiej gamie oferowanych przez nas produkt\u00f3w \u2014 od urz\u0105dze\u0144 przeno\u015bnych po urz\u0105dzenia stacjonarne \u2014 kt\u00f3re mog\u0105 by\u0107 u\u017cywane do analizy oddechu pacjent\u00f3w. <\/p>\n\n\t\t\t\t<\/div>\n\t\t\t<\/div>\n\t\t<\/div>\n\t<\/section><section class=\"two-column-style-5 bg-gradient-purple button-align-right module-24-two_column_image_text-1\" id=\"module-24-two_column_image_text-1\"><div class=\"container\">\n\t\t\t<div class=\"row \">\n\t\t\t\t<div class=\"col-12 col-lg-5\">\n\t\t\t\t\t<img width=\"1000\" height=\"1000\" src=\"https:\/\/www.bedfont.com\/wp-content\/uploads\/2024\/10\/NObreath-monitor-face-on-with-mouthpiece.png\" class=\"img-fluid mb-5 mb-lg-0\" alt=\"\" decoding=\"async\" loading=\"lazy\" srcset=\"https:\/\/www.bedfont.com\/wp-content\/uploads\/2024\/10\/NObreath-monitor-face-on-with-mouthpiece.png 1000w, https:\/\/www.bedfont.com\/wp-content\/uploads\/2024\/10\/NObreath-monitor-face-on-with-mouthpiece-300x300.png 300w, https:\/\/www.bedfont.com\/wp-content\/uploads\/2024\/10\/NObreath-monitor-face-on-with-mouthpiece-150x150.png 150w, https:\/\/www.bedfont.com\/wp-content\/uploads\/2024\/10\/NObreath-monitor-face-on-with-mouthpiece-768x768.png 768w\" sizes=\"auto, (max-width: 1000px) 100vw, 1000px\"\/><\/div>\n\t\t\t\t<div class=\"col-1\"><\/div>\n\t\t\t\t<div class=\"col-12 col-lg-6 my-auto\">\n\t\t\t\t\t<h2 class=\"text-left\"> NObreath<sup>\u00ae<\/sup><\/h2>\n\t\t\t\t<p>NObreath to urz\u0105dzenie FeNO, kt\u00f3re mo\u017ce by\u0107 u\u017cywane do pomiaru stanu zapalnego dr\u00f3g oddechowych w celu diagnozy i leczenia astmy. Zgodne z wytycznymi BTS\/NICE\/SIGN, ATS i ERS, urz\u0105dzenie NObreath umo\u017cliwia szybki i \u0142atwy pomiar FeNO, a ponadto jest ca\u0142kowicie nieinwazyjne, z mo\u017cliwo\u015bci\u0105 monitorowania stanu zapalnego dr\u00f3g oddechowych zar\u00f3wno u pacjent\u00f3w doros\u0142ych, jak i dzieci. Ponadto tryb monitorowania otoczenia umo\u017cliwia sprawdzenie poziomu NO w otoczeniu.  <\/p>\n\n\t\t\t\t\t<div class='button-box button-purple button-box-shadow'><a class='btn ' href='https:\/\/www.nobreathfeno.com\/' target=\"_blank\">Wi\u0119cej informacji<i class='fa fa-arrow-right ms-1' aria-hidden='true'><\/i><\/a><\/div>\n\t\t\t\t<\/div>\n\t\t\t<\/div>\n\t\t<\/div>\n\t<\/section><section class=\"two-column-style-5 bg-gradient-blue button-align-right module-24-two_column_image_text-2\" id=\"module-24-two_column_image_text-2\"><div class=\"container\">\n\t\t\t<div class=\"row \">\n\t\t\t\t<div class=\"col-12 col-lg-5\">\n\t\t\t\t\t<img width=\"929\" height=\"929\" src=\"https:\/\/www.bedfont.com\/wp-content\/uploads\/2024\/10\/smokerlyzer-range.png\" class=\"img-fluid mb-5 mb-lg-0\" alt=\"\" decoding=\"async\" loading=\"lazy\" srcset=\"https:\/\/www.bedfont.com\/wp-content\/uploads\/2024\/10\/smokerlyzer-range.png 929w, https:\/\/www.bedfont.com\/wp-content\/uploads\/2024\/10\/smokerlyzer-range-300x300.png 300w, https:\/\/www.bedfont.com\/wp-content\/uploads\/2024\/10\/smokerlyzer-range-150x150.png 150w, https:\/\/www.bedfont.com\/wp-content\/uploads\/2024\/10\/smokerlyzer-range-768x768.png 768w\" sizes=\"auto, (max-width: 929px) 100vw, 929px\"\/><\/div>\n\t\t\t\t<div class=\"col-1\"><\/div>\n\t\t\t\t<div class=\"col-12 col-lg-6 my-auto\">\n\t\t\t\t\t<h2 class=\"text-left\">Smokerlyzer<sup>\u00ae<\/sup><\/h2>\n\t\t\t\t<p>Produkty z serii Smokerlyzer to urz\u0105dzenia do pomiaru tlenku w\u0119gla (CO) w oddechu, kt\u00f3re pomagaj\u0105 rzuci\u0107 palenie. Urz\u0105dzenia mierz\u0105 ilo\u015b\u0107 CO w oddechu palacza. Dla profesjonalist\u00f3w jest to spos\u00f3b na biochemiczne ustalenie statusu palacza, a dla samych palaczy Smokerlyzer jest motywuj\u0105c\u0105 pomoc\u0105 wizualn\u0105, kt\u00f3ra zach\u0119ca ich do rzucenia na\u0142ogu i pomiaru post\u0119p\u00f3w w trakcie tego procesu.  <\/p>\n\n\t\t\t\t\t<div class='button-box button-blue button-box-shadow'><a class='btn ' href='https:\/\/www.bedfont.com\/pl\/products\/smokerlyzer\/' target=\"_self\">Wi\u0119cej informacji<i class='fa fa-arrow-right ms-1' aria-hidden='true'><\/i><\/a><\/div>\n\t\t\t\t<\/div>\n\t\t\t<\/div>\n\t\t<\/div>\n\t<\/section><section class=\"two-column-style-5 bg-gradient-pink button-align-right module-24-two_column_image_text-3\" id=\"module-24-two_column_image_text-3\"><div class=\"container\">\n\t\t\t<div class=\"row \">\n\t\t\t\t<div class=\"col-12 col-lg-5\">\n\t\t\t\t\t<img width=\"1000\" height=\"995\" src=\"https:\/\/www.bedfont.com\/wp-content\/uploads\/2024\/10\/gastrolyzer-range.png\" class=\"img-fluid mb-5 mb-lg-0\" alt=\"\" decoding=\"async\" loading=\"lazy\" srcset=\"https:\/\/www.bedfont.com\/wp-content\/uploads\/2024\/10\/gastrolyzer-range.png 1000w, https:\/\/www.bedfont.com\/wp-content\/uploads\/2024\/10\/gastrolyzer-range-300x300.png 300w, https:\/\/www.bedfont.com\/wp-content\/uploads\/2024\/10\/gastrolyzer-range-150x150.png 150w, https:\/\/www.bedfont.com\/wp-content\/uploads\/2024\/10\/gastrolyzer-range-768x764.png 768w\" sizes=\"auto, (max-width: 1000px) 100vw, 1000px\"\/><\/div>\n\t\t\t\t<div class=\"col-1\"><\/div>\n\t\t\t\t<div class=\"col-12 col-lg-6 my-auto\">\n\t\t\t\t\t<h2 class=\"text-left\">Gastrolyzer<sup>\u00ae<\/sup><\/h2>\n\t\t\t\t<p>Gama urz\u0105dze\u0144 Gastrolyzer\u00ae umo\u017cliwia dok\u0142adne badanie oddechu wodorowego, pomagaj\u0105c w wykrywaniu zaburze\u0144 \u017co\u0142\u0105dkowo-jelitowych.<\/p>\n<p>Seria Gastrolyzer to zestaw urz\u0105dze\u0144 medycznych zaprojektowanych do mierzenia r\u00f3\u017cnych gaz\u00f3w w wydychanym powietrzu pacjent\u00f3w w celu diagnozowania i leczenia r\u00f3\u017cnych zaburze\u0144 \u017co\u0142\u0105dkowo-jelitowych.<\/p>\n\n\t\t\t\t\t<div class='button-box button-pink button-box-shadow'><a class='btn ' href='https:\/\/www.gastrolyzer.com\/' target=\"_blank\">Wi\u0119cej informacji<i class='fa fa-arrow-right ms-1' aria-hidden='true'><\/i><\/a><\/div>\n\t\t\t\t<\/div>\n\t\t\t<\/div>\n\t\t<\/div>\n\t<\/section><section class=\"two-column-style-5 bg-gradient-red button-align-right module-24-two_column_image_text-4\" id=\"module-24-two_column_image_text-4\"><div class=\"container\">\n\t\t\t<div class=\"row \">\n\t\t\t\t<div class=\"col-12 col-lg-5\">\n\t\t\t\t\t<img width=\"773\" height=\"773\" src=\"https:\/\/www.bedfont.com\/wp-content\/uploads\/2024\/10\/medigas-range.png\" class=\"img-fluid mb-5 mb-lg-0\" alt=\"\" decoding=\"async\" loading=\"lazy\" srcset=\"https:\/\/www.bedfont.com\/wp-content\/uploads\/2024\/10\/medigas-range.png 773w, https:\/\/www.bedfont.com\/wp-content\/uploads\/2024\/10\/medigas-range-300x300.png 300w, https:\/\/www.bedfont.com\/wp-content\/uploads\/2024\/10\/medigas-range-150x150.png 150w, https:\/\/www.bedfont.com\/wp-content\/uploads\/2024\/10\/medigas-range-768x768.png 768w\" sizes=\"auto, (max-width: 773px) 100vw, 773px\"\/><\/div>\n\t\t\t\t<div class=\"col-1\"><\/div>\n\t\t\t\t<div class=\"col-12 col-lg-6 my-auto\">\n\t\t\t\t\t<h2 class=\"text-left\"> Medi-Gas Check<\/h2>\n\t\t\t\t<p>Seria Medi-Gas Check to zestaw stacjonarnych i przeno\u015bnych monitor\u00f3w detekcji gazu, s\u0142u\u017c\u0105cych do weryfikacji i walidacji jako\u015bci i ilo\u015bci gazu medycznego podawanego pacjentom, od pomieszczenia produkcyjnego i punkt\u00f3w dystrybucji do punktu dostawy do pacjenta. Seria jest w pe\u0142ni zgodna z wymogami brytyjskiego rz\u0105du Guidance w formie Health Technical Memorandum (HTM) 02-01 i innych stosownych przepis\u00f3w. <\/p>\n\n\t\t\t\t\t<div class='button-box button-red button-box-shadow'><a class='btn ' href='https:\/\/www.bedfont.com\/pl\/products\/medi-gas-check\/' target=\"_self\">Wi\u0119cej informacji<i class='fa fa-arrow-right ms-1' aria-hidden='true'><\/i><\/a><\/div>\n\t\t\t\t<\/div>\n\t\t\t<\/div>\n\t\t<\/div>\n\t<\/section><section class=\"two-column-style-5 bg-gradient-brown button-align-right module-24-two_column_image_text-5\" id=\"module-24-two_column_image_text-5\"><div class=\"container\">\n\t\t\t<div class=\"row \">\n\t\t\t\t<div class=\"col-12 col-lg-5\">\n\t\t\t\t\t<img width=\"1000\" height=\"1000\" src=\"https:\/\/www.bedfont.com\/wp-content\/uploads\/2024\/10\/celler8-1.png\" class=\"img-fluid mb-5 mb-lg-0\" alt=\"\" decoding=\"async\" loading=\"lazy\" srcset=\"https:\/\/www.bedfont.com\/wp-content\/uploads\/2024\/10\/celler8-1.png 1000w, https:\/\/www.bedfont.com\/wp-content\/uploads\/2024\/10\/celler8-1-300x300.png 300w, https:\/\/www.bedfont.com\/wp-content\/uploads\/2024\/10\/celler8-1-150x150.png 150w, https:\/\/www.bedfont.com\/wp-content\/uploads\/2024\/10\/celler8-1-768x768.png 768w\" sizes=\"auto, (max-width: 1000px) 100vw, 1000px\"\/><\/div>\n\t\t\t\t<div class=\"col-1\"><\/div>\n\t\t\t\t<div class=\"col-12 col-lg-6 my-auto\">\n\t\t\t\t\t<h2 class=\"text-left\"><\/h2>\n\t\t\t\t<p><img decoding=\"async\" src=\"https:\/\/www.bedfont.com\/wp-content\/themes\/bedfont\/assets\/img\/product-logos\/celler8-logo.png\" class=\"img-fluid celler8-logo\" alt=\"CELLER8 logo\" style=\"border-bottom-color: rgba(0, 0, 0, 0);\"\/><\/p>\n<p>CELLER8 generuje pulsuj\u0105ce pola elektromagnetyczne (ang. PEMF \u2013 Pulsed Electromagnetic Fields) do trzech st\u00f3p (90 cm) od urz\u0105dzenia, zapewniaj\u0105c pe\u0142ne pokrycie cia\u0142a i lokalne dzia\u0142anie.<\/p>\n<p>Technologia CELLER8 umo\u017cliwia r\u00f3wnie\u017c kontrol\u0119 podstawowych parametr\u00f3w terapii PEMF, takich jak:<\/p>\n<ul><li>Intensywno\u015b\u0107<\/li>\n<li>Cz\u0119stotliwo\u015b\u0107<\/li>\n<li>Polaryzacja<\/li>\n<\/ul>\n\n\t\t\t\t\t<div class='button-box button-brown button-box-shadow'><a class='btn ' href='https:\/\/www.celler8.com\/' target=\"_blank\">Wi\u0119cej informacji<i class='fa fa-arrow-right ms-1' aria-hidden='true'><\/i><\/a><\/div>\n\t\t\t\t<\/div>\n\t\t\t<\/div>\n\t\t<\/div>\n\t<\/section><section class=\"two-column-style-5 bg-gradient-blue button-align-right module-24-two_column_image_text-6\" id=\"module-24-two_column_image_text-6\"><div class=\"container\">\n\t\t\t<div class=\"row \">\n\t\t\t\t<div class=\"col-12 col-lg-5\">\n\t\t\t\t\t<img width=\"1000\" height=\"1000\" src=\"https:\/\/www.bedfont.com\/wp-content\/uploads\/2024\/10\/breathacise-1.png\" class=\"img-fluid mb-5 mb-lg-0\" alt=\"\" decoding=\"async\" loading=\"lazy\" srcset=\"https:\/\/www.bedfont.com\/wp-content\/uploads\/2024\/10\/breathacise-1.png 1000w, https:\/\/www.bedfont.com\/wp-content\/uploads\/2024\/10\/breathacise-1-300x300.png 300w, https:\/\/www.bedfont.com\/wp-content\/uploads\/2024\/10\/breathacise-1-150x150.png 150w, https:\/\/www.bedfont.com\/wp-content\/uploads\/2024\/10\/breathacise-1-768x768.png 768w\" sizes=\"auto, (max-width: 1000px) 100vw, 1000px\"\/><\/div>\n\t\t\t\t<div class=\"col-1\"><\/div>\n\t\t\t\t<div class=\"col-12 col-lg-6 my-auto\">\n\t\t\t\t\t<h2 class=\"text-left\"><\/h2>\n\t\t\t\t<p><img decoding=\"async\" src=\"https:\/\/www.bedfont.com\/wp-content\/themes\/bedfont\/assets\/img\/product-logos\/breathacise-logo.png\" class=\"img-fluid my-4 celler8-logo\" alt=\"Breathacise logo\" style=\"border-bottom-color: rgba(0, 0, 0, 0);\"\/><\/p>\n<p>Spirometr Breathacise to spirometr motywacyjny, wykorzystuj\u0105cy gr\u0119 w koszyk\u00f3wk\u0119 do \u0107wicze\u0144 i poprawy wydolno\u015bci oddechowej i si\u0142y. Robi to, pomagaj\u0105c \u0107wiczy\u0107 wydolno\u015b\u0107 oddechow\u0105 poprzez g\u0142\u0119bokie oddychanie. <\/p>\n<p>Breathacise ma wbudowan\u0105 gr\u0119 w koszyk\u00f3wk\u0119, kt\u00f3ra stanowi motywacj\u0119 do \u0107wicze\u0144 oddechowych. Ustaw obr\u0119cz koszyk\u00f3wki na po\u017c\u0105dany cel, wdychaj powietrze i u\u017cywaj wska\u017anika, aby zapewni\u0107 r\u00f3wnomierne, g\u0142\u0119bokie wdechy, a\u017c wrzucisz pi\u0142k\u0119 do kosza. <\/p>\n\n\t\t\t\t\t<div class='button-box button-blue button-box-shadow'><a class='btn ' href='https:\/\/www.breathacise.com\/' target=\"_blank\">Wi\u0119cej informacji<i class='fa fa-arrow-right ms-1' aria-hidden='true'><\/i><\/a><\/div>\n\t\t\t\t<\/div>\n\t\t\t<\/div>\n\t\t<\/div>\n\t<\/section><section class=\"two-column-style-5 bg-gradient-dark-blue button-align-right module-24-two_column_image_text-7\" id=\"module-24-two_column_image_text-7\"><div class=\"container\">\n\t\t\t<div class=\"row \">\n\t\t\t\t<div class=\"col-12 col-lg-5\">\n\t\t\t\t\t<img width=\"444\" height=\"430\" src=\"https:\/\/www.bedfont.com\/wp-content\/uploads\/2025\/03\/SDK.png\" class=\"img-fluid mb-5 mb-lg-0\" alt=\"\" decoding=\"async\" loading=\"lazy\" srcset=\"https:\/\/www.bedfont.com\/wp-content\/uploads\/2025\/03\/SDK.png 444w, https:\/\/www.bedfont.com\/wp-content\/uploads\/2025\/03\/SDK-300x291.png 300w\" sizes=\"auto, (max-width: 444px) 100vw, 444px\"\/><\/div>\n\t\t\t\t<div class=\"col-1\"><\/div>\n\t\t\t\t<div class=\"col-12 col-lg-6 my-auto\">\n\t\t\t\t\t<h2 class=\"text-left\">Zestawy do tworzenia oprogramowania<\/h2>\n\t\t\t\t<p>Odblokuj bezproblemow\u0105 integracj\u0119 biowalidacji z Bedfont SDK! Zaprojektowane dla deweloper\u00f3w, kt\u00f3rzy chc\u0105 wprowadzi\u0107 do swoich aplikacji dok\u0142adny monitoring zdrowia i dane w czasie rzeczywistym, nasze SDK oferuj\u0105 bezpo\u015brednie po\u0142\u0105czenie z zaufanymi urz\u0105dzeniami medycznymi Bedfont. Niezale\u017cnie od tego, czy tworzysz aplikacj\u0119 do zarz\u0105dzania astm\u0105, rzucania palenia czy spersonalizowanego dobrego samopoczucia, nasze SDK zapewniaj\u0105 bezpieczn\u0105, zgodn\u0105 i prost\u0105 \u0142\u0105czno\u015b\u0107. Daj swoim u\u017cytkownikom moc klinicznych spostrze\u017ce\u0144 za pomoc\u0105 zaledwie kilku linijek kodu \u2013 zmie\u0144 swoj\u0105 aplikacj\u0119 w rozwi\u0105zanie zdrowotne ju\u017c dzi\u015b!   <\/p>\n\n\t\t\t\t\t<div class='button-box button-blue button-box-shadow'><a class='btn ' href='https:\/\/www.bedfont.com\/pl\/zestaw-sdk\/' target=\"_self\">Wi\u0119cej informacji<i class='fa fa-arrow-right ms-1' aria-hidden='true'><\/i><\/a><\/div>\n\t\t\t\t<\/div>\n\t\t\t<\/div>\n\t\t<\/div>\n\t<\/section>","protected":false},"excerpt":{"rendered":"<p>Produkty Bedfont\u00ae ma szerok\u0105 gam\u0119 urz\u0105dze\u0144 do analizy oddechu, kt\u00f3re maj\u0105 unikalne zastosowania. Nasze do\u015bwiadczenie znajduje odzwierciedlenie w szerokiej gamie oferowanych przez nas produkt\u00f3w \u2014 od urz\u0105dze\u0144 przeno\u015bnych po urz\u0105dzenia stacjonarne \u2014 kt\u00f3re mog\u0105 by\u0107 u\u017cywane do analizy oddechu pacjent\u00f3w. NObreath\u00ae NObreath to urz\u0105dzenie FeNO, kt\u00f3re mo\u017ce by\u0107 u\u017cywane do pomiaru stanu zapalnego dr\u00f3g oddechowych [&hellip;]<\/p>\n","protected":false},"author":6,"featured_media":0,"parent":0,"menu_order":0,"comment_status":"closed","ping_status":"closed","template":"templates\/page-modules.php","meta":{"_acf_changed":false,"footnotes":""},"class_list":["post-3657","page","type-page","status-publish","hentry"],"acf":[],"yoast_head":"<!-- This site is optimized with the Yoast SEO plugin v27.6 - https:\/\/yoast.com\/product\/yoast-seo-wordpress\/ -->\n<title>Produkty - Bedfont Scientific Ltd.<\/title>\n<meta name=\"description\" content=\"Bedfont Scientific Ltd. oferuje szerok\u0105 gam\u0119 urz\u0105dze\u0144 do analizy oddechu, kt\u00f3re pomagaj\u0105 w wykrywaniu r\u00f3\u017cnych schorze\u0144; ka\u017cde z nich ma unikalne zastosowanie.\" \/>\n<meta name=\"robots\" content=\"index, follow, max-snippet:-1, max-image-preview:large, max-video-preview:-1\" \/>\n<link rel=\"canonical\" href=\"https:\/\/www.bedfont.com\/pl\/products\/\" \/>\n<meta property=\"og:locale\" content=\"pl_PL\" \/>\n<meta property=\"og:type\" content=\"article\" \/>\n<meta property=\"og:title\" content=\"Produkty - Bedfont Scientific Ltd.\" \/>\n<meta property=\"og:description\" content=\"Bedfont Scientific Ltd. oferuje szerok\u0105 gam\u0119 urz\u0105dze\u0144 do analizy oddechu, kt\u00f3re pomagaj\u0105 w wykrywaniu r\u00f3\u017cnych schorze\u0144; ka\u017cde z nich ma unikalne zastosowanie.\" \/>\n<meta property=\"og:url\" content=\"https:\/\/www.bedfont.com\/pl\/products\/\" \/>\n<meta property=\"og:site_name\" content=\"Bedfont Scientific Ltd.\" \/>\n<meta property=\"article:publisher\" content=\"https:\/\/www.facebook.com\/Bedfontltd\/\" \/>\n<meta property=\"article:modified_time\" content=\"2025-03-17T16:13:12+00:00\" \/>\n<meta property=\"og:image\" content=\"https:\/\/www.bedfont.com\/wp-content\/uploads\/2024\/10\/products.jpg\" \/>\n<meta name=\"twitter:card\" content=\"summary_large_image\" \/>\n<meta name=\"twitter:site\" content=\"@BedfontLtd\" \/>\n<meta name=\"twitter:label1\" content=\"Szacowany czas czytania\" \/>\n\t<meta name=\"twitter:data1\" content=\"4 minuty\" \/>\n<script type=\"application\/ld+json\" class=\"yoast-schema-graph\">{\"@context\":\"https:\\\/\\\/schema.org\",\"@graph\":[{\"@type\":\"WebPage\",\"@id\":\"https:\\\/\\\/www.bedfont.com\\\/pl\\\/products\\\/\",\"url\":\"https:\\\/\\\/www.bedfont.com\\\/pl\\\/products\\\/\",\"name\":\"Produkty - Bedfont Scientific Ltd.\",\"isPartOf\":{\"@id\":\"https:\\\/\\\/www.bedfont.com\\\/pl\\\/#website\"},\"primaryImageOfPage\":{\"@id\":\"https:\\\/\\\/www.bedfont.com\\\/pl\\\/products\\\/#primaryimage\"},\"image\":{\"@id\":\"https:\\\/\\\/www.bedfont.com\\\/pl\\\/products\\\/#primaryimage\"},\"thumbnailUrl\":\"https:\\\/\\\/www.bedfont.com\\\/wp-content\\\/uploads\\\/2024\\\/10\\\/products.jpg\",\"datePublished\":\"2022-07-06T14:45:46+00:00\",\"dateModified\":\"2025-03-17T16:13:12+00:00\",\"description\":\"Bedfont Scientific Ltd. oferuje szerok\u0105 gam\u0119 urz\u0105dze\u0144 do analizy oddechu, kt\u00f3re pomagaj\u0105 w wykrywaniu r\u00f3\u017cnych schorze\u0144; ka\u017cde z nich ma unikalne zastosowanie.\",\"breadcrumb\":{\"@id\":\"https:\\\/\\\/www.bedfont.com\\\/pl\\\/products\\\/#breadcrumb\"},\"inLanguage\":\"pl-PL\",\"potentialAction\":[{\"@type\":\"ReadAction\",\"target\":[\"https:\\\/\\\/www.bedfont.com\\\/pl\\\/products\\\/\"]}]},{\"@type\":\"ImageObject\",\"inLanguage\":\"pl-PL\",\"@id\":\"https:\\\/\\\/www.bedfont.com\\\/pl\\\/products\\\/#primaryimage\",\"url\":\"https:\\\/\\\/www.bedfont.com\\\/wp-content\\\/uploads\\\/2024\\\/10\\\/products.jpg\",\"contentUrl\":\"https:\\\/\\\/www.bedfont.com\\\/wp-content\\\/uploads\\\/2024\\\/10\\\/products.jpg\"},{\"@type\":\"BreadcrumbList\",\"@id\":\"https:\\\/\\\/www.bedfont.com\\\/pl\\\/products\\\/#breadcrumb\",\"itemListElement\":[{\"@type\":\"ListItem\",\"position\":1,\"name\":\"Home\",\"item\":\"https:\\\/\\\/www.bedfont.com\\\/pl\\\/\"},{\"@type\":\"ListItem\",\"position\":2,\"name\":\"Produkty\"}]},{\"@type\":\"WebSite\",\"@id\":\"https:\\\/\\\/www.bedfont.com\\\/pl\\\/#website\",\"url\":\"https:\\\/\\\/www.bedfont.com\\\/pl\\\/\",\"name\":\"Bedfont Scientific Ltd.\",\"description\":\"World leaders in breath analysis.\",\"potentialAction\":[{\"@type\":\"SearchAction\",\"target\":{\"@type\":\"EntryPoint\",\"urlTemplate\":\"https:\\\/\\\/www.bedfont.com\\\/pl\\\/?s={search_term_string}\"},\"query-input\":{\"@type\":\"PropertyValueSpecification\",\"valueRequired\":true,\"valueName\":\"search_term_string\"}}],\"inLanguage\":\"pl-PL\"}]}<\/script>\n<!-- \/ Yoast SEO plugin. -->","yoast_head_json":{"title":"Produkty - Bedfont Scientific Ltd.","description":"Bedfont Scientific Ltd. oferuje szerok\u0105 gam\u0119 urz\u0105dze\u0144 do analizy oddechu, kt\u00f3re pomagaj\u0105 w wykrywaniu r\u00f3\u017cnych schorze\u0144; ka\u017cde z nich ma unikalne zastosowanie.","robots":{"index":"index","follow":"follow","max-snippet":"max-snippet:-1","max-image-preview":"max-image-preview:large","max-video-preview":"max-video-preview:-1"},"canonical":"https:\/\/www.bedfont.com\/pl\/products\/","og_locale":"pl_PL","og_type":"article","og_title":"Produkty - Bedfont Scientific Ltd.","og_description":"Bedfont Scientific Ltd. oferuje szerok\u0105 gam\u0119 urz\u0105dze\u0144 do analizy oddechu, kt\u00f3re pomagaj\u0105 w wykrywaniu r\u00f3\u017cnych schorze\u0144; ka\u017cde z nich ma unikalne zastosowanie.","og_url":"https:\/\/www.bedfont.com\/pl\/products\/","og_site_name":"Bedfont Scientific Ltd.","article_publisher":"https:\/\/www.facebook.com\/Bedfontltd\/","article_modified_time":"2025-03-17T16:13:12+00:00","og_image":[{"url":"https:\/\/www.bedfont.com\/wp-content\/uploads\/2024\/10\/products.jpg","type":"","width":"","height":""}],"twitter_card":"summary_large_image","twitter_site":"@BedfontLtd","twitter_misc":{"Szacowany czas czytania":"4 minuty"},"schema":{"@context":"https:\/\/schema.org","@graph":[{"@type":"WebPage","@id":"https:\/\/www.bedfont.com\/pl\/products\/","url":"https:\/\/www.bedfont.com\/pl\/products\/","name":"Produkty - Bedfont Scientific Ltd.","isPartOf":{"@id":"https:\/\/www.bedfont.com\/pl\/#website"},"primaryImageOfPage":{"@id":"https:\/\/www.bedfont.com\/pl\/products\/#primaryimage"},"image":{"@id":"https:\/\/www.bedfont.com\/pl\/products\/#primaryimage"},"thumbnailUrl":"https:\/\/www.bedfont.com\/wp-content\/uploads\/2024\/10\/products.jpg","datePublished":"2022-07-06T14:45:46+00:00","dateModified":"2025-03-17T16:13:12+00:00","description":"Bedfont Scientific Ltd. oferuje szerok\u0105 gam\u0119 urz\u0105dze\u0144 do analizy oddechu, kt\u00f3re pomagaj\u0105 w wykrywaniu r\u00f3\u017cnych schorze\u0144; ka\u017cde z nich ma unikalne zastosowanie.","breadcrumb":{"@id":"https:\/\/www.bedfont.com\/pl\/products\/#breadcrumb"},"inLanguage":"pl-PL","potentialAction":[{"@type":"ReadAction","target":["https:\/\/www.bedfont.com\/pl\/products\/"]}]},{"@type":"ImageObject","inLanguage":"pl-PL","@id":"https:\/\/www.bedfont.com\/pl\/products\/#primaryimage","url":"https:\/\/www.bedfont.com\/wp-content\/uploads\/2024\/10\/products.jpg","contentUrl":"https:\/\/www.bedfont.com\/wp-content\/uploads\/2024\/10\/products.jpg"},{"@type":"BreadcrumbList","@id":"https:\/\/www.bedfont.com\/pl\/products\/#breadcrumb","itemListElement":[{"@type":"ListItem","position":1,"name":"Home","item":"https:\/\/www.bedfont.com\/pl\/"},{"@type":"ListItem","position":2,"name":"Produkty"}]},{"@type":"WebSite","@id":"https:\/\/www.bedfont.com\/pl\/#website","url":"https:\/\/www.bedfont.com\/pl\/","name":"Bedfont Scientific Ltd.","description":"World leaders in breath analysis.","potentialAction":[{"@type":"SearchAction","target":{"@type":"EntryPoint","urlTemplate":"https:\/\/www.bedfont.com\/pl\/?s={search_term_string}"},"query-input":{"@type":"PropertyValueSpecification","valueRequired":true,"valueName":"search_term_string"}}],"inLanguage":"pl-PL"}]}},"_links":{"self":[{"href":"https:\/\/www.bedfont.com\/pl\/wp-json\/wp\/v2\/pages\/3657","targetHints":{"allow":["GET"]}}],"collection":[{"href":"https:\/\/www.bedfont.com\/pl\/wp-json\/wp\/v2\/pages"}],"about":[{"href":"https:\/\/www.bedfont.com\/pl\/wp-json\/wp\/v2\/types\/page"}],"author":[{"embeddable":true,"href":"https:\/\/www.bedfont.com\/pl\/wp-json\/wp\/v2\/users\/6"}],"replies":[{"embeddable":true,"href":"https:\/\/www.bedfont.com\/pl\/wp-json\/wp\/v2\/comments?post=3657"}],"version-history":[{"count":13,"href":"https:\/\/www.bedfont.com\/pl\/wp-json\/wp\/v2\/pages\/3657\/revisions"}],"predecessor-version":[{"id":8348,"href":"https:\/\/www.bedfont.com\/pl\/wp-json\/wp\/v2\/pages\/3657\/revisions\/8348"}],"wp:attachment":[{"href":"https:\/\/www.bedfont.com\/pl\/wp-json\/wp\/v2\/media?parent=3657"}],"curies":[{"name":"wp","href":"https:\/\/api.w.org\/{rel}","templated":true}]}}