{"id":3627,"date":"2023-04-06T08:13:17","date_gmt":"2023-04-06T08:13:17","guid":{"rendered":"https:\/\/bedfont.theprogressteam.com\/powiadomienie-o-prywatnosci\/"},"modified":"2024-10-10T08:44:32","modified_gmt":"2024-10-10T08:44:32","slug":"powiadomienie-o-prywatnosci","status":"publish","type":"page","link":"https:\/\/www.bedfont.com\/pl\/powiadomienie-o-prywatnosci\/","title":{"rendered":"Powiadomienie o Prywatno\u015bci"},"content":{"rendered":"\n<h1 class=\"text-left\"><span class=\"blue-text\">Powiadomienie o Prywatno\u015bci<\/span><\/h1>\n\n<p>Niniejsze Powiadomienie o Prywatno\u015bci dotyczy Ciebie, U\u017cytkownika stron internetowych zarz\u0105dzanych przez Bedfont Scientific Ltd. Bedfont Scientific Ltd., firma b\u0119d\u0105ca w\u0142a\u015bcicielem i operatorem tych stron internetowych, priorytetowo traktuje prywatno\u015b\u0107 Twoich informacji. Niniejsze Powiadomienie reguluje nasze wykorzystanie wszelkich danych zbieranych przez nas lub dostarczonych przez Ciebie podczas korzystania z tych stron internetowych, a tak\u017ce wszelkich danych zbieranych podczas wydarze\u0144, wystaw lub innych interakcji z Bedfont Scientific Ltd.  <\/p>\n\n<p>Strony internetowe obejmuj\u0105:<br\/><a href=\"https:\/\/www.bedfont.com\/\" target=\"_blank\" rel=\"noreferrer noopener\">www.bedfont.com<\/a><br\/><a href=\"https:\/\/www.nobreathfeno.com\/\" target=\"_blank\" rel=\"noreferrer noopener\">www.nobreathfeno.com<\/a><br\/><a href=\"https:\/\/www.gastrolyzer.com\/\" target=\"_blank\" rel=\"noreferrer noopener\">www.gastrolyzer.com<\/a><br\/><a href=\"https:\/\/www.bedfont-distributor.com\/\" target=\"_blank\" rel=\"noreferrer noopener\">www.bedfont-distributor.com<\/a><br\/><a href=\"https:\/\/www.icoquit.com\/\" target=\"_blank\" rel=\"noreferrer noopener\">www.icoquit.com<\/a><br\/><a href=\"https:\/\/www.toxco.com\/\" target=\"_blank\" rel=\"noreferrer noopener\">www.toxco.co.uk<\/a><br\/><a href=\"https:\/\/www.fenobreath.bedfont.com\/\" target=\"_blank\" rel=\"noreferrer noopener\">www.fenobreath.bedfont.com<\/a><br\/><a href=\"https:\/\/www.breathacise.com\/\" target=\"_blank\" rel=\"noreferrer noopener\">www.breathacise.com<\/a><br\/><a href=\"https:\/\/resources.bedfont.com\/\" target=\"_blank\" rel=\"noreferrer noopener\">resources.bedfont.com<\/a><\/p>\n\n<h2 class=\"wp-block-heading\">Definicje<\/h2>\n\n<p><strong>Dane<\/strong>: Wszystkie informacje przekazane do Bedfont<sup>\u00ae<\/sup> Scientific Ltd. za po\u015brednictwem kt\u00f3rejkolwiek z wymienionych powy\u017cej stron internetowych.<br\/><strong>Cookies<\/strong>: Ma\u0142e pliki tekstowe umieszczane na Twoim komputerze przez kt\u00f3r\u0105kolwiek z wymienionych powy\u017cej stron internetowych.<br\/><strong>Przepisy o ochronie danych<\/strong>: Wszelkie obowi\u0105zuj\u0105ce przepisy dotycz\u0105ce przetwarzania danych osobowych.<br\/><strong>RODO<\/strong>: Og\u00f3lne rozporz\u0105dzenie o ochronie danych (UE) 2016\/679.<br\/><strong>Bedfont<sup>\u00ae <\/sup> Scientific Ltd., my lub nas<\/strong>: Bedfont<sup>\u00ae<\/sup> Scientific Ltd., firma zarejestrowana w Anglii i Walii.<br\/><strong>U\u017cytkownik lub T<\/strong>y: Ka\u017cda osoba trzecia maj\u0105ca dost\u0119p do kt\u00f3rejkolwiek z wymienionych powy\u017cej stron internetowych.<br\/><strong>Strona internetowa<\/strong>: Strona internetowa, kt\u00f3rej u\u017cywa\u0142e\u015b przed przekierowaniem na www.bedfont.com. Lub, ta strona internetowa. <\/p>\n\n<h2 class=\"wp-block-heading\">Zakres<\/h2>\n\n<p>Niniejsze Powiadomienie o Prywatno\u015bci dotyczy wy\u0142\u0105cznie dzia\u0142a\u0144 Bedfont<sup>\u00ae<\/sup> Scientific Ltd. i U\u017cytkownik\u00f3w dotycz\u0105cych tej Strony internetowej oraz wszelkich innych stron internetowych nale\u017c\u0105cych do nas lub przez nas zarz\u0105dzanych, z wyj\u0105tkiem stron internetowych medi\u00f3w spo\u0142eczno\u015bciowych. W celu uzyskania informacji dotycz\u0105cych praktyk prywatno\u015bci na stronach medi\u00f3w spo\u0142eczno\u015bciowych lub jakichkolwiek innych stronach internetowych os\u00f3b trzecich, prosimy o zapoznanie si\u0119 z odpowiednimi politykami prywatno\u015bci tych stron internetowych. <\/p>\n\n<h2 class=\"wp-block-heading\">Zbieranie Danych<\/h2>\n\n<p>Mo\u017cemy zbiera\u0107 od Ciebie nast\u0119puj\u0105ce Dane:<\/p>\n\n<ul class=\"wp-block-list\">\n<li>Imi\u0119 i nazwisko<\/li>\n\n\n\n<li>Informacje kontaktowe (adresy e-mail i numery telefon\u00f3w)<\/li>\n\n\n\n<li>Informacje o firmie (nazwa, stanowisko i adres)<\/li>\n\n\n\n<li>Informacje demograficzne (kod pocztowy, preferencje i zainteresowania)<\/li>\n\n\n\n<li>Adres IP, typ i wersja przegl\u0105darki internetowej<\/li>\n\n\n\n<li>Adresy URL, Twoja aktywno\u015b\u0107 na tej Stronie internetowej oraz strony, na kt\u00f3re przechodzisz<\/li>\n\n\n\n<li>Ogl\u0105danie osadzonych film\u00f3w<\/li>\n<\/ul>\n\n<p>Opr\u00f3cz Danych zbieranych bezpo\u015brednio od Ciebie, mo\u017cemy r\u00f3wnie\u017c korzysta\u0107 z narz\u0119dzi os\u00f3b trzecich, takich jak HubSpot, do \u015bledzenia informacji zwi\u0105zanych z Twoj\u0105 interakcj\u0105 z nasz\u0105 stron\u0105 internetow\u0105. Mo\u017ce to obejmowa\u0107 informacje takie jak wy\u015bwietlenia stron, klikni\u0119cia, przesy\u0142anie formularzy. <\/p>\n\n<h2 class=\"wp-block-heading\">Jak zbierane s\u0105 Dane<\/h2>\n\n<p>Dane zbierane s\u0105 w nast\u0119puj\u0105cy spos\u00f3b:<\/p>\n\n<ul class=\"wp-block-list\">\n<li>Dostarczone przez Ciebie (poprzez r\u00f3\u017cne kana\u0142y, w tym interakcje online na naszych stronach internetowych oraz udzia\u0142 w wydarzeniach, wystawach lub innych interakcjach offline organizowanych, lub w kt\u00f3rych uczestniczy Bedfont<sup>\u00ae<\/sup>)<\/li>\n\n\n\n<li>Zbierane automatycznie podczas interakcji z nasz\u0105 stron\u0105 internetow\u0105 (adres IP, typ i wersja przegl\u0105darki internetowej, odwiedzane adresy URL, Twoja aktywno\u015b\u0107 na naszych stronach internetowych oraz strony, na kt\u00f3re przechodzisz)<\/li>\n<\/ul>\n\n<h2 class=\"wp-block-heading\">Wykorzystanie Danych<\/h2>\n\n<p>Twoje Dane mog\u0105 by\u0107 wykorzystywane do:<\/p>\n\n<ul class=\"wp-block-list\">\n<li>Prowadzenia wewn\u0119trznych rejestr\u00f3w (przechowywanie dokumentacji dotycz\u0105cej Twoich interakcji z naszymi stronami internetowymi i produktami\/us\u0142ugami)<\/li>\n\n\n\n<li>Poprawy naszych produkt\u00f3w\/us\u0142ug (analiza danych w celu zrozumienia preferencji i zachowa\u0144 u\u017cytkownik\u00f3w, co pomaga w doskonaleniu do\u015bwiadcze\u0144)<\/li>\n\n\n\n<li>Komunikacji marketingowej dotycz\u0105cej naszych produkt\u00f3w lub wydarze\u0144 (wysy\u0142anie Ci komunikat\u00f3w marketingowych dotycz\u0105cych naszych produkt\u00f3w, us\u0142ug lub wydarze\u0144, wy\u0142\u0105cznie za Twoj\u0105 zgod\u0105)<\/li>\n\n\n\n<li>Dostosowywania lub aktualizacji strony internetowej (Twoje Dane b\u0119d\u0105 u\u017cywane do poprawy wydajno\u015bci naszych stron internetowych, poniewa\u017c analizujemy dane dotycz\u0105ce korzystania ze stron)<\/li>\n<\/ul>\n\n<h2 class=\"wp-block-heading\">Udost\u0119pnianie Danych<\/h2>\n\n<p>Mo\u017cemy udost\u0119pnia\u0107 Twoje Dane:<\/p>\n\n<ul class=\"wp-block-list\">\n<li>Naszym pracownikom, agentom i\/lub doradcom zawodowym (w celu wysy\u0142ania materia\u0142\u00f3w marketingowych i uzyskiwania porad od doradc\u00f3w zawodowych)<\/li>\n\n\n\n<li>Naszym dystrybutorom<\/li>\n<\/ul>\n\n<h2 class=\"wp-block-heading\">Bezpiecze\u0144stwo Danych<\/h2>\n\n<p>Stosujemy \u015brodki techniczne i organizacyjne w celu ochrony Twoich Danych. \u015arodki te obejmuj\u0105 przechowywanie Danych na bezpiecznych serwerach oraz spos\u00f3b, w jaki radzimy sobie z wszelkimi podejrzanymi naruszeniami danych. Je\u015bli podejrzewasz jakiekolwiek niew\u0142a\u015bciwe wykorzystanie, utrat\u0119 lub nieautoryzowany dost\u0119p do Twoich danych, natychmiast daj nam zna\u0107, kontaktuj\u0105c si\u0119 z nami pod adresem <a href=\"\" title=\"\">ask@bedfont.com<\/a>.  <\/p>\n\n<h2 class=\"wp-block-heading\">Przechowywanie Danych<\/h2>\n\n<p>Zgodnie z nasz\u0105 polityk\u0105 RODO, Twoje Dane b\u0119d\u0105 przechowywane przez maksymalnie 3 lata, je\u015bli w tym czasie nie b\u0119dzie \u017cadnej aktywno\u015bci ani interakcji z nami. Je\u015bli nadal b\u0119dziesz si\u0119 z nami kontaktowa\u0107, b\u0119dziemy przechowywa\u0107 Twoje Dane, dop\u00f3ki nie za\u017c\u0105dasz ich usuni\u0119cia lub nie zaprzestaniesz interakcji przez 3 lata. <\/p>\n\n<h2 class=\"wp-block-heading\">Twoje Prawa<\/h2>\n\n<p>Masz prawo do dost\u0119pu, poprawiania, usuwania, ograniczenia u\u017cycia, przenoszenia i sprzeciwiania si\u0119 u\u017cywaniu swoich Danych. Aby skorzysta\u0107 z tych praw lub wycofa\u0107 zgod\u0119, skontaktuj si\u0119 z nami pod adresem <a href=\"\" title=\"\">ask@bedfont.com.<\/a> <\/p>\n\n<h2 class=\"wp-block-heading\">Linki do Innych Stron Internetowych<\/h2>\n\n<p>Ta strona internetowa mo\u017ce zawiera\u0107 linki do stron internetowych os\u00f3b trzecich. Nie mamy kontroli nad tymi stronami i nie ponosimy odpowiedzialno\u015bci za ich praktyki prywatno\u015bci. Niniejsze zawiadomienie o prywatno\u015bci odnosi si\u0119 wy\u0142\u0105cznie do dzia\u0142a\u0144 Bedfont<sup>\u00ae<\/sup> Scientific Ltd. oraz u\u017cytkownik\u00f3w w odniesieniu do tej strony internetowej i innych stron internetowych nale\u017c\u0105cych do Bedfont<sup>\u00ae<\/sup> lub przez nie obs\u0142ugiwanych, z wy\u0142\u0105czeniem stron medi\u00f3w spo\u0142eczno\u015bciowych.  <\/p>\n\n<h2 class=\"wp-block-heading\">Zmiany w Niniejszym Powiadomieniu o Prywatno\u015bci<\/h2>\n\n<p>Bedfont<sup>\u00ae<\/sup> Scientific Ltd. zastrzega sobie prawo do zmiany niniejszego Powiadomienia o Prywatno\u015bci w razie potrzeby. Wszelkie zmiany b\u0119d\u0105 publikowane na stronie internetowej. <\/p>\n\n<p><strong>Zaktualizowano: Marzec 2024<\/strong><\/p>\n","protected":false},"excerpt":{"rendered":"<p>Powiadomienie o Prywatno\u015bci Niniejsze Powiadomienie o Prywatno\u015bci dotyczy Ciebie, U\u017cytkownika stron internetowych zarz\u0105dzanych przez Bedfont Scientific Ltd. Bedfont Scientific Ltd., firma b\u0119d\u0105ca w\u0142a\u015bcicielem i operatorem tych stron internetowych, priorytetowo traktuje prywatno\u015b\u0107 Twoich informacji. Niniejsze Powiadomienie reguluje nasze wykorzystanie wszelkich danych zbieranych przez nas lub dostarczonych przez Ciebie podczas korzystania z tych stron internetowych, a tak\u017ce [&hellip;]<\/p>\n","protected":false},"author":6,"featured_media":0,"parent":0,"menu_order":0,"comment_status":"closed","ping_status":"closed","template":"templates\/page-gutenberg.php","meta":{"_acf_changed":false,"footnotes":""},"class_list":["post-3627","page","type-page","status-publish","hentry"],"acf":[],"yoast_head":"<!-- This site is optimized with the Yoast SEO plugin v27.4 - https:\/\/yoast.com\/product\/yoast-seo-wordpress\/ -->\n<title>Powiadomienie o Prywatno\u015bci - Bedfont Scientific Ltd.<\/title>\n<meta name=\"description\" content=\"Niniejsze Powiadomienie o Prywatno\u015bci dotyczy Ciebie, U\u017cytkownika stron internetowych zarz\u0105dzanych przez Bedfont Scientific Ltd. Bedfont Scientific Ltd., firma b\u0119d\u0105ca w\u0142a\u015bcicielem i operatorem tych stron internetowych, priorytetowo traktuje prywatno\u015b\u0107 Twoich informacji.\" \/>\n<meta name=\"robots\" content=\"index, follow, max-snippet:-1, max-image-preview:large, max-video-preview:-1\" \/>\n<link rel=\"canonical\" href=\"https:\/\/www.bedfont.com\/pl\/powiadomienie-o-prywatnosci\/\" \/>\n<meta property=\"og:locale\" content=\"pl_PL\" \/>\n<meta property=\"og:type\" content=\"article\" \/>\n<meta property=\"og:title\" content=\"Powiadomienie o Prywatno\u015bci - Bedfont Scientific Ltd.\" \/>\n<meta property=\"og:description\" content=\"Niniejsze Powiadomienie o Prywatno\u015bci dotyczy Ciebie, U\u017cytkownika stron internetowych zarz\u0105dzanych przez Bedfont Scientific Ltd. Bedfont Scientific Ltd., firma b\u0119d\u0105ca w\u0142a\u015bcicielem i operatorem tych stron internetowych, priorytetowo traktuje prywatno\u015b\u0107 Twoich informacji.\" \/>\n<meta property=\"og:url\" content=\"https:\/\/www.bedfont.com\/pl\/powiadomienie-o-prywatnosci\/\" \/>\n<meta property=\"og:site_name\" content=\"Bedfont Scientific Ltd.\" \/>\n<meta property=\"article:publisher\" content=\"https:\/\/www.facebook.com\/Bedfontltd\/\" \/>\n<meta property=\"article:modified_time\" content=\"2024-10-10T08:44:32+00:00\" \/>\n<meta name=\"twitter:card\" content=\"summary_large_image\" \/>\n<meta name=\"twitter:site\" content=\"@BedfontLtd\" \/>\n<meta name=\"twitter:label1\" content=\"Szacowany czas czytania\" \/>\n\t<meta name=\"twitter:data1\" content=\"4 minuty\" \/>\n<script type=\"application\/ld+json\" class=\"yoast-schema-graph\">{\"@context\":\"https:\\\/\\\/schema.org\",\"@graph\":[{\"@type\":\"WebPage\",\"@id\":\"https:\\\/\\\/www.bedfont.com\\\/pl\\\/powiadomienie-o-prywatnosci\\\/\",\"url\":\"https:\\\/\\\/www.bedfont.com\\\/pl\\\/powiadomienie-o-prywatnosci\\\/\",\"name\":\"Powiadomienie o Prywatno\u015bci - Bedfont Scientific Ltd.\",\"isPartOf\":{\"@id\":\"https:\\\/\\\/www.bedfont.com\\\/pl\\\/#website\"},\"datePublished\":\"2023-04-06T08:13:17+00:00\",\"dateModified\":\"2024-10-10T08:44:32+00:00\",\"description\":\"Niniejsze Powiadomienie o Prywatno\u015bci dotyczy Ciebie, U\u017cytkownika stron internetowych zarz\u0105dzanych przez Bedfont Scientific Ltd. Bedfont Scientific Ltd., firma b\u0119d\u0105ca w\u0142a\u015bcicielem i operatorem tych stron internetowych, priorytetowo traktuje prywatno\u015b\u0107 Twoich informacji.\",\"breadcrumb\":{\"@id\":\"https:\\\/\\\/www.bedfont.com\\\/pl\\\/powiadomienie-o-prywatnosci\\\/#breadcrumb\"},\"inLanguage\":\"pl-PL\",\"potentialAction\":[{\"@type\":\"ReadAction\",\"target\":[\"https:\\\/\\\/www.bedfont.com\\\/pl\\\/powiadomienie-o-prywatnosci\\\/\"]}]},{\"@type\":\"BreadcrumbList\",\"@id\":\"https:\\\/\\\/www.bedfont.com\\\/pl\\\/powiadomienie-o-prywatnosci\\\/#breadcrumb\",\"itemListElement\":[{\"@type\":\"ListItem\",\"position\":1,\"name\":\"Home\",\"item\":\"https:\\\/\\\/www.bedfont.com\\\/pl\\\/\"},{\"@type\":\"ListItem\",\"position\":2,\"name\":\"Powiadomienie o Prywatno\u015bci\"}]},{\"@type\":\"WebSite\",\"@id\":\"https:\\\/\\\/www.bedfont.com\\\/pl\\\/#website\",\"url\":\"https:\\\/\\\/www.bedfont.com\\\/pl\\\/\",\"name\":\"Bedfont Scientific Ltd.\",\"description\":\"World leaders in breath analysis.\",\"publisher\":{\"@id\":\"https:\\\/\\\/www.bedfont.com\\\/pl\\\/#organization\"},\"potentialAction\":[{\"@type\":\"SearchAction\",\"target\":{\"@type\":\"EntryPoint\",\"urlTemplate\":\"https:\\\/\\\/www.bedfont.com\\\/pl\\\/?s={search_term_string}\"},\"query-input\":{\"@type\":\"PropertyValueSpecification\",\"valueRequired\":true,\"valueName\":\"search_term_string\"}}],\"inLanguage\":\"pl-PL\"},{\"@type\":\"Organization\",\"@id\":\"https:\\\/\\\/www.bedfont.com\\\/pl\\\/#organization\",\"name\":\"Bedfont Scientific Ltd.\",\"url\":\"https:\\\/\\\/www.bedfont.com\\\/pl\\\/\",\"logo\":{\"@type\":\"ImageObject\",\"inLanguage\":\"pl-PL\",\"@id\":\"https:\\\/\\\/www.bedfont.com\\\/pl\\\/#\\\/schema\\\/logo\\\/image\\\/\",\"url\":\"https:\\\/\\\/www.bedfont.com\\\/wp-content\\\/uploads\\\/2023\\\/06\\\/logo.png\",\"contentUrl\":\"https:\\\/\\\/www.bedfont.com\\\/wp-content\\\/uploads\\\/2023\\\/06\\\/logo.png\",\"width\":1600,\"height\":505,\"caption\":\"Bedfont Scientific Ltd.\"},\"image\":{\"@id\":\"https:\\\/\\\/www.bedfont.com\\\/pl\\\/#\\\/schema\\\/logo\\\/image\\\/\"},\"sameAs\":[\"https:\\\/\\\/www.facebook.com\\\/Bedfontltd\\\/\",\"https:\\\/\\\/x.com\\\/BedfontLtd\",\"https:\\\/\\\/www.instagram.com\\\/bedfontltd\\\/\",\"https:\\\/\\\/www.linkedin.com\\\/company\\\/bedfont-scientific-ltd\\\/\",\"https:\\\/\\\/www.youtube.com\\\/user\\\/BedfontScientificLtd\"]}]}<\/script>\n<!-- \/ Yoast SEO plugin. -->","yoast_head_json":{"title":"Powiadomienie o Prywatno\u015bci - Bedfont Scientific Ltd.","description":"Niniejsze Powiadomienie o Prywatno\u015bci dotyczy Ciebie, U\u017cytkownika stron internetowych zarz\u0105dzanych przez Bedfont Scientific Ltd. Bedfont Scientific Ltd., firma b\u0119d\u0105ca w\u0142a\u015bcicielem i operatorem tych stron internetowych, priorytetowo traktuje prywatno\u015b\u0107 Twoich informacji.","robots":{"index":"index","follow":"follow","max-snippet":"max-snippet:-1","max-image-preview":"max-image-preview:large","max-video-preview":"max-video-preview:-1"},"canonical":"https:\/\/www.bedfont.com\/pl\/powiadomienie-o-prywatnosci\/","og_locale":"pl_PL","og_type":"article","og_title":"Powiadomienie o Prywatno\u015bci - Bedfont Scientific Ltd.","og_description":"Niniejsze Powiadomienie o Prywatno\u015bci dotyczy Ciebie, U\u017cytkownika stron internetowych zarz\u0105dzanych przez Bedfont Scientific Ltd. Bedfont Scientific Ltd., firma b\u0119d\u0105ca w\u0142a\u015bcicielem i operatorem tych stron internetowych, priorytetowo traktuje prywatno\u015b\u0107 Twoich informacji.","og_url":"https:\/\/www.bedfont.com\/pl\/powiadomienie-o-prywatnosci\/","og_site_name":"Bedfont Scientific Ltd.","article_publisher":"https:\/\/www.facebook.com\/Bedfontltd\/","article_modified_time":"2024-10-10T08:44:32+00:00","twitter_card":"summary_large_image","twitter_site":"@BedfontLtd","twitter_misc":{"Szacowany czas czytania":"4 minuty"},"schema":{"@context":"https:\/\/schema.org","@graph":[{"@type":"WebPage","@id":"https:\/\/www.bedfont.com\/pl\/powiadomienie-o-prywatnosci\/","url":"https:\/\/www.bedfont.com\/pl\/powiadomienie-o-prywatnosci\/","name":"Powiadomienie o Prywatno\u015bci - Bedfont Scientific Ltd.","isPartOf":{"@id":"https:\/\/www.bedfont.com\/pl\/#website"},"datePublished":"2023-04-06T08:13:17+00:00","dateModified":"2024-10-10T08:44:32+00:00","description":"Niniejsze Powiadomienie o Prywatno\u015bci dotyczy Ciebie, U\u017cytkownika stron internetowych zarz\u0105dzanych przez Bedfont Scientific Ltd. Bedfont Scientific Ltd., firma b\u0119d\u0105ca w\u0142a\u015bcicielem i operatorem tych stron internetowych, priorytetowo traktuje prywatno\u015b\u0107 Twoich informacji.","breadcrumb":{"@id":"https:\/\/www.bedfont.com\/pl\/powiadomienie-o-prywatnosci\/#breadcrumb"},"inLanguage":"pl-PL","potentialAction":[{"@type":"ReadAction","target":["https:\/\/www.bedfont.com\/pl\/powiadomienie-o-prywatnosci\/"]}]},{"@type":"BreadcrumbList","@id":"https:\/\/www.bedfont.com\/pl\/powiadomienie-o-prywatnosci\/#breadcrumb","itemListElement":[{"@type":"ListItem","position":1,"name":"Home","item":"https:\/\/www.bedfont.com\/pl\/"},{"@type":"ListItem","position":2,"name":"Powiadomienie o Prywatno\u015bci"}]},{"@type":"WebSite","@id":"https:\/\/www.bedfont.com\/pl\/#website","url":"https:\/\/www.bedfont.com\/pl\/","name":"Bedfont Scientific Ltd.","description":"World leaders in breath analysis.","publisher":{"@id":"https:\/\/www.bedfont.com\/pl\/#organization"},"potentialAction":[{"@type":"SearchAction","target":{"@type":"EntryPoint","urlTemplate":"https:\/\/www.bedfont.com\/pl\/?s={search_term_string}"},"query-input":{"@type":"PropertyValueSpecification","valueRequired":true,"valueName":"search_term_string"}}],"inLanguage":"pl-PL"},{"@type":"Organization","@id":"https:\/\/www.bedfont.com\/pl\/#organization","name":"Bedfont Scientific Ltd.","url":"https:\/\/www.bedfont.com\/pl\/","logo":{"@type":"ImageObject","inLanguage":"pl-PL","@id":"https:\/\/www.bedfont.com\/pl\/#\/schema\/logo\/image\/","url":"https:\/\/www.bedfont.com\/wp-content\/uploads\/2023\/06\/logo.png","contentUrl":"https:\/\/www.bedfont.com\/wp-content\/uploads\/2023\/06\/logo.png","width":1600,"height":505,"caption":"Bedfont Scientific Ltd."},"image":{"@id":"https:\/\/www.bedfont.com\/pl\/#\/schema\/logo\/image\/"},"sameAs":["https:\/\/www.facebook.com\/Bedfontltd\/","https:\/\/x.com\/BedfontLtd","https:\/\/www.instagram.com\/bedfontltd\/","https:\/\/www.linkedin.com\/company\/bedfont-scientific-ltd\/","https:\/\/www.youtube.com\/user\/BedfontScientificLtd"]}]}},"_links":{"self":[{"href":"https:\/\/www.bedfont.com\/pl\/wp-json\/wp\/v2\/pages\/3627","targetHints":{"allow":["GET"]}}],"collection":[{"href":"https:\/\/www.bedfont.com\/pl\/wp-json\/wp\/v2\/pages"}],"about":[{"href":"https:\/\/www.bedfont.com\/pl\/wp-json\/wp\/v2\/types\/page"}],"author":[{"embeddable":true,"href":"https:\/\/www.bedfont.com\/pl\/wp-json\/wp\/v2\/users\/6"}],"replies":[{"embeddable":true,"href":"https:\/\/www.bedfont.com\/pl\/wp-json\/wp\/v2\/comments?post=3627"}],"version-history":[{"count":2,"href":"https:\/\/www.bedfont.com\/pl\/wp-json\/wp\/v2\/pages\/3627\/revisions"}],"predecessor-version":[{"id":6708,"href":"https:\/\/www.bedfont.com\/pl\/wp-json\/wp\/v2\/pages\/3627\/revisions\/6708"}],"wp:attachment":[{"href":"https:\/\/www.bedfont.com\/pl\/wp-json\/wp\/v2\/media?parent=3627"}],"curies":[{"name":"wp","href":"https:\/\/api.w.org\/{rel}","templated":true}]}}