{"id":3611,"date":"2022-07-06T14:45:21","date_gmt":"2022-07-06T14:45:21","guid":{"rendered":"https:\/\/bedfont.theprogressteam.com\/nasza-postawa-ekologiczna\/"},"modified":"2024-10-08T07:37:41","modified_gmt":"2024-10-08T07:37:41","slug":"nasza-postawa-ekologiczna","status":"publish","type":"page","link":"https:\/\/www.bedfont.com\/pl\/nasza-postawa-ekologiczna\/","title":{"rendered":"Nasza Postawa Ekologiczna"},"content":{"rendered":"<section id=\"eco-section\">\n\t\t<img decoding=\"async\" src=\"https:\/\/www.bedfont.com\/wp-content\/uploads\/2024\/10\/eco-planet.png\" id=\"eco-planet\"\/>\n\t \t<div class=\"container\">\n\t\t\t<div class=\"row\">\n\t\t\t\t<div class=\"col-12 col-lg-7\">\n\t\t\t\t\t<h1 class=\"eco\">Postawa Eco Bedfont<sup>\u00ae<\/sup><\/h1>\n\t\t\t\t\t<p>Wsp\u00f3\u0142pracujemy z lokalnymi dostawcami i firmami, kt\u00f3re s\u0105 zaanga\u017cowane w zr\u00f3wnowa\u017cony rozw\u00f3j, oraz wykorzystujemy materia\u0142y z recyklingu w naszych produktach, gdzie tylko jest to mo\u017cliwe. U\u017cywamy ekologicznych opakowa\u0144, odnawialnych \u017ar\u00f3de\u0142 energii i ograniczamy nasz\u0105 produkcj\u0119 odpad\u00f3w, gdzie tylko si\u0119 da. <\/p>\n<h2 class=\"eco\"><span class=\"green-text\">Co Robimy <\/span><\/h2>\n<p>Zawsze byli\u015bmy \u015bwiadomi naszego \u015bladu w\u0119glowego, a teraz, bardziej ni\u017c kiedykolwiek, szukamy sposob\u00f3w na zmniejszenie negatywnego wp\u0142ywu na \u015brodowisko.<\/p>\n<p>Wsp\u00f3\u0142pracujemy z lokalnymi dostawcami i firmami, kt\u00f3re s\u0105 zaanga\u017cowane w zr\u00f3wnowa\u017cony rozw\u00f3j, oraz u\u017cywamy materia\u0142\u00f3w z recyklingu w wi\u0119kszo\u015bci naszych produkt\u00f3w. Korzystamy z ekologicznych opakowa\u0144, odnawialnych \u017ar\u00f3de\u0142 energii i ograniczamy nasz\u0105 produkcj\u0119 odpad\u00f3w, gdzie tylko si\u0119 da. Wierzymy, \u017ce nie ma znaczenia, jak ma\u0142y wk\u0142ad wniesiesz w kierunku zielonego stylu \u017cycia \u2014 ka\u017cda drobna zmiana ma znaczenie!  <\/p>\n\n                    \n\t\t\t\t<\/div>\n\t\t\t<\/div>\n\t\t<\/div>\n\t<\/section><section class=\"text-section text-left\" style=\"--color: var(--green)\">\n\t<div class=\"container\">\n\t<h2 class=\"text-center\"><\/h2>\n\t\t\t\t<div class=\"row\">\n<div class=\"col-12 my-4\">\n<h2 class=\"eco\">Nasza #EkoRezolucja<\/h2>\n<p>Z dum\u0105 og\u0142aszamy nasz\u0105 #EkoRezolucj\u0119, aby do 2025 roku uczyni\u0107 wszystkie nasze materia\u0142y eksploatacyjne przyjaznymi dla \u015brodowiska. Obejmuje to nie tylko zmian\u0119 materia\u0142\u00f3w, z kt\u00f3rych wykonane s\u0105 nasze produkty, ale r\u00f3wnie\u017c zmiany w ca\u0142ym cyklu produkcyjnym w celu zmniejszenia naszego wp\u0142ywu na klimat, w tym pozyskiwanie nowych ekologicznych materia\u0142\u00f3w z zr\u00f3wnowa\u017conych \u017ar\u00f3de\u0142. <\/p>\n<\/div>\n<div class=\"col-12 col-lg-10 my-auto\">\n<h2 class=\"eco\" id=\"eco\">Nasi Eko-Wojownicy<\/h2>\n<p class=\"mb-0\">W ramach naszej #EkoRezolucji, aby by\u0107 bardziej przyjaznym dla \u015brodowiska, powo\u0142ali\u015bmy dedykowanych Eko-Wojownik\u00f3w, kt\u00f3rzy b\u0119d\u0105 wspiera\u0107 innowacje wewn\u0119trzne w firmie w celu zmniejszenia naszego \u015bladu w\u0119glowego, a tak\u017ce podnosi\u0107 \u015bwiadomo\u015b\u0107 na temat nawet najmniejszych zmian, kt\u00f3re mog\u0105 znacz\u0105co wp\u0142yn\u0105\u0107 na nasz \u015blad w\u0119glowy.<\/p>\n<\/div>\n<div class=\"col-12 col-lg-2 my-auto\">\n\t\t\t\t\t<img decoding=\"async\" src=\"https:\/\/www.bedfont.com\/wp-content\/themes\/bedfont\/assets\/img\/eco-warrior-logo.png\" class=\"img-fluid mx-auto d-none d-lg-block eco-warrior-logo\" alt=\"Logo Eko Wojownik\"\/>\n\t\t\t\t<\/div>\n<\/div>\n\n\t<\/div>\n<\/section>","protected":false},"excerpt":{"rendered":"<p>Postawa Eco Bedfont\u00ae Wsp\u00f3\u0142pracujemy z lokalnymi dostawcami i firmami, kt\u00f3re s\u0105 zaanga\u017cowane w zr\u00f3wnowa\u017cony rozw\u00f3j, oraz wykorzystujemy materia\u0142y z recyklingu w naszych produktach, gdzie tylko jest to mo\u017cliwe. U\u017cywamy ekologicznych opakowa\u0144, odnawialnych \u017ar\u00f3de\u0142 energii i ograniczamy nasz\u0105 produkcj\u0119 odpad\u00f3w, gdzie tylko si\u0119 da. Co Robimy Zawsze byli\u015bmy \u015bwiadomi naszego \u015bladu w\u0119glowego, a teraz, bardziej ni\u017c [&hellip;]<\/p>\n","protected":false},"author":6,"featured_media":0,"parent":0,"menu_order":0,"comment_status":"closed","ping_status":"closed","template":"templates\/page-modules.php","meta":{"_acf_changed":false,"footnotes":""},"class_list":["post-3611","page","type-page","status-publish","hentry"],"acf":[],"yoast_head":"<!-- This site is optimized with the Yoast SEO plugin v27.4 - https:\/\/yoast.com\/product\/yoast-seo-wordpress\/ -->\n<title>Nasza Postawa Ekologiczna - Bedfont Scientific Ltd.<\/title>\n<meta name=\"description\" content=\"Wsp\u00f3\u0142pracujemy z lokalnymi dostawcami i firmami, kt\u00f3re s\u0105 zaanga\u017cowane w zr\u00f3wnowa\u017cony rozw\u00f3j, oraz wykorzystujemy materia\u0142y z recyklingu w naszych produktach, gdzie tylko jest to mo\u017cliwe.\" \/>\n<meta name=\"robots\" content=\"index, follow, max-snippet:-1, max-image-preview:large, max-video-preview:-1\" \/>\n<link rel=\"canonical\" href=\"https:\/\/www.bedfont.com\/pl\/nasza-postawa-ekologiczna\/\" \/>\n<meta property=\"og:locale\" content=\"pl_PL\" \/>\n<meta property=\"og:type\" content=\"article\" \/>\n<meta property=\"og:title\" content=\"Nasza Postawa Ekologiczna - Bedfont Scientific Ltd.\" \/>\n<meta property=\"og:description\" content=\"Wsp\u00f3\u0142pracujemy z lokalnymi dostawcami i firmami, kt\u00f3re s\u0105 zaanga\u017cowane w zr\u00f3wnowa\u017cony rozw\u00f3j, oraz wykorzystujemy materia\u0142y z recyklingu w naszych produktach, gdzie tylko jest to mo\u017cliwe.\" \/>\n<meta property=\"og:url\" content=\"https:\/\/www.bedfont.com\/pl\/nasza-postawa-ekologiczna\/\" \/>\n<meta property=\"og:site_name\" content=\"Bedfont Scientific Ltd.\" \/>\n<meta property=\"article:publisher\" content=\"https:\/\/www.facebook.com\/Bedfontltd\/\" \/>\n<meta property=\"article:modified_time\" content=\"2024-10-08T07:37:41+00:00\" \/>\n<meta property=\"og:image\" content=\"https:\/\/www.bedfont.com\/wp-content\/uploads\/2024\/10\/eco-planet.png\" \/>\n<meta name=\"twitter:card\" content=\"summary_large_image\" \/>\n<meta name=\"twitter:site\" content=\"@BedfontLtd\" \/>\n<meta name=\"twitter:label1\" content=\"Szacowany czas czytania\" \/>\n\t<meta name=\"twitter:data1\" content=\"2 minuty\" \/>\n<script type=\"application\/ld+json\" class=\"yoast-schema-graph\">{\"@context\":\"https:\\\/\\\/schema.org\",\"@graph\":[{\"@type\":\"WebPage\",\"@id\":\"https:\\\/\\\/www.bedfont.com\\\/pl\\\/nasza-postawa-ekologiczna\\\/\",\"url\":\"https:\\\/\\\/www.bedfont.com\\\/pl\\\/nasza-postawa-ekologiczna\\\/\",\"name\":\"Nasza Postawa Ekologiczna - Bedfont Scientific Ltd.\",\"isPartOf\":{\"@id\":\"https:\\\/\\\/www.bedfont.com\\\/pl\\\/#website\"},\"primaryImageOfPage\":{\"@id\":\"https:\\\/\\\/www.bedfont.com\\\/pl\\\/nasza-postawa-ekologiczna\\\/#primaryimage\"},\"image\":{\"@id\":\"https:\\\/\\\/www.bedfont.com\\\/pl\\\/nasza-postawa-ekologiczna\\\/#primaryimage\"},\"thumbnailUrl\":\"https:\\\/\\\/www.bedfont.com\\\/wp-content\\\/uploads\\\/2024\\\/10\\\/eco-planet.png\",\"datePublished\":\"2022-07-06T14:45:21+00:00\",\"dateModified\":\"2024-10-08T07:37:41+00:00\",\"description\":\"Wsp\u00f3\u0142pracujemy z lokalnymi dostawcami i firmami, kt\u00f3re s\u0105 zaanga\u017cowane w zr\u00f3wnowa\u017cony rozw\u00f3j, oraz wykorzystujemy materia\u0142y z recyklingu w naszych produktach, gdzie tylko jest to mo\u017cliwe.\",\"breadcrumb\":{\"@id\":\"https:\\\/\\\/www.bedfont.com\\\/pl\\\/nasza-postawa-ekologiczna\\\/#breadcrumb\"},\"inLanguage\":\"pl-PL\",\"potentialAction\":[{\"@type\":\"ReadAction\",\"target\":[\"https:\\\/\\\/www.bedfont.com\\\/pl\\\/nasza-postawa-ekologiczna\\\/\"]}]},{\"@type\":\"ImageObject\",\"inLanguage\":\"pl-PL\",\"@id\":\"https:\\\/\\\/www.bedfont.com\\\/pl\\\/nasza-postawa-ekologiczna\\\/#primaryimage\",\"url\":\"https:\\\/\\\/www.bedfont.com\\\/wp-content\\\/uploads\\\/2024\\\/10\\\/eco-planet.png\",\"contentUrl\":\"https:\\\/\\\/www.bedfont.com\\\/wp-content\\\/uploads\\\/2024\\\/10\\\/eco-planet.png\"},{\"@type\":\"BreadcrumbList\",\"@id\":\"https:\\\/\\\/www.bedfont.com\\\/pl\\\/nasza-postawa-ekologiczna\\\/#breadcrumb\",\"itemListElement\":[{\"@type\":\"ListItem\",\"position\":1,\"name\":\"Home\",\"item\":\"https:\\\/\\\/www.bedfont.com\\\/pl\\\/\"},{\"@type\":\"ListItem\",\"position\":2,\"name\":\"Nasza Postawa Ekologiczna\"}]},{\"@type\":\"WebSite\",\"@id\":\"https:\\\/\\\/www.bedfont.com\\\/pl\\\/#website\",\"url\":\"https:\\\/\\\/www.bedfont.com\\\/pl\\\/\",\"name\":\"Bedfont Scientific Ltd.\",\"description\":\"World leaders in breath analysis.\",\"publisher\":{\"@id\":\"https:\\\/\\\/www.bedfont.com\\\/pl\\\/#organization\"},\"potentialAction\":[{\"@type\":\"SearchAction\",\"target\":{\"@type\":\"EntryPoint\",\"urlTemplate\":\"https:\\\/\\\/www.bedfont.com\\\/pl\\\/?s={search_term_string}\"},\"query-input\":{\"@type\":\"PropertyValueSpecification\",\"valueRequired\":true,\"valueName\":\"search_term_string\"}}],\"inLanguage\":\"pl-PL\"},{\"@type\":\"Organization\",\"@id\":\"https:\\\/\\\/www.bedfont.com\\\/pl\\\/#organization\",\"name\":\"Bedfont Scientific Ltd.\",\"url\":\"https:\\\/\\\/www.bedfont.com\\\/pl\\\/\",\"logo\":{\"@type\":\"ImageObject\",\"inLanguage\":\"pl-PL\",\"@id\":\"https:\\\/\\\/www.bedfont.com\\\/pl\\\/#\\\/schema\\\/logo\\\/image\\\/\",\"url\":\"https:\\\/\\\/www.bedfont.com\\\/wp-content\\\/uploads\\\/2023\\\/06\\\/logo.png\",\"contentUrl\":\"https:\\\/\\\/www.bedfont.com\\\/wp-content\\\/uploads\\\/2023\\\/06\\\/logo.png\",\"width\":1600,\"height\":505,\"caption\":\"Bedfont Scientific Ltd.\"},\"image\":{\"@id\":\"https:\\\/\\\/www.bedfont.com\\\/pl\\\/#\\\/schema\\\/logo\\\/image\\\/\"},\"sameAs\":[\"https:\\\/\\\/www.facebook.com\\\/Bedfontltd\\\/\",\"https:\\\/\\\/x.com\\\/BedfontLtd\",\"https:\\\/\\\/www.instagram.com\\\/bedfontltd\\\/\",\"https:\\\/\\\/www.linkedin.com\\\/company\\\/bedfont-scientific-ltd\\\/\",\"https:\\\/\\\/www.youtube.com\\\/user\\\/BedfontScientificLtd\"]}]}<\/script>\n<!-- \/ Yoast SEO plugin. -->","yoast_head_json":{"title":"Nasza Postawa Ekologiczna - Bedfont Scientific Ltd.","description":"Wsp\u00f3\u0142pracujemy z lokalnymi dostawcami i firmami, kt\u00f3re s\u0105 zaanga\u017cowane w zr\u00f3wnowa\u017cony rozw\u00f3j, oraz wykorzystujemy materia\u0142y z recyklingu w naszych produktach, gdzie tylko jest to mo\u017cliwe.","robots":{"index":"index","follow":"follow","max-snippet":"max-snippet:-1","max-image-preview":"max-image-preview:large","max-video-preview":"max-video-preview:-1"},"canonical":"https:\/\/www.bedfont.com\/pl\/nasza-postawa-ekologiczna\/","og_locale":"pl_PL","og_type":"article","og_title":"Nasza Postawa Ekologiczna - Bedfont Scientific Ltd.","og_description":"Wsp\u00f3\u0142pracujemy z lokalnymi dostawcami i firmami, kt\u00f3re s\u0105 zaanga\u017cowane w zr\u00f3wnowa\u017cony rozw\u00f3j, oraz wykorzystujemy materia\u0142y z recyklingu w naszych produktach, gdzie tylko jest to mo\u017cliwe.","og_url":"https:\/\/www.bedfont.com\/pl\/nasza-postawa-ekologiczna\/","og_site_name":"Bedfont Scientific Ltd.","article_publisher":"https:\/\/www.facebook.com\/Bedfontltd\/","article_modified_time":"2024-10-08T07:37:41+00:00","og_image":[{"url":"https:\/\/www.bedfont.com\/wp-content\/uploads\/2024\/10\/eco-planet.png","type":"","width":"","height":""}],"twitter_card":"summary_large_image","twitter_site":"@BedfontLtd","twitter_misc":{"Szacowany czas czytania":"2 minuty"},"schema":{"@context":"https:\/\/schema.org","@graph":[{"@type":"WebPage","@id":"https:\/\/www.bedfont.com\/pl\/nasza-postawa-ekologiczna\/","url":"https:\/\/www.bedfont.com\/pl\/nasza-postawa-ekologiczna\/","name":"Nasza Postawa Ekologiczna - Bedfont Scientific Ltd.","isPartOf":{"@id":"https:\/\/www.bedfont.com\/pl\/#website"},"primaryImageOfPage":{"@id":"https:\/\/www.bedfont.com\/pl\/nasza-postawa-ekologiczna\/#primaryimage"},"image":{"@id":"https:\/\/www.bedfont.com\/pl\/nasza-postawa-ekologiczna\/#primaryimage"},"thumbnailUrl":"https:\/\/www.bedfont.com\/wp-content\/uploads\/2024\/10\/eco-planet.png","datePublished":"2022-07-06T14:45:21+00:00","dateModified":"2024-10-08T07:37:41+00:00","description":"Wsp\u00f3\u0142pracujemy z lokalnymi dostawcami i firmami, kt\u00f3re s\u0105 zaanga\u017cowane w zr\u00f3wnowa\u017cony rozw\u00f3j, oraz wykorzystujemy materia\u0142y z recyklingu w naszych produktach, gdzie tylko jest to mo\u017cliwe.","breadcrumb":{"@id":"https:\/\/www.bedfont.com\/pl\/nasza-postawa-ekologiczna\/#breadcrumb"},"inLanguage":"pl-PL","potentialAction":[{"@type":"ReadAction","target":["https:\/\/www.bedfont.com\/pl\/nasza-postawa-ekologiczna\/"]}]},{"@type":"ImageObject","inLanguage":"pl-PL","@id":"https:\/\/www.bedfont.com\/pl\/nasza-postawa-ekologiczna\/#primaryimage","url":"https:\/\/www.bedfont.com\/wp-content\/uploads\/2024\/10\/eco-planet.png","contentUrl":"https:\/\/www.bedfont.com\/wp-content\/uploads\/2024\/10\/eco-planet.png"},{"@type":"BreadcrumbList","@id":"https:\/\/www.bedfont.com\/pl\/nasza-postawa-ekologiczna\/#breadcrumb","itemListElement":[{"@type":"ListItem","position":1,"name":"Home","item":"https:\/\/www.bedfont.com\/pl\/"},{"@type":"ListItem","position":2,"name":"Nasza Postawa Ekologiczna"}]},{"@type":"WebSite","@id":"https:\/\/www.bedfont.com\/pl\/#website","url":"https:\/\/www.bedfont.com\/pl\/","name":"Bedfont Scientific Ltd.","description":"World leaders in breath analysis.","publisher":{"@id":"https:\/\/www.bedfont.com\/pl\/#organization"},"potentialAction":[{"@type":"SearchAction","target":{"@type":"EntryPoint","urlTemplate":"https:\/\/www.bedfont.com\/pl\/?s={search_term_string}"},"query-input":{"@type":"PropertyValueSpecification","valueRequired":true,"valueName":"search_term_string"}}],"inLanguage":"pl-PL"},{"@type":"Organization","@id":"https:\/\/www.bedfont.com\/pl\/#organization","name":"Bedfont Scientific Ltd.","url":"https:\/\/www.bedfont.com\/pl\/","logo":{"@type":"ImageObject","inLanguage":"pl-PL","@id":"https:\/\/www.bedfont.com\/pl\/#\/schema\/logo\/image\/","url":"https:\/\/www.bedfont.com\/wp-content\/uploads\/2023\/06\/logo.png","contentUrl":"https:\/\/www.bedfont.com\/wp-content\/uploads\/2023\/06\/logo.png","width":1600,"height":505,"caption":"Bedfont Scientific Ltd."},"image":{"@id":"https:\/\/www.bedfont.com\/pl\/#\/schema\/logo\/image\/"},"sameAs":["https:\/\/www.facebook.com\/Bedfontltd\/","https:\/\/x.com\/BedfontLtd","https:\/\/www.instagram.com\/bedfontltd\/","https:\/\/www.linkedin.com\/company\/bedfont-scientific-ltd\/","https:\/\/www.youtube.com\/user\/BedfontScientificLtd"]}]}},"_links":{"self":[{"href":"https:\/\/www.bedfont.com\/pl\/wp-json\/wp\/v2\/pages\/3611","targetHints":{"allow":["GET"]}}],"collection":[{"href":"https:\/\/www.bedfont.com\/pl\/wp-json\/wp\/v2\/pages"}],"about":[{"href":"https:\/\/www.bedfont.com\/pl\/wp-json\/wp\/v2\/types\/page"}],"author":[{"embeddable":true,"href":"https:\/\/www.bedfont.com\/pl\/wp-json\/wp\/v2\/users\/6"}],"replies":[{"embeddable":true,"href":"https:\/\/www.bedfont.com\/pl\/wp-json\/wp\/v2\/comments?post=3611"}],"version-history":[{"count":4,"href":"https:\/\/www.bedfont.com\/pl\/wp-json\/wp\/v2\/pages\/3611\/revisions"}],"predecessor-version":[{"id":6310,"href":"https:\/\/www.bedfont.com\/pl\/wp-json\/wp\/v2\/pages\/3611\/revisions\/6310"}],"wp:attachment":[{"href":"https:\/\/www.bedfont.com\/pl\/wp-json\/wp\/v2\/media?parent=3611"}],"curies":[{"name":"wp","href":"https:\/\/api.w.org\/{rel}","templated":true}]}}