{"id":3579,"date":"2024-01-04T16:18:29","date_gmt":"2024-01-04T16:18:29","guid":{"rendered":"https:\/\/bedfont.theprogressteam.com\/smokerlyzer\/"},"modified":"2024-10-18T05:53:29","modified_gmt":"2024-10-18T05:53:29","slug":"smokerlyzer","status":"publish","type":"page","link":"https:\/\/www.bedfont.com\/pl\/products\/smokerlyzer\/","title":{"rendered":"Smokerlyzer"},"content":{"rendered":"<section class=\"hero-style-4 p-0 position-relative \" id=\"module-950-hero-0\">\n\t\t<div class=\"container-fluid overlay-img-holder\">\n\t\t\t<img width=\"1998\" height=\"544\" src=\"https:\/\/www.bedfont.com\/wp-content\/uploads\/2024\/10\/smokerlyzer-product-page.jpg\" class=\"w-100\" alt=\"\" decoding=\"async\" loading=\"lazy\" srcset=\"https:\/\/www.bedfont.com\/wp-content\/uploads\/2024\/10\/smokerlyzer-product-page.jpg 1998w, https:\/\/www.bedfont.com\/wp-content\/uploads\/2024\/10\/smokerlyzer-product-page-300x82.jpg 300w, https:\/\/www.bedfont.com\/wp-content\/uploads\/2024\/10\/smokerlyzer-product-page-1024x279.jpg 1024w, https:\/\/www.bedfont.com\/wp-content\/uploads\/2024\/10\/smokerlyzer-product-page-768x209.jpg 768w, https:\/\/www.bedfont.com\/wp-content\/uploads\/2024\/10\/smokerlyzer-product-page-1536x418.jpg 1536w\" sizes=\"auto, (max-width: 1998px) 100vw, 1998px\"\/>\n\t\t\t<div class=\"overlay\">\n\t\t\t\t<div class=\"col-12 col-md-8 mx-auto\">\n\t\t\t\t\t<h1>Smokerlyzer<sup>\u00ae<\/sup><\/h1>\n\t\t\t\t\t<p>Produkty z serii Smokerlyzer to urz\u0105dzenia do pomiaru tlenku w\u0119gla (CO) w wydychanym powietrzu, wspomagaj\u0105ce rzucanie palenia. Urz\u0105dzenia mierz\u0105 ilo\u015b\u0107 CO w wydychanym powietrzu palacza. Dla profesjonalist\u00f3w jest to spos\u00f3b na biochemiczne ustalenie statusu palenia osoby, a dla samych palaczy Smokerlyzer jest motywacyjnym narz\u0119dziem wizualnym, kt\u00f3re zach\u0119ca ich do rzucenia palenia i mierzenia post\u0119p\u00f3w w trakcie tego procesu.  <\/p>\n\n\t\t\t\t<\/div>\n\t\t\t<\/div>\n\t\t<\/div>\n\t<\/section><section class=\"two-column-style-5 two-column-style-7 bg-gradient-blue \" id=\"module-950-two_column_image_text-1\">\n\t \t<div class=\"container\">\n\t\t\t<div class=\"row flex-row-reverse\">\n\t\t\t\t\t<div class=\"col-12 col-lg-7 my-auto\">\n                    <div class=\"box\">\n\t\t\t\t\t<h2 class=\"text-left\">PiCO<sup>\u2122<\/sup><\/h2>\n\t\t\t\t<p>PiCO <sup>\u2122<\/sup> to urz\u0105dzenie do wdychania dwutlenku w\u0119gla, kt\u00f3re pomaga ludziom rzuci\u0107 palenie.<\/p>\n\n\t\t\t\t\t\n\t\t\t\t<\/div>\n\n                <div class=\"row\"><div class=\"col-12 col-lg-4 mt-3\"><div class=\"box h-100 text-center\"><h3>Natychmiastowe Wyniki<\/h3><p>Urz\u0105dzenie zapewnia natychmiastowe wyniki pomiaru wyra\u017cone w dok\u0142adnych ppm i %COHb.<\/p>\n<\/div><\/div><div class=\"col-12 col-lg-4 mt-3\"><div class=\"box h-100 text-center\"><h3>5-letnia Gwarancja<\/h3><p>Urz\u0105dzenie PiCO<sup>\u2122<\/sup> obj\u0119te jest pi\u0119cioletni\u0105 gwarancj\u0105, co zapewnia pe\u0142en spok\u00f3j ducha.<\/p>\n<\/div><\/div><div class=\"col-12 col-lg-4 mt-3\"><div class=\"box h-100 text-center\"><h3>Technologia Antybakteryjna<\/h3><p>Technologia antybakteryjna zapewniaj\u0105ca optymaln\u0105 kontrol\u0119 infekcji.<\/p>\n<\/div><\/div><div class=\"col-12 col-lg-4 mt-3\"><div class=\"box h-100 text-center\"><h3>Oprogramowanie COdata<sup>+\u2122 <\/sup><\/h3><p>PiCO jest dostarczany z darmowym oprogramowaniem do zarz\u0105dzania pacjentami, kt\u00f3re zapewnia natychmiastowy raport z wynik\u00f3w pacjenta.<\/p>\n<\/div><\/div><div class=\"col-12 col-lg-4 mt-3\"><div class=\"box h-100 text-center\"><h3>System Sygnalizacji \u015awietlnej<\/h3><p>Zapewnia znany system sygnalizacji \u015bwietlnej w kolorach zielonym, \u017c\u00f3\u0142tym i czerwonym, dzi\u0119ki czemu poziomy CO s\u0105 natychmiast rozpoznawalne dla pacjent\u00f3w.<\/p>\n<\/div><\/div><div class=\"col-12 col-lg-4 mt-3\"><div class=\"box h-100 text-center\"><h3>Kontrola Infekcji<\/h3><p>Zintegrowany filtr D-Piece<sup>\u2122<\/sup> jest u\u017cywany do filtrowania ponad 99% bakterii przenoszonych drog\u0105 powietrzn\u0105 i ponad 97% wirus\u00f3w, zapewniaj\u0105c niskokosztow\u0105 kontrol\u0119 infekcji.<\/p>\n<\/div><\/div><\/div>\n\n\t\t\t\t<\/div>\n\t\t\t\t<div class=\"col-1\"><\/div>\n\t\t\t\n                <div class=\"col-12 col-lg-4\">\n\t\t\t\t\t<img width=\"647\" height=\"1159\" src=\"https:\/\/www.bedfont.com\/wp-content\/uploads\/2024\/10\/pico.png\" class=\"img-fluid w-75 mx-auto d-block\" alt=\"\" decoding=\"async\" loading=\"lazy\" srcset=\"https:\/\/www.bedfont.com\/wp-content\/uploads\/2024\/10\/pico.png 647w, https:\/\/www.bedfont.com\/wp-content\/uploads\/2024\/10\/pico-167x300.png 167w, https:\/\/www.bedfont.com\/wp-content\/uploads\/2024\/10\/pico-572x1024.png 572w\" sizes=\"auto, (max-width: 647px) 100vw, 647px\"\/>\n\t\t\t\t<\/div>\n\t\t\t<\/div>\n\t\t<\/div>\n\t<\/section><section class=\"two-column-style-5 two-column-style-7 bg-gradient-dark-blue \" id=\"module-950-two_column_image_text-2\">\n\t \t<div class=\"container\">\n\t\t\t<div class=\"row flex-row-reverse\">\n\t\t\t\t\t<div class=\"col-12 col-lg-7 my-auto\">\n                    <div class=\"box\">\n\t\t\t\t\t<h2 class=\"text-left\">Micro<sup>+\u2122<\/sup><\/h2>\n\t\t\t\t<p>Micro <sup>+\u2122<\/sup> to urz\u0105dzenie do pomiaru st\u0119\u017cenia CO2 w oddechu i %COHb %FCOHb u p\u0142odu, kt\u00f3re pomaga ludziom rzuci\u0107 palenie.<\/p>\n\n\t\t\t\t\t\n\t\t\t\t<\/div>\n\n                <div class=\"row\"><div class=\"col-12 col-lg-4 mt-3\"><div class=\"box h-100 text-center\"><h3>Natychmiastowe Wyniki<\/h3><p>Urz\u0105dzenie zapewnia natychmiastowe wyniki wy\u015bwietlane w dok\u0142adnych ppm, %COHb i %FCOHb.<\/p>\n<\/div><\/div><div class=\"col-12 col-lg-4 mt-3\"><div class=\"box h-100 text-center\"><h3>5-letnia Gwarancja<\/h3><p>Urz\u0105dzenie Micro <sup>+\u2122<\/sup> obj\u0119te jest pi\u0119cioletni\u0105 gwarancj\u0105, co daje Ci absolutny spok\u00f3j ducha.<\/p>\n<\/div><\/div><div class=\"col-12 col-lg-4 mt-3\"><div class=\"box h-100 text-center\"><h3>Technologia Antybakteryjna<\/h3><p>Technologia antybakteryjna zapewniaj\u0105ca optymaln\u0105 kontrol\u0119 infekcji.<\/p>\n<\/div><\/div><div class=\"col-12 col-lg-4 mt-3\"><div class=\"box h-100 text-center\"><h3>Oprogramowanie COdata<sup>+\u2122 <\/sup><\/h3><p>Bezp\u0142atne oprogramowanie do zarz\u0105dzania pacjentami z Micro+, kt\u00f3re zapewnia natychmiastowy raport z wynikami pacjenta.<\/p>\n<\/div><\/div><div class=\"col-12 col-lg-4 mt-3\"><div class=\"box h-100 text-center\"><h3>System Sygnalizacji \u015awietlnej<\/h3><p>Zapewnia znany system sygnalizacji \u015bwietlnej w kolorach zielonym, \u017c\u00f3\u0142tym i czerwonym, dzi\u0119ki czemu poziomy CO s\u0105 natychmiast rozpoznawalne dla pacjent\u00f3w.<\/p>\n<\/div><\/div><div class=\"col-12 col-lg-4 mt-3\"><div class=\"box h-100 text-center\"><h3>Kontrola Infekcji<\/h3><p>Zintegrowany filtr D-Piece<sup>\u2122<\/sup> jest u\u017cywany do filtrowania ponad 99% bakterii przenoszonych drog\u0105 powietrzn\u0105 i ponad 97% wirus\u00f3w, zapewniaj\u0105c niskokosztow\u0105 kontrol\u0119 infekcji.<\/p>\n<\/div><\/div><\/div>\n\n\t\t\t\t<\/div>\n\t\t\t\t<div class=\"col-1\"><\/div>\n\t\t\t\n                <div class=\"col-12 col-lg-4\">\n\t\t\t\t\t<img width=\"647\" height=\"1159\" src=\"https:\/\/www.bedfont.com\/wp-content\/uploads\/2024\/10\/micro.png\" class=\"img-fluid w-75 mx-auto d-block\" alt=\"\" decoding=\"async\" loading=\"lazy\" srcset=\"https:\/\/www.bedfont.com\/wp-content\/uploads\/2024\/10\/micro.png 647w, https:\/\/www.bedfont.com\/wp-content\/uploads\/2024\/10\/micro-167x300.png 167w, https:\/\/www.bedfont.com\/wp-content\/uploads\/2024\/10\/micro-572x1024.png 572w\" sizes=\"auto, (max-width: 647px) 100vw, 647px\"\/>\n\t\t\t\t<\/div>\n\t\t\t<\/div>\n\t\t<\/div>\n\t<\/section><section class=\"two-column-style-5 two-column-style-6 bg-gradient-blue \" id=\"module-950-two_column_image_text-3\">\n\t \t<div class=\"container\">\n\t\t\t<div class=\"row flex-row-reverse\">\n\t\t\t\t\t<div class=\"col-12 col-lg-7 my-auto\">\n                    <div class=\"box\">\n\t\t\t\t\t<h2 class=\"text-left\">iCOquit<sup>\u00ae<\/sup><\/h2>\n\t\t\t\t<p>Twoje osobiste urz\u0105dzenie do pomiaru CO, kt\u00f3re pomaga rzuci\u0107 palenie, z ka\u017cdym oddechem.<\/p>\n<p>iCOquit mierzy tlenek w\u0119gla (CO) w Twoim oddechu i wy\u015bwietla wyniki w aplikacji, aby zapewni\u0107 wizualn\u0105 motywacj\u0119 do rzucenia palenia.<\/p>\n<p>Aplikacja iCOquit wsp\u00f3\u0142pracuje z urz\u0105dzeniem iCOquit, aby zapewni\u0107 wizualn\u0105 motywacj\u0119 do rzucenia palenia oraz \u015bledzi\u0107 post\u0119py w czasie rzeczywistym.<\/p>\n\n\t\t\t\t\t<div class='button-box button-blue button-box-shadow'><a class='btn ' href='https:\/\/www.icoquit.com\/' target=\"_blank\">Visit Website<i class='fa fa-arrow-right ms-1' aria-hidden='true'><\/i><\/a><\/div>\n\t\t\t\t<\/div>\n\t\t\t\t<\/div>\n\t\t\t\t<div class=\"col-1\"><\/div>\n\t\t\t\n                <div class=\"col-12 col-lg-4\">\n\t\t\t\t\t<img width=\"647\" height=\"1159\" src=\"https:\/\/www.bedfont.com\/wp-content\/uploads\/2024\/10\/icoquit.png\" class=\"img-fluid w-75 mx-auto d-block\" alt=\"\" decoding=\"async\" loading=\"lazy\" srcset=\"https:\/\/www.bedfont.com\/wp-content\/uploads\/2024\/10\/icoquit.png 647w, https:\/\/www.bedfont.com\/wp-content\/uploads\/2024\/10\/icoquit-167x300.png 167w, https:\/\/www.bedfont.com\/wp-content\/uploads\/2024\/10\/icoquit-572x1024.png 572w\" sizes=\"auto, (max-width: 647px) 100vw, 647px\"\/>\n\t\t\t\t<\/div>\n\t\t\t<\/div>\n\t\t<\/div>\n\t<\/section><section class=\"two-column-style-5 two-column-style-7 bg-gradient-purple pico-baby-bg\" id=\"module-950-two_column_image_text-4\">\n\t \t<div class=\"container\">\n\t\t\t<div class=\"row flex-row-reverse\">\n\t\t\t\t\t<div class=\"col-12 col-lg-7 my-auto\">\n                    <div class=\"box\">\n\t\t\t\t\t<h2 class=\"text-left\">PiCO<sup>baby\u2122<\/sup><\/h2>\n\t\t\t\t<p>PiCO<sup>baby\u2122<\/sup> to urz\u0105dzenie do pomiaru CO w wydychanym powietrzu dla kobiet w ci\u0105\u017cy, pomagaj\u0105ce im rzuci\u0107 palenie.<\/p>\n\n\t\t\t\t\t\n\t\t\t\t<\/div>\n\n                <div class=\"row\"><div class=\"col-12 col-lg-4 mt-3\"><div class=\"box h-100 text-center\"><h3>Natychmiastowe Wyniki<\/h3><p>The device provides instant results shown in exact ppm, %COHb and %FCOHb.<\/p>\n<\/div><\/div><div class=\"col-12 col-lg-4 mt-3\"><div class=\"box h-100 text-center\"><h3>5-letnia Gwarancja<\/h3><p>Urz\u0105dzenie PiCO<sup>baby\u2122<\/sup> obj\u0119te jest pi\u0119cioletni\u0105 gwarancj\u0105, co zapewnia pe\u0142en spok\u00f3j ducha.<\/p>\n<\/div><\/div><div class=\"col-12 col-lg-4 mt-3\"><div class=\"box h-100 text-center\"><h3>Technologia Antybakteryjna<\/h3><p>Technologia antybakteryjna zapewniaj\u0105ca optymaln\u0105 kontrol\u0119 infekcji.<\/p>\n<\/div><\/div><div class=\"col-12 col-lg-4 mt-3\"><div class=\"box h-100 text-center\"><h3>Cenne Narz\u0119dzie<\/h3><p>The piCO<sup>baby\u2122<\/sup> is a valuable tool for pregnant smokers to visualise the effects that smoking is having on them and their child.<\/p>\n<\/div><\/div><div class=\"col-12 col-lg-4 mt-3\"><div class=\"box h-100 text-center\"><h3>System Sygnalizacji \u015awietlnej<\/h3><p>Zapewnia znany system sygnalizacji \u015bwietlnej w kolorach zielonym, \u017c\u00f3\u0142tym i czerwonym, dzi\u0119ki czemu poziomy CO s\u0105 natychmiast rozpoznawalne dla pacjent\u00f3w.<\/p>\n<\/div><\/div><div class=\"col-12 col-lg-4 mt-3\"><div class=\"box h-100 text-center\"><h3>Kontrola Infekcji<\/h3><p>Zintegrowany filtr D-Piece<sup>\u2122<\/sup> jest u\u017cywany do filtrowania ponad 99% bakterii przenoszonych drog\u0105 powietrzn\u0105 i ponad 97% wirus\u00f3w, zapewniaj\u0105c niskokosztow\u0105 kontrol\u0119 infekcji.<\/p>\n<\/div><\/div><\/div>\n\n\t\t\t\t<\/div>\n\t\t\t\t<div class=\"col-1\"><\/div>\n\t\t\t\n                <div class=\"col-12 col-lg-4\">\n\t\t\t\t\t<img width=\"647\" height=\"1159\" src=\"https:\/\/www.bedfont.com\/wp-content\/uploads\/2024\/10\/picobaby.png\" class=\"img-fluid w-75 mx-auto d-block\" alt=\"\" decoding=\"async\" loading=\"lazy\" srcset=\"https:\/\/www.bedfont.com\/wp-content\/uploads\/2024\/10\/picobaby.png 647w, https:\/\/www.bedfont.com\/wp-content\/uploads\/2024\/10\/picobaby-167x300.png 167w, https:\/\/www.bedfont.com\/wp-content\/uploads\/2024\/10\/picobaby-572x1024.png 572w\" sizes=\"auto, (max-width: 647px) 100vw, 647px\"\/>\n\t\t\t\t<\/div>\n\t\t\t<\/div>\n\t\t<\/div>\n\t<\/section><section class=\"two-column-style-5 two-column-style-6 bg-gradient-blue \" id=\"module-950-two_column_image_text-5\">\n\t \t<div class=\"container\">\n\t\t\t<div class=\"row flex-row-reverse\">\n\t\t\t\t\t<div class=\"col-12 col-lg-7 my-auto\">\n                    <div class=\"box\">\n\t\t\t\t\t<h2 class=\"text-left\">COdata<sup>+\u2122<\/sup><\/h2>\n\t\t\t\t<p>COdata<sup>+\u2122<\/sup> to BEZP\u0141ATNY program komputerowy dla systemu Microsoft Windows, przeznaczony do wsp\u00f3\u0142pracy z urz\u0105dzeniami do pomiaru CO w oddechu z serii Bedfont<sup>\u00ae<\/sup> Smokerlyzer<sup>\u00ae<\/sup>.<\/p>\n<p>Po po\u0142\u0105czeniu z oprogramowaniem, wyniki s\u0105 pobierane z urz\u0105dzenia do bazy danych COdata<sup>+\u2122<\/sup>, kt\u00f3ra zapewnia wirtualny wy\u015bwietlacz instrumentu i natychmiastowy raport z wynik\u00f3w pacjenta. Raport zawiera szczeg\u00f3\u0142ow\u0105 interpretacj\u0119 nawyk\u00f3w palenia pacjenta oraz jego osobistego uzale\u017cnienia od nikotyny. Raport ten mo\u017cna wydrukowa\u0107, a pacjent mo\u017ce zachowa\u0107 go dla w\u0142asnych potrzeb. Zintegrowana baza danych rejestruje dane pacjent\u00f3w i ich wyniki z kolejnych sesji. U\u017cytkownicy mog\u0105 r\u00f3wnie\u017c tworzy\u0107 niestandardowe ustawienia ppm, co pozwala na wzmocnienie oceny statusu palenia podczas leczenia pacjent\u00f3w szczeg\u00f3lnie trudnych do zmotywowania lub testowania w nietypowych okoliczno\u015bciach.    <\/p>\n\n\t\t\t\t\t<div class='button-box button-blue button-box-shadow'><a class='btn ' href='\/wp-content\/themes\/bedfont\/assets\/documents\/downloads\/Bedsoft_Framework.exe' target=\"_self\">Pobiera\u0107 COdata<sup>+\u2122<\/sup><i class='fa fa-arrow-right ms-1' aria-hidden='true'><\/i><\/a><\/div>\n\t\t\t\t<\/div>\n\t\t\t\t<\/div>\n\t\t\t\t<div class=\"col-1\"><\/div>\n\t\t\t\n                <div class=\"col-12 col-lg-4\">\n\t\t\t\t\t<img width=\"679\" height=\"673\" src=\"https:\/\/www.bedfont.com\/wp-content\/uploads\/2024\/10\/codata-software.png\" class=\"img-fluid w-75 mx-auto d-block\" alt=\"\" decoding=\"async\" loading=\"lazy\" srcset=\"https:\/\/www.bedfont.com\/wp-content\/uploads\/2024\/10\/codata-software.png 679w, https:\/\/www.bedfont.com\/wp-content\/uploads\/2024\/10\/codata-software-300x297.png 300w, https:\/\/www.bedfont.com\/wp-content\/uploads\/2024\/10\/codata-software-150x150.png 150w\" sizes=\"auto, (max-width: 679px) 100vw, 679px\"\/>\n\t\t\t\t<\/div>\n\t\t\t<\/div>\n\t\t<\/div>\n\t<\/section>","protected":false},"excerpt":{"rendered":"<p>Smokerlyzer\u00ae Produkty z serii Smokerlyzer to urz\u0105dzenia do pomiaru tlenku w\u0119gla (CO) w wydychanym powietrzu, wspomagaj\u0105ce rzucanie palenia. Urz\u0105dzenia mierz\u0105 ilo\u015b\u0107 CO w wydychanym powietrzu palacza. Dla profesjonalist\u00f3w jest to spos\u00f3b na biochemiczne ustalenie statusu palenia osoby, a dla samych palaczy Smokerlyzer jest motywacyjnym narz\u0119dziem wizualnym, kt\u00f3re zach\u0119ca ich do rzucenia palenia i mierzenia post\u0119p\u00f3w [&hellip;]<\/p>\n","protected":false},"author":6,"featured_media":0,"parent":3657,"menu_order":0,"comment_status":"closed","ping_status":"closed","template":"templates\/page-modules.php","meta":{"_acf_changed":false,"footnotes":""},"class_list":["post-3579","page","type-page","status-publish","hentry"],"acf":[],"yoast_head":"<!-- This site is optimized with the Yoast SEO plugin v27.4 - https:\/\/yoast.com\/product\/yoast-seo-wordpress\/ -->\n<title>Smokerlyzer - Bedfont Scientific Ltd.<\/title>\n<meta name=\"description\" content=\"Produkty z serii Smokerlyzer to urz\u0105dzenia do pomiaru tlenku w\u0119gla (CO) w oddechu, pomagaj\u0105ce w zaprzestaniu palenia poprzez mierzenie ilo\u015bci CO w oddechu palacza.\" \/>\n<meta name=\"robots\" content=\"index, follow, max-snippet:-1, max-image-preview:large, max-video-preview:-1\" \/>\n<link rel=\"canonical\" href=\"https:\/\/www.bedfont.com\/pl\/products\/smokerlyzer\/\" \/>\n<meta property=\"og:locale\" content=\"pl_PL\" \/>\n<meta property=\"og:type\" content=\"article\" \/>\n<meta property=\"og:title\" content=\"Smokerlyzer - Bedfont Scientific Ltd.\" \/>\n<meta property=\"og:description\" content=\"Produkty z serii Smokerlyzer to urz\u0105dzenia do pomiaru tlenku w\u0119gla (CO) w oddechu, pomagaj\u0105ce w zaprzestaniu palenia poprzez mierzenie ilo\u015bci CO w oddechu palacza.\" \/>\n<meta property=\"og:url\" content=\"https:\/\/www.bedfont.com\/pl\/products\/smokerlyzer\/\" \/>\n<meta property=\"og:site_name\" content=\"Bedfont Scientific Ltd.\" \/>\n<meta property=\"article:publisher\" content=\"https:\/\/www.facebook.com\/Bedfontltd\/\" \/>\n<meta property=\"article:modified_time\" content=\"2024-10-18T05:53:29+00:00\" \/>\n<meta property=\"og:image\" content=\"https:\/\/www.bedfont.com\/wp-content\/uploads\/2024\/10\/smokerlyzer-product-page.jpg\" \/>\n<meta name=\"twitter:card\" content=\"summary_large_image\" \/>\n<meta name=\"twitter:site\" content=\"@BedfontLtd\" \/>\n<meta name=\"twitter:label1\" content=\"Szacowany czas czytania\" \/>\n\t<meta name=\"twitter:data1\" content=\"4 minuty\" \/>\n<script type=\"application\/ld+json\" class=\"yoast-schema-graph\">{\"@context\":\"https:\\\/\\\/schema.org\",\"@graph\":[{\"@type\":\"WebPage\",\"@id\":\"https:\\\/\\\/www.bedfont.com\\\/pl\\\/products\\\/smokerlyzer\\\/\",\"url\":\"https:\\\/\\\/www.bedfont.com\\\/pl\\\/products\\\/smokerlyzer\\\/\",\"name\":\"Smokerlyzer - Bedfont Scientific Ltd.\",\"isPartOf\":{\"@id\":\"https:\\\/\\\/www.bedfont.com\\\/pl\\\/#website\"},\"primaryImageOfPage\":{\"@id\":\"https:\\\/\\\/www.bedfont.com\\\/pl\\\/products\\\/smokerlyzer\\\/#primaryimage\"},\"image\":{\"@id\":\"https:\\\/\\\/www.bedfont.com\\\/pl\\\/products\\\/smokerlyzer\\\/#primaryimage\"},\"thumbnailUrl\":\"https:\\\/\\\/www.bedfont.com\\\/wp-content\\\/uploads\\\/2024\\\/10\\\/smokerlyzer-product-page.jpg\",\"datePublished\":\"2024-01-04T16:18:29+00:00\",\"dateModified\":\"2024-10-18T05:53:29+00:00\",\"description\":\"Produkty z serii Smokerlyzer to urz\u0105dzenia do pomiaru tlenku w\u0119gla (CO) w oddechu, pomagaj\u0105ce w zaprzestaniu palenia poprzez mierzenie ilo\u015bci CO w oddechu palacza.\",\"breadcrumb\":{\"@id\":\"https:\\\/\\\/www.bedfont.com\\\/pl\\\/products\\\/smokerlyzer\\\/#breadcrumb\"},\"inLanguage\":\"pl-PL\",\"potentialAction\":[{\"@type\":\"ReadAction\",\"target\":[\"https:\\\/\\\/www.bedfont.com\\\/pl\\\/products\\\/smokerlyzer\\\/\"]}]},{\"@type\":\"ImageObject\",\"inLanguage\":\"pl-PL\",\"@id\":\"https:\\\/\\\/www.bedfont.com\\\/pl\\\/products\\\/smokerlyzer\\\/#primaryimage\",\"url\":\"https:\\\/\\\/www.bedfont.com\\\/wp-content\\\/uploads\\\/2024\\\/10\\\/smokerlyzer-product-page.jpg\",\"contentUrl\":\"https:\\\/\\\/www.bedfont.com\\\/wp-content\\\/uploads\\\/2024\\\/10\\\/smokerlyzer-product-page.jpg\"},{\"@type\":\"BreadcrumbList\",\"@id\":\"https:\\\/\\\/www.bedfont.com\\\/pl\\\/products\\\/smokerlyzer\\\/#breadcrumb\",\"itemListElement\":[{\"@type\":\"ListItem\",\"position\":1,\"name\":\"Home\",\"item\":\"https:\\\/\\\/www.bedfont.com\\\/pl\\\/\"},{\"@type\":\"ListItem\",\"position\":2,\"name\":\"Produkty\",\"item\":\"https:\\\/\\\/www.bedfont.com\\\/pl\\\/products\\\/\"},{\"@type\":\"ListItem\",\"position\":3,\"name\":\"Smokerlyzer\"}]},{\"@type\":\"WebSite\",\"@id\":\"https:\\\/\\\/www.bedfont.com\\\/pl\\\/#website\",\"url\":\"https:\\\/\\\/www.bedfont.com\\\/pl\\\/\",\"name\":\"Bedfont Scientific Ltd.\",\"description\":\"World leaders in breath analysis.\",\"publisher\":{\"@id\":\"https:\\\/\\\/www.bedfont.com\\\/pl\\\/#organization\"},\"potentialAction\":[{\"@type\":\"SearchAction\",\"target\":{\"@type\":\"EntryPoint\",\"urlTemplate\":\"https:\\\/\\\/www.bedfont.com\\\/pl\\\/?s={search_term_string}\"},\"query-input\":{\"@type\":\"PropertyValueSpecification\",\"valueRequired\":true,\"valueName\":\"search_term_string\"}}],\"inLanguage\":\"pl-PL\"},{\"@type\":\"Organization\",\"@id\":\"https:\\\/\\\/www.bedfont.com\\\/pl\\\/#organization\",\"name\":\"Bedfont Scientific Ltd.\",\"url\":\"https:\\\/\\\/www.bedfont.com\\\/pl\\\/\",\"logo\":{\"@type\":\"ImageObject\",\"inLanguage\":\"pl-PL\",\"@id\":\"https:\\\/\\\/www.bedfont.com\\\/pl\\\/#\\\/schema\\\/logo\\\/image\\\/\",\"url\":\"https:\\\/\\\/www.bedfont.com\\\/wp-content\\\/uploads\\\/2023\\\/06\\\/logo.png\",\"contentUrl\":\"https:\\\/\\\/www.bedfont.com\\\/wp-content\\\/uploads\\\/2023\\\/06\\\/logo.png\",\"width\":1600,\"height\":505,\"caption\":\"Bedfont Scientific Ltd.\"},\"image\":{\"@id\":\"https:\\\/\\\/www.bedfont.com\\\/pl\\\/#\\\/schema\\\/logo\\\/image\\\/\"},\"sameAs\":[\"https:\\\/\\\/www.facebook.com\\\/Bedfontltd\\\/\",\"https:\\\/\\\/x.com\\\/BedfontLtd\",\"https:\\\/\\\/www.instagram.com\\\/bedfontltd\\\/\",\"https:\\\/\\\/www.linkedin.com\\\/company\\\/bedfont-scientific-ltd\\\/\",\"https:\\\/\\\/www.youtube.com\\\/user\\\/BedfontScientificLtd\"]}]}<\/script>\n<!-- \/ Yoast SEO plugin. -->","yoast_head_json":{"title":"Smokerlyzer - Bedfont Scientific Ltd.","description":"Produkty z serii Smokerlyzer to urz\u0105dzenia do pomiaru tlenku w\u0119gla (CO) w oddechu, pomagaj\u0105ce w zaprzestaniu palenia poprzez mierzenie ilo\u015bci CO w oddechu palacza.","robots":{"index":"index","follow":"follow","max-snippet":"max-snippet:-1","max-image-preview":"max-image-preview:large","max-video-preview":"max-video-preview:-1"},"canonical":"https:\/\/www.bedfont.com\/pl\/products\/smokerlyzer\/","og_locale":"pl_PL","og_type":"article","og_title":"Smokerlyzer - Bedfont Scientific Ltd.","og_description":"Produkty z serii Smokerlyzer to urz\u0105dzenia do pomiaru tlenku w\u0119gla (CO) w oddechu, pomagaj\u0105ce w zaprzestaniu palenia poprzez mierzenie ilo\u015bci CO w oddechu palacza.","og_url":"https:\/\/www.bedfont.com\/pl\/products\/smokerlyzer\/","og_site_name":"Bedfont Scientific Ltd.","article_publisher":"https:\/\/www.facebook.com\/Bedfontltd\/","article_modified_time":"2024-10-18T05:53:29+00:00","og_image":[{"url":"https:\/\/www.bedfont.com\/wp-content\/uploads\/2024\/10\/smokerlyzer-product-page.jpg","type":"","width":"","height":""}],"twitter_card":"summary_large_image","twitter_site":"@BedfontLtd","twitter_misc":{"Szacowany czas czytania":"4 minuty"},"schema":{"@context":"https:\/\/schema.org","@graph":[{"@type":"WebPage","@id":"https:\/\/www.bedfont.com\/pl\/products\/smokerlyzer\/","url":"https:\/\/www.bedfont.com\/pl\/products\/smokerlyzer\/","name":"Smokerlyzer - Bedfont Scientific Ltd.","isPartOf":{"@id":"https:\/\/www.bedfont.com\/pl\/#website"},"primaryImageOfPage":{"@id":"https:\/\/www.bedfont.com\/pl\/products\/smokerlyzer\/#primaryimage"},"image":{"@id":"https:\/\/www.bedfont.com\/pl\/products\/smokerlyzer\/#primaryimage"},"thumbnailUrl":"https:\/\/www.bedfont.com\/wp-content\/uploads\/2024\/10\/smokerlyzer-product-page.jpg","datePublished":"2024-01-04T16:18:29+00:00","dateModified":"2024-10-18T05:53:29+00:00","description":"Produkty z serii Smokerlyzer to urz\u0105dzenia do pomiaru tlenku w\u0119gla (CO) w oddechu, pomagaj\u0105ce w zaprzestaniu palenia poprzez mierzenie ilo\u015bci CO w oddechu palacza.","breadcrumb":{"@id":"https:\/\/www.bedfont.com\/pl\/products\/smokerlyzer\/#breadcrumb"},"inLanguage":"pl-PL","potentialAction":[{"@type":"ReadAction","target":["https:\/\/www.bedfont.com\/pl\/products\/smokerlyzer\/"]}]},{"@type":"ImageObject","inLanguage":"pl-PL","@id":"https:\/\/www.bedfont.com\/pl\/products\/smokerlyzer\/#primaryimage","url":"https:\/\/www.bedfont.com\/wp-content\/uploads\/2024\/10\/smokerlyzer-product-page.jpg","contentUrl":"https:\/\/www.bedfont.com\/wp-content\/uploads\/2024\/10\/smokerlyzer-product-page.jpg"},{"@type":"BreadcrumbList","@id":"https:\/\/www.bedfont.com\/pl\/products\/smokerlyzer\/#breadcrumb","itemListElement":[{"@type":"ListItem","position":1,"name":"Home","item":"https:\/\/www.bedfont.com\/pl\/"},{"@type":"ListItem","position":2,"name":"Produkty","item":"https:\/\/www.bedfont.com\/pl\/products\/"},{"@type":"ListItem","position":3,"name":"Smokerlyzer"}]},{"@type":"WebSite","@id":"https:\/\/www.bedfont.com\/pl\/#website","url":"https:\/\/www.bedfont.com\/pl\/","name":"Bedfont Scientific Ltd.","description":"World leaders in breath analysis.","publisher":{"@id":"https:\/\/www.bedfont.com\/pl\/#organization"},"potentialAction":[{"@type":"SearchAction","target":{"@type":"EntryPoint","urlTemplate":"https:\/\/www.bedfont.com\/pl\/?s={search_term_string}"},"query-input":{"@type":"PropertyValueSpecification","valueRequired":true,"valueName":"search_term_string"}}],"inLanguage":"pl-PL"},{"@type":"Organization","@id":"https:\/\/www.bedfont.com\/pl\/#organization","name":"Bedfont Scientific Ltd.","url":"https:\/\/www.bedfont.com\/pl\/","logo":{"@type":"ImageObject","inLanguage":"pl-PL","@id":"https:\/\/www.bedfont.com\/pl\/#\/schema\/logo\/image\/","url":"https:\/\/www.bedfont.com\/wp-content\/uploads\/2023\/06\/logo.png","contentUrl":"https:\/\/www.bedfont.com\/wp-content\/uploads\/2023\/06\/logo.png","width":1600,"height":505,"caption":"Bedfont Scientific Ltd."},"image":{"@id":"https:\/\/www.bedfont.com\/pl\/#\/schema\/logo\/image\/"},"sameAs":["https:\/\/www.facebook.com\/Bedfontltd\/","https:\/\/x.com\/BedfontLtd","https:\/\/www.instagram.com\/bedfontltd\/","https:\/\/www.linkedin.com\/company\/bedfont-scientific-ltd\/","https:\/\/www.youtube.com\/user\/BedfontScientificLtd"]}]}},"_links":{"self":[{"href":"https:\/\/www.bedfont.com\/pl\/wp-json\/wp\/v2\/pages\/3579","targetHints":{"allow":["GET"]}}],"collection":[{"href":"https:\/\/www.bedfont.com\/pl\/wp-json\/wp\/v2\/pages"}],"about":[{"href":"https:\/\/www.bedfont.com\/pl\/wp-json\/wp\/v2\/types\/page"}],"author":[{"embeddable":true,"href":"https:\/\/www.bedfont.com\/pl\/wp-json\/wp\/v2\/users\/6"}],"replies":[{"embeddable":true,"href":"https:\/\/www.bedfont.com\/pl\/wp-json\/wp\/v2\/comments?post=3579"}],"version-history":[{"count":9,"href":"https:\/\/www.bedfont.com\/pl\/wp-json\/wp\/v2\/pages\/3579\/revisions"}],"predecessor-version":[{"id":7299,"href":"https:\/\/www.bedfont.com\/pl\/wp-json\/wp\/v2\/pages\/3579\/revisions\/7299"}],"up":[{"embeddable":true,"href":"https:\/\/www.bedfont.com\/pl\/wp-json\/wp\/v2\/pages\/3657"}],"wp:attachment":[{"href":"https:\/\/www.bedfont.com\/pl\/wp-json\/wp\/v2\/media?parent=3579"}],"curies":[{"name":"wp","href":"https:\/\/api.w.org\/{rel}","templated":true}]}}