{"id":3567,"date":"2022-11-04T14:14:34","date_gmt":"2022-11-04T14:14:34","guid":{"rendered":"https:\/\/bedfont.theprogressteam.com\/medi-gas-check\/"},"modified":"2024-10-28T06:41:38","modified_gmt":"2024-10-28T06:41:38","slug":"medi-gas-check","status":"publish","type":"page","link":"https:\/\/www.bedfont.com\/pl\/products\/medi-gas-check\/","title":{"rendered":"Medi-Gas Check"},"content":{"rendered":"<section class=\"hero-style-4 p-0 position-relative \" id=\"module-741-hero-0\">\n\t\t<div class=\"container-fluid overlay-img-holder\">\n\t\t\t<img width=\"1469\" height=\"400\" src=\"https:\/\/www.bedfont.com\/wp-content\/uploads\/2024\/10\/medigas-product-page.jpg\" class=\"w-100\" alt=\"\" decoding=\"async\" loading=\"lazy\" srcset=\"https:\/\/www.bedfont.com\/wp-content\/uploads\/2024\/10\/medigas-product-page.jpg 1469w, https:\/\/www.bedfont.com\/wp-content\/uploads\/2024\/10\/medigas-product-page-300x82.jpg 300w, https:\/\/www.bedfont.com\/wp-content\/uploads\/2024\/10\/medigas-product-page-1024x279.jpg 1024w, https:\/\/www.bedfont.com\/wp-content\/uploads\/2024\/10\/medigas-product-page-768x209.jpg 768w\" sizes=\"auto, (max-width: 1469px) 100vw, 1469px\"\/>\n\t\t\t<div class=\"overlay\">\n\t\t\t\t<div class=\"col-12 col-md-8 mx-auto\">\n\t\t\t\t\t<h1>Medi-Gas Check<\/h1>\n\t\t\t\t\t<p>Gama urz\u0105dze\u0144 do testowania instalacji medycznych Medi-Gas Check s\u0142u\u017cy do ochrony pacjent\u00f3w i personelu przed szkodliwymi gazami. Testuj\u0105c gaz w instalacji, mo\u017cna zweryfikowa\u0107, czy dostarczany jest odpowiedni gaz oraz jego odpowiednia ilo\u015b\u0107 i jako\u015b\u0107. <\/p>\n\n\t\t\t\t<\/div>\n\t\t\t<\/div>\n\t\t<\/div>\n\t<\/section><section class=\"two-column-style-5 two-column-style-6 bg-gradient-red \" id=\"module-741-two_column_image_text-1\">\n\t \t<div class=\"container\">\n\t\t\t<div class=\"row flex-row-reverse\">\n\t\t\t\t\t<div class=\"col-12 col-lg-7 my-auto\">\n                    <div class=\"box\">\n\t\t\t\t\t<h2 class=\"text-left\"> G210<\/h2>\n\t\t\t\t<p><strong>Monitorowanie N2O, O2, CO2, CO<\/strong><\/p>\n<p>Specjalnie zaprojektowany do bardzo dok\u0142adnego pomiaru gaz\u00f3w medycznych N2O i O2 w %. Lekki monitor r\u0119czny jest idealny do u\u017cytku w ruchliwych szpitalach. Szybko weryfikuje jako\u015b\u0107 gazu na \u0142atwym do odczytania ekranie cyfrowym. Wprowad\u017a konkretne numery identyfikacyjne dla poszczeg\u00f3lnych punkt\u00f3w monitorowania w szpitalu. Urz\u0105dzenie mo\u017ce identyfikowa\u0107 potencjalne zanieczyszczenia CO i CO2 w gazie instalacyjnym w szpitalach, z funkcj\u0105 przechowywania danych i alarmami. Model G210 jest idealny do wielu wymaga\u0144 zwi\u0105zanych z weryfikacj\u0105 i testowaniem Systemu Ruroci\u0105g\u00f3w do Gaz\u00f3w Medycznych (ang. MGPS &#8211; Medical Gas Pipeline System), zaprojektowany do bardzo dok\u0142adnego pomiaru gaz\u00f3w medycznych N2O i O2 w %.    <\/p>\n\n\t\t\t\t\t\n\t\t\t\t<\/div>\n\t\t\t\t<\/div>\n\t\t\t\t<div class=\"col-1\"><\/div>\n\t\t\t\n                <div class=\"col-12 col-lg-4\">\n\t\t\t\t\t<img width=\"750\" height=\"1000\" src=\"https:\/\/www.bedfont.com\/wp-content\/uploads\/2024\/10\/g210.png\" class=\"img-fluid w-75 mx-auto d-block\" alt=\"\" decoding=\"async\" loading=\"lazy\" srcset=\"https:\/\/www.bedfont.com\/wp-content\/uploads\/2024\/10\/g210.png 750w, https:\/\/www.bedfont.com\/wp-content\/uploads\/2024\/10\/g210-225x300.png 225w\" sizes=\"auto, (max-width: 750px) 100vw, 750px\"\/>\n\t\t\t\t<\/div>\n\t\t\t<\/div>\n\t\t<\/div>\n\t<\/section><section class=\"two-column-style-5 two-column-style-6 bg-gradient-red \" id=\"module-741-two_column_image_text-2\">\n\t \t<div class=\"container\">\n\t\t\t<div class=\"row flex-row-reverse\">\n\t\t\t\t\t<div class=\"col-12 col-lg-7 my-auto\">\n                    <div class=\"box\">\n\t\t\t\t\t<h2 class=\"text-left\">F8004 Multi-Air Tester<\/h2>\n\t\t\t\t<p><strong>Bezpieczne testowanie powietrza do u\u017cytku medycznego i dentystycznego<\/strong><\/p>\n<p>Nowy tester powietrza F8004 jest idealny do testowania powietrza medycznego i dentystycznego dla szerokiego zakresu gaz\u00f3w i zanieczyszcze\u0144, w jednym urz\u0105dzeniu. Zaprojektowany, aby zapewni\u0107 szybki i \u0142atwy spos\u00f3b przeprowadzania dok\u0142adnych test\u00f3w dostaw powietrza do oddychania, tester Multi-Air jest najnowszym dodatkiem do gamy przeno\u015bnych analizator\u00f3w gaz\u00f3w medycznych Medi-Gas Check do instalacji. <\/p>\n\n\t\t\t\t\t\n\t\t\t\t<\/div>\n\t\t\t\t<\/div>\n\t\t\t\t<div class=\"col-1\"><\/div>\n\t\t\t\n                <div class=\"col-12 col-lg-4\">\n\t\t\t\t\t<img width=\"750\" height=\"1000\" src=\"https:\/\/www.bedfont.com\/wp-content\/uploads\/2024\/10\/f8004.png\" class=\"img-fluid w-75 mx-auto d-block\" alt=\"\" decoding=\"async\" loading=\"lazy\" srcset=\"https:\/\/www.bedfont.com\/wp-content\/uploads\/2024\/10\/f8004.png 750w, https:\/\/www.bedfont.com\/wp-content\/uploads\/2024\/10\/f8004-225x300.png 225w\" sizes=\"auto, (max-width: 750px) 100vw, 750px\"\/>\n\t\t\t\t<\/div>\n\t\t\t<\/div>\n\t\t<\/div>\n\t<\/section><section class=\"two-column-style-5 two-column-style-6 bg-gradient-red \" id=\"module-741-two_column_image_text-3\">\n\t \t<div class=\"container\">\n\t\t\t<div class=\"row flex-row-reverse\">\n\t\t\t\t\t<div class=\"col-12 col-lg-7 my-auto\">\n                    <div class=\"box\">\n\t\t\t\t\t<h2 class=\"text-left\">G200<\/h2>\n\t\t\t\t<p><strong>Pomiar N2O w atmosferze na niskim poziomie<\/strong><\/p>\n<p>To przeno\u015bne urz\u0105dzenie nie tylko dzia\u0142a jako osobisty alarm, ale tak\u017ce oblicza \u015bredni\u0105 wa\u017con\u0105 w czasie (ang. TWA \u2013 Time-Weighted Average) ekspozycji osoby na N2O. Model G200 pe\u0142ni r\u00f3wnie\u017c funkcj\u0119 wykrywania wyciek\u00f3w i przechowuje do 1000 pomiar\u00f3w do wykorzystania w wykresach i analizie danych. G200 mo\u017ce zapewnia\u0107 odczyty od 0-1000 ppm w mniej ni\u017c 40 sekund oraz od 0-10 000 ppm w trybie wykrywania wyciek\u00f3w, chroni\u0105c zar\u00f3wno personel medyczny, jak i pacjent\u00f3w. Ten produkt jest idealny do: oddzia\u0142\u00f3w dentystycznych, oddzia\u0142\u00f3w anestezjologicznych, sal operacyjnych, jak r\u00f3wnie\u017c do oddzia\u0142\u00f3w rekonwalescencyjnych, weterynaryjnych i rentgenowskich.   <\/p>\n\n\t\t\t\t\t\n\t\t\t\t<\/div>\n\t\t\t\t<\/div>\n\t\t\t\t<div class=\"col-1\"><\/div>\n\t\t\t\n                <div class=\"col-12 col-lg-4\">\n\t\t\t\t\t<img width=\"600\" height=\"851\" src=\"https:\/\/www.bedfont.com\/wp-content\/uploads\/2024\/10\/g200.png\" class=\"img-fluid w-75 mx-auto d-block\" alt=\"\" decoding=\"async\" loading=\"lazy\" srcset=\"https:\/\/www.bedfont.com\/wp-content\/uploads\/2024\/10\/g200.png 600w, https:\/\/www.bedfont.com\/wp-content\/uploads\/2024\/10\/g200-212x300.png 212w\" sizes=\"auto, (max-width: 600px) 100vw, 600px\"\/>\n\t\t\t\t<\/div>\n\t\t\t<\/div>\n\t\t<\/div>\n\t<\/section><section class=\"two-column-style-5 two-column-style-6 bg-gradient-red \" id=\"module-741-two_column_image_text-4\">\n\t \t<div class=\"container\">\n\t\t\t<div class=\"row flex-row-reverse\">\n\t\t\t\t\t<div class=\"col-12 col-lg-7 my-auto\">\n                    <div class=\"box\">\n\t\t\t\t\t<h2 class=\"text-left\">Pipeline Sampling Kit<\/h2>\n\t\t\t\t<p>W ramach zaanga\u017cowania firmy Bedfont w uczynienie weryfikacji i walidacji MGPS jak najszybsz\u0105 i najprostsz\u0105, dostarczamy zestaw do pobierania pr\u00f3bek do u\u017cycia ze wszystkimi naszymi monitorami, rurkami detekcyjnymi i sprz\u0119tem. Zestaw ten sk\u0142ada si\u0119 z regulatora, kt\u00f3ry zapewnia przep\u0142yw gazu przez monitor lub rurk\u0119 detekcyjn\u0105 w odpowiednim przep\u0142ywie, 5 specjalistycznych sond gazowych oraz szybkoz\u0142\u0105czek do wymiany mi\u0119dzy gazami. <\/p>\n\n\t\t\t\t\t\n\t\t\t\t<\/div>\n\t\t\t\t<\/div>\n\t\t\t\t<div class=\"col-1\"><\/div>\n\t\t\t\n                <div class=\"col-12 col-lg-4\">\n\t\t\t\t\t<img width=\"800\" height=\"431\" src=\"https:\/\/www.bedfont.com\/wp-content\/uploads\/2024\/10\/pipeline-sampling-kit.png\" class=\"img-fluid w-75 mx-auto d-block\" alt=\"\" decoding=\"async\" loading=\"lazy\" srcset=\"https:\/\/www.bedfont.com\/wp-content\/uploads\/2024\/10\/pipeline-sampling-kit.png 800w, https:\/\/www.bedfont.com\/wp-content\/uploads\/2024\/10\/pipeline-sampling-kit-300x162.png 300w, https:\/\/www.bedfont.com\/wp-content\/uploads\/2024\/10\/pipeline-sampling-kit-768x414.png 768w\" sizes=\"auto, (max-width: 800px) 100vw, 800px\"\/>\n\t\t\t\t<\/div>\n\t\t\t<\/div>\n\t\t<\/div>\n\t<\/section>","protected":false},"excerpt":{"rendered":"<p>Medi-Gas Check Gama urz\u0105dze\u0144 do testowania instalacji medycznych Medi-Gas Check s\u0142u\u017cy do ochrony pacjent\u00f3w i personelu przed szkodliwymi gazami. Testuj\u0105c gaz w instalacji, mo\u017cna zweryfikowa\u0107, czy dostarczany jest odpowiedni gaz oraz jego odpowiednia ilo\u015b\u0107 i jako\u015b\u0107. G210 Monitorowanie N2O, O2, CO2, CO Specjalnie zaprojektowany do bardzo dok\u0142adnego pomiaru gaz\u00f3w medycznych N2O i O2 w %. [&hellip;]<\/p>\n","protected":false},"author":6,"featured_media":0,"parent":3657,"menu_order":0,"comment_status":"closed","ping_status":"closed","template":"templates\/page-modules.php","meta":{"_acf_changed":false,"footnotes":""},"class_list":["post-3567","page","type-page","status-publish","hentry"],"acf":[],"yoast_head":"<!-- This site is optimized with the Yoast SEO plugin v27.6 - https:\/\/yoast.com\/product\/yoast-seo-wordpress\/ -->\n<title>Medi-Gas Check - Bedfont Scientific Ltd.<\/title>\n<meta name=\"description\" content=\"Gama urz\u0105dze\u0144 do testowania instalacji medycznych Medi-Gas Check s\u0142u\u017cy do ochrony pacjent\u00f3w i personelu przed szkodliwymi gazami.\" \/>\n<meta name=\"robots\" content=\"index, follow, max-snippet:-1, max-image-preview:large, max-video-preview:-1\" \/>\n<link rel=\"canonical\" href=\"https:\/\/www.bedfont.com\/pl\/products\/medi-gas-check\/\" \/>\n<meta property=\"og:locale\" content=\"pl_PL\" \/>\n<meta property=\"og:type\" content=\"article\" \/>\n<meta property=\"og:title\" content=\"Medi-Gas Check - Bedfont Scientific Ltd.\" \/>\n<meta property=\"og:description\" content=\"Gama urz\u0105dze\u0144 do testowania instalacji medycznych Medi-Gas Check s\u0142u\u017cy do ochrony pacjent\u00f3w i personelu przed szkodliwymi gazami.\" \/>\n<meta property=\"og:url\" content=\"https:\/\/www.bedfont.com\/pl\/products\/medi-gas-check\/\" \/>\n<meta property=\"og:site_name\" content=\"Bedfont Scientific Ltd.\" \/>\n<meta property=\"article:publisher\" content=\"https:\/\/www.facebook.com\/Bedfontltd\/\" \/>\n<meta property=\"article:modified_time\" content=\"2024-10-28T06:41:38+00:00\" \/>\n<meta property=\"og:image\" content=\"https:\/\/www.bedfont.com\/wp-content\/uploads\/2024\/10\/medigas-product-page.jpg\" \/>\n<meta name=\"twitter:card\" content=\"summary_large_image\" \/>\n<meta name=\"twitter:site\" content=\"@BedfontLtd\" \/>\n<meta name=\"twitter:label1\" content=\"Szacowany czas czytania\" \/>\n\t<meta name=\"twitter:data1\" content=\"3 minuty\" \/>\n<script type=\"application\/ld+json\" class=\"yoast-schema-graph\">{\"@context\":\"https:\\\/\\\/schema.org\",\"@graph\":[{\"@type\":\"WebPage\",\"@id\":\"https:\\\/\\\/www.bedfont.com\\\/pl\\\/products\\\/medi-gas-check\\\/\",\"url\":\"https:\\\/\\\/www.bedfont.com\\\/pl\\\/products\\\/medi-gas-check\\\/\",\"name\":\"Medi-Gas Check - Bedfont Scientific Ltd.\",\"isPartOf\":{\"@id\":\"https:\\\/\\\/www.bedfont.com\\\/pl\\\/#website\"},\"primaryImageOfPage\":{\"@id\":\"https:\\\/\\\/www.bedfont.com\\\/pl\\\/products\\\/medi-gas-check\\\/#primaryimage\"},\"image\":{\"@id\":\"https:\\\/\\\/www.bedfont.com\\\/pl\\\/products\\\/medi-gas-check\\\/#primaryimage\"},\"thumbnailUrl\":\"https:\\\/\\\/www.bedfont.com\\\/wp-content\\\/uploads\\\/2024\\\/10\\\/medigas-product-page.jpg\",\"datePublished\":\"2022-11-04T14:14:34+00:00\",\"dateModified\":\"2024-10-28T06:41:38+00:00\",\"description\":\"Gama urz\u0105dze\u0144 do testowania instalacji medycznych Medi-Gas Check s\u0142u\u017cy do ochrony pacjent\u00f3w i personelu przed szkodliwymi gazami.\",\"breadcrumb\":{\"@id\":\"https:\\\/\\\/www.bedfont.com\\\/pl\\\/products\\\/medi-gas-check\\\/#breadcrumb\"},\"inLanguage\":\"pl-PL\",\"potentialAction\":[{\"@type\":\"ReadAction\",\"target\":[\"https:\\\/\\\/www.bedfont.com\\\/pl\\\/products\\\/medi-gas-check\\\/\"]}]},{\"@type\":\"ImageObject\",\"inLanguage\":\"pl-PL\",\"@id\":\"https:\\\/\\\/www.bedfont.com\\\/pl\\\/products\\\/medi-gas-check\\\/#primaryimage\",\"url\":\"https:\\\/\\\/www.bedfont.com\\\/wp-content\\\/uploads\\\/2024\\\/10\\\/medigas-product-page.jpg\",\"contentUrl\":\"https:\\\/\\\/www.bedfont.com\\\/wp-content\\\/uploads\\\/2024\\\/10\\\/medigas-product-page.jpg\"},{\"@type\":\"BreadcrumbList\",\"@id\":\"https:\\\/\\\/www.bedfont.com\\\/pl\\\/products\\\/medi-gas-check\\\/#breadcrumb\",\"itemListElement\":[{\"@type\":\"ListItem\",\"position\":1,\"name\":\"Home\",\"item\":\"https:\\\/\\\/www.bedfont.com\\\/pl\\\/\"},{\"@type\":\"ListItem\",\"position\":2,\"name\":\"Produkty\",\"item\":\"https:\\\/\\\/www.bedfont.com\\\/pl\\\/products\\\/\"},{\"@type\":\"ListItem\",\"position\":3,\"name\":\"Medi-Gas Check\"}]},{\"@type\":\"WebSite\",\"@id\":\"https:\\\/\\\/www.bedfont.com\\\/pl\\\/#website\",\"url\":\"https:\\\/\\\/www.bedfont.com\\\/pl\\\/\",\"name\":\"Bedfont Scientific Ltd.\",\"description\":\"World leaders in breath analysis.\",\"potentialAction\":[{\"@type\":\"SearchAction\",\"target\":{\"@type\":\"EntryPoint\",\"urlTemplate\":\"https:\\\/\\\/www.bedfont.com\\\/pl\\\/?s={search_term_string}\"},\"query-input\":{\"@type\":\"PropertyValueSpecification\",\"valueRequired\":true,\"valueName\":\"search_term_string\"}}],\"inLanguage\":\"pl-PL\"}]}<\/script>\n<!-- \/ Yoast SEO plugin. -->","yoast_head_json":{"title":"Medi-Gas Check - Bedfont Scientific Ltd.","description":"Gama urz\u0105dze\u0144 do testowania instalacji medycznych Medi-Gas Check s\u0142u\u017cy do ochrony pacjent\u00f3w i personelu przed szkodliwymi gazami.","robots":{"index":"index","follow":"follow","max-snippet":"max-snippet:-1","max-image-preview":"max-image-preview:large","max-video-preview":"max-video-preview:-1"},"canonical":"https:\/\/www.bedfont.com\/pl\/products\/medi-gas-check\/","og_locale":"pl_PL","og_type":"article","og_title":"Medi-Gas Check - Bedfont Scientific Ltd.","og_description":"Gama urz\u0105dze\u0144 do testowania instalacji medycznych Medi-Gas Check s\u0142u\u017cy do ochrony pacjent\u00f3w i personelu przed szkodliwymi gazami.","og_url":"https:\/\/www.bedfont.com\/pl\/products\/medi-gas-check\/","og_site_name":"Bedfont Scientific Ltd.","article_publisher":"https:\/\/www.facebook.com\/Bedfontltd\/","article_modified_time":"2024-10-28T06:41:38+00:00","og_image":[{"url":"https:\/\/www.bedfont.com\/wp-content\/uploads\/2024\/10\/medigas-product-page.jpg","type":"","width":"","height":""}],"twitter_card":"summary_large_image","twitter_site":"@BedfontLtd","twitter_misc":{"Szacowany czas czytania":"3 minuty"},"schema":{"@context":"https:\/\/schema.org","@graph":[{"@type":"WebPage","@id":"https:\/\/www.bedfont.com\/pl\/products\/medi-gas-check\/","url":"https:\/\/www.bedfont.com\/pl\/products\/medi-gas-check\/","name":"Medi-Gas Check - Bedfont Scientific Ltd.","isPartOf":{"@id":"https:\/\/www.bedfont.com\/pl\/#website"},"primaryImageOfPage":{"@id":"https:\/\/www.bedfont.com\/pl\/products\/medi-gas-check\/#primaryimage"},"image":{"@id":"https:\/\/www.bedfont.com\/pl\/products\/medi-gas-check\/#primaryimage"},"thumbnailUrl":"https:\/\/www.bedfont.com\/wp-content\/uploads\/2024\/10\/medigas-product-page.jpg","datePublished":"2022-11-04T14:14:34+00:00","dateModified":"2024-10-28T06:41:38+00:00","description":"Gama urz\u0105dze\u0144 do testowania instalacji medycznych Medi-Gas Check s\u0142u\u017cy do ochrony pacjent\u00f3w i personelu przed szkodliwymi gazami.","breadcrumb":{"@id":"https:\/\/www.bedfont.com\/pl\/products\/medi-gas-check\/#breadcrumb"},"inLanguage":"pl-PL","potentialAction":[{"@type":"ReadAction","target":["https:\/\/www.bedfont.com\/pl\/products\/medi-gas-check\/"]}]},{"@type":"ImageObject","inLanguage":"pl-PL","@id":"https:\/\/www.bedfont.com\/pl\/products\/medi-gas-check\/#primaryimage","url":"https:\/\/www.bedfont.com\/wp-content\/uploads\/2024\/10\/medigas-product-page.jpg","contentUrl":"https:\/\/www.bedfont.com\/wp-content\/uploads\/2024\/10\/medigas-product-page.jpg"},{"@type":"BreadcrumbList","@id":"https:\/\/www.bedfont.com\/pl\/products\/medi-gas-check\/#breadcrumb","itemListElement":[{"@type":"ListItem","position":1,"name":"Home","item":"https:\/\/www.bedfont.com\/pl\/"},{"@type":"ListItem","position":2,"name":"Produkty","item":"https:\/\/www.bedfont.com\/pl\/products\/"},{"@type":"ListItem","position":3,"name":"Medi-Gas Check"}]},{"@type":"WebSite","@id":"https:\/\/www.bedfont.com\/pl\/#website","url":"https:\/\/www.bedfont.com\/pl\/","name":"Bedfont Scientific Ltd.","description":"World leaders in breath analysis.","potentialAction":[{"@type":"SearchAction","target":{"@type":"EntryPoint","urlTemplate":"https:\/\/www.bedfont.com\/pl\/?s={search_term_string}"},"query-input":{"@type":"PropertyValueSpecification","valueRequired":true,"valueName":"search_term_string"}}],"inLanguage":"pl-PL"}]}},"_links":{"self":[{"href":"https:\/\/www.bedfont.com\/pl\/wp-json\/wp\/v2\/pages\/3567","targetHints":{"allow":["GET"]}}],"collection":[{"href":"https:\/\/www.bedfont.com\/pl\/wp-json\/wp\/v2\/pages"}],"about":[{"href":"https:\/\/www.bedfont.com\/pl\/wp-json\/wp\/v2\/types\/page"}],"author":[{"embeddable":true,"href":"https:\/\/www.bedfont.com\/pl\/wp-json\/wp\/v2\/users\/6"}],"replies":[{"embeddable":true,"href":"https:\/\/www.bedfont.com\/pl\/wp-json\/wp\/v2\/comments?post=3567"}],"version-history":[{"count":4,"href":"https:\/\/www.bedfont.com\/pl\/wp-json\/wp\/v2\/pages\/3567\/revisions"}],"predecessor-version":[{"id":7338,"href":"https:\/\/www.bedfont.com\/pl\/wp-json\/wp\/v2\/pages\/3567\/revisions\/7338"}],"up":[{"embeddable":true,"href":"https:\/\/www.bedfont.com\/pl\/wp-json\/wp\/v2\/pages\/3657"}],"wp:attachment":[{"href":"https:\/\/www.bedfont.com\/pl\/wp-json\/wp\/v2\/media?parent=3567"}],"curies":[{"name":"wp","href":"https:\/\/api.w.org\/{rel}","templated":true}]}}