{"id":3549,"date":"2023-02-15T16:35:39","date_gmt":"2023-02-15T16:35:39","guid":{"rendered":"https:\/\/bedfont.theprogressteam.com\/rada-doradcza-medyczna\/"},"modified":"2025-01-02T11:24:41","modified_gmt":"2025-01-02T11:24:41","slug":"rada-doradcza-medyczna","status":"publish","type":"page","link":"https:\/\/www.bedfont.com\/pl\/rada-doradcza-medyczna\/","title":{"rendered":"Rada Doradcza Medyczna"},"content":{"rendered":"<section class=\"hero-style-4 p-0 position-relative \" id=\"module-772-hero-0\">\n\t\t<div class=\"container-fluid overlay-img-holder\">\n\t\t\t<img width=\"1998\" height=\"544\" src=\"https:\/\/www.bedfont.com\/wp-content\/uploads\/2024\/10\/who-we-are.jpg\" class=\"w-100\" alt=\"\" decoding=\"async\" loading=\"lazy\" srcset=\"https:\/\/www.bedfont.com\/wp-content\/uploads\/2024\/10\/who-we-are.jpg 1998w, https:\/\/www.bedfont.com\/wp-content\/uploads\/2024\/10\/who-we-are-300x82.jpg 300w, https:\/\/www.bedfont.com\/wp-content\/uploads\/2024\/10\/who-we-are-1024x279.jpg 1024w, https:\/\/www.bedfont.com\/wp-content\/uploads\/2024\/10\/who-we-are-768x209.jpg 768w, https:\/\/www.bedfont.com\/wp-content\/uploads\/2024\/10\/who-we-are-1536x418.jpg 1536w\" sizes=\"auto, (max-width: 1998px) 100vw, 1998px\"\/>\n\t\t\t<div class=\"overlay\">\n\t\t\t\t<div class=\"col-12 col-md-8 mx-auto\">\n\t\t\t\t\t<h1>Rada Doradcza Medyczna<\/h1>\n\t\t\t\t\t<p>Jeste\u015bmy dumni z wsp\u00f3\u0142pracy z wieloma kluczowymi liderami opinii (ang. KOL \u2013 Key Opinion Leaders) w dziedzinie pulmonologii, kt\u00f3rzy pomagaj\u0105 zwi\u0119ksza\u0107 \u015bwiadomo\u015b\u0107 i edukowa\u0107 na temat korzy\u015bci p\u0142yn\u0105cych z analizy oddechu w zastosowaniach medycznych.<\/p>\n\n\t\t\t\t<\/div>\n\t\t\t<\/div>\n\t\t<\/div>\n\t<\/section><section class=\"text-section text-center \" id=\"module-772-text-1\">\n\t<div class=\"container\">\n\t<h2 class=\"text-center\">Nasi <span class=\"blue-text\">kluczowi liderzy opinii<\/span><\/h2>\n\t\t\t\t<p>Witamy na stronie naszej Rady Doradczej Medycznej. Z przyjemno\u015bci\u0105 przedstawiamy zesp\u00f3\u0142 Kluczowych Lider\u00f3w Opinii, kt\u00f3rzy doradzaj\u0105 nam w naszej misji poprawy zdrowia i dobrostanu naszych klient\u00f3w. <\/p>\n<p>Nasza Rada Doradcza Medyczna sk\u0142ada si\u0119 z wysoko wykwalifikowanych specjalist\u00f3w medycznych, w tym lekarzy, farmaceut\u00f3w oraz innych ekspert\u00f3w w dziedzinie opieki zdrowotnej. Wnosz\u0105 oni ogromn\u0105 wiedz\u0119 i do\u015bwiadczenie w r\u00f3\u017cnych dziedzinach medycyny, takich jak medycyna wewn\u0119trzna, chirurgia, kardiologia, onkologia i wiele innych. G\u0142\u00f3wn\u0105 rol\u0105 naszej Rady Doradczej Medycznej jest zapewnienie strategicznego wsparcia naszej firmie w kwestiach medycznych i zwi\u0105zanych z opiek\u0105 zdrowotn\u0105. Pomagaj\u0105 nam by\u0107 na bie\u017c\u0105co z najnowszymi osi\u0105gni\u0119ciami medycznymi, opcjami leczenia i wytycznymi, aby nasze us\u0142ugi spe\u0142nia\u0142y najwy\u017csze standardy opieki.   <\/p>\n<p>Nasza Rada Doradcza Medyczna odgrywa r\u00f3wnie\u017c kluczow\u0105 rol\u0119 w rozwoju naszych produkt\u00f3w i us\u0142ug. Pomagaj\u0105 nam projektowa\u0107 i ulepsza\u0107 nasze oferty, aby sprosta\u0142y one unikalnym potrzebom naszych klient\u00f3w. Ich wiedza i spostrze\u017cenia pomagaj\u0105 nam dostarcza\u0107 innowacyjne rozwi\u0105zania, kt\u00f3re poprawiaj\u0105 zdrowie i jako\u015b\u0107 \u017cycia naszych klient\u00f3w.  <\/p>\n<p>Jeste\u015bmy dumni, \u017ce mamy tak zr\u00f3\u017cnicowan\u0105 i utalentowan\u0105 grup\u0119 ekspert\u00f3w medycznych w naszej Radzie Doradczej Medycznej. Ich zaanga\u017cowanie w rozw\u00f3j opieki zdrowotnej i popraw\u0119 wynik\u00f3w leczenia pacjent\u00f3w jest istotn\u0105 cz\u0119\u015bci\u0105 naszego sukcesu. Jeste\u015bmy wdzi\u0119czni za ich wsparcie i doradztwo, kt\u00f3re pomagaj\u0105 nam zapewni\u0107 najwy\u017csz\u0105 jako\u015b\u0107 opieki naszym klientom.  <\/p>\n<p>Je\u015bli masz jakiekolwiek pytania lub chcia\u0142by\u015b dowiedzie\u0107 si\u0119 wi\u0119cej o naszej Radzie Doradczej Medycznej, skontaktuj si\u0119 z nami. Ch\u0119tnie udzielimy Ci wi\u0119cej informacji na temat pracy naszej rady i roli, jak\u0105 odgrywaj\u0105 w naszej firmie. <\/p>\n\n\t<\/div>\n<\/section><section class=\"two-column-style-4 p-0 mab \" id=\"module-772-two_column_image_text-2\" style=\"--color: var(--purple);\">\n\t\t<div class=\"container-fluid m-0 p-0\">\n\t\t\t<div class=\"row m-0 flex-row-reverse\">\n\t\t\t\t<div class=\"col-12 col-lg-7 my-auto img-div-content text-white\">\n\t\t\t\t\t<h2 class=\"text-left\">Prof. Rodolfo de Paula Vieira<\/h2>\n\t\t\t\t\t<p>Profesor na Uniwersytecie Ewangelickim w Goi\u00e1s (UniEvang\u00e9lica), opiekun programu magisterskiego i doktoranckiego w UNIFESP i dyrektor IBEPIPE, Rodolfo de Paula Vieira ma doktorat z patologii \u2013 w szczeg\u00f3lno\u015bci immunopatologii p\u0142uc \u2013 i 3 akredytacje podoktoranckie z Sao Paulo, School of Medicine w Brazylii, Department of Pneumology w University Hospital Freiburg w Niemczech oraz stypendium podoktoranckie przyznane przez European Respiratory Society i Marie Currie Foundation oraz Uni\u0119 Europejsk\u0105. Po opublikowaniu ponad 200 recenzowanych artyku\u0142\u00f3w naukowych na arenie mi\u0119dzynarodowej, g\u0142\u00f3wne badania przedkliniczne i kliniczne profesora Vieiry dotycz\u0105 odpowiedzi immunologicznej, patofizjologii chor\u00f3b uk\u0142adu oddechowego i wp\u0142ywu \u0107wicze\u0144 fizycznych na rehabilitacj\u0119 p\u0142uc. <\/p>\n\n\t\t\t\t<\/div>\n                <div class=\"col-12 col-lg-5 p-0 img-div\" style=\"background-image: url(https:\/\/www.bedfont.com\/wp-content\/uploads\/2024\/10\/rodolfo-1024x682.png)\"><\/div>\n\t\t\t<\/div>\n\t\t<\/div>\n\t<\/section><section class=\"two-column-style-4 p-0 mab \" id=\"module-772-two_column_image_text-3\" style=\"--color: var(--purple);\">\n\t\t<div class=\"container-fluid m-0 p-0\">\n\t\t\t<div class=\"row m-0 \">\n\t\t\t\t<div class=\"col-12 col-lg-7 my-auto img-div-content text-white\">\n\t\t\t\t\t<h2 class=\"text-left\">Carol Stonham<\/h2>\n\t\t\t\t\t<p>Carol, zarejestrowana piel\u0119gniarka od 1986 roku, przesz\u0142a z opieki szpitalnej do opieki podstawowej w 1990 roku. Z 26-letnim do\u015bwiadczeniem w praktyce og\u00f3lnej obecnie pracuje w Gloucestershire ICB (Integrated Care Board), prowadz\u0105c Programow\u0105 Grup\u0119 Kliniczn\u0105 ds. Chor\u00f3b Uk\u0142adu Oddechowego oraz pe\u0142ni\u0105c rol\u0119 Klinicznego Lidera ds. Astmy Dzieci i M\u0142odzie\u017cy. Dodatkowo wsp\u00f3\u0142prowadzi Sie\u0107 Oddechow\u0105 Narodowej S\u0142u\u017cby Zdrowia w Anglii (ang. NHSE \u2013 National Health Service England) na Po\u0142udniowym Zachodzie. Carol by\u0142a pionierk\u0105 w stosowaniu FeNO w opiece podstawowej i zintegrowa\u0142a t\u0119 metod\u0119 ze swoim zestawem przyrz\u0105d\u00f3w do leczenia astmy, wdra\u017caj\u0105c j\u0105 niedawno w praktykach w Gloucestershire. Jest by\u0142\u0105 Przewodnicz\u0105c\u0105 Towarzystwa Opieki Respiratorycznej w Opiece Podstawowej (ang. PCRS \u2013 Primary Care Respiratory Society), pierwsz\u0105 osob\u0105 nie b\u0119d\u0105c\u0105 lekarzem i kobiet\u0105 na tym stanowisku; obecnie pe\u0142ni funkcj\u0119 lidera ds. polityki. Carol wsp\u00f3\u0142przewodniczy grupie ds. wczesnej i dok\u0142adnej diagnozy w Grupie Roboczej ds. Zdrowia P\u0142uc oraz wnios\u0142a wk\u0142ad do grupy ds. diagnozy duszno\u015bci w ramach Planu d\u0142ugoterminowego NHS. Posiada tytu\u0142 magistra w zakresie opieki oddechowej, otrzyma\u0142a nagrod\u0119 Piel\u0119gniarki Kr\u00f3lewskiej (ang. Queen\u2019s Nurse) w 2007 roku i zosta\u0142a odznaczona Orderem Cz\u0142onka Imperium Brytyjskiego (ang. MBE \u2013 Member of the Most Excellent Order of the British Embire) w 2016 roku za us\u0142ugi na rzecz piel\u0119gniarstwa i opieki zdrowotnej.      <\/p>\n\n\t\t\t\t<\/div>\n                <div class=\"col-12 col-lg-5 p-0 img-div\" style=\"background-image: url(https:\/\/www.bedfont.com\/wp-content\/uploads\/2024\/10\/carol-1024x682.jpg)\"><\/div>\n\t\t\t<\/div>\n\t\t<\/div>\n\t<\/section><section class=\"two-column-style-4 p-0 mab \" id=\"module-772-two_column_image_text-4\" style=\"--color: var(--pink);\">\n\t\t<div class=\"container-fluid m-0 p-0\">\n\t\t\t<div class=\"row m-0 flex-row-reverse\">\n\t\t\t\t<div class=\"col-12 col-lg-7 my-auto img-div-content text-white\">\n\t\t\t\t\t<h2 class=\"text-left\">Dr Jafar Jafari<\/h2>\n\t\t\t\t\t<p>Kierownik Oddzia\u0142u Fizjologii G\u00f3rnego Uk\u0142adu Pokarmowego w Szpitalach Fundacji Guy i St Thomas, Dr Jafari posiada tytu\u0142 doktora w dziedzinie medycyny, doktorat z neurogastroenterologii oraz ponad 100 publikacji naukowych dotycz\u0105cych gastroenterologii. Jednym z g\u0142\u00f3wnych obszar\u00f3w jego zainteresowa\u0144 jest testowanie oddechu na obecno\u015b\u0107 wodoru i izotopu C13 w diagnostyce gastroenterologicznej. <\/p>\n\n\t\t\t\t<\/div>\n                <div class=\"col-12 col-lg-5 p-0 img-div\" style=\"background-image: url(https:\/\/www.bedfont.com\/wp-content\/uploads\/2024\/10\/jafari-1024x682.png)\"><\/div>\n\t\t\t<\/div>\n\t\t<\/div>\n\t<\/section><section class=\"two-column-style-4 p-0 mab \" id=\"module-772-two_column_image_text-5\" style=\"--color: var(--pink);\">\n\t\t<div class=\"container-fluid m-0 p-0\">\n\t\t\t<div class=\"row m-0 \">\n\t\t\t\t<div class=\"col-12 col-lg-7 my-auto img-div-content text-white\">\n\t\t\t\t\t<h2 class=\"text-left\">Melissa Dooley<\/h2>\n\t\t\t\t\t<p>Melissa rozpocz\u0119\u0142a swoj\u0105 karier\u0119 jako fizjolog gastroenterologiczny w szpitalu St. James w Dublinie. W trakcie swojej kariery Melissa szczeg\u00f3lnie zainteresowa\u0142a si\u0119 nadmiernym wzrostem bakterii w jelicie cienkim i uko\u0144czy\u0142a projekt badawczy pt. \u201eNadmierny wzrost bakterii w jelicie cienkim u pacjent\u00f3w po resekcji prze\u0142yku i \u017co\u0142\u0105dka\u201d. Melissa jest w pe\u0142ni akredytowanym fizjologiem gastroenterologicznym i cz\u0142onkiem zar\u00f3wno Irlandzkiego Instytutu Klinicznych Nauk Pomiarowych, jak i Brytyjskiego Towarzystwa Gastroenterologii. Melissa ma na swoim koncie wiele publikacji i prezentowa\u0142a swoje badania na krajowych i mi\u0119dzynarodowych konferencjach. W 2008 roku zosta\u0142a uhonorowana nagrod\u0105 RES MED\/PEI przez Uniwersytet Technologiczny w Dublinie (dawniej Dubli\u0144ski Instytut Technologii) za wybitne osi\u0105gni\u0119cia akademickie.    <\/p>\n\n\t\t\t\t<\/div>\n                <div class=\"col-12 col-lg-5 p-0 img-div\" style=\"background-image: url(https:\/\/www.bedfont.com\/wp-content\/uploads\/2024\/10\/melissa-1024x683.jpg)\"><\/div>\n\t\t\t<\/div>\n\t\t<\/div>\n\t<\/section><section class=\"two-column-style-4 p-0 mab \" id=\"module-772-two_column_image_text-6\" style=\"--color: var(--blue);\">\n\t\t<div class=\"container-fluid m-0 p-0\">\n\t\t\t<div class=\"row m-0 flex-row-reverse\">\n\t\t\t\t<div class=\"col-12 col-lg-7 my-auto img-div-content text-white\">\n\t\t\t\t\t<h2 class=\"text-left\">Dr Amer Siddiq Amer Nordin<\/h2>\n\t\t\t\t\t<p>Profesor nadzwyczajny w dziedzinie psychiatrii i konsultant psychiatra na Uniwersytecie Malaya. Jest r\u00f3wnie\u017c profesorem wizytuj\u0105cym w dziedzinie zdrowia publicznego na Universitas Airlanggar w Surabaya w Indonezji. Ponadto kieruje grup\u0105 badawcz\u0105 zajmuj\u0105c\u0105 si\u0119 uzale\u017cnieniem od nikotyny w Centrum Nauk o Uzale\u017cnieniach Uniwersytetu Malaya (ang. UMCAS \u2013 University of Malaya Centre for Addiction Sciences) \u2013 NARCC (ang. Nicotine Addiction Research and Clinical Centre), a jego prace badawcze koncentruj\u0105 si\u0119 g\u0142\u00f3wnie na kontroli tytoniu i pomocy w rzucaniu palenia.  <\/p>\n\n\t\t\t\t<\/div>\n                <div class=\"col-12 col-lg-5 p-0 img-div\" style=\"background-image: url(https:\/\/www.bedfont.com\/wp-content\/uploads\/2024\/10\/dr-amer-1024x683.png)\"><\/div>\n\t\t\t<\/div>\n\t\t<\/div>\n\t<\/section><section class=\"two-column-style-4 p-0 mab \" id=\"module-772-two_column_image_text-7\" style=\"--color: var(--blue);\">\n\t\t<div class=\"container-fluid m-0 p-0\">\n\t\t\t<div class=\"row m-0 \">\n\t\t\t\t<div class=\"col-12 col-lg-7 my-auto img-div-content text-white\">\n\t\t\t\t\t<h2 class=\"text-left\">Dr Anne Yee<\/h2>\n\t\t\t\t\t<p>Prof. dr Anne Yee jest obecnie profesorem nadzwyczajnym i psychiatr\u0105 klinicznym na Uniwersytecie Monash w Malezji oraz w Centrum Medycznym Uniwersytetu Malaya. Jej badania koncentruj\u0105 si\u0119 na uzale\u017cnieniu od nikotyny. Obecnie jest r\u00f3wnie\u017c doradc\u0105 technicznym i ekspertem Ministerstwa Zdrowia Malezji w zakresie opracowywania i wdra\u017cania Krajowych Wytycznych Klinicznych dla Zaburze\u0144 U\u017cywania Tytoniu, projektu mQuit, grup roboczych ds. zaprzestania palenia opartego na dowodach i polityki wolnego tytoniu na jej uniwersytecie.  <\/p>\n\n\t\t\t\t<\/div>\n                <div class=\"col-12 col-lg-5 p-0 img-div\" style=\"background-image: url(https:\/\/www.bedfont.com\/wp-content\/uploads\/2024\/10\/dr-anne-yee-1024x781.jpg)\"><\/div>\n\t\t\t<\/div>\n\t\t<\/div>\n\t<\/section><section class=\"two-column-style-4 p-0 mab \" id=\"module-772-two_column_image_text-8\" style=\"--color: var(--blue);\">\n\t\t<div class=\"container-fluid m-0 p-0\">\n\t\t\t<div class=\"row m-0 flex-row-reverse\">\n\t\t\t\t<div class=\"col-12 col-lg-7 my-auto img-div-content text-white\">\n\t\t\t\t\t<h2 class=\"text-left\">Prof. Dr Sachin Sinha<\/h2>\n\t\t\t\t\t<p>Pracuje jako profesor w Katedrze Patologii Szcz\u0119kowo-Twarzowej w Indiach. Od 14 lat pracuje w Narain Sewa Sansthan w dziedzinie interwencji i uzale\u017cnienia od tytoniu. Przeszkoli\u0142 ponad 1000 dentyst\u00f3w, lekarzy i pracownik\u00f3w medycznych w zakresie zaprzestania palenia w ramach ci\u0105g\u0142ych program\u00f3w edukacyjnych. Dr Sinha ustanowi\u0142 \u0142\u0105cznie 11 \u015bwiatowych rekord\u00f3w w dziedzinie kontroli tytoniu i zatrucia tlenkiem w\u0119gla. Przeprowadzi\u0142 najwi\u0119kszy w Indiach program przesiewowy na obecno\u015b\u0107 tlenku w\u0119gla przez Sansthan dla funkcjonariuszy policji na drogach, spowodowany zar\u00f3wno paleniem, jak i zanieczyszczeniem \u015brodowiska.    <\/p>\n\n\t\t\t\t<\/div>\n                <div class=\"col-12 col-lg-5 p-0 img-div\" style=\"background-image: url(https:\/\/www.bedfont.com\/wp-content\/uploads\/2024\/10\/dr-sachin-sinha-1024x683.jpg)\"><\/div>\n\t\t\t<\/div>\n\t\t<\/div>\n\t<\/section>","protected":false},"excerpt":{"rendered":"<p>Rada Doradcza Medyczna Jeste\u015bmy dumni z wsp\u00f3\u0142pracy z wieloma kluczowymi liderami opinii (ang. KOL \u2013 Key Opinion Leaders) w dziedzinie pulmonologii, kt\u00f3rzy pomagaj\u0105 zwi\u0119ksza\u0107 \u015bwiadomo\u015b\u0107 i edukowa\u0107 na temat korzy\u015bci p\u0142yn\u0105cych z analizy oddechu w zastosowaniach medycznych. Nasi kluczowi liderzy opinii Witamy na stronie naszej Rady Doradczej Medycznej. Z przyjemno\u015bci\u0105 przedstawiamy zesp\u00f3\u0142 Kluczowych Lider\u00f3w Opinii, [&hellip;]<\/p>\n","protected":false},"author":6,"featured_media":0,"parent":0,"menu_order":0,"comment_status":"closed","ping_status":"closed","template":"templates\/page-modules.php","meta":{"_acf_changed":false,"footnotes":""},"class_list":["post-3549","page","type-page","status-publish","hentry"],"acf":[],"yoast_head":"<!-- This site is optimized with the Yoast SEO plugin v27.4 - https:\/\/yoast.com\/product\/yoast-seo-wordpress\/ -->\n<title>Rada Doradcza Medyczna - Bedfont Scientific Ltd.<\/title>\n<meta name=\"description\" content=\"Jeste\u015bmy dumni z wsp\u00f3\u0142pracy z wieloma kluczowymi liderami opinii (ang. KOL \u2013 Key Opinion Leaders) w dziedzinie pulmonologii, kt\u00f3rzy pomagaj\u0105 zwi\u0119ksza\u0107 \u015bwiadomo\u015b\u0107 i edukowa\u0107 na temat korzy\u015bci p\u0142yn\u0105cych z analizy oddechu w zastosowaniach medycznych.\" \/>\n<meta name=\"robots\" content=\"index, follow, max-snippet:-1, max-image-preview:large, max-video-preview:-1\" \/>\n<link rel=\"canonical\" href=\"https:\/\/www.bedfont.com\/pl\/rada-doradcza-medyczna\/\" \/>\n<meta property=\"og:locale\" content=\"pl_PL\" \/>\n<meta property=\"og:type\" content=\"article\" \/>\n<meta property=\"og:title\" content=\"Rada Doradcza Medyczna - Bedfont Scientific Ltd.\" \/>\n<meta property=\"og:description\" content=\"Jeste\u015bmy dumni z wsp\u00f3\u0142pracy z wieloma kluczowymi liderami opinii (ang. KOL \u2013 Key Opinion Leaders) w dziedzinie pulmonologii, kt\u00f3rzy pomagaj\u0105 zwi\u0119ksza\u0107 \u015bwiadomo\u015b\u0107 i edukowa\u0107 na temat korzy\u015bci p\u0142yn\u0105cych z analizy oddechu w zastosowaniach medycznych.\" \/>\n<meta property=\"og:url\" content=\"https:\/\/www.bedfont.com\/pl\/rada-doradcza-medyczna\/\" \/>\n<meta property=\"og:site_name\" content=\"Bedfont Scientific Ltd.\" \/>\n<meta property=\"article:publisher\" content=\"https:\/\/www.facebook.com\/Bedfontltd\/\" \/>\n<meta property=\"article:modified_time\" content=\"2025-01-02T11:24:41+00:00\" \/>\n<meta property=\"og:image\" content=\"https:\/\/www.bedfont.com\/wp-content\/uploads\/2024\/10\/who-we-are.jpg\" \/>\n<meta name=\"twitter:card\" content=\"summary_large_image\" \/>\n<meta name=\"twitter:site\" content=\"@BedfontLtd\" \/>\n<meta name=\"twitter:label1\" content=\"Szacowany czas czytania\" \/>\n\t<meta name=\"twitter:data1\" content=\"6 minut\" \/>\n<script type=\"application\/ld+json\" class=\"yoast-schema-graph\">{\"@context\":\"https:\\\/\\\/schema.org\",\"@graph\":[{\"@type\":\"WebPage\",\"@id\":\"https:\\\/\\\/www.bedfont.com\\\/pl\\\/rada-doradcza-medyczna\\\/\",\"url\":\"https:\\\/\\\/www.bedfont.com\\\/pl\\\/rada-doradcza-medyczna\\\/\",\"name\":\"Rada Doradcza Medyczna - Bedfont Scientific Ltd.\",\"isPartOf\":{\"@id\":\"https:\\\/\\\/www.bedfont.com\\\/pl\\\/#website\"},\"primaryImageOfPage\":{\"@id\":\"https:\\\/\\\/www.bedfont.com\\\/pl\\\/rada-doradcza-medyczna\\\/#primaryimage\"},\"image\":{\"@id\":\"https:\\\/\\\/www.bedfont.com\\\/pl\\\/rada-doradcza-medyczna\\\/#primaryimage\"},\"thumbnailUrl\":\"https:\\\/\\\/www.bedfont.com\\\/wp-content\\\/uploads\\\/2024\\\/10\\\/who-we-are.jpg\",\"datePublished\":\"2023-02-15T16:35:39+00:00\",\"dateModified\":\"2025-01-02T11:24:41+00:00\",\"description\":\"Jeste\u015bmy dumni z wsp\u00f3\u0142pracy z wieloma kluczowymi liderami opinii (ang. KOL \u2013 Key Opinion Leaders) w dziedzinie pulmonologii, kt\u00f3rzy pomagaj\u0105 zwi\u0119ksza\u0107 \u015bwiadomo\u015b\u0107 i edukowa\u0107 na temat korzy\u015bci p\u0142yn\u0105cych z analizy oddechu w zastosowaniach medycznych.\",\"breadcrumb\":{\"@id\":\"https:\\\/\\\/www.bedfont.com\\\/pl\\\/rada-doradcza-medyczna\\\/#breadcrumb\"},\"inLanguage\":\"pl-PL\",\"potentialAction\":[{\"@type\":\"ReadAction\",\"target\":[\"https:\\\/\\\/www.bedfont.com\\\/pl\\\/rada-doradcza-medyczna\\\/\"]}]},{\"@type\":\"ImageObject\",\"inLanguage\":\"pl-PL\",\"@id\":\"https:\\\/\\\/www.bedfont.com\\\/pl\\\/rada-doradcza-medyczna\\\/#primaryimage\",\"url\":\"https:\\\/\\\/www.bedfont.com\\\/wp-content\\\/uploads\\\/2024\\\/10\\\/who-we-are.jpg\",\"contentUrl\":\"https:\\\/\\\/www.bedfont.com\\\/wp-content\\\/uploads\\\/2024\\\/10\\\/who-we-are.jpg\"},{\"@type\":\"BreadcrumbList\",\"@id\":\"https:\\\/\\\/www.bedfont.com\\\/pl\\\/rada-doradcza-medyczna\\\/#breadcrumb\",\"itemListElement\":[{\"@type\":\"ListItem\",\"position\":1,\"name\":\"Home\",\"item\":\"https:\\\/\\\/www.bedfont.com\\\/pl\\\/\"},{\"@type\":\"ListItem\",\"position\":2,\"name\":\"Rada Doradcza Medyczna\"}]},{\"@type\":\"WebSite\",\"@id\":\"https:\\\/\\\/www.bedfont.com\\\/pl\\\/#website\",\"url\":\"https:\\\/\\\/www.bedfont.com\\\/pl\\\/\",\"name\":\"Bedfont Scientific Ltd.\",\"description\":\"World leaders in breath analysis.\",\"publisher\":{\"@id\":\"https:\\\/\\\/www.bedfont.com\\\/pl\\\/#organization\"},\"potentialAction\":[{\"@type\":\"SearchAction\",\"target\":{\"@type\":\"EntryPoint\",\"urlTemplate\":\"https:\\\/\\\/www.bedfont.com\\\/pl\\\/?s={search_term_string}\"},\"query-input\":{\"@type\":\"PropertyValueSpecification\",\"valueRequired\":true,\"valueName\":\"search_term_string\"}}],\"inLanguage\":\"pl-PL\"},{\"@type\":\"Organization\",\"@id\":\"https:\\\/\\\/www.bedfont.com\\\/pl\\\/#organization\",\"name\":\"Bedfont Scientific Ltd.\",\"url\":\"https:\\\/\\\/www.bedfont.com\\\/pl\\\/\",\"logo\":{\"@type\":\"ImageObject\",\"inLanguage\":\"pl-PL\",\"@id\":\"https:\\\/\\\/www.bedfont.com\\\/pl\\\/#\\\/schema\\\/logo\\\/image\\\/\",\"url\":\"https:\\\/\\\/www.bedfont.com\\\/wp-content\\\/uploads\\\/2023\\\/06\\\/logo.png\",\"contentUrl\":\"https:\\\/\\\/www.bedfont.com\\\/wp-content\\\/uploads\\\/2023\\\/06\\\/logo.png\",\"width\":1600,\"height\":505,\"caption\":\"Bedfont Scientific Ltd.\"},\"image\":{\"@id\":\"https:\\\/\\\/www.bedfont.com\\\/pl\\\/#\\\/schema\\\/logo\\\/image\\\/\"},\"sameAs\":[\"https:\\\/\\\/www.facebook.com\\\/Bedfontltd\\\/\",\"https:\\\/\\\/x.com\\\/BedfontLtd\",\"https:\\\/\\\/www.instagram.com\\\/bedfontltd\\\/\",\"https:\\\/\\\/www.linkedin.com\\\/company\\\/bedfont-scientific-ltd\\\/\",\"https:\\\/\\\/www.youtube.com\\\/user\\\/BedfontScientificLtd\"]}]}<\/script>\n<!-- \/ Yoast SEO plugin. -->","yoast_head_json":{"title":"Rada Doradcza Medyczna - Bedfont Scientific Ltd.","description":"Jeste\u015bmy dumni z wsp\u00f3\u0142pracy z wieloma kluczowymi liderami opinii (ang. KOL \u2013 Key Opinion Leaders) w dziedzinie pulmonologii, kt\u00f3rzy pomagaj\u0105 zwi\u0119ksza\u0107 \u015bwiadomo\u015b\u0107 i edukowa\u0107 na temat korzy\u015bci p\u0142yn\u0105cych z analizy oddechu w zastosowaniach medycznych.","robots":{"index":"index","follow":"follow","max-snippet":"max-snippet:-1","max-image-preview":"max-image-preview:large","max-video-preview":"max-video-preview:-1"},"canonical":"https:\/\/www.bedfont.com\/pl\/rada-doradcza-medyczna\/","og_locale":"pl_PL","og_type":"article","og_title":"Rada Doradcza Medyczna - Bedfont Scientific Ltd.","og_description":"Jeste\u015bmy dumni z wsp\u00f3\u0142pracy z wieloma kluczowymi liderami opinii (ang. KOL \u2013 Key Opinion Leaders) w dziedzinie pulmonologii, kt\u00f3rzy pomagaj\u0105 zwi\u0119ksza\u0107 \u015bwiadomo\u015b\u0107 i edukowa\u0107 na temat korzy\u015bci p\u0142yn\u0105cych z analizy oddechu w zastosowaniach medycznych.","og_url":"https:\/\/www.bedfont.com\/pl\/rada-doradcza-medyczna\/","og_site_name":"Bedfont Scientific Ltd.","article_publisher":"https:\/\/www.facebook.com\/Bedfontltd\/","article_modified_time":"2025-01-02T11:24:41+00:00","og_image":[{"url":"https:\/\/www.bedfont.com\/wp-content\/uploads\/2024\/10\/who-we-are.jpg","type":"","width":"","height":""}],"twitter_card":"summary_large_image","twitter_site":"@BedfontLtd","twitter_misc":{"Szacowany czas czytania":"6 minut"},"schema":{"@context":"https:\/\/schema.org","@graph":[{"@type":"WebPage","@id":"https:\/\/www.bedfont.com\/pl\/rada-doradcza-medyczna\/","url":"https:\/\/www.bedfont.com\/pl\/rada-doradcza-medyczna\/","name":"Rada Doradcza Medyczna - Bedfont Scientific Ltd.","isPartOf":{"@id":"https:\/\/www.bedfont.com\/pl\/#website"},"primaryImageOfPage":{"@id":"https:\/\/www.bedfont.com\/pl\/rada-doradcza-medyczna\/#primaryimage"},"image":{"@id":"https:\/\/www.bedfont.com\/pl\/rada-doradcza-medyczna\/#primaryimage"},"thumbnailUrl":"https:\/\/www.bedfont.com\/wp-content\/uploads\/2024\/10\/who-we-are.jpg","datePublished":"2023-02-15T16:35:39+00:00","dateModified":"2025-01-02T11:24:41+00:00","description":"Jeste\u015bmy dumni z wsp\u00f3\u0142pracy z wieloma kluczowymi liderami opinii (ang. KOL \u2013 Key Opinion Leaders) w dziedzinie pulmonologii, kt\u00f3rzy pomagaj\u0105 zwi\u0119ksza\u0107 \u015bwiadomo\u015b\u0107 i edukowa\u0107 na temat korzy\u015bci p\u0142yn\u0105cych z analizy oddechu w zastosowaniach medycznych.","breadcrumb":{"@id":"https:\/\/www.bedfont.com\/pl\/rada-doradcza-medyczna\/#breadcrumb"},"inLanguage":"pl-PL","potentialAction":[{"@type":"ReadAction","target":["https:\/\/www.bedfont.com\/pl\/rada-doradcza-medyczna\/"]}]},{"@type":"ImageObject","inLanguage":"pl-PL","@id":"https:\/\/www.bedfont.com\/pl\/rada-doradcza-medyczna\/#primaryimage","url":"https:\/\/www.bedfont.com\/wp-content\/uploads\/2024\/10\/who-we-are.jpg","contentUrl":"https:\/\/www.bedfont.com\/wp-content\/uploads\/2024\/10\/who-we-are.jpg"},{"@type":"BreadcrumbList","@id":"https:\/\/www.bedfont.com\/pl\/rada-doradcza-medyczna\/#breadcrumb","itemListElement":[{"@type":"ListItem","position":1,"name":"Home","item":"https:\/\/www.bedfont.com\/pl\/"},{"@type":"ListItem","position":2,"name":"Rada Doradcza Medyczna"}]},{"@type":"WebSite","@id":"https:\/\/www.bedfont.com\/pl\/#website","url":"https:\/\/www.bedfont.com\/pl\/","name":"Bedfont Scientific Ltd.","description":"World leaders in breath analysis.","publisher":{"@id":"https:\/\/www.bedfont.com\/pl\/#organization"},"potentialAction":[{"@type":"SearchAction","target":{"@type":"EntryPoint","urlTemplate":"https:\/\/www.bedfont.com\/pl\/?s={search_term_string}"},"query-input":{"@type":"PropertyValueSpecification","valueRequired":true,"valueName":"search_term_string"}}],"inLanguage":"pl-PL"},{"@type":"Organization","@id":"https:\/\/www.bedfont.com\/pl\/#organization","name":"Bedfont Scientific Ltd.","url":"https:\/\/www.bedfont.com\/pl\/","logo":{"@type":"ImageObject","inLanguage":"pl-PL","@id":"https:\/\/www.bedfont.com\/pl\/#\/schema\/logo\/image\/","url":"https:\/\/www.bedfont.com\/wp-content\/uploads\/2023\/06\/logo.png","contentUrl":"https:\/\/www.bedfont.com\/wp-content\/uploads\/2023\/06\/logo.png","width":1600,"height":505,"caption":"Bedfont Scientific Ltd."},"image":{"@id":"https:\/\/www.bedfont.com\/pl\/#\/schema\/logo\/image\/"},"sameAs":["https:\/\/www.facebook.com\/Bedfontltd\/","https:\/\/x.com\/BedfontLtd","https:\/\/www.instagram.com\/bedfontltd\/","https:\/\/www.linkedin.com\/company\/bedfont-scientific-ltd\/","https:\/\/www.youtube.com\/user\/BedfontScientificLtd"]}]}},"_links":{"self":[{"href":"https:\/\/www.bedfont.com\/pl\/wp-json\/wp\/v2\/pages\/3549","targetHints":{"allow":["GET"]}}],"collection":[{"href":"https:\/\/www.bedfont.com\/pl\/wp-json\/wp\/v2\/pages"}],"about":[{"href":"https:\/\/www.bedfont.com\/pl\/wp-json\/wp\/v2\/types\/page"}],"author":[{"embeddable":true,"href":"https:\/\/www.bedfont.com\/pl\/wp-json\/wp\/v2\/users\/6"}],"replies":[{"embeddable":true,"href":"https:\/\/www.bedfont.com\/pl\/wp-json\/wp\/v2\/comments?post=3549"}],"version-history":[{"count":6,"href":"https:\/\/www.bedfont.com\/pl\/wp-json\/wp\/v2\/pages\/3549\/revisions"}],"predecessor-version":[{"id":7622,"href":"https:\/\/www.bedfont.com\/pl\/wp-json\/wp\/v2\/pages\/3549\/revisions\/7622"}],"wp:attachment":[{"href":"https:\/\/www.bedfont.com\/pl\/wp-json\/wp\/v2\/media?parent=3549"}],"curies":[{"name":"wp","href":"https:\/\/api.w.org\/{rel}","templated":true}]}}