{"id":3495,"date":"2024-01-09T16:29:36","date_gmt":"2024-01-09T16:29:36","guid":{"rendered":"https:\/\/bedfont.theprogressteam.com\/cleaning-bedfont-devices\/"},"modified":"2024-10-14T08:01:05","modified_gmt":"2024-10-14T08:01:05","slug":"czyszczenie-urzadzen-bedfont","status":"publish","type":"page","link":"https:\/\/www.bedfont.com\/pl\/czyszczenie-urzadzen-bedfont\/","title":{"rendered":"Czyszczenie urz\u0105dze\u0144 Bedfont"},"content":{"rendered":"\n<h1 class=\"wp-block-heading\">Jak czy\u015bci\u0107 urz\u0105dzenia do analizy oddechu Bedfont<sup>\u00ae<\/sup><\/h1>\n\n<p>Podczas czyszczenia urz\u0105dze\u0144 do analizy oddechu Smokeryzer<sup>\u00ae<\/sup>, NObreath<sup>\u00ae<\/sup>, ToxCO<sup>\u00ae<\/sup> i Gastrolyzer<sup>\u00ae<\/sup> zaleca si\u0119 stosowanie roztwor\u00f3w wolnych od alkoholu. <\/p>\n\n<p>Jedn\u0105 z opcji jest czyszczenie urz\u0105dzenia wilgotn\u0105 szmatk\u0105 z u\u017cyciem wody lub \u0142agodnego detergentu; zaleca si\u0119 stosowanie nast\u0119puj\u0105cych kategorii \u015brodk\u00f3w czyszcz\u0105cych wolnych od alkoholu:<\/p>\n\n<figure class=\"wp-block-table mt-5 mb-5\"><table class=\"has-fixed-layout\"><tbody><tr><th>Sk\u0142adniki aktywne<\/th><th>St\u0119\u017cenie<\/th><th>Przyk\u0142ad<\/th><\/tr><tr><td>Izotiazolinon<\/td><td>&lt;0.01%<\/td><td>5-chloro-2-metylo-2H-izotiazol-3-on<\/td><\/tr><tr><td>Biguanid<\/td><td>&lt;1.0%<\/td><td>Chlorowodorek poliheksametylenobiguanidu<\/td><\/tr><tr><td>Biguanid<\/td><td>&lt;2%<\/td><td>Diglukonian chlorheksydyny<\/td><\/tr><tr><td>Czwartorz\u0119dowy zwi\u0105zek amoniowy<\/td><td>&lt;5%<\/td><td>Chlorek benzalkoniowy<\/td><\/tr><tr><td>Podchloryn sodu<\/td><td>&lt;0,74%<\/td><td><\/td><\/tr><tr><td>Wodorotlenek sodu<\/td><td>&lt;0,25%<\/td><\/tr><\/tbody><\/table><\/figure>\n\n<p>\u015arodki czyszcz\u0105ce i chusteczki czyszcz\u0105ce zawieraj\u0105ce powy\u017csze sk\u0142adniki w zalecanych st\u0119\u017ceniach s\u0105 odpowiednie do stosowania z urz\u0105dzeniami do analizy oddechu <sup>Bedfont\u00ae<\/sup>.<\/p>\n\n<p><strong><sup>Bedfont\u00ae<\/sup> przetestowa\u0142 i mo\u017ce poleci\u0107 nast\u0119puj\u0105ce chusteczki czyszcz\u0105ce:<\/strong><\/p>\n\n<ul class=\"wp-block-list\">\n<li>Azomax Universal Wipes (Vernacare)<\/li>\n\n\n\n<li>Clinell Universal Wipes (Gama Healthcare)<\/li>\n\n\n\n<li>Clinell Clorox Wipes (Gama Healthcare)<\/li>\n\n\n\n<li>AF3 Sani-cloth Germicidal Disposable Wipe (PDI)<\/li>\n<\/ul>\n\n<p>Nie czy\u015b\u0107 urz\u0105dzenia produktami zawieraj\u0105cymi jakikolwiek rodzaj alkoholu, w tym produktami czyszcz\u0105cymi u\u017cywanymi do czyszczenia innych sprz\u0119t\u00f3w lub powierzchni, a tak\u017ce chusteczkami alkoholowymi, \u017celami lub sprejami u\u017cywanymi na pacjentach.<\/p>\n\n<p>Nie u\u017cywaj produkt\u00f3w takich jak, ale nie ograniczaj\u0105c si\u0119 do:<\/p>\n\n<ul class=\"wp-block-list\">\n<li>\u015arodk\u00f3w dezynfekuj\u0105cych, sprej\u00f3w lub chusteczek zawieraj\u0105cych alkohol.<\/li>\n\n\n\n<li>\u015arodk\u00f3w czyszcz\u0105cych u\u017cywanych do czyszczenia obiekt\u00f3w lub powierzchni a tak\u017ce chusteczek lub sprej\u00f3w alkoholowych u\u017cywanych na pacjentach.<\/li>\n\n\n\n<li>\u015arodk\u00f3w dezynfekuj\u0105cych do r\u0105k zawieraj\u0105cych alkohol.<\/li>\n<\/ul>\n\n<p>Stosowanie substancji zawieraj\u0105cych alkohol w pobli\u017cu urz\u0105dze\u0144 do analizy oddechu Bedfont<sup>\u00ae<\/sup> mo\u017ce powodowa\u0107 b\u0142\u0119dne wyniki. Bedfont<sup>\u00ae<\/sup> zaleca minimalizowanie stosowania rozpuszczalnik\u00f3w w pobli\u017cu lub wok\u00f3\u0142 urz\u0105dzenia. <\/p>\n\n<p>Wi\u0119cej informacji na temat procedur czyszczenia mo\u017cna znale\u017a\u0107 w instrukcji obs\u0142ugi urz\u0105dzenia.\nWszystkie instrukcje s\u0105 dost\u0119pne <a href=\"\" target=\"\" title=\"\" rel=\"noopener\">tutaj<\/a>. <\/p>\n\n<p>Je\u015bli masz jakiekolwiek pytania dotycz\u0105ce tych informacji, skontaktuj si\u0119 z nami przez e-mail na <a href=\"mailto:ask@bedfont.com\">adres ask@bedfont.com<\/a> . Mo\u017cesz r\u00f3wnie\u017c zadzwoni\u0107 do nas pod numer +44 (0) 1622 851122. <\/p>\n","protected":false},"excerpt":{"rendered":"<p>Jak czy\u015bci\u0107 urz\u0105dzenia do analizy oddechu Bedfont\u00ae Podczas czyszczenia urz\u0105dze\u0144 do analizy oddechu Smokeryzer\u00ae, NObreath\u00ae, ToxCO\u00ae i Gastrolyzer\u00ae zaleca si\u0119 stosowanie roztwor\u00f3w wolnych od alkoholu. Jedn\u0105 z opcji jest czyszczenie urz\u0105dzenia wilgotn\u0105 szmatk\u0105 z u\u017cyciem wody lub \u0142agodnego detergentu; zaleca si\u0119 stosowanie nast\u0119puj\u0105cych kategorii \u015brodk\u00f3w czyszcz\u0105cych wolnych od alkoholu: Sk\u0142adniki aktywne St\u0119\u017cenie Przyk\u0142ad Izotiazolinon &lt;0.01% [&hellip;]<\/p>\n","protected":false},"author":6,"featured_media":0,"parent":0,"menu_order":0,"comment_status":"closed","ping_status":"closed","template":"templates\/page-gutenberg.php","meta":{"_acf_changed":false,"footnotes":""},"class_list":["post-3495","page","type-page","status-publish","hentry"],"acf":[],"yoast_head":"<!-- This site is optimized with the Yoast SEO plugin v27.4 - https:\/\/yoast.com\/product\/yoast-seo-wordpress\/ -->\n<title>Czyszczenie urz\u0105dze\u0144 Bedfont - Bedfont Scientific Ltd.<\/title>\n<meta name=\"description\" content=\"Produkty czyszcz\u0105ce i chusteczki czyszcz\u0105ce zawieraj\u0105ce te sk\u0142adniki w zalecanych st\u0119\u017ceniach nadaj\u0105 si\u0119 do stosowania z naszymi urz\u0105dzeniami.\" \/>\n<meta name=\"robots\" content=\"index, follow, max-snippet:-1, max-image-preview:large, max-video-preview:-1\" \/>\n<link rel=\"canonical\" href=\"https:\/\/www.bedfont.com\/pl\/czyszczenie-urzadzen-bedfont\/\" \/>\n<meta property=\"og:locale\" content=\"pl_PL\" \/>\n<meta property=\"og:type\" content=\"article\" \/>\n<meta property=\"og:title\" content=\"Czyszczenie urz\u0105dze\u0144 Bedfont - Bedfont Scientific Ltd.\" \/>\n<meta property=\"og:description\" content=\"Produkty czyszcz\u0105ce i chusteczki czyszcz\u0105ce zawieraj\u0105ce te sk\u0142adniki w zalecanych st\u0119\u017ceniach nadaj\u0105 si\u0119 do stosowania z naszymi urz\u0105dzeniami.\" \/>\n<meta property=\"og:url\" content=\"https:\/\/www.bedfont.com\/pl\/czyszczenie-urzadzen-bedfont\/\" \/>\n<meta property=\"og:site_name\" content=\"Bedfont Scientific Ltd.\" \/>\n<meta property=\"article:publisher\" content=\"https:\/\/www.facebook.com\/Bedfontltd\/\" \/>\n<meta property=\"article:modified_time\" content=\"2024-10-14T08:01:05+00:00\" \/>\n<meta name=\"twitter:card\" content=\"summary_large_image\" \/>\n<meta name=\"twitter:site\" content=\"@BedfontLtd\" \/>\n<meta name=\"twitter:label1\" content=\"Szacowany czas czytania\" \/>\n\t<meta name=\"twitter:data1\" content=\"2 minuty\" \/>\n<script type=\"application\/ld+json\" class=\"yoast-schema-graph\">{\"@context\":\"https:\\\/\\\/schema.org\",\"@graph\":[{\"@type\":\"WebPage\",\"@id\":\"https:\\\/\\\/www.bedfont.com\\\/pl\\\/czyszczenie-urzadzen-bedfont\\\/\",\"url\":\"https:\\\/\\\/www.bedfont.com\\\/pl\\\/czyszczenie-urzadzen-bedfont\\\/\",\"name\":\"Czyszczenie urz\u0105dze\u0144 Bedfont - Bedfont Scientific Ltd.\",\"isPartOf\":{\"@id\":\"https:\\\/\\\/www.bedfont.com\\\/pl\\\/#website\"},\"datePublished\":\"2024-01-09T16:29:36+00:00\",\"dateModified\":\"2024-10-14T08:01:05+00:00\",\"description\":\"Produkty czyszcz\u0105ce i chusteczki czyszcz\u0105ce zawieraj\u0105ce te sk\u0142adniki w zalecanych st\u0119\u017ceniach nadaj\u0105 si\u0119 do stosowania z naszymi urz\u0105dzeniami.\",\"breadcrumb\":{\"@id\":\"https:\\\/\\\/www.bedfont.com\\\/pl\\\/czyszczenie-urzadzen-bedfont\\\/#breadcrumb\"},\"inLanguage\":\"pl-PL\",\"potentialAction\":[{\"@type\":\"ReadAction\",\"target\":[\"https:\\\/\\\/www.bedfont.com\\\/pl\\\/czyszczenie-urzadzen-bedfont\\\/\"]}]},{\"@type\":\"BreadcrumbList\",\"@id\":\"https:\\\/\\\/www.bedfont.com\\\/pl\\\/czyszczenie-urzadzen-bedfont\\\/#breadcrumb\",\"itemListElement\":[{\"@type\":\"ListItem\",\"position\":1,\"name\":\"Home\",\"item\":\"https:\\\/\\\/www.bedfont.com\\\/pl\\\/\"},{\"@type\":\"ListItem\",\"position\":2,\"name\":\"Czyszczenie urz\u0105dze\u0144 Bedfont\"}]},{\"@type\":\"WebSite\",\"@id\":\"https:\\\/\\\/www.bedfont.com\\\/pl\\\/#website\",\"url\":\"https:\\\/\\\/www.bedfont.com\\\/pl\\\/\",\"name\":\"Bedfont Scientific Ltd.\",\"description\":\"World leaders in breath analysis.\",\"publisher\":{\"@id\":\"https:\\\/\\\/www.bedfont.com\\\/pl\\\/#organization\"},\"potentialAction\":[{\"@type\":\"SearchAction\",\"target\":{\"@type\":\"EntryPoint\",\"urlTemplate\":\"https:\\\/\\\/www.bedfont.com\\\/pl\\\/?s={search_term_string}\"},\"query-input\":{\"@type\":\"PropertyValueSpecification\",\"valueRequired\":true,\"valueName\":\"search_term_string\"}}],\"inLanguage\":\"pl-PL\"},{\"@type\":\"Organization\",\"@id\":\"https:\\\/\\\/www.bedfont.com\\\/pl\\\/#organization\",\"name\":\"Bedfont Scientific Ltd.\",\"url\":\"https:\\\/\\\/www.bedfont.com\\\/pl\\\/\",\"logo\":{\"@type\":\"ImageObject\",\"inLanguage\":\"pl-PL\",\"@id\":\"https:\\\/\\\/www.bedfont.com\\\/pl\\\/#\\\/schema\\\/logo\\\/image\\\/\",\"url\":\"https:\\\/\\\/www.bedfont.com\\\/wp-content\\\/uploads\\\/2023\\\/06\\\/logo.png\",\"contentUrl\":\"https:\\\/\\\/www.bedfont.com\\\/wp-content\\\/uploads\\\/2023\\\/06\\\/logo.png\",\"width\":1600,\"height\":505,\"caption\":\"Bedfont Scientific Ltd.\"},\"image\":{\"@id\":\"https:\\\/\\\/www.bedfont.com\\\/pl\\\/#\\\/schema\\\/logo\\\/image\\\/\"},\"sameAs\":[\"https:\\\/\\\/www.facebook.com\\\/Bedfontltd\\\/\",\"https:\\\/\\\/x.com\\\/BedfontLtd\",\"https:\\\/\\\/www.instagram.com\\\/bedfontltd\\\/\",\"https:\\\/\\\/www.linkedin.com\\\/company\\\/bedfont-scientific-ltd\\\/\",\"https:\\\/\\\/www.youtube.com\\\/user\\\/BedfontScientificLtd\"]}]}<\/script>\n<!-- \/ Yoast SEO plugin. -->","yoast_head_json":{"title":"Czyszczenie urz\u0105dze\u0144 Bedfont - Bedfont Scientific Ltd.","description":"Produkty czyszcz\u0105ce i chusteczki czyszcz\u0105ce zawieraj\u0105ce te sk\u0142adniki w zalecanych st\u0119\u017ceniach nadaj\u0105 si\u0119 do stosowania z naszymi urz\u0105dzeniami.","robots":{"index":"index","follow":"follow","max-snippet":"max-snippet:-1","max-image-preview":"max-image-preview:large","max-video-preview":"max-video-preview:-1"},"canonical":"https:\/\/www.bedfont.com\/pl\/czyszczenie-urzadzen-bedfont\/","og_locale":"pl_PL","og_type":"article","og_title":"Czyszczenie urz\u0105dze\u0144 Bedfont - Bedfont Scientific Ltd.","og_description":"Produkty czyszcz\u0105ce i chusteczki czyszcz\u0105ce zawieraj\u0105ce te sk\u0142adniki w zalecanych st\u0119\u017ceniach nadaj\u0105 si\u0119 do stosowania z naszymi urz\u0105dzeniami.","og_url":"https:\/\/www.bedfont.com\/pl\/czyszczenie-urzadzen-bedfont\/","og_site_name":"Bedfont Scientific Ltd.","article_publisher":"https:\/\/www.facebook.com\/Bedfontltd\/","article_modified_time":"2024-10-14T08:01:05+00:00","twitter_card":"summary_large_image","twitter_site":"@BedfontLtd","twitter_misc":{"Szacowany czas czytania":"2 minuty"},"schema":{"@context":"https:\/\/schema.org","@graph":[{"@type":"WebPage","@id":"https:\/\/www.bedfont.com\/pl\/czyszczenie-urzadzen-bedfont\/","url":"https:\/\/www.bedfont.com\/pl\/czyszczenie-urzadzen-bedfont\/","name":"Czyszczenie urz\u0105dze\u0144 Bedfont - Bedfont Scientific Ltd.","isPartOf":{"@id":"https:\/\/www.bedfont.com\/pl\/#website"},"datePublished":"2024-01-09T16:29:36+00:00","dateModified":"2024-10-14T08:01:05+00:00","description":"Produkty czyszcz\u0105ce i chusteczki czyszcz\u0105ce zawieraj\u0105ce te sk\u0142adniki w zalecanych st\u0119\u017ceniach nadaj\u0105 si\u0119 do stosowania z naszymi urz\u0105dzeniami.","breadcrumb":{"@id":"https:\/\/www.bedfont.com\/pl\/czyszczenie-urzadzen-bedfont\/#breadcrumb"},"inLanguage":"pl-PL","potentialAction":[{"@type":"ReadAction","target":["https:\/\/www.bedfont.com\/pl\/czyszczenie-urzadzen-bedfont\/"]}]},{"@type":"BreadcrumbList","@id":"https:\/\/www.bedfont.com\/pl\/czyszczenie-urzadzen-bedfont\/#breadcrumb","itemListElement":[{"@type":"ListItem","position":1,"name":"Home","item":"https:\/\/www.bedfont.com\/pl\/"},{"@type":"ListItem","position":2,"name":"Czyszczenie urz\u0105dze\u0144 Bedfont"}]},{"@type":"WebSite","@id":"https:\/\/www.bedfont.com\/pl\/#website","url":"https:\/\/www.bedfont.com\/pl\/","name":"Bedfont Scientific Ltd.","description":"World leaders in breath analysis.","publisher":{"@id":"https:\/\/www.bedfont.com\/pl\/#organization"},"potentialAction":[{"@type":"SearchAction","target":{"@type":"EntryPoint","urlTemplate":"https:\/\/www.bedfont.com\/pl\/?s={search_term_string}"},"query-input":{"@type":"PropertyValueSpecification","valueRequired":true,"valueName":"search_term_string"}}],"inLanguage":"pl-PL"},{"@type":"Organization","@id":"https:\/\/www.bedfont.com\/pl\/#organization","name":"Bedfont Scientific Ltd.","url":"https:\/\/www.bedfont.com\/pl\/","logo":{"@type":"ImageObject","inLanguage":"pl-PL","@id":"https:\/\/www.bedfont.com\/pl\/#\/schema\/logo\/image\/","url":"https:\/\/www.bedfont.com\/wp-content\/uploads\/2023\/06\/logo.png","contentUrl":"https:\/\/www.bedfont.com\/wp-content\/uploads\/2023\/06\/logo.png","width":1600,"height":505,"caption":"Bedfont Scientific Ltd."},"image":{"@id":"https:\/\/www.bedfont.com\/pl\/#\/schema\/logo\/image\/"},"sameAs":["https:\/\/www.facebook.com\/Bedfontltd\/","https:\/\/x.com\/BedfontLtd","https:\/\/www.instagram.com\/bedfontltd\/","https:\/\/www.linkedin.com\/company\/bedfont-scientific-ltd\/","https:\/\/www.youtube.com\/user\/BedfontScientificLtd"]}]}},"_links":{"self":[{"href":"https:\/\/www.bedfont.com\/pl\/wp-json\/wp\/v2\/pages\/3495","targetHints":{"allow":["GET"]}}],"collection":[{"href":"https:\/\/www.bedfont.com\/pl\/wp-json\/wp\/v2\/pages"}],"about":[{"href":"https:\/\/www.bedfont.com\/pl\/wp-json\/wp\/v2\/types\/page"}],"author":[{"embeddable":true,"href":"https:\/\/www.bedfont.com\/pl\/wp-json\/wp\/v2\/users\/6"}],"replies":[{"embeddable":true,"href":"https:\/\/www.bedfont.com\/pl\/wp-json\/wp\/v2\/comments?post=3495"}],"version-history":[{"count":4,"href":"https:\/\/www.bedfont.com\/pl\/wp-json\/wp\/v2\/pages\/3495\/revisions"}],"predecessor-version":[{"id":6344,"href":"https:\/\/www.bedfont.com\/pl\/wp-json\/wp\/v2\/pages\/3495\/revisions\/6344"}],"wp:attachment":[{"href":"https:\/\/www.bedfont.com\/pl\/wp-json\/wp\/v2\/media?parent=3495"}],"curies":[{"name":"wp","href":"https:\/\/api.w.org\/{rel}","templated":true}]}}