{"id":3461,"date":"2023-02-09T14:17:44","date_gmt":"2023-02-09T14:17:44","guid":{"rendered":"https:\/\/bedfont.theprogressteam.com\/zostan-dystrybutorem\/"},"modified":"2025-02-04T16:49:23","modified_gmt":"2025-02-04T16:49:23","slug":"zostan-dystrybutorem","status":"publish","type":"page","link":"https:\/\/www.bedfont.com\/pl\/zostan-dystrybutorem\/","title":{"rendered":"Zosta\u0144 Dystrybutorem"},"content":{"rendered":"<section class='subtle-bg mb-60px module-3461-hero-0' id='module-3461-hero-0'>\n\t<img decoding='async' src='https:\/\/www.bedfont.com\/wp-content\/themes\/bedfont\/assets\/img\/subtle-bg.jpg' class='subtle-bg' alt='Image of subtle website background'>\n\t<div class='container'>\n\t\t<div class='row'>\n\t\t\t<div class='col-12 col-md-6 pe-5 my-auto'>\n\t\t\t\t<h1 class='text-left mt-lg-0'>Zosta\u0144 Dystrybutorem<\/h1>\n\t\t\t\t<p><p>Bedfont\u00ae zobowi\u0105zuje si\u0119 do prowadzenia dzia\u0142alno\u015bci za po\u015brednictwem starannie wybranych dystrybutor\u00f3w, kt\u00f3rzy podzielaj\u0105 ten sam cel w zakresie poprawy opieki zdrowotnej na ca\u0142ym \u015bwiecie. Nasi dystrybutorzy maj\u0105 udokumentowane osi\u0105gni\u0119cia w zakresie przyw\u00f3dztwa biznesowego w r\u00f3\u017cnych sektorach i \u015bci\u015ble wsp\u00f3\u0142pracujemy, aby utrzyma\u0107 z nimi d\u0142ugotrwa\u0142e relacje.<\/p>\n<p>Zawsze poszukujemy os\u00f3b o podobnych pogl\u0105dach, kt\u00f3re pomog\u0142yby nam w dystrybucji naszych produkt\u00f3w na ca\u0142ym \u015bwiecie, realizuj\u0105c nasz\u0105 misj\u0119 dostarczania najnowocze\u015bniejszych produkt\u00f3w medycznych do analizy oddechu.<\/p>\n<ul class=\"distributor-checklist\">\n<li><i class=\"fa-solid fa-check\" aria-hidden=\"true\"><\/i> Skutecznie komercjalizujemy produkty na ca\u0142ym \u015bwiecie od ponad 40 lat<\/li>\n<li><i class=\"fa-solid fa-check\" aria-hidden=\"true\"><\/i> Nasze znaki towarowe s\u0105 rozpoznawane w ponad 70 krajach<\/li>\n<li><i class=\"fa-solid fa-check\" aria-hidden=\"true\"><\/i> Liderzy rynku w dziedzinie zaprzestania palenia, gastroenterologii i astmy<\/li>\n<li><i class=\"fa-solid fa-check\" aria-hidden=\"true\"><\/i> Produkty wysokiej jako\u015bci, innowacyjne i w konkurencyjnych cenach<\/li>\n<li><i class=\"fa-solid fa-check\" aria-hidden=\"true\"><\/i> Szybka obs\u0142uga i r\u00f3\u017cnorodne narz\u0119dzia marketingowe wspieraj\u0105ce Twoje dzia\u0142ania<\/li>\n<li><i class=\"fa-solid fa-check\" aria-hidden=\"true\"><\/i> Korzy\u015bci ze Wsp\u00f3\u0142pracy<\/li>\n<\/ul>\n<\/p>\n\t\t\t\t\n\t\t\t<\/div>\n\t\t\t<div class='col-12 col-md-6 mt-5 mt-lg-0'><img width=\"500\" height=\"542\" src=\"https:\/\/www.bedfont.com\/wp-content\/uploads\/2024\/10\/distributor-image.png\" class=\"img-fluid br-30\" alt=\"\" decoding=\"async\" loading=\"lazy\" srcset=\"https:\/\/www.bedfont.com\/wp-content\/uploads\/2024\/10\/distributor-image.png 500w, https:\/\/www.bedfont.com\/wp-content\/uploads\/2024\/10\/distributor-image-277x300.png 277w\" sizes=\"auto, (max-width: 500px) 100vw, 500px\" \/><\/div>\n\t\t<\/div>\n\t<\/div>\n<\/section><section class='two-column-image-text style-3 accordion-module  module-3461-accordion-1' id='module-3461-accordion-1'>\n\t<div class='container'>\n\t\t<div class='row '>\n\t\t\t<div class='col-12 col-lg-6 ps-md-5 who-we-are-home my-auto text-col'>\n\t<div class='inner'>\n\n\t\t\t\t<h2 class='text-center'>Korzy\u015bci z Zostania Dystrybutorem Bedfont<\/h2>\n    <div class='accordion' id='accordionModule'><div class='accordion-item'><h2 class='accordion-header' id='heading0'> <button class='accordion-button ' type='button' data-bs-toggle='collapse' data-bs-target='#collapse0' aria-expanded='true' aria-controls='collapse0'> Marketing <\/button> <\/h2><div id='collapse0' class='accordion-collapse collapse show' aria-labelledby='heading0' data-bs-parent='#accordionModule'>\n\t\t\t\t\t\t\t\t<div class='accordion-body'>\n\t\t\t\t\t\t\t\t\t<ul class='distributor-checklist'><li><i class='fa-solid fa-check' aria-hidden='true'><\/i>Materia\u0142y marketingowe<\/li><li><i class='fa-solid fa-check' aria-hidden='true'><\/i>Zestawy sprzeda\u017cowe<\/li><li><i class='fa-solid fa-check' aria-hidden='true'><\/i>Umieszczenie na naszej stronie internetowej<\/li><li><i class='fa-solid fa-check' aria-hidden='true'><\/i>Lokalne promocje: regularne kampanie i zach\u0119ty dopasowane do Twojego regionu sprzeda\u017cy<\/li><li><i class='fa-solid fa-check' aria-hidden='true'><\/i>Potencja\u0142 grant\u00f3w na inicjatywy marketingowe<\/li><\/ul>\n\t\t\t\t\t\t\t\t<\/div>\n\t\t\t\t\t\t\t<\/div><\/div><div class='accordion-item'><h2 class='accordion-header' id='heading1'> <button class='accordion-button collapsed' type='button' data-bs-toggle='collapse' data-bs-target='#collapse1' aria-expanded='false' aria-controls='collapse1'> Wsparcie Sprzeda\u017cy <\/button> <\/h2><div id='collapse1' class='accordion-collapse collapse ' aria-labelledby='heading1' data-bs-parent='#accordionModule'>\n\t\t\t\t\t\t\t\t<div class='accordion-body'>\n\t\t\t\t\t\t\t\t\t<ul class='distributor-checklist'><li><i class='fa-solid fa-check' aria-hidden='true'><\/i>Wy\u017csze mar\u017ce sprzeda\u017cowe<\/li><li><i class='fa-solid fa-check' aria-hidden='true'><\/i>Zni\u017ckowe urz\u0105dzenia demonstracyjne nie do dalszej sprzeda\u017cy (ang. NFR \u2013 not-for-resale)<\/li><li><i class='fa-solid fa-check' aria-hidden='true'><\/i>Cennik RRP<\/li><li><i class='fa-solid fa-check' aria-hidden='true'><\/i>Dedykowane zarz\u0105dzanie kontem i gEnerowanie lead\u00f3w<\/li><li><i class='fa-solid fa-check' aria-hidden='true'><\/i>Jeden reaktywny punkt kontaktowy<\/li><li><i class='fa-solid fa-check' aria-hidden='true'><\/i>Wsp\u00f3lne planowanie dzia\u0142a\u0144 sprzeda\u017cowych i marketingowych<\/li><li><i class='fa-solid fa-check' aria-hidden='true'><\/i>Wsparcie podczas wizyt u klient\u00f3w ko\u0144cowych<\/li><li><i class='fa-solid fa-check' aria-hidden='true'><\/i>Przekazywanie lead\u00f3w klient\u00f3w<\/li><\/ul>\n\t\t\t\t\t\t\t\t<\/div>\n\t\t\t\t\t\t\t<\/div><\/div><div class='accordion-item'><h2 class='accordion-header' id='heading2'> <button class='accordion-button collapsed' type='button' data-bs-toggle='collapse' data-bs-target='#collapse2' aria-expanded='false' aria-controls='collapse2'> Szkolenie <\/button> <\/h2><div id='collapse2' class='accordion-collapse collapse ' aria-labelledby='heading2' data-bs-parent='#accordionModule'>\n\t\t\t\t\t\t\t\t<div class='accordion-body'>\n\t\t\t\t\t\t\t\t\t<ul class='distributor-checklist'><li><i class='fa-solid fa-check' aria-hidden='true'><\/i>Sprzeda\u017c i rozw\u00f3j biznesu<\/li><li><i class='fa-solid fa-check' aria-hidden='true'><\/i>Szkolenia stacjonarne, webinaria i kursy online<\/li><li><i class='fa-solid fa-check' aria-hidden='true'><\/i>Filmy produktowe<\/li><\/ul>\n\t\t\t\t\t\t\t\t<\/div>\n\t\t\t\t\t\t\t<\/div><\/div><div class='accordion-item'><h2 class='accordion-header' id='heading3'> <button class='accordion-button collapsed' type='button' data-bs-toggle='collapse' data-bs-target='#collapse3' aria-expanded='false' aria-controls='collapse3'> Dedykowane informacje <\/button> <\/h2><div id='collapse3' class='accordion-collapse collapse ' aria-labelledby='heading3' data-bs-parent='#accordionModule'>\n\t\t\t\t\t\t\t\t<div class='accordion-body'>\n\t\t\t\t\t\t\t\t\t<ul class='distributor-checklist'><li><i class='fa-solid fa-check' aria-hidden='true'><\/i>Regularne biuletyny\r\n<\/li><li><i class='fa-solid fa-check' aria-hidden='true'><\/i>Strona internetowa dystrybutora<\/li><li><i class='fa-solid fa-check' aria-hidden='true'><\/i>Wczesne og\u0142oszenia o wprowadzeniu i wycofaniu produkt\u00f3w<\/li><li><i class='fa-solid fa-check' aria-hidden='true'><\/i>Specyfikacje techniczne<\/li><\/ul>\n\t\t\t\t\t\t\t\t<\/div>\n\t\t\t\t\t\t\t<\/div><\/div><div class='accordion-item'><h2 class='accordion-header' id='heading4'> <button class='accordion-button collapsed' type='button' data-bs-toggle='collapse' data-bs-target='#collapse4' aria-expanded='false' aria-controls='collapse4'> Wsparcie techniczne <\/button> <\/h2><div id='collapse4' class='accordion-collapse collapse ' aria-labelledby='heading4' data-bs-parent='#accordionModule'>\n\t\t\t\t\t\t\t\t<div class='accordion-body'>\n\t\t\t\t\t\t\t\t\t<ul class='distributor-checklist'><li><i class='fa-solid fa-check' aria-hidden='true'><\/i>Wsparcie online i telefoniczne<\/li><li><i class='fa-solid fa-check' aria-hidden='true'><\/i>Wideokonferencje<\/li><li><i class='fa-solid fa-check' aria-hidden='true'><\/i>Umieszczenie na naszej stronie internetowej<\/li><li><i class='fa-solid fa-check' aria-hidden='true'><\/i>Gwarancja i przed\u0142u\u017cona gwarancja<\/li><li><i class='fa-solid fa-check' aria-hidden='true'><\/i>Wsparcie lokalne<\/li><\/ul>\n\t\t\t\t\t\t\t\t<\/div>\n\t\t\t\t\t\t\t<\/div><\/div><\/div>\n\t<div class='bottom-text mt-4 text-center'><p>Niekt\u00f3re korzy\u015bci zale\u017c\u0105 od kategorii dystrybutora.<\/p>\n<\/div>\n\t\t\t<\/div>\n\t\t\t<\/div>\n\t\t\t<div class='col-12 col-lg-6'>\n\t\t\t<div class='image-box'>\n\t\t\t<img width=\"640\" height=\"482\" src=\"https:\/\/www.bedfont.com\/wp-content\/uploads\/2024\/10\/distributor-meeting-1024x771.jpg\" class=\"attachment-large size-large\" alt=\"\" decoding=\"async\" loading=\"lazy\" srcset=\"https:\/\/www.bedfont.com\/wp-content\/uploads\/2024\/10\/distributor-meeting-1024x771.jpg 1024w, https:\/\/www.bedfont.com\/wp-content\/uploads\/2024\/10\/distributor-meeting-300x226.jpg 300w, https:\/\/www.bedfont.com\/wp-content\/uploads\/2024\/10\/distributor-meeting-768x578.jpg 768w, https:\/\/www.bedfont.com\/wp-content\/uploads\/2024\/10\/distributor-meeting-1536x1157.jpg 1536w, https:\/\/www.bedfont.com\/wp-content\/uploads\/2024\/10\/distributor-meeting.jpg 2000w\" sizes=\"auto, (max-width: 640px) 100vw, 640px\" \/>\n\t\t\t<\/div>\n\t\t\t<\/div>\n\t\t<\/div>\n\t<\/div>\n<\/section><section class='two-column-image-text style-1 already-bedfont-distributor module-3461-two_column_image_text-2' id='module-3461-two_column_image_text-2'>\n\t<div class='container'>\n\t\t<div class='row flex-row-reverse'>\n\t\t\t<div class='col-12 col-lg-6 ps-md-5 who-we-are-home my-auto text-col' >\n\t<div class='inner'>\n\n\t\t\t\t<h2 class='text-left'>Ju\u017c Jeste\u015b <span class=\"blue-text\">Dystrybutorem Bedfont? <\/span><\/span><\/h2>\n\t\t\t\t<p>Je\u015bli jeste\u015b ju\u017c dystrybutorem Bedfont i chcia\u0142by\u015b uzyska\u0107 dost\u0119p do naszej dedykowanej strony internetowej dla dystrybutor\u00f3w, mo\u017cesz zalogowa\u0107 si\u0119 za pomoc\u0105 swojego loginu z poni\u017cszego linku. Znajdziesz tam aktualno\u015bci, informacje i materia\u0142y dotycz\u0105ce Bedfont Scientific Ltd. oraz naszych produkt\u00f3w.<\/p>\n\n                <div class='button-box button-pink'><a class='btn ' href='https:\/\/www.bedfont-distributor.com\/' target=\"_self\">Odwied\u017a tutaj<i class='fa fa-arrow-right ms-1' aria-hidden='true'><\/i><\/a><\/div>\n\t\t\t<\/div>\n\t\t\t<\/div>\n\t\t\t<div class='col-12 col-lg-6'>\n\t\t\t<div class='image-box'>\n\t\t\t\t<img width=\"500\" height=\"542\" src=\"https:\/\/www.bedfont.com\/wp-content\/uploads\/2024\/10\/distributor-image.png\" class=\"attachment-large size-large\" alt=\"\" decoding=\"async\" loading=\"lazy\" srcset=\"https:\/\/www.bedfont.com\/wp-content\/uploads\/2024\/10\/distributor-image.png 500w, https:\/\/www.bedfont.com\/wp-content\/uploads\/2024\/10\/distributor-image-277x300.png 277w\" sizes=\"auto, (max-width: 500px) 100vw, 500px\" \/>\n\t\t\t<\/div>\n\t\t\t<\/div>\n\t\t<\/div>\n\t<\/div>\n<\/section><section class='form text-center style-1 become-distributor-form module-3461-form-3' id='module-3461-form-3'><div class='container'><h2 class='text-center'>Zosta\u0144 Dystrybutorem <span class=\"blue-text\">Ju\u017c Dzi\u015b!<\/span><\/h2><p>Nie przegap tej okazji, aby do\u0142\u0105czy\u0107 do rozwijaj\u0105cego si\u0119 i dynamicznego sektora. Zosta\u0144 dystrybutorem Bedfont ju\u017c dzi\u015b i przejmij kontrol\u0119 nad swoj\u0105 przysz\u0142o\u015bci\u0105 finansow\u0105. Wype\u0142nij poni\u017cszy formularz, aby to rozpocz\u0105\u0107!<\/p>\n<script charset=\"utf-8\" type=\"text\/javascript\" src=\"\/\/js.hsforms.net\/forms\/embed\/v2.js\"><\/script>\r\n<script>\r\n  hbspt.forms.create({\r\n    portalId: \"6295439\",\r\n    formId: \"33ba2228-2438-4e76-acf4-b07b054a6940\"\r\n  });\r\n<\/script><\/div><\/section>","protected":false},"excerpt":{"rendered":"<p>Zosta\u0144 Dystrybutorem Bedfont\u00ae zobowi\u0105zuje si\u0119 do prowadzenia dzia\u0142alno\u015bci za po\u015brednictwem starannie wybranych dystrybutor\u00f3w, kt\u00f3rzy podzielaj\u0105 ten sam cel w zakresie poprawy opieki zdrowotnej na ca\u0142ym \u015bwiecie. Nasi dystrybutorzy maj\u0105 udokumentowane osi\u0105gni\u0119cia w zakresie przyw\u00f3dztwa biznesowego w r\u00f3\u017cnych sektorach i \u015bci\u015ble wsp\u00f3\u0142pracujemy, aby utrzyma\u0107 z nimi d\u0142ugotrwa\u0142e relacje. Zawsze poszukujemy os\u00f3b o podobnych pogl\u0105dach, kt\u00f3re pomog\u0142yby [&hellip;]<\/p>\n","protected":false},"author":6,"featured_media":0,"parent":0,"menu_order":0,"comment_status":"closed","ping_status":"closed","template":"templates\/page-modules.php","meta":{"_acf_changed":false,"footnotes":""},"class_list":["post-3461","page","type-page","status-publish","hentry"],"acf":[],"yoast_head":"<!-- This site is optimized with the Yoast SEO plugin v27.4 - https:\/\/yoast.com\/product\/yoast-seo-wordpress\/ -->\n<title>Zosta\u0144 Dystrybutorem - Bedfont Scientific Ltd.<\/title>\n<meta name=\"description\" content=\"Bedfont anga\u017cuje si\u0119 w rozwijanie dzia\u0142alno\u015bci poprzez starannie wybranych dystrybutor\u00f3w, kt\u00f3rzy dziel\u0105 ten sam cel w zakresie poprawy opieki zdrowotnej na ca\u0142ym \u015bwiecie.\" \/>\n<meta name=\"robots\" content=\"index, follow, max-snippet:-1, max-image-preview:large, max-video-preview:-1\" \/>\n<link rel=\"canonical\" href=\"https:\/\/www.bedfont.com\/pl\/zostan-dystrybutorem\/\" \/>\n<meta property=\"og:locale\" content=\"pl_PL\" \/>\n<meta property=\"og:type\" content=\"article\" \/>\n<meta property=\"og:title\" content=\"Zosta\u0144 Dystrybutorem - Bedfont Scientific Ltd.\" \/>\n<meta property=\"og:description\" content=\"Bedfont anga\u017cuje si\u0119 w rozwijanie dzia\u0142alno\u015bci poprzez starannie wybranych dystrybutor\u00f3w, kt\u00f3rzy dziel\u0105 ten sam cel w zakresie poprawy opieki zdrowotnej na ca\u0142ym \u015bwiecie.\" \/>\n<meta property=\"og:url\" content=\"https:\/\/www.bedfont.com\/pl\/zostan-dystrybutorem\/\" \/>\n<meta property=\"og:site_name\" content=\"Bedfont Scientific Ltd.\" \/>\n<meta property=\"article:publisher\" content=\"https:\/\/www.facebook.com\/Bedfontltd\/\" \/>\n<meta property=\"article:modified_time\" content=\"2025-02-04T16:49:23+00:00\" \/>\n<meta property=\"og:image\" content=\"https:\/\/www.bedfont.com\/wp-content\/themes\/bedfont\/assets\/img\/subtle-bg.jpg\" \/>\n<meta name=\"twitter:card\" content=\"summary_large_image\" \/>\n<meta name=\"twitter:site\" content=\"@BedfontLtd\" \/>\n<meta name=\"twitter:label1\" content=\"Szacowany czas czytania\" \/>\n\t<meta name=\"twitter:data1\" content=\"3 minuty\" \/>\n<script type=\"application\/ld+json\" class=\"yoast-schema-graph\">{\"@context\":\"https:\\\/\\\/schema.org\",\"@graph\":[{\"@type\":\"WebPage\",\"@id\":\"https:\\\/\\\/www.bedfont.com\\\/pl\\\/zostan-dystrybutorem\\\/\",\"url\":\"https:\\\/\\\/www.bedfont.com\\\/pl\\\/zostan-dystrybutorem\\\/\",\"name\":\"Zosta\u0144 Dystrybutorem - Bedfont Scientific Ltd.\",\"isPartOf\":{\"@id\":\"https:\\\/\\\/www.bedfont.com\\\/pl\\\/#website\"},\"primaryImageOfPage\":{\"@id\":\"https:\\\/\\\/www.bedfont.com\\\/pl\\\/zostan-dystrybutorem\\\/#primaryimage\"},\"image\":{\"@id\":\"https:\\\/\\\/www.bedfont.com\\\/pl\\\/zostan-dystrybutorem\\\/#primaryimage\"},\"thumbnailUrl\":\"https:\\\/\\\/www.bedfont.com\\\/wp-content\\\/themes\\\/bedfont\\\/assets\\\/img\\\/subtle-bg.jpg\",\"datePublished\":\"2023-02-09T14:17:44+00:00\",\"dateModified\":\"2025-02-04T16:49:23+00:00\",\"description\":\"Bedfont anga\u017cuje si\u0119 w rozwijanie dzia\u0142alno\u015bci poprzez starannie wybranych dystrybutor\u00f3w, kt\u00f3rzy dziel\u0105 ten sam cel w zakresie poprawy opieki zdrowotnej na ca\u0142ym \u015bwiecie.\",\"breadcrumb\":{\"@id\":\"https:\\\/\\\/www.bedfont.com\\\/pl\\\/zostan-dystrybutorem\\\/#breadcrumb\"},\"inLanguage\":\"pl-PL\",\"potentialAction\":[{\"@type\":\"ReadAction\",\"target\":[\"https:\\\/\\\/www.bedfont.com\\\/pl\\\/zostan-dystrybutorem\\\/\"]}]},{\"@type\":\"ImageObject\",\"inLanguage\":\"pl-PL\",\"@id\":\"https:\\\/\\\/www.bedfont.com\\\/pl\\\/zostan-dystrybutorem\\\/#primaryimage\",\"url\":\"https:\\\/\\\/www.bedfont.com\\\/wp-content\\\/themes\\\/bedfont\\\/assets\\\/img\\\/subtle-bg.jpg\",\"contentUrl\":\"https:\\\/\\\/www.bedfont.com\\\/wp-content\\\/themes\\\/bedfont\\\/assets\\\/img\\\/subtle-bg.jpg\"},{\"@type\":\"BreadcrumbList\",\"@id\":\"https:\\\/\\\/www.bedfont.com\\\/pl\\\/zostan-dystrybutorem\\\/#breadcrumb\",\"itemListElement\":[{\"@type\":\"ListItem\",\"position\":1,\"name\":\"Home\",\"item\":\"https:\\\/\\\/www.bedfont.com\\\/pl\\\/\"},{\"@type\":\"ListItem\",\"position\":2,\"name\":\"Zosta\u0144 Dystrybutorem\"}]},{\"@type\":\"WebSite\",\"@id\":\"https:\\\/\\\/www.bedfont.com\\\/pl\\\/#website\",\"url\":\"https:\\\/\\\/www.bedfont.com\\\/pl\\\/\",\"name\":\"Bedfont Scientific Ltd.\",\"description\":\"World leaders in breath analysis.\",\"publisher\":{\"@id\":\"https:\\\/\\\/www.bedfont.com\\\/pl\\\/#organization\"},\"potentialAction\":[{\"@type\":\"SearchAction\",\"target\":{\"@type\":\"EntryPoint\",\"urlTemplate\":\"https:\\\/\\\/www.bedfont.com\\\/pl\\\/?s={search_term_string}\"},\"query-input\":{\"@type\":\"PropertyValueSpecification\",\"valueRequired\":true,\"valueName\":\"search_term_string\"}}],\"inLanguage\":\"pl-PL\"},{\"@type\":\"Organization\",\"@id\":\"https:\\\/\\\/www.bedfont.com\\\/pl\\\/#organization\",\"name\":\"Bedfont Scientific Ltd.\",\"url\":\"https:\\\/\\\/www.bedfont.com\\\/pl\\\/\",\"logo\":{\"@type\":\"ImageObject\",\"inLanguage\":\"pl-PL\",\"@id\":\"https:\\\/\\\/www.bedfont.com\\\/pl\\\/#\\\/schema\\\/logo\\\/image\\\/\",\"url\":\"https:\\\/\\\/www.bedfont.com\\\/wp-content\\\/uploads\\\/2023\\\/06\\\/logo.png\",\"contentUrl\":\"https:\\\/\\\/www.bedfont.com\\\/wp-content\\\/uploads\\\/2023\\\/06\\\/logo.png\",\"width\":1600,\"height\":505,\"caption\":\"Bedfont Scientific Ltd.\"},\"image\":{\"@id\":\"https:\\\/\\\/www.bedfont.com\\\/pl\\\/#\\\/schema\\\/logo\\\/image\\\/\"},\"sameAs\":[\"https:\\\/\\\/www.facebook.com\\\/Bedfontltd\\\/\",\"https:\\\/\\\/x.com\\\/BedfontLtd\",\"https:\\\/\\\/www.instagram.com\\\/bedfontltd\\\/\",\"https:\\\/\\\/www.linkedin.com\\\/company\\\/bedfont-scientific-ltd\\\/\",\"https:\\\/\\\/www.youtube.com\\\/user\\\/BedfontScientificLtd\"]}]}<\/script>\n<!-- \/ Yoast SEO plugin. -->","yoast_head_json":{"title":"Zosta\u0144 Dystrybutorem - Bedfont Scientific Ltd.","description":"Bedfont anga\u017cuje si\u0119 w rozwijanie dzia\u0142alno\u015bci poprzez starannie wybranych dystrybutor\u00f3w, kt\u00f3rzy dziel\u0105 ten sam cel w zakresie poprawy opieki zdrowotnej na ca\u0142ym \u015bwiecie.","robots":{"index":"index","follow":"follow","max-snippet":"max-snippet:-1","max-image-preview":"max-image-preview:large","max-video-preview":"max-video-preview:-1"},"canonical":"https:\/\/www.bedfont.com\/pl\/zostan-dystrybutorem\/","og_locale":"pl_PL","og_type":"article","og_title":"Zosta\u0144 Dystrybutorem - Bedfont Scientific Ltd.","og_description":"Bedfont anga\u017cuje si\u0119 w rozwijanie dzia\u0142alno\u015bci poprzez starannie wybranych dystrybutor\u00f3w, kt\u00f3rzy dziel\u0105 ten sam cel w zakresie poprawy opieki zdrowotnej na ca\u0142ym \u015bwiecie.","og_url":"https:\/\/www.bedfont.com\/pl\/zostan-dystrybutorem\/","og_site_name":"Bedfont Scientific Ltd.","article_publisher":"https:\/\/www.facebook.com\/Bedfontltd\/","article_modified_time":"2025-02-04T16:49:23+00:00","og_image":[{"url":"https:\/\/www.bedfont.com\/wp-content\/themes\/bedfont\/assets\/img\/subtle-bg.jpg","type":"","width":"","height":""}],"twitter_card":"summary_large_image","twitter_site":"@BedfontLtd","twitter_misc":{"Szacowany czas czytania":"3 minuty"},"schema":{"@context":"https:\/\/schema.org","@graph":[{"@type":"WebPage","@id":"https:\/\/www.bedfont.com\/pl\/zostan-dystrybutorem\/","url":"https:\/\/www.bedfont.com\/pl\/zostan-dystrybutorem\/","name":"Zosta\u0144 Dystrybutorem - Bedfont Scientific Ltd.","isPartOf":{"@id":"https:\/\/www.bedfont.com\/pl\/#website"},"primaryImageOfPage":{"@id":"https:\/\/www.bedfont.com\/pl\/zostan-dystrybutorem\/#primaryimage"},"image":{"@id":"https:\/\/www.bedfont.com\/pl\/zostan-dystrybutorem\/#primaryimage"},"thumbnailUrl":"https:\/\/www.bedfont.com\/wp-content\/themes\/bedfont\/assets\/img\/subtle-bg.jpg","datePublished":"2023-02-09T14:17:44+00:00","dateModified":"2025-02-04T16:49:23+00:00","description":"Bedfont anga\u017cuje si\u0119 w rozwijanie dzia\u0142alno\u015bci poprzez starannie wybranych dystrybutor\u00f3w, kt\u00f3rzy dziel\u0105 ten sam cel w zakresie poprawy opieki zdrowotnej na ca\u0142ym \u015bwiecie.","breadcrumb":{"@id":"https:\/\/www.bedfont.com\/pl\/zostan-dystrybutorem\/#breadcrumb"},"inLanguage":"pl-PL","potentialAction":[{"@type":"ReadAction","target":["https:\/\/www.bedfont.com\/pl\/zostan-dystrybutorem\/"]}]},{"@type":"ImageObject","inLanguage":"pl-PL","@id":"https:\/\/www.bedfont.com\/pl\/zostan-dystrybutorem\/#primaryimage","url":"https:\/\/www.bedfont.com\/wp-content\/themes\/bedfont\/assets\/img\/subtle-bg.jpg","contentUrl":"https:\/\/www.bedfont.com\/wp-content\/themes\/bedfont\/assets\/img\/subtle-bg.jpg"},{"@type":"BreadcrumbList","@id":"https:\/\/www.bedfont.com\/pl\/zostan-dystrybutorem\/#breadcrumb","itemListElement":[{"@type":"ListItem","position":1,"name":"Home","item":"https:\/\/www.bedfont.com\/pl\/"},{"@type":"ListItem","position":2,"name":"Zosta\u0144 Dystrybutorem"}]},{"@type":"WebSite","@id":"https:\/\/www.bedfont.com\/pl\/#website","url":"https:\/\/www.bedfont.com\/pl\/","name":"Bedfont Scientific Ltd.","description":"World leaders in breath analysis.","publisher":{"@id":"https:\/\/www.bedfont.com\/pl\/#organization"},"potentialAction":[{"@type":"SearchAction","target":{"@type":"EntryPoint","urlTemplate":"https:\/\/www.bedfont.com\/pl\/?s={search_term_string}"},"query-input":{"@type":"PropertyValueSpecification","valueRequired":true,"valueName":"search_term_string"}}],"inLanguage":"pl-PL"},{"@type":"Organization","@id":"https:\/\/www.bedfont.com\/pl\/#organization","name":"Bedfont Scientific Ltd.","url":"https:\/\/www.bedfont.com\/pl\/","logo":{"@type":"ImageObject","inLanguage":"pl-PL","@id":"https:\/\/www.bedfont.com\/pl\/#\/schema\/logo\/image\/","url":"https:\/\/www.bedfont.com\/wp-content\/uploads\/2023\/06\/logo.png","contentUrl":"https:\/\/www.bedfont.com\/wp-content\/uploads\/2023\/06\/logo.png","width":1600,"height":505,"caption":"Bedfont Scientific Ltd."},"image":{"@id":"https:\/\/www.bedfont.com\/pl\/#\/schema\/logo\/image\/"},"sameAs":["https:\/\/www.facebook.com\/Bedfontltd\/","https:\/\/x.com\/BedfontLtd","https:\/\/www.instagram.com\/bedfontltd\/","https:\/\/www.linkedin.com\/company\/bedfont-scientific-ltd\/","https:\/\/www.youtube.com\/user\/BedfontScientificLtd"]}]}},"_links":{"self":[{"href":"https:\/\/www.bedfont.com\/pl\/wp-json\/wp\/v2\/pages\/3461","targetHints":{"allow":["GET"]}}],"collection":[{"href":"https:\/\/www.bedfont.com\/pl\/wp-json\/wp\/v2\/pages"}],"about":[{"href":"https:\/\/www.bedfont.com\/pl\/wp-json\/wp\/v2\/types\/page"}],"author":[{"embeddable":true,"href":"https:\/\/www.bedfont.com\/pl\/wp-json\/wp\/v2\/users\/6"}],"replies":[{"embeddable":true,"href":"https:\/\/www.bedfont.com\/pl\/wp-json\/wp\/v2\/comments?post=3461"}],"version-history":[{"count":9,"href":"https:\/\/www.bedfont.com\/pl\/wp-json\/wp\/v2\/pages\/3461\/revisions"}],"predecessor-version":[{"id":7802,"href":"https:\/\/www.bedfont.com\/pl\/wp-json\/wp\/v2\/pages\/3461\/revisions\/7802"}],"wp:attachment":[{"href":"https:\/\/www.bedfont.com\/pl\/wp-json\/wp\/v2\/media?parent=3461"}],"curies":[{"name":"wp","href":"https:\/\/api.w.org\/{rel}","templated":true}]}}