{"id":3651,"date":"2022-07-06T14:45:46","date_gmt":"2022-07-06T14:45:46","guid":{"rendered":"https:\/\/bedfont.theprogressteam.com\/producten\/"},"modified":"2025-03-17T16:12:54","modified_gmt":"2025-03-17T16:12:54","slug":"producten","status":"publish","type":"page","link":"https:\/\/www.bedfont.com\/nl\/producten\/","title":{"rendered":"Producten"},"content":{"rendered":"<section class=\"hero-style-4 p-0 position-relative module-24-hero-0\" id=\"module-24-hero-0\"><div class=\"container-fluid overlay-img-holder\">\n\t\t\t<img width=\"1998\" height=\"544\" src=\"https:\/\/www.bedfont.com\/wp-content\/uploads\/2024\/10\/products.jpg\" class=\"w-100\" alt=\"\" decoding=\"async\" loading=\"lazy\" srcset=\"https:\/\/www.bedfont.com\/wp-content\/uploads\/2024\/10\/products.jpg 1998w, https:\/\/www.bedfont.com\/wp-content\/uploads\/2024\/10\/products-300x82.jpg 300w, https:\/\/www.bedfont.com\/wp-content\/uploads\/2024\/10\/products-1024x279.jpg 1024w, https:\/\/www.bedfont.com\/wp-content\/uploads\/2024\/10\/products-768x209.jpg 768w, https:\/\/www.bedfont.com\/wp-content\/uploads\/2024\/10\/products-1536x418.jpg 1536w\" sizes=\"auto, (max-width: 1998px) 100vw, 1998px\"\/><div class=\"overlay\">\n\t\t\t\t<div class=\"col-12 col-md-8 mx-auto\">\n\t\t\t\t\t<h1>Producten<\/h1>\n\t\t\t\t\t<p>Bedfont\u00ae heeft een breed scala aan ademanalyseapparaten die allemaal unieke toepassingen hebben. Onze expertise wordt weerspiegeld in het brede scala aan producten dat we aanbieden &#8211; van draagbare tot tafelmodellen &#8211; die kunnen worden gebruikt om de adem van pati\u00ebnten te analyseren. <\/p>\n\n\t\t\t\t<\/div>\n\t\t\t<\/div>\n\t\t<\/div>\n\t<\/section><section class=\"two-column-style-5 bg-gradient-purple button-align-right module-24-two_column_image_text-1\" id=\"module-24-two_column_image_text-1\"><div class=\"container\">\n\t\t\t<div class=\"row \">\n\t\t\t\t<div class=\"col-12 col-lg-5\">\n\t\t\t\t\t<img width=\"1000\" height=\"1000\" src=\"https:\/\/www.bedfont.com\/wp-content\/uploads\/2024\/10\/NObreath-monitor-face-on-with-mouthpiece.png\" class=\"img-fluid mb-5 mb-lg-0\" alt=\"\" decoding=\"async\" loading=\"lazy\" srcset=\"https:\/\/www.bedfont.com\/wp-content\/uploads\/2024\/10\/NObreath-monitor-face-on-with-mouthpiece.png 1000w, https:\/\/www.bedfont.com\/wp-content\/uploads\/2024\/10\/NObreath-monitor-face-on-with-mouthpiece-300x300.png 300w, https:\/\/www.bedfont.com\/wp-content\/uploads\/2024\/10\/NObreath-monitor-face-on-with-mouthpiece-150x150.png 150w, https:\/\/www.bedfont.com\/wp-content\/uploads\/2024\/10\/NObreath-monitor-face-on-with-mouthpiece-768x768.png 768w\" sizes=\"auto, (max-width: 1000px) 100vw, 1000px\"\/><\/div>\n\t\t\t\t<div class=\"col-1\"><\/div>\n\t\t\t\t<div class=\"col-12 col-lg-6 my-auto\">\n\t\t\t\t\t<h2 class=\"text-left\"> NObreath<sup>\u00ae<\/sup><\/h2>\n\t\t\t\t<p>De NObreath is een FeNO-apparaat dat kan worden gebruikt om luchtwegontsteking te meten voor de diagnose en behandeling van astma. De NObreath voldoet aan de BTS\/NICE\/SIGN-, ATS- en ERS-richtlijnen en maakt FeNO-metingen snel en eenvoudig. Bovendien is het volledig niet-invasief en kan het luchtwegontsteking bij zowel volwassen als kinderpati\u00ebnten bewaken. Bovendien kunt u met de omgevingsbewakingsmodus de omgevingswaarden van NO controleren.  <\/p>\n\n\t\t\t\t\t<div class='button-box button-purple button-box-shadow'><a class='btn ' href='https:\/\/www.nobreathfeno.com\/' target=\"_blank\">Meer informatie<i class='fa fa-arrow-right ms-1' aria-hidden='true'><\/i><\/a><\/div>\n\t\t\t\t<\/div>\n\t\t\t<\/div>\n\t\t<\/div>\n\t<\/section><section class=\"two-column-style-5 bg-gradient-blue button-align-right module-24-two_column_image_text-2\" id=\"module-24-two_column_image_text-2\"><div class=\"container\">\n\t\t\t<div class=\"row \">\n\t\t\t\t<div class=\"col-12 col-lg-5\">\n\t\t\t\t\t<img width=\"929\" height=\"929\" src=\"https:\/\/www.bedfont.com\/wp-content\/uploads\/2024\/10\/smokerlyzer-range.png\" class=\"img-fluid mb-5 mb-lg-0\" alt=\"\" decoding=\"async\" loading=\"lazy\" srcset=\"https:\/\/www.bedfont.com\/wp-content\/uploads\/2024\/10\/smokerlyzer-range.png 929w, https:\/\/www.bedfont.com\/wp-content\/uploads\/2024\/10\/smokerlyzer-range-300x300.png 300w, https:\/\/www.bedfont.com\/wp-content\/uploads\/2024\/10\/smokerlyzer-range-150x150.png 150w, https:\/\/www.bedfont.com\/wp-content\/uploads\/2024\/10\/smokerlyzer-range-768x768.png 768w\" sizes=\"auto, (max-width: 929px) 100vw, 929px\"\/><\/div>\n\t\t\t\t<div class=\"col-1\"><\/div>\n\t\t\t\t<div class=\"col-12 col-lg-6 my-auto\">\n\t\t\t\t\t<h2 class=\"text-left\">Smokerlyzer<sup>\u00ae<\/sup><\/h2>\n\t\t\t\t<p>De producten in het Smokerlyzer-assortiment zijn allemaal koolmonoxide (CO)-ademapparaten om te helpen bij het stoppen met roken. De apparaten meten de hoeveelheid CO in de adem van een roker. Voor professionals is het een manier om biochemisch de rookstatus van een persoon vast te stellen en voor de rokers zelf is de Smokerlyzer een motiverende visuele hulp om hen aan te moedigen te stoppen en hun voortgang te meten terwijl ze dat doen.  <\/p>\n\n\t\t\t\t\t<div class='button-box button-blue button-box-shadow'><a class='btn ' href='https:\/\/www.bedfont.com\/nl\/producten\/smokerlyzer\/' target=\"_self\">Meer informatie<i class='fa fa-arrow-right ms-1' aria-hidden='true'><\/i><\/a><\/div>\n\t\t\t\t<\/div>\n\t\t\t<\/div>\n\t\t<\/div>\n\t<\/section><section class=\"two-column-style-5 bg-gradient-pink button-align-right module-24-two_column_image_text-3\" id=\"module-24-two_column_image_text-3\"><div class=\"container\">\n\t\t\t<div class=\"row \">\n\t\t\t\t<div class=\"col-12 col-lg-5\">\n\t\t\t\t\t<img width=\"1000\" height=\"995\" src=\"https:\/\/www.bedfont.com\/wp-content\/uploads\/2024\/10\/gastrolyzer-range.png\" class=\"img-fluid mb-5 mb-lg-0\" alt=\"\" decoding=\"async\" loading=\"lazy\" srcset=\"https:\/\/www.bedfont.com\/wp-content\/uploads\/2024\/10\/gastrolyzer-range.png 1000w, https:\/\/www.bedfont.com\/wp-content\/uploads\/2024\/10\/gastrolyzer-range-300x300.png 300w, https:\/\/www.bedfont.com\/wp-content\/uploads\/2024\/10\/gastrolyzer-range-150x150.png 150w, https:\/\/www.bedfont.com\/wp-content\/uploads\/2024\/10\/gastrolyzer-range-768x764.png 768w\" sizes=\"auto, (max-width: 1000px) 100vw, 1000px\"\/><\/div>\n\t\t\t\t<div class=\"col-1\"><\/div>\n\t\t\t\t<div class=\"col-12 col-lg-6 my-auto\">\n\t\t\t\t\t<h2 class=\"text-left\">Gastrolyzer<sup>\u00ae<\/sup><\/h2>\n\t\t\t\t<p>De Gastrolyzer\u00ae-serie helpt bij het opsporen van maagdarmstoornissen en biedt nauwkeurige waterstofademtests.<\/p>\n<p>The Gastrolyzer-serie is een serie medische apparaten ontworpen om verschillende gassen in de adem van pati\u00ebnten te meten voor de diagnose en behandeling van diverse gastro-intestinale (GI) aandoeningen.<\/p>\n\n\t\t\t\t\t<div class='button-box button-pink button-box-shadow'><a class='btn ' href='https:\/\/www.gastrolyzer.com\/' target=\"_blank\">Meer informatie<i class='fa fa-arrow-right ms-1' aria-hidden='true'><\/i><\/a><\/div>\n\t\t\t\t<\/div>\n\t\t\t<\/div>\n\t\t<\/div>\n\t<\/section><section class=\"two-column-style-5 bg-gradient-red button-align-right module-24-two_column_image_text-4\" id=\"module-24-two_column_image_text-4\"><div class=\"container\">\n\t\t\t<div class=\"row \">\n\t\t\t\t<div class=\"col-12 col-lg-5\">\n\t\t\t\t\t<img width=\"773\" height=\"773\" src=\"https:\/\/www.bedfont.com\/wp-content\/uploads\/2024\/10\/medigas-range.png\" class=\"img-fluid mb-5 mb-lg-0\" alt=\"\" decoding=\"async\" loading=\"lazy\" srcset=\"https:\/\/www.bedfont.com\/wp-content\/uploads\/2024\/10\/medigas-range.png 773w, https:\/\/www.bedfont.com\/wp-content\/uploads\/2024\/10\/medigas-range-300x300.png 300w, https:\/\/www.bedfont.com\/wp-content\/uploads\/2024\/10\/medigas-range-150x150.png 150w, https:\/\/www.bedfont.com\/wp-content\/uploads\/2024\/10\/medigas-range-768x768.png 768w\" sizes=\"auto, (max-width: 773px) 100vw, 773px\"\/><\/div>\n\t\t\t\t<div class=\"col-1\"><\/div>\n\t\t\t\t<div class=\"col-12 col-lg-6 my-auto\">\n\t\t\t\t\t<h2 class=\"text-left\"> Medi-Gas Check<\/h2>\n\t\t\t\t<p>De Medi-Gas Check-reeks is een reeks vaste en draagbare gasdetectiemonitoren die worden gebruikt om de kwaliteit en kwantiteit van medisch gas dat aan pati\u00ebnten wordt toegediend, te verifi\u00ebren en valideren, van de machinekamer en distributiepunten tot het punt van levering aan de pati\u00ebnt. De reeks voldoet volledig aan de vereisten van de Britse overheidsrichtlijnen in de vorm van het Health Technical Memorandum (HTM) 02-01 en andere relevante wetgeving. <\/p>\n\n\t\t\t\t\t<div class='button-box button-red button-box-shadow'><a class='btn ' href='https:\/\/www.bedfont.com\/nl\/producten\/medi-gas-check\/' target=\"_self\">Meer informatie<i class='fa fa-arrow-right ms-1' aria-hidden='true'><\/i><\/a><\/div>\n\t\t\t\t<\/div>\n\t\t\t<\/div>\n\t\t<\/div>\n\t<\/section><section class=\"two-column-style-5 bg-gradient-brown button-align-right module-24-two_column_image_text-5\" id=\"module-24-two_column_image_text-5\"><div class=\"container\">\n\t\t\t<div class=\"row \">\n\t\t\t\t<div class=\"col-12 col-lg-5\">\n\t\t\t\t\t<img width=\"1000\" height=\"1000\" src=\"https:\/\/www.bedfont.com\/wp-content\/uploads\/2024\/10\/celler8-1.png\" class=\"img-fluid mb-5 mb-lg-0\" alt=\"\" decoding=\"async\" loading=\"lazy\" srcset=\"https:\/\/www.bedfont.com\/wp-content\/uploads\/2024\/10\/celler8-1.png 1000w, https:\/\/www.bedfont.com\/wp-content\/uploads\/2024\/10\/celler8-1-300x300.png 300w, https:\/\/www.bedfont.com\/wp-content\/uploads\/2024\/10\/celler8-1-150x150.png 150w, https:\/\/www.bedfont.com\/wp-content\/uploads\/2024\/10\/celler8-1-768x768.png 768w\" sizes=\"auto, (max-width: 1000px) 100vw, 1000px\"\/><\/div>\n\t\t\t\t<div class=\"col-1\"><\/div>\n\t\t\t\t<div class=\"col-12 col-lg-6 my-auto\">\n\t\t\t\t\t<h2 class=\"text-left\"><\/h2>\n\t\t\t\t<p><img decoding=\"async\" src=\"https:\/\/www.bedfont.com\/wp-content\/themes\/bedfont\/assets\/img\/product-logos\/celler8-logo.png\" class=\"img-fluid celler8-logo\" alt=\"CELLER8 logo\" style=\"border-bottom-color: rgba(0, 0, 0, 0);\"\/><\/p>\n<p>CELLER8 genereert gepulseerde elektromagnetische velden (PEMF) tot drie voet (90 cm) van het apparaat, waardoor je volledige lichaams- en lokale dekking hebt.<\/p>\n<p>CELLER8-technologie geeft je ook controle over de basisprincipes van PEMF-therapie, waaronder:<\/p>\n<ul><li>Intensiteit<\/li>\n<li>Frequentie<\/li>\n<li>Polariteit<\/li>\n<\/ul>\n\n\t\t\t\t\t<div class='button-box button-brown button-box-shadow'><a class='btn ' href='https:\/\/www.celler8.com\/' target=\"_blank\">Meer informatie<i class='fa fa-arrow-right ms-1' aria-hidden='true'><\/i><\/a><\/div>\n\t\t\t\t<\/div>\n\t\t\t<\/div>\n\t\t<\/div>\n\t<\/section><section class=\"two-column-style-5 bg-gradient-blue button-align-right module-24-two_column_image_text-6\" id=\"module-24-two_column_image_text-6\"><div class=\"container\">\n\t\t\t<div class=\"row \">\n\t\t\t\t<div class=\"col-12 col-lg-5\">\n\t\t\t\t\t<img width=\"1000\" height=\"1000\" src=\"https:\/\/www.bedfont.com\/wp-content\/uploads\/2024\/10\/breathacise-1.png\" class=\"img-fluid mb-5 mb-lg-0\" alt=\"\" decoding=\"async\" loading=\"lazy\" srcset=\"https:\/\/www.bedfont.com\/wp-content\/uploads\/2024\/10\/breathacise-1.png 1000w, https:\/\/www.bedfont.com\/wp-content\/uploads\/2024\/10\/breathacise-1-300x300.png 300w, https:\/\/www.bedfont.com\/wp-content\/uploads\/2024\/10\/breathacise-1-150x150.png 150w, https:\/\/www.bedfont.com\/wp-content\/uploads\/2024\/10\/breathacise-1-768x768.png 768w\" sizes=\"auto, (max-width: 1000px) 100vw, 1000px\"\/><\/div>\n\t\t\t\t<div class=\"col-1\"><\/div>\n\t\t\t\t<div class=\"col-12 col-lg-6 my-auto\">\n\t\t\t\t\t<h2 class=\"text-left\"><\/h2>\n\t\t\t\t<p><img decoding=\"async\" src=\"https:\/\/www.bedfont.com\/wp-content\/themes\/bedfont\/assets\/img\/product-logos\/breathacise-logo.png\" class=\"img-fluid my-4 celler8-logo\" alt=\"Breathacise logo\" style=\"border-bottom-color: rgba(0, 0, 0, 0);\"\/><\/p>\n<p>De Breathacise spirometer is een incentive spirometer, die gebruikmaakt van een basketbalspel om te oefenen en uw ademhalingscapaciteit en -kracht te verbeteren. Dit doet het door u te helpen uw ademhalingscapaciteit te oefenen door middel van diepe ademhaling. <\/p>\n<p>The Breathacise heeft een ingebouwd basketbalspel om een stimulans te bieden voor ademhalingsoefeningen. Stel de basketbalring in op je gewenste doel, adem in en gebruik de indicator om een gelijkmatige, diepe inhalatie te verzekeren totdat je de bal in de ring gooit. <\/p>\n\n\t\t\t\t\t<div class='button-box button-blue button-box-shadow'><a class='btn ' href='https:\/\/www.breathacise.com\/' target=\"_blank\">Meer informatie<i class='fa fa-arrow-right ms-1' aria-hidden='true'><\/i><\/a><\/div>\n\t\t\t\t<\/div>\n\t\t\t<\/div>\n\t\t<\/div>\n\t<\/section><section class=\"two-column-style-5 bg-gradient-dark-blue button-align-right module-24-two_column_image_text-7\" id=\"module-24-two_column_image_text-7\"><div class=\"container\">\n\t\t\t<div class=\"row \">\n\t\t\t\t<div class=\"col-12 col-lg-5\">\n\t\t\t\t\t<img width=\"444\" height=\"430\" src=\"https:\/\/www.bedfont.com\/wp-content\/uploads\/2025\/03\/SDK.png\" class=\"img-fluid mb-5 mb-lg-0\" alt=\"\" decoding=\"async\" loading=\"lazy\" srcset=\"https:\/\/www.bedfont.com\/wp-content\/uploads\/2025\/03\/SDK.png 444w, https:\/\/www.bedfont.com\/wp-content\/uploads\/2025\/03\/SDK-300x291.png 300w\" sizes=\"auto, (max-width: 444px) 100vw, 444px\"\/><\/div>\n\t\t\t\t<div class=\"col-1\"><\/div>\n\t\t\t\t<div class=\"col-12 col-lg-6 my-auto\">\n\t\t\t\t\t<h2 class=\"text-left\">Software-ontwikkelingskits<\/h2>\n\t\t\t\t<p>Ontgrendel naadloze biovalidatie-integratie met Bedfont SDK&#8217;s! Onze SDK&#8217;s zijn ontworpen voor ontwikkelaars die nauwkeurige gezondheidsmonitoring en realtimegegevens naar hun apps willen brengen en bieden een directe link naar de vertrouwde medische apparaten van Bedfont. Of u nu een app bouwt voor astmabeheer, stoppen met roken of gepersonaliseerd welzijn, onze SDK&#8217;s bieden veilige, compatibele en eenvoudige connectiviteit. Geef uw gebruikers de kracht van klinische inzichten met slechts een paar regels code &#8211; verander uw app vandaag nog in een gezondheidsoplossing!   <\/p>\n\n\t\t\t\t\t<div class='button-box button-blue button-box-shadow'><a class='btn ' href='https:\/\/www.bedfont.com\/nl\/sdk\/' target=\"_self\">Meer informatie<i class='fa fa-arrow-right ms-1' aria-hidden='true'><\/i><\/a><\/div>\n\t\t\t\t<\/div>\n\t\t\t<\/div>\n\t\t<\/div>\n\t<\/section>","protected":false},"excerpt":{"rendered":"<p>Producten Bedfont\u00ae heeft een breed scala aan ademanalyseapparaten die allemaal unieke toepassingen hebben. Onze expertise wordt weerspiegeld in het brede scala aan producten dat we aanbieden &#8211; van draagbare tot tafelmodellen &#8211; die kunnen worden gebruikt om de adem van pati\u00ebnten te analyseren. NObreath\u00ae De NObreath is een FeNO-apparaat dat kan worden gebruikt om luchtwegontsteking [&hellip;]<\/p>\n","protected":false},"author":6,"featured_media":0,"parent":0,"menu_order":0,"comment_status":"closed","ping_status":"closed","template":"templates\/page-modules.php","meta":{"_acf_changed":false,"footnotes":""},"class_list":["post-3651","page","type-page","status-publish","hentry"],"acf":[],"yoast_head":"<!-- This site is optimized with the Yoast SEO plugin v27.4 - https:\/\/yoast.com\/product\/yoast-seo-wordpress\/ -->\n<title>Producten - Bedfont Scientific Ltd.<\/title>\n<meta name=\"description\" content=\"Bedfont\u00ae heeft een breed scala aan ademanalyse-apparaten met allemaal unieke toepassingen.\" \/>\n<meta name=\"robots\" content=\"index, follow, max-snippet:-1, max-image-preview:large, max-video-preview:-1\" \/>\n<link rel=\"canonical\" href=\"https:\/\/www.bedfont.com\/nl\/producten\/\" \/>\n<meta property=\"og:locale\" content=\"nl_NL\" \/>\n<meta property=\"og:type\" content=\"article\" \/>\n<meta property=\"og:title\" content=\"Producten - Bedfont Scientific Ltd.\" \/>\n<meta property=\"og:description\" content=\"Bedfont\u00ae heeft een breed scala aan ademanalyse-apparaten met allemaal unieke toepassingen.\" \/>\n<meta property=\"og:url\" content=\"https:\/\/www.bedfont.com\/nl\/producten\/\" \/>\n<meta property=\"og:site_name\" content=\"Bedfont Scientific Ltd.\" \/>\n<meta property=\"article:publisher\" content=\"https:\/\/www.facebook.com\/Bedfontltd\/\" \/>\n<meta property=\"article:modified_time\" content=\"2025-03-17T16:12:54+00:00\" \/>\n<meta property=\"og:image\" content=\"https:\/\/www.bedfont.com\/wp-content\/uploads\/2024\/10\/products.jpg\" \/>\n<meta name=\"twitter:card\" content=\"summary_large_image\" \/>\n<meta name=\"twitter:site\" content=\"@BedfontLtd\" \/>\n<meta name=\"twitter:label1\" content=\"Geschatte leestijd\" \/>\n\t<meta name=\"twitter:data1\" content=\"4 minuten\" \/>\n<script type=\"application\/ld+json\" class=\"yoast-schema-graph\">{\"@context\":\"https:\\\/\\\/schema.org\",\"@graph\":[{\"@type\":\"WebPage\",\"@id\":\"https:\\\/\\\/www.bedfont.com\\\/nl\\\/producten\\\/\",\"url\":\"https:\\\/\\\/www.bedfont.com\\\/nl\\\/producten\\\/\",\"name\":\"Producten - Bedfont Scientific Ltd.\",\"isPartOf\":{\"@id\":\"https:\\\/\\\/www.bedfont.com\\\/nl\\\/#website\"},\"primaryImageOfPage\":{\"@id\":\"https:\\\/\\\/www.bedfont.com\\\/nl\\\/producten\\\/#primaryimage\"},\"image\":{\"@id\":\"https:\\\/\\\/www.bedfont.com\\\/nl\\\/producten\\\/#primaryimage\"},\"thumbnailUrl\":\"https:\\\/\\\/www.bedfont.com\\\/wp-content\\\/uploads\\\/2024\\\/10\\\/products.jpg\",\"datePublished\":\"2022-07-06T14:45:46+00:00\",\"dateModified\":\"2025-03-17T16:12:54+00:00\",\"description\":\"Bedfont\u00ae heeft een breed scala aan ademanalyse-apparaten met allemaal unieke toepassingen.\",\"breadcrumb\":{\"@id\":\"https:\\\/\\\/www.bedfont.com\\\/nl\\\/producten\\\/#breadcrumb\"},\"inLanguage\":\"nl-NL\",\"potentialAction\":[{\"@type\":\"ReadAction\",\"target\":[\"https:\\\/\\\/www.bedfont.com\\\/nl\\\/producten\\\/\"]}]},{\"@type\":\"ImageObject\",\"inLanguage\":\"nl-NL\",\"@id\":\"https:\\\/\\\/www.bedfont.com\\\/nl\\\/producten\\\/#primaryimage\",\"url\":\"https:\\\/\\\/www.bedfont.com\\\/wp-content\\\/uploads\\\/2024\\\/10\\\/products.jpg\",\"contentUrl\":\"https:\\\/\\\/www.bedfont.com\\\/wp-content\\\/uploads\\\/2024\\\/10\\\/products.jpg\"},{\"@type\":\"BreadcrumbList\",\"@id\":\"https:\\\/\\\/www.bedfont.com\\\/nl\\\/producten\\\/#breadcrumb\",\"itemListElement\":[{\"@type\":\"ListItem\",\"position\":1,\"name\":\"Home\",\"item\":\"https:\\\/\\\/www.bedfont.com\\\/nl\\\/\"},{\"@type\":\"ListItem\",\"position\":2,\"name\":\"Producten\"}]},{\"@type\":\"WebSite\",\"@id\":\"https:\\\/\\\/www.bedfont.com\\\/nl\\\/#website\",\"url\":\"https:\\\/\\\/www.bedfont.com\\\/nl\\\/\",\"name\":\"Bedfont Scientific Ltd.\",\"description\":\"World leaders in breath analysis.\",\"publisher\":{\"@id\":\"https:\\\/\\\/www.bedfont.com\\\/nl\\\/#organization\"},\"potentialAction\":[{\"@type\":\"SearchAction\",\"target\":{\"@type\":\"EntryPoint\",\"urlTemplate\":\"https:\\\/\\\/www.bedfont.com\\\/nl\\\/?s={search_term_string}\"},\"query-input\":{\"@type\":\"PropertyValueSpecification\",\"valueRequired\":true,\"valueName\":\"search_term_string\"}}],\"inLanguage\":\"nl-NL\"},{\"@type\":\"Organization\",\"@id\":\"https:\\\/\\\/www.bedfont.com\\\/nl\\\/#organization\",\"name\":\"Bedfont Scientific Ltd.\",\"url\":\"https:\\\/\\\/www.bedfont.com\\\/nl\\\/\",\"logo\":{\"@type\":\"ImageObject\",\"inLanguage\":\"nl-NL\",\"@id\":\"https:\\\/\\\/www.bedfont.com\\\/nl\\\/#\\\/schema\\\/logo\\\/image\\\/\",\"url\":\"https:\\\/\\\/www.bedfont.com\\\/wp-content\\\/uploads\\\/2023\\\/06\\\/logo.png\",\"contentUrl\":\"https:\\\/\\\/www.bedfont.com\\\/wp-content\\\/uploads\\\/2023\\\/06\\\/logo.png\",\"width\":1600,\"height\":505,\"caption\":\"Bedfont Scientific Ltd.\"},\"image\":{\"@id\":\"https:\\\/\\\/www.bedfont.com\\\/nl\\\/#\\\/schema\\\/logo\\\/image\\\/\"},\"sameAs\":[\"https:\\\/\\\/www.facebook.com\\\/Bedfontltd\\\/\",\"https:\\\/\\\/x.com\\\/BedfontLtd\",\"https:\\\/\\\/www.instagram.com\\\/bedfontltd\\\/\",\"https:\\\/\\\/www.linkedin.com\\\/company\\\/bedfont-scientific-ltd\\\/\",\"https:\\\/\\\/www.youtube.com\\\/user\\\/BedfontScientificLtd\"]}]}<\/script>\n<!-- \/ Yoast SEO plugin. -->","yoast_head_json":{"title":"Producten - Bedfont Scientific Ltd.","description":"Bedfont\u00ae heeft een breed scala aan ademanalyse-apparaten met allemaal unieke toepassingen.","robots":{"index":"index","follow":"follow","max-snippet":"max-snippet:-1","max-image-preview":"max-image-preview:large","max-video-preview":"max-video-preview:-1"},"canonical":"https:\/\/www.bedfont.com\/nl\/producten\/","og_locale":"nl_NL","og_type":"article","og_title":"Producten - Bedfont Scientific Ltd.","og_description":"Bedfont\u00ae heeft een breed scala aan ademanalyse-apparaten met allemaal unieke toepassingen.","og_url":"https:\/\/www.bedfont.com\/nl\/producten\/","og_site_name":"Bedfont Scientific Ltd.","article_publisher":"https:\/\/www.facebook.com\/Bedfontltd\/","article_modified_time":"2025-03-17T16:12:54+00:00","og_image":[{"url":"https:\/\/www.bedfont.com\/wp-content\/uploads\/2024\/10\/products.jpg","type":"","width":"","height":""}],"twitter_card":"summary_large_image","twitter_site":"@BedfontLtd","twitter_misc":{"Geschatte leestijd":"4 minuten"},"schema":{"@context":"https:\/\/schema.org","@graph":[{"@type":"WebPage","@id":"https:\/\/www.bedfont.com\/nl\/producten\/","url":"https:\/\/www.bedfont.com\/nl\/producten\/","name":"Producten - Bedfont Scientific Ltd.","isPartOf":{"@id":"https:\/\/www.bedfont.com\/nl\/#website"},"primaryImageOfPage":{"@id":"https:\/\/www.bedfont.com\/nl\/producten\/#primaryimage"},"image":{"@id":"https:\/\/www.bedfont.com\/nl\/producten\/#primaryimage"},"thumbnailUrl":"https:\/\/www.bedfont.com\/wp-content\/uploads\/2024\/10\/products.jpg","datePublished":"2022-07-06T14:45:46+00:00","dateModified":"2025-03-17T16:12:54+00:00","description":"Bedfont\u00ae heeft een breed scala aan ademanalyse-apparaten met allemaal unieke toepassingen.","breadcrumb":{"@id":"https:\/\/www.bedfont.com\/nl\/producten\/#breadcrumb"},"inLanguage":"nl-NL","potentialAction":[{"@type":"ReadAction","target":["https:\/\/www.bedfont.com\/nl\/producten\/"]}]},{"@type":"ImageObject","inLanguage":"nl-NL","@id":"https:\/\/www.bedfont.com\/nl\/producten\/#primaryimage","url":"https:\/\/www.bedfont.com\/wp-content\/uploads\/2024\/10\/products.jpg","contentUrl":"https:\/\/www.bedfont.com\/wp-content\/uploads\/2024\/10\/products.jpg"},{"@type":"BreadcrumbList","@id":"https:\/\/www.bedfont.com\/nl\/producten\/#breadcrumb","itemListElement":[{"@type":"ListItem","position":1,"name":"Home","item":"https:\/\/www.bedfont.com\/nl\/"},{"@type":"ListItem","position":2,"name":"Producten"}]},{"@type":"WebSite","@id":"https:\/\/www.bedfont.com\/nl\/#website","url":"https:\/\/www.bedfont.com\/nl\/","name":"Bedfont Scientific Ltd.","description":"World leaders in breath analysis.","publisher":{"@id":"https:\/\/www.bedfont.com\/nl\/#organization"},"potentialAction":[{"@type":"SearchAction","target":{"@type":"EntryPoint","urlTemplate":"https:\/\/www.bedfont.com\/nl\/?s={search_term_string}"},"query-input":{"@type":"PropertyValueSpecification","valueRequired":true,"valueName":"search_term_string"}}],"inLanguage":"nl-NL"},{"@type":"Organization","@id":"https:\/\/www.bedfont.com\/nl\/#organization","name":"Bedfont Scientific Ltd.","url":"https:\/\/www.bedfont.com\/nl\/","logo":{"@type":"ImageObject","inLanguage":"nl-NL","@id":"https:\/\/www.bedfont.com\/nl\/#\/schema\/logo\/image\/","url":"https:\/\/www.bedfont.com\/wp-content\/uploads\/2023\/06\/logo.png","contentUrl":"https:\/\/www.bedfont.com\/wp-content\/uploads\/2023\/06\/logo.png","width":1600,"height":505,"caption":"Bedfont Scientific Ltd."},"image":{"@id":"https:\/\/www.bedfont.com\/nl\/#\/schema\/logo\/image\/"},"sameAs":["https:\/\/www.facebook.com\/Bedfontltd\/","https:\/\/x.com\/BedfontLtd","https:\/\/www.instagram.com\/bedfontltd\/","https:\/\/www.linkedin.com\/company\/bedfont-scientific-ltd\/","https:\/\/www.youtube.com\/user\/BedfontScientificLtd"]}]}},"_links":{"self":[{"href":"https:\/\/www.bedfont.com\/nl\/wp-json\/wp\/v2\/pages\/3651","targetHints":{"allow":["GET"]}}],"collection":[{"href":"https:\/\/www.bedfont.com\/nl\/wp-json\/wp\/v2\/pages"}],"about":[{"href":"https:\/\/www.bedfont.com\/nl\/wp-json\/wp\/v2\/types\/page"}],"author":[{"embeddable":true,"href":"https:\/\/www.bedfont.com\/nl\/wp-json\/wp\/v2\/users\/6"}],"replies":[{"embeddable":true,"href":"https:\/\/www.bedfont.com\/nl\/wp-json\/wp\/v2\/comments?post=3651"}],"version-history":[{"count":15,"href":"https:\/\/www.bedfont.com\/nl\/wp-json\/wp\/v2\/pages\/3651\/revisions"}],"predecessor-version":[{"id":8345,"href":"https:\/\/www.bedfont.com\/nl\/wp-json\/wp\/v2\/pages\/3651\/revisions\/8345"}],"wp:attachment":[{"href":"https:\/\/www.bedfont.com\/nl\/wp-json\/wp\/v2\/media?parent=3651"}],"curies":[{"name":"wp","href":"https:\/\/api.w.org\/{rel}","templated":true}]}}