{"id":3573,"date":"2024-01-04T16:18:29","date_gmt":"2024-01-04T16:18:29","guid":{"rendered":"https:\/\/bedfont.theprogressteam.com\/smokerlyzer\/"},"modified":"2024-10-18T05:53:25","modified_gmt":"2024-10-18T05:53:25","slug":"smokerlyzer","status":"publish","type":"page","link":"https:\/\/www.bedfont.com\/nl\/producten\/smokerlyzer\/","title":{"rendered":"Smokerlyzer"},"content":{"rendered":"<section class=\"hero-style-4 p-0 position-relative \" id=\"module-950-hero-0\">\n\t\t<div class=\"container-fluid overlay-img-holder\">\n\t\t\t<img width=\"1998\" height=\"544\" src=\"https:\/\/www.bedfont.com\/wp-content\/uploads\/2024\/10\/smokerlyzer-product-page.jpg\" class=\"w-100\" alt=\"\" decoding=\"async\" loading=\"lazy\" srcset=\"https:\/\/www.bedfont.com\/wp-content\/uploads\/2024\/10\/smokerlyzer-product-page.jpg 1998w, https:\/\/www.bedfont.com\/wp-content\/uploads\/2024\/10\/smokerlyzer-product-page-300x82.jpg 300w, https:\/\/www.bedfont.com\/wp-content\/uploads\/2024\/10\/smokerlyzer-product-page-1024x279.jpg 1024w, https:\/\/www.bedfont.com\/wp-content\/uploads\/2024\/10\/smokerlyzer-product-page-768x209.jpg 768w, https:\/\/www.bedfont.com\/wp-content\/uploads\/2024\/10\/smokerlyzer-product-page-1536x418.jpg 1536w\" sizes=\"auto, (max-width: 1998px) 100vw, 1998px\"\/>\n\t\t\t<div class=\"overlay\">\n\t\t\t\t<div class=\"col-12 col-md-8 mx-auto\">\n\t\t\t\t\t<h1>Smokerlyzer<sup>\u00ae<\/sup><\/h1>\n\t\t\t\t\t<p>De Smokerlyzer-serie bestaat uit allemaal koolmonoxide (CO)-ademapparaten die helpen bij het stoppen met roken. De apparaten meten de hoeveelheid CO in de adem van een roker. Voor professionals is dit een manier om biochemisch de rookstatus van een persoon vast te stellen, en voor de rokers zelf is de Smokerlyzer een motiverend visueel hulpmiddel om hen aan te moedigen te stoppen en hun voortgang te meten tijdens dit proces.  <\/p>\n\n\t\t\t\t<\/div>\n\t\t\t<\/div>\n\t\t<\/div>\n\t<\/section><section class=\"two-column-style-5 two-column-style-7 bg-gradient-blue \" id=\"module-950-two_column_image_text-1\">\n\t \t<div class=\"container\">\n\t\t\t<div class=\"row flex-row-reverse\">\n\t\t\t\t\t<div class=\"col-12 col-lg-7 my-auto\">\n                    <div class=\"box\">\n\t\t\t\t\t<h2 class=\"text-left\">PiCO<sup>\u2122<\/sup><\/h2>\n\t\t\t\t<p>De PiCO <sup>\u2122<\/sup> is een adem-CO-apparaat dat mensen helpt met stoppen met roken.<\/p>\n\n\t\t\t\t\t\n\t\t\t\t<\/div>\n\n                <div class=\"row\"><div class=\"col-12 col-lg-4 mt-3\"><div class=\"box h-100 text-center\"><h3>Directe Resultaten<\/h3><p>Het apparaat geeft direct de resultaten weer in exacte ppm en %COHb.<\/p>\n<\/div><\/div><div class=\"col-12 col-lg-4 mt-3\"><div class=\"box h-100 text-center\"><h3>Garantie van 5 jaar<\/h3><p>Het PiCO<sup>\u2122<\/sup>-apparaat wordt geleverd met een garantie van vijf jaar voor absolute gemoedsrust.<\/p>\n<\/div><\/div><div class=\"col-12 col-lg-4 mt-3\"><div class=\"box h-100 text-center\"><h3>Antimicrobi\u00eble Technologie<\/h3><p>Antimicrobi\u00eble technologie om optimale infectiepreventie te waarborgen.<\/p>\n<\/div><\/div><div class=\"col-12 col-lg-4 mt-3\"><div class=\"box h-100 text-center\"><h3>COdata<sup>+\u2122<\/sup> Software<\/h3><p>De PiCO wordt geleverd met gratis pati\u00ebntenbeheersoftware die direct een rapport van de resultaten van de pati\u00ebnt biedt.<\/p>\n<\/div><\/div><div class=\"col-12 col-lg-4 mt-3\"><div class=\"box h-100 text-center\"><h3>Verkeerslichtsysteem<\/h3><p>Biedt een vertrouwd verkeerslichtsysteem met groen, amber en rood, waardoor CO-niveaus direct herkenbaar zijn voor pati\u00ebnten.<\/p>\n<\/div><\/div><div class=\"col-12 col-lg-4 mt-3\"><div class=\"box h-100 text-center\"><h3>Infectiecontrole<\/h3><p>Het ge\u00efntegreerde D-Piece<sup>\u2122<\/sup>-filter wordt gebruikt om meer dan 99% van de in de lucht zwevende bacteri\u00ebn en meer dan 97% van de virussen te filteren voor een kosteneffectieve infectiecontrole<\/p>\n<\/div><\/div><\/div>\n\n\t\t\t\t<\/div>\n\t\t\t\t<div class=\"col-1\"><\/div>\n\t\t\t\n                <div class=\"col-12 col-lg-4\">\n\t\t\t\t\t<img width=\"647\" height=\"1159\" src=\"https:\/\/www.bedfont.com\/wp-content\/uploads\/2024\/10\/pico.png\" class=\"img-fluid w-75 mx-auto d-block\" alt=\"\" decoding=\"async\" loading=\"lazy\" srcset=\"https:\/\/www.bedfont.com\/wp-content\/uploads\/2024\/10\/pico.png 647w, https:\/\/www.bedfont.com\/wp-content\/uploads\/2024\/10\/pico-167x300.png 167w, https:\/\/www.bedfont.com\/wp-content\/uploads\/2024\/10\/pico-572x1024.png 572w\" sizes=\"auto, (max-width: 647px) 100vw, 647px\"\/>\n\t\t\t\t<\/div>\n\t\t\t<\/div>\n\t\t<\/div>\n\t<\/section><section class=\"two-column-style-5 two-column-style-7 bg-gradient-dark-blue \" id=\"module-950-two_column_image_text-2\">\n\t \t<div class=\"container\">\n\t\t\t<div class=\"row flex-row-reverse\">\n\t\t\t\t\t<div class=\"col-12 col-lg-7 my-auto\">\n                    <div class=\"box\">\n\t\t\t\t\t<h2 class=\"text-left\">Micro<sup>+\u2122<\/sup><\/h2>\n\t\t\t\t<p>De Micro<sup>+\u2122<\/sup> is een CO-adem- en foetale %COHb %FCOHb-apparaat dat mensen helpt te stoppen met roken.<\/p>\n\n\t\t\t\t\t\n\t\t\t\t<\/div>\n\n                <div class=\"row\"><div class=\"col-12 col-lg-4 mt-3\"><div class=\"box h-100 text-center\"><h3>Directe Resultaten<\/h3><p>Het apparaat geeft directe resultaten weer in exacte ppm, %COHb en %FCOHb.<\/p>\n<\/div><\/div><div class=\"col-12 col-lg-4 mt-3\"><div class=\"box h-100 text-center\"><h3>Garantie van 5 jaar<\/h3><p>Op het Micro <sup>+\u2122<\/sup> -apparaat krijgt u vijf jaar garantie, zodat u zich geen zorgen hoeft te maken.<\/p>\n<\/div><\/div><div class=\"col-12 col-lg-4 mt-3\"><div class=\"box h-100 text-center\"><h3>Antimicrobi\u00eble Technologie<\/h3><p>Antimicrobi\u00eble technologie om optimale infectiepreventie te waarborgen.<\/p>\n<\/div><\/div><div class=\"col-12 col-lg-4 mt-3\"><div class=\"box h-100 text-center\"><h3>COdata<sup>+\u2122<\/sup> Software<\/h3><p>Gratis pati\u00ebntenbeheersoftware met de Micro+, die direct een rapport van de resultaten van de pati\u00ebnt biedt.<\/p>\n<\/div><\/div><div class=\"col-12 col-lg-4 mt-3\"><div class=\"box h-100 text-center\"><h3>Verkeerslichtsysteem<\/h3><p>Biedt een vertrouwd verkeerslichtsysteem met groen, amber en rood, waardoor CO-niveaus direct herkenbaar zijn voor pati\u00ebnten.<\/p>\n<\/div><\/div><div class=\"col-12 col-lg-4 mt-3\"><div class=\"box h-100 text-center\"><h3>Infectiecontrole<\/h3><p>Het ge\u00efntegreerde D-Piece<sup>\u2122<\/sup>-filter wordt gebruikt om meer dan 99% van de in de lucht zwevende bacteri\u00ebn en meer dan 97% van de virussen te filteren voor een kosteneffectieve infectiecontrole<\/p>\n<\/div><\/div><\/div>\n\n\t\t\t\t<\/div>\n\t\t\t\t<div class=\"col-1\"><\/div>\n\t\t\t\n                <div class=\"col-12 col-lg-4\">\n\t\t\t\t\t<img width=\"647\" height=\"1159\" src=\"https:\/\/www.bedfont.com\/wp-content\/uploads\/2024\/10\/micro.png\" class=\"img-fluid w-75 mx-auto d-block\" alt=\"\" decoding=\"async\" loading=\"lazy\" srcset=\"https:\/\/www.bedfont.com\/wp-content\/uploads\/2024\/10\/micro.png 647w, https:\/\/www.bedfont.com\/wp-content\/uploads\/2024\/10\/micro-167x300.png 167w, https:\/\/www.bedfont.com\/wp-content\/uploads\/2024\/10\/micro-572x1024.png 572w\" sizes=\"auto, (max-width: 647px) 100vw, 647px\"\/>\n\t\t\t\t<\/div>\n\t\t\t<\/div>\n\t\t<\/div>\n\t<\/section><section class=\"two-column-style-5 two-column-style-6 bg-gradient-blue \" id=\"module-950-two_column_image_text-3\">\n\t \t<div class=\"container\">\n\t\t\t<div class=\"row flex-row-reverse\">\n\t\t\t\t\t<div class=\"col-12 col-lg-7 my-auto\">\n                    <div class=\"box\">\n\t\t\t\t\t<h2 class=\"text-left\">iCOquit<sup>\u00ae<\/sup><\/h2>\n\t\t\t\t<p>Uw persoonlijke CO-apparaat, om u te helpen stoppen met roken, adem per adem.<\/p>\n<p>De iCOquit meet het koolmonoxide (CO) in uw adem en toont de metingen binnen de app om visuele motivatie te bieden om u te helpen stoppen met roken.<\/p>\n<p>De iCOquit-app werkt samen met het iCOquit-apparaat om visuele motivatie te bieden om te stoppen en uw stopproces in realtime bij te houden.<\/p>\n\n\t\t\t\t\t<div class='button-box button-blue button-box-shadow'><a class='btn ' href='https:\/\/www.icoquit.com\/' target=\"_blank\">Visit Website<i class='fa fa-arrow-right ms-1' aria-hidden='true'><\/i><\/a><\/div>\n\t\t\t\t<\/div>\n\t\t\t\t<\/div>\n\t\t\t\t<div class=\"col-1\"><\/div>\n\t\t\t\n                <div class=\"col-12 col-lg-4\">\n\t\t\t\t\t<img width=\"647\" height=\"1159\" src=\"https:\/\/www.bedfont.com\/wp-content\/uploads\/2024\/10\/icoquit.png\" class=\"img-fluid w-75 mx-auto d-block\" alt=\"\" decoding=\"async\" loading=\"lazy\" srcset=\"https:\/\/www.bedfont.com\/wp-content\/uploads\/2024\/10\/icoquit.png 647w, https:\/\/www.bedfont.com\/wp-content\/uploads\/2024\/10\/icoquit-167x300.png 167w, https:\/\/www.bedfont.com\/wp-content\/uploads\/2024\/10\/icoquit-572x1024.png 572w\" sizes=\"auto, (max-width: 647px) 100vw, 647px\"\/>\n\t\t\t\t<\/div>\n\t\t\t<\/div>\n\t\t<\/div>\n\t<\/section><section class=\"two-column-style-5 two-column-style-7 bg-gradient-purple pico-baby-bg\" id=\"module-950-two_column_image_text-4\">\n\t \t<div class=\"container\">\n\t\t\t<div class=\"row flex-row-reverse\">\n\t\t\t\t\t<div class=\"col-12 col-lg-7 my-auto\">\n                    <div class=\"box\">\n\t\t\t\t\t<h2 class=\"text-left\">PiCO<sup>baby\u2122<\/sup><\/h2>\n\t\t\t\t<p>De PiCO<sup>baby\u2122<\/sup> is een CO-ademapparaat voor zwangere vrouwen om hen te helpen stoppen met roken.<\/p>\n\n\t\t\t\t\t\n\t\t\t\t<\/div>\n\n                <div class=\"row\"><div class=\"col-12 col-lg-4 mt-3\"><div class=\"box h-100 text-center\"><h3>Directe Resultaten<\/h3><p>Het apparaat geeft direct de resultaten weer in exacte ppm, %COHb en %FCOHb.<\/p>\n<\/div><\/div><div class=\"col-12 col-lg-4 mt-3\"><div class=\"box h-100 text-center\"><h3>Garantie van 5 jaar<\/h3><p>Het PiCObaby<sup>\u2122<\/sup>-apparaat wordt geleverd met een garantie van vijf jaar voor absolute gemoedsrust.<\/p>\n<\/div><\/div><div class=\"col-12 col-lg-4 mt-3\"><div class=\"box h-100 text-center\"><h3>Antimicrobi\u00eble Technologie<\/h3><p>Antimicrobi\u00eble technologie om optimale infectiepreventie te waarborgen.<\/p>\n<\/div><\/div><div class=\"col-12 col-lg-4 mt-3\"><div class=\"box h-100 text-center\"><h3>Waardevol hulpmiddel<\/h3><p>De piCO <sup>baby\u2122<\/sup> is een waardevol hulpmiddel voor zwangere rokers om de effecten van roken op hen en hun kind te visualiseren.<\/p>\n<\/div><\/div><div class=\"col-12 col-lg-4 mt-3\"><div class=\"box h-100 text-center\"><h3>Verkeerslichtsysteem<\/h3><p>Biedt een vertrouwd verkeerslichtsysteem met groen, amber en rood, waardoor CO-niveaus direct herkenbaar zijn voor pati\u00ebnten.<\/p>\n<\/div><\/div><div class=\"col-12 col-lg-4 mt-3\"><div class=\"box h-100 text-center\"><h3>Infectiecontrole<\/h3><p>Het ge\u00efntegreerde D-Piece<sup>\u2122<\/sup>-filter wordt gebruikt om meer dan 99% van de in de lucht zwevende bacteri\u00ebn en meer dan 97% van de virussen te filteren voor een kosteneffectieve infectiecontrole<\/p>\n<\/div><\/div><\/div>\n\n\t\t\t\t<\/div>\n\t\t\t\t<div class=\"col-1\"><\/div>\n\t\t\t\n                <div class=\"col-12 col-lg-4\">\n\t\t\t\t\t<img width=\"647\" height=\"1159\" src=\"https:\/\/www.bedfont.com\/wp-content\/uploads\/2024\/10\/picobaby.png\" class=\"img-fluid w-75 mx-auto d-block\" alt=\"\" decoding=\"async\" loading=\"lazy\" srcset=\"https:\/\/www.bedfont.com\/wp-content\/uploads\/2024\/10\/picobaby.png 647w, https:\/\/www.bedfont.com\/wp-content\/uploads\/2024\/10\/picobaby-167x300.png 167w, https:\/\/www.bedfont.com\/wp-content\/uploads\/2024\/10\/picobaby-572x1024.png 572w\" sizes=\"auto, (max-width: 647px) 100vw, 647px\"\/>\n\t\t\t\t<\/div>\n\t\t\t<\/div>\n\t\t<\/div>\n\t<\/section><section class=\"two-column-style-5 two-column-style-6 bg-gradient-blue \" id=\"module-950-two_column_image_text-5\">\n\t \t<div class=\"container\">\n\t\t\t<div class=\"row flex-row-reverse\">\n\t\t\t\t\t<div class=\"col-12 col-lg-7 my-auto\">\n                    <div class=\"box\">\n\t\t\t\t\t<h2 class=\"text-left\">COdata<sup>+\u2122<\/sup><\/h2>\n\t\t\t\t<p>COdata<sup>+\u2122<\/sup> is een GRATIS softwareprogramma voor Microsoft Windows, voor gebruik met het Bedfont<sup>\u00ae<\/sup> Smokerlyzer<sup>\u00ae<\/sup>-assortiment van CO-ademapparaten.<\/p>\n<p>Bij verbinding met de software worden de metingen van het apparaat naar de COdata<sup>+\u2122<\/sup>-database gedownload, die een virtuele weergave van het instrument biedt en direct een rapport van de resultaten van de pati\u00ebnt geeft. Het rapport bevat een specifieke interpretatie van de rookgewoonten van de pati\u00ebnt en de persoonlijke afhankelijkheid van nicotine. Dit kan worden afgedrukt en door de pati\u00ebnt worden bewaard voor hun eigen administratie. De ge\u00efntegreerde database registreert de gegevens van pati\u00ebnten en hun resultaten voor volgende sessies. Gebruikers kunnen ook aangepaste ppm-instellingen maken, waardoor ze de rookstatus kunnen versterken bij het behandelen van bijzonder moeilijk te motiveren pati\u00ebnten of bij het testen onder ongebruikelijke omstandigheden.    <\/p>\n\n\t\t\t\t\t<div class='button-box button-blue button-box-shadow'><a class='btn ' href='\/wp-content\/themes\/bedfont\/assets\/documents\/downloads\/Bedsoft_Framework.exe' target=\"_self\">Downloaden COdata<sup>+\u2122<\/sup><i class='fa fa-arrow-right ms-1' aria-hidden='true'><\/i><\/a><\/div>\n\t\t\t\t<\/div>\n\t\t\t\t<\/div>\n\t\t\t\t<div class=\"col-1\"><\/div>\n\t\t\t\n                <div class=\"col-12 col-lg-4\">\n\t\t\t\t\t<img width=\"679\" height=\"673\" src=\"https:\/\/www.bedfont.com\/wp-content\/uploads\/2024\/10\/codata-software.png\" class=\"img-fluid w-75 mx-auto d-block\" alt=\"\" decoding=\"async\" loading=\"lazy\" srcset=\"https:\/\/www.bedfont.com\/wp-content\/uploads\/2024\/10\/codata-software.png 679w, https:\/\/www.bedfont.com\/wp-content\/uploads\/2024\/10\/codata-software-300x297.png 300w, https:\/\/www.bedfont.com\/wp-content\/uploads\/2024\/10\/codata-software-150x150.png 150w\" sizes=\"auto, (max-width: 679px) 100vw, 679px\"\/>\n\t\t\t\t<\/div>\n\t\t\t<\/div>\n\t\t<\/div>\n\t<\/section>","protected":false},"excerpt":{"rendered":"<p>Smokerlyzer\u00ae De Smokerlyzer-serie bestaat uit allemaal koolmonoxide (CO)-ademapparaten die helpen bij het stoppen met roken. De apparaten meten de hoeveelheid CO in de adem van een roker. Voor professionals is dit een manier om biochemisch de rookstatus van een persoon vast te stellen, en voor de rokers zelf is de Smokerlyzer een motiverend visueel hulpmiddel [&hellip;]<\/p>\n","protected":false},"author":6,"featured_media":0,"parent":3651,"menu_order":0,"comment_status":"closed","ping_status":"closed","template":"templates\/page-modules.php","meta":{"_acf_changed":false,"footnotes":""},"class_list":["post-3573","page","type-page","status-publish","hentry"],"acf":[],"yoast_head":"<!-- This site is optimized with the Yoast SEO plugin v27.5 - https:\/\/yoast.com\/product\/yoast-seo-wordpress\/ -->\n<title>Smokerlyzer - Bedfont Scientific Ltd.<\/title>\n<meta name=\"description\" content=\"De Smokerlyzer-reeks bestaat uit ademhalingsapparaten voor koolmonoxide (CO) die helpen bij het stoppen met roken door de hoeveelheid CO in de adem van een roker te meten.\" \/>\n<meta name=\"robots\" content=\"index, follow, max-snippet:-1, max-image-preview:large, max-video-preview:-1\" \/>\n<link rel=\"canonical\" href=\"https:\/\/www.bedfont.com\/nl\/producten\/smokerlyzer\/\" \/>\n<meta property=\"og:locale\" content=\"nl_NL\" \/>\n<meta property=\"og:type\" content=\"article\" \/>\n<meta property=\"og:title\" content=\"Smokerlyzer - Bedfont Scientific Ltd.\" \/>\n<meta property=\"og:description\" content=\"De Smokerlyzer-reeks bestaat uit ademhalingsapparaten voor koolmonoxide (CO) die helpen bij het stoppen met roken door de hoeveelheid CO in de adem van een roker te meten.\" \/>\n<meta property=\"og:url\" content=\"https:\/\/www.bedfont.com\/nl\/producten\/smokerlyzer\/\" \/>\n<meta property=\"og:site_name\" content=\"Bedfont Scientific Ltd.\" \/>\n<meta property=\"article:publisher\" content=\"https:\/\/www.facebook.com\/Bedfontltd\/\" \/>\n<meta property=\"article:modified_time\" content=\"2024-10-18T05:53:25+00:00\" \/>\n<meta property=\"og:image\" content=\"https:\/\/www.bedfont.com\/wp-content\/uploads\/2024\/10\/smokerlyzer-product-page.jpg\" \/>\n<meta name=\"twitter:card\" content=\"summary_large_image\" \/>\n<meta name=\"twitter:site\" content=\"@BedfontLtd\" \/>\n<meta name=\"twitter:label1\" content=\"Geschatte leestijd\" \/>\n\t<meta name=\"twitter:data1\" content=\"4 minuten\" \/>\n<script type=\"application\/ld+json\" class=\"yoast-schema-graph\">{\"@context\":\"https:\\\/\\\/schema.org\",\"@graph\":[{\"@type\":\"WebPage\",\"@id\":\"https:\\\/\\\/www.bedfont.com\\\/nl\\\/producten\\\/smokerlyzer\\\/\",\"url\":\"https:\\\/\\\/www.bedfont.com\\\/nl\\\/producten\\\/smokerlyzer\\\/\",\"name\":\"Smokerlyzer - Bedfont Scientific Ltd.\",\"isPartOf\":{\"@id\":\"https:\\\/\\\/www.bedfont.com\\\/nl\\\/#website\"},\"primaryImageOfPage\":{\"@id\":\"https:\\\/\\\/www.bedfont.com\\\/nl\\\/producten\\\/smokerlyzer\\\/#primaryimage\"},\"image\":{\"@id\":\"https:\\\/\\\/www.bedfont.com\\\/nl\\\/producten\\\/smokerlyzer\\\/#primaryimage\"},\"thumbnailUrl\":\"https:\\\/\\\/www.bedfont.com\\\/wp-content\\\/uploads\\\/2024\\\/10\\\/smokerlyzer-product-page.jpg\",\"datePublished\":\"2024-01-04T16:18:29+00:00\",\"dateModified\":\"2024-10-18T05:53:25+00:00\",\"description\":\"De Smokerlyzer-reeks bestaat uit ademhalingsapparaten voor koolmonoxide (CO) die helpen bij het stoppen met roken door de hoeveelheid CO in de adem van een roker te meten.\",\"breadcrumb\":{\"@id\":\"https:\\\/\\\/www.bedfont.com\\\/nl\\\/producten\\\/smokerlyzer\\\/#breadcrumb\"},\"inLanguage\":\"nl-NL\",\"potentialAction\":[{\"@type\":\"ReadAction\",\"target\":[\"https:\\\/\\\/www.bedfont.com\\\/nl\\\/producten\\\/smokerlyzer\\\/\"]}]},{\"@type\":\"ImageObject\",\"inLanguage\":\"nl-NL\",\"@id\":\"https:\\\/\\\/www.bedfont.com\\\/nl\\\/producten\\\/smokerlyzer\\\/#primaryimage\",\"url\":\"https:\\\/\\\/www.bedfont.com\\\/wp-content\\\/uploads\\\/2024\\\/10\\\/smokerlyzer-product-page.jpg\",\"contentUrl\":\"https:\\\/\\\/www.bedfont.com\\\/wp-content\\\/uploads\\\/2024\\\/10\\\/smokerlyzer-product-page.jpg\"},{\"@type\":\"BreadcrumbList\",\"@id\":\"https:\\\/\\\/www.bedfont.com\\\/nl\\\/producten\\\/smokerlyzer\\\/#breadcrumb\",\"itemListElement\":[{\"@type\":\"ListItem\",\"position\":1,\"name\":\"Home\",\"item\":\"https:\\\/\\\/www.bedfont.com\\\/nl\\\/\"},{\"@type\":\"ListItem\",\"position\":2,\"name\":\"Producten\",\"item\":\"https:\\\/\\\/www.bedfont.com\\\/nl\\\/producten\\\/\"},{\"@type\":\"ListItem\",\"position\":3,\"name\":\"Smokerlyzer\"}]},{\"@type\":\"WebSite\",\"@id\":\"https:\\\/\\\/www.bedfont.com\\\/nl\\\/#website\",\"url\":\"https:\\\/\\\/www.bedfont.com\\\/nl\\\/\",\"name\":\"Bedfont Scientific Ltd.\",\"description\":\"World leaders in breath analysis.\",\"potentialAction\":[{\"@type\":\"SearchAction\",\"target\":{\"@type\":\"EntryPoint\",\"urlTemplate\":\"https:\\\/\\\/www.bedfont.com\\\/nl\\\/?s={search_term_string}\"},\"query-input\":{\"@type\":\"PropertyValueSpecification\",\"valueRequired\":true,\"valueName\":\"search_term_string\"}}],\"inLanguage\":\"nl-NL\"}]}<\/script>\n<!-- \/ Yoast SEO plugin. -->","yoast_head_json":{"title":"Smokerlyzer - Bedfont Scientific Ltd.","description":"De Smokerlyzer-reeks bestaat uit ademhalingsapparaten voor koolmonoxide (CO) die helpen bij het stoppen met roken door de hoeveelheid CO in de adem van een roker te meten.","robots":{"index":"index","follow":"follow","max-snippet":"max-snippet:-1","max-image-preview":"max-image-preview:large","max-video-preview":"max-video-preview:-1"},"canonical":"https:\/\/www.bedfont.com\/nl\/producten\/smokerlyzer\/","og_locale":"nl_NL","og_type":"article","og_title":"Smokerlyzer - Bedfont Scientific Ltd.","og_description":"De Smokerlyzer-reeks bestaat uit ademhalingsapparaten voor koolmonoxide (CO) die helpen bij het stoppen met roken door de hoeveelheid CO in de adem van een roker te meten.","og_url":"https:\/\/www.bedfont.com\/nl\/producten\/smokerlyzer\/","og_site_name":"Bedfont Scientific Ltd.","article_publisher":"https:\/\/www.facebook.com\/Bedfontltd\/","article_modified_time":"2024-10-18T05:53:25+00:00","og_image":[{"url":"https:\/\/www.bedfont.com\/wp-content\/uploads\/2024\/10\/smokerlyzer-product-page.jpg","type":"","width":"","height":""}],"twitter_card":"summary_large_image","twitter_site":"@BedfontLtd","twitter_misc":{"Geschatte leestijd":"4 minuten"},"schema":{"@context":"https:\/\/schema.org","@graph":[{"@type":"WebPage","@id":"https:\/\/www.bedfont.com\/nl\/producten\/smokerlyzer\/","url":"https:\/\/www.bedfont.com\/nl\/producten\/smokerlyzer\/","name":"Smokerlyzer - Bedfont Scientific Ltd.","isPartOf":{"@id":"https:\/\/www.bedfont.com\/nl\/#website"},"primaryImageOfPage":{"@id":"https:\/\/www.bedfont.com\/nl\/producten\/smokerlyzer\/#primaryimage"},"image":{"@id":"https:\/\/www.bedfont.com\/nl\/producten\/smokerlyzer\/#primaryimage"},"thumbnailUrl":"https:\/\/www.bedfont.com\/wp-content\/uploads\/2024\/10\/smokerlyzer-product-page.jpg","datePublished":"2024-01-04T16:18:29+00:00","dateModified":"2024-10-18T05:53:25+00:00","description":"De Smokerlyzer-reeks bestaat uit ademhalingsapparaten voor koolmonoxide (CO) die helpen bij het stoppen met roken door de hoeveelheid CO in de adem van een roker te meten.","breadcrumb":{"@id":"https:\/\/www.bedfont.com\/nl\/producten\/smokerlyzer\/#breadcrumb"},"inLanguage":"nl-NL","potentialAction":[{"@type":"ReadAction","target":["https:\/\/www.bedfont.com\/nl\/producten\/smokerlyzer\/"]}]},{"@type":"ImageObject","inLanguage":"nl-NL","@id":"https:\/\/www.bedfont.com\/nl\/producten\/smokerlyzer\/#primaryimage","url":"https:\/\/www.bedfont.com\/wp-content\/uploads\/2024\/10\/smokerlyzer-product-page.jpg","contentUrl":"https:\/\/www.bedfont.com\/wp-content\/uploads\/2024\/10\/smokerlyzer-product-page.jpg"},{"@type":"BreadcrumbList","@id":"https:\/\/www.bedfont.com\/nl\/producten\/smokerlyzer\/#breadcrumb","itemListElement":[{"@type":"ListItem","position":1,"name":"Home","item":"https:\/\/www.bedfont.com\/nl\/"},{"@type":"ListItem","position":2,"name":"Producten","item":"https:\/\/www.bedfont.com\/nl\/producten\/"},{"@type":"ListItem","position":3,"name":"Smokerlyzer"}]},{"@type":"WebSite","@id":"https:\/\/www.bedfont.com\/nl\/#website","url":"https:\/\/www.bedfont.com\/nl\/","name":"Bedfont Scientific Ltd.","description":"World leaders in breath analysis.","potentialAction":[{"@type":"SearchAction","target":{"@type":"EntryPoint","urlTemplate":"https:\/\/www.bedfont.com\/nl\/?s={search_term_string}"},"query-input":{"@type":"PropertyValueSpecification","valueRequired":true,"valueName":"search_term_string"}}],"inLanguage":"nl-NL"}]}},"_links":{"self":[{"href":"https:\/\/www.bedfont.com\/nl\/wp-json\/wp\/v2\/pages\/3573","targetHints":{"allow":["GET"]}}],"collection":[{"href":"https:\/\/www.bedfont.com\/nl\/wp-json\/wp\/v2\/pages"}],"about":[{"href":"https:\/\/www.bedfont.com\/nl\/wp-json\/wp\/v2\/types\/page"}],"author":[{"embeddable":true,"href":"https:\/\/www.bedfont.com\/nl\/wp-json\/wp\/v2\/users\/6"}],"replies":[{"embeddable":true,"href":"https:\/\/www.bedfont.com\/nl\/wp-json\/wp\/v2\/comments?post=3573"}],"version-history":[{"count":8,"href":"https:\/\/www.bedfont.com\/nl\/wp-json\/wp\/v2\/pages\/3573\/revisions"}],"predecessor-version":[{"id":7298,"href":"https:\/\/www.bedfont.com\/nl\/wp-json\/wp\/v2\/pages\/3573\/revisions\/7298"}],"up":[{"embeddable":true,"href":"https:\/\/www.bedfont.com\/nl\/wp-json\/wp\/v2\/pages\/3651"}],"wp:attachment":[{"href":"https:\/\/www.bedfont.com\/nl\/wp-json\/wp\/v2\/media?parent=3573"}],"curies":[{"name":"wp","href":"https:\/\/api.w.org\/{rel}","templated":true}]}}