{"id":7508,"date":"2024-10-10T08:50:30","date_gmt":"2024-10-10T08:50:30","guid":{"rendered":"https:\/\/bedfont.theprogressteam.com\/comunita\/"},"modified":"2024-11-18T09:35:49","modified_gmt":"2024-11-18T09:35:49","slug":"comunita","status":"publish","type":"page","link":"https:\/\/www.bedfont.com\/it\/comunita\/","title":{"rendered":"Comunit\u00e0"},"content":{"rendered":"<section class=\"subtle-bg careers-hero\" id=\"module-6726-hero-0\">\n\t<img decoding=\"async\" src=\"https:\/\/www.bedfont.com\/wp-content\/themes\/bedfont\/assets\/img\/subtle-bg.jpg\" class=\"subtle-bg\" alt=\"Pulizia dei dispositivi Bedfont\"\/>\n\t<div class=\"container\">\n\t\t<div class=\"row\">\n\t\t\t<div class=\"col-12 col-md-6 pe-5 my-auto\">\n\t\t\t\t<h1 class=\"text-left mt-lg-0\">Comunit\u00e0<\/h1>\n\t\t\t\t<p><\/p><p>Noi di Bedfont <sup>\u00ae<\/sup> ci impegniamo a sostenere e ad avere un impatto significativo sulla nostra comunit\u00e0 locale attraverso varie iniziative che promuovono il benessere, la crescita e la connessione.<\/p>\n<p>Che si tratti di sponsorizzare squadre sportive, supportare servizi sanitari essenziali o partecipare a eventi di raccolta fondi, il nostro obiettivo \u00e8 fare una differenza positiva nella vita di chi ci circonda. Il nostro coinvolgimento va oltre il supporto finanziario, poich\u00e9 ci impegniamo attivamente in molte di queste iniziative, lavorando insieme alla nostra comunit\u00e0 per creare un impatto duraturo. <\/p>\n\n\t\t\t\t\n\t\t\t<\/div>\n\t\t\t<div class=\"col-12 col-md-6 mt-5 mt-lg-0\"><img width=\"1500\" height=\"950\" src=\"https:\/\/www.bedfont.com\/wp-content\/uploads\/2024\/10\/bedfont-office-logo.png\" class=\"img-fluid br-30\" alt=\"\" decoding=\"async\" loading=\"lazy\" srcset=\"https:\/\/www.bedfont.com\/wp-content\/uploads\/2024\/10\/bedfont-office-logo.png 1500w, https:\/\/www.bedfont.com\/wp-content\/uploads\/2024\/10\/bedfont-office-logo-300x190.png 300w, https:\/\/www.bedfont.com\/wp-content\/uploads\/2024\/10\/bedfont-office-logo-1024x649.png 1024w, https:\/\/www.bedfont.com\/wp-content\/uploads\/2024\/10\/bedfont-office-logo-768x486.png 768w\" sizes=\"auto, (max-width: 1500px) 100vw, 1500px\"\/><\/div>\n\t\t<\/div>\n\t<\/div>\n<\/section><section class=\"text-section text-center pb-0\" id=\"module-6726-text-1\">\n\t<div class=\"container\">\n\t<h2 class=\"text-center\">Le nostre <span class=\"blue-text\">sponsorizzazioni<\/span><\/h2>\n\t\t\t\t\n\t<\/div>\n<\/section><section class=\"two-column-image-text style-1 community-section\" id=\"module-6726-two_column_image_text-2\">\n\t<div class=\"container\">\n\t\t<div class=\"row flex-row-reverse\">\n\t\t\t<div class=\"col-12 col-lg-6 ps-md-5 who-we-are-home my-auto text-col\">\n\t<div class=\"inner\">\n\n\t\t\t\t<h2 class=\"text-left\"><span class=\"blue-text\">Squadra di calcio femminile Under 11<\/span> del Medway United<\/h2>\n\t\t\t\t<p>Siamo estremamente orgogliosi di sponsorizzare la squadra di calcio femminile under 11 Medway United. Le ragazze hanno trascorso un&#8217;estate fantastica nel 2024 in 3 tornei distinti, classificandosi seconde al Queen of the Town e vincendo l&#8217;Anchorians Cup e il Medway Sheild. Il loro duro lavoro, la loro determinazione e il loro amore per il gioco sono emersi, rendendola un&#8217;estate di vero successo per la squadra.  <\/p>\n<p>Il nostro CEO, Jason Smith, \u00e8 uno dei tre allenatori dedicati, che rafforzano il nostro impegno attraverso la sponsorizzazione e aiutando attivamente la squadra a crescere e ad avere successo. Continueremo a supportare la squadra mentre realizza grandi cose dentro e fuori dal campo. <\/p>\n\n                <div class='button-box button-pink'><a class='btn ' href='https:\/\/medwayunitedfc.co.uk\/teams\/under-11-girls-west' target=\"_blank\">Club Website<i class='fa fa-arrow-right ms-1' aria-hidden='true'><\/i><\/a><\/div>\n\t\t\t<\/div>\n\t\t\t<\/div>\n\t\t\t<div class=\"col-12 col-lg-6\">\n\t\t\t<div class=\"image-box\">\n\t\t\t\t<img width=\"640\" height=\"480\" src=\"https:\/\/www.bedfont.com\/wp-content\/uploads\/2024\/10\/medway-utd-1024x768.png\" class=\"attachment-large size-large\" alt=\"\" decoding=\"async\" loading=\"lazy\" srcset=\"https:\/\/www.bedfont.com\/wp-content\/uploads\/2024\/10\/medway-utd-1024x768.png 1024w, https:\/\/www.bedfont.com\/wp-content\/uploads\/2024\/10\/medway-utd-300x225.png 300w, https:\/\/www.bedfont.com\/wp-content\/uploads\/2024\/10\/medway-utd-768x576.png 768w, https:\/\/www.bedfont.com\/wp-content\/uploads\/2024\/10\/medway-utd.png 1200w\" sizes=\"auto, (max-width: 640px) 100vw, 640px\"\/>\n\t\t\t<\/div>\n\t\t\t<\/div>\n\t\t<\/div>\n\t<\/div>\n<\/section><section class=\"two-column-image-text style-1 community-section\" id=\"module-6726-two_column_image_text-3\">\n\t<div class=\"container\">\n\t\t<div class=\"row \">\n\t\t\t<div class=\"col-12 col-lg-6 ps-md-5 who-we-are-home my-auto text-col\">\n\t<div class=\"inner\">\n\n\t\t\t\t<h2 class=\"text-left\">Orgogliosi sponsor <span class=\"blue-text\">dell&#8217;Heart of Kent Hospice<\/span><\/h2>\n\t\t\t\t<p>Heart of Kent Hospice \u00e8 una fantastica organizzazione di beneficenza che fornisce cure essenziali a chi \u00e8 in fin di vita e alle loro famiglie, offrendo sostegno, dignit\u00e0 e conforto in alcuni dei momenti pi\u00f9 difficili della vita.<\/p>\n<p>Durante l&#8217;anno, Heart of Kent Hospice organizza una serie di eventi per raccogliere fondi vitali, Bedfont\u00ae \u00e8 onorata sia di sponsorizzare che di partecipare a questi eventi. All&#8217;inizio di quest&#8217;anno, siamo stati orgogliosi di aver contribuito a raccogliere oltre \u00a3 28.000 attraverso la loro Bluebell Walk annuale, il nostro team ha preso parte e ha contribuito a raccogliere fondi extra tramite una lotteria. Inoltre, quest&#8217;estate, abbiamo sponsorizzato una scultura di Shaun the Sheep nel loro vivace percorso artistico, un evento che ha riunito la comunit\u00e0 celebrando al contempo creativit\u00e0 e generosit\u00e0.  <\/p>\n<p>Alla recente serata d&#8217;asta dell&#8217;Hospice, in cui sono state messe all&#8217;asta 60 sculture di Shaun the Sheep, Bedfont\u00ae ha fatto un&#8217;offerta vincente e si \u00e8 aggiudicata una delle sculture uniche. Sono state vendute tutte e 60 le pecore e l&#8217;asta ha raccolto la notevole cifra di \u00a3267.250 in totale per l&#8217;ente benefico. <\/p>\n<p>Sostenere l&#8217;hospice \u00e8 una causa che ci appassiona davvero e non vediamo l&#8217;ora di continuare a sostenerli, assicurandoci che possano continuare a offrire i loro preziosi servizi. Assicurati di seguirci sui social media per rimanere aggiornato su tutte le raccolte fondi dell&#8217;Heart of Kent Hospice. <\/p>\n\n                <div class='button-box button-pink'><a class='btn ' href='https:\/\/www.hokh.org\/' target=\"_blank\">View Website<i class='fa fa-arrow-right ms-1' aria-hidden='true'><\/i><\/a><\/div>\n\t\t\t<\/div>\n\t\t\t<\/div>\n\t\t\t<div class=\"col-12 col-lg-6\">\n\t\t\t<div class=\"image-box\">\n\t\t\t\t<img width=\"640\" height=\"480\" src=\"https:\/\/www.bedfont.com\/wp-content\/uploads\/2024\/10\/hokh-sponsor.jpg\" class=\"attachment-large size-large\" alt=\"\" decoding=\"async\" loading=\"lazy\" srcset=\"https:\/\/www.bedfont.com\/wp-content\/uploads\/2024\/10\/hokh-sponsor.jpg 1024w, https:\/\/www.bedfont.com\/wp-content\/uploads\/2024\/10\/hokh-sponsor-300x225.jpg 300w, https:\/\/www.bedfont.com\/wp-content\/uploads\/2024\/10\/hokh-sponsor-768x576.jpg 768w\" sizes=\"auto, (max-width: 640px) 100vw, 640px\"\/>\n\t\t\t<\/div>\n\t\t\t<\/div>\n\t\t<\/div>\n\t<\/div>\n<\/section><section class=\"two-column-image-text style-1 community-section\" id=\"module-6726-two_column_image_text-4\">\n\t<div class=\"container\">\n\t\t<div class=\"row flex-row-reverse\">\n\t\t\t<div class=\"col-12 col-lg-6 ps-md-5 who-we-are-home my-auto text-col\">\n\t<div class=\"inner\">\n\n\t\t\t\t<h2 class=\"text-left\">Sostenere <span class=\"blue-text\">Medway Asthma Self-Help (MASH)<\/span><\/h2>\n\t\t\t\t<p>La nostra visione \u00e8 un mondo in cui tutti hanno accesso a un breath test immediato, non invasivo e semplice per aiutare nella diagnosi medica. Ecco perch\u00e9 sosteniamo con orgoglio MASH, un ente di beneficenza che aiuta la gente di Medway dal 1996 con informazioni e supporto per le persone affette da asma. <\/p>\n<p>Forniamo e manteniamo il loro dispositivo NObreath <sup>\u00ae<\/sup> Fractional exhaled Nitric Oxide (FeNO) che viene utilizzato nel centro. NObreath <sup>\u00ae<\/sup> svolge un ruolo cruciale nell&#8217;aiutare nella diagnosi e nella gestione dell&#8217;asma, misurando l&#8217;infiammazione delle vie aeree, che \u00e8 fondamentale per un trattamento e un controllo efficaci. <\/p>\n<p>Il nostro contributo garantisce che MASH possa offrire questo prezioso servizio alla comunit\u00e0, consentendo alle persone di prendersi cura della propria salute respiratoria.<\/p>\n<p>In collaborazione con Carol Stonham, membro del nostro comitato medico consultivo, MASH ci ha recentemente aiutato a organizzare un webinar online privato, offrendo preziosi consigli sulla gestione dell&#8217;asma nei bambini per le squadre di calcio femminili del Medway United.<\/p>\n\n                <div class='button-box button-pink'><a class='btn ' href='https:\/\/www.medwayasthmaselfhelp.co.uk\/' target=\"_blank\">View Website<i class='fa fa-arrow-right ms-1' aria-hidden='true'><\/i><\/a><\/div>\n\t\t\t<\/div>\n\t\t\t<\/div>\n\t\t\t<div class=\"col-12 col-lg-6\">\n\t\t\t<div class=\"image-box\">\n\t\t\t\t<img width=\"640\" height=\"480\" src=\"https:\/\/www.bedfont.com\/wp-content\/uploads\/2024\/10\/mash-sponsor-1024x768.jpg\" class=\"attachment-large size-large\" alt=\"\" decoding=\"async\" loading=\"lazy\" srcset=\"https:\/\/www.bedfont.com\/wp-content\/uploads\/2024\/10\/mash-sponsor-1024x768.jpg 1024w, https:\/\/www.bedfont.com\/wp-content\/uploads\/2024\/10\/mash-sponsor-300x225.jpg 300w, https:\/\/www.bedfont.com\/wp-content\/uploads\/2024\/10\/mash-sponsor-768x576.jpg 768w, https:\/\/www.bedfont.com\/wp-content\/uploads\/2024\/10\/mash-sponsor.jpg 1200w\" sizes=\"auto, (max-width: 640px) 100vw, 640px\"\/>\n\t\t\t<\/div>\n\t\t\t<\/div>\n\t\t<\/div>\n\t<\/div>\n<\/section><section class=\"two-column-image-text style-1 community-section\" id=\"module-6726-two_column_image_text-5\">\n\t<div class=\"container\">\n\t\t<div class=\"row \">\n\t\t\t<div class=\"col-12 col-lg-6 ps-md-5 who-we-are-home my-auto text-col\">\n\t<div class=\"inner\">\n\n\t\t\t\t<h2 class=\"text-left\">App Rymindr Rewards: <span class=\"blue-text\">supporto alle scuole in tutto il Regno Unito<\/span><\/h2>\n\t\t\t\t<p>Crediamo nella creazione di un ambiente di lavoro positivo e gratificante per i nostri dipendenti qui a Bedfont <sup>\u00ae<\/sup> , motivo per cui offriamo l&#8217;accesso all&#8217;app Rymindr Employee Rewards. L&#8217;app fornisce al nostro personale oltre 16.000 offerte e sconti, che vanno dai risparmi quotidiani alle offerte speciali. <\/p>\n<p>Rymindr supporta le scuole in tutto il Regno Unito, fornendo assistenza fondamentale come pasti scolastici gratuiti, materiale scolastico e attrezzature essenziali, il che rende l&#8217;utilizzo di questa app ancora pi\u00f9 significativo. Il nostro personale non solo ne trae beneficio personalmente, ma contribuisce anche a una causa che aiuta a garantire che i bambini ricevano il supporto di cui hanno bisogno a scuola. Ci\u00f2 \u00e8 in linea con i nostri valori di restituzione alla comunit\u00e0.  <\/p>\n\n                <div class='button-box button-pink'><a class='btn ' href='https:\/\/rymindr.com\/' target=\"_blank\">View Website<i class='fa fa-arrow-right ms-1' aria-hidden='true'><\/i><\/a><\/div>\n\t\t\t<\/div>\n\t\t\t<\/div>\n\t\t\t<div class=\"col-12 col-lg-6\">\n\t\t\t<div class=\"image-box\">\n\t\t\t\t<img width=\"640\" height=\"480\" src=\"https:\/\/www.bedfont.com\/wp-content\/uploads\/2024\/10\/rymindr.jpg\" class=\"attachment-large size-large\" alt=\"\" decoding=\"async\" loading=\"lazy\" srcset=\"https:\/\/www.bedfont.com\/wp-content\/uploads\/2024\/10\/rymindr.jpg 900w, https:\/\/www.bedfont.com\/wp-content\/uploads\/2024\/10\/rymindr-300x225.jpg 300w, https:\/\/www.bedfont.com\/wp-content\/uploads\/2024\/10\/rymindr-768x576.jpg 768w\" sizes=\"auto, (max-width: 640px) 100vw, 640px\"\/>\n\t\t\t<\/div>\n\t\t\t<\/div>\n\t\t<\/div>\n\t<\/div>\n<\/section><section class=\"two-column-image-text style-1 community-section\" id=\"module-6726-two_column_image_text-6\">\n\t<div class=\"container\">\n\t\t<div class=\"row flex-row-reverse\">\n\t\t\t<div class=\"col-12 col-lg-6 ps-md-5 who-we-are-home my-auto text-col\">\n\t<div class=\"inner\">\n\n\t\t\t\t<h2 class=\"text-left\">Fioriera a <span class=\"blue-text\">Harrietsham<\/span><\/h2>\n\t\t\t\t<p>Piccoli sforzi possono portare a grandi miglioramenti nella qualit\u00e0 della vita della nostra comunit\u00e0, sponsorizziamo una fioriera tramite Harrietsham in Bloom come parte del nostro impegno per migliorare l&#8217;ambiente locale. I fondi vengono utilizzati per mantenere la fioriera, assicurando che rimanga vivace e ben curata. Ci\u00f2 aiuta a mantenere l&#8217;area locale bella e invitante.  <\/p>\n\n                \n\t\t\t<\/div>\n\t\t\t<\/div>\n\t\t\t<div class=\"col-12 col-lg-6\">\n\t\t\t<div class=\"image-box\">\n\t\t\t\t<img width=\"640\" height=\"480\" src=\"https:\/\/www.bedfont.com\/wp-content\/uploads\/2024\/10\/flower-box.jpg\" class=\"attachment-large size-large\" alt=\"\" decoding=\"async\" loading=\"lazy\" srcset=\"https:\/\/www.bedfont.com\/wp-content\/uploads\/2024\/10\/flower-box.jpg 800w, https:\/\/www.bedfont.com\/wp-content\/uploads\/2024\/10\/flower-box-300x225.jpg 300w, https:\/\/www.bedfont.com\/wp-content\/uploads\/2024\/10\/flower-box-768x576.jpg 768w\" sizes=\"auto, (max-width: 640px) 100vw, 640px\"\/>\n\t\t\t<\/div>\n\t\t\t<\/div>\n\t\t<\/div>\n\t<\/div>\n<\/section><section class=\"text-section text-center community-social\" id=\"module-6726-text-7\">\n\t<div class=\"container\">\n\t<h2 class=\"text-center\">Segui i nostri <span class=\"blue-text\">social media<\/span><\/h2>\n\t\t\t\t<p>Seguici sui social media per saperne di pi\u00f9 sul nostro impegno verso la comunit\u00e0.<br\/>\n<div class='socials d-inline-block mt-5'><a class='nav-social-icon' target='_blank' href='https:\/\/www.facebook.com\/Bedfontltd\/'><i class='fa fa-facebook-f' aria-hidden='true'><\/i><\/a><a class='nav-social-icon' target='_blank' href='https:\/\/twitter.com\/BedfontLtd'><i class='fa-brands fa-x-twitter' aria-hidden='true'><\/i><\/a><a class='nav-social-icon' target='_blank' href='https:\/\/www.instagram.com\/bedfontltd\/'><i class='fa fa-instagram' aria-hidden='true'><\/i><\/a><a class='nav-social-icon' target='_blank' href='https:\/\/www.linkedin.com\/company\/bedfont-scientific-ltd'><i class='fa fa-linkedin' aria-hidden='true'><\/i><\/a><a class='nav-social-icon' target='_blank' href='https:\/\/www.youtube.com\/user\/BedfontScientificLtd'><i class='fa fa-youtube' aria-hidden='true'><\/i><\/a><\/div><\/p>\n\n\t<\/div>\n<\/section>","protected":false},"excerpt":{"rendered":"<p>Comunit\u00e0 Noi di Bedfont \u00ae ci impegniamo a sostenere e ad avere un impatto significativo sulla nostra comunit\u00e0 locale attraverso varie iniziative che promuovono il benessere, la crescita e la connessione. Che si tratti di sponsorizzare squadre sportive, supportare servizi sanitari essenziali o partecipare a eventi di raccolta fondi, il nostro obiettivo \u00e8 fare una [&hellip;]<\/p>\n","protected":false},"author":6,"featured_media":0,"parent":0,"menu_order":0,"comment_status":"closed","ping_status":"closed","template":"templates\/page-modules.php","meta":{"_acf_changed":false,"footnotes":""},"class_list":["post-7508","page","type-page","status-publish","hentry"],"acf":[],"yoast_head":"<!-- This site is optimized with the Yoast SEO plugin v27.4 - https:\/\/yoast.com\/product\/yoast-seo-wordpress\/ -->\n<title>Comunit\u00e0 - Bedfont Scientific Ltd.<\/title>\n<meta name=\"robots\" content=\"index, follow, max-snippet:-1, max-image-preview:large, max-video-preview:-1\" \/>\n<link rel=\"canonical\" href=\"https:\/\/www.bedfont.com\/it\/comunita\/\" \/>\n<meta property=\"og:locale\" content=\"it_IT\" \/>\n<meta property=\"og:type\" content=\"article\" \/>\n<meta property=\"og:title\" content=\"Comunit\u00e0 - Bedfont Scientific Ltd.\" \/>\n<meta property=\"og:description\" content=\"Comunit\u00e0 Noi di Bedfont \u00ae ci impegniamo a sostenere e ad avere un impatto significativo sulla nostra comunit\u00e0 locale attraverso varie iniziative che promuovono il benessere, la crescita e la connessione. Che si tratti di sponsorizzare squadre sportive, supportare servizi sanitari essenziali o partecipare a eventi di raccolta fondi, il nostro obiettivo \u00e8 fare una [&hellip;]\" \/>\n<meta property=\"og:url\" content=\"https:\/\/www.bedfont.com\/it\/comunita\/\" \/>\n<meta property=\"og:site_name\" content=\"Bedfont Scientific Ltd.\" \/>\n<meta property=\"article:publisher\" content=\"https:\/\/www.facebook.com\/Bedfontltd\/\" \/>\n<meta property=\"article:modified_time\" content=\"2024-11-18T09:35:49+00:00\" \/>\n<meta property=\"og:image\" content=\"https:\/\/www.bedfont.com\/wp-content\/themes\/bedfont\/assets\/img\/subtle-bg.jpg\" \/>\n<meta name=\"twitter:card\" content=\"summary_large_image\" \/>\n<meta name=\"twitter:site\" content=\"@BedfontLtd\" \/>\n<meta name=\"twitter:label1\" content=\"Tempo di lettura stimato\" \/>\n\t<meta name=\"twitter:data1\" content=\"5 minuti\" \/>\n<script type=\"application\/ld+json\" class=\"yoast-schema-graph\">{\"@context\":\"https:\\\/\\\/schema.org\",\"@graph\":[{\"@type\":\"WebPage\",\"@id\":\"https:\\\/\\\/www.bedfont.com\\\/it\\\/comunita\\\/\",\"url\":\"https:\\\/\\\/www.bedfont.com\\\/it\\\/comunita\\\/\",\"name\":\"Comunit\u00e0 - Bedfont Scientific Ltd.\",\"isPartOf\":{\"@id\":\"https:\\\/\\\/www.bedfont.com\\\/it\\\/#website\"},\"primaryImageOfPage\":{\"@id\":\"https:\\\/\\\/www.bedfont.com\\\/it\\\/comunita\\\/#primaryimage\"},\"image\":{\"@id\":\"https:\\\/\\\/www.bedfont.com\\\/it\\\/comunita\\\/#primaryimage\"},\"thumbnailUrl\":\"https:\\\/\\\/www.bedfont.com\\\/wp-content\\\/themes\\\/bedfont\\\/assets\\\/img\\\/subtle-bg.jpg\",\"datePublished\":\"2024-10-10T08:50:30+00:00\",\"dateModified\":\"2024-11-18T09:35:49+00:00\",\"breadcrumb\":{\"@id\":\"https:\\\/\\\/www.bedfont.com\\\/it\\\/comunita\\\/#breadcrumb\"},\"inLanguage\":\"it-IT\",\"potentialAction\":[{\"@type\":\"ReadAction\",\"target\":[\"https:\\\/\\\/www.bedfont.com\\\/it\\\/comunita\\\/\"]}]},{\"@type\":\"ImageObject\",\"inLanguage\":\"it-IT\",\"@id\":\"https:\\\/\\\/www.bedfont.com\\\/it\\\/comunita\\\/#primaryimage\",\"url\":\"https:\\\/\\\/www.bedfont.com\\\/wp-content\\\/themes\\\/bedfont\\\/assets\\\/img\\\/subtle-bg.jpg\",\"contentUrl\":\"https:\\\/\\\/www.bedfont.com\\\/wp-content\\\/themes\\\/bedfont\\\/assets\\\/img\\\/subtle-bg.jpg\"},{\"@type\":\"BreadcrumbList\",\"@id\":\"https:\\\/\\\/www.bedfont.com\\\/it\\\/comunita\\\/#breadcrumb\",\"itemListElement\":[{\"@type\":\"ListItem\",\"position\":1,\"name\":\"Home\",\"item\":\"https:\\\/\\\/www.bedfont.com\\\/it\\\/\"},{\"@type\":\"ListItem\",\"position\":2,\"name\":\"Comunit\u00e0\"}]},{\"@type\":\"WebSite\",\"@id\":\"https:\\\/\\\/www.bedfont.com\\\/it\\\/#website\",\"url\":\"https:\\\/\\\/www.bedfont.com\\\/it\\\/\",\"name\":\"Bedfont Scientific Ltd.\",\"description\":\"World leaders in breath analysis.\",\"publisher\":{\"@id\":\"https:\\\/\\\/www.bedfont.com\\\/it\\\/#organization\"},\"potentialAction\":[{\"@type\":\"SearchAction\",\"target\":{\"@type\":\"EntryPoint\",\"urlTemplate\":\"https:\\\/\\\/www.bedfont.com\\\/it\\\/?s={search_term_string}\"},\"query-input\":{\"@type\":\"PropertyValueSpecification\",\"valueRequired\":true,\"valueName\":\"search_term_string\"}}],\"inLanguage\":\"it-IT\"},{\"@type\":\"Organization\",\"@id\":\"https:\\\/\\\/www.bedfont.com\\\/it\\\/#organization\",\"name\":\"Bedfont Scientific Ltd.\",\"url\":\"https:\\\/\\\/www.bedfont.com\\\/it\\\/\",\"logo\":{\"@type\":\"ImageObject\",\"inLanguage\":\"it-IT\",\"@id\":\"https:\\\/\\\/www.bedfont.com\\\/it\\\/#\\\/schema\\\/logo\\\/image\\\/\",\"url\":\"https:\\\/\\\/www.bedfont.com\\\/wp-content\\\/uploads\\\/2023\\\/06\\\/logo.png\",\"contentUrl\":\"https:\\\/\\\/www.bedfont.com\\\/wp-content\\\/uploads\\\/2023\\\/06\\\/logo.png\",\"width\":1600,\"height\":505,\"caption\":\"Bedfont Scientific Ltd.\"},\"image\":{\"@id\":\"https:\\\/\\\/www.bedfont.com\\\/it\\\/#\\\/schema\\\/logo\\\/image\\\/\"},\"sameAs\":[\"https:\\\/\\\/www.facebook.com\\\/Bedfontltd\\\/\",\"https:\\\/\\\/x.com\\\/BedfontLtd\",\"https:\\\/\\\/www.instagram.com\\\/bedfontltd\\\/\",\"https:\\\/\\\/www.linkedin.com\\\/company\\\/bedfont-scientific-ltd\\\/\",\"https:\\\/\\\/www.youtube.com\\\/user\\\/BedfontScientificLtd\"]}]}<\/script>\n<!-- \/ Yoast SEO plugin. -->","yoast_head_json":{"title":"Comunit\u00e0 - Bedfont Scientific Ltd.","robots":{"index":"index","follow":"follow","max-snippet":"max-snippet:-1","max-image-preview":"max-image-preview:large","max-video-preview":"max-video-preview:-1"},"canonical":"https:\/\/www.bedfont.com\/it\/comunita\/","og_locale":"it_IT","og_type":"article","og_title":"Comunit\u00e0 - Bedfont Scientific Ltd.","og_description":"Comunit\u00e0 Noi di Bedfont \u00ae ci impegniamo a sostenere e ad avere un impatto significativo sulla nostra comunit\u00e0 locale attraverso varie iniziative che promuovono il benessere, la crescita e la connessione. Che si tratti di sponsorizzare squadre sportive, supportare servizi sanitari essenziali o partecipare a eventi di raccolta fondi, il nostro obiettivo \u00e8 fare una [&hellip;]","og_url":"https:\/\/www.bedfont.com\/it\/comunita\/","og_site_name":"Bedfont Scientific Ltd.","article_publisher":"https:\/\/www.facebook.com\/Bedfontltd\/","article_modified_time":"2024-11-18T09:35:49+00:00","og_image":[{"url":"https:\/\/www.bedfont.com\/wp-content\/themes\/bedfont\/assets\/img\/subtle-bg.jpg","type":"","width":"","height":""}],"twitter_card":"summary_large_image","twitter_site":"@BedfontLtd","twitter_misc":{"Tempo di lettura stimato":"5 minuti"},"schema":{"@context":"https:\/\/schema.org","@graph":[{"@type":"WebPage","@id":"https:\/\/www.bedfont.com\/it\/comunita\/","url":"https:\/\/www.bedfont.com\/it\/comunita\/","name":"Comunit\u00e0 - Bedfont Scientific Ltd.","isPartOf":{"@id":"https:\/\/www.bedfont.com\/it\/#website"},"primaryImageOfPage":{"@id":"https:\/\/www.bedfont.com\/it\/comunita\/#primaryimage"},"image":{"@id":"https:\/\/www.bedfont.com\/it\/comunita\/#primaryimage"},"thumbnailUrl":"https:\/\/www.bedfont.com\/wp-content\/themes\/bedfont\/assets\/img\/subtle-bg.jpg","datePublished":"2024-10-10T08:50:30+00:00","dateModified":"2024-11-18T09:35:49+00:00","breadcrumb":{"@id":"https:\/\/www.bedfont.com\/it\/comunita\/#breadcrumb"},"inLanguage":"it-IT","potentialAction":[{"@type":"ReadAction","target":["https:\/\/www.bedfont.com\/it\/comunita\/"]}]},{"@type":"ImageObject","inLanguage":"it-IT","@id":"https:\/\/www.bedfont.com\/it\/comunita\/#primaryimage","url":"https:\/\/www.bedfont.com\/wp-content\/themes\/bedfont\/assets\/img\/subtle-bg.jpg","contentUrl":"https:\/\/www.bedfont.com\/wp-content\/themes\/bedfont\/assets\/img\/subtle-bg.jpg"},{"@type":"BreadcrumbList","@id":"https:\/\/www.bedfont.com\/it\/comunita\/#breadcrumb","itemListElement":[{"@type":"ListItem","position":1,"name":"Home","item":"https:\/\/www.bedfont.com\/it\/"},{"@type":"ListItem","position":2,"name":"Comunit\u00e0"}]},{"@type":"WebSite","@id":"https:\/\/www.bedfont.com\/it\/#website","url":"https:\/\/www.bedfont.com\/it\/","name":"Bedfont Scientific Ltd.","description":"World leaders in breath analysis.","publisher":{"@id":"https:\/\/www.bedfont.com\/it\/#organization"},"potentialAction":[{"@type":"SearchAction","target":{"@type":"EntryPoint","urlTemplate":"https:\/\/www.bedfont.com\/it\/?s={search_term_string}"},"query-input":{"@type":"PropertyValueSpecification","valueRequired":true,"valueName":"search_term_string"}}],"inLanguage":"it-IT"},{"@type":"Organization","@id":"https:\/\/www.bedfont.com\/it\/#organization","name":"Bedfont Scientific Ltd.","url":"https:\/\/www.bedfont.com\/it\/","logo":{"@type":"ImageObject","inLanguage":"it-IT","@id":"https:\/\/www.bedfont.com\/it\/#\/schema\/logo\/image\/","url":"https:\/\/www.bedfont.com\/wp-content\/uploads\/2023\/06\/logo.png","contentUrl":"https:\/\/www.bedfont.com\/wp-content\/uploads\/2023\/06\/logo.png","width":1600,"height":505,"caption":"Bedfont Scientific Ltd."},"image":{"@id":"https:\/\/www.bedfont.com\/it\/#\/schema\/logo\/image\/"},"sameAs":["https:\/\/www.facebook.com\/Bedfontltd\/","https:\/\/x.com\/BedfontLtd","https:\/\/www.instagram.com\/bedfontltd\/","https:\/\/www.linkedin.com\/company\/bedfont-scientific-ltd\/","https:\/\/www.youtube.com\/user\/BedfontScientificLtd"]}]}},"_links":{"self":[{"href":"https:\/\/www.bedfont.com\/it\/wp-json\/wp\/v2\/pages\/7508","targetHints":{"allow":["GET"]}}],"collection":[{"href":"https:\/\/www.bedfont.com\/it\/wp-json\/wp\/v2\/pages"}],"about":[{"href":"https:\/\/www.bedfont.com\/it\/wp-json\/wp\/v2\/types\/page"}],"author":[{"embeddable":true,"href":"https:\/\/www.bedfont.com\/it\/wp-json\/wp\/v2\/users\/6"}],"replies":[{"embeddable":true,"href":"https:\/\/www.bedfont.com\/it\/wp-json\/wp\/v2\/comments?post=7508"}],"version-history":[{"count":1,"href":"https:\/\/www.bedfont.com\/it\/wp-json\/wp\/v2\/pages\/7508\/revisions"}],"predecessor-version":[{"id":7509,"href":"https:\/\/www.bedfont.com\/it\/wp-json\/wp\/v2\/pages\/7508\/revisions\/7509"}],"wp:attachment":[{"href":"https:\/\/www.bedfont.com\/it\/wp-json\/wp\/v2\/media?parent=7508"}],"curies":[{"name":"wp","href":"https:\/\/api.w.org\/{rel}","templated":true}]}}