{"id":3658,"date":"2022-07-06T14:45:46","date_gmt":"2022-07-06T14:45:46","guid":{"rendered":"https:\/\/bedfont.theprogressteam.com\/prodotti\/"},"modified":"2025-03-17T16:13:12","modified_gmt":"2025-03-17T16:13:12","slug":"prodotti","status":"publish","type":"page","link":"https:\/\/www.bedfont.com\/it\/prodotti\/","title":{"rendered":"Prodotti"},"content":{"rendered":"<section class=\"hero-style-4 p-0 position-relative module-24-hero-0\" id=\"module-24-hero-0\"><div class=\"container-fluid overlay-img-holder\">\n\t\t\t<img width=\"1998\" height=\"544\" src=\"https:\/\/www.bedfont.com\/wp-content\/uploads\/2024\/10\/products.jpg\" class=\"w-100\" alt=\"\" decoding=\"async\" loading=\"lazy\" srcset=\"https:\/\/www.bedfont.com\/wp-content\/uploads\/2024\/10\/products.jpg 1998w, https:\/\/www.bedfont.com\/wp-content\/uploads\/2024\/10\/products-300x82.jpg 300w, https:\/\/www.bedfont.com\/wp-content\/uploads\/2024\/10\/products-1024x279.jpg 1024w, https:\/\/www.bedfont.com\/wp-content\/uploads\/2024\/10\/products-768x209.jpg 768w, https:\/\/www.bedfont.com\/wp-content\/uploads\/2024\/10\/products-1536x418.jpg 1536w\" sizes=\"auto, (max-width: 1998px) 100vw, 1998px\"\/><div class=\"overlay\">\n\t\t\t\t<div class=\"col-12 col-md-8 mx-auto\">\n\t\t\t\t\t<h1>Prodotti<\/h1>\n\t\t\t\t\t<p>Bedfont\u00ae ha un&#8217;ampia gamma di dispositivi per l&#8217;analisi del respiro, tutti con usi unici. La nostra competenza si riflette nell&#8217;ampia gamma di prodotti che offriamo, dai dispositivi portatili a quelli da banco, che possono essere utilizzati per analizzare il respiro dei pazienti. <\/p>\n\n\t\t\t\t<\/div>\n\t\t\t<\/div>\n\t\t<\/div>\n\t<\/section><section class=\"two-column-style-5 bg-gradient-purple button-align-right module-24-two_column_image_text-1\" id=\"module-24-two_column_image_text-1\"><div class=\"container\">\n\t\t\t<div class=\"row \">\n\t\t\t\t<div class=\"col-12 col-lg-5\">\n\t\t\t\t\t<img width=\"1000\" height=\"1000\" src=\"https:\/\/www.bedfont.com\/wp-content\/uploads\/2024\/10\/NObreath-monitor-face-on-with-mouthpiece.png\" class=\"img-fluid mb-5 mb-lg-0\" alt=\"\" decoding=\"async\" loading=\"lazy\" srcset=\"https:\/\/www.bedfont.com\/wp-content\/uploads\/2024\/10\/NObreath-monitor-face-on-with-mouthpiece.png 1000w, https:\/\/www.bedfont.com\/wp-content\/uploads\/2024\/10\/NObreath-monitor-face-on-with-mouthpiece-300x300.png 300w, https:\/\/www.bedfont.com\/wp-content\/uploads\/2024\/10\/NObreath-monitor-face-on-with-mouthpiece-150x150.png 150w, https:\/\/www.bedfont.com\/wp-content\/uploads\/2024\/10\/NObreath-monitor-face-on-with-mouthpiece-768x768.png 768w\" sizes=\"auto, (max-width: 1000px) 100vw, 1000px\"\/><\/div>\n\t\t\t\t<div class=\"col-1\"><\/div>\n\t\t\t\t<div class=\"col-12 col-lg-6 my-auto\">\n\t\t\t\t\t<h2 class=\"text-left\"> NObreath<sup>\u00ae<\/sup><\/h2>\n\t\t\t\t<p>NObreath \u00e8 un dispositivo FeNO che pu\u00f2 essere utilizzato per misurare l&#8217;infiammazione delle vie aeree per la diagnosi e la gestione dell&#8217;asma. Conforme alle linee guida BTS\/NICE\/SIGN, ATS ed ERS, NObreath rende la misurazione del FeNO rapida e semplice, inoltre \u00e8 completamente non invasivo, con la capacit\u00e0 di monitorare l&#8217;infiammazione delle vie aeree sia nei pazienti adulti che nei bambini. Inoltre, la modalit\u00e0 di monitoraggio ambientale consente di controllare i livelli ambientali di NO.  <\/p>\n\n\t\t\t\t\t<div class='button-box button-purple button-box-shadow'><a class='btn ' href='https:\/\/www.nobreathfeno.com\/' target=\"_blank\">Maggiori informazioni<i class='fa fa-arrow-right ms-1' aria-hidden='true'><\/i><\/a><\/div>\n\t\t\t\t<\/div>\n\t\t\t<\/div>\n\t\t<\/div>\n\t<\/section><section class=\"two-column-style-5 bg-gradient-blue button-align-right module-24-two_column_image_text-2\" id=\"module-24-two_column_image_text-2\"><div class=\"container\">\n\t\t\t<div class=\"row \">\n\t\t\t\t<div class=\"col-12 col-lg-5\">\n\t\t\t\t\t<img width=\"929\" height=\"929\" src=\"https:\/\/www.bedfont.com\/wp-content\/uploads\/2024\/10\/smokerlyzer-range.png\" class=\"img-fluid mb-5 mb-lg-0\" alt=\"\" decoding=\"async\" loading=\"lazy\" srcset=\"https:\/\/www.bedfont.com\/wp-content\/uploads\/2024\/10\/smokerlyzer-range.png 929w, https:\/\/www.bedfont.com\/wp-content\/uploads\/2024\/10\/smokerlyzer-range-300x300.png 300w, https:\/\/www.bedfont.com\/wp-content\/uploads\/2024\/10\/smokerlyzer-range-150x150.png 150w, https:\/\/www.bedfont.com\/wp-content\/uploads\/2024\/10\/smokerlyzer-range-768x768.png 768w\" sizes=\"auto, (max-width: 929px) 100vw, 929px\"\/><\/div>\n\t\t\t\t<div class=\"col-1\"><\/div>\n\t\t\t\t<div class=\"col-12 col-lg-6 my-auto\">\n\t\t\t\t\t<h2 class=\"text-left\">Smokerlyzer<sup>\u00ae<\/sup><\/h2>\n\t\t\t\t<p>I prodotti della gamma Smokerlyzer sono tutti dispositivi per il monossido di carbonio (CO) nel respiro per aiutare a smettere di fumare. I dispositivi misurano la quantit\u00e0 di CO nel respiro di un fumatore. Per i professionisti, \u00e8 un modo per stabilire biochimicamente lo stato di fumatore di una persona e per i fumatori stessi, Smokerlyzer \u00e8 un ausilio visivo motivazionale per incoraggiarli a smettere e per misurare i loro progressi nel farlo.  <\/p>\n\n\t\t\t\t\t<div class='button-box button-blue button-box-shadow'><a class='btn ' href='https:\/\/www.bedfont.com\/it\/prodotti\/smokerlyzer\/' target=\"_self\">Maggiori informazioni<i class='fa fa-arrow-right ms-1' aria-hidden='true'><\/i><\/a><\/div>\n\t\t\t\t<\/div>\n\t\t\t<\/div>\n\t\t<\/div>\n\t<\/section><section class=\"two-column-style-5 bg-gradient-pink button-align-right module-24-two_column_image_text-3\" id=\"module-24-two_column_image_text-3\"><div class=\"container\">\n\t\t\t<div class=\"row \">\n\t\t\t\t<div class=\"col-12 col-lg-5\">\n\t\t\t\t\t<img width=\"1000\" height=\"995\" src=\"https:\/\/www.bedfont.com\/wp-content\/uploads\/2024\/10\/gastrolyzer-range.png\" class=\"img-fluid mb-5 mb-lg-0\" alt=\"\" decoding=\"async\" loading=\"lazy\" srcset=\"https:\/\/www.bedfont.com\/wp-content\/uploads\/2024\/10\/gastrolyzer-range.png 1000w, https:\/\/www.bedfont.com\/wp-content\/uploads\/2024\/10\/gastrolyzer-range-300x300.png 300w, https:\/\/www.bedfont.com\/wp-content\/uploads\/2024\/10\/gastrolyzer-range-150x150.png 150w, https:\/\/www.bedfont.com\/wp-content\/uploads\/2024\/10\/gastrolyzer-range-768x764.png 768w\" sizes=\"auto, (max-width: 1000px) 100vw, 1000px\"\/><\/div>\n\t\t\t\t<div class=\"col-1\"><\/div>\n\t\t\t\t<div class=\"col-12 col-lg-6 my-auto\">\n\t\t\t\t\t<h2 class=\"text-left\">Gastrolyzer<sup>\u00ae<\/sup><\/h2>\n\t\t\t\t<p>La gamma Gastrolyzer \u00ae consente di effettuare un accurato breath test all&#8217;idrogeno, aiutando a rilevare disturbi gastrointestinali.<\/p>\n<p>La gamma Gastrolyzer \u00e8 costituita da dispositivi medici progettati per misurare vari gas nel respiro dei pazienti per diagnosticare e trattare diverse patologie gastrointestinali (GI).<\/p>\n\n\t\t\t\t\t<div class='button-box button-pink button-box-shadow'><a class='btn ' href='https:\/\/www.gastrolyzer.com\/' target=\"_blank\">Maggiori informazioni<i class='fa fa-arrow-right ms-1' aria-hidden='true'><\/i><\/a><\/div>\n\t\t\t\t<\/div>\n\t\t\t<\/div>\n\t\t<\/div>\n\t<\/section><section class=\"two-column-style-5 bg-gradient-red button-align-right module-24-two_column_image_text-4\" id=\"module-24-two_column_image_text-4\"><div class=\"container\">\n\t\t\t<div class=\"row \">\n\t\t\t\t<div class=\"col-12 col-lg-5\">\n\t\t\t\t\t<img width=\"773\" height=\"773\" src=\"https:\/\/www.bedfont.com\/wp-content\/uploads\/2024\/10\/medigas-range.png\" class=\"img-fluid mb-5 mb-lg-0\" alt=\"\" decoding=\"async\" loading=\"lazy\" srcset=\"https:\/\/www.bedfont.com\/wp-content\/uploads\/2024\/10\/medigas-range.png 773w, https:\/\/www.bedfont.com\/wp-content\/uploads\/2024\/10\/medigas-range-300x300.png 300w, https:\/\/www.bedfont.com\/wp-content\/uploads\/2024\/10\/medigas-range-150x150.png 150w, https:\/\/www.bedfont.com\/wp-content\/uploads\/2024\/10\/medigas-range-768x768.png 768w\" sizes=\"auto, (max-width: 773px) 100vw, 773px\"\/><\/div>\n\t\t\t\t<div class=\"col-1\"><\/div>\n\t\t\t\t<div class=\"col-12 col-lg-6 my-auto\">\n\t\t\t\t\t<h2 class=\"text-left\"> Medi-Gas Check<\/h2>\n\t\t\t\t<p>La gamma Medi-Gas Check \u00e8 una serie di monitor fissi e portatili per il rilevamento dei gas utilizzati per verificare e convalidare la qualit\u00e0 e la quantit\u00e0 di gas medicale somministrato ai pazienti, dalla sala macchine e dai punti di distribuzione fino al punto di consegna al paziente. La gamma \u00e8 pienamente conforme ai requisiti delle linee guida del governo del Regno Unito sotto forma di Health Technical Memorandum (HTM) 02-01 e altre normative pertinenti. <\/p>\n\n\t\t\t\t\t<div class='button-box button-red button-box-shadow'><a class='btn ' href='https:\/\/www.bedfont.com\/it\/prodotti\/medi-gas-check\/' target=\"_self\">Maggiori informazioni<i class='fa fa-arrow-right ms-1' aria-hidden='true'><\/i><\/a><\/div>\n\t\t\t\t<\/div>\n\t\t\t<\/div>\n\t\t<\/div>\n\t<\/section><section class=\"two-column-style-5 bg-gradient-brown button-align-right module-24-two_column_image_text-5\" id=\"module-24-two_column_image_text-5\"><div class=\"container\">\n\t\t\t<div class=\"row \">\n\t\t\t\t<div class=\"col-12 col-lg-5\">\n\t\t\t\t\t<img width=\"1000\" height=\"1000\" src=\"https:\/\/www.bedfont.com\/wp-content\/uploads\/2024\/10\/celler8-1.png\" class=\"img-fluid mb-5 mb-lg-0\" alt=\"\" decoding=\"async\" loading=\"lazy\" srcset=\"https:\/\/www.bedfont.com\/wp-content\/uploads\/2024\/10\/celler8-1.png 1000w, https:\/\/www.bedfont.com\/wp-content\/uploads\/2024\/10\/celler8-1-300x300.png 300w, https:\/\/www.bedfont.com\/wp-content\/uploads\/2024\/10\/celler8-1-150x150.png 150w, https:\/\/www.bedfont.com\/wp-content\/uploads\/2024\/10\/celler8-1-768x768.png 768w\" sizes=\"auto, (max-width: 1000px) 100vw, 1000px\"\/><\/div>\n\t\t\t\t<div class=\"col-1\"><\/div>\n\t\t\t\t<div class=\"col-12 col-lg-6 my-auto\">\n\t\t\t\t\t<h2 class=\"text-left\"><\/h2>\n\t\t\t\t<p><img decoding=\"async\" src=\"https:\/\/www.bedfont.com\/wp-content\/themes\/bedfont\/assets\/img\/product-logos\/celler8-logo.png\" class=\"img-fluid celler8-logo\" alt=\"CELLER8 logo\" style=\"border-bottom-color: rgba(0, 0, 0, 0);\"\/><\/p>\n<p>CELLER8 genera campi elettromagnetici pulsati (PEMF) fino a una distanza di 90 cm dal dispositivo, offrendo una copertura completa e localizzata.<\/p>\n<p>La tecnologia CELLER8 ti mette anche in controllo dei fondamenti della terapia PEMF, tra cui:<\/p>\n<ul><li>Intensit\u00e0<\/li>\n<li>Frequenza<\/li>\n<li>Polarit\u00e0<\/li>\n<\/ul>\n\n\t\t\t\t\t<div class='button-box button-brown button-box-shadow'><a class='btn ' href='https:\/\/www.celler8.com\/' target=\"_blank\">Maggiori informazioni<i class='fa fa-arrow-right ms-1' aria-hidden='true'><\/i><\/a><\/div>\n\t\t\t\t<\/div>\n\t\t\t<\/div>\n\t\t<\/div>\n\t<\/section><section class=\"two-column-style-5 bg-gradient-blue button-align-right module-24-two_column_image_text-6\" id=\"module-24-two_column_image_text-6\"><div class=\"container\">\n\t\t\t<div class=\"row \">\n\t\t\t\t<div class=\"col-12 col-lg-5\">\n\t\t\t\t\t<img width=\"1000\" height=\"1000\" src=\"https:\/\/www.bedfont.com\/wp-content\/uploads\/2024\/10\/breathacise-1.png\" class=\"img-fluid mb-5 mb-lg-0\" alt=\"\" decoding=\"async\" loading=\"lazy\" srcset=\"https:\/\/www.bedfont.com\/wp-content\/uploads\/2024\/10\/breathacise-1.png 1000w, https:\/\/www.bedfont.com\/wp-content\/uploads\/2024\/10\/breathacise-1-300x300.png 300w, https:\/\/www.bedfont.com\/wp-content\/uploads\/2024\/10\/breathacise-1-150x150.png 150w, https:\/\/www.bedfont.com\/wp-content\/uploads\/2024\/10\/breathacise-1-768x768.png 768w\" sizes=\"auto, (max-width: 1000px) 100vw, 1000px\"\/><\/div>\n\t\t\t\t<div class=\"col-1\"><\/div>\n\t\t\t\t<div class=\"col-12 col-lg-6 my-auto\">\n\t\t\t\t\t<h2 class=\"text-left\"><\/h2>\n\t\t\t\t<p><img decoding=\"async\" src=\"https:\/\/www.bedfont.com\/wp-content\/themes\/bedfont\/assets\/img\/product-logos\/breathacise-logo.png\" class=\"img-fluid my-4 celler8-logo\" alt=\"Breathacise logo\" style=\"border-bottom-color: rgba(0, 0, 0, 0);\"\/><\/p>\n<p>Lo spirometro Breathacise \u00e8 uno spirometro incentivante che utilizza una partita di basket per allenarsi e migliorare la capacit\u00e0 e la forza respiratoria. Lo fa aiutandoti ad allenare la capacit\u00e0 respiratoria attraverso la respirazione profonda. <\/p>\n<p>Il Breathacise include un gioco di pallacanestro integrato per fornire un incentivo all&#8217;esercizio respiratorio. Imposta l&#8217;anello da basket sul tuo obiettivo desiderato, inspira e, utilizzando l&#8217;indicatore, assicurati di eseguire una inspirazione costante e profonda fino a che non riesci a schiacciare il pallone nell&#8217;anello. <\/p>\n\n\t\t\t\t\t<div class='button-box button-blue button-box-shadow'><a class='btn ' href='https:\/\/www.breathacise.com\/' target=\"_blank\">Maggiori informazioni<i class='fa fa-arrow-right ms-1' aria-hidden='true'><\/i><\/a><\/div>\n\t\t\t\t<\/div>\n\t\t\t<\/div>\n\t\t<\/div>\n\t<\/section><section class=\"two-column-style-5 bg-gradient-dark-blue button-align-right module-24-two_column_image_text-7\" id=\"module-24-two_column_image_text-7\"><div class=\"container\">\n\t\t\t<div class=\"row \">\n\t\t\t\t<div class=\"col-12 col-lg-5\">\n\t\t\t\t\t<img width=\"444\" height=\"430\" src=\"https:\/\/www.bedfont.com\/wp-content\/uploads\/2025\/03\/SDK.png\" class=\"img-fluid mb-5 mb-lg-0\" alt=\"\" decoding=\"async\" loading=\"lazy\" srcset=\"https:\/\/www.bedfont.com\/wp-content\/uploads\/2025\/03\/SDK.png 444w, https:\/\/www.bedfont.com\/wp-content\/uploads\/2025\/03\/SDK-300x291.png 300w\" sizes=\"auto, (max-width: 444px) 100vw, 444px\"\/><\/div>\n\t\t\t\t<div class=\"col-1\"><\/div>\n\t\t\t\t<div class=\"col-12 col-lg-6 my-auto\">\n\t\t\t\t\t<h2 class=\"text-left\">Kit di sviluppo software<\/h2>\n\t\t\t\t<p>Sblocca l&#8217;integrazione di bio-validazione senza soluzione di continuit\u00e0 con gli SDK di Bedfont! Progettati per gli sviluppatori che desiderano portare un monitoraggio sanitario accurato e dati in tempo reale nelle loro app, i nostri SDK offrono un collegamento diretto ai dispositivi medici affidabili di Bedfont. Che tu stia creando un&#8217;app per la gestione dell&#8217;asma, la cessazione del fumo o il benessere personalizzato, i nostri SDK forniscono una connettivit\u00e0 sicura, conforme e semplice. Offri ai tuoi utenti la potenza di approfondimenti di livello clinico con solo poche righe di codice: trasforma la tua app in una soluzione sanitaria oggi stesso!   <\/p>\n\n\t\t\t\t\t<div class='button-box button-blue button-box-shadow'><a class='btn ' href='https:\/\/www.bedfont.com\/it\/kit-di-sviluppo-software\/' target=\"_self\">Maggiori informazioni<i class='fa fa-arrow-right ms-1' aria-hidden='true'><\/i><\/a><\/div>\n\t\t\t\t<\/div>\n\t\t\t<\/div>\n\t\t<\/div>\n\t<\/section>","protected":false},"excerpt":{"rendered":"<p>Prodotti Bedfont\u00ae ha un&#8217;ampia gamma di dispositivi per l&#8217;analisi del respiro, tutti con usi unici. La nostra competenza si riflette nell&#8217;ampia gamma di prodotti che offriamo, dai dispositivi portatili a quelli da banco, che possono essere utilizzati per analizzare il respiro dei pazienti. NObreath\u00ae NObreath \u00e8 un dispositivo FeNO che pu\u00f2 essere utilizzato per misurare [&hellip;]<\/p>\n","protected":false},"author":6,"featured_media":0,"parent":0,"menu_order":0,"comment_status":"closed","ping_status":"closed","template":"templates\/page-modules.php","meta":{"_acf_changed":false,"footnotes":""},"class_list":["post-3658","page","type-page","status-publish","hentry"],"acf":[],"yoast_head":"<!-- This site is optimized with the Yoast SEO plugin v27.4 - https:\/\/yoast.com\/product\/yoast-seo-wordpress\/ -->\n<title>Prodotti - Bedfont Scientific Ltd.<\/title>\n<meta name=\"description\" content=\"Bedfont Scientific Ltd. offre una vasta gamma di dispositivi per l&#039;analisi del respiro, ognuno progettato per rilevare diverse condizioni uniche.\" \/>\n<meta name=\"robots\" content=\"index, follow, max-snippet:-1, max-image-preview:large, max-video-preview:-1\" \/>\n<link rel=\"canonical\" href=\"https:\/\/www.bedfont.com\/it\/prodotti\/\" \/>\n<meta property=\"og:locale\" content=\"it_IT\" \/>\n<meta property=\"og:type\" content=\"article\" \/>\n<meta property=\"og:title\" content=\"Prodotti - Bedfont Scientific Ltd.\" \/>\n<meta property=\"og:description\" content=\"Bedfont Scientific Ltd. offre una vasta gamma di dispositivi per l&#039;analisi del respiro, ognuno progettato per rilevare diverse condizioni uniche.\" \/>\n<meta property=\"og:url\" content=\"https:\/\/www.bedfont.com\/it\/prodotti\/\" \/>\n<meta property=\"og:site_name\" content=\"Bedfont Scientific Ltd.\" \/>\n<meta property=\"article:publisher\" content=\"https:\/\/www.facebook.com\/Bedfontltd\/\" \/>\n<meta property=\"article:modified_time\" content=\"2025-03-17T16:13:12+00:00\" \/>\n<meta property=\"og:image\" content=\"https:\/\/www.bedfont.com\/wp-content\/uploads\/2024\/10\/products.jpg\" \/>\n<meta name=\"twitter:card\" content=\"summary_large_image\" \/>\n<meta name=\"twitter:site\" content=\"@BedfontLtd\" \/>\n<meta name=\"twitter:label1\" content=\"Tempo di lettura stimato\" \/>\n\t<meta name=\"twitter:data1\" content=\"4 minuti\" \/>\n<script type=\"application\/ld+json\" class=\"yoast-schema-graph\">{\"@context\":\"https:\\\/\\\/schema.org\",\"@graph\":[{\"@type\":\"WebPage\",\"@id\":\"https:\\\/\\\/www.bedfont.com\\\/it\\\/prodotti\\\/\",\"url\":\"https:\\\/\\\/www.bedfont.com\\\/it\\\/prodotti\\\/\",\"name\":\"Prodotti - Bedfont Scientific Ltd.\",\"isPartOf\":{\"@id\":\"https:\\\/\\\/www.bedfont.com\\\/it\\\/#website\"},\"primaryImageOfPage\":{\"@id\":\"https:\\\/\\\/www.bedfont.com\\\/it\\\/prodotti\\\/#primaryimage\"},\"image\":{\"@id\":\"https:\\\/\\\/www.bedfont.com\\\/it\\\/prodotti\\\/#primaryimage\"},\"thumbnailUrl\":\"https:\\\/\\\/www.bedfont.com\\\/wp-content\\\/uploads\\\/2024\\\/10\\\/products.jpg\",\"datePublished\":\"2022-07-06T14:45:46+00:00\",\"dateModified\":\"2025-03-17T16:13:12+00:00\",\"description\":\"Bedfont Scientific Ltd. offre una vasta gamma di dispositivi per l'analisi del respiro, ognuno progettato per rilevare diverse condizioni uniche.\",\"breadcrumb\":{\"@id\":\"https:\\\/\\\/www.bedfont.com\\\/it\\\/prodotti\\\/#breadcrumb\"},\"inLanguage\":\"it-IT\",\"potentialAction\":[{\"@type\":\"ReadAction\",\"target\":[\"https:\\\/\\\/www.bedfont.com\\\/it\\\/prodotti\\\/\"]}]},{\"@type\":\"ImageObject\",\"inLanguage\":\"it-IT\",\"@id\":\"https:\\\/\\\/www.bedfont.com\\\/it\\\/prodotti\\\/#primaryimage\",\"url\":\"https:\\\/\\\/www.bedfont.com\\\/wp-content\\\/uploads\\\/2024\\\/10\\\/products.jpg\",\"contentUrl\":\"https:\\\/\\\/www.bedfont.com\\\/wp-content\\\/uploads\\\/2024\\\/10\\\/products.jpg\"},{\"@type\":\"BreadcrumbList\",\"@id\":\"https:\\\/\\\/www.bedfont.com\\\/it\\\/prodotti\\\/#breadcrumb\",\"itemListElement\":[{\"@type\":\"ListItem\",\"position\":1,\"name\":\"Home\",\"item\":\"https:\\\/\\\/www.bedfont.com\\\/it\\\/\"},{\"@type\":\"ListItem\",\"position\":2,\"name\":\"Prodotti\"}]},{\"@type\":\"WebSite\",\"@id\":\"https:\\\/\\\/www.bedfont.com\\\/it\\\/#website\",\"url\":\"https:\\\/\\\/www.bedfont.com\\\/it\\\/\",\"name\":\"Bedfont Scientific Ltd.\",\"description\":\"World leaders in breath analysis.\",\"publisher\":{\"@id\":\"https:\\\/\\\/www.bedfont.com\\\/it\\\/#organization\"},\"potentialAction\":[{\"@type\":\"SearchAction\",\"target\":{\"@type\":\"EntryPoint\",\"urlTemplate\":\"https:\\\/\\\/www.bedfont.com\\\/it\\\/?s={search_term_string}\"},\"query-input\":{\"@type\":\"PropertyValueSpecification\",\"valueRequired\":true,\"valueName\":\"search_term_string\"}}],\"inLanguage\":\"it-IT\"},{\"@type\":\"Organization\",\"@id\":\"https:\\\/\\\/www.bedfont.com\\\/it\\\/#organization\",\"name\":\"Bedfont Scientific Ltd.\",\"url\":\"https:\\\/\\\/www.bedfont.com\\\/it\\\/\",\"logo\":{\"@type\":\"ImageObject\",\"inLanguage\":\"it-IT\",\"@id\":\"https:\\\/\\\/www.bedfont.com\\\/it\\\/#\\\/schema\\\/logo\\\/image\\\/\",\"url\":\"https:\\\/\\\/www.bedfont.com\\\/wp-content\\\/uploads\\\/2023\\\/06\\\/logo.png\",\"contentUrl\":\"https:\\\/\\\/www.bedfont.com\\\/wp-content\\\/uploads\\\/2023\\\/06\\\/logo.png\",\"width\":1600,\"height\":505,\"caption\":\"Bedfont Scientific Ltd.\"},\"image\":{\"@id\":\"https:\\\/\\\/www.bedfont.com\\\/it\\\/#\\\/schema\\\/logo\\\/image\\\/\"},\"sameAs\":[\"https:\\\/\\\/www.facebook.com\\\/Bedfontltd\\\/\",\"https:\\\/\\\/x.com\\\/BedfontLtd\",\"https:\\\/\\\/www.instagram.com\\\/bedfontltd\\\/\",\"https:\\\/\\\/www.linkedin.com\\\/company\\\/bedfont-scientific-ltd\\\/\",\"https:\\\/\\\/www.youtube.com\\\/user\\\/BedfontScientificLtd\"]}]}<\/script>\n<!-- \/ Yoast SEO plugin. -->","yoast_head_json":{"title":"Prodotti - Bedfont Scientific Ltd.","description":"Bedfont Scientific Ltd. offre una vasta gamma di dispositivi per l'analisi del respiro, ognuno progettato per rilevare diverse condizioni uniche.","robots":{"index":"index","follow":"follow","max-snippet":"max-snippet:-1","max-image-preview":"max-image-preview:large","max-video-preview":"max-video-preview:-1"},"canonical":"https:\/\/www.bedfont.com\/it\/prodotti\/","og_locale":"it_IT","og_type":"article","og_title":"Prodotti - Bedfont Scientific Ltd.","og_description":"Bedfont Scientific Ltd. offre una vasta gamma di dispositivi per l'analisi del respiro, ognuno progettato per rilevare diverse condizioni uniche.","og_url":"https:\/\/www.bedfont.com\/it\/prodotti\/","og_site_name":"Bedfont Scientific Ltd.","article_publisher":"https:\/\/www.facebook.com\/Bedfontltd\/","article_modified_time":"2025-03-17T16:13:12+00:00","og_image":[{"url":"https:\/\/www.bedfont.com\/wp-content\/uploads\/2024\/10\/products.jpg","type":"","width":"","height":""}],"twitter_card":"summary_large_image","twitter_site":"@BedfontLtd","twitter_misc":{"Tempo di lettura stimato":"4 minuti"},"schema":{"@context":"https:\/\/schema.org","@graph":[{"@type":"WebPage","@id":"https:\/\/www.bedfont.com\/it\/prodotti\/","url":"https:\/\/www.bedfont.com\/it\/prodotti\/","name":"Prodotti - Bedfont Scientific Ltd.","isPartOf":{"@id":"https:\/\/www.bedfont.com\/it\/#website"},"primaryImageOfPage":{"@id":"https:\/\/www.bedfont.com\/it\/prodotti\/#primaryimage"},"image":{"@id":"https:\/\/www.bedfont.com\/it\/prodotti\/#primaryimage"},"thumbnailUrl":"https:\/\/www.bedfont.com\/wp-content\/uploads\/2024\/10\/products.jpg","datePublished":"2022-07-06T14:45:46+00:00","dateModified":"2025-03-17T16:13:12+00:00","description":"Bedfont Scientific Ltd. offre una vasta gamma di dispositivi per l'analisi del respiro, ognuno progettato per rilevare diverse condizioni uniche.","breadcrumb":{"@id":"https:\/\/www.bedfont.com\/it\/prodotti\/#breadcrumb"},"inLanguage":"it-IT","potentialAction":[{"@type":"ReadAction","target":["https:\/\/www.bedfont.com\/it\/prodotti\/"]}]},{"@type":"ImageObject","inLanguage":"it-IT","@id":"https:\/\/www.bedfont.com\/it\/prodotti\/#primaryimage","url":"https:\/\/www.bedfont.com\/wp-content\/uploads\/2024\/10\/products.jpg","contentUrl":"https:\/\/www.bedfont.com\/wp-content\/uploads\/2024\/10\/products.jpg"},{"@type":"BreadcrumbList","@id":"https:\/\/www.bedfont.com\/it\/prodotti\/#breadcrumb","itemListElement":[{"@type":"ListItem","position":1,"name":"Home","item":"https:\/\/www.bedfont.com\/it\/"},{"@type":"ListItem","position":2,"name":"Prodotti"}]},{"@type":"WebSite","@id":"https:\/\/www.bedfont.com\/it\/#website","url":"https:\/\/www.bedfont.com\/it\/","name":"Bedfont Scientific Ltd.","description":"World leaders in breath analysis.","publisher":{"@id":"https:\/\/www.bedfont.com\/it\/#organization"},"potentialAction":[{"@type":"SearchAction","target":{"@type":"EntryPoint","urlTemplate":"https:\/\/www.bedfont.com\/it\/?s={search_term_string}"},"query-input":{"@type":"PropertyValueSpecification","valueRequired":true,"valueName":"search_term_string"}}],"inLanguage":"it-IT"},{"@type":"Organization","@id":"https:\/\/www.bedfont.com\/it\/#organization","name":"Bedfont Scientific Ltd.","url":"https:\/\/www.bedfont.com\/it\/","logo":{"@type":"ImageObject","inLanguage":"it-IT","@id":"https:\/\/www.bedfont.com\/it\/#\/schema\/logo\/image\/","url":"https:\/\/www.bedfont.com\/wp-content\/uploads\/2023\/06\/logo.png","contentUrl":"https:\/\/www.bedfont.com\/wp-content\/uploads\/2023\/06\/logo.png","width":1600,"height":505,"caption":"Bedfont Scientific Ltd."},"image":{"@id":"https:\/\/www.bedfont.com\/it\/#\/schema\/logo\/image\/"},"sameAs":["https:\/\/www.facebook.com\/Bedfontltd\/","https:\/\/x.com\/BedfontLtd","https:\/\/www.instagram.com\/bedfontltd\/","https:\/\/www.linkedin.com\/company\/bedfont-scientific-ltd\/","https:\/\/www.youtube.com\/user\/BedfontScientificLtd"]}]}},"_links":{"self":[{"href":"https:\/\/www.bedfont.com\/it\/wp-json\/wp\/v2\/pages\/3658","targetHints":{"allow":["GET"]}}],"collection":[{"href":"https:\/\/www.bedfont.com\/it\/wp-json\/wp\/v2\/pages"}],"about":[{"href":"https:\/\/www.bedfont.com\/it\/wp-json\/wp\/v2\/types\/page"}],"author":[{"embeddable":true,"href":"https:\/\/www.bedfont.com\/it\/wp-json\/wp\/v2\/users\/6"}],"replies":[{"embeddable":true,"href":"https:\/\/www.bedfont.com\/it\/wp-json\/wp\/v2\/comments?post=3658"}],"version-history":[{"count":11,"href":"https:\/\/www.bedfont.com\/it\/wp-json\/wp\/v2\/pages\/3658\/revisions"}],"predecessor-version":[{"id":8346,"href":"https:\/\/www.bedfont.com\/it\/wp-json\/wp\/v2\/pages\/3658\/revisions\/8346"}],"wp:attachment":[{"href":"https:\/\/www.bedfont.com\/it\/wp-json\/wp\/v2\/media?parent=3658"}],"curies":[{"name":"wp","href":"https:\/\/api.w.org\/{rel}","templated":true}]}}