{"id":3577,"date":"2024-01-04T16:18:29","date_gmt":"2024-01-04T16:18:29","guid":{"rendered":"https:\/\/bedfont.theprogressteam.com\/smokerlyzer\/"},"modified":"2024-10-18T05:53:29","modified_gmt":"2024-10-18T05:53:29","slug":"smokerlyzer","status":"publish","type":"page","link":"https:\/\/www.bedfont.com\/it\/prodotti\/smokerlyzer\/","title":{"rendered":"Smokerlyzer"},"content":{"rendered":"<section class=\"hero-style-4 p-0 position-relative \" id=\"module-950-hero-0\">\n\t\t<div class=\"container-fluid overlay-img-holder\">\n\t\t\t<img width=\"1998\" height=\"544\" src=\"https:\/\/www.bedfont.com\/wp-content\/uploads\/2024\/10\/smokerlyzer-product-page.jpg\" class=\"w-100\" alt=\"\" decoding=\"async\" loading=\"lazy\" srcset=\"https:\/\/www.bedfont.com\/wp-content\/uploads\/2024\/10\/smokerlyzer-product-page.jpg 1998w, https:\/\/www.bedfont.com\/wp-content\/uploads\/2024\/10\/smokerlyzer-product-page-300x82.jpg 300w, https:\/\/www.bedfont.com\/wp-content\/uploads\/2024\/10\/smokerlyzer-product-page-1024x279.jpg 1024w, https:\/\/www.bedfont.com\/wp-content\/uploads\/2024\/10\/smokerlyzer-product-page-768x209.jpg 768w, https:\/\/www.bedfont.com\/wp-content\/uploads\/2024\/10\/smokerlyzer-product-page-1536x418.jpg 1536w\" sizes=\"auto, (max-width: 1998px) 100vw, 1998px\"\/>\n\t\t\t<div class=\"overlay\">\n\t\t\t\t<div class=\"col-12 col-md-8 mx-auto\">\n\t\t\t\t\t<h1>Smokerlyzer<sup>\u00ae<\/sup><\/h1>\n\t\t\t\t\t<p>La gamma Smokerlyzer consiste in dispositivi per il monossido di carbonio (CO) espirato, utili per il supporto alla cessazione del fumo. Questi strumenti misurano la concentrazione di CO nel respiro di un fumatore. Per i professionisti, rappresentano un metodo biochimico per determinare lo status di fumatore di un individuo, mentre per i fumatori stessi, il Smokerlyzer funge da strumento visivo motivazionale per incoraggiarli a smettere di fumare e per monitorare i loro progressi nel processo di cessazione.  <\/p>\n\n\t\t\t\t<\/div>\n\t\t\t<\/div>\n\t\t<\/div>\n\t<\/section><section class=\"two-column-style-5 two-column-style-7 bg-gradient-blue \" id=\"module-950-two_column_image_text-1\">\n\t \t<div class=\"container\">\n\t\t\t<div class=\"row flex-row-reverse\">\n\t\t\t\t\t<div class=\"col-12 col-lg-7 my-auto\">\n                    <div class=\"box\">\n\t\t\t\t\t<h2 class=\"text-left\">PiCO<sup>\u2122<\/sup><\/h2>\n\t\t\t\t<p>PiCO <sup>\u2122<\/sup> \u00e8 un dispositivo per l&#8217;emissione di CO nel respiro che aiuta le persone a smettere di fumare.<\/p>\n\n\t\t\t\t\t\n\t\t\t\t<\/div>\n\n                <div class=\"row\"><div class=\"col-12 col-lg-4 mt-3\"><div class=\"box h-100 text-center\"><h3>Risultati Istantanei<\/h3><p>Il dispositivo fornisce risultati immediati, espressi in ppm e %COHb esatti.<\/p>\n<\/div><\/div><div class=\"col-12 col-lg-4 mt-3\"><div class=\"box h-100 text-center\"><h3>Garanzia quinquennale<\/h3><p>Il dispositivo PiCO<sup>\u2122<\/sup> \u00e8 coperto da una garanzia quinquennale per garantire la massima tranquillit\u00e0.<\/p>\n<\/div><\/div><div class=\"col-12 col-lg-4 mt-3\"><div class=\"box h-100 text-center\"><h3>Tecnologia antimicrobica<\/h3><p>Tecnologia antimicrobica per un controllo delle infezioni ottimale.<\/p>\n<\/div><\/div><div class=\"col-12 col-lg-4 mt-3\"><div class=\"box h-100 text-center\"><h3>COdata<sup>+\u2122<\/sup> Software<\/h3><p>Il PiCO include un software gratuito di gestione dei pazienti che fornisce un report istantaneo dei risultati del paziente.<\/p>\n<\/div><\/div><div class=\"col-12 col-lg-4 mt-3\"><div class=\"box h-100 text-center\"><h3>Sistema di luci di segnalazione<\/h3><p>Utilizza un sistema familiare di luci verde, ambra e rossa per identificare istantaneamente i livelli di CO ai pazienti.<\/p>\n<\/div><\/div><div class=\"col-12 col-lg-4 mt-3\"><div class=\"box h-100 text-center\"><h3>Controllo delle infezioni<\/h3><p>Il filtro integrato D-Piece<sup>\u2122<\/sup> filtra >99% dei batteri e >97% dei virus per un controllo delle infezioni a basso costo.<\/p>\n<\/div><\/div><\/div>\n\n\t\t\t\t<\/div>\n\t\t\t\t<div class=\"col-1\"><\/div>\n\t\t\t\n                <div class=\"col-12 col-lg-4\">\n\t\t\t\t\t<img width=\"647\" height=\"1159\" src=\"https:\/\/www.bedfont.com\/wp-content\/uploads\/2024\/10\/pico.png\" class=\"img-fluid w-75 mx-auto d-block\" alt=\"\" decoding=\"async\" loading=\"lazy\" srcset=\"https:\/\/www.bedfont.com\/wp-content\/uploads\/2024\/10\/pico.png 647w, https:\/\/www.bedfont.com\/wp-content\/uploads\/2024\/10\/pico-167x300.png 167w, https:\/\/www.bedfont.com\/wp-content\/uploads\/2024\/10\/pico-572x1024.png 572w\" sizes=\"auto, (max-width: 647px) 100vw, 647px\"\/>\n\t\t\t\t<\/div>\n\t\t\t<\/div>\n\t\t<\/div>\n\t<\/section><section class=\"two-column-style-5 two-column-style-7 bg-gradient-dark-blue \" id=\"module-950-two_column_image_text-2\">\n\t \t<div class=\"container\">\n\t\t\t<div class=\"row flex-row-reverse\">\n\t\t\t\t\t<div class=\"col-12 col-lg-7 my-auto\">\n                    <div class=\"box\">\n\t\t\t\t\t<h2 class=\"text-left\">Micro<sup>+\u2122<\/sup><\/h2>\n\t\t\t\t<p>Il Micro<sup>+\u2122<\/sup> \u00e8 un dispositivo per il CO espirato e per la %COHb %FCOHb per aiutare le persone a smettere di fumare.<\/p>\n\n\t\t\t\t\t\n\t\t\t\t<\/div>\n\n                <div class=\"row\"><div class=\"col-12 col-lg-4 mt-3\"><div class=\"box h-100 text-center\"><h3>Risultati Istantanei<\/h3><p>Il dispositivo fornisce risultati immediati mostrati in ppm, %COHb e %FCOHb esatti.<\/p>\n<\/div><\/div><div class=\"col-12 col-lg-4 mt-3\"><div class=\"box h-100 text-center\"><h3>Garanzia quinquennale<\/h3><p>Il dispositivo Micro <sup>+\u2122<\/sup> \u00e8 dotato di una garanzia di cinque anni per la massima tranquillit\u00e0.<\/p>\n<\/div><\/div><div class=\"col-12 col-lg-4 mt-3\"><div class=\"box h-100 text-center\"><h3>Tecnologia antimicrobica<\/h3><p>Tecnologia antimicrobica per un controllo delle infezioni ottimale.<\/p>\n<\/div><\/div><div class=\"col-12 col-lg-4 mt-3\"><div class=\"box h-100 text-center\"><h3>COdata<sup>+\u2122<\/sup> Software<\/h3><p>Il dispositivo Micro+ include un software gratuito di gestione dei pazienti che fornisce un report istantaneo dei risultati del paziente.<\/p>\n<\/div><\/div><div class=\"col-12 col-lg-4 mt-3\"><div class=\"box h-100 text-center\"><h3>Sistema di luci di segnalazione<\/h3><p>Utilizza un sistema familiare di luci verde, ambra e rossa per identificare istantaneamente i livelli di CO ai pazienti.<\/p>\n<\/div><\/div><div class=\"col-12 col-lg-4 mt-3\"><div class=\"box h-100 text-center\"><h3>Controllo delle infezioni<\/h3><p>Il filtro integrato D-Piece<sup>\u2122<\/sup> filtra >99% dei batteri e >97% dei virus per un controllo delle infezioni a basso costo.<\/p>\n<\/div><\/div><\/div>\n\n\t\t\t\t<\/div>\n\t\t\t\t<div class=\"col-1\"><\/div>\n\t\t\t\n                <div class=\"col-12 col-lg-4\">\n\t\t\t\t\t<img width=\"647\" height=\"1159\" src=\"https:\/\/www.bedfont.com\/wp-content\/uploads\/2024\/10\/micro.png\" class=\"img-fluid w-75 mx-auto d-block\" alt=\"\" decoding=\"async\" loading=\"lazy\" srcset=\"https:\/\/www.bedfont.com\/wp-content\/uploads\/2024\/10\/micro.png 647w, https:\/\/www.bedfont.com\/wp-content\/uploads\/2024\/10\/micro-167x300.png 167w, https:\/\/www.bedfont.com\/wp-content\/uploads\/2024\/10\/micro-572x1024.png 572w\" sizes=\"auto, (max-width: 647px) 100vw, 647px\"\/>\n\t\t\t\t<\/div>\n\t\t\t<\/div>\n\t\t<\/div>\n\t<\/section><section class=\"two-column-style-5 two-column-style-6 bg-gradient-blue \" id=\"module-950-two_column_image_text-3\">\n\t \t<div class=\"container\">\n\t\t\t<div class=\"row flex-row-reverse\">\n\t\t\t\t\t<div class=\"col-12 col-lg-7 my-auto\">\n                    <div class=\"box\">\n\t\t\t\t\t<h2 class=\"text-left\">iCOquit<sup>\u00ae<\/sup><\/h2>\n\t\t\t\t<p>Il tuo dispositivo personale per il CO, per aiutarti a smettere di fumare, un respiro alla volta.<\/p>\n<p>iCOquit misura il monossido di carbonio (CO) nel tuo respiro e mostra i risultati all&#8217;interno dell&#8217;app per fornire una motivazione visiva per aiutarti a smettere di fumare.<\/p>\n<p>L&#8217;app iCOquit funziona in combinazione con il dispositivo iCOquit per fornire motivazione visiva per aiutarti a smettere e monitorare il progresso in tempo reale.<\/p>\n\n\t\t\t\t\t<div class='button-box button-blue button-box-shadow'><a class='btn ' href='https:\/\/www.icoquit.com\/' target=\"_blank\">Visit Website<i class='fa fa-arrow-right ms-1' aria-hidden='true'><\/i><\/a><\/div>\n\t\t\t\t<\/div>\n\t\t\t\t<\/div>\n\t\t\t\t<div class=\"col-1\"><\/div>\n\t\t\t\n                <div class=\"col-12 col-lg-4\">\n\t\t\t\t\t<img width=\"647\" height=\"1159\" src=\"https:\/\/www.bedfont.com\/wp-content\/uploads\/2024\/10\/icoquit.png\" class=\"img-fluid w-75 mx-auto d-block\" alt=\"\" decoding=\"async\" loading=\"lazy\" srcset=\"https:\/\/www.bedfont.com\/wp-content\/uploads\/2024\/10\/icoquit.png 647w, https:\/\/www.bedfont.com\/wp-content\/uploads\/2024\/10\/icoquit-167x300.png 167w, https:\/\/www.bedfont.com\/wp-content\/uploads\/2024\/10\/icoquit-572x1024.png 572w\" sizes=\"auto, (max-width: 647px) 100vw, 647px\"\/>\n\t\t\t\t<\/div>\n\t\t\t<\/div>\n\t\t<\/div>\n\t<\/section><section class=\"two-column-style-5 two-column-style-7 bg-gradient-purple pico-baby-bg\" id=\"module-950-two_column_image_text-4\">\n\t \t<div class=\"container\">\n\t\t\t<div class=\"row flex-row-reverse\">\n\t\t\t\t\t<div class=\"col-12 col-lg-7 my-auto\">\n                    <div class=\"box\">\n\t\t\t\t\t<h2 class=\"text-left\">PiCO<sup>baby\u2122<\/sup><\/h2>\n\t\t\t\t<p>Il PiCO<sup>baby\u2122<\/sup> \u00e8 un dispositivo per il CO espirato per le donne in gravidanza per aiutarle a smettere di fumare.<\/p>\n\n\t\t\t\t\t\n\t\t\t\t<\/div>\n\n                <div class=\"row\"><div class=\"col-12 col-lg-4 mt-3\"><div class=\"box h-100 text-center\"><h3>Risultati Istantanei<\/h3><p>Il dispositivo fornisce risultati immediati, espressi in ppm, %COHb e %FCOHb esatti.<\/p>\n<\/div><\/div><div class=\"col-12 col-lg-4 mt-3\"><div class=\"box h-100 text-center\"><h3>Garanzia quinquennale<\/h3><p>Mit dem PiCO<sup>baby\u2122<\/sup> genie\u00dfen Sie absolute Sicherheit dank der gro\u00dfz\u00fcgigen 5-Jahres-Garantie<\/p>\n<\/div><\/div><div class=\"col-12 col-lg-4 mt-3\"><div class=\"box h-100 text-center\"><h3>Tecnologia antimicrobica<\/h3><p>Tecnologia antimicrobica per un controllo delle infezioni ottimale.<\/p>\n<\/div><\/div><div class=\"col-12 col-lg-4 mt-3\"><div class=\"box h-100 text-center\"><h3>Strumento valido<\/h3><p>The piCO<sup>baby\u2122<\/sup> is a valuable tool for pregnant smokers to visualise the effects that smoking is having on them and their child.<\/p>\n<\/div><\/div><div class=\"col-12 col-lg-4 mt-3\"><div class=\"box h-100 text-center\"><h3>Sistema di luci di segnalazione<\/h3><p>Utilizza un sistema familiare di luci verde, ambra e rossa per identificare istantaneamente i livelli di CO ai pazienti.<\/p>\n<\/div><\/div><div class=\"col-12 col-lg-4 mt-3\"><div class=\"box h-100 text-center\"><h3>Controllo delle infezioni<\/h3><p>Il filtro integrato D-Piece<sup>\u2122<\/sup> filtra >99% dei batteri e >97% dei virus per un controllo delle infezioni a basso costo.<\/p>\n<\/div><\/div><\/div>\n\n\t\t\t\t<\/div>\n\t\t\t\t<div class=\"col-1\"><\/div>\n\t\t\t\n                <div class=\"col-12 col-lg-4\">\n\t\t\t\t\t<img width=\"647\" height=\"1159\" src=\"https:\/\/www.bedfont.com\/wp-content\/uploads\/2024\/10\/picobaby.png\" class=\"img-fluid w-75 mx-auto d-block\" alt=\"\" decoding=\"async\" loading=\"lazy\" srcset=\"https:\/\/www.bedfont.com\/wp-content\/uploads\/2024\/10\/picobaby.png 647w, https:\/\/www.bedfont.com\/wp-content\/uploads\/2024\/10\/picobaby-167x300.png 167w, https:\/\/www.bedfont.com\/wp-content\/uploads\/2024\/10\/picobaby-572x1024.png 572w\" sizes=\"auto, (max-width: 647px) 100vw, 647px\"\/>\n\t\t\t\t<\/div>\n\t\t\t<\/div>\n\t\t<\/div>\n\t<\/section><section class=\"two-column-style-5 two-column-style-6 bg-gradient-blue \" id=\"module-950-two_column_image_text-5\">\n\t \t<div class=\"container\">\n\t\t\t<div class=\"row flex-row-reverse\">\n\t\t\t\t\t<div class=\"col-12 col-lg-7 my-auto\">\n                    <div class=\"box\">\n\t\t\t\t\t<h2 class=\"text-left\">COdata<sup>+\u2122<\/sup><\/h2>\n\t\t\t\t<p>COdata <sup>+\u2122<\/sup> \u00e8 un programma software GRATUITO per Microsoft Windows, da utilizzare con la gamma di dispositivi per la rilevazione del monossido di carbonio nell&#8217;aria espirata Bedfont<sup>\u00ae<\/sup> Smokerlyzer <sup>\u00ae<\/sup> .<\/p>\n<p>Quando connesso al software, le letture vengono scaricate dal dispositivo al database COdata <sup>+\u2122<\/sup> , che fornisce una visualizzazione virtuale dello strumento e un report immediato dei risultati del paziente. Il report include un&#8217;interpretazione specifica dell&#8217;abitudine al fumo del paziente e della dipendenza personale dalla nicotina. Questo pu\u00f2 essere stampato e conservato dal paziente per i propri archivi. Il database integrato registra i dettagli dei pazienti e i loro risultati per le sessioni successive. Gli utenti possono anche creare impostazioni ppm personalizzate, consentendo loro di amplificare lo stato di fumatore quando si trattano pazienti particolarmente difficili da motivare o si eseguono test in circostanze insolite.    <\/p>\n\n\t\t\t\t\t<div class='button-box button-blue button-box-shadow'><a class='btn ' href='\/wp-content\/themes\/bedfont\/assets\/documents\/downloads\/Bedsoft_Framework.exe' target=\"_self\">Scaricamento COdata<sup>+\u2122<\/sup><i class='fa fa-arrow-right ms-1' aria-hidden='true'><\/i><\/a><\/div>\n\t\t\t\t<\/div>\n\t\t\t\t<\/div>\n\t\t\t\t<div class=\"col-1\"><\/div>\n\t\t\t\n                <div class=\"col-12 col-lg-4\">\n\t\t\t\t\t<img width=\"679\" height=\"673\" src=\"https:\/\/www.bedfont.com\/wp-content\/uploads\/2024\/10\/codata-software.png\" class=\"img-fluid w-75 mx-auto d-block\" alt=\"\" decoding=\"async\" loading=\"lazy\" srcset=\"https:\/\/www.bedfont.com\/wp-content\/uploads\/2024\/10\/codata-software.png 679w, https:\/\/www.bedfont.com\/wp-content\/uploads\/2024\/10\/codata-software-300x297.png 300w, https:\/\/www.bedfont.com\/wp-content\/uploads\/2024\/10\/codata-software-150x150.png 150w\" sizes=\"auto, (max-width: 679px) 100vw, 679px\"\/>\n\t\t\t\t<\/div>\n\t\t\t<\/div>\n\t\t<\/div>\n\t<\/section>","protected":false},"excerpt":{"rendered":"<p>Smokerlyzer\u00ae La gamma Smokerlyzer consiste in dispositivi per il monossido di carbonio (CO) espirato, utili per il supporto alla cessazione del fumo. Questi strumenti misurano la concentrazione di CO nel respiro di un fumatore. Per i professionisti, rappresentano un metodo biochimico per determinare lo status di fumatore di un individuo, mentre per i fumatori stessi, [&hellip;]<\/p>\n","protected":false},"author":6,"featured_media":0,"parent":3658,"menu_order":0,"comment_status":"closed","ping_status":"closed","template":"templates\/page-modules.php","meta":{"_acf_changed":false,"footnotes":""},"class_list":["post-3577","page","type-page","status-publish","hentry"],"acf":[],"yoast_head":"<!-- This site is optimized with the Yoast SEO plugin v27.5 - https:\/\/yoast.com\/product\/yoast-seo-wordpress\/ -->\n<title>Smokerlyzer - Bedfont Scientific Ltd.<\/title>\n<meta name=\"description\" content=\"La gamma Smokerlyzer include dispositivi per misurare il monossido di carbonio (CO) nel respiro, aiutando cos\u00ec nella cessazione del fumo.\" \/>\n<meta name=\"robots\" content=\"index, follow, max-snippet:-1, max-image-preview:large, max-video-preview:-1\" \/>\n<link rel=\"canonical\" href=\"https:\/\/www.bedfont.com\/it\/prodotti\/smokerlyzer\/\" \/>\n<meta property=\"og:locale\" content=\"it_IT\" \/>\n<meta property=\"og:type\" content=\"article\" \/>\n<meta property=\"og:title\" content=\"Smokerlyzer - Bedfont Scientific Ltd.\" \/>\n<meta property=\"og:description\" content=\"La gamma Smokerlyzer include dispositivi per misurare il monossido di carbonio (CO) nel respiro, aiutando cos\u00ec nella cessazione del fumo.\" \/>\n<meta property=\"og:url\" content=\"https:\/\/www.bedfont.com\/it\/prodotti\/smokerlyzer\/\" \/>\n<meta property=\"og:site_name\" content=\"Bedfont Scientific Ltd.\" \/>\n<meta property=\"article:publisher\" content=\"https:\/\/www.facebook.com\/Bedfontltd\/\" \/>\n<meta property=\"article:modified_time\" content=\"2024-10-18T05:53:29+00:00\" \/>\n<meta property=\"og:image\" content=\"https:\/\/www.bedfont.com\/wp-content\/uploads\/2024\/10\/smokerlyzer-product-page.jpg\" \/>\n<meta name=\"twitter:card\" content=\"summary_large_image\" \/>\n<meta name=\"twitter:site\" content=\"@BedfontLtd\" \/>\n<meta name=\"twitter:label1\" content=\"Tempo di lettura stimato\" \/>\n\t<meta name=\"twitter:data1\" content=\"4 minuti\" \/>\n<script type=\"application\/ld+json\" class=\"yoast-schema-graph\">{\"@context\":\"https:\\\/\\\/schema.org\",\"@graph\":[{\"@type\":\"WebPage\",\"@id\":\"https:\\\/\\\/www.bedfont.com\\\/it\\\/prodotti\\\/smokerlyzer\\\/\",\"url\":\"https:\\\/\\\/www.bedfont.com\\\/it\\\/prodotti\\\/smokerlyzer\\\/\",\"name\":\"Smokerlyzer - Bedfont Scientific Ltd.\",\"isPartOf\":{\"@id\":\"https:\\\/\\\/www.bedfont.com\\\/it\\\/#website\"},\"primaryImageOfPage\":{\"@id\":\"https:\\\/\\\/www.bedfont.com\\\/it\\\/prodotti\\\/smokerlyzer\\\/#primaryimage\"},\"image\":{\"@id\":\"https:\\\/\\\/www.bedfont.com\\\/it\\\/prodotti\\\/smokerlyzer\\\/#primaryimage\"},\"thumbnailUrl\":\"https:\\\/\\\/www.bedfont.com\\\/wp-content\\\/uploads\\\/2024\\\/10\\\/smokerlyzer-product-page.jpg\",\"datePublished\":\"2024-01-04T16:18:29+00:00\",\"dateModified\":\"2024-10-18T05:53:29+00:00\",\"description\":\"La gamma Smokerlyzer include dispositivi per misurare il monossido di carbonio (CO) nel respiro, aiutando cos\u00ec nella cessazione del fumo.\",\"breadcrumb\":{\"@id\":\"https:\\\/\\\/www.bedfont.com\\\/it\\\/prodotti\\\/smokerlyzer\\\/#breadcrumb\"},\"inLanguage\":\"it-IT\",\"potentialAction\":[{\"@type\":\"ReadAction\",\"target\":[\"https:\\\/\\\/www.bedfont.com\\\/it\\\/prodotti\\\/smokerlyzer\\\/\"]}]},{\"@type\":\"ImageObject\",\"inLanguage\":\"it-IT\",\"@id\":\"https:\\\/\\\/www.bedfont.com\\\/it\\\/prodotti\\\/smokerlyzer\\\/#primaryimage\",\"url\":\"https:\\\/\\\/www.bedfont.com\\\/wp-content\\\/uploads\\\/2024\\\/10\\\/smokerlyzer-product-page.jpg\",\"contentUrl\":\"https:\\\/\\\/www.bedfont.com\\\/wp-content\\\/uploads\\\/2024\\\/10\\\/smokerlyzer-product-page.jpg\"},{\"@type\":\"BreadcrumbList\",\"@id\":\"https:\\\/\\\/www.bedfont.com\\\/it\\\/prodotti\\\/smokerlyzer\\\/#breadcrumb\",\"itemListElement\":[{\"@type\":\"ListItem\",\"position\":1,\"name\":\"Home\",\"item\":\"https:\\\/\\\/www.bedfont.com\\\/it\\\/\"},{\"@type\":\"ListItem\",\"position\":2,\"name\":\"Prodotti\",\"item\":\"https:\\\/\\\/www.bedfont.com\\\/it\\\/prodotti\\\/\"},{\"@type\":\"ListItem\",\"position\":3,\"name\":\"Smokerlyzer\"}]},{\"@type\":\"WebSite\",\"@id\":\"https:\\\/\\\/www.bedfont.com\\\/it\\\/#website\",\"url\":\"https:\\\/\\\/www.bedfont.com\\\/it\\\/\",\"name\":\"Bedfont Scientific Ltd.\",\"description\":\"World leaders in breath analysis.\",\"potentialAction\":[{\"@type\":\"SearchAction\",\"target\":{\"@type\":\"EntryPoint\",\"urlTemplate\":\"https:\\\/\\\/www.bedfont.com\\\/it\\\/?s={search_term_string}\"},\"query-input\":{\"@type\":\"PropertyValueSpecification\",\"valueRequired\":true,\"valueName\":\"search_term_string\"}}],\"inLanguage\":\"it-IT\"}]}<\/script>\n<!-- \/ Yoast SEO plugin. -->","yoast_head_json":{"title":"Smokerlyzer - Bedfont Scientific Ltd.","description":"La gamma Smokerlyzer include dispositivi per misurare il monossido di carbonio (CO) nel respiro, aiutando cos\u00ec nella cessazione del fumo.","robots":{"index":"index","follow":"follow","max-snippet":"max-snippet:-1","max-image-preview":"max-image-preview:large","max-video-preview":"max-video-preview:-1"},"canonical":"https:\/\/www.bedfont.com\/it\/prodotti\/smokerlyzer\/","og_locale":"it_IT","og_type":"article","og_title":"Smokerlyzer - Bedfont Scientific Ltd.","og_description":"La gamma Smokerlyzer include dispositivi per misurare il monossido di carbonio (CO) nel respiro, aiutando cos\u00ec nella cessazione del fumo.","og_url":"https:\/\/www.bedfont.com\/it\/prodotti\/smokerlyzer\/","og_site_name":"Bedfont Scientific Ltd.","article_publisher":"https:\/\/www.facebook.com\/Bedfontltd\/","article_modified_time":"2024-10-18T05:53:29+00:00","og_image":[{"url":"https:\/\/www.bedfont.com\/wp-content\/uploads\/2024\/10\/smokerlyzer-product-page.jpg","type":"","width":"","height":""}],"twitter_card":"summary_large_image","twitter_site":"@BedfontLtd","twitter_misc":{"Tempo di lettura stimato":"4 minuti"},"schema":{"@context":"https:\/\/schema.org","@graph":[{"@type":"WebPage","@id":"https:\/\/www.bedfont.com\/it\/prodotti\/smokerlyzer\/","url":"https:\/\/www.bedfont.com\/it\/prodotti\/smokerlyzer\/","name":"Smokerlyzer - Bedfont Scientific Ltd.","isPartOf":{"@id":"https:\/\/www.bedfont.com\/it\/#website"},"primaryImageOfPage":{"@id":"https:\/\/www.bedfont.com\/it\/prodotti\/smokerlyzer\/#primaryimage"},"image":{"@id":"https:\/\/www.bedfont.com\/it\/prodotti\/smokerlyzer\/#primaryimage"},"thumbnailUrl":"https:\/\/www.bedfont.com\/wp-content\/uploads\/2024\/10\/smokerlyzer-product-page.jpg","datePublished":"2024-01-04T16:18:29+00:00","dateModified":"2024-10-18T05:53:29+00:00","description":"La gamma Smokerlyzer include dispositivi per misurare il monossido di carbonio (CO) nel respiro, aiutando cos\u00ec nella cessazione del fumo.","breadcrumb":{"@id":"https:\/\/www.bedfont.com\/it\/prodotti\/smokerlyzer\/#breadcrumb"},"inLanguage":"it-IT","potentialAction":[{"@type":"ReadAction","target":["https:\/\/www.bedfont.com\/it\/prodotti\/smokerlyzer\/"]}]},{"@type":"ImageObject","inLanguage":"it-IT","@id":"https:\/\/www.bedfont.com\/it\/prodotti\/smokerlyzer\/#primaryimage","url":"https:\/\/www.bedfont.com\/wp-content\/uploads\/2024\/10\/smokerlyzer-product-page.jpg","contentUrl":"https:\/\/www.bedfont.com\/wp-content\/uploads\/2024\/10\/smokerlyzer-product-page.jpg"},{"@type":"BreadcrumbList","@id":"https:\/\/www.bedfont.com\/it\/prodotti\/smokerlyzer\/#breadcrumb","itemListElement":[{"@type":"ListItem","position":1,"name":"Home","item":"https:\/\/www.bedfont.com\/it\/"},{"@type":"ListItem","position":2,"name":"Prodotti","item":"https:\/\/www.bedfont.com\/it\/prodotti\/"},{"@type":"ListItem","position":3,"name":"Smokerlyzer"}]},{"@type":"WebSite","@id":"https:\/\/www.bedfont.com\/it\/#website","url":"https:\/\/www.bedfont.com\/it\/","name":"Bedfont Scientific Ltd.","description":"World leaders in breath analysis.","potentialAction":[{"@type":"SearchAction","target":{"@type":"EntryPoint","urlTemplate":"https:\/\/www.bedfont.com\/it\/?s={search_term_string}"},"query-input":{"@type":"PropertyValueSpecification","valueRequired":true,"valueName":"search_term_string"}}],"inLanguage":"it-IT"}]}},"_links":{"self":[{"href":"https:\/\/www.bedfont.com\/it\/wp-json\/wp\/v2\/pages\/3577","targetHints":{"allow":["GET"]}}],"collection":[{"href":"https:\/\/www.bedfont.com\/it\/wp-json\/wp\/v2\/pages"}],"about":[{"href":"https:\/\/www.bedfont.com\/it\/wp-json\/wp\/v2\/types\/page"}],"author":[{"embeddable":true,"href":"https:\/\/www.bedfont.com\/it\/wp-json\/wp\/v2\/users\/6"}],"replies":[{"embeddable":true,"href":"https:\/\/www.bedfont.com\/it\/wp-json\/wp\/v2\/comments?post=3577"}],"version-history":[{"count":7,"href":"https:\/\/www.bedfont.com\/it\/wp-json\/wp\/v2\/pages\/3577\/revisions"}],"predecessor-version":[{"id":7300,"href":"https:\/\/www.bedfont.com\/it\/wp-json\/wp\/v2\/pages\/3577\/revisions\/7300"}],"up":[{"embeddable":true,"href":"https:\/\/www.bedfont.com\/it\/wp-json\/wp\/v2\/pages\/3658"}],"wp:attachment":[{"href":"https:\/\/www.bedfont.com\/it\/wp-json\/wp\/v2\/media?parent=3577"}],"curies":[{"name":"wp","href":"https:\/\/api.w.org\/{rel}","templated":true}]}}