{"id":7498,"date":"2024-10-10T08:50:30","date_gmt":"2024-10-10T08:50:30","guid":{"rendered":"https:\/\/bedfont.theprogressteam.com\/communaute\/"},"modified":"2024-11-18T09:35:44","modified_gmt":"2024-11-18T09:35:44","slug":"communaute","status":"publish","type":"page","link":"https:\/\/www.bedfont.com\/fr\/communaute\/","title":{"rendered":"Communaut\u00e9"},"content":{"rendered":"<section class=\"subtle-bg careers-hero\" id=\"module-6726-hero-0\">\n\t<img decoding=\"async\" src=\"https:\/\/www.bedfont.com\/wp-content\/themes\/bedfont\/assets\/img\/subtle-bg.jpg\" class=\"subtle-bg\" alt=\"Image of subtle website background\"\/>\n\t<div class=\"container\">\n\t\t<div class=\"row\">\n\t\t\t<div class=\"col-12 col-md-6 pe-5 my-auto\">\n\t\t\t\t<h1 class=\"text-left mt-lg-0\">Communaut\u00e9<\/h1>\n\t\t\t\t<p><\/p><p>Chez Bedfont <sup>\u00ae<\/sup> , nous nous engageons \u00e0 soutenir et \u00e0 avoir un impact significatif dans notre communaut\u00e9 locale \u00e0 travers diverses initiatives qui favorisent le bien-\u00eatre, la croissance et la connexion.<\/p>\n<p>Qu&rsquo;il s&rsquo;agisse de parrainer des \u00e9quipes sportives, de soutenir des services de sant\u00e9 essentiels ou de participer \u00e0 des \u00e9v\u00e9nements de collecte de fonds, notre objectif est de faire une diff\u00e9rence positive dans la vie de ceux qui nous entourent. Notre engagement va au-del\u00e0 du soutien financier, car nous participons activement \u00e0 bon nombre de ces initiatives, en travaillant de concert avec notre communaut\u00e9 pour cr\u00e9er un impact durable. <\/p>\n\n\t\t\t\t\n\t\t\t<\/div>\n\t\t\t<div class=\"col-12 col-md-6 mt-5 mt-lg-0\"><img width=\"1500\" height=\"950\" src=\"https:\/\/www.bedfont.com\/wp-content\/uploads\/2024\/10\/bedfont-office-logo.png\" class=\"img-fluid br-30\" alt=\"\" decoding=\"async\" loading=\"lazy\" srcset=\"https:\/\/www.bedfont.com\/wp-content\/uploads\/2024\/10\/bedfont-office-logo.png 1500w, https:\/\/www.bedfont.com\/wp-content\/uploads\/2024\/10\/bedfont-office-logo-300x190.png 300w, https:\/\/www.bedfont.com\/wp-content\/uploads\/2024\/10\/bedfont-office-logo-1024x649.png 1024w, https:\/\/www.bedfont.com\/wp-content\/uploads\/2024\/10\/bedfont-office-logo-768x486.png 768w\" sizes=\"auto, (max-width: 1500px) 100vw, 1500px\"\/><\/div>\n\t\t<\/div>\n\t<\/div>\n<\/section><section class=\"text-section text-center pb-0\" id=\"module-6726-text-1\">\n\t<div class=\"container\">\n\t<h2 class=\"text-center\">Nos <span class=\"blue-text\">parrainages<\/span><\/h2>\n\t\t\t\t\n\t<\/div>\n<\/section><section class=\"two-column-image-text style-1 community-section\" id=\"module-6726-two_column_image_text-2\">\n\t<div class=\"container\">\n\t\t<div class=\"row flex-row-reverse\">\n\t\t\t<div class=\"col-12 col-lg-6 ps-md-5 who-we-are-home my-auto text-col\">\n\t<div class=\"inner\">\n\n\t\t\t\t<h2 class=\"text-left\"><span class=\"blue-text\">\u00c9quipe de football f\u00e9minin des moins de 11 ans<\/span> de Medway United<\/h2>\n\t\t\t\t<p>Nous sommes extr\u00eamement fiers de sponsoriser l&rsquo;\u00e9quipe de football f\u00e9minin des moins de 11 ans de Medway United. Les filles ont pass\u00e9 un \u00e9t\u00e9 fantastique en 2024 lors de 3 tournois diff\u00e9rents, terminant deuxi\u00e8mes au Queen of the Town et remportant l&rsquo;Anchorians Cup et le Medway Shield. Leur travail acharn\u00e9, leur d\u00e9termination et leur amour du jeu ont brill\u00e9, faisant de cet \u00e9t\u00e9 un v\u00e9ritable succ\u00e8s pour l&rsquo;\u00e9quipe.  <\/p>\n<p>Notre PDG, Jason Smith, est l&rsquo;un des trois entra\u00eeneurs d\u00e9vou\u00e9s qui renforcent notre engagement par le biais de parrainages et en aidant activement l&rsquo;\u00e9quipe \u00e0 grandir et \u00e0 r\u00e9ussir. Nous continuerons \u00e0 soutenir l&rsquo;\u00e9quipe dans ses r\u00e9alisations sur et en dehors du terrain. <\/p>\n\n                <div class='button-box button-pink'><a class='btn ' href='https:\/\/medwayunitedfc.co.uk\/teams\/under-11-girls-west' target=\"_blank\">Club Website<i class='fa fa-arrow-right ms-1' aria-hidden='true'><\/i><\/a><\/div>\n\t\t\t<\/div>\n\t\t\t<\/div>\n\t\t\t<div class=\"col-12 col-lg-6\">\n\t\t\t<div class=\"image-box\">\n\t\t\t\t<img width=\"640\" height=\"480\" src=\"https:\/\/www.bedfont.com\/wp-content\/uploads\/2024\/10\/medway-utd-1024x768.png\" class=\"attachment-large size-large\" alt=\"\" decoding=\"async\" loading=\"lazy\" srcset=\"https:\/\/www.bedfont.com\/wp-content\/uploads\/2024\/10\/medway-utd-1024x768.png 1024w, https:\/\/www.bedfont.com\/wp-content\/uploads\/2024\/10\/medway-utd-300x225.png 300w, https:\/\/www.bedfont.com\/wp-content\/uploads\/2024\/10\/medway-utd-768x576.png 768w, https:\/\/www.bedfont.com\/wp-content\/uploads\/2024\/10\/medway-utd.png 1200w\" sizes=\"auto, (max-width: 640px) 100vw, 640px\"\/>\n\t\t\t<\/div>\n\t\t\t<\/div>\n\t\t<\/div>\n\t<\/div>\n<\/section><section class=\"two-column-image-text style-1 community-section\" id=\"module-6726-two_column_image_text-3\">\n\t<div class=\"container\">\n\t\t<div class=\"row \">\n\t\t\t<div class=\"col-12 col-lg-6 ps-md-5 who-we-are-home my-auto text-col\">\n\t<div class=\"inner\">\n\n\t\t\t\t<h2 class=\"text-left\">Fiers commanditaires de <span class=\"blue-text\">Heart of Kent Hospice<\/span><\/h2>\n\t\t\t\t<p>Heart of Kent Hospice est un organisme de bienfaisance fantastique qui fournit des soins essentiels aux personnes en fin de vie, ainsi qu&rsquo;\u00e0 leurs familles, offrant soutien, dignit\u00e9 et r\u00e9confort pendant certains des moments les plus difficiles de la vie.<\/p>\n<p>Tout au long de l&rsquo;ann\u00e9e, Heart of Kent Hospice organise une vari\u00e9t\u00e9 d&rsquo;\u00e9v\u00e9nements pour collecter des fonds vitaux. Bedfont\u00ae est honor\u00e9 de parrainer et de participer \u00e0 ces \u00e9v\u00e9nements. Plus t\u00f4t cette ann\u00e9e, nous avons \u00e9t\u00e9 fiers d&rsquo;avoir contribu\u00e9 \u00e0 collecter plus de 28 000 \u00a3 gr\u00e2ce \u00e0 leur Bluebell Walk annuel. Notre \u00e9quipe a particip\u00e9 et a aid\u00e9 \u00e0 collecter des fonds suppl\u00e9mentaires gr\u00e2ce \u00e0 une tombola. De plus, cet \u00e9t\u00e9, nous avons parrain\u00e9 une sculpture de Shaun le mouton dans leur parcours artistique dynamique, un \u00e9v\u00e9nement qui a rassembl\u00e9 la communaut\u00e9 tout en c\u00e9l\u00e9brant la cr\u00e9ativit\u00e9 et la g\u00e9n\u00e9rosit\u00e9.  <\/p>\n<p>Lors de la r\u00e9cente vente aux ench\u00e8res de l&rsquo;hospice, o\u00f9 60 sculptures de Shaun le mouton ont \u00e9t\u00e9 mises aux ench\u00e8res, Bedfont\u00ae a r\u00e9ussi \u00e0 remporter l&rsquo;une des sculptures uniques. Les 60 moutons ont \u00e9t\u00e9 vendus et la vente aux ench\u00e8res a permis de r\u00e9colter la somme remarquable de 267 250 \u00a3 au total pour l&rsquo;association caritative. <\/p>\n<p>Soutenir l&rsquo;hospice est une cause qui nous tient vraiment \u00e0 c\u0153ur et nous sommes impatients de continuer \u00e0 les soutenir, en veillant \u00e0 ce qu&rsquo;ils puissent continuer \u00e0 offrir leurs pr\u00e9cieux services. Assurez-vous de nous suivre sur les r\u00e9seaux sociaux pour vous tenir au courant de toutes les collectes de fonds de Heart of Kent Hospice. <\/p>\n\n                <div class='button-box button-pink'><a class='btn ' href='https:\/\/www.hokh.org\/' target=\"_blank\">View Website<i class='fa fa-arrow-right ms-1' aria-hidden='true'><\/i><\/a><\/div>\n\t\t\t<\/div>\n\t\t\t<\/div>\n\t\t\t<div class=\"col-12 col-lg-6\">\n\t\t\t<div class=\"image-box\">\n\t\t\t\t<img width=\"640\" height=\"480\" src=\"https:\/\/www.bedfont.com\/wp-content\/uploads\/2024\/10\/hokh-sponsor.jpg\" class=\"attachment-large size-large\" alt=\"\" decoding=\"async\" loading=\"lazy\" srcset=\"https:\/\/www.bedfont.com\/wp-content\/uploads\/2024\/10\/hokh-sponsor.jpg 1024w, https:\/\/www.bedfont.com\/wp-content\/uploads\/2024\/10\/hokh-sponsor-300x225.jpg 300w, https:\/\/www.bedfont.com\/wp-content\/uploads\/2024\/10\/hokh-sponsor-768x576.jpg 768w\" sizes=\"auto, (max-width: 640px) 100vw, 640px\"\/>\n\t\t\t<\/div>\n\t\t\t<\/div>\n\t\t<\/div>\n\t<\/div>\n<\/section><section class=\"two-column-image-text style-1 community-section\" id=\"module-6726-two_column_image_text-4\">\n\t<div class=\"container\">\n\t\t<div class=\"row flex-row-reverse\">\n\t\t\t<div class=\"col-12 col-lg-6 ps-md-5 who-we-are-home my-auto text-col\">\n\t<div class=\"inner\">\n\n\t\t\t\t<h2 class=\"text-left\">Soutenir <span class=\"blue-text\">le programme d&rsquo;entraide contre l&rsquo;asthme de Medway (MASH)<\/span><\/h2>\n\t\t\t\t<p>Notre vision est celle d&rsquo;un monde o\u00f9 chacun a acc\u00e8s \u00e0 des tests respiratoires instantan\u00e9s, non invasifs et simples pour faciliter le diagnostic m\u00e9dical. C&rsquo;est pourquoi nous soutenons fi\u00e8rement MASH, une association caritative qui aide les habitants de Medway depuis 1996 en fournissant des informations et un soutien aux personnes asthmatiques. <\/p>\n<p>Nous fournissons et entretenons leur appareil NObreath <sup>\u00ae<\/sup> d&rsquo;oxyde nitrique expir\u00e9 fractionn\u00e9 (FeNO) utilis\u00e9 dans le centre. Le NObreath <sup>\u00ae<\/sup> joue un r\u00f4le crucial dans le diagnostic et la gestion de l&rsquo;asthme, en mesurant l&rsquo;inflammation des voies respiratoires, ce qui est essentiel pour un traitement et un contr\u00f4le efficaces. <\/p>\n<p>Notre contribution permet \u00e0 MASH d\u2019offrir ce pr\u00e9cieux service \u00e0 la communaut\u00e9, permettant aux individus de prendre en charge leur sant\u00e9 respiratoire.<\/p>\n<p>En collaboration avec notre membre du conseil consultatif m\u00e9dical, Carol Stonham, MASH nous a r\u00e9cemment aid\u00e9 \u00e0 organiser un webinaire priv\u00e9 en ligne, offrant des conseils pr\u00e9cieux sur la gestion de l&rsquo;asthme chez les enfants pour les \u00e9quipes de football f\u00e9minin de Medway United.<\/p>\n\n                <div class='button-box button-pink'><a class='btn ' href='https:\/\/www.medwayasthmaselfhelp.co.uk\/' target=\"_blank\">View Website<i class='fa fa-arrow-right ms-1' aria-hidden='true'><\/i><\/a><\/div>\n\t\t\t<\/div>\n\t\t\t<\/div>\n\t\t\t<div class=\"col-12 col-lg-6\">\n\t\t\t<div class=\"image-box\">\n\t\t\t\t<img width=\"640\" height=\"480\" src=\"https:\/\/www.bedfont.com\/wp-content\/uploads\/2024\/10\/mash-sponsor-1024x768.jpg\" class=\"attachment-large size-large\" alt=\"\" decoding=\"async\" loading=\"lazy\" srcset=\"https:\/\/www.bedfont.com\/wp-content\/uploads\/2024\/10\/mash-sponsor-1024x768.jpg 1024w, https:\/\/www.bedfont.com\/wp-content\/uploads\/2024\/10\/mash-sponsor-300x225.jpg 300w, https:\/\/www.bedfont.com\/wp-content\/uploads\/2024\/10\/mash-sponsor-768x576.jpg 768w, https:\/\/www.bedfont.com\/wp-content\/uploads\/2024\/10\/mash-sponsor.jpg 1200w\" sizes=\"auto, (max-width: 640px) 100vw, 640px\"\/>\n\t\t\t<\/div>\n\t\t\t<\/div>\n\t\t<\/div>\n\t<\/div>\n<\/section><section class=\"two-column-image-text style-1 community-section\" id=\"module-6726-two_column_image_text-5\">\n\t<div class=\"container\">\n\t\t<div class=\"row \">\n\t\t\t<div class=\"col-12 col-lg-6 ps-md-5 who-we-are-home my-auto text-col\">\n\t<div class=\"inner\">\n\n\t\t\t\t<h2 class=\"text-left\">Application Rymindr Rewards : <span class=\"blue-text\">soutenir les \u00e9coles \u00e0 travers le Royaume-Uni<\/span><\/h2>\n\t\t\t\t<p>Chez Bedfont <sup>\u00ae<\/sup> , nous souhaitons cr\u00e9er un environnement de travail positif et enrichissant pour nos employ\u00e9s. C&rsquo;est pourquoi nous offrons l&rsquo;acc\u00e8s \u00e0 l&rsquo;application de r\u00e9compenses pour les employ\u00e9s Rymindr. L&rsquo;application offre \u00e0 notre personnel plus de 16 000 offres et r\u00e9ductions, allant des \u00e9conomies quotidiennes aux offres sp\u00e9ciales. <\/p>\n<p>Rymindr soutient les \u00e9coles du Royaume-Uni en leur fournissant une aide essentielle, comme des repas scolaires gratuits, des fournitures scolaires et des \u00e9quipements essentiels, ce qui rend l&rsquo;utilisation de cette application encore plus significative. Notre personnel en b\u00e9n\u00e9ficie non seulement personnellement, mais contribue \u00e9galement \u00e0 une cause qui contribue \u00e0 garantir que les enfants re\u00e7oivent le soutien dont ils ont besoin dans les \u00e9coles. Cela correspond \u00e0 nos valeurs de redonner \u00e0 la communaut\u00e9.  <\/p>\n\n                <div class='button-box button-pink'><a class='btn ' href='https:\/\/rymindr.com\/' target=\"_blank\">View Website<i class='fa fa-arrow-right ms-1' aria-hidden='true'><\/i><\/a><\/div>\n\t\t\t<\/div>\n\t\t\t<\/div>\n\t\t\t<div class=\"col-12 col-lg-6\">\n\t\t\t<div class=\"image-box\">\n\t\t\t\t<img width=\"640\" height=\"480\" src=\"https:\/\/www.bedfont.com\/wp-content\/uploads\/2024\/10\/rymindr.jpg\" class=\"attachment-large size-large\" alt=\"\" decoding=\"async\" loading=\"lazy\" srcset=\"https:\/\/www.bedfont.com\/wp-content\/uploads\/2024\/10\/rymindr.jpg 900w, https:\/\/www.bedfont.com\/wp-content\/uploads\/2024\/10\/rymindr-300x225.jpg 300w, https:\/\/www.bedfont.com\/wp-content\/uploads\/2024\/10\/rymindr-768x576.jpg 768w\" sizes=\"auto, (max-width: 640px) 100vw, 640px\"\/>\n\t\t\t<\/div>\n\t\t\t<\/div>\n\t\t<\/div>\n\t<\/div>\n<\/section><section class=\"two-column-image-text style-1 community-section\" id=\"module-6726-two_column_image_text-6\">\n\t<div class=\"container\">\n\t\t<div class=\"row flex-row-reverse\">\n\t\t\t<div class=\"col-12 col-lg-6 ps-md-5 who-we-are-home my-auto text-col\">\n\t<div class=\"inner\">\n\n\t\t\t\t<h2 class=\"text-left\">Jardini\u00e8re \u00e0 <span class=\"blue-text\">Harrietsham<\/span><\/h2>\n\t\t\t\t<p>De petits efforts peuvent conduire \u00e0 de grandes am\u00e9liorations dans la qualit\u00e9 de vie de notre communaut\u00e9. Nous parrainons une jardini\u00e8re par l&rsquo;interm\u00e9diaire de Harrietsham in Bloom dans le cadre de notre engagement \u00e0 am\u00e9liorer l&rsquo;environnement local. Les fonds sont utilis\u00e9s pour entretenir la jardini\u00e8re, en veillant \u00e0 ce qu&rsquo;elle reste dynamique et bien entretenue. Cela contribue \u00e0 garder la r\u00e9gion locale belle et accueillante.  <\/p>\n\n                \n\t\t\t<\/div>\n\t\t\t<\/div>\n\t\t\t<div class=\"col-12 col-lg-6\">\n\t\t\t<div class=\"image-box\">\n\t\t\t\t<img width=\"640\" height=\"480\" src=\"https:\/\/www.bedfont.com\/wp-content\/uploads\/2024\/10\/flower-box.jpg\" class=\"attachment-large size-large\" alt=\"\" decoding=\"async\" loading=\"lazy\" srcset=\"https:\/\/www.bedfont.com\/wp-content\/uploads\/2024\/10\/flower-box.jpg 800w, https:\/\/www.bedfont.com\/wp-content\/uploads\/2024\/10\/flower-box-300x225.jpg 300w, https:\/\/www.bedfont.com\/wp-content\/uploads\/2024\/10\/flower-box-768x576.jpg 768w\" sizes=\"auto, (max-width: 640px) 100vw, 640px\"\/>\n\t\t\t<\/div>\n\t\t\t<\/div>\n\t\t<\/div>\n\t<\/div>\n<\/section><section class=\"text-section text-center community-social\" id=\"module-6726-text-7\">\n\t<div class=\"container\">\n\t<h2 class=\"text-center\">Suivez nos <span class=\"blue-text\">r\u00e9seaux sociaux<\/span><\/h2>\n\t\t\t\t<p>Suivez-nous sur les r\u00e9seaux sociaux pour en savoir plus sur notre engagement envers la communaut\u00e9.<br\/>\n<div class='socials d-inline-block mt-5'><a class='nav-social-icon' target='_blank' href='https:\/\/www.facebook.com\/Bedfontltd\/'><i class='fa fa-facebook-f' aria-hidden='true'><\/i><\/a><a class='nav-social-icon' target='_blank' href='https:\/\/twitter.com\/BedfontLtd'><i class='fa-brands fa-x-twitter' aria-hidden='true'><\/i><\/a><a class='nav-social-icon' target='_blank' href='https:\/\/www.instagram.com\/bedfontltd\/'><i class='fa fa-instagram' aria-hidden='true'><\/i><\/a><a class='nav-social-icon' target='_blank' href='https:\/\/www.linkedin.com\/company\/bedfont-scientific-ltd'><i class='fa fa-linkedin' aria-hidden='true'><\/i><\/a><a class='nav-social-icon' target='_blank' href='https:\/\/www.youtube.com\/user\/BedfontScientificLtd'><i class='fa fa-youtube' aria-hidden='true'><\/i><\/a><\/div><\/p>\n\n\t<\/div>\n<\/section>","protected":false},"excerpt":{"rendered":"<p>Communaut\u00e9 Chez Bedfont \u00ae , nous nous engageons \u00e0 soutenir et \u00e0 avoir un impact significatif dans notre communaut\u00e9 locale \u00e0 travers diverses initiatives qui favorisent le bien-\u00eatre, la croissance et la connexion. Qu&rsquo;il s&rsquo;agisse de parrainer des \u00e9quipes sportives, de soutenir des services de sant\u00e9 essentiels ou de participer \u00e0 des \u00e9v\u00e9nements de collecte [&hellip;]<\/p>\n","protected":false},"author":6,"featured_media":0,"parent":0,"menu_order":0,"comment_status":"closed","ping_status":"closed","template":"templates\/page-modules.php","meta":{"_acf_changed":false,"footnotes":""},"class_list":["post-7498","page","type-page","status-publish","hentry"],"acf":[],"yoast_head":"<!-- This site is optimized with the Yoast SEO plugin v27.5 - https:\/\/yoast.com\/product\/yoast-seo-wordpress\/ -->\n<title>Communaut\u00e9 - Bedfont Scientific Ltd.<\/title>\n<meta name=\"robots\" content=\"index, follow, max-snippet:-1, max-image-preview:large, max-video-preview:-1\" \/>\n<link rel=\"canonical\" href=\"https:\/\/www.bedfont.com\/fr\/communaute\/\" \/>\n<meta property=\"og:locale\" content=\"fr_FR\" \/>\n<meta property=\"og:type\" content=\"article\" \/>\n<meta property=\"og:title\" content=\"Communaut\u00e9 - Bedfont Scientific Ltd.\" \/>\n<meta property=\"og:description\" content=\"Communaut\u00e9 Chez Bedfont \u00ae , nous nous engageons \u00e0 soutenir et \u00e0 avoir un impact significatif dans notre communaut\u00e9 locale \u00e0 travers diverses initiatives qui favorisent le bien-\u00eatre, la croissance et la connexion. Qu&rsquo;il s&rsquo;agisse de parrainer des \u00e9quipes sportives, de soutenir des services de sant\u00e9 essentiels ou de participer \u00e0 des \u00e9v\u00e9nements de collecte [&hellip;]\" \/>\n<meta property=\"og:url\" content=\"https:\/\/www.bedfont.com\/fr\/communaute\/\" \/>\n<meta property=\"og:site_name\" content=\"Bedfont Scientific Ltd.\" \/>\n<meta property=\"article:publisher\" content=\"https:\/\/www.facebook.com\/Bedfontltd\/\" \/>\n<meta property=\"article:modified_time\" content=\"2024-11-18T09:35:44+00:00\" \/>\n<meta property=\"og:image\" content=\"https:\/\/www.bedfont.com\/wp-content\/themes\/bedfont\/assets\/img\/subtle-bg.jpg\" \/>\n<meta name=\"twitter:card\" content=\"summary_large_image\" \/>\n<meta name=\"twitter:site\" content=\"@BedfontLtd\" \/>\n<meta name=\"twitter:label1\" content=\"Dur\u00e9e de lecture estim\u00e9e\" \/>\n\t<meta name=\"twitter:data1\" content=\"6 minutes\" \/>\n<script type=\"application\/ld+json\" class=\"yoast-schema-graph\">{\"@context\":\"https:\\\/\\\/schema.org\",\"@graph\":[{\"@type\":\"WebPage\",\"@id\":\"https:\\\/\\\/www.bedfont.com\\\/fr\\\/communaute\\\/\",\"url\":\"https:\\\/\\\/www.bedfont.com\\\/fr\\\/communaute\\\/\",\"name\":\"Communaut\u00e9 - Bedfont Scientific Ltd.\",\"isPartOf\":{\"@id\":\"https:\\\/\\\/www.bedfont.com\\\/fr\\\/#website\"},\"primaryImageOfPage\":{\"@id\":\"https:\\\/\\\/www.bedfont.com\\\/fr\\\/communaute\\\/#primaryimage\"},\"image\":{\"@id\":\"https:\\\/\\\/www.bedfont.com\\\/fr\\\/communaute\\\/#primaryimage\"},\"thumbnailUrl\":\"https:\\\/\\\/www.bedfont.com\\\/wp-content\\\/themes\\\/bedfont\\\/assets\\\/img\\\/subtle-bg.jpg\",\"datePublished\":\"2024-10-10T08:50:30+00:00\",\"dateModified\":\"2024-11-18T09:35:44+00:00\",\"breadcrumb\":{\"@id\":\"https:\\\/\\\/www.bedfont.com\\\/fr\\\/communaute\\\/#breadcrumb\"},\"inLanguage\":\"fr-FR\",\"potentialAction\":[{\"@type\":\"ReadAction\",\"target\":[\"https:\\\/\\\/www.bedfont.com\\\/fr\\\/communaute\\\/\"]}]},{\"@type\":\"ImageObject\",\"inLanguage\":\"fr-FR\",\"@id\":\"https:\\\/\\\/www.bedfont.com\\\/fr\\\/communaute\\\/#primaryimage\",\"url\":\"https:\\\/\\\/www.bedfont.com\\\/wp-content\\\/themes\\\/bedfont\\\/assets\\\/img\\\/subtle-bg.jpg\",\"contentUrl\":\"https:\\\/\\\/www.bedfont.com\\\/wp-content\\\/themes\\\/bedfont\\\/assets\\\/img\\\/subtle-bg.jpg\"},{\"@type\":\"BreadcrumbList\",\"@id\":\"https:\\\/\\\/www.bedfont.com\\\/fr\\\/communaute\\\/#breadcrumb\",\"itemListElement\":[{\"@type\":\"ListItem\",\"position\":1,\"name\":\"Home\",\"item\":\"https:\\\/\\\/www.bedfont.com\\\/fr\\\/\"},{\"@type\":\"ListItem\",\"position\":2,\"name\":\"Communaut\u00e9\"}]},{\"@type\":\"WebSite\",\"@id\":\"https:\\\/\\\/www.bedfont.com\\\/fr\\\/#website\",\"url\":\"https:\\\/\\\/www.bedfont.com\\\/fr\\\/\",\"name\":\"Bedfont Scientific Ltd.\",\"description\":\"World leaders in breath analysis.\",\"potentialAction\":[{\"@type\":\"SearchAction\",\"target\":{\"@type\":\"EntryPoint\",\"urlTemplate\":\"https:\\\/\\\/www.bedfont.com\\\/fr\\\/?s={search_term_string}\"},\"query-input\":{\"@type\":\"PropertyValueSpecification\",\"valueRequired\":true,\"valueName\":\"search_term_string\"}}],\"inLanguage\":\"fr-FR\"}]}<\/script>\n<!-- \/ Yoast SEO plugin. -->","yoast_head_json":{"title":"Communaut\u00e9 - Bedfont Scientific Ltd.","robots":{"index":"index","follow":"follow","max-snippet":"max-snippet:-1","max-image-preview":"max-image-preview:large","max-video-preview":"max-video-preview:-1"},"canonical":"https:\/\/www.bedfont.com\/fr\/communaute\/","og_locale":"fr_FR","og_type":"article","og_title":"Communaut\u00e9 - Bedfont Scientific Ltd.","og_description":"Communaut\u00e9 Chez Bedfont \u00ae , nous nous engageons \u00e0 soutenir et \u00e0 avoir un impact significatif dans notre communaut\u00e9 locale \u00e0 travers diverses initiatives qui favorisent le bien-\u00eatre, la croissance et la connexion. Qu&rsquo;il s&rsquo;agisse de parrainer des \u00e9quipes sportives, de soutenir des services de sant\u00e9 essentiels ou de participer \u00e0 des \u00e9v\u00e9nements de collecte [&hellip;]","og_url":"https:\/\/www.bedfont.com\/fr\/communaute\/","og_site_name":"Bedfont Scientific Ltd.","article_publisher":"https:\/\/www.facebook.com\/Bedfontltd\/","article_modified_time":"2024-11-18T09:35:44+00:00","og_image":[{"url":"https:\/\/www.bedfont.com\/wp-content\/themes\/bedfont\/assets\/img\/subtle-bg.jpg","type":"","width":"","height":""}],"twitter_card":"summary_large_image","twitter_site":"@BedfontLtd","twitter_misc":{"Dur\u00e9e de lecture estim\u00e9e":"6 minutes"},"schema":{"@context":"https:\/\/schema.org","@graph":[{"@type":"WebPage","@id":"https:\/\/www.bedfont.com\/fr\/communaute\/","url":"https:\/\/www.bedfont.com\/fr\/communaute\/","name":"Communaut\u00e9 - Bedfont Scientific Ltd.","isPartOf":{"@id":"https:\/\/www.bedfont.com\/fr\/#website"},"primaryImageOfPage":{"@id":"https:\/\/www.bedfont.com\/fr\/communaute\/#primaryimage"},"image":{"@id":"https:\/\/www.bedfont.com\/fr\/communaute\/#primaryimage"},"thumbnailUrl":"https:\/\/www.bedfont.com\/wp-content\/themes\/bedfont\/assets\/img\/subtle-bg.jpg","datePublished":"2024-10-10T08:50:30+00:00","dateModified":"2024-11-18T09:35:44+00:00","breadcrumb":{"@id":"https:\/\/www.bedfont.com\/fr\/communaute\/#breadcrumb"},"inLanguage":"fr-FR","potentialAction":[{"@type":"ReadAction","target":["https:\/\/www.bedfont.com\/fr\/communaute\/"]}]},{"@type":"ImageObject","inLanguage":"fr-FR","@id":"https:\/\/www.bedfont.com\/fr\/communaute\/#primaryimage","url":"https:\/\/www.bedfont.com\/wp-content\/themes\/bedfont\/assets\/img\/subtle-bg.jpg","contentUrl":"https:\/\/www.bedfont.com\/wp-content\/themes\/bedfont\/assets\/img\/subtle-bg.jpg"},{"@type":"BreadcrumbList","@id":"https:\/\/www.bedfont.com\/fr\/communaute\/#breadcrumb","itemListElement":[{"@type":"ListItem","position":1,"name":"Home","item":"https:\/\/www.bedfont.com\/fr\/"},{"@type":"ListItem","position":2,"name":"Communaut\u00e9"}]},{"@type":"WebSite","@id":"https:\/\/www.bedfont.com\/fr\/#website","url":"https:\/\/www.bedfont.com\/fr\/","name":"Bedfont Scientific Ltd.","description":"World leaders in breath analysis.","potentialAction":[{"@type":"SearchAction","target":{"@type":"EntryPoint","urlTemplate":"https:\/\/www.bedfont.com\/fr\/?s={search_term_string}"},"query-input":{"@type":"PropertyValueSpecification","valueRequired":true,"valueName":"search_term_string"}}],"inLanguage":"fr-FR"}]}},"_links":{"self":[{"href":"https:\/\/www.bedfont.com\/fr\/wp-json\/wp\/v2\/pages\/7498","targetHints":{"allow":["GET"]}}],"collection":[{"href":"https:\/\/www.bedfont.com\/fr\/wp-json\/wp\/v2\/pages"}],"about":[{"href":"https:\/\/www.bedfont.com\/fr\/wp-json\/wp\/v2\/types\/page"}],"author":[{"embeddable":true,"href":"https:\/\/www.bedfont.com\/fr\/wp-json\/wp\/v2\/users\/6"}],"replies":[{"embeddable":true,"href":"https:\/\/www.bedfont.com\/fr\/wp-json\/wp\/v2\/comments?post=7498"}],"version-history":[{"count":1,"href":"https:\/\/www.bedfont.com\/fr\/wp-json\/wp\/v2\/pages\/7498\/revisions"}],"predecessor-version":[{"id":7499,"href":"https:\/\/www.bedfont.com\/fr\/wp-json\/wp\/v2\/pages\/7498\/revisions\/7499"}],"wp:attachment":[{"href":"https:\/\/www.bedfont.com\/fr\/wp-json\/wp\/v2\/media?parent=7498"}],"curies":[{"name":"wp","href":"https:\/\/api.w.org\/{rel}","templated":true}]}}