{"id":3736,"date":"2024-01-04T16:18:29","date_gmt":"2024-01-04T16:18:29","guid":{"rendered":"https:\/\/bedfont.theprogressteam.com\/produits\/smokerlyzer\/"},"modified":"2024-10-18T05:53:24","modified_gmt":"2024-10-18T05:53:24","slug":"smokerlyzer","status":"publish","type":"page","link":"https:\/\/www.bedfont.com\/fr\/produits\/smokerlyzer\/","title":{"rendered":"Smokerlyzer"},"content":{"rendered":"<section class=\"hero-style-4 p-0 position-relative \" id=\"module-950-hero-0\">\n\t\t<div class=\"container-fluid overlay-img-holder\">\n\t\t\t<img width=\"1998\" height=\"544\" src=\"https:\/\/www.bedfont.com\/wp-content\/uploads\/2024\/10\/smokerlyzer-product-page.jpg\" class=\"w-100\" alt=\"\" decoding=\"async\" loading=\"lazy\" srcset=\"https:\/\/www.bedfont.com\/wp-content\/uploads\/2024\/10\/smokerlyzer-product-page.jpg 1998w, https:\/\/www.bedfont.com\/wp-content\/uploads\/2024\/10\/smokerlyzer-product-page-300x82.jpg 300w, https:\/\/www.bedfont.com\/wp-content\/uploads\/2024\/10\/smokerlyzer-product-page-1024x279.jpg 1024w, https:\/\/www.bedfont.com\/wp-content\/uploads\/2024\/10\/smokerlyzer-product-page-768x209.jpg 768w, https:\/\/www.bedfont.com\/wp-content\/uploads\/2024\/10\/smokerlyzer-product-page-1536x418.jpg 1536w\" sizes=\"auto, (max-width: 1998px) 100vw, 1998px\"\/>\n\t\t\t<div class=\"overlay\">\n\t\t\t\t<div class=\"col-12 col-md-8 mx-auto\">\n\t\t\t\t\t<h1>Smokerlyzer<sup>\u00ae<\/sup><\/h1>\n\t\t\t\t\t<p>Les Smokerlyzer sont des appareils de mesure du monoxyde de carbone (CO) dans l&rsquo;air expir\u00e9 destin\u00e9s \u00e0 faciliter le sevrage tabagique. Ces appareils mesurent la quantit\u00e9 de CO dans l&rsquo;haleine d&rsquo;un fumeur. Pour les professionnels, c&rsquo;est un moyen d&rsquo;\u00e9tablir biochimiquement le statut tabagique d&rsquo;une personne et pour les fumeurs eux-m\u00eames, le Smokerlyzer est une aide visuelle motivante qui les encourage \u00e0 arr\u00eater de fumer et \u00e0 mesurer leurs progr\u00e8s.  <\/p>\n\n\t\t\t\t<\/div>\n\t\t\t<\/div>\n\t\t<\/div>\n\t<\/section><section class=\"two-column-style-5 two-column-style-7 bg-gradient-blue \" id=\"module-950-two_column_image_text-1\">\n\t \t<div class=\"container\">\n\t\t\t<div class=\"row flex-row-reverse\">\n\t\t\t\t\t<div class=\"col-12 col-lg-7 my-auto\">\n                    <div class=\"box\">\n\t\t\t\t\t<h2 class=\"text-left\">PiCO<sup>\u2122<\/sup><\/h2>\n\t\t\t\t<p>Le PiCO <sup>\u2122<\/sup> est un appareil \u00e0 CO expir\u00e9 pour aider les gens \u00e0 arr\u00eater de fumer.<\/p>\n\n\t\t\t\t\t\n\t\t\t\t<\/div>\n\n                <div class=\"row\"><div class=\"col-12 col-lg-4 mt-3\"><div class=\"box h-100 text-center\"><h3>R\u00e9sultats instantan\u00e9s<\/h3><p>The device provides instant results shown in exact ppm and %COHb.<\/p>\n<\/div><\/div><div class=\"col-12 col-lg-4 mt-3\"><div class=\"box h-100 text-center\"><h3>Garantie de 5 ans<\/h3><p>L&rsquo;appareil PiCO<sup>\u2122<\/sup> est assorti d&rsquo;une garantie de cinq ans pour une tranquillit\u00e9 d&rsquo;esprit absolue.<\/p>\n<\/div><\/div><div class=\"col-12 col-lg-4 mt-3\"><div class=\"box h-100 text-center\"><h3>Technologie antimicrobienne<\/h3><p>Technologie antimicrobienne pour assurer un contr\u00f4le optimal des infections.<\/p>\n<\/div><\/div><div class=\"col-12 col-lg-4 mt-3\"><div class=\"box h-100 text-center\"><h3>COdata<sup>+\u2122<\/sup> Software<\/h3><p>Le PiCO est livr\u00e9 avec un logiciel gratuit de gestion des patients qui fournit un rapport instantan\u00e9 des r\u00e9sultats du patient.<\/p>\n<\/div><\/div><div class=\"col-12 col-lg-4 mt-3\"><div class=\"box h-100 text-center\"><h3>Syst\u00e8me de feux de circulation<\/h3><p>Le syst\u00e8me familier de feux de circulation vert, orange et rouge permet aux patients d&rsquo;identifier instantan\u00e9ment les niveaux de CO.<\/p>\n<\/div><\/div><div class=\"col-12 col-lg-4 mt-3\"><div class=\"box h-100 text-center\"><h3>Contr\u00f4le des infections<\/h3><p>Le filtre int\u00e9gr\u00e9 D-Piece<sup>\u2122<\/sup> est utilis\u00e9 pour filtrer >99% des bact\u00e9ries en suspension dans l&rsquo;air et >97% des virus pour un contr\u00f4le des infections \u00e0 faible co\u00fbt.<\/p>\n<\/div><\/div><\/div>\n\n\t\t\t\t<\/div>\n\t\t\t\t<div class=\"col-1\"><\/div>\n\t\t\t\n                <div class=\"col-12 col-lg-4\">\n\t\t\t\t\t<img width=\"647\" height=\"1159\" src=\"https:\/\/www.bedfont.com\/wp-content\/uploads\/2024\/10\/pico.png\" class=\"img-fluid w-75 mx-auto d-block\" alt=\"\" decoding=\"async\" loading=\"lazy\" srcset=\"https:\/\/www.bedfont.com\/wp-content\/uploads\/2024\/10\/pico.png 647w, https:\/\/www.bedfont.com\/wp-content\/uploads\/2024\/10\/pico-167x300.png 167w, https:\/\/www.bedfont.com\/wp-content\/uploads\/2024\/10\/pico-572x1024.png 572w\" sizes=\"auto, (max-width: 647px) 100vw, 647px\"\/>\n\t\t\t\t<\/div>\n\t\t\t<\/div>\n\t\t<\/div>\n\t<\/section><section class=\"two-column-style-5 two-column-style-7 bg-gradient-dark-blue \" id=\"module-950-two_column_image_text-2\">\n\t \t<div class=\"container\">\n\t\t\t<div class=\"row flex-row-reverse\">\n\t\t\t\t\t<div class=\"col-12 col-lg-7 my-auto\">\n                    <div class=\"box\">\n\t\t\t\t\t<h2 class=\"text-left\">Micro<sup>+\u2122<\/sup><\/h2>\n\t\t\t\t<p>Le Micro <sup>+\u2122<\/sup> est un appareil de mesure du CO respiratoire et du %COHb %FCOHb f\u0153tal pour aider les gens \u00e0 arr\u00eater de fumer.<\/p>\n\n\t\t\t\t\t\n\t\t\t\t<\/div>\n\n                <div class=\"row\"><div class=\"col-12 col-lg-4 mt-3\"><div class=\"box h-100 text-center\"><h3>R\u00e9sultats instantan\u00e9s<\/h3><p>L&rsquo;appareil fournit des r\u00e9sultats instantan\u00e9s affich\u00e9s en ppm exacts,<br\/>%COHb et %FCOHb.<\/p>\n<\/div><\/div><div class=\"col-12 col-lg-4 mt-3\"><div class=\"box h-100 text-center\"><h3>Garantie de 5 ans<\/h3><p>L&rsquo;appareil Micro <sup>+\u2122<\/sup> est accompagn\u00e9 d&rsquo;une garantie de cinq ans pour une tranquillit\u00e9 d&rsquo;esprit absolue.<\/p>\n<\/div><\/div><div class=\"col-12 col-lg-4 mt-3\"><div class=\"box h-100 text-center\"><h3>Technologie antimicrobienne<\/h3><p>Technologie antimicrobienne pour assurer un contr\u00f4le optimal des infections.<\/p>\n<\/div><\/div><div class=\"col-12 col-lg-4 mt-3\"><div class=\"box h-100 text-center\"><h3>COdata<sup>+\u2122<\/sup> Software<\/h3><p>Logiciel de gestion des patients gratuit avec le Micro+ fournissant un rapport instantan\u00e9 des r\u00e9sultats du patient.<\/p>\n<\/div><\/div><div class=\"col-12 col-lg-4 mt-3\"><div class=\"box h-100 text-center\"><h3>Syst\u00e8me de feux de circulation<\/h3><p>Le syst\u00e8me familier de feux de circulation vert, orange et rouge permet aux patients d&rsquo;identifier instantan\u00e9ment les niveaux de CO.<\/p>\n<\/div><\/div><div class=\"col-12 col-lg-4 mt-3\"><div class=\"box h-100 text-center\"><h3>Contr\u00f4le des infections<\/h3><p>Le filtre int\u00e9gr\u00e9 D-Piece<sup>\u2122<\/sup> est utilis\u00e9 pour filtrer >99% des bact\u00e9ries en suspension dans l&rsquo;air et >97% des virus pour un contr\u00f4le des infections \u00e0 faible co\u00fbt.<\/p>\n<\/div><\/div><\/div>\n\n\t\t\t\t<\/div>\n\t\t\t\t<div class=\"col-1\"><\/div>\n\t\t\t\n                <div class=\"col-12 col-lg-4\">\n\t\t\t\t\t<img width=\"647\" height=\"1159\" src=\"https:\/\/www.bedfont.com\/wp-content\/uploads\/2024\/10\/micro.png\" class=\"img-fluid w-75 mx-auto d-block\" alt=\"\" decoding=\"async\" loading=\"lazy\" srcset=\"https:\/\/www.bedfont.com\/wp-content\/uploads\/2024\/10\/micro.png 647w, https:\/\/www.bedfont.com\/wp-content\/uploads\/2024\/10\/micro-167x300.png 167w, https:\/\/www.bedfont.com\/wp-content\/uploads\/2024\/10\/micro-572x1024.png 572w\" sizes=\"auto, (max-width: 647px) 100vw, 647px\"\/>\n\t\t\t\t<\/div>\n\t\t\t<\/div>\n\t\t<\/div>\n\t<\/section><section class=\"two-column-style-5 two-column-style-6 bg-gradient-blue \" id=\"module-950-two_column_image_text-3\">\n\t \t<div class=\"container\">\n\t\t\t<div class=\"row flex-row-reverse\">\n\t\t\t\t\t<div class=\"col-12 col-lg-7 my-auto\">\n                    <div class=\"box\">\n\t\t\t\t\t<h2 class=\"text-left\">iCOquit<sup>\u00ae<\/sup><\/h2>\n\t\t\t\t<p>Votre appareil CO personnel, pour vous aider \u00e0 arr\u00eater de fumer, une respiration \u00e0 la fois.<\/p>\n<p>L&rsquo;iCOquit mesure le monoxyde de carbone (CO) dans votre haleine et affiche les r\u00e9sultats dans l&rsquo;application afin de vous motiver visuellement \u00e0 arr\u00eater de fumer.<\/p>\n<p>L&rsquo;application iCOquit fonctionne en conjonction avec le dispositif iCOquit afin de fournir une motivation visuelle pour vous aider \u00e0 arr\u00eater de fumer et de suivre vos progr\u00e8s en temps r\u00e9el.<\/p>\n\n\t\t\t\t\t<div class='button-box button-blue button-box-shadow'><a class='btn ' href='https:\/\/www.icoquit.com\/' target=\"_blank\">Visit Website<i class='fa fa-arrow-right ms-1' aria-hidden='true'><\/i><\/a><\/div>\n\t\t\t\t<\/div>\n\t\t\t\t<\/div>\n\t\t\t\t<div class=\"col-1\"><\/div>\n\t\t\t\n                <div class=\"col-12 col-lg-4\">\n\t\t\t\t\t<img width=\"647\" height=\"1159\" src=\"https:\/\/www.bedfont.com\/wp-content\/uploads\/2024\/10\/icoquit.png\" class=\"img-fluid w-75 mx-auto d-block\" alt=\"\" decoding=\"async\" loading=\"lazy\" srcset=\"https:\/\/www.bedfont.com\/wp-content\/uploads\/2024\/10\/icoquit.png 647w, https:\/\/www.bedfont.com\/wp-content\/uploads\/2024\/10\/icoquit-167x300.png 167w, https:\/\/www.bedfont.com\/wp-content\/uploads\/2024\/10\/icoquit-572x1024.png 572w\" sizes=\"auto, (max-width: 647px) 100vw, 647px\"\/>\n\t\t\t\t<\/div>\n\t\t\t<\/div>\n\t\t<\/div>\n\t<\/section><section class=\"two-column-style-5 two-column-style-7 bg-gradient-purple pico-baby-bg\" id=\"module-950-two_column_image_text-4\">\n\t \t<div class=\"container\">\n\t\t\t<div class=\"row flex-row-reverse\">\n\t\t\t\t\t<div class=\"col-12 col-lg-7 my-auto\">\n                    <div class=\"box\">\n\t\t\t\t\t<h2 class=\"text-left\">PiCO<sup>baby\u2122<\/sup><\/h2>\n\t\t\t\t<p>Le PiCO<sup>baby\u2122<\/sup> est un dispositif de CO respiratoire destin\u00e9 aux femmes enceintes pour les aider \u00e0 arr\u00eater de fumer.<\/p>\n\n\t\t\t\t\t\n\t\t\t\t<\/div>\n\n                <div class=\"row\"><div class=\"col-12 col-lg-4 mt-3\"><div class=\"box h-100 text-center\"><h3>R\u00e9sultats instantan\u00e9s<\/h3><p>L&rsquo;appareil fournit des r\u00e9sultats instantan\u00e9s affich\u00e9s en ppm, %COHb et %FCOHb exacts.<\/p>\n<\/div><\/div><div class=\"col-12 col-lg-4 mt-3\"><div class=\"box h-100 text-center\"><h3>Garantie de 5 ans<\/h3><p>L&rsquo;appareil PiCO <sup>baby\u2122<\/sup> est accompagn\u00e9 d&rsquo;une garantie de cinq ans pour une tranquillit\u00e9 d&rsquo;esprit absolue.<\/p>\n<\/div><\/div><div class=\"col-12 col-lg-4 mt-3\"><div class=\"box h-100 text-center\"><h3>Technologie antimicrobienne<\/h3><p>Technologie antimicrobienne pour assurer un contr\u00f4le optimal des infections.<\/p>\n<\/div><\/div><div class=\"col-12 col-lg-4 mt-3\"><div class=\"box h-100 text-center\"><h3>Un outil pr\u00e9cieux<\/h3><p>Le piCO <sup>baby\u2122<\/sup> est un outil pr\u00e9cieux pour les fumeuses enceintes afin de visualiser les effets du tabagisme sur elles et leur enfant.<\/p>\n<\/div><\/div><div class=\"col-12 col-lg-4 mt-3\"><div class=\"box h-100 text-center\"><h3>Syst\u00e8me de feux de circulation<\/h3><p>Le syst\u00e8me familier de feux de circulation vert, orange et rouge permet aux patients d&rsquo;identifier instantan\u00e9ment les niveaux de CO.<\/p>\n<\/div><\/div><div class=\"col-12 col-lg-4 mt-3\"><div class=\"box h-100 text-center\"><h3>Contr\u00f4le des infections<\/h3><p>Le filtre int\u00e9gr\u00e9 D-Piece<sup>\u2122<\/sup> est utilis\u00e9 pour filtrer >99% des bact\u00e9ries en suspension dans l&rsquo;air et >97% des virus pour un contr\u00f4le des infections \u00e0 faible co\u00fbt.<\/p>\n<\/div><\/div><\/div>\n\n\t\t\t\t<\/div>\n\t\t\t\t<div class=\"col-1\"><\/div>\n\t\t\t\n                <div class=\"col-12 col-lg-4\">\n\t\t\t\t\t<img width=\"647\" height=\"1159\" src=\"https:\/\/www.bedfont.com\/wp-content\/uploads\/2024\/10\/picobaby.png\" class=\"img-fluid w-75 mx-auto d-block\" alt=\"\" decoding=\"async\" loading=\"lazy\" srcset=\"https:\/\/www.bedfont.com\/wp-content\/uploads\/2024\/10\/picobaby.png 647w, https:\/\/www.bedfont.com\/wp-content\/uploads\/2024\/10\/picobaby-167x300.png 167w, https:\/\/www.bedfont.com\/wp-content\/uploads\/2024\/10\/picobaby-572x1024.png 572w\" sizes=\"auto, (max-width: 647px) 100vw, 647px\"\/>\n\t\t\t\t<\/div>\n\t\t\t<\/div>\n\t\t<\/div>\n\t<\/section><section class=\"two-column-style-5 two-column-style-6 bg-gradient-blue \" id=\"module-950-two_column_image_text-5\">\n\t \t<div class=\"container\">\n\t\t\t<div class=\"row flex-row-reverse\">\n\t\t\t\t\t<div class=\"col-12 col-lg-7 my-auto\">\n                    <div class=\"box\">\n\t\t\t\t\t<h2 class=\"text-left\">COdata<sup>+\u2122<\/sup><\/h2>\n\t\t\t\t<p>COdata <sup>+\u2122<\/sup> est un logiciel GRATUIT pour Microsoft Windows, \u00e0 utiliser avec la gamme d&rsquo;appareils de mesure du CO respiratoire Bedfont<sup>\u00ae<\/sup> Smokerlyzer <sup>\u00ae<\/sup> .<\/p>\n<p>Une fois connect\u00e9 au logiciel, les mesures sont t\u00e9l\u00e9charg\u00e9es depuis l&rsquo;appareil vers la base de donn\u00e9es COdata <sup>+\u2122<\/sup> , qui fournit un affichage virtuel de l&rsquo;instrument et un rapport instantan\u00e9 des r\u00e9sultats du patient. Le rapport comprend une interpr\u00e9tation sp\u00e9cifique des habitudes tabagiques du patient et de sa d\u00e9pendance personnelle \u00e0 la nicotine. Le patient peut l&rsquo;imprimer et le conserver pour ses propres dossiers. La base de donn\u00e9es int\u00e9gr\u00e9e enregistre les informations des patients et leurs r\u00e9sultats pour les s\u00e9ances suivantes. Les utilisateurs peuvent \u00e9galement cr\u00e9er des param\u00e8tres ppm personnalis\u00e9s, ce qui leur permet d&rsquo;amplifier le statut tabagique lors du traitement de patients particuli\u00e8rement difficiles \u00e0 motiver ou lors de tests dans des circonstances inhabituelles.    <\/p>\n\n\t\t\t\t\t<div class='button-box button-blue button-box-shadow'><a class='btn ' href='\/wp-content\/themes\/bedfont\/assets\/documents\/downloads\/Bedsoft_Framework.exe' target=\"_self\">T\u00e9l\u00e9charger COdata<sup>+\u2122<\/sup><i class='fa fa-arrow-right ms-1' aria-hidden='true'><\/i><\/a><\/div>\n\t\t\t\t<\/div>\n\t\t\t\t<\/div>\n\t\t\t\t<div class=\"col-1\"><\/div>\n\t\t\t\n                <div class=\"col-12 col-lg-4\">\n\t\t\t\t\t<img width=\"679\" height=\"673\" src=\"https:\/\/www.bedfont.com\/wp-content\/uploads\/2024\/10\/codata-software.png\" class=\"img-fluid w-75 mx-auto d-block\" alt=\"\" decoding=\"async\" loading=\"lazy\" srcset=\"https:\/\/www.bedfont.com\/wp-content\/uploads\/2024\/10\/codata-software.png 679w, https:\/\/www.bedfont.com\/wp-content\/uploads\/2024\/10\/codata-software-300x297.png 300w, https:\/\/www.bedfont.com\/wp-content\/uploads\/2024\/10\/codata-software-150x150.png 150w\" sizes=\"auto, (max-width: 679px) 100vw, 679px\"\/>\n\t\t\t\t<\/div>\n\t\t\t<\/div>\n\t\t<\/div>\n\t<\/section>","protected":false},"excerpt":{"rendered":"<p>Smokerlyzer\u00ae Les Smokerlyzer sont des appareils de mesure du monoxyde de carbone (CO) dans l&rsquo;air expir\u00e9 destin\u00e9s \u00e0 faciliter le sevrage tabagique. Ces appareils mesurent la quantit\u00e9 de CO dans l&rsquo;haleine d&rsquo;un fumeur. Pour les professionnels, c&rsquo;est un moyen d&rsquo;\u00e9tablir biochimiquement le statut tabagique d&rsquo;une personne et pour les fumeurs eux-m\u00eames, le Smokerlyzer est une [&hellip;]<\/p>\n","protected":false},"author":6,"featured_media":0,"parent":3653,"menu_order":0,"comment_status":"closed","ping_status":"closed","template":"templates\/page-modules.php","meta":{"_acf_changed":false,"footnotes":""},"class_list":["post-3736","page","type-page","status-publish","hentry"],"acf":[],"yoast_head":"<!-- This site is optimized with the Yoast SEO plugin v27.5 - https:\/\/yoast.com\/product\/yoast-seo-wordpress\/ -->\n<title>Smokerlyzer - Bedfont Scientific Ltd.<\/title>\n<meta name=\"description\" content=\"La gamme Smokerlyzer est compos\u00e9e d&#039;appareils de mesure du monoxyde de carbone (CO) dans l&#039;air expir\u00e9, destin\u00e9s \u00e0 faciliter le sevrage tabagique en mesurant la quantit\u00e9 de CO dans l&#039;air expir\u00e9 du fumeur.\" \/>\n<meta name=\"robots\" content=\"index, follow, max-snippet:-1, max-image-preview:large, max-video-preview:-1\" \/>\n<link rel=\"canonical\" href=\"https:\/\/www.bedfont.com\/fr\/produits\/smokerlyzer\/\" \/>\n<meta property=\"og:locale\" content=\"fr_FR\" \/>\n<meta property=\"og:type\" content=\"article\" \/>\n<meta property=\"og:title\" content=\"Smokerlyzer - Bedfont Scientific Ltd.\" \/>\n<meta property=\"og:description\" content=\"La gamme Smokerlyzer est compos\u00e9e d&#039;appareils de mesure du monoxyde de carbone (CO) dans l&#039;air expir\u00e9, destin\u00e9s \u00e0 faciliter le sevrage tabagique en mesurant la quantit\u00e9 de CO dans l&#039;air expir\u00e9 du fumeur.\" \/>\n<meta property=\"og:url\" content=\"https:\/\/www.bedfont.com\/fr\/produits\/smokerlyzer\/\" \/>\n<meta property=\"og:site_name\" content=\"Bedfont Scientific Ltd.\" \/>\n<meta property=\"article:publisher\" content=\"https:\/\/www.facebook.com\/Bedfontltd\/\" \/>\n<meta property=\"article:modified_time\" content=\"2024-10-18T05:53:24+00:00\" \/>\n<meta property=\"og:image\" content=\"https:\/\/www.bedfont.com\/wp-content\/uploads\/2024\/10\/smokerlyzer-product-page.jpg\" \/>\n<meta name=\"twitter:card\" content=\"summary_large_image\" \/>\n<meta name=\"twitter:site\" content=\"@BedfontLtd\" \/>\n<meta name=\"twitter:label1\" content=\"Dur\u00e9e de lecture estim\u00e9e\" \/>\n\t<meta name=\"twitter:data1\" content=\"5 minutes\" \/>\n<script type=\"application\/ld+json\" class=\"yoast-schema-graph\">{\"@context\":\"https:\\\/\\\/schema.org\",\"@graph\":[{\"@type\":\"WebPage\",\"@id\":\"https:\\\/\\\/www.bedfont.com\\\/fr\\\/produits\\\/smokerlyzer\\\/\",\"url\":\"https:\\\/\\\/www.bedfont.com\\\/fr\\\/produits\\\/smokerlyzer\\\/\",\"name\":\"Smokerlyzer - Bedfont Scientific Ltd.\",\"isPartOf\":{\"@id\":\"https:\\\/\\\/www.bedfont.com\\\/fr\\\/#website\"},\"primaryImageOfPage\":{\"@id\":\"https:\\\/\\\/www.bedfont.com\\\/fr\\\/produits\\\/smokerlyzer\\\/#primaryimage\"},\"image\":{\"@id\":\"https:\\\/\\\/www.bedfont.com\\\/fr\\\/produits\\\/smokerlyzer\\\/#primaryimage\"},\"thumbnailUrl\":\"https:\\\/\\\/www.bedfont.com\\\/wp-content\\\/uploads\\\/2024\\\/10\\\/smokerlyzer-product-page.jpg\",\"datePublished\":\"2024-01-04T16:18:29+00:00\",\"dateModified\":\"2024-10-18T05:53:24+00:00\",\"description\":\"La gamme Smokerlyzer est compos\u00e9e d'appareils de mesure du monoxyde de carbone (CO) dans l'air expir\u00e9, destin\u00e9s \u00e0 faciliter le sevrage tabagique en mesurant la quantit\u00e9 de CO dans l'air expir\u00e9 du fumeur.\",\"breadcrumb\":{\"@id\":\"https:\\\/\\\/www.bedfont.com\\\/fr\\\/produits\\\/smokerlyzer\\\/#breadcrumb\"},\"inLanguage\":\"fr-FR\",\"potentialAction\":[{\"@type\":\"ReadAction\",\"target\":[\"https:\\\/\\\/www.bedfont.com\\\/fr\\\/produits\\\/smokerlyzer\\\/\"]}]},{\"@type\":\"ImageObject\",\"inLanguage\":\"fr-FR\",\"@id\":\"https:\\\/\\\/www.bedfont.com\\\/fr\\\/produits\\\/smokerlyzer\\\/#primaryimage\",\"url\":\"https:\\\/\\\/www.bedfont.com\\\/wp-content\\\/uploads\\\/2024\\\/10\\\/smokerlyzer-product-page.jpg\",\"contentUrl\":\"https:\\\/\\\/www.bedfont.com\\\/wp-content\\\/uploads\\\/2024\\\/10\\\/smokerlyzer-product-page.jpg\"},{\"@type\":\"BreadcrumbList\",\"@id\":\"https:\\\/\\\/www.bedfont.com\\\/fr\\\/produits\\\/smokerlyzer\\\/#breadcrumb\",\"itemListElement\":[{\"@type\":\"ListItem\",\"position\":1,\"name\":\"Home\",\"item\":\"https:\\\/\\\/www.bedfont.com\\\/fr\\\/\"},{\"@type\":\"ListItem\",\"position\":2,\"name\":\"Produits\",\"item\":\"https:\\\/\\\/www.bedfont.com\\\/fr\\\/produits\\\/\"},{\"@type\":\"ListItem\",\"position\":3,\"name\":\"Smokerlyzer\"}]},{\"@type\":\"WebSite\",\"@id\":\"https:\\\/\\\/www.bedfont.com\\\/fr\\\/#website\",\"url\":\"https:\\\/\\\/www.bedfont.com\\\/fr\\\/\",\"name\":\"Bedfont Scientific Ltd.\",\"description\":\"World leaders in breath analysis.\",\"potentialAction\":[{\"@type\":\"SearchAction\",\"target\":{\"@type\":\"EntryPoint\",\"urlTemplate\":\"https:\\\/\\\/www.bedfont.com\\\/fr\\\/?s={search_term_string}\"},\"query-input\":{\"@type\":\"PropertyValueSpecification\",\"valueRequired\":true,\"valueName\":\"search_term_string\"}}],\"inLanguage\":\"fr-FR\"}]}<\/script>\n<!-- \/ Yoast SEO plugin. -->","yoast_head_json":{"title":"Smokerlyzer - Bedfont Scientific Ltd.","description":"La gamme Smokerlyzer est compos\u00e9e d'appareils de mesure du monoxyde de carbone (CO) dans l'air expir\u00e9, destin\u00e9s \u00e0 faciliter le sevrage tabagique en mesurant la quantit\u00e9 de CO dans l'air expir\u00e9 du fumeur.","robots":{"index":"index","follow":"follow","max-snippet":"max-snippet:-1","max-image-preview":"max-image-preview:large","max-video-preview":"max-video-preview:-1"},"canonical":"https:\/\/www.bedfont.com\/fr\/produits\/smokerlyzer\/","og_locale":"fr_FR","og_type":"article","og_title":"Smokerlyzer - Bedfont Scientific Ltd.","og_description":"La gamme Smokerlyzer est compos\u00e9e d'appareils de mesure du monoxyde de carbone (CO) dans l'air expir\u00e9, destin\u00e9s \u00e0 faciliter le sevrage tabagique en mesurant la quantit\u00e9 de CO dans l'air expir\u00e9 du fumeur.","og_url":"https:\/\/www.bedfont.com\/fr\/produits\/smokerlyzer\/","og_site_name":"Bedfont Scientific Ltd.","article_publisher":"https:\/\/www.facebook.com\/Bedfontltd\/","article_modified_time":"2024-10-18T05:53:24+00:00","og_image":[{"url":"https:\/\/www.bedfont.com\/wp-content\/uploads\/2024\/10\/smokerlyzer-product-page.jpg","type":"","width":"","height":""}],"twitter_card":"summary_large_image","twitter_site":"@BedfontLtd","twitter_misc":{"Dur\u00e9e de lecture estim\u00e9e":"5 minutes"},"schema":{"@context":"https:\/\/schema.org","@graph":[{"@type":"WebPage","@id":"https:\/\/www.bedfont.com\/fr\/produits\/smokerlyzer\/","url":"https:\/\/www.bedfont.com\/fr\/produits\/smokerlyzer\/","name":"Smokerlyzer - Bedfont Scientific Ltd.","isPartOf":{"@id":"https:\/\/www.bedfont.com\/fr\/#website"},"primaryImageOfPage":{"@id":"https:\/\/www.bedfont.com\/fr\/produits\/smokerlyzer\/#primaryimage"},"image":{"@id":"https:\/\/www.bedfont.com\/fr\/produits\/smokerlyzer\/#primaryimage"},"thumbnailUrl":"https:\/\/www.bedfont.com\/wp-content\/uploads\/2024\/10\/smokerlyzer-product-page.jpg","datePublished":"2024-01-04T16:18:29+00:00","dateModified":"2024-10-18T05:53:24+00:00","description":"La gamme Smokerlyzer est compos\u00e9e d'appareils de mesure du monoxyde de carbone (CO) dans l'air expir\u00e9, destin\u00e9s \u00e0 faciliter le sevrage tabagique en mesurant la quantit\u00e9 de CO dans l'air expir\u00e9 du fumeur.","breadcrumb":{"@id":"https:\/\/www.bedfont.com\/fr\/produits\/smokerlyzer\/#breadcrumb"},"inLanguage":"fr-FR","potentialAction":[{"@type":"ReadAction","target":["https:\/\/www.bedfont.com\/fr\/produits\/smokerlyzer\/"]}]},{"@type":"ImageObject","inLanguage":"fr-FR","@id":"https:\/\/www.bedfont.com\/fr\/produits\/smokerlyzer\/#primaryimage","url":"https:\/\/www.bedfont.com\/wp-content\/uploads\/2024\/10\/smokerlyzer-product-page.jpg","contentUrl":"https:\/\/www.bedfont.com\/wp-content\/uploads\/2024\/10\/smokerlyzer-product-page.jpg"},{"@type":"BreadcrumbList","@id":"https:\/\/www.bedfont.com\/fr\/produits\/smokerlyzer\/#breadcrumb","itemListElement":[{"@type":"ListItem","position":1,"name":"Home","item":"https:\/\/www.bedfont.com\/fr\/"},{"@type":"ListItem","position":2,"name":"Produits","item":"https:\/\/www.bedfont.com\/fr\/produits\/"},{"@type":"ListItem","position":3,"name":"Smokerlyzer"}]},{"@type":"WebSite","@id":"https:\/\/www.bedfont.com\/fr\/#website","url":"https:\/\/www.bedfont.com\/fr\/","name":"Bedfont Scientific Ltd.","description":"World leaders in breath analysis.","potentialAction":[{"@type":"SearchAction","target":{"@type":"EntryPoint","urlTemplate":"https:\/\/www.bedfont.com\/fr\/?s={search_term_string}"},"query-input":{"@type":"PropertyValueSpecification","valueRequired":true,"valueName":"search_term_string"}}],"inLanguage":"fr-FR"}]}},"_links":{"self":[{"href":"https:\/\/www.bedfont.com\/fr\/wp-json\/wp\/v2\/pages\/3736","targetHints":{"allow":["GET"]}}],"collection":[{"href":"https:\/\/www.bedfont.com\/fr\/wp-json\/wp\/v2\/pages"}],"about":[{"href":"https:\/\/www.bedfont.com\/fr\/wp-json\/wp\/v2\/types\/page"}],"author":[{"embeddable":true,"href":"https:\/\/www.bedfont.com\/fr\/wp-json\/wp\/v2\/users\/6"}],"replies":[{"embeddable":true,"href":"https:\/\/www.bedfont.com\/fr\/wp-json\/wp\/v2\/comments?post=3736"}],"version-history":[{"count":9,"href":"https:\/\/www.bedfont.com\/fr\/wp-json\/wp\/v2\/pages\/3736\/revisions"}],"predecessor-version":[{"id":7296,"href":"https:\/\/www.bedfont.com\/fr\/wp-json\/wp\/v2\/pages\/3736\/revisions\/7296"}],"up":[{"embeddable":true,"href":"https:\/\/www.bedfont.com\/fr\/wp-json\/wp\/v2\/pages\/3653"}],"wp:attachment":[{"href":"https:\/\/www.bedfont.com\/fr\/wp-json\/wp\/v2\/media?parent=3736"}],"curies":[{"name":"wp","href":"https:\/\/api.w.org\/{rel}","templated":true}]}}