{"id":3722,"date":"2023-01-27T16:29:54","date_gmt":"2023-01-27T16:29:54","guid":{"rendered":"https:\/\/bedfont.theprogressteam.com\/trouver-mon-distributeur\/"},"modified":"2024-10-10T06:26:12","modified_gmt":"2024-10-10T06:26:12","slug":"trouver-mon-distributeur","status":"publish","type":"page","link":"https:\/\/www.bedfont.com\/fr\/trouver-mon-distributeur\/","title":{"rendered":"Trouver mon distributeur"},"content":{"rendered":"\n<p>Depuis 1976, nous sommes sp\u00e9cialis\u00e9s dans la conception et la fabrication d&rsquo;instruments de surveillance de l&rsquo;air expir\u00e9 et des gaz. Nos produits sont utilis\u00e9s dans de nombreux secteurs, notamment la sant\u00e9, la pharmacie et le diagnostic. Notre expertise se refl\u00e8te dans la large gamme de produits que nous proposons &#8211; des appareils portables aux appareils de paillasse &#8211; qui peuvent \u00eatre utilis\u00e9s pour analyser l&rsquo;haleine des patients.  <\/p>\n","protected":false},"excerpt":{"rendered":"<p>Depuis 1976, nous sommes sp\u00e9cialis\u00e9s dans la conception et la fabrication d&rsquo;instruments de surveillance de l&rsquo;air expir\u00e9 et des gaz. Nos produits sont utilis\u00e9s dans de nombreux secteurs, notamment la sant\u00e9, la pharmacie et le diagnostic. Notre expertise se refl\u00e8te dans la large gamme de produits que nous proposons &#8211; des appareils portables aux appareils [&hellip;]<\/p>\n","protected":false},"author":6,"featured_media":0,"parent":0,"menu_order":0,"comment_status":"closed","ping_status":"closed","template":"page-find-distributor.php","meta":{"_acf_changed":false,"footnotes":""},"class_list":["post-3722","page","type-page","status-publish","hentry"],"acf":[],"yoast_head":"<!-- This site is optimized with the Yoast SEO plugin v27.5 - https:\/\/yoast.com\/product\/yoast-seo-wordpress\/ -->\n<title>Trouver mon distributeur - Bedfont Scientific Ltd.<\/title>\n<meta name=\"description\" content=\"Trouvez votre distributeur local ci-dessous en s\u00e9lectionnant simplement le pays dans lequel vous \u00eates bas\u00e9 et le produit sur lequel vous souhaitez plus d&#039;informations.\" \/>\n<meta name=\"robots\" content=\"index, follow, max-snippet:-1, max-image-preview:large, max-video-preview:-1\" \/>\n<link rel=\"canonical\" href=\"https:\/\/www.bedfont.com\/fr\/trouver-mon-distributeur\/\" \/>\n<meta property=\"og:locale\" content=\"fr_FR\" \/>\n<meta property=\"og:type\" content=\"article\" \/>\n<meta property=\"og:title\" content=\"Trouver mon distributeur - Bedfont Scientific Ltd.\" \/>\n<meta property=\"og:description\" content=\"Trouvez votre distributeur local ci-dessous en s\u00e9lectionnant simplement le pays dans lequel vous \u00eates bas\u00e9 et le produit sur lequel vous souhaitez plus d&#039;informations.\" \/>\n<meta property=\"og:url\" content=\"https:\/\/www.bedfont.com\/fr\/trouver-mon-distributeur\/\" \/>\n<meta property=\"og:site_name\" content=\"Bedfont Scientific Ltd.\" \/>\n<meta property=\"article:publisher\" content=\"https:\/\/www.facebook.com\/Bedfontltd\/\" \/>\n<meta property=\"article:modified_time\" content=\"2024-10-10T06:26:12+00:00\" \/>\n<meta name=\"twitter:card\" content=\"summary_large_image\" \/>\n<meta name=\"twitter:site\" content=\"@BedfontLtd\" \/>\n<script type=\"application\/ld+json\" class=\"yoast-schema-graph\">{\"@context\":\"https:\\\/\\\/schema.org\",\"@graph\":[{\"@type\":\"WebPage\",\"@id\":\"https:\\\/\\\/www.bedfont.com\\\/fr\\\/trouver-mon-distributeur\\\/\",\"url\":\"https:\\\/\\\/www.bedfont.com\\\/fr\\\/trouver-mon-distributeur\\\/\",\"name\":\"Trouver mon distributeur - Bedfont Scientific Ltd.\",\"isPartOf\":{\"@id\":\"https:\\\/\\\/www.bedfont.com\\\/fr\\\/#website\"},\"datePublished\":\"2023-01-27T16:29:54+00:00\",\"dateModified\":\"2024-10-10T06:26:12+00:00\",\"description\":\"Trouvez votre distributeur local ci-dessous en s\u00e9lectionnant simplement le pays dans lequel vous \u00eates bas\u00e9 et le produit sur lequel vous souhaitez plus d'informations.\",\"breadcrumb\":{\"@id\":\"https:\\\/\\\/www.bedfont.com\\\/fr\\\/trouver-mon-distributeur\\\/#breadcrumb\"},\"inLanguage\":\"fr-FR\",\"potentialAction\":[{\"@type\":\"ReadAction\",\"target\":[\"https:\\\/\\\/www.bedfont.com\\\/fr\\\/trouver-mon-distributeur\\\/\"]}]},{\"@type\":\"BreadcrumbList\",\"@id\":\"https:\\\/\\\/www.bedfont.com\\\/fr\\\/trouver-mon-distributeur\\\/#breadcrumb\",\"itemListElement\":[{\"@type\":\"ListItem\",\"position\":1,\"name\":\"Home\",\"item\":\"https:\\\/\\\/www.bedfont.com\\\/fr\\\/\"},{\"@type\":\"ListItem\",\"position\":2,\"name\":\"Trouver mon distributeur\"}]},{\"@type\":\"WebSite\",\"@id\":\"https:\\\/\\\/www.bedfont.com\\\/fr\\\/#website\",\"url\":\"https:\\\/\\\/www.bedfont.com\\\/fr\\\/\",\"name\":\"Bedfont Scientific Ltd.\",\"description\":\"World leaders in breath analysis.\",\"potentialAction\":[{\"@type\":\"SearchAction\",\"target\":{\"@type\":\"EntryPoint\",\"urlTemplate\":\"https:\\\/\\\/www.bedfont.com\\\/fr\\\/?s={search_term_string}\"},\"query-input\":{\"@type\":\"PropertyValueSpecification\",\"valueRequired\":true,\"valueName\":\"search_term_string\"}}],\"inLanguage\":\"fr-FR\"}]}<\/script>\n<!-- \/ Yoast SEO plugin. -->","yoast_head_json":{"title":"Trouver mon distributeur - Bedfont Scientific Ltd.","description":"Trouvez votre distributeur local ci-dessous en s\u00e9lectionnant simplement le pays dans lequel vous \u00eates bas\u00e9 et le produit sur lequel vous souhaitez plus d'informations.","robots":{"index":"index","follow":"follow","max-snippet":"max-snippet:-1","max-image-preview":"max-image-preview:large","max-video-preview":"max-video-preview:-1"},"canonical":"https:\/\/www.bedfont.com\/fr\/trouver-mon-distributeur\/","og_locale":"fr_FR","og_type":"article","og_title":"Trouver mon distributeur - Bedfont Scientific Ltd.","og_description":"Trouvez votre distributeur local ci-dessous en s\u00e9lectionnant simplement le pays dans lequel vous \u00eates bas\u00e9 et le produit sur lequel vous souhaitez plus d'informations.","og_url":"https:\/\/www.bedfont.com\/fr\/trouver-mon-distributeur\/","og_site_name":"Bedfont Scientific Ltd.","article_publisher":"https:\/\/www.facebook.com\/Bedfontltd\/","article_modified_time":"2024-10-10T06:26:12+00:00","twitter_card":"summary_large_image","twitter_site":"@BedfontLtd","schema":{"@context":"https:\/\/schema.org","@graph":[{"@type":"WebPage","@id":"https:\/\/www.bedfont.com\/fr\/trouver-mon-distributeur\/","url":"https:\/\/www.bedfont.com\/fr\/trouver-mon-distributeur\/","name":"Trouver mon distributeur - Bedfont Scientific Ltd.","isPartOf":{"@id":"https:\/\/www.bedfont.com\/fr\/#website"},"datePublished":"2023-01-27T16:29:54+00:00","dateModified":"2024-10-10T06:26:12+00:00","description":"Trouvez votre distributeur local ci-dessous en s\u00e9lectionnant simplement le pays dans lequel vous \u00eates bas\u00e9 et le produit sur lequel vous souhaitez plus d'informations.","breadcrumb":{"@id":"https:\/\/www.bedfont.com\/fr\/trouver-mon-distributeur\/#breadcrumb"},"inLanguage":"fr-FR","potentialAction":[{"@type":"ReadAction","target":["https:\/\/www.bedfont.com\/fr\/trouver-mon-distributeur\/"]}]},{"@type":"BreadcrumbList","@id":"https:\/\/www.bedfont.com\/fr\/trouver-mon-distributeur\/#breadcrumb","itemListElement":[{"@type":"ListItem","position":1,"name":"Home","item":"https:\/\/www.bedfont.com\/fr\/"},{"@type":"ListItem","position":2,"name":"Trouver mon distributeur"}]},{"@type":"WebSite","@id":"https:\/\/www.bedfont.com\/fr\/#website","url":"https:\/\/www.bedfont.com\/fr\/","name":"Bedfont Scientific Ltd.","description":"World leaders in breath analysis.","potentialAction":[{"@type":"SearchAction","target":{"@type":"EntryPoint","urlTemplate":"https:\/\/www.bedfont.com\/fr\/?s={search_term_string}"},"query-input":{"@type":"PropertyValueSpecification","valueRequired":true,"valueName":"search_term_string"}}],"inLanguage":"fr-FR"}]}},"_links":{"self":[{"href":"https:\/\/www.bedfont.com\/fr\/wp-json\/wp\/v2\/pages\/3722","targetHints":{"allow":["GET"]}}],"collection":[{"href":"https:\/\/www.bedfont.com\/fr\/wp-json\/wp\/v2\/pages"}],"about":[{"href":"https:\/\/www.bedfont.com\/fr\/wp-json\/wp\/v2\/types\/page"}],"author":[{"embeddable":true,"href":"https:\/\/www.bedfont.com\/fr\/wp-json\/wp\/v2\/users\/6"}],"replies":[{"embeddable":true,"href":"https:\/\/www.bedfont.com\/fr\/wp-json\/wp\/v2\/comments?post=3722"}],"version-history":[{"count":4,"href":"https:\/\/www.bedfont.com\/fr\/wp-json\/wp\/v2\/pages\/3722\/revisions"}],"predecessor-version":[{"id":6668,"href":"https:\/\/www.bedfont.com\/fr\/wp-json\/wp\/v2\/pages\/3722\/revisions\/6668"}],"wp:attachment":[{"href":"https:\/\/www.bedfont.com\/fr\/wp-json\/wp\/v2\/media?parent=3722"}],"curies":[{"name":"wp","href":"https:\/\/api.w.org\/{rel}","templated":true}]}}