{"id":3669,"date":"2023-03-14T14:33:33","date_gmt":"2023-03-14T14:33:33","guid":{"rendered":"https:\/\/bedfont.theprogressteam.com\/demande-de-devis\/"},"modified":"2025-02-04T11:58:25","modified_gmt":"2025-02-04T11:58:25","slug":"demande-de-devis","status":"publish","type":"page","link":"https:\/\/www.bedfont.com\/fr\/demande-de-devis\/","title":{"rendered":"Demande de devis"},"content":{"rendered":"\n<h1 class=\"wp-block-heading has-text-align-center\">Demande de devis<\/h1>\n\n\n\n<p class=\"has-text-align-center col-12 col-md-8 mx-auto text-center mb-5\">Bedfont<sup>\u00ae<\/sup> op\u00e8re \u00e0 travers un r\u00e9seau de distributeurs soigneusement s\u00e9lectionn\u00e9s dans le monde entier, qui partagent notre objectif d&rsquo;innover et d&rsquo;am\u00e9liorer les soins de sant\u00e9 gr\u00e2ce \u00e0 une analyse respiratoire rapide et non invasive. Pour \u00eatre contact\u00e9 par votre distributeur local et recevoir un devis personnalis\u00e9, veuillez nous indiquer d&rsquo;o\u00f9 vous venez et quel(s) produit(s) vous int\u00e9resse(nt) en remplissant le formulaire ci-dessous :   <\/p>\n\n\n\n<div class=\"request-a-quote p-4\">\n<script charset=\"utf-8\" type=\"text\/javascript\" src=\"\/\/js.hsforms.net\/forms\/embed\/v2.js\"><\/script>\n<script>\n  hbspt.forms.create({\n    portalId: \"6295439\",\n    formId: \"3c84f5b6-aa8f-411a-b133-7fde5fe69784\"\n  });\n<\/script>\n<\/div>\n\n\n\n<p><\/p>\n","protected":false},"excerpt":{"rendered":"<p>Demande de devis Bedfont\u00ae op\u00e8re \u00e0 travers un r\u00e9seau de distributeurs soigneusement s\u00e9lectionn\u00e9s dans le monde entier, qui partagent notre objectif d&rsquo;innover et d&rsquo;am\u00e9liorer les soins de sant\u00e9 gr\u00e2ce \u00e0 une analyse respiratoire rapide et non invasive. Pour \u00eatre contact\u00e9 par votre distributeur local et recevoir un devis personnalis\u00e9, veuillez nous indiquer d&rsquo;o\u00f9 vous venez [&hellip;]<\/p>\n","protected":false},"author":6,"featured_media":0,"parent":0,"menu_order":0,"comment_status":"closed","ping_status":"closed","template":"templates\/page-gutenberg.php","meta":{"_acf_changed":false,"footnotes":""},"class_list":["post-3669","page","type-page","status-publish","hentry"],"acf":[],"yoast_head":"<!-- This site is optimized with the Yoast SEO plugin v27.5 - https:\/\/yoast.com\/product\/yoast-seo-wordpress\/ -->\n<title>Demande de devis - Bedfont Scientific Ltd.<\/title>\n<meta name=\"description\" content=\"Pour \u00eatre contact\u00e9 par votre distributeur local et recevoir un devis personnalis\u00e9, veuillez remplir le formulaire ci-dessous et ils vous contacteront.\" \/>\n<meta name=\"robots\" content=\"index, follow, max-snippet:-1, max-image-preview:large, max-video-preview:-1\" \/>\n<link rel=\"canonical\" href=\"https:\/\/www.bedfont.com\/fr\/demande-de-devis\/\" \/>\n<meta property=\"og:locale\" content=\"fr_FR\" \/>\n<meta property=\"og:type\" content=\"article\" \/>\n<meta property=\"og:title\" content=\"Demande de devis - Bedfont Scientific Ltd.\" \/>\n<meta property=\"og:description\" content=\"Pour \u00eatre contact\u00e9 par votre distributeur local et recevoir un devis personnalis\u00e9, veuillez remplir le formulaire ci-dessous et ils vous contacteront.\" \/>\n<meta property=\"og:url\" content=\"https:\/\/www.bedfont.com\/fr\/demande-de-devis\/\" \/>\n<meta property=\"og:site_name\" content=\"Bedfont Scientific Ltd.\" \/>\n<meta property=\"article:publisher\" content=\"https:\/\/www.facebook.com\/Bedfontltd\/\" \/>\n<meta property=\"article:modified_time\" content=\"2025-02-04T11:58:25+00:00\" \/>\n<meta name=\"twitter:card\" content=\"summary_large_image\" \/>\n<meta name=\"twitter:site\" content=\"@BedfontLtd\" \/>\n<meta name=\"twitter:label1\" content=\"Dur\u00e9e de lecture estim\u00e9e\" \/>\n\t<meta name=\"twitter:data1\" content=\"1 minute\" \/>\n<script type=\"application\/ld+json\" class=\"yoast-schema-graph\">{\"@context\":\"https:\\\/\\\/schema.org\",\"@graph\":[{\"@type\":\"WebPage\",\"@id\":\"https:\\\/\\\/www.bedfont.com\\\/fr\\\/demande-de-devis\\\/\",\"url\":\"https:\\\/\\\/www.bedfont.com\\\/fr\\\/demande-de-devis\\\/\",\"name\":\"Demande de devis - Bedfont Scientific Ltd.\",\"isPartOf\":{\"@id\":\"https:\\\/\\\/www.bedfont.com\\\/fr\\\/#website\"},\"datePublished\":\"2023-03-14T14:33:33+00:00\",\"dateModified\":\"2025-02-04T11:58:25+00:00\",\"description\":\"Pour \u00eatre contact\u00e9 par votre distributeur local et recevoir un devis personnalis\u00e9, veuillez remplir le formulaire ci-dessous et ils vous contacteront.\",\"breadcrumb\":{\"@id\":\"https:\\\/\\\/www.bedfont.com\\\/fr\\\/demande-de-devis\\\/#breadcrumb\"},\"inLanguage\":\"fr-FR\",\"potentialAction\":[{\"@type\":\"ReadAction\",\"target\":[\"https:\\\/\\\/www.bedfont.com\\\/fr\\\/demande-de-devis\\\/\"]}]},{\"@type\":\"BreadcrumbList\",\"@id\":\"https:\\\/\\\/www.bedfont.com\\\/fr\\\/demande-de-devis\\\/#breadcrumb\",\"itemListElement\":[{\"@type\":\"ListItem\",\"position\":1,\"name\":\"Home\",\"item\":\"https:\\\/\\\/www.bedfont.com\\\/fr\\\/\"},{\"@type\":\"ListItem\",\"position\":2,\"name\":\"Demande de devis\"}]},{\"@type\":\"WebSite\",\"@id\":\"https:\\\/\\\/www.bedfont.com\\\/fr\\\/#website\",\"url\":\"https:\\\/\\\/www.bedfont.com\\\/fr\\\/\",\"name\":\"Bedfont Scientific Ltd.\",\"description\":\"World leaders in breath analysis.\",\"potentialAction\":[{\"@type\":\"SearchAction\",\"target\":{\"@type\":\"EntryPoint\",\"urlTemplate\":\"https:\\\/\\\/www.bedfont.com\\\/fr\\\/?s={search_term_string}\"},\"query-input\":{\"@type\":\"PropertyValueSpecification\",\"valueRequired\":true,\"valueName\":\"search_term_string\"}}],\"inLanguage\":\"fr-FR\"}]}<\/script>\n<!-- \/ Yoast SEO plugin. -->","yoast_head_json":{"title":"Demande de devis - Bedfont Scientific Ltd.","description":"Pour \u00eatre contact\u00e9 par votre distributeur local et recevoir un devis personnalis\u00e9, veuillez remplir le formulaire ci-dessous et ils vous contacteront.","robots":{"index":"index","follow":"follow","max-snippet":"max-snippet:-1","max-image-preview":"max-image-preview:large","max-video-preview":"max-video-preview:-1"},"canonical":"https:\/\/www.bedfont.com\/fr\/demande-de-devis\/","og_locale":"fr_FR","og_type":"article","og_title":"Demande de devis - Bedfont Scientific Ltd.","og_description":"Pour \u00eatre contact\u00e9 par votre distributeur local et recevoir un devis personnalis\u00e9, veuillez remplir le formulaire ci-dessous et ils vous contacteront.","og_url":"https:\/\/www.bedfont.com\/fr\/demande-de-devis\/","og_site_name":"Bedfont Scientific Ltd.","article_publisher":"https:\/\/www.facebook.com\/Bedfontltd\/","article_modified_time":"2025-02-04T11:58:25+00:00","twitter_card":"summary_large_image","twitter_site":"@BedfontLtd","twitter_misc":{"Dur\u00e9e de lecture estim\u00e9e":"1 minute"},"schema":{"@context":"https:\/\/schema.org","@graph":[{"@type":"WebPage","@id":"https:\/\/www.bedfont.com\/fr\/demande-de-devis\/","url":"https:\/\/www.bedfont.com\/fr\/demande-de-devis\/","name":"Demande de devis - Bedfont Scientific Ltd.","isPartOf":{"@id":"https:\/\/www.bedfont.com\/fr\/#website"},"datePublished":"2023-03-14T14:33:33+00:00","dateModified":"2025-02-04T11:58:25+00:00","description":"Pour \u00eatre contact\u00e9 par votre distributeur local et recevoir un devis personnalis\u00e9, veuillez remplir le formulaire ci-dessous et ils vous contacteront.","breadcrumb":{"@id":"https:\/\/www.bedfont.com\/fr\/demande-de-devis\/#breadcrumb"},"inLanguage":"fr-FR","potentialAction":[{"@type":"ReadAction","target":["https:\/\/www.bedfont.com\/fr\/demande-de-devis\/"]}]},{"@type":"BreadcrumbList","@id":"https:\/\/www.bedfont.com\/fr\/demande-de-devis\/#breadcrumb","itemListElement":[{"@type":"ListItem","position":1,"name":"Home","item":"https:\/\/www.bedfont.com\/fr\/"},{"@type":"ListItem","position":2,"name":"Demande de devis"}]},{"@type":"WebSite","@id":"https:\/\/www.bedfont.com\/fr\/#website","url":"https:\/\/www.bedfont.com\/fr\/","name":"Bedfont Scientific Ltd.","description":"World leaders in breath analysis.","potentialAction":[{"@type":"SearchAction","target":{"@type":"EntryPoint","urlTemplate":"https:\/\/www.bedfont.com\/fr\/?s={search_term_string}"},"query-input":{"@type":"PropertyValueSpecification","valueRequired":true,"valueName":"search_term_string"}}],"inLanguage":"fr-FR"}]}},"_links":{"self":[{"href":"https:\/\/www.bedfont.com\/fr\/wp-json\/wp\/v2\/pages\/3669","targetHints":{"allow":["GET"]}}],"collection":[{"href":"https:\/\/www.bedfont.com\/fr\/wp-json\/wp\/v2\/pages"}],"about":[{"href":"https:\/\/www.bedfont.com\/fr\/wp-json\/wp\/v2\/types\/page"}],"author":[{"embeddable":true,"href":"https:\/\/www.bedfont.com\/fr\/wp-json\/wp\/v2\/users\/6"}],"replies":[{"embeddable":true,"href":"https:\/\/www.bedfont.com\/fr\/wp-json\/wp\/v2\/comments?post=3669"}],"version-history":[{"count":6,"href":"https:\/\/www.bedfont.com\/fr\/wp-json\/wp\/v2\/pages\/3669\/revisions"}],"predecessor-version":[{"id":7767,"href":"https:\/\/www.bedfont.com\/fr\/wp-json\/wp\/v2\/pages\/3669\/revisions\/7767"}],"wp:attachment":[{"href":"https:\/\/www.bedfont.com\/fr\/wp-json\/wp\/v2\/media?parent=3669"}],"curies":[{"name":"wp","href":"https:\/\/api.w.org\/{rel}","templated":true}]}}