{"id":3653,"date":"2022-07-06T14:45:46","date_gmt":"2022-07-06T14:45:46","guid":{"rendered":"https:\/\/bedfont.theprogressteam.com\/produits\/"},"modified":"2025-03-17T16:12:54","modified_gmt":"2025-03-17T16:12:54","slug":"produits","status":"publish","type":"page","link":"https:\/\/www.bedfont.com\/fr\/produits\/","title":{"rendered":"Produits"},"content":{"rendered":"<section class=\"hero-style-4 p-0 position-relative module-24-hero-0\" id=\"module-24-hero-0\"><div class=\"container-fluid overlay-img-holder\">\n\t\t\t<img width=\"1998\" height=\"544\" src=\"https:\/\/www.bedfont.com\/wp-content\/uploads\/2024\/10\/products.jpg\" class=\"w-100\" alt=\"\" decoding=\"async\" loading=\"lazy\" srcset=\"https:\/\/www.bedfont.com\/wp-content\/uploads\/2024\/10\/products.jpg 1998w, https:\/\/www.bedfont.com\/wp-content\/uploads\/2024\/10\/products-300x82.jpg 300w, https:\/\/www.bedfont.com\/wp-content\/uploads\/2024\/10\/products-1024x279.jpg 1024w, https:\/\/www.bedfont.com\/wp-content\/uploads\/2024\/10\/products-768x209.jpg 768w, https:\/\/www.bedfont.com\/wp-content\/uploads\/2024\/10\/products-1536x418.jpg 1536w\" sizes=\"auto, (max-width: 1998px) 100vw, 1998px\"\/><div class=\"overlay\">\n\t\t\t\t<div class=\"col-12 col-md-8 mx-auto\">\n\t\t\t\t\t<h1>Produits<\/h1>\n\t\t\t\t\t<p>Bedfont\u00ae propose une large gamme d&rsquo;appareils d&rsquo;analyse de l&rsquo;haleine, tous dot\u00e9s d&rsquo;une utilisation unique. Notre expertise se refl\u00e8te dans la large gamme de produits que nous proposons &#8211; des appareils portables aux appareils de paillasse &#8211; qui peuvent \u00eatre utilis\u00e9s pour analyser l&rsquo;haleine des patients. <\/p>\n\n\t\t\t\t<\/div>\n\t\t\t<\/div>\n\t\t<\/div>\n\t<\/section><section class=\"two-column-style-5 bg-gradient-purple button-align-right module-24-two_column_image_text-1\" id=\"module-24-two_column_image_text-1\"><div class=\"container\">\n\t\t\t<div class=\"row \">\n\t\t\t\t<div class=\"col-12 col-lg-5\">\n\t\t\t\t\t<img width=\"1000\" height=\"1000\" src=\"https:\/\/www.bedfont.com\/wp-content\/uploads\/2024\/10\/NObreath-monitor-face-on-with-mouthpiece.png\" class=\"img-fluid mb-5 mb-lg-0\" alt=\"\" decoding=\"async\" loading=\"lazy\" srcset=\"https:\/\/www.bedfont.com\/wp-content\/uploads\/2024\/10\/NObreath-monitor-face-on-with-mouthpiece.png 1000w, https:\/\/www.bedfont.com\/wp-content\/uploads\/2024\/10\/NObreath-monitor-face-on-with-mouthpiece-300x300.png 300w, https:\/\/www.bedfont.com\/wp-content\/uploads\/2024\/10\/NObreath-monitor-face-on-with-mouthpiece-150x150.png 150w, https:\/\/www.bedfont.com\/wp-content\/uploads\/2024\/10\/NObreath-monitor-face-on-with-mouthpiece-768x768.png 768w\" sizes=\"auto, (max-width: 1000px) 100vw, 1000px\"\/><\/div>\n\t\t\t\t<div class=\"col-1\"><\/div>\n\t\t\t\t<div class=\"col-12 col-lg-6 my-auto\">\n\t\t\t\t\t<h2 class=\"text-left\"> NObreath<sup>\u00ae<\/sup><\/h2>\n\t\t\t\t<p>Le NObreath est un appareil FeNO qui peut \u00eatre utilis\u00e9 pour mesurer l&rsquo;inflammation des voies respiratoires pour le diagnostic et la gestion de l&rsquo;asthme. Conforme aux directives BTS\/NICE\/SIGN, ATS et ERS, le NObreath rend la mesure du FeNO rapide et facile, en plus d&rsquo;\u00eatre totalement non invasif, avec la capacit\u00e9 de surveiller l&rsquo;inflammation des voies respiratoires chez les patients adultes et enfants. De plus, le mode de surveillance ambiante vous permet de v\u00e9rifier les niveaux ambiants de NO.  <\/p>\n\n\t\t\t\t\t<div class='button-box button-purple button-box-shadow'><a class='btn ' href='https:\/\/www.nobreathfeno.com\/' target=\"_blank\">Plus d'informations<i class='fa fa-arrow-right ms-1' aria-hidden='true'><\/i><\/a><\/div>\n\t\t\t\t<\/div>\n\t\t\t<\/div>\n\t\t<\/div>\n\t<\/section><section class=\"two-column-style-5 bg-gradient-blue button-align-right module-24-two_column_image_text-2\" id=\"module-24-two_column_image_text-2\"><div class=\"container\">\n\t\t\t<div class=\"row \">\n\t\t\t\t<div class=\"col-12 col-lg-5\">\n\t\t\t\t\t<img width=\"929\" height=\"929\" src=\"https:\/\/www.bedfont.com\/wp-content\/uploads\/2024\/10\/smokerlyzer-range.png\" class=\"img-fluid mb-5 mb-lg-0\" alt=\"\" decoding=\"async\" loading=\"lazy\" srcset=\"https:\/\/www.bedfont.com\/wp-content\/uploads\/2024\/10\/smokerlyzer-range.png 929w, https:\/\/www.bedfont.com\/wp-content\/uploads\/2024\/10\/smokerlyzer-range-300x300.png 300w, https:\/\/www.bedfont.com\/wp-content\/uploads\/2024\/10\/smokerlyzer-range-150x150.png 150w, https:\/\/www.bedfont.com\/wp-content\/uploads\/2024\/10\/smokerlyzer-range-768x768.png 768w\" sizes=\"auto, (max-width: 929px) 100vw, 929px\"\/><\/div>\n\t\t\t\t<div class=\"col-1\"><\/div>\n\t\t\t\t<div class=\"col-12 col-lg-6 my-auto\">\n\t\t\t\t\t<h2 class=\"text-left\">Smokerlyzer<sup>\u00ae<\/sup><\/h2>\n\t\t\t\t<p>Les produits de la gamme Smokerlyzer sont tous des appareils de mesure du monoxyde de carbone (CO) dans l&rsquo;haleine destin\u00e9s \u00e0 aider \u00e0 arr\u00eater de fumer. Les appareils mesurent la quantit\u00e9 de CO dans l&rsquo;haleine d&rsquo;un fumeur. Pour les professionnels, c&rsquo;est un moyen d&rsquo;\u00e9tablir biochimiquement le statut tabagique d&rsquo;une personne et pour les fumeurs eux-m\u00eames, le Smokerlyzer est une aide visuelle motivante pour les encourager \u00e0 arr\u00eater et \u00e0 mesurer leurs progr\u00e8s.  <\/p>\n\n\t\t\t\t\t<div class='button-box button-blue button-box-shadow'><a class='btn ' href='https:\/\/www.bedfont.com\/fr\/produits\/smokerlyzer\/' target=\"_self\">Plus d'informations<i class='fa fa-arrow-right ms-1' aria-hidden='true'><\/i><\/a><\/div>\n\t\t\t\t<\/div>\n\t\t\t<\/div>\n\t\t<\/div>\n\t<\/section><section class=\"two-column-style-5 bg-gradient-pink button-align-right module-24-two_column_image_text-3\" id=\"module-24-two_column_image_text-3\"><div class=\"container\">\n\t\t\t<div class=\"row \">\n\t\t\t\t<div class=\"col-12 col-lg-5\">\n\t\t\t\t\t<img width=\"1000\" height=\"995\" src=\"https:\/\/www.bedfont.com\/wp-content\/uploads\/2024\/10\/gastrolyzer-range.png\" class=\"img-fluid mb-5 mb-lg-0\" alt=\"\" decoding=\"async\" loading=\"lazy\" srcset=\"https:\/\/www.bedfont.com\/wp-content\/uploads\/2024\/10\/gastrolyzer-range.png 1000w, https:\/\/www.bedfont.com\/wp-content\/uploads\/2024\/10\/gastrolyzer-range-300x300.png 300w, https:\/\/www.bedfont.com\/wp-content\/uploads\/2024\/10\/gastrolyzer-range-150x150.png 150w, https:\/\/www.bedfont.com\/wp-content\/uploads\/2024\/10\/gastrolyzer-range-768x764.png 768w\" sizes=\"auto, (max-width: 1000px) 100vw, 1000px\"\/><\/div>\n\t\t\t\t<div class=\"col-1\"><\/div>\n\t\t\t\t<div class=\"col-12 col-lg-6 my-auto\">\n\t\t\t\t\t<h2 class=\"text-left\">Gastrolyzer<sup>\u00ae<\/sup><\/h2>\n\t\t\t\t<p>Contribuant \u00e0 la d\u00e9tection des troubles gastro-intestinaux, la gamme Gastrolyzer \u00ae propose des tests respiratoires \u00e0 l&rsquo;hydrog\u00e8ne pr\u00e9cis.<\/p>\n<p>La gamme Gastrolyzer est un ensemble de dispositifs m\u00e9dicaux con\u00e7us pour mesurer diff\u00e9rents gaz dans l&rsquo;haleine des patients \u00e0 des fins de diagnostic et de traitement de divers troubles gastro-intestinaux (GI).<\/p>\n\n\t\t\t\t\t<div class='button-box button-pink button-box-shadow'><a class='btn ' href='https:\/\/www.gastrolyzer.com\/' target=\"_blank\">Plus d'informations<i class='fa fa-arrow-right ms-1' aria-hidden='true'><\/i><\/a><\/div>\n\t\t\t\t<\/div>\n\t\t\t<\/div>\n\t\t<\/div>\n\t<\/section><section class=\"two-column-style-5 bg-gradient-red button-align-right module-24-two_column_image_text-4\" id=\"module-24-two_column_image_text-4\"><div class=\"container\">\n\t\t\t<div class=\"row \">\n\t\t\t\t<div class=\"col-12 col-lg-5\">\n\t\t\t\t\t<img width=\"773\" height=\"773\" src=\"https:\/\/www.bedfont.com\/wp-content\/uploads\/2024\/10\/medigas-range.png\" class=\"img-fluid mb-5 mb-lg-0\" alt=\"\" decoding=\"async\" loading=\"lazy\" srcset=\"https:\/\/www.bedfont.com\/wp-content\/uploads\/2024\/10\/medigas-range.png 773w, https:\/\/www.bedfont.com\/wp-content\/uploads\/2024\/10\/medigas-range-300x300.png 300w, https:\/\/www.bedfont.com\/wp-content\/uploads\/2024\/10\/medigas-range-150x150.png 150w, https:\/\/www.bedfont.com\/wp-content\/uploads\/2024\/10\/medigas-range-768x768.png 768w\" sizes=\"auto, (max-width: 773px) 100vw, 773px\"\/><\/div>\n\t\t\t\t<div class=\"col-1\"><\/div>\n\t\t\t\t<div class=\"col-12 col-lg-6 my-auto\">\n\t\t\t\t\t<h2 class=\"text-left\"> Medi-Gas Check<\/h2>\n\t\t\t\t<p>La gamme Medi-Gas Check est une suite de moniteurs de d\u00e9tection de gaz fixes et portables utilis\u00e9s pour v\u00e9rifier et valider la qualit\u00e9 et la quantit\u00e9 de gaz m\u00e9dical administr\u00e9 aux patients, depuis le local technique et les points de distribution jusqu&rsquo;au point de livraison au patient. La gamme est enti\u00e8rement conforme aux exigences des directives du gouvernement britannique sous la forme du Health Technical Memorandum (HTM) 02-01 et d&rsquo;autres lois pertinentes. <\/p>\n\n\t\t\t\t\t<div class='button-box button-red button-box-shadow'><a class='btn ' href='https:\/\/www.bedfont.com\/fr\/produits\/medi-gas-check\/' target=\"_self\">Plus d'informations<i class='fa fa-arrow-right ms-1' aria-hidden='true'><\/i><\/a><\/div>\n\t\t\t\t<\/div>\n\t\t\t<\/div>\n\t\t<\/div>\n\t<\/section><section class=\"two-column-style-5 bg-gradient-brown button-align-right module-24-two_column_image_text-5\" id=\"module-24-two_column_image_text-5\"><div class=\"container\">\n\t\t\t<div class=\"row \">\n\t\t\t\t<div class=\"col-12 col-lg-5\">\n\t\t\t\t\t<img width=\"1000\" height=\"1000\" src=\"https:\/\/www.bedfont.com\/wp-content\/uploads\/2024\/10\/celler8-1.png\" class=\"img-fluid mb-5 mb-lg-0\" alt=\"\" decoding=\"async\" loading=\"lazy\" srcset=\"https:\/\/www.bedfont.com\/wp-content\/uploads\/2024\/10\/celler8-1.png 1000w, https:\/\/www.bedfont.com\/wp-content\/uploads\/2024\/10\/celler8-1-300x300.png 300w, https:\/\/www.bedfont.com\/wp-content\/uploads\/2024\/10\/celler8-1-150x150.png 150w, https:\/\/www.bedfont.com\/wp-content\/uploads\/2024\/10\/celler8-1-768x768.png 768w\" sizes=\"auto, (max-width: 1000px) 100vw, 1000px\"\/><\/div>\n\t\t\t\t<div class=\"col-1\"><\/div>\n\t\t\t\t<div class=\"col-12 col-lg-6 my-auto\">\n\t\t\t\t\t<h2 class=\"text-left\"><\/h2>\n\t\t\t\t<p><img decoding=\"async\" src=\"https:\/\/www.bedfont.com\/wp-content\/themes\/bedfont\/assets\/img\/product-logos\/celler8-logo.png\" class=\"img-fluid celler8-logo\" alt=\"CELLER8 logo\" style=\"border-bottom-color: rgba(0, 0, 0, 0);\"\/><\/p>\n<p>Le CELLER8 g\u00e9n\u00e8re des champs \u00e9lectromagn\u00e9tiques puls\u00e9s (CEMP) jusqu&rsquo;\u00e0 90 cm de l&rsquo;appareil, ce qui permet de couvrir l&rsquo;ensemble du corps et de mani\u00e8re localis\u00e9e.<\/p>\n<p>La technologie CELLER8 vous permet \u00e9galement de contr\u00f4ler les principes fondamentaux de la th\u00e9rapie PEMF, notamment :<\/p>\n<ul><li>Intensit\u00e9<\/li>\n<li>Fr\u00e9quence<\/li>\n<li>Polarit\u00e9<\/li>\n<\/ul>\n\n\t\t\t\t\t<div class='button-box button-brown button-box-shadow'><a class='btn ' href='https:\/\/www.celler8.com\/' target=\"_blank\">Plus d'informations<i class='fa fa-arrow-right ms-1' aria-hidden='true'><\/i><\/a><\/div>\n\t\t\t\t<\/div>\n\t\t\t<\/div>\n\t\t<\/div>\n\t<\/section><section class=\"two-column-style-5 bg-gradient-blue button-align-right module-24-two_column_image_text-6\" id=\"module-24-two_column_image_text-6\"><div class=\"container\">\n\t\t\t<div class=\"row \">\n\t\t\t\t<div class=\"col-12 col-lg-5\">\n\t\t\t\t\t<img width=\"1000\" height=\"1000\" src=\"https:\/\/www.bedfont.com\/wp-content\/uploads\/2024\/10\/breathacise-1.png\" class=\"img-fluid mb-5 mb-lg-0\" alt=\"\" decoding=\"async\" loading=\"lazy\" srcset=\"https:\/\/www.bedfont.com\/wp-content\/uploads\/2024\/10\/breathacise-1.png 1000w, https:\/\/www.bedfont.com\/wp-content\/uploads\/2024\/10\/breathacise-1-300x300.png 300w, https:\/\/www.bedfont.com\/wp-content\/uploads\/2024\/10\/breathacise-1-150x150.png 150w, https:\/\/www.bedfont.com\/wp-content\/uploads\/2024\/10\/breathacise-1-768x768.png 768w\" sizes=\"auto, (max-width: 1000px) 100vw, 1000px\"\/><\/div>\n\t\t\t\t<div class=\"col-1\"><\/div>\n\t\t\t\t<div class=\"col-12 col-lg-6 my-auto\">\n\t\t\t\t\t<h2 class=\"text-left\"><\/h2>\n\t\t\t\t<p><img decoding=\"async\" src=\"https:\/\/www.bedfont.com\/wp-content\/themes\/bedfont\/assets\/img\/product-logos\/breathacise-logo.png\" class=\"img-fluid my-4 celler8-logo\" alt=\"Breathacise logo\" style=\"border-bottom-color: rgba(0, 0, 0, 0);\"\/><\/p>\n<p>Le spirom\u00e8tre Breathacise est un spirom\u00e8tre incitatif qui utilise un jeu de basket-ball pour exercer et aider \u00e0 am\u00e9liorer votre capacit\u00e9 et votre force respiratoires. Il le fait en vous aidant \u00e0 exercer votre capacit\u00e9 respiratoire gr\u00e2ce \u00e0 une respiration profonde. <\/p>\n<p>Le Breathacise est dot\u00e9 d&rsquo;un jeu de basket-ball int\u00e9gr\u00e9 pour encourager les exercices respiratoires. R\u00e9glez le panier de basket sur la cible souhait\u00e9e, inspirez et utilisez l&rsquo;indicateur pour assurer une inspiration profonde et r\u00e9guli\u00e8re jusqu&rsquo;\u00e0 ce que vous enfonciez le ballon dans le panier. <\/p>\n\n\t\t\t\t\t<div class='button-box button-blue button-box-shadow'><a class='btn ' href='https:\/\/www.breathacise.com\/' target=\"_blank\">Plus d'informations<i class='fa fa-arrow-right ms-1' aria-hidden='true'><\/i><\/a><\/div>\n\t\t\t\t<\/div>\n\t\t\t<\/div>\n\t\t<\/div>\n\t<\/section><section class=\"two-column-style-5 bg-gradient-dark-blue button-align-right module-24-two_column_image_text-7\" id=\"module-24-two_column_image_text-7\"><div class=\"container\">\n\t\t\t<div class=\"row \">\n\t\t\t\t<div class=\"col-12 col-lg-5\">\n\t\t\t\t\t<img width=\"444\" height=\"430\" src=\"https:\/\/www.bedfont.com\/wp-content\/uploads\/2025\/03\/SDK.png\" class=\"img-fluid mb-5 mb-lg-0\" alt=\"\" decoding=\"async\" loading=\"lazy\" srcset=\"https:\/\/www.bedfont.com\/wp-content\/uploads\/2025\/03\/SDK.png 444w, https:\/\/www.bedfont.com\/wp-content\/uploads\/2025\/03\/SDK-300x291.png 300w\" sizes=\"auto, (max-width: 444px) 100vw, 444px\"\/><\/div>\n\t\t\t\t<div class=\"col-1\"><\/div>\n\t\t\t\t<div class=\"col-12 col-lg-6 my-auto\">\n\t\t\t\t\t<h2 class=\"text-left\">Kits de d\u00e9veloppement logiciel<\/h2>\n\t\t\t\t<p>B\u00e9n\u00e9ficiez d&rsquo;une int\u00e9gration fluide de la biovalidation gr\u00e2ce aux SDK Bedfont\u00a0! Con\u00e7us pour les d\u00e9veloppeurs souhaitant int\u00e9grer un suivi m\u00e9dical pr\u00e9cis et des donn\u00e9es en temps r\u00e9el \u00e0 leurs applications, nos SDK offrent un lien direct vers les dispositifs m\u00e9dicaux de confiance de Bedfont. Que vous d\u00e9veloppiez une application pour la gestion de l&rsquo;asthme, le sevrage tabagique ou le bien-\u00eatre personnalis\u00e9, nos SDK offrent une connectivit\u00e9 s\u00e9curis\u00e9e, conforme et simple. Offrez \u00e0 vos utilisateurs la puissance d&rsquo;informations cliniques en quelques lignes de code seulement\u00a0; transformez votre application en solution sant\u00e9 d\u00e8s aujourd&rsquo;hui\u00a0!   <\/p>\n\n\t\t\t\t\t<div class='button-box button-blue button-box-shadow'><a class='btn ' href='https:\/\/www.bedfont.com\/fr\/sdk\/' target=\"_self\">Plus d'informations<i class='fa fa-arrow-right ms-1' aria-hidden='true'><\/i><\/a><\/div>\n\t\t\t\t<\/div>\n\t\t\t<\/div>\n\t\t<\/div>\n\t<\/section>","protected":false},"excerpt":{"rendered":"<p>Produits Bedfont\u00ae propose une large gamme d&rsquo;appareils d&rsquo;analyse de l&rsquo;haleine, tous dot\u00e9s d&rsquo;une utilisation unique. Notre expertise se refl\u00e8te dans la large gamme de produits que nous proposons &#8211; des appareils portables aux appareils de paillasse &#8211; qui peuvent \u00eatre utilis\u00e9s pour analyser l&rsquo;haleine des patients. NObreath\u00ae Le NObreath est un appareil FeNO qui peut [&hellip;]<\/p>\n","protected":false},"author":6,"featured_media":0,"parent":0,"menu_order":0,"comment_status":"closed","ping_status":"closed","template":"templates\/page-modules.php","meta":{"_acf_changed":false,"footnotes":""},"class_list":["post-3653","page","type-page","status-publish","hentry"],"acf":[],"yoast_head":"<!-- This site is optimized with the Yoast SEO plugin v27.4 - https:\/\/yoast.com\/product\/yoast-seo-wordpress\/ -->\n<title>Produits - Bedfont Scientific Ltd.<\/title>\n<meta name=\"description\" content=\"Bedfont\u00ae dispose d&#039;une large gamme d&#039;appareils d&#039;analyse de l&#039;haleine qui ont tous des utilisations uniques.\" \/>\n<meta name=\"robots\" content=\"index, follow, max-snippet:-1, max-image-preview:large, max-video-preview:-1\" \/>\n<link rel=\"canonical\" href=\"https:\/\/www.bedfont.com\/fr\/produits\/\" \/>\n<meta property=\"og:locale\" content=\"fr_FR\" \/>\n<meta property=\"og:type\" content=\"article\" \/>\n<meta property=\"og:title\" content=\"Produits - Bedfont Scientific Ltd.\" \/>\n<meta property=\"og:description\" content=\"Bedfont\u00ae dispose d&#039;une large gamme d&#039;appareils d&#039;analyse de l&#039;haleine qui ont tous des utilisations uniques.\" \/>\n<meta property=\"og:url\" content=\"https:\/\/www.bedfont.com\/fr\/produits\/\" \/>\n<meta property=\"og:site_name\" content=\"Bedfont Scientific Ltd.\" \/>\n<meta property=\"article:publisher\" content=\"https:\/\/www.facebook.com\/Bedfontltd\/\" \/>\n<meta property=\"article:modified_time\" content=\"2025-03-17T16:12:54+00:00\" \/>\n<meta property=\"og:image\" content=\"https:\/\/www.bedfont.com\/wp-content\/uploads\/2024\/10\/products.jpg\" \/>\n<meta name=\"twitter:card\" content=\"summary_large_image\" \/>\n<meta name=\"twitter:site\" content=\"@BedfontLtd\" \/>\n<meta name=\"twitter:label1\" content=\"Dur\u00e9e de lecture estim\u00e9e\" \/>\n\t<meta name=\"twitter:data1\" content=\"5 minutes\" \/>\n<script type=\"application\/ld+json\" class=\"yoast-schema-graph\">{\"@context\":\"https:\\\/\\\/schema.org\",\"@graph\":[{\"@type\":\"WebPage\",\"@id\":\"https:\\\/\\\/www.bedfont.com\\\/fr\\\/produits\\\/\",\"url\":\"https:\\\/\\\/www.bedfont.com\\\/fr\\\/produits\\\/\",\"name\":\"Produits - Bedfont Scientific Ltd.\",\"isPartOf\":{\"@id\":\"https:\\\/\\\/www.bedfont.com\\\/fr\\\/#website\"},\"primaryImageOfPage\":{\"@id\":\"https:\\\/\\\/www.bedfont.com\\\/fr\\\/produits\\\/#primaryimage\"},\"image\":{\"@id\":\"https:\\\/\\\/www.bedfont.com\\\/fr\\\/produits\\\/#primaryimage\"},\"thumbnailUrl\":\"https:\\\/\\\/www.bedfont.com\\\/wp-content\\\/uploads\\\/2024\\\/10\\\/products.jpg\",\"datePublished\":\"2022-07-06T14:45:46+00:00\",\"dateModified\":\"2025-03-17T16:12:54+00:00\",\"description\":\"Bedfont\u00ae dispose d'une large gamme d'appareils d'analyse de l'haleine qui ont tous des utilisations uniques.\",\"breadcrumb\":{\"@id\":\"https:\\\/\\\/www.bedfont.com\\\/fr\\\/produits\\\/#breadcrumb\"},\"inLanguage\":\"fr-FR\",\"potentialAction\":[{\"@type\":\"ReadAction\",\"target\":[\"https:\\\/\\\/www.bedfont.com\\\/fr\\\/produits\\\/\"]}]},{\"@type\":\"ImageObject\",\"inLanguage\":\"fr-FR\",\"@id\":\"https:\\\/\\\/www.bedfont.com\\\/fr\\\/produits\\\/#primaryimage\",\"url\":\"https:\\\/\\\/www.bedfont.com\\\/wp-content\\\/uploads\\\/2024\\\/10\\\/products.jpg\",\"contentUrl\":\"https:\\\/\\\/www.bedfont.com\\\/wp-content\\\/uploads\\\/2024\\\/10\\\/products.jpg\"},{\"@type\":\"BreadcrumbList\",\"@id\":\"https:\\\/\\\/www.bedfont.com\\\/fr\\\/produits\\\/#breadcrumb\",\"itemListElement\":[{\"@type\":\"ListItem\",\"position\":1,\"name\":\"Home\",\"item\":\"https:\\\/\\\/www.bedfont.com\\\/fr\\\/\"},{\"@type\":\"ListItem\",\"position\":2,\"name\":\"Produits\"}]},{\"@type\":\"WebSite\",\"@id\":\"https:\\\/\\\/www.bedfont.com\\\/fr\\\/#website\",\"url\":\"https:\\\/\\\/www.bedfont.com\\\/fr\\\/\",\"name\":\"Bedfont Scientific Ltd.\",\"description\":\"World leaders in breath analysis.\",\"publisher\":{\"@id\":\"https:\\\/\\\/www.bedfont.com\\\/fr\\\/#organization\"},\"potentialAction\":[{\"@type\":\"SearchAction\",\"target\":{\"@type\":\"EntryPoint\",\"urlTemplate\":\"https:\\\/\\\/www.bedfont.com\\\/fr\\\/?s={search_term_string}\"},\"query-input\":{\"@type\":\"PropertyValueSpecification\",\"valueRequired\":true,\"valueName\":\"search_term_string\"}}],\"inLanguage\":\"fr-FR\"},{\"@type\":\"Organization\",\"@id\":\"https:\\\/\\\/www.bedfont.com\\\/fr\\\/#organization\",\"name\":\"Bedfont Scientific Ltd.\",\"url\":\"https:\\\/\\\/www.bedfont.com\\\/fr\\\/\",\"logo\":{\"@type\":\"ImageObject\",\"inLanguage\":\"fr-FR\",\"@id\":\"https:\\\/\\\/www.bedfont.com\\\/fr\\\/#\\\/schema\\\/logo\\\/image\\\/\",\"url\":\"https:\\\/\\\/www.bedfont.com\\\/wp-content\\\/uploads\\\/2023\\\/06\\\/logo.png\",\"contentUrl\":\"https:\\\/\\\/www.bedfont.com\\\/wp-content\\\/uploads\\\/2023\\\/06\\\/logo.png\",\"width\":1600,\"height\":505,\"caption\":\"Bedfont Scientific Ltd.\"},\"image\":{\"@id\":\"https:\\\/\\\/www.bedfont.com\\\/fr\\\/#\\\/schema\\\/logo\\\/image\\\/\"},\"sameAs\":[\"https:\\\/\\\/www.facebook.com\\\/Bedfontltd\\\/\",\"https:\\\/\\\/x.com\\\/BedfontLtd\",\"https:\\\/\\\/www.instagram.com\\\/bedfontltd\\\/\",\"https:\\\/\\\/www.linkedin.com\\\/company\\\/bedfont-scientific-ltd\\\/\",\"https:\\\/\\\/www.youtube.com\\\/user\\\/BedfontScientificLtd\"]}]}<\/script>\n<!-- \/ Yoast SEO plugin. -->","yoast_head_json":{"title":"Produits - Bedfont Scientific Ltd.","description":"Bedfont\u00ae dispose d'une large gamme d'appareils d'analyse de l'haleine qui ont tous des utilisations uniques.","robots":{"index":"index","follow":"follow","max-snippet":"max-snippet:-1","max-image-preview":"max-image-preview:large","max-video-preview":"max-video-preview:-1"},"canonical":"https:\/\/www.bedfont.com\/fr\/produits\/","og_locale":"fr_FR","og_type":"article","og_title":"Produits - Bedfont Scientific Ltd.","og_description":"Bedfont\u00ae dispose d'une large gamme d'appareils d'analyse de l'haleine qui ont tous des utilisations uniques.","og_url":"https:\/\/www.bedfont.com\/fr\/produits\/","og_site_name":"Bedfont Scientific Ltd.","article_publisher":"https:\/\/www.facebook.com\/Bedfontltd\/","article_modified_time":"2025-03-17T16:12:54+00:00","og_image":[{"url":"https:\/\/www.bedfont.com\/wp-content\/uploads\/2024\/10\/products.jpg","type":"","width":"","height":""}],"twitter_card":"summary_large_image","twitter_site":"@BedfontLtd","twitter_misc":{"Dur\u00e9e de lecture estim\u00e9e":"5 minutes"},"schema":{"@context":"https:\/\/schema.org","@graph":[{"@type":"WebPage","@id":"https:\/\/www.bedfont.com\/fr\/produits\/","url":"https:\/\/www.bedfont.com\/fr\/produits\/","name":"Produits - Bedfont Scientific Ltd.","isPartOf":{"@id":"https:\/\/www.bedfont.com\/fr\/#website"},"primaryImageOfPage":{"@id":"https:\/\/www.bedfont.com\/fr\/produits\/#primaryimage"},"image":{"@id":"https:\/\/www.bedfont.com\/fr\/produits\/#primaryimage"},"thumbnailUrl":"https:\/\/www.bedfont.com\/wp-content\/uploads\/2024\/10\/products.jpg","datePublished":"2022-07-06T14:45:46+00:00","dateModified":"2025-03-17T16:12:54+00:00","description":"Bedfont\u00ae dispose d'une large gamme d'appareils d'analyse de l'haleine qui ont tous des utilisations uniques.","breadcrumb":{"@id":"https:\/\/www.bedfont.com\/fr\/produits\/#breadcrumb"},"inLanguage":"fr-FR","potentialAction":[{"@type":"ReadAction","target":["https:\/\/www.bedfont.com\/fr\/produits\/"]}]},{"@type":"ImageObject","inLanguage":"fr-FR","@id":"https:\/\/www.bedfont.com\/fr\/produits\/#primaryimage","url":"https:\/\/www.bedfont.com\/wp-content\/uploads\/2024\/10\/products.jpg","contentUrl":"https:\/\/www.bedfont.com\/wp-content\/uploads\/2024\/10\/products.jpg"},{"@type":"BreadcrumbList","@id":"https:\/\/www.bedfont.com\/fr\/produits\/#breadcrumb","itemListElement":[{"@type":"ListItem","position":1,"name":"Home","item":"https:\/\/www.bedfont.com\/fr\/"},{"@type":"ListItem","position":2,"name":"Produits"}]},{"@type":"WebSite","@id":"https:\/\/www.bedfont.com\/fr\/#website","url":"https:\/\/www.bedfont.com\/fr\/","name":"Bedfont Scientific Ltd.","description":"World leaders in breath analysis.","publisher":{"@id":"https:\/\/www.bedfont.com\/fr\/#organization"},"potentialAction":[{"@type":"SearchAction","target":{"@type":"EntryPoint","urlTemplate":"https:\/\/www.bedfont.com\/fr\/?s={search_term_string}"},"query-input":{"@type":"PropertyValueSpecification","valueRequired":true,"valueName":"search_term_string"}}],"inLanguage":"fr-FR"},{"@type":"Organization","@id":"https:\/\/www.bedfont.com\/fr\/#organization","name":"Bedfont Scientific Ltd.","url":"https:\/\/www.bedfont.com\/fr\/","logo":{"@type":"ImageObject","inLanguage":"fr-FR","@id":"https:\/\/www.bedfont.com\/fr\/#\/schema\/logo\/image\/","url":"https:\/\/www.bedfont.com\/wp-content\/uploads\/2023\/06\/logo.png","contentUrl":"https:\/\/www.bedfont.com\/wp-content\/uploads\/2023\/06\/logo.png","width":1600,"height":505,"caption":"Bedfont Scientific Ltd."},"image":{"@id":"https:\/\/www.bedfont.com\/fr\/#\/schema\/logo\/image\/"},"sameAs":["https:\/\/www.facebook.com\/Bedfontltd\/","https:\/\/x.com\/BedfontLtd","https:\/\/www.instagram.com\/bedfontltd\/","https:\/\/www.linkedin.com\/company\/bedfont-scientific-ltd\/","https:\/\/www.youtube.com\/user\/BedfontScientificLtd"]}]}},"_links":{"self":[{"href":"https:\/\/www.bedfont.com\/fr\/wp-json\/wp\/v2\/pages\/3653","targetHints":{"allow":["GET"]}}],"collection":[{"href":"https:\/\/www.bedfont.com\/fr\/wp-json\/wp\/v2\/pages"}],"about":[{"href":"https:\/\/www.bedfont.com\/fr\/wp-json\/wp\/v2\/types\/page"}],"author":[{"embeddable":true,"href":"https:\/\/www.bedfont.com\/fr\/wp-json\/wp\/v2\/users\/6"}],"replies":[{"embeddable":true,"href":"https:\/\/www.bedfont.com\/fr\/wp-json\/wp\/v2\/comments?post=3653"}],"version-history":[{"count":13,"href":"https:\/\/www.bedfont.com\/fr\/wp-json\/wp\/v2\/pages\/3653\/revisions"}],"predecessor-version":[{"id":8344,"href":"https:\/\/www.bedfont.com\/fr\/wp-json\/wp\/v2\/pages\/3653\/revisions\/8344"}],"wp:attachment":[{"href":"https:\/\/www.bedfont.com\/fr\/wp-json\/wp\/v2\/media?parent=3653"}],"curies":[{"name":"wp","href":"https:\/\/api.w.org\/{rel}","templated":true}]}}