{"id":3621,"date":"2023-04-06T08:13:17","date_gmt":"2023-04-06T08:13:17","guid":{"rendered":"https:\/\/bedfont.theprogressteam.com\/avis-de-confidentialite\/"},"modified":"2024-10-10T08:44:33","modified_gmt":"2024-10-10T08:44:33","slug":"avis-de-confidentialite","status":"publish","type":"page","link":"https:\/\/www.bedfont.com\/fr\/avis-de-confidentialite\/","title":{"rendered":"Avis de confidentialit\u00e9"},"content":{"rendered":"\n<h1 class=\"text-left\"><span class=\"blue-text\">Avis de confidentialit\u00e9 <\/span><\/h1>\n\n<p>Cet avis de confidentialit\u00e9 s&rsquo;applique \u00e0 vous, l&rsquo;utilisateur des sites web g\u00e9r\u00e9s par Bedfont Scientific Ltd. Bedfont Scientific Ltd, la soci\u00e9t\u00e9 qui poss\u00e8de et exploite ces sites web, accorde la priorit\u00e9 \u00e0 la confidentialit\u00e9 de vos informations. Cet avis r\u00e9git notre utilisation de toute donn\u00e9e collect\u00e9e par nous ou fournie par vous lors de l&rsquo;utilisation de ces sites web, ainsi que de toute donn\u00e9e collect\u00e9e lors d&rsquo;\u00e9v\u00e9nements, d&rsquo;expositions ou d&rsquo;autres interactions avec Bedfont Scientific Ltd.  <\/p>\n\n<p>Ces sites web sont les suivants<br\/><a href=\"https:\/\/www.bedfont.com\/\" target=\"_blank\" rel=\"noreferrer noopener\">www.bedfont.com<\/a><br\/><a href=\"https:\/\/www.nobreathfeno.com\/\" target=\"_blank\" rel=\"noreferrer noopener\">www.nobreathfeno.com<\/a><br\/><a href=\"https:\/\/www.gastrolyzer.com\/\" target=\"_blank\" rel=\"noreferrer noopener\">www.gastrolyzer.com<\/a><br\/><a href=\"https:\/\/www.bedfont-distributor.com\/\" target=\"_blank\" rel=\"noreferrer noopener\">www.bedfont-distributor.com<\/a><br\/><a href=\"https:\/\/www.icoquit.com\/\" target=\"_blank\" rel=\"noreferrer noopener\">www.icoquit.com<\/a><br\/><a href=\"https:\/\/www.toxco.com\/\" target=\"_blank\" rel=\"noreferrer noopener\">www.toxco.co.uk<\/a><br\/><a href=\"https:\/\/www.fenobreath.bedfont.com\/\" target=\"_blank\" rel=\"noreferrer noopener\">www.fenobreath.bedfont.com<\/a><br\/><a href=\"https:\/\/www.breathacise.com\/\" target=\"_blank\" rel=\"noreferrer noopener\">www.breathacise.com<\/a><br\/><a href=\"https:\/\/resources.bedfont.com\/\" target=\"_blank\" rel=\"noreferrer noopener\">resources.bedfont.com<\/a><\/p>\n\n<h2 class=\"wp-block-heading\">D\u00e9finitions<\/h2>\n\n<p><strong>Donn\u00e9es <\/strong> : Toutes les informations soumises \u00e0 Bedfont<sup>\u00ae <\/sup> Scientific Ltd. par l&rsquo;interm\u00e9diaire de l&rsquo;un des sites web \u00e9num\u00e9r\u00e9s ci-dessus.<br\/><strong>Cookies<\/strong> : Petits fichiers texte plac\u00e9s sur votre ordinateur par l&rsquo;un des sites Web susmentionn\u00e9s.<br\/><strong>Lois sur la protection des donn\u00e9es<\/strong> : Toute loi applicable au traitement des donn\u00e9es \u00e0 caract\u00e8re personnel.<br\/><strong>GDPR<\/strong> : Le r\u00e8glement g\u00e9n\u00e9ral sur la protection des donn\u00e9es (UE) 2016\/679.<br\/><strong>Bedfont<sup>\u00ae<\/sup> Scientific Ltd, nous, ou nous<\/strong> : Bedfont<sup>\u00ae<\/sup> Scientific Ltd, une soci\u00e9t\u00e9 constitu\u00e9e en Angleterre et au Pays de Galles.<br\/><strong>Utilisateur ou vous : <\/strong> Tout tiers acc\u00e9dant \u00e0 l&rsquo;un des sites web \u00e9num\u00e9r\u00e9s ci-dessus.<br\/><strong>Site web<\/strong> : Le site web que vous utilisiez avant d&rsquo;\u00eatre redirig\u00e9 vers www.bedfont.com. Ou, ce site web. <\/p>\n\n<h2 class=\"wp-block-heading\">Champ d&rsquo;application<\/h2>\n\n<p>Cet avis de confidentialit\u00e9 s&rsquo;applique uniquement aux actions de Bedfont<sup>\u00ae<\/sup> Scientific Ltd. et des utilisateurs concernant ce site web et tout autre site web que nous poss\u00e9dons ou exploitons, \u00e0 l&rsquo;exclusion des sites web de m\u00e9dias sociaux. Pour toute information concernant les pratiques en mati\u00e8re de confidentialit\u00e9 sur les sites web des m\u00e9dias sociaux ou tout autre site web de tiers, veuillez vous r\u00e9f\u00e9rer aux politiques de confidentialit\u00e9 respectives de ces sites web. <\/p>\n\n<h2 class=\"wp-block-heading\">Collecte de donn\u00e9es<\/h2>\n\n<p>Nous pouvons collecter les donn\u00e9es suivantes aupr\u00e8s de vous :<\/p>\n\n<ul class=\"wp-block-list\">\n<li>Nom<\/li>\n\n\n\n<li>Informations de contact (adresses \u00e9lectroniques et num\u00e9ros de t\u00e9l\u00e9phone)<\/li>\n\n\n\n<li>Informations sur l&rsquo;entreprise (nom, fonction et adresse)<\/li>\n\n\n\n<li>Informations d\u00e9mographiques (code postal, pr\u00e9f\u00e9rences et int\u00e9r\u00eats)<\/li>\n\n\n\n<li>Adresse IP, type et version du navigateur web<\/li>\n\n\n\n<li>les URL, votre activit\u00e9 sur ce site web et les sites vers lesquels vous sortez<\/li>\n\n\n\n<li>Vues des vid\u00e9os int\u00e9gr\u00e9es<\/li>\n<\/ul>\n\n<p>Outre les donn\u00e9es collect\u00e9es directement aupr\u00e8s de vous, nous pouvons \u00e9galement utiliser des outils tiers tels que HubSpot pour suivre les informations relatives \u00e0 votre interaction avec notre site web. Il peut s&rsquo;agir d&rsquo;informations telles que les pages consult\u00e9es, les clics, les soumissions de formulaires. <\/p>\n\n<h2 class=\"wp-block-heading\">Comment les donn\u00e9es sont-elles collect\u00e9es ?<\/h2>\n\n<p>Les donn\u00e9es sont collect\u00e9es de la mani\u00e8re suivante :<\/p>\n\n<ul class=\"wp-block-list\">\n<li>Fournies par vous (par le biais de diff\u00e9rents canaux, y compris l&rsquo;interaction en ligne sur nos sites web et la participation \u00e0 des \u00e9v\u00e9nements, des expositions ou d&rsquo;autres interactions hors ligne organis\u00e9es par Bedfont<sup>\u00ae<\/sup> ou auxquelles il assiste).<\/li>\n\n\n\n<li>Recueillies automatiquement lors de l&rsquo;interaction avec notre site web (adresse IP, type et version du navigateur web, URL visit\u00e9es, activit\u00e9 sur notre site web et sites vers lesquels vous sortez)<\/li>\n<\/ul>\n\n<h2 class=\"wp-block-heading\">Utilisation des donn\u00e9es<\/h2>\n\n<p>Vos donn\u00e9es peuvent \u00eatre utilis\u00e9es pour :<\/p>\n\n<ul class=\"wp-block-list\">\n<li>Tenue de registres internes (enregistrement de vos interactions avec notre site web et nos produits\/services)<\/li>\n\n\n\n<li>Am\u00e9liorer nos produits\/services (analyser les donn\u00e9es pour comprendre les pr\u00e9f\u00e9rences et le comportement des utilisateurs afin d&rsquo;am\u00e9liorer leur exp\u00e9rience)<\/li>\n\n\n\n<li>Communications marketing sur nos produits ou \u00e9v\u00e9nements (envoi de communications marketing sur nos produits, services ou \u00e9v\u00e9nements, uniquement avec votre consentement)<\/li>\n\n\n\n<li>Personnalisation ou mise \u00e0 jour du site web (vos donn\u00e9es seront utilis\u00e9es pour am\u00e9liorer les performances de notre site web, car nous analysons les donn\u00e9es relatives \u00e0 l&rsquo;utilisation du site web).<\/li>\n<\/ul>\n\n<h2 class=\"wp-block-heading\">Partage des donn\u00e9es<\/h2>\n\n<p>Nous pouvons partager vos donn\u00e9es avec<\/p>\n\n<ul class=\"wp-block-list\">\n<li>Nos employ\u00e9s, agents et\/ou conseillers professionnels (pour l&rsquo;envoi de mat\u00e9riel de marketing et l&rsquo;obtention de conseils de la part de conseillers professionnels)<\/li>\n\n\n\n<li>Nos distributeurs<\/li>\n<\/ul>\n\n<h2 class=\"wp-block-heading\">S\u00e9curit\u00e9 des donn\u00e9es<\/h2>\n\n<p>Nous utilisons des mesures techniques et organisationnelles pour prot\u00e9ger vos donn\u00e9es. Ces mesures comprennent le stockage des donn\u00e9es sur des serveurs s\u00e9curis\u00e9s et la mani\u00e8re dont nous traitons toute violation pr\u00e9sum\u00e9e des donn\u00e9es. Si vous soup\u00e7onnez une utilisation abusive, une perte ou un acc\u00e8s non autoris\u00e9 \u00e0 vos donn\u00e9es, veuillez nous en informer imm\u00e9diatement en nous contactant \u00e0 l&rsquo;adresse <a href=\"\" title=\"\">ask@bedfont.com<\/a>.  <\/p>\n\n<h2 class=\"wp-block-heading\">Conservation des donn\u00e9es<\/h2>\n\n<p>Conform\u00e9ment \u00e0 notre politique GDPR, vos donn\u00e9es seront conserv\u00e9es pendant un maximum de 3 ans s&rsquo;il n&rsquo;y a pas d&rsquo;activit\u00e9 ou d&rsquo;interaction avec nous pendant cette p\u00e9riode. Si vous continuez \u00e0 vous engager avec nous, nous conserverons vos donn\u00e9es jusqu&rsquo;\u00e0 ce que vous demandiez leur suppression ou que vous vous d\u00e9sengagiez pendant 3 ans. <\/p>\n\n<h2 class=\"wp-block-heading\">Vos droits<\/h2>\n\n<p>Vous disposez d&rsquo;un droit d&rsquo;acc\u00e8s, de rectification, d&rsquo;effacement, de limitation d&rsquo;utilisation, de portabilit\u00e9 et d&rsquo;opposition \u00e0 l&rsquo;utilisation de vos donn\u00e9es. Pour exercer ces droits ou retirer votre consentement, contactez-nous \u00e0 l&rsquo;adresse suivante : <a href=\"\" title=\"\">ask@bedfont.com.<\/a> <\/p>\n\n<h2 class=\"wp-block-heading\">Liens vers d&rsquo;autres sites web<\/h2>\n\n<p>Ce site web peut fournir des liens vers des sites web de tiers. Nous n&rsquo;avons aucun contr\u00f4le sur ces sites web et ne sommes pas responsables de leurs pratiques en mati\u00e8re de confidentialit\u00e9. Cet avis de confidentialit\u00e9 s&rsquo;applique uniquement aux actions de Bedfont<sup>\u00ae<\/sup> Scientific Ltd. et des utilisateurs concernant ce site web et tout autre site web d\u00e9tenu ou exploit\u00e9 par Bedfont<sup>\u00ae<\/sup>, \u00e0 l&rsquo;exclusion des sites web de m\u00e9dias sociaux.  <\/p>\n\n<h2 class=\"wp-block-heading\">Modifications du pr\u00e9sent avis de confidentialit\u00e9<\/h2>\n\n<p>Bedfont<sup>\u00ae<\/sup> Scientific Ltd. se r\u00e9serve le droit de modifier cet avis de confidentialit\u00e9 si n\u00e9cessaire. Toute modification sera publi\u00e9e sur le site web. <\/p>\n\n<p><strong>Mise \u00e0 jour : Mars 2024<\/strong><\/p>\n","protected":false},"excerpt":{"rendered":"<p>Avis de confidentialit\u00e9 Cet avis de confidentialit\u00e9 s&rsquo;applique \u00e0 vous, l&rsquo;utilisateur des sites web g\u00e9r\u00e9s par Bedfont Scientific Ltd. Bedfont Scientific Ltd, la soci\u00e9t\u00e9 qui poss\u00e8de et exploite ces sites web, accorde la priorit\u00e9 \u00e0 la confidentialit\u00e9 de vos informations. Cet avis r\u00e9git notre utilisation de toute donn\u00e9e collect\u00e9e par nous ou fournie par vous [&hellip;]<\/p>\n","protected":false},"author":6,"featured_media":0,"parent":0,"menu_order":0,"comment_status":"closed","ping_status":"closed","template":"templates\/page-gutenberg.php","meta":{"_acf_changed":false,"footnotes":""},"class_list":["post-3621","page","type-page","status-publish","hentry"],"acf":[],"yoast_head":"<!-- This site is optimized with the Yoast SEO plugin v27.5 - https:\/\/yoast.com\/product\/yoast-seo-wordpress\/ -->\n<title>Avis de confidentialit\u00e9 - Bedfont Scientific Ltd.<\/title>\n<meta name=\"description\" content=\"Cet avis de confidentialit\u00e9 s&#039;applique \u00e0 vous, l&#039;utilisateur des sites web g\u00e9r\u00e9s par Bedfont Scientific Ltd. Bedfont Scientific Ltd, la soci\u00e9t\u00e9 qui poss\u00e8de et exploite ces sites web, accorde la priorit\u00e9 \u00e0 la confidentialit\u00e9 de vos informations.\" \/>\n<meta name=\"robots\" content=\"index, follow, max-snippet:-1, max-image-preview:large, max-video-preview:-1\" \/>\n<link rel=\"canonical\" href=\"https:\/\/www.bedfont.com\/fr\/avis-de-confidentialite\/\" \/>\n<meta property=\"og:locale\" content=\"fr_FR\" \/>\n<meta property=\"og:type\" content=\"article\" \/>\n<meta property=\"og:title\" content=\"Avis de confidentialit\u00e9 - Bedfont Scientific Ltd.\" \/>\n<meta property=\"og:description\" content=\"Cet avis de confidentialit\u00e9 s&#039;applique \u00e0 vous, l&#039;utilisateur des sites web g\u00e9r\u00e9s par Bedfont Scientific Ltd. Bedfont Scientific Ltd, la soci\u00e9t\u00e9 qui poss\u00e8de et exploite ces sites web, accorde la priorit\u00e9 \u00e0 la confidentialit\u00e9 de vos informations.\" \/>\n<meta property=\"og:url\" content=\"https:\/\/www.bedfont.com\/fr\/avis-de-confidentialite\/\" \/>\n<meta property=\"og:site_name\" content=\"Bedfont Scientific Ltd.\" \/>\n<meta property=\"article:publisher\" content=\"https:\/\/www.facebook.com\/Bedfontltd\/\" \/>\n<meta property=\"article:modified_time\" content=\"2024-10-10T08:44:33+00:00\" \/>\n<meta name=\"twitter:card\" content=\"summary_large_image\" \/>\n<meta name=\"twitter:site\" content=\"@BedfontLtd\" \/>\n<meta name=\"twitter:label1\" content=\"Dur\u00e9e de lecture estim\u00e9e\" \/>\n\t<meta name=\"twitter:data1\" content=\"5 minutes\" \/>\n<script type=\"application\/ld+json\" class=\"yoast-schema-graph\">{\"@context\":\"https:\\\/\\\/schema.org\",\"@graph\":[{\"@type\":\"WebPage\",\"@id\":\"https:\\\/\\\/www.bedfont.com\\\/fr\\\/avis-de-confidentialite\\\/\",\"url\":\"https:\\\/\\\/www.bedfont.com\\\/fr\\\/avis-de-confidentialite\\\/\",\"name\":\"Avis de confidentialit\u00e9 - Bedfont Scientific Ltd.\",\"isPartOf\":{\"@id\":\"https:\\\/\\\/www.bedfont.com\\\/fr\\\/#website\"},\"datePublished\":\"2023-04-06T08:13:17+00:00\",\"dateModified\":\"2024-10-10T08:44:33+00:00\",\"description\":\"Cet avis de confidentialit\u00e9 s'applique \u00e0 vous, l'utilisateur des sites web g\u00e9r\u00e9s par Bedfont Scientific Ltd. Bedfont Scientific Ltd, la soci\u00e9t\u00e9 qui poss\u00e8de et exploite ces sites web, accorde la priorit\u00e9 \u00e0 la confidentialit\u00e9 de vos informations.\",\"breadcrumb\":{\"@id\":\"https:\\\/\\\/www.bedfont.com\\\/fr\\\/avis-de-confidentialite\\\/#breadcrumb\"},\"inLanguage\":\"fr-FR\",\"potentialAction\":[{\"@type\":\"ReadAction\",\"target\":[\"https:\\\/\\\/www.bedfont.com\\\/fr\\\/avis-de-confidentialite\\\/\"]}]},{\"@type\":\"BreadcrumbList\",\"@id\":\"https:\\\/\\\/www.bedfont.com\\\/fr\\\/avis-de-confidentialite\\\/#breadcrumb\",\"itemListElement\":[{\"@type\":\"ListItem\",\"position\":1,\"name\":\"Home\",\"item\":\"https:\\\/\\\/www.bedfont.com\\\/fr\\\/\"},{\"@type\":\"ListItem\",\"position\":2,\"name\":\"Avis de confidentialit\u00e9\"}]},{\"@type\":\"WebSite\",\"@id\":\"https:\\\/\\\/www.bedfont.com\\\/fr\\\/#website\",\"url\":\"https:\\\/\\\/www.bedfont.com\\\/fr\\\/\",\"name\":\"Bedfont Scientific Ltd.\",\"description\":\"World leaders in breath analysis.\",\"potentialAction\":[{\"@type\":\"SearchAction\",\"target\":{\"@type\":\"EntryPoint\",\"urlTemplate\":\"https:\\\/\\\/www.bedfont.com\\\/fr\\\/?s={search_term_string}\"},\"query-input\":{\"@type\":\"PropertyValueSpecification\",\"valueRequired\":true,\"valueName\":\"search_term_string\"}}],\"inLanguage\":\"fr-FR\"}]}<\/script>\n<!-- \/ Yoast SEO plugin. -->","yoast_head_json":{"title":"Avis de confidentialit\u00e9 - Bedfont Scientific Ltd.","description":"Cet avis de confidentialit\u00e9 s'applique \u00e0 vous, l'utilisateur des sites web g\u00e9r\u00e9s par Bedfont Scientific Ltd. Bedfont Scientific Ltd, la soci\u00e9t\u00e9 qui poss\u00e8de et exploite ces sites web, accorde la priorit\u00e9 \u00e0 la confidentialit\u00e9 de vos informations.","robots":{"index":"index","follow":"follow","max-snippet":"max-snippet:-1","max-image-preview":"max-image-preview:large","max-video-preview":"max-video-preview:-1"},"canonical":"https:\/\/www.bedfont.com\/fr\/avis-de-confidentialite\/","og_locale":"fr_FR","og_type":"article","og_title":"Avis de confidentialit\u00e9 - Bedfont Scientific Ltd.","og_description":"Cet avis de confidentialit\u00e9 s'applique \u00e0 vous, l'utilisateur des sites web g\u00e9r\u00e9s par Bedfont Scientific Ltd. Bedfont Scientific Ltd, la soci\u00e9t\u00e9 qui poss\u00e8de et exploite ces sites web, accorde la priorit\u00e9 \u00e0 la confidentialit\u00e9 de vos informations.","og_url":"https:\/\/www.bedfont.com\/fr\/avis-de-confidentialite\/","og_site_name":"Bedfont Scientific Ltd.","article_publisher":"https:\/\/www.facebook.com\/Bedfontltd\/","article_modified_time":"2024-10-10T08:44:33+00:00","twitter_card":"summary_large_image","twitter_site":"@BedfontLtd","twitter_misc":{"Dur\u00e9e de lecture estim\u00e9e":"5 minutes"},"schema":{"@context":"https:\/\/schema.org","@graph":[{"@type":"WebPage","@id":"https:\/\/www.bedfont.com\/fr\/avis-de-confidentialite\/","url":"https:\/\/www.bedfont.com\/fr\/avis-de-confidentialite\/","name":"Avis de confidentialit\u00e9 - Bedfont Scientific Ltd.","isPartOf":{"@id":"https:\/\/www.bedfont.com\/fr\/#website"},"datePublished":"2023-04-06T08:13:17+00:00","dateModified":"2024-10-10T08:44:33+00:00","description":"Cet avis de confidentialit\u00e9 s'applique \u00e0 vous, l'utilisateur des sites web g\u00e9r\u00e9s par Bedfont Scientific Ltd. Bedfont Scientific Ltd, la soci\u00e9t\u00e9 qui poss\u00e8de et exploite ces sites web, accorde la priorit\u00e9 \u00e0 la confidentialit\u00e9 de vos informations.","breadcrumb":{"@id":"https:\/\/www.bedfont.com\/fr\/avis-de-confidentialite\/#breadcrumb"},"inLanguage":"fr-FR","potentialAction":[{"@type":"ReadAction","target":["https:\/\/www.bedfont.com\/fr\/avis-de-confidentialite\/"]}]},{"@type":"BreadcrumbList","@id":"https:\/\/www.bedfont.com\/fr\/avis-de-confidentialite\/#breadcrumb","itemListElement":[{"@type":"ListItem","position":1,"name":"Home","item":"https:\/\/www.bedfont.com\/fr\/"},{"@type":"ListItem","position":2,"name":"Avis de confidentialit\u00e9"}]},{"@type":"WebSite","@id":"https:\/\/www.bedfont.com\/fr\/#website","url":"https:\/\/www.bedfont.com\/fr\/","name":"Bedfont Scientific Ltd.","description":"World leaders in breath analysis.","potentialAction":[{"@type":"SearchAction","target":{"@type":"EntryPoint","urlTemplate":"https:\/\/www.bedfont.com\/fr\/?s={search_term_string}"},"query-input":{"@type":"PropertyValueSpecification","valueRequired":true,"valueName":"search_term_string"}}],"inLanguage":"fr-FR"}]}},"_links":{"self":[{"href":"https:\/\/www.bedfont.com\/fr\/wp-json\/wp\/v2\/pages\/3621","targetHints":{"allow":["GET"]}}],"collection":[{"href":"https:\/\/www.bedfont.com\/fr\/wp-json\/wp\/v2\/pages"}],"about":[{"href":"https:\/\/www.bedfont.com\/fr\/wp-json\/wp\/v2\/types\/page"}],"author":[{"embeddable":true,"href":"https:\/\/www.bedfont.com\/fr\/wp-json\/wp\/v2\/users\/6"}],"replies":[{"embeddable":true,"href":"https:\/\/www.bedfont.com\/fr\/wp-json\/wp\/v2\/comments?post=3621"}],"version-history":[{"count":2,"href":"https:\/\/www.bedfont.com\/fr\/wp-json\/wp\/v2\/pages\/3621\/revisions"}],"predecessor-version":[{"id":6711,"href":"https:\/\/www.bedfont.com\/fr\/wp-json\/wp\/v2\/pages\/3621\/revisions\/6711"}],"wp:attachment":[{"href":"https:\/\/www.bedfont.com\/fr\/wp-json\/wp\/v2\/media?parent=3621"}],"curies":[{"name":"wp","href":"https:\/\/api.w.org\/{rel}","templated":true}]}}