{"id":3605,"date":"2022-07-06T14:45:21","date_gmt":"2022-07-06T14:45:21","guid":{"rendered":"https:\/\/bedfont.theprogressteam.com\/notre-eco-stance\/"},"modified":"2024-10-08T07:39:45","modified_gmt":"2024-10-08T07:39:45","slug":"notre-eco-stance","status":"publish","type":"page","link":"https:\/\/www.bedfont.com\/fr\/notre-eco-stance\/","title":{"rendered":"Notre Eco Stance"},"content":{"rendered":"<section id=\"eco-section\">\n\t\t<img decoding=\"async\" src=\"https:\/\/www.bedfont.com\/wp-content\/uploads\/2024\/10\/eco-planet.png\" id=\"eco-planet\"\/>\n\t \t<div class=\"container\">\n\t\t\t<div class=\"row\">\n\t\t\t\t<div class=\"col-12 col-lg-7\">\n\t\t\t\t\t<h1 class=\"eco\">La position \u00e9cologique de Bedfont<sup>\u00ae<\/sup><\/h1>\n\t\t\t\t\t<p>Nous travaillons avec des fournisseurs locaux et des entreprises qui s&rsquo;engagent en faveur du d\u00e9veloppement durable, et nous utilisons des mat\u00e9riaux recycl\u00e9s dans tous nos produits, dans la mesure du possible. Nous utilisons des emballages respectueux de l&rsquo;environnement, des sources d&rsquo;\u00e9nergie durables et limitons notre production de d\u00e9chets dans la mesure du possible. <\/p>\n<h2 class=\"eco\">Ce que <span class=\"green-text\">nous faisons<\/span><\/h2>\n<p>Nous avons toujours \u00e9t\u00e9 conscients de notre empreinte carbone et, aujourd&rsquo;hui plus que jamais, nous trouvons des moyens d&rsquo;avoir un impact moins n\u00e9gatif sur l&rsquo;environnement.<\/p>\n<p>Nous travaillons avec des fournisseurs locaux et des entreprises engag\u00e9es dans le d\u00e9veloppement durable, et nous utilisons des mat\u00e9riaux recycl\u00e9s dans la majorit\u00e9 de nos produits. Nous utilisons des emballages \u00e9cologiques, des sources d&rsquo;\u00e9nergie durables et limitons notre production de d\u00e9chets dans la mesure du possible. Nous sommes convaincus que peu importe l&rsquo;effort que vous faites pour adopter un mode de vie plus \u00e9cologique, chaque petit geste compte !  <\/p>\n\n                    \n\t\t\t\t<\/div>\n\t\t\t<\/div>\n\t\t<\/div>\n\t<\/section><section class=\"text-section text-left\" style=\"--color: var(--green)\">\n\t<div class=\"container\">\n\t<h2 class=\"text-center\"><\/h2>\n\t\t\t\t<div class=\"row\">\n<div class=\"col-12 my-4\">\n<h2 class=\"eco\">Notre #EcoResolution<\/h2>\n<p>Nous sommes fiers d&rsquo;annoncer notre #EcoR\u00e9solution visant \u00e0 rendre tous nos consommables \u00e9cologiques d&rsquo;ici 2025. Il s&rsquo;agit non seulement de changer les mat\u00e9riaux dont sont faits nos consommables, mais aussi d&rsquo;apporter des changements tout au long de leur dur\u00e9e de production pour r\u00e9duire notre impact sur le climat, notamment en s&rsquo;approvisionnant en nouveaux mat\u00e9riaux \u00e9cologiques \u00e0 partir de ressources durables. <\/p>\n<\/div>\n<div class=\"col-12 col-lg-10 my-auto\">\n<h2 class=\"eco\" id=\"eco\">Nos \u00e9co-guerriers<\/h2>\n<p class=\"mb-0\">Dans le cadre de notre #EcoResolution pour \u00eatre plus respectueux de l&rsquo;environnement, nous avons mis en place des Eco-Warriors d\u00e9di\u00e9s qui aideront \u00e0 innover au sein de l&rsquo;entreprise pour r\u00e9duire notre empreinte carbone, mais aussi pour sensibiliser aux changements, m\u00eame les plus petits, qui peuvent faire une \u00e9norme r\u00e9duction de notre empreinte carbone.<\/p>\n<\/div>\n<div class=\"col-12 col-lg-2 my-auto\">\n\t\t\t\t\t<img decoding=\"async\" src=\"https:\/\/www.bedfont.com\/wp-content\/themes\/bedfont\/assets\/img\/eco-warrior-logo.png\" class=\"img-fluid mx-auto d-none d-lg-block eco-warrior-logo\" alt=\"Eco Warrior logo\"\/>\n\t\t\t\t<\/div>\n<\/div>\n\n\t<\/div>\n<\/section>","protected":false},"excerpt":{"rendered":"<p>La position \u00e9cologique de Bedfont\u00ae Nous travaillons avec des fournisseurs locaux et des entreprises qui s&rsquo;engagent en faveur du d\u00e9veloppement durable, et nous utilisons des mat\u00e9riaux recycl\u00e9s dans tous nos produits, dans la mesure du possible. Nous utilisons des emballages respectueux de l&rsquo;environnement, des sources d&rsquo;\u00e9nergie durables et limitons notre production de d\u00e9chets dans la [&hellip;]<\/p>\n","protected":false},"author":6,"featured_media":0,"parent":0,"menu_order":0,"comment_status":"closed","ping_status":"closed","template":"templates\/page-modules.php","meta":{"_acf_changed":false,"footnotes":""},"class_list":["post-3605","page","type-page","status-publish","hentry"],"acf":[],"yoast_head":"<!-- This site is optimized with the Yoast SEO plugin v27.5 - https:\/\/yoast.com\/product\/yoast-seo-wordpress\/ -->\n<title>Notre Eco Stance - Bedfont Scientific Ltd.<\/title>\n<meta name=\"description\" content=\"Nous travaillons avec des fournisseurs locaux et des entreprises qui s&#039;engagent en faveur du d\u00e9veloppement durable, et nous utilisons des mat\u00e9riaux recycl\u00e9s dans tous nos produits, dans la mesure du possible.\" \/>\n<meta name=\"robots\" content=\"index, follow, max-snippet:-1, max-image-preview:large, max-video-preview:-1\" \/>\n<link rel=\"canonical\" href=\"https:\/\/www.bedfont.com\/fr\/notre-eco-stance\/\" \/>\n<meta property=\"og:locale\" content=\"fr_FR\" \/>\n<meta property=\"og:type\" content=\"article\" \/>\n<meta property=\"og:title\" content=\"Notre Eco Stance - Bedfont Scientific Ltd.\" \/>\n<meta property=\"og:description\" content=\"Nous travaillons avec des fournisseurs locaux et des entreprises qui s&#039;engagent en faveur du d\u00e9veloppement durable, et nous utilisons des mat\u00e9riaux recycl\u00e9s dans tous nos produits, dans la mesure du possible.\" \/>\n<meta property=\"og:url\" content=\"https:\/\/www.bedfont.com\/fr\/notre-eco-stance\/\" \/>\n<meta property=\"og:site_name\" content=\"Bedfont Scientific Ltd.\" \/>\n<meta property=\"article:publisher\" content=\"https:\/\/www.facebook.com\/Bedfontltd\/\" \/>\n<meta property=\"article:modified_time\" content=\"2024-10-08T07:39:45+00:00\" \/>\n<meta property=\"og:image\" content=\"https:\/\/www.bedfont.com\/wp-content\/uploads\/2024\/10\/eco-planet.png\" \/>\n<meta name=\"twitter:card\" content=\"summary_large_image\" \/>\n<meta name=\"twitter:site\" content=\"@BedfontLtd\" \/>\n<meta name=\"twitter:label1\" content=\"Dur\u00e9e de lecture estim\u00e9e\" \/>\n\t<meta name=\"twitter:data1\" content=\"2 minutes\" \/>\n<script type=\"application\/ld+json\" class=\"yoast-schema-graph\">{\"@context\":\"https:\\\/\\\/schema.org\",\"@graph\":[{\"@type\":\"WebPage\",\"@id\":\"https:\\\/\\\/www.bedfont.com\\\/fr\\\/notre-eco-stance\\\/\",\"url\":\"https:\\\/\\\/www.bedfont.com\\\/fr\\\/notre-eco-stance\\\/\",\"name\":\"Notre Eco Stance - Bedfont Scientific Ltd.\",\"isPartOf\":{\"@id\":\"https:\\\/\\\/www.bedfont.com\\\/fr\\\/#website\"},\"primaryImageOfPage\":{\"@id\":\"https:\\\/\\\/www.bedfont.com\\\/fr\\\/notre-eco-stance\\\/#primaryimage\"},\"image\":{\"@id\":\"https:\\\/\\\/www.bedfont.com\\\/fr\\\/notre-eco-stance\\\/#primaryimage\"},\"thumbnailUrl\":\"https:\\\/\\\/www.bedfont.com\\\/wp-content\\\/uploads\\\/2024\\\/10\\\/eco-planet.png\",\"datePublished\":\"2022-07-06T14:45:21+00:00\",\"dateModified\":\"2024-10-08T07:39:45+00:00\",\"description\":\"Nous travaillons avec des fournisseurs locaux et des entreprises qui s'engagent en faveur du d\u00e9veloppement durable, et nous utilisons des mat\u00e9riaux recycl\u00e9s dans tous nos produits, dans la mesure du possible.\",\"breadcrumb\":{\"@id\":\"https:\\\/\\\/www.bedfont.com\\\/fr\\\/notre-eco-stance\\\/#breadcrumb\"},\"inLanguage\":\"fr-FR\",\"potentialAction\":[{\"@type\":\"ReadAction\",\"target\":[\"https:\\\/\\\/www.bedfont.com\\\/fr\\\/notre-eco-stance\\\/\"]}]},{\"@type\":\"ImageObject\",\"inLanguage\":\"fr-FR\",\"@id\":\"https:\\\/\\\/www.bedfont.com\\\/fr\\\/notre-eco-stance\\\/#primaryimage\",\"url\":\"https:\\\/\\\/www.bedfont.com\\\/wp-content\\\/uploads\\\/2024\\\/10\\\/eco-planet.png\",\"contentUrl\":\"https:\\\/\\\/www.bedfont.com\\\/wp-content\\\/uploads\\\/2024\\\/10\\\/eco-planet.png\"},{\"@type\":\"BreadcrumbList\",\"@id\":\"https:\\\/\\\/www.bedfont.com\\\/fr\\\/notre-eco-stance\\\/#breadcrumb\",\"itemListElement\":[{\"@type\":\"ListItem\",\"position\":1,\"name\":\"Home\",\"item\":\"https:\\\/\\\/www.bedfont.com\\\/fr\\\/\"},{\"@type\":\"ListItem\",\"position\":2,\"name\":\"Notre Eco Stance\"}]},{\"@type\":\"WebSite\",\"@id\":\"https:\\\/\\\/www.bedfont.com\\\/fr\\\/#website\",\"url\":\"https:\\\/\\\/www.bedfont.com\\\/fr\\\/\",\"name\":\"Bedfont Scientific Ltd.\",\"description\":\"World leaders in breath analysis.\",\"potentialAction\":[{\"@type\":\"SearchAction\",\"target\":{\"@type\":\"EntryPoint\",\"urlTemplate\":\"https:\\\/\\\/www.bedfont.com\\\/fr\\\/?s={search_term_string}\"},\"query-input\":{\"@type\":\"PropertyValueSpecification\",\"valueRequired\":true,\"valueName\":\"search_term_string\"}}],\"inLanguage\":\"fr-FR\"}]}<\/script>\n<!-- \/ Yoast SEO plugin. -->","yoast_head_json":{"title":"Notre Eco Stance - Bedfont Scientific Ltd.","description":"Nous travaillons avec des fournisseurs locaux et des entreprises qui s'engagent en faveur du d\u00e9veloppement durable, et nous utilisons des mat\u00e9riaux recycl\u00e9s dans tous nos produits, dans la mesure du possible.","robots":{"index":"index","follow":"follow","max-snippet":"max-snippet:-1","max-image-preview":"max-image-preview:large","max-video-preview":"max-video-preview:-1"},"canonical":"https:\/\/www.bedfont.com\/fr\/notre-eco-stance\/","og_locale":"fr_FR","og_type":"article","og_title":"Notre Eco Stance - Bedfont Scientific Ltd.","og_description":"Nous travaillons avec des fournisseurs locaux et des entreprises qui s'engagent en faveur du d\u00e9veloppement durable, et nous utilisons des mat\u00e9riaux recycl\u00e9s dans tous nos produits, dans la mesure du possible.","og_url":"https:\/\/www.bedfont.com\/fr\/notre-eco-stance\/","og_site_name":"Bedfont Scientific Ltd.","article_publisher":"https:\/\/www.facebook.com\/Bedfontltd\/","article_modified_time":"2024-10-08T07:39:45+00:00","og_image":[{"url":"https:\/\/www.bedfont.com\/wp-content\/uploads\/2024\/10\/eco-planet.png","type":"","width":"","height":""}],"twitter_card":"summary_large_image","twitter_site":"@BedfontLtd","twitter_misc":{"Dur\u00e9e de lecture estim\u00e9e":"2 minutes"},"schema":{"@context":"https:\/\/schema.org","@graph":[{"@type":"WebPage","@id":"https:\/\/www.bedfont.com\/fr\/notre-eco-stance\/","url":"https:\/\/www.bedfont.com\/fr\/notre-eco-stance\/","name":"Notre Eco Stance - Bedfont Scientific Ltd.","isPartOf":{"@id":"https:\/\/www.bedfont.com\/fr\/#website"},"primaryImageOfPage":{"@id":"https:\/\/www.bedfont.com\/fr\/notre-eco-stance\/#primaryimage"},"image":{"@id":"https:\/\/www.bedfont.com\/fr\/notre-eco-stance\/#primaryimage"},"thumbnailUrl":"https:\/\/www.bedfont.com\/wp-content\/uploads\/2024\/10\/eco-planet.png","datePublished":"2022-07-06T14:45:21+00:00","dateModified":"2024-10-08T07:39:45+00:00","description":"Nous travaillons avec des fournisseurs locaux et des entreprises qui s'engagent en faveur du d\u00e9veloppement durable, et nous utilisons des mat\u00e9riaux recycl\u00e9s dans tous nos produits, dans la mesure du possible.","breadcrumb":{"@id":"https:\/\/www.bedfont.com\/fr\/notre-eco-stance\/#breadcrumb"},"inLanguage":"fr-FR","potentialAction":[{"@type":"ReadAction","target":["https:\/\/www.bedfont.com\/fr\/notre-eco-stance\/"]}]},{"@type":"ImageObject","inLanguage":"fr-FR","@id":"https:\/\/www.bedfont.com\/fr\/notre-eco-stance\/#primaryimage","url":"https:\/\/www.bedfont.com\/wp-content\/uploads\/2024\/10\/eco-planet.png","contentUrl":"https:\/\/www.bedfont.com\/wp-content\/uploads\/2024\/10\/eco-planet.png"},{"@type":"BreadcrumbList","@id":"https:\/\/www.bedfont.com\/fr\/notre-eco-stance\/#breadcrumb","itemListElement":[{"@type":"ListItem","position":1,"name":"Home","item":"https:\/\/www.bedfont.com\/fr\/"},{"@type":"ListItem","position":2,"name":"Notre Eco Stance"}]},{"@type":"WebSite","@id":"https:\/\/www.bedfont.com\/fr\/#website","url":"https:\/\/www.bedfont.com\/fr\/","name":"Bedfont Scientific Ltd.","description":"World leaders in breath analysis.","potentialAction":[{"@type":"SearchAction","target":{"@type":"EntryPoint","urlTemplate":"https:\/\/www.bedfont.com\/fr\/?s={search_term_string}"},"query-input":{"@type":"PropertyValueSpecification","valueRequired":true,"valueName":"search_term_string"}}],"inLanguage":"fr-FR"}]}},"_links":{"self":[{"href":"https:\/\/www.bedfont.com\/fr\/wp-json\/wp\/v2\/pages\/3605","targetHints":{"allow":["GET"]}}],"collection":[{"href":"https:\/\/www.bedfont.com\/fr\/wp-json\/wp\/v2\/pages"}],"about":[{"href":"https:\/\/www.bedfont.com\/fr\/wp-json\/wp\/v2\/types\/page"}],"author":[{"embeddable":true,"href":"https:\/\/www.bedfont.com\/fr\/wp-json\/wp\/v2\/users\/6"}],"replies":[{"embeddable":true,"href":"https:\/\/www.bedfont.com\/fr\/wp-json\/wp\/v2\/comments?post=3605"}],"version-history":[{"count":4,"href":"https:\/\/www.bedfont.com\/fr\/wp-json\/wp\/v2\/pages\/3605\/revisions"}],"predecessor-version":[{"id":6316,"href":"https:\/\/www.bedfont.com\/fr\/wp-json\/wp\/v2\/pages\/3605\/revisions\/6316"}],"wp:attachment":[{"href":"https:\/\/www.bedfont.com\/fr\/wp-json\/wp\/v2\/media?parent=3605"}],"curies":[{"name":"wp","href":"https:\/\/api.w.org\/{rel}","templated":true}]}}